{"id":2661,"date":"2024-11-04T06:37:48","date_gmt":"2024-11-04T06:37:48","guid":{"rendered":"https:\/\/rmvapesale.com\/?post_type=product&#038;p=2661"},"modified":"2024-11-04T07:54:04","modified_gmt":"2024-11-04T07:54:04","slug":"vopk-shisha-bar-20000-puffs-low-nicotine-rechargeable-disposable-vape-pen","status":"publish","type":"product","link":"https:\/\/rmvapesale.com\/sk\/product\/vopk-shisha-bar-20000-puffs-low-nicotine-rechargeable-disposable-vape-pen\/","title":{"rendered":"VOPK Shisha BAR 20000 \u0165ahov s n\u00edzkym obsahom nikot\u00ednu, dob\u00edjacie jednorazov\u00e9 vapovacie pero"},"content":{"rendered":"<div class=\"B2VR9 CJHX3e\">\n<div class=\"wyccme\">\n<h1 class=\"LC20lb MBeuO DKV0Md\">VOPK Shisha BAR 20000 \u0165ahov s n\u00edzkym obsahom nikot\u00ednu, dob\u00edjacie jednorazov\u00e9 vapovacie pero<\/h1>\n<div class=\"flex-shrink-0 flex flex-col relative items-end\">\n<div class=\"pt-0\">\n<div class=\"gizmo-bot-avatar flex h-8 w-8 items-center justify-center overflow-hidden rounded-full\">\n<div class=\"relative p-1 rounded-sm flex items-center justify-center bg-token-main-surface-primary text-token-text-primary h-8 w-8\">\n<p>Predstavujeme v\u00e1m <strong>VOPK Shisha BAR 20000 \u0165ahov s n\u00edzkym obsahom nikot\u00ednu, dob\u00edjacie jednorazov\u00e9 vapovacie pero<\/strong>, ide\u00e1lna vo\u013eba pre nad\u0161encov shishy a vapingu, ktor\u00ed h\u013eadaj\u00fa v\u00fdnimo\u010dn\u00fa kvalitu a v\u00fdkon. Tento \u0161pi\u010dkov\u00fd pr\u00edstroj pon\u00faka pozoruhodn\u00e9 <strong>20000 potiahnut\u00ed<\/strong>, zabezpe\u010duj\u00fac dlh\u0161iu sk\u00fasenos\u0165 s vapovan\u00edm bez nepr\u00edjemnost\u00ed neust\u00e1leho v\u00fdmeny.<\/p>\n<p>Navrhnut\u00e9 tak, aby vyhovovalo r\u00f4znym preferenci\u00e1m, <strong>VOPK Shisha BAR<\/strong> prich\u00e1dza s <strong>nastavite\u013en\u00fdmi mo\u017enos\u0165ami nikot\u00ednu<\/strong> of <strong>0%, 2%, 3% a 5%<\/strong>, \u010do v\u00e1m umo\u017e\u0148uje prisp\u00f4sobi\u0165 si pr\u00edjem nikot\u00ednu. Ve\u013ek\u00e1 <strong>28ML kapacita e-tekutiny<\/strong> zabezpe\u010duje, \u017ee m\u00f4\u017eete vapova\u0165 dlh\u0161ie s men\u0161\u00edm po\u010dtom doplnen\u00ed, zatia\u013e \u010do <strong>850 mAh nab\u00edjate\u013en\u00e1 bat\u00e9ria<\/strong> sp\u00e1rovan\u00e9 s <strong>Nab\u00edjanie typu C<\/strong> zaru\u010duje efekt\u00edvne a r\u00fdchle nab\u00edjanie, \u010do je ide\u00e1lne pre t\u00fdch, ktor\u00ed s\u00fa st\u00e1le na cest\u00e1ch.<\/p>\n<p>The <strong>VOPK Shisha BAR<\/strong> sp\u00e1ja to najlep\u0161ie z oboch svetov: tradi\u010dn\u00fa esenciu <strong>shisha bar<\/strong> chut\u00ed a modern\u00fa technol\u00f3giu vapingu. Jeho elegantn\u00fd a prenosn\u00fd dizajn ho rob\u00ed ide\u00e1lnym na pou\u017eitie kdeko\u013evek, \u010di u\u017e ste v shisha lounge alebo na cest\u00e1ch. S radom \u017eiv\u00fdch chut\u00ed a spo\u013eahliv\u00fdm v\u00fdkonom, nie je prekvapen\u00edm, \u017ee <strong>VOPK<\/strong> vynik\u00e1 medzi <strong>popul\u00e1rne zna\u010dky e-cigariet<\/strong> a je ve\u013emi \u017eiadan\u00fd pre <strong>ve\u013ekoobchodn\u00e9 vapes<\/strong>.<\/p>\n<p>Pre t\u00fdch, ktor\u00ed chc\u00fa ponori\u0165 sa do bohatej kult\u00fary <strong>shisha hookah<\/strong> a z\u00e1rove\u0148 si u\u017e\u00edva\u0165 pohodlie <strong>nab\u00edjate\u013en\u00fd jednorazov\u00fd vape<\/strong>, ten <strong>VOPK Shisha BAR 20000<\/strong> je va\u0161\u00edm ide\u00e1lnym spolo\u010dn\u00edkom. Objavte, pre\u010do tento zariadenie sp\u00f4sobuje rozruch na trhu pre <strong>zna\u010dky jednorazov\u00fdch vapov<\/strong> a objavte pr\u00e9miov\u00fd z\u00e1\u017eitok, ktor\u00fd v\u00e1s bude n\u00fati\u0165 vraca\u0165 sa po viac. K\u00fapte si svoj od <strong>jednorazov\u00e9 vaporiz\u00e9ry online<\/strong> alebo si ho objednajte vo ve\u013ekom pre v\u00e1\u0161 <strong>shisha bar<\/strong> s <strong>ve\u013ekoobchod jednorazov\u00fdch vodn\u00fdch fajok<\/strong> mo\u017enosti e\u0161te dnes!<\/p>\n<p>Pripravte sa na ponorenie do zv\u00fd\u0161enej \u00farovne chuti a v\u00fdkonu s <strong>VOPK Shisha BAR 20000 Pufov<\/strong> \u2014 va\u0161a kone\u010dn\u00e1 vo\u013eba v svete <strong>20000 pufov vaporiz\u00e9r<\/strong>.<\/p>\n<\/div>\n<\/div>\n<\/div>\n<\/div>\n<\/div>\n<\/div>\n<p><strong>Kontaktujte Amy pre spr\u00e1vnu odpove\u010f a vape kup\u00f3n!<\/strong><\/p>\n<p><img loading=\"lazy\" decoding=\"async\" class=\"size-full wp-image-1978\" src=\"https:\/\/rmvapesale.com\/wp-content\/uploads\/2024\/09\/Disposable-Vape-Wholesale.jpg\" alt=\"Jednorazov\u00fd vape ve\u013ekoobchod\" width=\"229\" height=\"300\" \/><\/p>\n<h3><a href=\"https:\/\/wa.me\/8617776015835\" target=\"_blank\" rel=\"noopener\"><span style=\"color: #ff0000\"><strong>WhatsApp: +86 17776015835<\/strong><\/span><\/a><\/h3>\n<p>&nbsp;<\/p>\n<h2><\/h2>\n<h2><strong>VOPK Shisha BAR 20000 Dob\u00edjate\u013en\u00fd Jednorazov\u00fd Vaporiz\u00e9r <\/strong><strong>K\u013e\u00fa\u010dov\u00e9 vlastnosti<\/strong><\/h2>\n<p>Predplnen\u00e1 28 ml E-\u0161\u0165ava<br \/>\nDob\u00edjacia 850 mAh bat\u00e9ria<br \/>\nPo\u010det \u0165ahov: pribli\u017ene 20000 \u0165ahov<br \/>\n0% 2% 5% Obsah nikot\u00ednu<br \/>\nDob\u00edjanie cez USB Type-C (neobsahuje)<br \/>\nInteligentn\u00fd displej LED obrazovky<br \/>\nMTL Vaping<\/p>\n<figure id=\"attachment_2653\" aria-describedby=\"caption-attachment-2653\" style=\"width: 800px\" class=\"wp-caption alignnone\"><img loading=\"lazy\" decoding=\"async\" class=\"wp-image-2653 size-full\" src=\"https:\/\/rmvapesale.com\/wp-content\/uploads\/2024\/11\/VOPK-Shisha-BAR-20000-Low-Nicotine-Disposable-Vape.jpg\" alt=\"VOPK Shisha BAR 20000 Vaporiz\u00e9r s n\u00edzkym obsahom nikot\u00ednu\" width=\"800\" height=\"799\" srcset=\"https:\/\/rmvapesale.com\/wp-content\/uploads\/2024\/11\/VOPK-Shisha-BAR-20000-Low-Nicotine-Disposable-Vape.jpg 800w, https:\/\/rmvapesale.com\/wp-content\/uploads\/2024\/11\/VOPK-Shisha-BAR-20000-Low-Nicotine-Disposable-Vape-300x300.jpg 300w, https:\/\/rmvapesale.com\/wp-content\/uploads\/2024\/11\/VOPK-Shisha-BAR-20000-Low-Nicotine-Disposable-Vape-150x150.jpg 150w, https:\/\/rmvapesale.com\/wp-content\/uploads\/2024\/11\/VOPK-Shisha-BAR-20000-Low-Nicotine-Disposable-Vape-768x767.jpg 768w, https:\/\/rmvapesale.com\/wp-content\/uploads\/2024\/11\/VOPK-Shisha-BAR-20000-Low-Nicotine-Disposable-Vape-600x599.jpg 600w, https:\/\/rmvapesale.com\/wp-content\/uploads\/2024\/11\/VOPK-Shisha-BAR-20000-Low-Nicotine-Disposable-Vape-100x100.jpg 100w\" sizes=\"auto, (max-width: 800px) 100vw, 800px\" \/><figcaption id=\"caption-attachment-2653\" class=\"wp-caption-text\">VOPK Shisha BAR 20000 Vaporiz\u00e9r s n\u00edzkym obsahom nikot\u00ednu<\/figcaption><\/figure>\n<h2><strong>Najlep\u0161ia pr\u00edchu\u0165 pre <\/strong><strong>VOPK Shisha BAR 20000<\/strong><\/h2>\n<p>1. \u010cu\u010doriedka na \u013eade <span style=\"color: #ff0000\"><strong>&gt;&gt;&gt;&gt; Hor\u00face!<\/strong><\/span><br \/>\n2. Jahoda kiwi<br \/>\n3. Zmie\u0161an\u00e9 bobule <span style=\"color: #ff0000\"><strong>&gt;&gt;&gt;&gt; Najlep\u0161ie!<\/strong><\/span><br \/>\n4.Jahoda vodn\u00fd mel\u00f3n<br \/>\n5.Mel\u00f3nov\u00e1 \u013eadov\u00e1<br \/>\n6. Marhu\u013ea mango anan\u00e1s<br \/>\n7. \u010cu\u010doriedka malina<br \/>\n8. Jahoda malina cukrovinka<br \/>\n9. Mel\u00f3n \u010dere\u0161\u0148a <span style=\"color: #ff0000\"><strong>&gt;&gt;&gt;&gt; Hor\u00face!<\/strong><\/span><br \/>\n10. \u010cierne r\u00edbezle zmrzlina<\/p>\n<figure id=\"attachment_2660\" aria-describedby=\"caption-attachment-2660\" style=\"width: 640px\" class=\"wp-caption alignnone\"><img loading=\"lazy\" decoding=\"async\" class=\"wp-image-2660 size-large\" src=\"https:\/\/rmvapesale.com\/wp-content\/uploads\/2024\/11\/VOPK-Shisha-Hookah-BAR-Disposable-Vape-Wholesale-640x1024.jpg\" alt=\"VOPK Shisha Hookah BAR Jednorazov\u00fd vaporiz\u00e9r ve\u013ekoobchod\" width=\"640\" height=\"1024\" srcset=\"https:\/\/rmvapesale.com\/wp-content\/uploads\/2024\/11\/VOPK-Shisha-Hookah-BAR-Disposable-Vape-Wholesale-640x1024.jpg 640w, https:\/\/rmvapesale.com\/wp-content\/uploads\/2024\/11\/VOPK-Shisha-Hookah-BAR-Disposable-Vape-Wholesale-188x300.jpg 188w, https:\/\/rmvapesale.com\/wp-content\/uploads\/2024\/11\/VOPK-Shisha-Hookah-BAR-Disposable-Vape-Wholesale-768x1229.jpg 768w, https:\/\/rmvapesale.com\/wp-content\/uploads\/2024\/11\/VOPK-Shisha-Hookah-BAR-Disposable-Vape-Wholesale-600x960.jpg 600w, https:\/\/rmvapesale.com\/wp-content\/uploads\/2024\/11\/VOPK-Shisha-Hookah-BAR-Disposable-Vape-Wholesale.jpg 800w\" sizes=\"auto, (max-width: 640px) 100vw, 640px\" \/><figcaption id=\"caption-attachment-2660\" class=\"wp-caption-text\">VOPK Shisha Hookah BAR Jednorazov\u00fd vaporiz\u00e9r ve\u013ekoobchod<\/figcaption><\/figure>\n<h3><strong>Pre\u010do si vybra\u0165 Rmvapesale pre <\/strong><strong>VOPK Shisha BAR Jednorazov\u00fd V<\/strong><strong>Ve\u013ekoobchod s vape<\/strong><strong>?<\/strong><\/h3>\n<div class=\"flex-shrink-0 flex flex-col relative items-end\">\n<div class=\"pt-0\">\n<div class=\"gizmo-bot-avatar flex h-8 w-8 items-center justify-center overflow-hidden rounded-full\">\n<div class=\"relative p-1 rounded-sm flex items-center justify-center bg-token-main-surface-primary text-token-text-primary h-8 w-8\">\n<p>Vitajte v Rmvapesale, va\u0161om d\u00f4veryhodnom obchode s vape pre pr\u00e9miov\u00e9 jednorazov\u00e9 vapy. S viac ako 5 ro\u010dn\u00fdmi sk\u00fasenos\u0165ami v\u00e1m prin\u00e1\u0161ame popul\u00e1rne zna\u010dky jednorazov\u00fdch vape ako Al Fakher, Vapme Vape, <a href=\"https:\/\/rmvapesale.com\/sk\/product\/vapme-crystal-7000-puffs-rechargeable-disposable-vape-price\/\">Vapme<\/a>, <a href=\"https:\/\/rmvapesale.com\/sk\/product-category\/bang-vapes\/\">Bang Vape<\/a>, Waspe, <a href=\"https:\/\/rmvapesale.com\/sk\/product\/wga-crystal-pro-max-extra-15k-puffs-disposable-vape-wholesale\/\">WGA<\/a> Vape a<a href=\"https:\/\/rmvapesale.com\/sk\/product-category\/randm-fumot-vape\/\"> RandM Vape<\/a>.<\/p>\n<p>N\u00e1\u0161 sortiment zah\u0155\u0148a popul\u00e1rne jednorazov\u00e9 vapky ako <a href=\"https:\/\/rmvapesale.com\/sk\/product\/fumot-digital-box-12000-disposable-vape-pink-lemonade-flavor\/\">RandM 12k<\/a> a vo\u013eby bohat\u00e9 na chu\u0165 ako napr\u00edklad <a href=\"https:\/\/rmvapesale.com\/sk\/product\/wga-crystal-plus-20000-puff-dual-flavour-disposable-vape\/\">WGA 20K Pufov<\/a>. Ka\u017ed\u00fd produkt je vybran\u00fd so zameran\u00edm na kvalitu, hodnotu a rozmanitos\u0165, \u010do zais\u0165uje, \u017ee n\u00e1jdete perfektn\u00fa vo\u013ebu pre va\u0161e potreby. Objavte v\u00fdnimo\u010dn\u00e9 slu\u017eby a \u0161irok\u00fa \u0161k\u00e1lu \u0161pi\u010dkov\u00fdch produktov v Rmvapesale.<\/p>\n<\/div>\n<h3><\/h3>\n<div class=\"relative p-1 rounded-sm flex items-center justify-center bg-token-main-surface-primary text-token-text-primary h-8 w-8\">\n<h3><b>VOPK Shisha BAR 20000 Pufov FAQ o vaporiz\u00e9ri<\/b><\/h3>\n<p><strong>1. Ako zist\u00edm, kedy je m\u00f4j jednorazov\u00fd vaporiz\u00e9r pr\u00e1zdny?<\/strong><br \/>\nKe\u010f v\u00e1\u0161 <strong>VOPK Shisha BAR 20000<\/strong> jednorazov\u00fd vaporiz\u00e9r m\u00e1 m\u00e1lo e-liquidu, m\u00f4\u017eete si v\u0161imn\u00fa\u0165 pokles v produkcii pary alebo slab\u0161iu chu\u0165. Integrovan\u00fd <strong>inteligentn\u00fd displej<\/strong> na zariaden\u00ed tie\u017e uk\u00e1\u017ee \u00farove\u0148 zost\u00e1vaj\u00faceho e-liquidu. Ak obrazovka ukazuje, \u017ee e-liquid je vy\u010derpan\u00fd, je \u010das vymeni\u0165 vaporiz\u00e9r.<\/p>\n<p><strong>2. Ako dlho trv\u00e1 nab\u00edjanie VOPK Shisha 20000?<\/strong><br \/>\nNab\u00edjanie v\u00e1\u0161ho <strong>VOPK Shisha 20000<\/strong> zvy\u010dajne trv\u00e1 pribli\u017ene 1,5 a\u017e 2 hodiny pomocou <strong>nab\u00edjac\u00edm portom typu C<\/strong>. Uistite sa, \u017ee pou\u017e\u00edvate spo\u013eahliv\u00fd nab\u00edja\u010d, aby ste zabezpe\u010dili bezpe\u010dn\u00e9 a efekt\u00edvne nab\u00edjanie. Po \u00faplnom nabit\u00ed je zariadenie navrhnut\u00e9 tak, aby podporovalo dlh\u00e9 vapingov\u00e9 rel\u00e1cie.<\/p>\n<p><strong>3. Ko\u013eko nikot\u00ednu je v VOPK Shisha hookah 20000?<\/strong><br \/>\nThe <strong>VOPK Shisha BAR 20000<\/strong> m\u00e1 nastavite\u013en\u00e9 mo\u017enosti intenzity nikot\u00ednu, \u010do v\u00e1m umo\u017e\u0148uje vybra\u0165 si medzi <strong>0%, 2%, 3% a 5% nikot\u00ednom<\/strong>. T\u00e1to mo\u017enos\u0165 prisp\u00f4sobenia zabezpe\u010duje \u00fapln\u00fa kontrolu nad va\u0161im pr\u00edjmom nikot\u00ednu, \u010do je vhodn\u00e9 pre r\u00f4zne preferencie.<\/p>\n<p><strong>4. Kde k\u00fapi\u0165 VOPK Shisha hookah 20000 Puff za ve\u013ekoobchodn\u00fa cenu?<\/strong><br \/>\nM\u00f4\u017eete si zak\u00fapi\u0165 <strong>VOPK Shisha BAR 20000 Puff<\/strong> za ve\u013ekoobchodn\u00e9 ceny od d\u00f4veryhodn\u00fdch <strong>ve\u013ekoobchodn\u00fdch dod\u00e1vate\u013eov vapiek<\/strong> dod\u00e1vate\u013eov. Pre najlep\u0161ie ponuky nav\u0161t\u00edvte renomovan\u00e9 <strong>predajniach s vaporiz\u00e9rmi<\/strong> alebo skontrolujte <strong>online platformy<\/strong> \u0161pecializovan\u00e9 na <strong>jednorazov\u00e9 vapy<\/strong> a <strong>ve\u013ekoobchod s vapkami<\/strong> mo\u017enosti.<\/p>\n<p><strong>5. M\u00f4\u017eem si vzia\u0165 jednorazov\u00fd vaporiz\u00e9r na lietadlo?<\/strong><br \/>\n\u00c1no, m\u00f4\u017eete si vzia\u0165 svoj <strong>VOPK Shisha BAR 20000<\/strong> jednorazov\u00fd vaporiz\u00e9r na lietadlo, ale existuj\u00fa pokyny, ktor\u00fdch je potrebn\u00e9 sa dr\u017ea\u0165. Zariadenie by malo by\u0165 pren\u00e1\u0161an\u00e9 vo va\u0161om <strong>pr\u00edru\u010dnej bato\u017eine<\/strong>, preto\u017ee elektronick\u00e9 vapingov\u00e9 zariadenia zvy\u010dajne nie s\u00fa povolen\u00e9 v odovzdanom bato\u017eine. Uistite sa, \u017ee ste si overili \u0161pecifick\u00e9 pravidl\u00e1 leteckej spolo\u010dnosti a \u017ee vaporiz\u00e9r je po\u010das letu vypnut\u00fd, aby sa predi\u0161lo n\u00e1hodnej aktiv\u00e1cii.<\/p>\n<\/div>\n<\/div>\n<\/div>\n<\/div>\n<h3>O doru\u010den\u00ed<\/h3>\n<div class=\"flex-shrink-0 flex flex-col relative items-end\">\n<div>\n<div class=\"pt-0\">\n<div class=\"gizmo-bot-avatar flex h-8 w-8 items-center justify-center overflow-hidden rounded-full\">\n<div><\/div>\n<div class=\"relative p-1 rounded-sm flex items-center justify-center bg-token-main-surface-primary text-token-text-primary h-8 w-8\"><strong>1. Ak\u00e9 sp\u00f4soby doru\u010denia pou\u017e\u00edvate?<\/strong><\/div>\n<\/div>\n<\/div>\n<\/div>\n<\/div>\n<div class=\"group\/conversation-turn relative flex w-full min-w-0 flex-col agent-turn\">\n<div class=\"flex-col gap-1 md:gap-3\">\n<div class=\"flex max-w-full flex-col flex-grow\">\n<div class=\"min-h-[20px] text-message flex w-full flex-col items-end gap-2 whitespace-normal break-words [.text-message+&amp;]:mt-5 overflow-x-auto\" dir=\"auto\" data-message-author-role=\"assistant\" data-message-id=\"22f8283b-3233-46ff-89a5-c7a41b33abda\">\n<div class=\"flex w-full flex-col gap-1 empty:hidden first:pt-[3px]\">\n<div class=\"markdown prose w-full break-words dark:prose-invert light\">\n<p>Spolupracujeme so spolo\u010dnos\u0165ami UPS, DHL, FedEx, DPD a \u010fal\u0161\u00edmi popredn\u00fdmi dopravcami. Vyberieme najlep\u0161\u00ed sp\u00f4sob doru\u010denia na z\u00e1klade va\u0161ej adresy, aby sme zaistili, \u017ee svoje produkty dostanete \u010do najr\u00fdchlej\u0161ie.<\/p>\n<\/div>\n<p><strong>2. Ako dlho trv\u00e1 doru\u010denie?<\/strong><\/p>\n<p>Bal\u00edky doru\u010dovan\u00e9 na Slovensko zvy\u010dajne dorazia do 10 pracovn\u00fdch dn\u00ed. Doru\u010denie do eur\u00f3pskych kraj\u00edn zvy\u010dajne trv\u00e1 asi 12-15 pracovn\u00fdch dn\u00ed. Budeme v\u00e1s informova\u0165 o stave doru\u010denia v re\u00e1lnom \u010dase.<\/p>\n<\/div>\n<\/div>\n<\/div>\n<\/div>\n<\/div>\n<p>&nbsp;<\/p>\n<p>N\u00e1jdite \u010fal\u0161ie vape produkty, ktor\u00e9 by sa v\u00e1m mohli p\u00e1\u010di\u0165:<strong><em><a href=\"https:\/\/rmvapesale.com\/sk\/shop-2\/\">nakupova\u0165 teraz &gt;&gt;&gt;<\/a><\/em><\/strong><\/p>","protected":false},"excerpt":{"rendered":"<p>VOPK Shisha Hookah BAR Ve\u013ekoobchod 20000 Pufov Hromadn\u00fd N\u00e1kup<br \/>\nVOPK Shisha BAR 20000 Pufov 0% 2% 3% 5% N\u00edzk\u00e1 Nikot\u00edn Jednorazov\u00e1 Vape Ve\u013ekoobchod<br \/>\nShisha Hookah VOPK 20000 Pufov Hromadn\u00fd N\u00e1kup Dob\u00edjate\u013en\u00e1 Jednorazov\u00e1 Vape<\/p>\n<p><img loading=\"lazy\" decoding=\"async\" class=\"size-full wp-image-2375\" src=\"https:\/\/rmvapesale.com\/wp-content\/uploads\/2024\/10\/image.png\" alt=\"Najlep\u0161\u00ed jednorazov\u00fd vape\" width=\"229\" height=\"300\" \/><\/p>\n<h3><a href=\"https:\/\/wa.me\/8617776015835\"><span style=\"color: #ff0000\"><strong>WhatsApp: +86 17776015835<\/strong><\/span><\/a><\/h3>\n<p>&nbsp;<\/p>","protected":false},"featured_media":2657,"comment_status":"open","ping_status":"closed","template":"","meta":{"_uag_custom_page_level_css":"","_lmt_disableupdate":"no","_lmt_disable":"","site-sidebar-layout":"default","site-content-layout":"content-boxed-container","ast-site-content-layout":"normal-width-container","site-content-style":"boxed","site-sidebar-style":"unboxed","ast-global-header-display":"","ast-banner-title-visibility":"","ast-main-header-display":"","ast-hfb-above-header-display":"","ast-hfb-below-header-display":"","ast-hfb-mobile-header-display":"","site-post-title":"","ast-breadcrumbs-content":"","ast-featured-img":"","footer-sml-layout":"","theme-transparent-header-meta":"default","adv-header-id-meta":"","stick-header-meta":"","header-above-stick-meta":"","header-main-stick-meta":"","header-below-stick-meta":"","astra-migrate-meta-layouts":"set","ast-page-background-enabled":"default","ast-page-background-meta":{"desktop":{"background-color":"var(--ast-global-color-4)","background-image":"","background-repeat":"repeat","background-position":"center center","background-size":"auto","background-attachment":"scroll","background-type":"","background-media":"","overlay-type":"","overlay-color":"","overlay-opacity":"","overlay-gradient":""},"tablet":{"background-color":"","background-image":"","background-repeat":"repeat","background-position":"center center","background-size":"auto","background-attachment":"scroll","background-type":"","background-media":"","overlay-type":"","overlay-color":"","overlay-opacity":"","overlay-gradient":""},"mobile":{"background-color":"","background-image":"","background-repeat":"repeat","background-position":"center center","background-size":"auto","background-attachment":"scroll","background-type":"","background-media":"","overlay-type":"","overlay-color":"","overlay-opacity":"","overlay-gradient":""}},"ast-content-background-meta":{"desktop":{"background-color":"var(--ast-global-color-5)","background-image":"","background-repeat":"repeat","background-position":"center center","background-size":"auto","background-attachment":"scroll","background-type":"","background-media":"","overlay-type":"","overlay-color":"","overlay-opacity":"","overlay-gradient":""},"tablet":{"background-color":"var(--ast-global-color-5)","background-image":"","background-repeat":"repeat","background-position":"center center","background-size":"auto","background-attachment":"scroll","background-type":"","background-media":"","overlay-type":"","overlay-color":"","overlay-opacity":"","overlay-gradient":""},"mobile":{"background-color":"var(--ast-global-color-5)","background-image":"","background-repeat":"repeat","background-position":"center center","background-size":"auto","background-attachment":"scroll","background-type":"","background-media":"","overlay-type":"","overlay-color":"","overlay-opacity":"","overlay-gradient":""}},"_joinchat":[]},"product_brand":[],"product_cat":[15,25,123,26,28,135,27,137,136,30],"product_tag":[146,188,200,167,165,180,120],"class_list":{"0":"post-2661","1":"product","2":"type-product","3":"status-publish","4":"has-post-thumbnail","6":"product_cat-new-vape-this-week","7":"product_cat-germany-best-selling-vape","8":"product_cat-italy-wholesale-vape","9":"product_cat-netherlands-hot-sale-vape","10":"product_cat-poland-hot-sale-vape","11":"product_cat-spain-best-hot-sale-vape","12":"product_cat-fance-hot-sale-vape","13":"product_cat-rechargeable-vapes","14":"product_cat-smart-screen-vapes","15":"product_cat-minimum-order-quantity-50pcs","16":"product_tag-best-hot-sale-vape","17":"product_tag-buy-vapes-online","18":"product_tag-disposable-hookah-wholesale","19":"product_tag-disposable-vape-with-screen","20":"product_tag-rechargeable-vapes","21":"product_tag-shisha-bar","22":"product_tag-vape-wholesale","23":"desktop-align-left","24":"tablet-align-left","25":"mobile-align-left","27":"first","28":"instock","29":"sale","30":"shipping-taxable","31":"purchasable","32":"product-type-simple"},"uagb_featured_image_src":{"full":["https:\/\/rmvapesale.com\/wp-content\/uploads\/2024\/11\/VOPK-Shisha-Hookah-BAR-20000-Puff-Disposable-Vape.jpg",800,800,false],"thumbnail":["https:\/\/rmvapesale.com\/wp-content\/uploads\/2024\/11\/VOPK-Shisha-Hookah-BAR-20000-Puff-Disposable-Vape-150x150.jpg",150,150,true],"medium":["https:\/\/rmvapesale.com\/wp-content\/uploads\/2024\/11\/VOPK-Shisha-Hookah-BAR-20000-Puff-Disposable-Vape-300x300.jpg",300,300,true],"medium_large":["https:\/\/rmvapesale.com\/wp-content\/uploads\/2024\/11\/VOPK-Shisha-Hookah-BAR-20000-Puff-Disposable-Vape-768x768.jpg",768,768,true],"large":["https:\/\/rmvapesale.com\/wp-content\/uploads\/2024\/11\/VOPK-Shisha-Hookah-BAR-20000-Puff-Disposable-Vape.jpg",800,800,false],"1536x1536":["https:\/\/rmvapesale.com\/wp-content\/uploads\/2024\/11\/VOPK-Shisha-Hookah-BAR-20000-Puff-Disposable-Vape.jpg",800,800,false],"2048x2048":["https:\/\/rmvapesale.com\/wp-content\/uploads\/2024\/11\/VOPK-Shisha-Hookah-BAR-20000-Puff-Disposable-Vape.jpg",800,800,false],"trp-custom-language-flag":["https:\/\/rmvapesale.com\/wp-content\/uploads\/2024\/11\/VOPK-Shisha-Hookah-BAR-20000-Puff-Disposable-Vape.jpg",12,12,false],"woocommerce_thumbnail":["https:\/\/rmvapesale.com\/wp-content\/uploads\/2024\/11\/VOPK-Shisha-Hookah-BAR-20000-Puff-Disposable-Vape-300x300.jpg",300,300,true],"woocommerce_single":["https:\/\/rmvapesale.com\/wp-content\/uploads\/2024\/11\/VOPK-Shisha-Hookah-BAR-20000-Puff-Disposable-Vape-600x600.jpg",600,600,true],"woocommerce_gallery_thumbnail":["https:\/\/rmvapesale.com\/wp-content\/uploads\/2024\/11\/VOPK-Shisha-Hookah-BAR-20000-Puff-Disposable-Vape-100x100.jpg",100,100,true],"wcpr-photo-reviews":["https:\/\/rmvapesale.com\/wp-content\/uploads\/2024\/11\/VOPK-Shisha-Hookah-BAR-20000-Puff-Disposable-Vape.jpg",500,500,false]},"uagb_author_info":{"display_name":"AMY","author_link":"https:\/\/rmvapesale.com\/sk\/author\/"},"uagb_comment_info":0,"uagb_excerpt":"VOPK Shisha Hookah BAR Wholesale 20000 Puffs Bulk Buy VOPK Shisha BAR 20000 Puffs 0% 2% 3% 5% Low Nicotine Disposable Vape Wholesale Shisha Hookah VOPK 20000 Puffs Bulk Buy Rechargeable Disposable Vape WhatsApp: +86 17776015835 &nbsp;","_links":{"self":[{"href":"https:\/\/rmvapesale.com\/sk\/wp-json\/wp\/v2\/product\/2661","targetHints":{"allow":["GET"]}}],"collection":[{"href":"https:\/\/rmvapesale.com\/sk\/wp-json\/wp\/v2\/product"}],"about":[{"href":"https:\/\/rmvapesale.com\/sk\/wp-json\/wp\/v2\/types\/product"}],"replies":[{"embeddable":true,"href":"https:\/\/rmvapesale.com\/sk\/wp-json\/wp\/v2\/comments?post=2661"}],"wp:featuredmedia":[{"embeddable":true,"href":"https:\/\/rmvapesale.com\/sk\/wp-json\/wp\/v2\/media\/2657"}],"wp:attachment":[{"href":"https:\/\/rmvapesale.com\/sk\/wp-json\/wp\/v2\/media?parent=2661"}],"wp:term":[{"taxonomy":"product_brand","embeddable":true,"href":"https:\/\/rmvapesale.com\/sk\/wp-json\/wp\/v2\/product_brand?post=2661"},{"taxonomy":"product_cat","embeddable":true,"href":"https:\/\/rmvapesale.com\/sk\/wp-json\/wp\/v2\/product_cat?post=2661"},{"taxonomy":"product_tag","embeddable":true,"href":"https:\/\/rmvapesale.com\/sk\/wp-json\/wp\/v2\/product_tag?post=2661"}],"curies":[{"name":"wp","href":"https:\/\/api.w.org\/{rel}","templated":true}]}}