{"id":2670,"date":"2024-11-05T09:03:06","date_gmt":"2024-11-05T09:03:06","guid":{"rendered":"https:\/\/rmvapesale.com\/?post_type=product&#038;p=2670"},"modified":"2024-11-05T09:49:38","modified_gmt":"2024-11-05T09:49:38","slug":"elfbar-combo-25000-puffs-rechargeable-disposable-vape-wholesale","status":"publish","type":"product","link":"https:\/\/rmvapesale.com\/sk\/product\/elfbar-combo-25000-puffs-rechargeable-disposable-vape-wholesale\/","title":{"rendered":"ElfBar Combo 25000 \u0164ahov Nab\u00edjate\u013en\u00e1 Jednorazov\u00e1 Vape Ve\u013ekoobchod"},"content":{"rendered":"<div class=\"B2VR9 CJHX3e\">\n<div class=\"wyccme\">\n<h1 class=\"LC20lb MBeuO DKV0Md\">ElfBar Combo 25000 \u0164ahov Nab\u00edjate\u013en\u00e1 Jednorazov\u00e1 Vape Ve\u013ekoobchod<\/h1>\n<div class=\"flex-shrink-0 flex flex-col relative items-end\">\n<div class=\"pt-0\">\n<div class=\"gizmo-bot-avatar flex h-8 w-8 items-center justify-center overflow-hidden rounded-full\">\n<div class=\"relative p-1 rounded-sm flex items-center justify-center bg-token-main-surface-primary text-token-text-primary h-8 w-8\">\n<p>The <strong>Elfbar Combo 25000 Pufov Jednorazov\u00e1 Vape<\/strong> je inovat\u00edvne a v\u0161estrann\u00e9 zariadenie na vapovanie, navrhnut\u00e9 tak, aby revolucionalizovalo v\u00e1\u0161 z\u00e1\u017eitok z vapovania. S elegantn\u00fdm a \u0161t\u00fdlov\u00fdm dizajnom kombinuje <strong>dva r\u00f4zne chute<\/strong> a poskytuje <strong>dvojit\u00e9 re\u017eimy vapovania<\/strong>, pon\u00fakaj\u00fac v\u00e1m bezkonkuren\u010dn\u00fa rozmanitos\u0165 a spokojnos\u0165. Toto zariadenie vynik\u00e1 medzi <strong>popul\u00e1rnych zna\u010dk\u00e1ch jednorazov\u00fdch vapiek<\/strong> pre svoju \u0161pi\u010dkov\u00fa technol\u00f3giu a pohodlie.<\/p>\n<h3><strong>\u010cist\u00e9 a Bohat\u00e9 Chute<\/strong><\/h3>\n<p>U\u017eite si neuverite\u013en\u00fa kombin\u00e1ciu chut\u00ed <strong>Zelen\u00e9 Jablko<\/strong> a <strong>Dvojit\u00e9 Jablko Shisha<\/strong>, odborn\u00e9 zmie\u0161an\u00e9 tak, aby poskytovalo osvie\u017euj\u00faci a shisha-in\u0161pirovan\u00fd z\u00e1\u017eitok z chuti. The <strong>ElfBar Pods Combo 25000<\/strong> zabezpe\u010duje, \u017ee ka\u017ed\u00fd puf je hladk\u00fd a pln\u00fd chuti, \u010d\u00edm sa st\u00e1va jedn\u00fdm z <strong>najlep\u0161ie jednorazov\u00e9 vapy roku 2024<\/strong>.<\/p>\n<h3><strong>Vysok\u00fd po\u010det puffov a ve\u013ek\u00e1 kapacita e-liquidu<\/strong><\/h3>\n<p>U\u017eite si a\u017e <strong>25 000 po\u0165ahov<\/strong> z 25 ml z\u00e1sobn\u00edka na e-liquid, ktor\u00fd v\u00e1m poskytne dlhodob\u00fa spokojnos\u0165 bez nutnosti \u010dast\u00fdch v\u00fdmen. Toto zariadenie je ide\u00e1lne pre t\u00fdch, ktor\u00ed chc\u00fa dlhodob\u00e9 pou\u017e\u00edvanie, \u010di u\u017e na cest\u00e1ch alebo na ka\u017edodenn\u00e9 pote\u0161enie.<\/p>\n<h3><strong>Inteligentn\u00fd displej a pokro\u010dil\u00fd syst\u00e9m pr\u00fadenia vzduchu<\/strong><\/h3>\n<p>Vybaven\u00e9 s <strong>inteligentn\u00fd displej<\/strong>, ten <strong>Elf bar Combo 25000<\/strong> poskytuje aktu\u00e1lne inform\u00e1cie o re\u017eime chuti, \u00farovni v\u00fdkonu, stave e-liquidu a v\u00fddr\u017ei bat\u00e9rie. <strong>vylep\u0161en\u00fd dvojit\u00fd syst\u00e9m pr\u00fadenia vzduchu<\/strong> pon\u00faka prisp\u00f4sobite\u013en\u00e9 mo\u017enosti, vylep\u0161uj\u00fac va\u0161e z\u00e1\u017eitky s vapovan\u00edm s \u010dist\u00fdm a konzistentn\u00fdm parom.<\/p>\n<h3><strong>Dob\u00edjate\u013en\u00fd pre pohodlie<\/strong><\/h3>\n<p>Rozl\u00fa\u010dte sa s nepr\u00edjemnos\u0165ami jednorazov\u00fdch vapov, s <strong>850 mAh nab\u00edjate\u013en\u00e1 bat\u00e9ria<\/strong>. Efekt\u00edvny dizajn, spojen\u00fd s pohodln\u00fdm <strong>Type-C<\/strong>, zabezpe\u010duje minim\u00e1lnu prestoj medzi pou\u017eit\u00edm, \u010d\u00edm sa st\u00e1va v\u00fdnimo\u010dnou vo\u013ebou medzi <strong>nab\u00edjate\u013en\u00e9 vapy<\/strong>.<\/p>\n<h3><strong>Pr\u00e9miov\u00e1 nikot\u00ednov\u00e1 sila<\/strong><\/h3>\n<p>, \u010do v\u00e1m poskytne dlhotrvaj\u00face uspokojenie bez potreby neust\u00e1lych v\u00fdmen. Ide\u00e1lne pre ka\u017edodenn\u00e9 pou\u017eitie, je navrhnut\u00e9 pre pohodlie aj v\u00fdkon. <strong>5% (50 mg) koncentr\u00e1cia nikot\u00ednu<\/strong>, ten <strong>Elf Bar Combo 25000<\/strong> pon\u00faka uspokojiv\u00fd z\u00e1\u017eitok, ktor\u00fd je ide\u00e1lny pre vapery h\u013eadaj\u00facich siln\u00fd nikot\u00ednov\u00fd z\u00e1\u017eitok.<\/p>\n<h3><strong>Ve\u013ekoobchodn\u00e1 dostupnos\u0165<\/strong><\/h3>\n<p>The <strong>Elfbar Combo 25000<\/strong> je dostupn\u00fd v <strong>ve\u013ekoobchod s vapkami<\/strong> ceny, \u010do z neho rob\u00ed ide\u00e1lnu vo\u013ebu pre predajcov a distrib\u00fatorov, ktor\u00ed chc\u00fa z\u00e1sobi\u0165 <strong>popul\u00e1rne vapy<\/strong>. Nav\u0161t\u00edvte renomovan\u00e9 <strong>predajniach s vaporiz\u00e9rmi<\/strong> alebo nakupujte prostredn\u00edctvom <strong>jednorazov\u00e9 vaporiz\u00e9ry online<\/strong> dod\u00e1vate\u013eov, aby ste z\u00edskali najlep\u0161ie ponuky na <strong>Elf Bar<\/strong> produkty.<\/p>\n<p>Pre t\u00fdch, ktor\u00ed h\u013eadaj\u00fa v\u00fdnimo\u010dn\u00fd <strong>\u0161lukov\u00e9 vapo<\/strong> ktor\u00fd bezprobl\u00e9movo sp\u00e1ja chu\u0165, inov\u00e1cie a pohodlie, je <strong>Elfbar Combo 25000 Puffs<\/strong> kone\u010dn\u00e1 vo\u013eba. Za\u017eite to najlep\u0161ie v technol\u00f3gii vapingu s t\u00fdmto <strong>ELF BAR<\/strong> marvel.<\/p>\n<p>Z\u00edskajte svoj dnes od <strong>ELFBAR<\/strong> distrib\u00fatorov a pridajte sa k komunite spokojn\u00fdch vaperaov, ktor\u00ed si u\u017e\u00edvaj\u00fa jeden z <strong>najlep\u0161\u00edch zna\u010diek jednorazov\u00fdch e-cigariet<\/strong> v odvetv\u00ed!<\/p>\n<\/div>\n<\/div>\n<\/div>\n<\/div>\n<\/div>\n<\/div>\n<p><strong>Kontaktujte Amy pre spr\u00e1vnu odpove\u010f a vape kup\u00f3n!<\/strong><\/p>\n<p><img loading=\"lazy\" decoding=\"async\" class=\"size-full wp-image-1978\" src=\"https:\/\/rmvapesale.com\/wp-content\/uploads\/2024\/09\/Disposable-Vape-Wholesale.jpg\" alt=\"Jednorazov\u00fd vape ve\u013ekoobchod\" width=\"229\" height=\"300\" \/><\/p>\n<h3><a href=\"https:\/\/wa.me\/8617776015835\" target=\"_blank\" rel=\"noopener\"><span style=\"color: #ff0000\"><strong>WhatsApp: +86 17776015835<\/strong><\/span><\/a><\/h3>\n<p>&nbsp;<\/p>\n<h2><\/h2>\n<h2><strong>ElfBar Combo 25000 Dob\u00edjate\u013en\u00fd vaporiz\u00e9r <\/strong><strong>K\u013e\u00fa\u010dov\u00e9 vlastnosti<\/strong><\/h2>\n<p>Model: COMBO 25000<br \/>\nPr\u00edchute: Zelen\u00e9 jablko + Dvojit\u00e9 jablko Shisha<br \/>\nPotiahnutia: 25000<br \/>\nObsah nikot\u00ednu: 5% (50 mg)<br \/>\nObjem tekutiny: 25 ml<br \/>\nBat\u00e9ria<br \/>\nKapacita bat\u00e9rie: 700mAh<\/p>\n<p>&nbsp;<\/p>\n<h2><strong>Najob\u013e\u00fabenej\u0161ia pr\u00edchu\u0165 pre ElfBar Combo 25000 potiahnut\u00ed<\/strong><\/h2>\n<p>&nbsp;<\/p>\n<p>1. Mel\u00f3n+Jahoda <span style=\"color: #ff0000\"><strong>&gt;&gt;&gt;&gt; Hor\u00face!<\/strong><\/span><br \/>\n2. Jablko+Nekt\u00e1r broskyne<br \/>\n3. Hrozno+Mary Drink<br \/>\n4. Zelen\u00e9 hrozno+Hrozno <span style=\"color: #ff0000\"><strong>&gt;&gt;&gt;&gt; Najlep\u0161ie!<\/strong><\/span><br \/>\n5. Zelen\u00e9 jablko+Dvojit\u00e9 jablko<br \/>\n6. Limeta+Anan\u00e1s<br \/>\n7. Brosky\u0148a Mango+Mel\u00f3n <span style=\"color: #ff0000\"><strong>&gt;&gt;&gt;&gt; Hor\u00face!<\/strong><\/span><\/p>\n<figure id=\"attachment_2663\" aria-describedby=\"caption-attachment-2663\" style=\"width: 286px\" class=\"wp-caption alignnone\"><img loading=\"lazy\" decoding=\"async\" class=\"size-medium wp-image-2663\" src=\"https:\/\/rmvapesale.com\/wp-content\/uploads\/2024\/11\/Elf-Bar-COMBO-25000-Disposable-Vape-286x300.jpg\" alt=\"Elf Bar COMBO 25000 Jednorazov\u00fd vaporiz\u00e9r\" width=\"286\" height=\"300\" srcset=\"https:\/\/rmvapesale.com\/wp-content\/uploads\/2024\/11\/Elf-Bar-COMBO-25000-Disposable-Vape-286x300.jpg 286w, https:\/\/rmvapesale.com\/wp-content\/uploads\/2024\/11\/Elf-Bar-COMBO-25000-Disposable-Vape-975x1024.jpg 975w, https:\/\/rmvapesale.com\/wp-content\/uploads\/2024\/11\/Elf-Bar-COMBO-25000-Disposable-Vape-768x806.jpg 768w, https:\/\/rmvapesale.com\/wp-content\/uploads\/2024\/11\/Elf-Bar-COMBO-25000-Disposable-Vape-600x630.jpg 600w, https:\/\/rmvapesale.com\/wp-content\/uploads\/2024\/11\/Elf-Bar-COMBO-25000-Disposable-Vape.jpg 1000w\" sizes=\"auto, (max-width: 286px) 100vw, 286px\" \/><figcaption id=\"caption-attachment-2663\" class=\"wp-caption-text\">Elf Bar COMBO 25000 Jednorazov\u00fd vaporiz\u00e9r<\/figcaption><\/figure>\n<h3><strong>Pre\u010do si vybra\u0165 Rmvapesale pre Elf Bar <\/strong><strong>Jednorazov\u00e1 V<\/strong><strong>Ve\u013ekoobchod s vape<\/strong><strong>?<\/strong><\/h3>\n<div class=\"flex-shrink-0 flex flex-col relative items-end\">\n<div class=\"pt-0\">\n<div class=\"gizmo-bot-avatar flex h-8 w-8 items-center justify-center overflow-hidden rounded-full\">\n<div class=\"relative p-1 rounded-sm flex items-center justify-center bg-token-main-surface-primary text-token-text-primary h-8 w-8\">\n<p>Vitajte v Rmvapesale, va\u0161om d\u00f4veryhodnom obchode s vape pre pr\u00e9miov\u00e9 jednorazov\u00e9 vapy. S viac ako 5 ro\u010dn\u00fdmi sk\u00fasenos\u0165ami v\u00e1m prin\u00e1\u0161ame popul\u00e1rne zna\u010dky jednorazov\u00fdch vape ako Al Fakher, Vapme Vape, <a href=\"https:\/\/rmvapesale.com\/sk\/product\/vapme-crystal-7000-puffs-rechargeable-disposable-vape-price\/\">Vapme<\/a>, <a href=\"https:\/\/rmvapesale.com\/sk\/product-category\/bang-vapes\/\">Bang Vape<\/a>, Waspe, <a href=\"https:\/\/rmvapesale.com\/sk\/product\/wga-crystal-pro-max-extra-15k-puffs-disposable-vape-wholesale\/\">WGA<\/a> Vape a<a href=\"https:\/\/rmvapesale.com\/sk\/product-category\/randm-fumot-vape\/\"> RandM Vape<\/a>.<\/p>\n<p>N\u00e1\u0161 sortiment zah\u0155\u0148a popul\u00e1rne jednorazov\u00e9 vapky ako <a href=\"https:\/\/rmvapesale.com\/sk\/product\/fumot-digital-box-12000-disposable-vape-pink-lemonade-flavor\/\">RandM 12k<\/a> a vo\u013eby bohat\u00e9 na chu\u0165 ako napr\u00edklad <a href=\"https:\/\/rmvapesale.com\/sk\/product\/wga-crystal-plus-20000-puff-dual-flavour-disposable-vape\/\">WGA 20K Pufov<\/a>. Ka\u017ed\u00fd produkt je vybran\u00fd so zameran\u00edm na kvalitu, hodnotu a rozmanitos\u0165, \u010do zais\u0165uje, \u017ee n\u00e1jdete perfektn\u00fa vo\u013ebu pre va\u0161e potreby. Objavte v\u00fdnimo\u010dn\u00e9 slu\u017eby a \u0161irok\u00fa \u0161k\u00e1lu \u0161pi\u010dkov\u00fdch produktov v Rmvapesale.<\/p>\n<\/div>\n<h3><\/h3>\n<div class=\"relative p-1 rounded-sm flex items-center justify-center bg-token-main-surface-primary text-token-text-primary h-8 w-8\">\n<h3><b>FAQS o Elf Bar Vape COMBO 25000 Pufov<\/b><\/h3>\n<\/div>\n<h3>1. <strong>Ako zist\u00edm, kedy s\u00fa moje jednorazov\u00e9 vape kazety ElfBar pr\u00e1zdne?<\/strong><\/h3>\n<ul>\n<li>The <strong>inteligentn\u00fd displej<\/strong> Na Elf Bar Combo 25000 poskytuje jasn\u00e9 ozna\u010denie \u00farovne e tekutiny. Ke\u010f displej ukazuje, \u017ee stav e tekutiny je n\u00edzky alebo pr\u00e1zdny, alebo ak zaznamen\u00e1te v\u00fdrazn\u00fd pokles chuti a produkcie pary, je \u010das vymeni\u0165 zariadenie.<\/li>\n<\/ul>\n<h3>2. <strong>Ako dlho trv\u00e1 nab\u00edjanie ElfBar Combo 25000 Pufov?<\/strong><\/h3>\n<ul>\n<li>Elf Bar Combo 25000 je vybaven\u00fd <strong>bat\u00e9riou s kapacitou 700mAh<\/strong> a r\u00fdchlo sa nab\u00edja cez <strong>nab\u00edjac\u00edm portom typu C<\/strong>. Zvy\u010dajne trv\u00e1 asi <strong>1 a\u017e 2 hodiny<\/strong> \u00fapln\u00e9 dobitie, v z\u00e1vislosti od zdroja nap\u00e1jania.<\/li>\n<\/ul>\n<h3>3. <strong>Ko\u013eko nikot\u00ednu je v Elf Bar Vape Combo 25000 Pufov?<\/strong><\/h3>\n<ul>\n<li>Elf Bar Combo 25000 obsahuje <strong>5% (50 mg) nikot\u00ednov\u00fa silu<\/strong>, ktor\u00e1 poskytuje siln\u00fd a uspokojiv\u00fd z\u00e1\u017eitok vhodn\u00fd pre t\u00fdch, ktor\u00ed preferuj\u00fa vy\u0161\u0161ie koncentr\u00e1cie nikot\u00ednu.<\/li>\n<\/ul>\n<h3>4. <strong>Kde m\u00f4\u017eem k\u00fapi\u0165 ElfBar Combo 25000 Pufov za ve\u013ekoobchodn\u00e9 ceny?<\/strong><\/h3>\n<ul>\n<li>M\u00f4\u017eete zak\u00fapi\u0165 Elf Bar Combo 25000 Pufov od <strong>ve\u013ekoobchodn\u00e9 ceny<\/strong> z r\u00f4znych online distrib\u00fatorov vapingu alebo \u0161pecializovan\u00fdch <strong>ve\u013ekoobchodn\u00ed dod\u00e1vatelia vaporiz\u00e9rov<\/strong>. Pozrite si spo\u013eahliv\u00fdch <strong>predajniach s vaporiz\u00e9rmi<\/strong> a online predajcov, ktor\u00ed pon\u00fakaj\u00fa <strong>mo\u017enosti ve\u013ekoobchodn\u00e9ho n\u00e1kupu<\/strong> pre produkty Elf Bar.<\/li>\n<\/ul>\n<h3>5. <strong>M\u00f4\u017eem si vzia\u0165 jednorazov\u00fa elektronick\u00fa cigaretu do lietadla?<\/strong><\/h3>\n<ul>\n<li>\u00c1no, m\u00f4\u017eete si vzia\u0165 <strong>jednorazov\u00fd vape<\/strong> v lietadle, ale mus\u00ed by\u0165 zabalen\u00e9 vo va\u0161om <strong>pr\u00edru\u010dnej bato\u017eine<\/strong>. Uistite sa, \u017ee zariadenie je vypnut\u00e9 a bezpe\u010dne ulo\u017een\u00e9, a nezabudnite skontrolova\u0165 \u0161pecifick\u00e9 predpisy leteckej spolo\u010dnosti a politiky vapovania v cie\u013eovej krajine.<\/li>\n<\/ul>\n<\/div>\n<\/div>\n<\/div>\n<h3>O doru\u010den\u00ed<\/h3>\n<div class=\"flex-shrink-0 flex flex-col relative items-end\">\n<div>\n<div class=\"pt-0\">\n<div class=\"gizmo-bot-avatar flex h-8 w-8 items-center justify-center overflow-hidden rounded-full\">\n<div><\/div>\n<div class=\"relative p-1 rounded-sm flex items-center justify-center bg-token-main-surface-primary text-token-text-primary h-8 w-8\"><strong>1. Ak\u00e9 sp\u00f4soby doru\u010denia pou\u017e\u00edvate?<\/strong><\/div>\n<\/div>\n<\/div>\n<\/div>\n<\/div>\n<div class=\"group\/conversation-turn relative flex w-full min-w-0 flex-col agent-turn\">\n<div class=\"flex-col gap-1 md:gap-3\">\n<div class=\"flex max-w-full flex-col flex-grow\">\n<div class=\"min-h-[20px] text-message flex w-full flex-col items-end gap-2 whitespace-normal break-words [.text-message+&amp;]:mt-5 overflow-x-auto\" dir=\"auto\" data-message-author-role=\"assistant\" data-message-id=\"22f8283b-3233-46ff-89a5-c7a41b33abda\">\n<div class=\"flex w-full flex-col gap-1 empty:hidden first:pt-[3px]\">\n<div class=\"markdown prose w-full break-words dark:prose-invert light\">\n<p>Spolupracujeme so spolo\u010dnos\u0165ami UPS, DHL, FedEx, DPD a \u010fal\u0161\u00edmi popredn\u00fdmi dopravcami. Vyberieme najlep\u0161\u00ed sp\u00f4sob doru\u010denia na z\u00e1klade va\u0161ej adresy, aby sme zaistili, \u017ee svoje produkty dostanete \u010do najr\u00fdchlej\u0161ie.<\/p>\n<\/div>\n<p><strong>2. Ako dlho trv\u00e1 doru\u010denie?<\/strong><\/p>\n<p>Bal\u00edky doru\u010dovan\u00e9 na Slovensko zvy\u010dajne dorazia do 10 pracovn\u00fdch dn\u00ed. Doru\u010denie do eur\u00f3pskych kraj\u00edn zvy\u010dajne trv\u00e1 asi 12-15 pracovn\u00fdch dn\u00ed. Budeme v\u00e1s informova\u0165 o stave doru\u010denia v re\u00e1lnom \u010dase.<\/p>\n<\/div>\n<\/div>\n<\/div>\n<\/div>\n<\/div>\n<p>&nbsp;<\/p>\n<p>N\u00e1jdite \u010fal\u0161ie vape produkty, ktor\u00e9 by sa v\u00e1m mohli p\u00e1\u010di\u0165:<strong><em><a href=\"https:\/\/rmvapesale.com\/sk\/shop-2\/\">nakupova\u0165 teraz &gt;&gt;&gt;<\/a><\/em><\/strong><\/p>","protected":false},"excerpt":{"rendered":"<p>ELFBAR COMBO 25000 Zelen\u00e9 Jablko + Dvojit\u00e9 Jablko<br \/>\nELFBAR Vape COMBO 25000 pufov Ve\u013ekoobchodn\u00e1 Cena z Tov\u00e1rne<br \/>\nElfBar Pods COMBO 25000 Hromadn\u00fd N\u00e1kup 5% Nikot\u00edn<\/p>\n<p><img loading=\"lazy\" decoding=\"async\" class=\"size-full wp-image-2375\" src=\"https:\/\/rmvapesale.com\/wp-content\/uploads\/2024\/10\/image.png\" alt=\"Najlep\u0161\u00ed jednorazov\u00fd vape\" width=\"229\" height=\"300\" \/><\/p>\n<h3><a href=\"https:\/\/wa.me\/8617776015835\"><span style=\"color: #ff0000\"><strong>WhatsApp: +86 17776015835<\/strong><\/span><\/a><\/h3>\n<p>&nbsp;<\/p>","protected":false},"featured_media":2662,"comment_status":"open","ping_status":"closed","template":"","meta":{"_uag_custom_page_level_css":"","_lmt_disableupdate":"no","_lmt_disable":"","site-sidebar-layout":"default","site-content-layout":"content-boxed-container","ast-site-content-layout":"normal-width-container","site-content-style":"boxed","site-sidebar-style":"unboxed","ast-global-header-display":"","ast-banner-title-visibility":"","ast-main-header-display":"","ast-hfb-above-header-display":"","ast-hfb-below-header-display":"","ast-hfb-mobile-header-display":"","site-post-title":"","ast-breadcrumbs-content":"","ast-featured-img":"","footer-sml-layout":"","ast-disable-related-posts":"","theme-transparent-header-meta":"default","adv-header-id-meta":"","stick-header-meta":"","header-above-stick-meta":"","header-main-stick-meta":"","header-below-stick-meta":"","astra-migrate-meta-layouts":"set","ast-page-background-enabled":"default","ast-page-background-meta":{"desktop":{"background-color":"var(--ast-global-color-4)","background-image":"","background-repeat":"repeat","background-position":"center center","background-size":"auto","background-attachment":"scroll","background-type":"","background-media":"","overlay-type":"","overlay-color":"","overlay-opacity":"","overlay-gradient":""},"tablet":{"background-color":"","background-image":"","background-repeat":"repeat","background-position":"center center","background-size":"auto","background-attachment":"scroll","background-type":"","background-media":"","overlay-type":"","overlay-color":"","overlay-opacity":"","overlay-gradient":""},"mobile":{"background-color":"","background-image":"","background-repeat":"repeat","background-position":"center center","background-size":"auto","background-attachment":"scroll","background-type":"","background-media":"","overlay-type":"","overlay-color":"","overlay-opacity":"","overlay-gradient":""}},"ast-content-background-meta":{"desktop":{"background-color":"var(--ast-global-color-5)","background-image":"","background-repeat":"repeat","background-position":"center center","background-size":"auto","background-attachment":"scroll","background-type":"","background-media":"","overlay-type":"","overlay-color":"","overlay-opacity":"","overlay-gradient":""},"tablet":{"background-color":"var(--ast-global-color-5)","background-image":"","background-repeat":"repeat","background-position":"center center","background-size":"auto","background-attachment":"scroll","background-type":"","background-media":"","overlay-type":"","overlay-color":"","overlay-opacity":"","overlay-gradient":""},"mobile":{"background-color":"var(--ast-global-color-5)","background-image":"","background-repeat":"repeat","background-position":"center center","background-size":"auto","background-attachment":"scroll","background-type":"","background-media":"","overlay-type":"","overlay-color":"","overlay-opacity":"","overlay-gradient":""}},"_joinchat":[]},"product_brand":[],"product_cat":[15,27,25,123,30,26,28,137,136,135],"product_tag":[146,188,200,167,201,202,165,180,120],"class_list":{"0":"post-2670","1":"product","2":"type-product","3":"status-publish","4":"has-post-thumbnail","6":"product_cat-new-vape-this-week","7":"product_cat-fance-hot-sale-vape","8":"product_cat-germany-best-selling-vape","9":"product_cat-italy-wholesale-vape","10":"product_cat-minimum-order-quantity-50pcs","11":"product_cat-netherlands-hot-sale-vape","12":"product_cat-poland-hot-sale-vape","13":"product_cat-rechargeable-vapes","14":"product_cat-smart-screen-vapes","15":"product_cat-spain-best-hot-sale-vape","16":"product_tag-best-hot-sale-vape","17":"product_tag-buy-vapes-online","18":"product_tag-disposable-hookah-wholesale","19":"product_tag-disposable-vape-with-screen","20":"product_tag-elfbar","21":"product_tag-elfbar-pods","22":"product_tag-rechargeable-vapes","23":"product_tag-shisha-bar","24":"product_tag-vape-wholesale","25":"desktop-align-left","26":"tablet-align-left","27":"mobile-align-left","29":"first","30":"instock","31":"sale","32":"shipping-taxable","33":"purchasable","34":"product-type-simple"},"uagb_featured_image_src":{"full":["https:\/\/rmvapesale.com\/wp-content\/uploads\/2024\/11\/Elf-Bar-COMBO-25000-Blackurrant-Raspberry-Grape.jpg",1000,1000,false],"thumbnail":["https:\/\/rmvapesale.com\/wp-content\/uploads\/2024\/11\/Elf-Bar-COMBO-25000-Blackurrant-Raspberry-Grape-150x150.jpg",150,150,true],"medium":["https:\/\/rmvapesale.com\/wp-content\/uploads\/2024\/11\/Elf-Bar-COMBO-25000-Blackurrant-Raspberry-Grape-300x300.jpg",300,300,true],"medium_large":["https:\/\/rmvapesale.com\/wp-content\/uploads\/2024\/11\/Elf-Bar-COMBO-25000-Blackurrant-Raspberry-Grape-768x768.jpg",768,768,true],"large":["https:\/\/rmvapesale.com\/wp-content\/uploads\/2024\/11\/Elf-Bar-COMBO-25000-Blackurrant-Raspberry-Grape.jpg",1000,1000,false],"1536x1536":["https:\/\/rmvapesale.com\/wp-content\/uploads\/2024\/11\/Elf-Bar-COMBO-25000-Blackurrant-Raspberry-Grape.jpg",1000,1000,false],"2048x2048":["https:\/\/rmvapesale.com\/wp-content\/uploads\/2024\/11\/Elf-Bar-COMBO-25000-Blackurrant-Raspberry-Grape.jpg",1000,1000,false],"trp-custom-language-flag":["https:\/\/rmvapesale.com\/wp-content\/uploads\/2024\/11\/Elf-Bar-COMBO-25000-Blackurrant-Raspberry-Grape.jpg",12,12,false],"woocommerce_thumbnail":["https:\/\/rmvapesale.com\/wp-content\/uploads\/2024\/11\/Elf-Bar-COMBO-25000-Blackurrant-Raspberry-Grape-300x300.jpg",300,300,true],"woocommerce_single":["https:\/\/rmvapesale.com\/wp-content\/uploads\/2024\/11\/Elf-Bar-COMBO-25000-Blackurrant-Raspberry-Grape-600x600.jpg",600,600,true],"woocommerce_gallery_thumbnail":["https:\/\/rmvapesale.com\/wp-content\/uploads\/2024\/11\/Elf-Bar-COMBO-25000-Blackurrant-Raspberry-Grape-100x100.jpg",100,100,true],"wcpr-photo-reviews":["https:\/\/rmvapesale.com\/wp-content\/uploads\/2024\/11\/Elf-Bar-COMBO-25000-Blackurrant-Raspberry-Grape.jpg",500,500,false]},"uagb_author_info":{"display_name":"AMY","author_link":"https:\/\/rmvapesale.com\/sk\/author\/"},"uagb_comment_info":0,"uagb_excerpt":"ELFBAR COMBO 25000 Green Apple + Double Apple ELFBAR Vape COMBO 25000 puff Wholesale Factory Price ElfBar Pods COMBO 25000 Bulk Buy 5% Nicotine WhatsApp: +86 17776015835 &nbsp;","_links":{"self":[{"href":"https:\/\/rmvapesale.com\/sk\/wp-json\/wp\/v2\/product\/2670","targetHints":{"allow":["GET"]}}],"collection":[{"href":"https:\/\/rmvapesale.com\/sk\/wp-json\/wp\/v2\/product"}],"about":[{"href":"https:\/\/rmvapesale.com\/sk\/wp-json\/wp\/v2\/types\/product"}],"replies":[{"embeddable":true,"href":"https:\/\/rmvapesale.com\/sk\/wp-json\/wp\/v2\/comments?post=2670"}],"wp:featuredmedia":[{"embeddable":true,"href":"https:\/\/rmvapesale.com\/sk\/wp-json\/wp\/v2\/media\/2662"}],"wp:attachment":[{"href":"https:\/\/rmvapesale.com\/sk\/wp-json\/wp\/v2\/media?parent=2670"}],"wp:term":[{"taxonomy":"product_brand","embeddable":true,"href":"https:\/\/rmvapesale.com\/sk\/wp-json\/wp\/v2\/product_brand?post=2670"},{"taxonomy":"product_cat","embeddable":true,"href":"https:\/\/rmvapesale.com\/sk\/wp-json\/wp\/v2\/product_cat?post=2670"},{"taxonomy":"product_tag","embeddable":true,"href":"https:\/\/rmvapesale.com\/sk\/wp-json\/wp\/v2\/product_tag?post=2670"}],"curies":[{"name":"wp","href":"https:\/\/api.w.org\/{rel}","templated":true}]}}