{"id":2678,"date":"2024-11-06T09:28:10","date_gmt":"2024-11-06T09:28:10","guid":{"rendered":"https:\/\/rmvapesale.com\/?post_type=product&#038;p=2678"},"modified":"2024-11-06T10:01:09","modified_gmt":"2024-11-06T10:01:09","slug":"vozol-star-20000-puffs-rechargeable-disposable-vape-wholesale-uk","status":"publish","type":"product","link":"https:\/\/rmvapesale.com\/sk\/product\/vozol-star-20000-puffs-rechargeable-disposable-vape-wholesale-uk\/","title":{"rendered":"VOZOL Star 20000 \u0165ahov, dob\u00edjac\u00ed jednorazov\u00fd vape, ve\u013ekoobchod Slovensko"},"content":{"rendered":"<h1>VOZOL Star 20000 Puffs Dob\u00edjate\u013en\u00fd Jednorazov\u00fd Vaporiz\u00e9r Ve\u013ekoobchod Slovensko<\/h1>\n<p><strong>VOZOL Star 20000 Puffs Dob\u00edjate\u013en\u00fd Jednorazov\u00fd Vaporiz\u00e9r<\/strong>, pr\u00e9miov\u00e9 zariadenie na vapovanie navrhnut\u00e9 pre t\u00fdch, ktor\u00ed po\u017eaduj\u00fa kvalitu, pohodlie a \u0161t\u00fdl. Ide\u00e1lne pre vap\u00e9rnikov na Slovensku, ktor\u00ed h\u013eadaj\u00fa dlh\u00e9 a uspokojiv\u00e9 rel\u00e1cie, tento jednorazov\u00fd vaporiz\u00e9r kombinuje najmodernej\u0161iu technol\u00f3giu s elegantn\u00fdm, pou\u017e\u00edvate\u013esky pr\u00edvetiv\u00fdm dizajnom.<\/p>\n<p>The <strong>VOZOL Star 20000 Puffs Jednorazov\u00fd Vaporiz\u00e9r<\/strong> je ob\u013e\u00fabenou vo\u013ebou medzi popul\u00e1rnymi zna\u010dkami jednorazov\u00fdch vaporiz\u00e9rov, kombinuj\u00fac pohodlie s vynikaj\u00facim v\u00fdkonom. \u010ci u\u017e h\u013ead\u00e1te <strong>najlep\u0161\u00ed jednorazov\u00fd vaporiz\u00e9r roku 2024<\/strong>, v\u00fdkonn\u00fa <strong>\u0161lukov\u00e9 vapo<\/strong> mo\u017enos\u0165, alebo zariadenie, ktor\u00e9 sa r\u00fdchlo nab\u00edja, VOZOL Star spln\u00ed v\u0161etky po\u017eiadavky. Dostupn\u00fd pre <strong>ve\u013ekoobchod s vapkami<\/strong> a individu\u00e1lne n\u00e1kupy, je ide\u00e1lnou vo\u013ebou pre t\u00fdch, ktor\u00ed chc\u00fa kvalitu a mno\u017estvo v jednom balen\u00ed.<\/p>\n<p>Pre vap\u00e9rnikov na Slovensku n\u00e1jdite <strong>VOZOL Star 20000 Puffs Jednorazov\u00fd Vaporiz\u00e9r<\/strong> u d\u00f4veryhodn\u00fdch <strong>ve\u013ekoobchodn\u00fdch dod\u00e1vate\u013eov vapiek<\/strong> predajcov alebo objednajte z spo\u013eahliv\u00fdch <strong>jednorazov\u00e9 vaporiz\u00e9ry online<\/strong> platforiem. Ako ob\u013e\u00faben\u00e1 vo\u013eba medzi <strong>nab\u00edjate\u013en\u00e9 vapy<\/strong>, VOZOL zabezpe\u010duje, \u017ee si u\u017eijete ka\u017ed\u00fd \u0165ah bez kompromisov na chuti alebo v\u00fdkone.<\/p>\n<p>Objavte dokonal\u00fd z\u00e1\u017eitok z vapovania s <strong>VOZOL Star 20000<\/strong>. Objednajte e\u0161te dnes a pozdvihnite svoju vapov\u00fa hru najpohodlnej\u0161\u00edm a najchutnej\u0161\u00edm sp\u00f4sobom!<\/p>\n<p>&nbsp;<\/p>\n<p><strong>Kontaktujte Amy pre spr\u00e1vnu odpove\u010f a ve\u013ekoobchodn\u00fa cenu!<\/strong><\/p>\n<p><img loading=\"lazy\" decoding=\"async\" class=\"size-medium wp-image-1814\" src=\"https:\/\/rmvapesale.com\/wp-content\/uploads\/2024\/04\/whatsapp-amy-229x300.jpg\" alt=\"whatsapp amy\" width=\"229\" height=\"300\" srcset=\"https:\/\/rmvapesale.com\/wp-content\/uploads\/2024\/04\/whatsapp-amy-229x300.jpg 229w, https:\/\/rmvapesale.com\/wp-content\/uploads\/2024\/04\/whatsapp-amy-783x1024.jpg 783w, https:\/\/rmvapesale.com\/wp-content\/uploads\/2024\/04\/whatsapp-amy-768x1005.jpg 768w, https:\/\/rmvapesale.com\/wp-content\/uploads\/2024\/04\/whatsapp-amy-600x785.jpg 600w, https:\/\/rmvapesale.com\/wp-content\/uploads\/2024\/04\/whatsapp-amy.jpg 990w\" sizes=\"auto, (max-width: 229px) 100vw, 229px\" \/><\/p>\n<h2><\/h2>\n<h2><strong>VOZOL Star 20000 Puffs Dob\u00edjate\u013en\u00fd vaporiz\u00e9r <\/strong><\/h2>\n<h2><strong>K\u013e\u00fa\u010dov\u00e9 vlastnosti<\/strong><\/h2>\n<p>Zna\u010dka: Vozol<br \/>\nModel: Star 20000<br \/>\nPuffs: A\u017e do 20000 Eco re\u017eim (Re\u017eim v\u00fdkonu 15000 )<br \/>\nTyp cievky: Dvojit\u00e1 sie\u0165ov\u00e1 cievka<br \/>\nDisplej: Farebn\u00fd displej<br \/>\nDizajn: Plne transparentn\u00fd<br \/>\nBat\u00e9ria: 650mAh<br \/>\nKapacita tekutiny: 24ML<\/p>\n<p>&nbsp;<\/p>\n<figure id=\"attachment_2677\" aria-describedby=\"caption-attachment-2677\" style=\"width: 550px\" class=\"wp-caption alignnone\"><img loading=\"lazy\" decoding=\"async\" class=\"wp-image-2677 size-full\" src=\"https:\/\/rmvapesale.com\/wp-content\/uploads\/2024\/11\/Vozol-Vista-20000-Vape-Rechargeable-Vape.png\" alt=\"Vozol Vista 20000 Vaporiz\u00e9r Dob\u00edjate\u013en\u00fd vaporiz\u00e9r\" width=\"550\" height=\"550\" srcset=\"https:\/\/rmvapesale.com\/wp-content\/uploads\/2024\/11\/Vozol-Vista-20000-Vape-Rechargeable-Vape.png 550w, https:\/\/rmvapesale.com\/wp-content\/uploads\/2024\/11\/Vozol-Vista-20000-Vape-Rechargeable-Vape-300x300.png 300w, https:\/\/rmvapesale.com\/wp-content\/uploads\/2024\/11\/Vozol-Vista-20000-Vape-Rechargeable-Vape-150x150.png 150w, https:\/\/rmvapesale.com\/wp-content\/uploads\/2024\/11\/Vozol-Vista-20000-Vape-Rechargeable-Vape-100x100.png 100w\" sizes=\"auto, (max-width: 550px) 100vw, 550px\" \/><figcaption id=\"caption-attachment-2677\" class=\"wp-caption-text\">Vozol Vista 20000 Vaporiz\u00e9r Dob\u00edjate\u013en\u00fd vaporiz\u00e9r<\/figcaption><\/figure>\n<h2><strong>Ak\u00e1 je ob\u013e\u00faben\u00e1 pr\u00edchu\u0165 pre VOZOL <\/strong><strong>Vape <\/strong><strong>Star 20000 Puffs?<\/strong><\/h2>\n<p>1. Mel\u00f3n s \u013eadom<br \/>\n2. Hrozno s \u013eadom<br \/>\n3. Mango s \u013eadom<br \/>\n4. Dvojit\u00e9 jablko s \u013eadom<br \/>\n5.Jahoda Kiwi<br \/>\n6. Malina s mel\u00f3nom<br \/>\n7.\u013dad z modrej maliny<br \/>\n8. Jahoda s mangom<br \/>\n9.Brosky\u0148a, mango, mel\u00f3n<br \/>\n10.cherry Cola<br \/>\n11.Juicy Peach \u013ead<br \/>\n12.Dragon Strawnana<br \/>\n13.zmie\u0161an\u00e9 bobule<br \/>\n14.Citr\u00f3n Limeta<br \/>\n15.tropick\u00fd v\u00fdbuch<br \/>\n16.modr\u00fd hmla<br \/>\n17.parfum citr\u00f3n<br \/>\n18.orange anan\u00e1s li\u010di<br \/>\n19.L\u00e1ska 77<br \/>\n20.Raspberry Apple Watermelon Pineapple<\/p>\n<h3><strong>Pre\u010do si vybra\u0165 Rmvapesale pre <\/strong><b>VOZOL Star 20000 Vaporiz\u00e9r <\/b><strong>Ve\u013ekoobchod<\/strong><strong>?<\/strong><\/h3>\n<div class=\"flex-shrink-0 flex flex-col relative items-end\">\n<div class=\"pt-0\">\n<div class=\"gizmo-bot-avatar flex h-8 w-8 items-center justify-center overflow-hidden rounded-full\">\n<div class=\"relative p-1 rounded-sm flex items-center justify-center bg-token-main-surface-primary text-token-text-primary h-8 w-8\">\n<p>Vitajte v Rmvapesale, va\u0161om d\u00f4veryhodnom obchode s vape pre pr\u00e9miov\u00e9 jednorazov\u00e9 vapy. S viac ako 5 ro\u010dn\u00fdmi sk\u00fasenos\u0165ami v\u00e1m prin\u00e1\u0161ame popul\u00e1rne zna\u010dky jednorazov\u00fdch vape ako Al Fakher, Vapme Vape, <a href=\"https:\/\/rmvapesale.com\/sk\/product\/vapme-crystal-7000-puffs-rechargeable-disposable-vape-price\/\">Vapme<\/a>, <a href=\"https:\/\/rmvapesale.com\/sk\/product-category\/bang-vapes\/\">Bang Vape<\/a>, Waspe, <a href=\"https:\/\/rmvapesale.com\/sk\/product\/wga-crystal-pro-max-extra-15k-puffs-disposable-vape-wholesale\/\">WGA<\/a> Vape a<a href=\"https:\/\/rmvapesale.com\/sk\/product-category\/randm-fumot-vape\/\"> RandM Vape<\/a>.<\/p>\n<p>N\u00e1\u0161 sortiment zah\u0155\u0148a popul\u00e1rne jednorazov\u00e9 vapky ako <a href=\"https:\/\/rmvapesale.com\/sk\/product\/fumot-digital-box-12000-disposable-vape-pink-lemonade-flavor\/\">RandM 12k<\/a> a vo\u013eby bohat\u00e9 na chu\u0165 ako napr\u00edklad <a href=\"https:\/\/rmvapesale.com\/sk\/product\/wga-crystal-plus-20000-puff-dual-flavour-disposable-vape\/\">WGA 20K Pufov<\/a>. Ka\u017ed\u00fd produkt je vybran\u00fd so zameran\u00edm na kvalitu, hodnotu a rozmanitos\u0165, \u010do zais\u0165uje, \u017ee n\u00e1jdete perfektn\u00fa vo\u013ebu pre va\u0161e potreby. Objavte v\u00fdnimo\u010dn\u00e9 slu\u017eby a \u0161irok\u00fa \u0161k\u00e1lu \u0161pi\u010dkov\u00fdch produktov v Rmvapesale.<\/p>\n<\/div>\n<\/div>\n<\/div>\n<\/div>\n<h3><\/h3>\n<h3><b>VOZOL Star 20000 Puffs Dob\u00edjate\u013en\u00fd Vaporiz\u00e9r \u010casto kladen\u00e9 ot\u00e1zky<\/b><\/h3>\n<p><strong>Q: \u010co je VOZOL Star 20 000 Puffs?<\/strong><br \/>\nA: VOZOL Star 20 000 Puffs je vysoko kapacitn\u00fd, dob\u00edjate\u013en\u00fd jednorazov\u00fd vaporiz\u00e9r, ktor\u00fd pon\u00faka impozantn\u00fdch viac ako 20 000 potiahnut\u00ed. M\u00e1 elegantn\u00fd dizajn, LED displej pre aktu\u00e1lne inform\u00e1cie o stave bat\u00e9rie a \u00farovni e-liquidu a pokro\u010dil\u00fa technol\u00f3giu mrie\u017ekov\u00fdch cievok pre konzistentn\u00fa a chutn\u00fa paru.<\/p>\n<p><strong>Q: Ko\u013eko potiahnut\u00ed poskytuje VOZOL Star 20000?<\/strong><br \/>\nA: VOZOL Star 20000 poskytuje viac ako 20 000 potiahnut\u00ed, \u010do zabezpe\u010duje dlhodob\u00e9 pou\u017e\u00edvanie a bezstarostn\u00fd z\u00e1\u017eitok z vapovania.<\/p>\n<p><strong>Q: M\u00e1 dob\u00edjate\u013en\u00fd vaporiz\u00e9r VOZOL Star 20000 displej obrazovku?<\/strong><br \/>\nA: \u00c1no, VOZOL Star 20000 m\u00e1 praktick\u00fd LED displej, ktor\u00fd zobrazuje z\u00e1kladn\u00e9 inform\u00e1cie ako \u017eivotnos\u0165 bat\u00e9rie a \u00farove\u0148 e-liquidu, aby ste boli dobre informovan\u00ed po\u010das vapovania.<\/p>\n<p><strong>Q: Ako dlho trv\u00e1 \u00fapln\u00e9 nabitie jednorazov\u00e9ho vaporiz\u00e9ra VOZOL Star 20K?<\/strong><br \/>\nA: Jednorazov\u00fd vaporiz\u00e9r VOZOL Star 20K m\u00e1 r\u00fdchle nab\u00edjanie a m\u00f4\u017ee by\u0165 \u00faplne nabit\u00fd za iba 30 min\u00fat, tak\u017ee sa m\u00f4\u017eete r\u00fdchlo vr\u00e1ti\u0165 k vapovaniu.<\/p>\n<p><strong>Q: Ak\u00e9 pr\u00edchute s\u00fa dostupn\u00e9 pre VOZOL vaporiz\u00e9r Star 20000?<\/strong><br \/>\nA: VOZOL vaporiz\u00e9r Star 20000 je dostupn\u00fd v r\u00f4znych vzru\u0161uj\u00facich pr\u00edchutiach. Hoci sa konkr\u00e9tne pr\u00edchute m\u00f4\u017eu l\u00ed\u0161i\u0165, m\u00f4\u017eete o\u010dak\u00e1va\u0165 rozmanit\u00fd v\u00fdber mo\u017enost\u00ed prisp\u00f4soben\u00fdch r\u00f4znym preferenci\u00e1m.<\/p>\n<p><strong>Q: Kde m\u00f4\u017eem k\u00fapi\u0165 VOZOL Star 20000?<\/strong><br \/>\nA: VOZOL Star 20000 si m\u00f4\u017eete zak\u00fapi\u0165 v renomovan\u00fdch vape obchodoch alebo objedna\u0165 od spo\u013eahliv\u00fdch ve\u013ekoobchodn\u00fdch distrib\u00fatorov a online platforiem na vapovanie. H\u013eadajte mo\u017enosti, ktor\u00e9 pon\u00fakaj\u00fa <strong>ve\u013ekoobchod s vapkami<\/strong> or <strong>jednorazov\u00e9 vaporiz\u00e9ry online<\/strong> najlep\u0161ie ponuky.<\/p>\n<p>&nbsp;<\/p>","protected":false},"excerpt":{"rendered":"<p>Vozol 20000 Puffs Dob\u00edjate\u013en\u00fd Vaporiz\u00e9r LED Displej<br \/>\nVozol Star 20000 Jednorazov\u00fd Vaporiz\u00e9r Ve\u013ekoobchod Lacn\u00e1 Cena<br \/>\nVOZOL Star 20000 Puffs Jednorazov\u00fd Vaporiz\u00e9r 5% Nikot\u00edn<\/p>\n<p><img loading=\"lazy\" decoding=\"async\" class=\"size-medium wp-image-1814\" src=\"https:\/\/rmvapesale.com\/wp-content\/uploads\/2024\/04\/whatsapp-amy-229x300.jpg\" alt=\"whatsapp amy\" width=\"229\" height=\"300\" srcset=\"https:\/\/rmvapesale.com\/wp-content\/uploads\/2024\/04\/whatsapp-amy-229x300.jpg 229w, https:\/\/rmvapesale.com\/wp-content\/uploads\/2024\/04\/whatsapp-amy-783x1024.jpg 783w, https:\/\/rmvapesale.com\/wp-content\/uploads\/2024\/04\/whatsapp-amy-768x1005.jpg 768w, https:\/\/rmvapesale.com\/wp-content\/uploads\/2024\/04\/whatsapp-amy-600x785.jpg 600w, https:\/\/rmvapesale.com\/wp-content\/uploads\/2024\/04\/whatsapp-amy.jpg 990w\" sizes=\"auto, (max-width: 229px) 100vw, 229px\" \/><\/p>\n<h3><span style=\"color: #ff0000\"><strong>WhatsApp: +86 17776015835<\/strong><\/span><\/h3>","protected":false},"featured_media":2673,"comment_status":"open","ping_status":"closed","template":"","meta":{"_uag_custom_page_level_css":"","_lmt_disableupdate":"no","_lmt_disable":"","site-sidebar-layout":"default","site-content-layout":"content-boxed-container","ast-site-content-layout":"normal-width-container","site-content-style":"boxed","site-sidebar-style":"unboxed","ast-global-header-display":"","ast-banner-title-visibility":"","ast-main-header-display":"","ast-hfb-above-header-display":"","ast-hfb-below-header-display":"","ast-hfb-mobile-header-display":"","site-post-title":"","ast-breadcrumbs-content":"","ast-featured-img":"","footer-sml-layout":"","ast-disable-related-posts":"","theme-transparent-header-meta":"default","adv-header-id-meta":"","stick-header-meta":"","header-above-stick-meta":"","header-main-stick-meta":"","header-below-stick-meta":"","astra-migrate-meta-layouts":"set","ast-page-background-enabled":"default","ast-page-background-meta":{"desktop":{"background-color":"var(--ast-global-color-4)","background-image":"","background-repeat":"repeat","background-position":"center center","background-size":"auto","background-attachment":"scroll","background-type":"","background-media":"","overlay-type":"","overlay-color":"","overlay-opacity":"","overlay-gradient":""},"tablet":{"background-color":"","background-image":"","background-repeat":"repeat","background-position":"center center","background-size":"auto","background-attachment":"scroll","background-type":"","background-media":"","overlay-type":"","overlay-color":"","overlay-opacity":"","overlay-gradient":""},"mobile":{"background-color":"","background-image":"","background-repeat":"repeat","background-position":"center center","background-size":"auto","background-attachment":"scroll","background-type":"","background-media":"","overlay-type":"","overlay-color":"","overlay-opacity":"","overlay-gradient":""}},"ast-content-background-meta":{"desktop":{"background-color":"var(--ast-global-color-5)","background-image":"","background-repeat":"repeat","background-position":"center center","background-size":"auto","background-attachment":"scroll","background-type":"","background-media":"","overlay-type":"","overlay-color":"","overlay-opacity":"","overlay-gradient":""},"tablet":{"background-color":"var(--ast-global-color-5)","background-image":"","background-repeat":"repeat","background-position":"center center","background-size":"auto","background-attachment":"scroll","background-type":"","background-media":"","overlay-type":"","overlay-color":"","overlay-opacity":"","overlay-gradient":""},"mobile":{"background-color":"var(--ast-global-color-5)","background-image":"","background-repeat":"repeat","background-position":"center center","background-size":"auto","background-attachment":"scroll","background-type":"","background-media":"","overlay-type":"","overlay-color":"","overlay-opacity":"","overlay-gradient":""}},"_joinchat":[]},"product_brand":[],"product_cat":[25,27,123,30,26,15,28,137,136,135],"product_tag":[40,54,154,203,204,37],"class_list":{"0":"post-2678","1":"product","2":"type-product","3":"status-publish","4":"has-post-thumbnail","6":"product_cat-germany-best-selling-vape","7":"product_cat-fance-hot-sale-vape","8":"product_cat-italy-wholesale-vape","9":"product_cat-minimum-order-quantity-50pcs","10":"product_cat-netherlands-hot-sale-vape","11":"product_cat-new-vape-this-week","12":"product_cat-poland-hot-sale-vape","13":"product_cat-rechargeable-vapes","14":"product_cat-smart-screen-vapes","15":"product_cat-spain-best-hot-sale-vape","16":"product_tag-hot-sale-vape","17":"product_tag-rechargeable-disposable-vape","18":"product_tag-smart-vape","19":"product_tag-vozol-star-20000-puffs","20":"product_tag-vozol-vape-uk","21":"product_tag-wholesale-vape-price","22":"desktop-align-left","23":"tablet-align-left","24":"mobile-align-left","26":"first","27":"instock","28":"sale","29":"shipping-taxable","30":"purchasable","31":"product-type-simple"},"uagb_featured_image_src":{"full":["https:\/\/rmvapesale.com\/wp-content\/uploads\/2024\/11\/VOZOL-Star-20000-Puffs-Disposable-Vape-Wholesale.png",550,550,false],"thumbnail":["https:\/\/rmvapesale.com\/wp-content\/uploads\/2024\/11\/VOZOL-Star-20000-Puffs-Disposable-Vape-Wholesale-150x150.png",150,150,true],"medium":["https:\/\/rmvapesale.com\/wp-content\/uploads\/2024\/11\/VOZOL-Star-20000-Puffs-Disposable-Vape-Wholesale-300x300.png",300,300,true],"medium_large":["https:\/\/rmvapesale.com\/wp-content\/uploads\/2024\/11\/VOZOL-Star-20000-Puffs-Disposable-Vape-Wholesale.png",550,550,false],"large":["https:\/\/rmvapesale.com\/wp-content\/uploads\/2024\/11\/VOZOL-Star-20000-Puffs-Disposable-Vape-Wholesale.png",550,550,false],"1536x1536":["https:\/\/rmvapesale.com\/wp-content\/uploads\/2024\/11\/VOZOL-Star-20000-Puffs-Disposable-Vape-Wholesale.png",550,550,false],"2048x2048":["https:\/\/rmvapesale.com\/wp-content\/uploads\/2024\/11\/VOZOL-Star-20000-Puffs-Disposable-Vape-Wholesale.png",550,550,false],"trp-custom-language-flag":["https:\/\/rmvapesale.com\/wp-content\/uploads\/2024\/11\/VOZOL-Star-20000-Puffs-Disposable-Vape-Wholesale.png",12,12,false],"woocommerce_thumbnail":["https:\/\/rmvapesale.com\/wp-content\/uploads\/2024\/11\/VOZOL-Star-20000-Puffs-Disposable-Vape-Wholesale-300x300.png",300,300,true],"woocommerce_single":["https:\/\/rmvapesale.com\/wp-content\/uploads\/2024\/11\/VOZOL-Star-20000-Puffs-Disposable-Vape-Wholesale.png",550,550,false],"woocommerce_gallery_thumbnail":["https:\/\/rmvapesale.com\/wp-content\/uploads\/2024\/11\/VOZOL-Star-20000-Puffs-Disposable-Vape-Wholesale-100x100.png",100,100,true],"wcpr-photo-reviews":["https:\/\/rmvapesale.com\/wp-content\/uploads\/2024\/11\/VOZOL-Star-20000-Puffs-Disposable-Vape-Wholesale.png",500,500,false]},"uagb_author_info":{"display_name":"AMY","author_link":"https:\/\/rmvapesale.com\/sk\/author\/"},"uagb_comment_info":0,"uagb_excerpt":"Vozol 20000 Puffs Rechargeable Vape LED Display Vozol Star 20000 Disposable Vape Wholesale Cheap Price VOZOL Star 20000 Puffs Disposable Vape 5% Nicotine WhatsApp: +86 17776015835","_links":{"self":[{"href":"https:\/\/rmvapesale.com\/sk\/wp-json\/wp\/v2\/product\/2678","targetHints":{"allow":["GET"]}}],"collection":[{"href":"https:\/\/rmvapesale.com\/sk\/wp-json\/wp\/v2\/product"}],"about":[{"href":"https:\/\/rmvapesale.com\/sk\/wp-json\/wp\/v2\/types\/product"}],"replies":[{"embeddable":true,"href":"https:\/\/rmvapesale.com\/sk\/wp-json\/wp\/v2\/comments?post=2678"}],"wp:featuredmedia":[{"embeddable":true,"href":"https:\/\/rmvapesale.com\/sk\/wp-json\/wp\/v2\/media\/2673"}],"wp:attachment":[{"href":"https:\/\/rmvapesale.com\/sk\/wp-json\/wp\/v2\/media?parent=2678"}],"wp:term":[{"taxonomy":"product_brand","embeddable":true,"href":"https:\/\/rmvapesale.com\/sk\/wp-json\/wp\/v2\/product_brand?post=2678"},{"taxonomy":"product_cat","embeddable":true,"href":"https:\/\/rmvapesale.com\/sk\/wp-json\/wp\/v2\/product_cat?post=2678"},{"taxonomy":"product_tag","embeddable":true,"href":"https:\/\/rmvapesale.com\/sk\/wp-json\/wp\/v2\/product_tag?post=2678"}],"curies":[{"name":"wp","href":"https:\/\/api.w.org\/{rel}","templated":true}]}}