{"id":2702,"date":"2024-11-08T07:20:19","date_gmt":"2024-11-08T07:20:19","guid":{"rendered":"https:\/\/rmvapesale.com\/?post_type=product&#038;p=2702"},"modified":"2024-11-08T07:51:08","modified_gmt":"2024-11-08T07:51:08","slug":"bang-king-shisha-25000-crown-bar-rechargeable-disposable-vape","status":"publish","type":"product","link":"https:\/\/rmvapesale.com\/sk\/product\/bang-king-shisha-25000-crown-bar-rechargeable-disposable-vape\/","title":{"rendered":"Bang King Shisha 25000 Crown Bar Nab\u00edjate\u013en\u00e1 Jednorazov\u00e1 Vape"},"content":{"rendered":"<div class=\"B2VR9 CJHX3e\">\n<div class=\"wyccme\">\n<h1 class=\"LC20lb MBeuO DKV0Md\">Bang King Shisha 25000 Crown Bar Nab\u00edjate\u013en\u00e1 Jednorazov\u00e1 Vape<\/h1>\n<div class=\"flex-shrink-0 flex flex-col relative items-end\">\n<div class=\"pt-0\">\n<div class=\"gizmo-bot-avatar flex h-8 w-8 items-center justify-center overflow-hidden rounded-full\">\n<div class=\"relative p-1 rounded-sm flex items-center justify-center bg-token-main-surface-primary text-token-text-primary h-8 w-8\">\n<p>Pripravte sa na zv\u00fd\u0161enie \u00farovne v\u00e1\u0161ho vapovania s <strong>Bang King Shisha 25000 Korunov\u00e1 Bar<\/strong>\u2014najlep\u0161\u00ed dob\u00edjate\u013en\u00fd jednorazov\u00fd vaporiz\u00e9r od <strong>popul\u00e1rnych zna\u010dk\u00e1ch jednorazov\u00fdch vapiek <\/strong><strong>Bang Vape<\/strong>. Tento pr\u00edstroj nie je len na vapovanie; je na to, aby ste ka\u017ed\u00fd \u0165ah posunuli na vy\u0161\u0161iu \u00farove\u0148. S a\u017e <strong>25 000 po\u0165ahov<\/strong>, m\u00f4\u017eete zabudn\u00fa\u0165 na neust\u00e1le v\u00fdmeny a u\u017e\u00edva\u0165 si hodiny plynul\u00fdch, uspokojiv\u00fdch oblakov, ktor\u00e9 vydr\u017eia.<\/p>\n<h3><\/h3>\n<ul>\n<li><strong>Ve\u013ek\u00fd po\u010det Pufov<\/strong>: Cho\u010fte naplno s <strong>a\u017e 25 000 pufmi<\/strong>! To je viac ne\u017e dos\u0165 na dlhodob\u00e9 pote\u0161enie.<\/li>\n<li><strong>Ve\u013ekorys\u00e1 Kapacita E-\u0160\u0165avy<\/strong>: Naplnen\u00e9 <strong>30 ml e-\u0161\u0165avy<\/strong>, tak\u017ee m\u00f4\u017eete vapova\u0165 bez prest\u00e1vky.<\/li>\n<li><strong>Nab\u00edjate\u013en\u00e1 bat\u00e9ria<\/strong>: Vybaven\u00e9 v\u00fdkonn\u00fdm <strong>650mAh bat\u00e9ria<\/strong> a <strong>Nab\u00edjanie typu C<\/strong> pre r\u00fdchle, bezprobl\u00e9mov\u00e9 dob\u00edjanie.<\/li>\n<li><strong>Kompaktn\u00fd a prenosn\u00fd dizajn<\/strong>: Perfektne \u0161t\u00edhly, <strong>Bang King Shisha Bar<\/strong> \u013eahko sa zmest\u00ed do va\u0161ej ruky alebo vrecka. Vezmite si ho kamko\u013evek chcete, od klubu po pohovku!<\/li>\n<li><strong>Extravagan\u021ba pr\u00edchut\u00ed<\/strong>: S <strong>12 senza\u010dn\u00fdmi pr\u00edchu\u0165ami<\/strong> ako Vimto Bull E Shisha Lemon Mint a Ghiaccio Di Anguria, ur\u010dite n\u00e1jdete vhodn\u00fa pre ak\u00fdko\u013evek n\u00e1ladov\u00fd \u0161t\u00fdl.<\/li>\n<li><strong>LED displej Smart Screen:<\/strong> S digit\u00e1lnym displejom pre bat\u00e9riu a \u00farove\u0148 oleja pre jednoduch\u00e9 pou\u017e\u00edvanie.<\/li>\n<\/ul>\n<p>\u010ci u\u017e h\u013ead\u00e1te <strong>Hromadn\u00fd n\u00e1kup<\/strong> mo\u017enosti, potrebujete spo\u013eahliv\u00fd <strong>Jednorazov\u00e9 elektronick\u00e9 cigarety<\/strong>, alebo len chcete vynikaj\u00faci <strong>jednorazov\u00fd vape s n\u00edzkym obsahom nikot\u00ednu<\/strong>, ten <strong>Bang King Shisha 25000<\/strong> je pre v\u00e1s. Perfektn\u00e9 pre fan\u00fa\u0161ikov <strong>nab\u00edjate\u013en\u00e9 vapy<\/strong>, <strong>ve\u013ekoobchod s vapkami<\/strong>. Z\u00edskajte svoj e\u0161te dnes a u\u017eite si mimoriadny z\u00e1\u017eitok z vapovania!<\/p>\n<p>Ak ste pripraven\u00ed na vysokokvalitn\u00fd<strong> shisha bar<\/strong> z\u00e1\u017eitok, ktor\u00fd prin\u00e1\u0161a chu\u0165, prenosnos\u0165 a v\u00fdkon, <strong>Bang King 25000 Crown Bar<\/strong> \u010dak\u00e1 na v\u00e1s.<\/p>\n<p>&nbsp;<\/p>\n<\/div>\n<\/div>\n<\/div>\n<\/div>\n<\/div>\n<\/div>\n<p><strong>Kontaktujte Amy pre spr\u00e1vnu odpove\u010f a vape kup\u00f3n!<\/strong><\/p>\n<p><img loading=\"lazy\" decoding=\"async\" class=\"size-full wp-image-1978\" src=\"https:\/\/rmvapesale.com\/wp-content\/uploads\/2024\/09\/Disposable-Vape-Wholesale.jpg\" alt=\"Jednorazov\u00fd vape ve\u013ekoobchod\" width=\"229\" height=\"300\" \/><\/p>\n<h3><a href=\"https:\/\/wa.me\/8617776015835\" target=\"_blank\" rel=\"noopener\"><span style=\"color: #ff0000\"><strong>WhatsApp: +86 17776015835<\/strong><\/span><\/a><\/h3>\n<p>&nbsp;<\/p>\n<h2><\/h2>\n<h2><strong>Bang King Shisha 25000 Crown Bar Nab\u00edjate\u013en\u00e1 Jednorazov\u00e1 Vape <\/strong><strong>K\u013e\u00fa\u010dov\u00e9 vlastnosti<\/strong><\/h2>\n<p>Zna\u010dka: Bang Vape<br \/>\nPuff: 25000 puffov<br \/>\nOlej: 30ml predplnen\u00fd e-juice<br \/>\nNikot\u00edn: 0% 2% 5% sila nikot\u00ednu<br \/>\nBat\u00e9ria: 650mAh dob\u00edjate\u013en\u00e1 bat\u00e9ria<\/p>\n<p>&nbsp;<\/p>\n<h2><strong>Hlavn\u00e1 pr\u00edchu\u0165 pre Bang King Shisha 25000 Crown Bar jednorazov\u00e9 vaporiz\u00e9ry<\/strong><\/h2>\n<p>1.Modr\u00e1 malina citr\u00f3nov\u00e1 \u0161\u0165ava <span style=\"color: #ff0000\"><strong>&gt;&gt;&gt;&gt; Hor\u00face!<\/strong><\/span><br \/>\n2.Modr\u00e1 \u010du\u010doriedka kysl\u00e1 malina <span style=\"color: #ff0000\"><strong>&gt;&gt;&gt;&gt; Najlep\u0161ie!<\/strong><\/span><br \/>\n3.Zl\u00e1 krv<br \/>\n4.CUSH MAN<br \/>\n5.Dvojit\u00e1 jablko<br \/>\n6.Mel\u00f3nov\u00fd \u013ead<br \/>\n7.Vimto Bull <span style=\"color: #ff0000\"><strong>&gt;&gt;&gt;&gt; Hor\u00face!<\/strong><\/span><br \/>\n8. \u010cu\u010doriedka hrozno<br \/>\n9.Citr\u00f3n \u010cere\u0161\u0148a<br \/>\n10.Du\u017eina Mel\u00f3n Medovka Passion Fruit<br \/>\n11.Shisha Citr\u00f3n M\u00e4ta<br \/>\n12.Peachice<\/p>\n<figure id=\"attachment_2696\" aria-describedby=\"caption-attachment-2696\" style=\"width: 800px\" class=\"wp-caption alignnone\"><img loading=\"lazy\" decoding=\"async\" class=\"wp-image-2696 size-full\" src=\"https:\/\/rmvapesale.com\/wp-content\/uploads\/2024\/11\/Bang-King-25000-EShisha-Disposable-Vape.png\" alt=\"Bang King 25000 EShisha Jednorazov\u00fd Vaporiz\u00e9r\" width=\"800\" height=\"800\" srcset=\"https:\/\/rmvapesale.com\/wp-content\/uploads\/2024\/11\/Bang-King-25000-EShisha-Disposable-Vape.png 800w, https:\/\/rmvapesale.com\/wp-content\/uploads\/2024\/11\/Bang-King-25000-EShisha-Disposable-Vape-300x300.png 300w, https:\/\/rmvapesale.com\/wp-content\/uploads\/2024\/11\/Bang-King-25000-EShisha-Disposable-Vape-150x150.png 150w, https:\/\/rmvapesale.com\/wp-content\/uploads\/2024\/11\/Bang-King-25000-EShisha-Disposable-Vape-768x768.png 768w, https:\/\/rmvapesale.com\/wp-content\/uploads\/2024\/11\/Bang-King-25000-EShisha-Disposable-Vape-600x600.png 600w, https:\/\/rmvapesale.com\/wp-content\/uploads\/2024\/11\/Bang-King-25000-EShisha-Disposable-Vape-100x100.png 100w\" sizes=\"auto, (max-width: 800px) 100vw, 800px\" \/><figcaption id=\"caption-attachment-2696\" class=\"wp-caption-text\">Bang King 25000 EShisha Jednorazov\u00fd Vaporiz\u00e9r<\/figcaption><\/figure>\n<h3><\/h3>\n<h3><strong>Pre\u010do si vybra\u0165 Rmvapesale pre Bang Shisha 25000 <\/strong><strong>V<\/strong><strong>Ve\u013ekoobchod s vape<\/strong><strong>?<\/strong><\/h3>\n<div class=\"flex-shrink-0 flex flex-col relative items-end\">\n<div class=\"pt-0\">\n<div class=\"gizmo-bot-avatar flex h-8 w-8 items-center justify-center overflow-hidden rounded-full\">\n<div class=\"relative p-1 rounded-sm flex items-center justify-center bg-token-main-surface-primary text-token-text-primary h-8 w-8\">\n<p>Vitajte v Rmvapesale, va\u0161om d\u00f4veryhodnom obchode s vape pre pr\u00e9miov\u00e9 jednorazov\u00e9 vapy. S viac ako 5 ro\u010dn\u00fdmi sk\u00fasenos\u0165ami v\u00e1m prin\u00e1\u0161ame popul\u00e1rne zna\u010dky jednorazov\u00fdch vape ako Al Fakher, Vapme Vape, <a href=\"https:\/\/rmvapesale.com\/sk\/product\/vapme-crystal-7000-puffs-rechargeable-disposable-vape-price\/\">Vapme<\/a>, <a href=\"https:\/\/rmvapesale.com\/sk\/product-category\/bang-vapes\/\">Bang Vape<\/a>, Waspe, <a href=\"https:\/\/rmvapesale.com\/sk\/product\/wga-crystal-pro-max-extra-15k-puffs-disposable-vape-wholesale\/\">WGA<\/a> Vape a<a href=\"https:\/\/rmvapesale.com\/sk\/product-category\/randm-fumot-vape\/\"> RandM Vape<\/a>.<\/p>\n<p>N\u00e1\u0161 sortiment zah\u0155\u0148a popul\u00e1rne jednorazov\u00e9 vapky ako <a href=\"https:\/\/rmvapesale.com\/sk\/product\/fumot-digital-box-12000-disposable-vape-pink-lemonade-flavor\/\">RandM 12k<\/a> a vo\u013eby bohat\u00e9 na chu\u0165 ako napr\u00edklad <a href=\"https:\/\/rmvapesale.com\/sk\/product\/elfbar-combo-25000-puffs-rechargeable-disposable-vape-wholesale\/\">ELFBAR Combo 25000 Puff<\/a>. Ka\u017ed\u00fd produkt je vybran\u00fd so zameran\u00edm na kvalitu, hodnotu a rozmanitos\u0165, \u010do zais\u0165uje, \u017ee n\u00e1jdete perfektn\u00fa vo\u013ebu pre va\u0161e potreby. Objavte v\u00fdnimo\u010dn\u00e9 slu\u017eby a \u0161irok\u00fa \u0161k\u00e1lu \u0161pi\u010dkov\u00fdch produktov v Rmvapesale.<\/p>\n<\/div>\n<h3><\/h3>\n<div class=\"relative p-1 rounded-sm flex items-center justify-center bg-token-main-surface-primary text-token-text-primary h-8 w-8\">\n<h3><b>Bang King Shisha 25000 Crown Bar Screen Dob\u00edjate\u013en\u00fd Jednorazov\u00fd Vaporiz\u00e9r FAQS<\/b><\/h3>\n<p><strong>Q: Ak\u00e9 s\u00fa ob\u013e\u00faben\u00e9 pr\u00edchute pre Bang King Shisha 25000 jednorazov\u00fd vaporiz\u00e9r?<\/strong><br \/>\nA: The <strong>Bang King Shisha 25000<\/strong> pon\u00faka r\u00f4zne ob\u013e\u00faben\u00e9 pr\u00edchute, vr\u00e1tane <strong>Vimto Bull E Shisha, Citr\u00f3n M\u00e4ta a Ghiaccio Di Anguria<\/strong>. Tieto pr\u00edchute vyhovuj\u00fa r\u00f4znym preferenci\u00e1m a poskytuj\u00fa bohat\u00fd a uspokojiv\u00fd z\u00e1\u017eitok z vapovania.<\/p>\n<p><strong>Q: Ako zist\u00edm, kedy je m\u00f4j Bang Shisha 25000 Smart Vaporiz\u00e9r pr\u00e1zdny?<\/strong><br \/>\nA: Zist\u00edte, \u017ee je \u010das na dobitie alebo v\u00fdmenu vaporiz\u00e9ra, ke\u010f <strong>produkcia pary v\u00fdrazne klesne<\/strong>, a <strong>pr\u00edchu\u0165 m\u00f4\u017ee by\u0165 tie\u017e slab\u0161ia alebo sp\u00e1len\u00e1<\/strong>. Niektor\u00e9 vaporiz\u00e9ry m\u00f4\u017eu ma\u0165 aj LED indik\u00e1tor na upozornenie.<\/p>\n<p><strong>Q: Ako dlho trv\u00e1 nab\u00edjanie Bang 25000 Dob\u00edjate\u013en\u00e9ho Vaporiz\u00e9ra?<\/strong><br \/>\nA: The <strong>Bang 25000<\/strong> funkcie dob\u00edjate\u013en\u00e9ho vaporiz\u00e9ra <strong>650mAh bat\u00e9ria<\/strong> a podporuje <strong>Nab\u00edjanie typu C<\/strong>, zvy\u010dajne trv\u00e1 pribli\u017ene <strong>1\u20132 hodiny na \u00fapln\u00e9 nabitie<\/strong>.<\/p>\n<p><strong>Ot\u00e1zka: Kde k\u00fapi\u0165 ve\u013ekoobchodn\u00e9 vaporiz\u00e9ry Bang Shisha 25000 Puff?<\/strong><br \/>\nOdpove\u010f: M\u00f4\u017eete zak\u00fapi\u0165 <strong>Bang Shisha 25000<\/strong> za ve\u013ekoobchodn\u00e9 ceny online <strong>ve\u013ekoobchodn\u00ed dod\u00e1vatelia vaporiz\u00e9rov<\/strong>. H\u013eadajte renomovan\u00e9 <strong>predajniach s vaporiz\u00e9rmi<\/strong> ktor\u00e9 pon\u00fakaj\u00fa hromadn\u00e9 n\u00e1kupy <strong>Bang jednorazov\u00fdch vapov<\/strong> za najlep\u0161ie cenov\u00e9 mo\u017enosti.<\/p>\n<p><strong>M\u00f4\u017eem si vzia\u0165 nab\u00edjate\u013en\u00fd jednorazov\u00fd vape do lietadla?<\/strong><br \/>\nOdpove\u010f: \u00c1no, m\u00f4\u017eete si prinies\u0165 dob\u00edjate\u013en\u00e9 jednorazov\u00e9 vaporiz\u00e9ry na lietadlo, ale mali by by\u0165 <strong>prenesen\u00e9 v pr\u00edru\u010dnej bato\u017eine<\/strong>, preto\u017ee leteck\u00e9 spolo\u010dnosti zvy\u010dajne vy\u017eaduj\u00fa, aby vaporiz\u00e9ry boli v pr\u00edru\u010dnej bato\u017eine kv\u00f4li regul\u00e1ci\u00e1m bat\u00e9ri\u00ed.<\/p>\n<p><strong>Ot\u00e1zka: Ko\u013eko potiahnut\u00ed poskytuje vaporiz\u00e9r Bang Shisha 25000?<\/strong><br \/>\nA: The <strong>Bang Shisha 25000<\/strong> poskytuje <strong>a\u017e 25 000 pufmi<\/strong>, zabezpe\u010duj\u00fac dlh\u0161\u00ed, pohodln\u00fd z\u00e1\u017eitok z vapovania.<\/p>\n<p><strong>Ot\u00e1zka: Ako dlho trv\u00e1 \u00fapln\u00e9 nabitie vaporiz\u00e9ra Bang 25000?<\/strong><br \/>\nOdpove\u010f: Pln\u00e9 nabitie na <strong>Bang 25000 vaporiz\u00e9ri<\/strong> trv\u00e1 pribli\u017ene <strong>1\u20132 hodiny<\/strong> v\u010faka svojmu <strong>R\u00fdchle nab\u00edjanie cez Type-C<\/strong> s <strong>650mAh bat\u00e9ria<\/strong>.<\/p>\n<\/div>\n<div class=\"mb-2 flex gap-3 empty:hidden -ml-2\"><\/div>\n<p>&nbsp;<\/p>\n<\/div>\n<\/div>\n<\/div>\n<h3>O doru\u010den\u00ed<\/h3>\n<div class=\"flex-shrink-0 flex flex-col relative items-end\">\n<div>\n<div class=\"pt-0\">\n<div class=\"gizmo-bot-avatar flex h-8 w-8 items-center justify-center overflow-hidden rounded-full\">\n<div><\/div>\n<div class=\"relative p-1 rounded-sm flex items-center justify-center bg-token-main-surface-primary text-token-text-primary h-8 w-8\"><strong>1. Ak\u00e9 sp\u00f4soby doru\u010denia pou\u017e\u00edvate?<\/strong><\/div>\n<\/div>\n<\/div>\n<\/div>\n<\/div>\n<div class=\"group\/conversation-turn relative flex w-full min-w-0 flex-col agent-turn\">\n<div class=\"flex-col gap-1 md:gap-3\">\n<div class=\"flex max-w-full flex-col flex-grow\">\n<div class=\"min-h-[20px] text-message flex w-full flex-col items-end gap-2 whitespace-normal break-words [.text-message+&amp;]:mt-5 overflow-x-auto\" dir=\"auto\" data-message-author-role=\"assistant\" data-message-id=\"22f8283b-3233-46ff-89a5-c7a41b33abda\">\n<div class=\"flex w-full flex-col gap-1 empty:hidden first:pt-[3px]\">\n<div class=\"markdown prose w-full break-words dark:prose-invert light\">\n<p>Spolupracujeme so spolo\u010dnos\u0165ami UPS, DHL, FedEx, DPD a \u010fal\u0161\u00edmi popredn\u00fdmi dopravcami. Vyberieme najlep\u0161\u00ed sp\u00f4sob doru\u010denia na z\u00e1klade va\u0161ej adresy, aby sme zaistili, \u017ee svoje produkty dostanete \u010do najr\u00fdchlej\u0161ie.<\/p>\n<\/div>\n<p><strong>2. Ako dlho trv\u00e1 doru\u010denie?<\/strong><\/p>\n<p>Bal\u00edky doru\u010dovan\u00e9 na Slovensko zvy\u010dajne dorazia do 10 pracovn\u00fdch dn\u00ed. Doru\u010denie do eur\u00f3pskych kraj\u00edn zvy\u010dajne trv\u00e1 asi 12-15 pracovn\u00fdch dn\u00ed. Budeme v\u00e1s informova\u0165 o stave doru\u010denia v re\u00e1lnom \u010dase.<\/p>\n<\/div>\n<\/div>\n<\/div>\n<\/div>\n<\/div>\n<p>&nbsp;<\/p>\n<p>N\u00e1jdite \u010fal\u0161ie vape produkty, ktor\u00e9 by sa v\u00e1m mohli p\u00e1\u010di\u0165:<strong><em><a href=\"https:\/\/rmvapesale.com\/sk\/shop-2\/\">nakupova\u0165 teraz &gt;&gt;&gt;<\/a><\/em><\/strong><\/p>","protected":false},"excerpt":{"rendered":"<p>Bang King 25000 Pufov 0% 2% 5% Jednorazov\u00fd Vaporiz\u00e9r s N\u00edzkym Obsahom Nikot\u00ednu<br \/>\nBang King 25000 Ve\u013ekoobchodn\u00fd Dod\u00e1vate\u013e Cena Jednorazov\u00e9ho Vaporiz\u00e9ra<br \/>\nBang King Shisha 25000 Ve\u013ek\u00fdch Oblakov Displej Jednorazov\u00fd Vaporiz\u00e9r<\/p>\n<p><img loading=\"lazy\" decoding=\"async\" class=\"size-full wp-image-2375\" src=\"https:\/\/rmvapesale.com\/wp-content\/uploads\/2024\/10\/image.png\" alt=\"Najlep\u0161\u00ed jednorazov\u00fd vape\" width=\"229\" height=\"300\" \/><\/p>\n<h3><a href=\"https:\/\/wa.me\/8617776015835\"><span style=\"color: #ff0000\"><strong>WhatsApp: +86 17776015835<\/strong><\/span><\/a><\/h3>\n<p>&nbsp;<\/p>","protected":false},"featured_media":2698,"comment_status":"open","ping_status":"closed","template":"","meta":{"_uag_custom_page_level_css":"","_lmt_disableupdate":"no","_lmt_disable":"","site-sidebar-layout":"default","site-content-layout":"content-boxed-container","ast-site-content-layout":"normal-width-container","site-content-style":"boxed","site-sidebar-style":"unboxed","ast-global-header-display":"","ast-banner-title-visibility":"","ast-main-header-display":"","ast-hfb-above-header-display":"","ast-hfb-below-header-display":"","ast-hfb-mobile-header-display":"","site-post-title":"","ast-breadcrumbs-content":"","ast-featured-img":"","footer-sml-layout":"","theme-transparent-header-meta":"default","adv-header-id-meta":"","stick-header-meta":"","header-above-stick-meta":"","header-main-stick-meta":"","header-below-stick-meta":"","astra-migrate-meta-layouts":"set","ast-page-background-enabled":"default","ast-page-background-meta":{"desktop":{"background-color":"var(--ast-global-color-4)","background-image":"","background-repeat":"repeat","background-position":"center center","background-size":"auto","background-attachment":"scroll","background-type":"","background-media":"","overlay-type":"","overlay-color":"","overlay-opacity":"","overlay-gradient":""},"tablet":{"background-color":"","background-image":"","background-repeat":"repeat","background-position":"center center","background-size":"auto","background-attachment":"scroll","background-type":"","background-media":"","overlay-type":"","overlay-color":"","overlay-opacity":"","overlay-gradient":""},"mobile":{"background-color":"","background-image":"","background-repeat":"repeat","background-position":"center center","background-size":"auto","background-attachment":"scroll","background-type":"","background-media":"","overlay-type":"","overlay-color":"","overlay-opacity":"","overlay-gradient":""}},"ast-content-background-meta":{"desktop":{"background-color":"var(--ast-global-color-5)","background-image":"","background-repeat":"repeat","background-position":"center center","background-size":"auto","background-attachment":"scroll","background-type":"","background-media":"","overlay-type":"","overlay-color":"","overlay-opacity":"","overlay-gradient":""},"tablet":{"background-color":"var(--ast-global-color-5)","background-image":"","background-repeat":"repeat","background-position":"center center","background-size":"auto","background-attachment":"scroll","background-type":"","background-media":"","overlay-type":"","overlay-color":"","overlay-opacity":"","overlay-gradient":""},"mobile":{"background-color":"var(--ast-global-color-5)","background-image":"","background-repeat":"repeat","background-position":"center center","background-size":"auto","background-attachment":"scroll","background-type":"","background-media":"","overlay-type":"","overlay-color":"","overlay-opacity":"","overlay-gradient":""}},"_joinchat":[]},"product_brand":[],"product_cat":[15,25,123,26,28,135,27,137,136,30],"product_tag":[169,188,208,167,207,206,120],"class_list":{"0":"post-2702","1":"product","2":"type-product","3":"status-publish","4":"has-post-thumbnail","6":"product_cat-new-vape-this-week","7":"product_cat-germany-best-selling-vape","8":"product_cat-italy-wholesale-vape","9":"product_cat-netherlands-hot-sale-vape","10":"product_cat-poland-hot-sale-vape","11":"product_cat-spain-best-hot-sale-vape","12":"product_cat-fance-hot-sale-vape","13":"product_cat-rechargeable-vapes","14":"product_cat-smart-screen-vapes","15":"product_cat-minimum-order-quantity-50pcs","16":"product_tag-best-disposable-vape-2024","17":"product_tag-buy-vapes-online","18":"product_tag-crown-bar","19":"product_tag-disposable-vape-with-screen","20":"product_tag-puff-vape","21":"product_tag-smart-phone-vape","22":"product_tag-vape-wholesale","23":"desktop-align-left","24":"tablet-align-left","25":"mobile-align-left","27":"first","28":"instock","29":"sale","30":"shipping-taxable","31":"purchasable","32":"product-type-simple"},"uagb_featured_image_src":{"full":["https:\/\/rmvapesale.com\/wp-content\/uploads\/2024\/11\/BangKing-25000-Puffs-Crown-Bar-Disposable-Vape.png",800,800,false],"thumbnail":["https:\/\/rmvapesale.com\/wp-content\/uploads\/2024\/11\/BangKing-25000-Puffs-Crown-Bar-Disposable-Vape-150x150.png",150,150,true],"medium":["https:\/\/rmvapesale.com\/wp-content\/uploads\/2024\/11\/BangKing-25000-Puffs-Crown-Bar-Disposable-Vape-300x300.png",300,300,true],"medium_large":["https:\/\/rmvapesale.com\/wp-content\/uploads\/2024\/11\/BangKing-25000-Puffs-Crown-Bar-Disposable-Vape-768x768.png",768,768,true],"large":["https:\/\/rmvapesale.com\/wp-content\/uploads\/2024\/11\/BangKing-25000-Puffs-Crown-Bar-Disposable-Vape.png",800,800,false],"1536x1536":["https:\/\/rmvapesale.com\/wp-content\/uploads\/2024\/11\/BangKing-25000-Puffs-Crown-Bar-Disposable-Vape.png",800,800,false],"2048x2048":["https:\/\/rmvapesale.com\/wp-content\/uploads\/2024\/11\/BangKing-25000-Puffs-Crown-Bar-Disposable-Vape.png",800,800,false],"trp-custom-language-flag":["https:\/\/rmvapesale.com\/wp-content\/uploads\/2024\/11\/BangKing-25000-Puffs-Crown-Bar-Disposable-Vape.png",12,12,false],"woocommerce_thumbnail":["https:\/\/rmvapesale.com\/wp-content\/uploads\/2024\/11\/BangKing-25000-Puffs-Crown-Bar-Disposable-Vape-300x300.png",300,300,true],"woocommerce_single":["https:\/\/rmvapesale.com\/wp-content\/uploads\/2024\/11\/BangKing-25000-Puffs-Crown-Bar-Disposable-Vape-600x600.png",600,600,true],"woocommerce_gallery_thumbnail":["https:\/\/rmvapesale.com\/wp-content\/uploads\/2024\/11\/BangKing-25000-Puffs-Crown-Bar-Disposable-Vape-100x100.png",100,100,true],"wcpr-photo-reviews":["https:\/\/rmvapesale.com\/wp-content\/uploads\/2024\/11\/BangKing-25000-Puffs-Crown-Bar-Disposable-Vape.png",500,500,false]},"uagb_author_info":{"display_name":"AMY","author_link":"https:\/\/rmvapesale.com\/sk\/author\/"},"uagb_comment_info":0,"uagb_excerpt":"Bang King 25000 Puffs 0% 2% 5% Low Nicotine Disposable Vape Bang King 25000 Disposable Vape Wholesale Supplier Price Bang King Shisha 25000 Big Clouds Display Screen Disposable Vape WhatsApp: +86 17776015835 &nbsp;","_links":{"self":[{"href":"https:\/\/rmvapesale.com\/sk\/wp-json\/wp\/v2\/product\/2702","targetHints":{"allow":["GET"]}}],"collection":[{"href":"https:\/\/rmvapesale.com\/sk\/wp-json\/wp\/v2\/product"}],"about":[{"href":"https:\/\/rmvapesale.com\/sk\/wp-json\/wp\/v2\/types\/product"}],"replies":[{"embeddable":true,"href":"https:\/\/rmvapesale.com\/sk\/wp-json\/wp\/v2\/comments?post=2702"}],"wp:featuredmedia":[{"embeddable":true,"href":"https:\/\/rmvapesale.com\/sk\/wp-json\/wp\/v2\/media\/2698"}],"wp:attachment":[{"href":"https:\/\/rmvapesale.com\/sk\/wp-json\/wp\/v2\/media?parent=2702"}],"wp:term":[{"taxonomy":"product_brand","embeddable":true,"href":"https:\/\/rmvapesale.com\/sk\/wp-json\/wp\/v2\/product_brand?post=2702"},{"taxonomy":"product_cat","embeddable":true,"href":"https:\/\/rmvapesale.com\/sk\/wp-json\/wp\/v2\/product_cat?post=2702"},{"taxonomy":"product_tag","embeddable":true,"href":"https:\/\/rmvapesale.com\/sk\/wp-json\/wp\/v2\/product_tag?post=2702"}],"curies":[{"name":"wp","href":"https:\/\/api.w.org\/{rel}","templated":true}]}}