{"id":2714,"date":"2024-11-12T07:20:25","date_gmt":"2024-11-12T07:20:25","guid":{"rendered":"https:\/\/rmvapesale.com\/?post_type=product&#038;p=2714"},"modified":"2024-11-12T07:28:53","modified_gmt":"2024-11-12T07:28:53","slug":"bang-king-nicotine-gum-chewing-gum-help-stop-smoking","status":"publish","type":"product","link":"https:\/\/rmvapesale.com\/sk\/product\/bang-king-nicotine-gum-chewing-gum-help-stop-smoking\/","title":{"rendered":"Bang King Nicot\u00ednov\u00e1 \u017duva\u010dka Pom\u00e1ha presta\u0165 faj\u010di\u0165"},"content":{"rendered":"<div class=\"B2VR9 CJHX3e\">\n<div class=\"wyccme\">\n<h1 class=\"LC20lb MBeuO DKV0Md\">Bang King Nicot\u00ednov\u00e1 \u017duva\u010dka Pom\u00e1ha presta\u0165 faj\u010di\u0165<\/h1>\n<div class=\"flex-shrink-0 flex flex-col relative items-end\">\n<div class=\"pt-0\">\n<div class=\"gizmo-bot-avatar flex h-8 w-8 items-center justify-center overflow-hidden rounded-full\">\n<div class=\"relative p-1 rounded-sm flex items-center justify-center bg-token-main-surface-primary text-token-text-primary h-8 w-8\">\n<p>Zbavte sa faj\u010diarskeho zvyku s <strong>Bang king Nikot\u00ednov\u00e1 \u017euva\u010dka<\/strong>, \u0161peci\u00e1lne formulovan\u00e1 nikot\u00ednov\u00e1 \u017euva\u010dka, ktor\u00e1 v\u00e1m pom\u00e1ha presta\u0165 faj\u010di\u0165 bez \u0161kodliv\u00fdch \u00fa\u010dinkov tabaku. S 4 mg nikot\u00ednu na kus, t\u00e1to \u017euva\u010dka poskytuje presne to\u013eko, ko\u013eko je potrebn\u00e9 na potla\u010denie t\u00fa\u017eby, \u010d\u00edm je \u00fa\u010dinn\u00fdm prostriedkom na odvykanie od faj\u010denia.<\/p>\n<p>Ka\u017ed\u00e9 ve\u013ekoobchodn\u00e9 balenie obsahuje <strong>20 poh\u00e1rov<\/strong>, s <strong>90 kusmi na poh\u00e1r<\/strong>. T\u00e1to \u017euva\u010dka je navrhnut\u00e1 na diskr\u00e9tne pou\u017eitie, pon\u00faka svie\u017ei dych a \u017eiadne zvy\u0161ky dymu alebo nepr\u00edjemn\u00e9 pachy tabaku. Je ide\u00e1lna pre situ\u00e1cie, ke\u010f nie je mo\u017en\u00e9 alebo vhodn\u00e9 faj\u010di\u0165, ako s\u00fa stretnutia alebo spolo\u010densk\u00e9 udalosti, bez vplyvu na okolie.<\/p>\n<h3>K\u013e\u00fa\u010dov\u00e9 vlastnosti:<\/h3>\n<ul>\n<li><strong>4 mg Nikot\u00ednu<\/strong> na kus \u017euva\u010dky<\/li>\n<li><strong>\u017diadne tabakov\u00e9 zlo\u017eky<\/strong>: Bezpe\u010dn\u00e9 a bez tabaku<\/li>\n<li><strong>\u017diadny dym, \u017eiadny vplyv na ostatn\u00fdch<\/strong>: U\u017e\u00edvajte kdeko\u013evek bez ru\u0161enia okolia<\/li>\n<li><strong>\u017diadne \u010dierne zuby<\/strong>: Udr\u017eiava v\u00e1\u0161 \u00fasmev jasn\u00fd a bez \u0161kv\u0155n od tabaku<\/li>\n<li><strong>\u010cerstv\u00fd dych<\/strong>: Navrhnut\u00e9 tak, aby zanechalo va\u0161u \u00fastnu dutinu svie\u017eu<\/li>\n<li><strong>Vysok\u00e1 miera obnovenia chuti<\/strong>: Poskytuje pr\u00edjemn\u00fd \u017euvac\u00ed z\u00e1\u017eitok<\/li>\n<\/ul>\n<p>S <strong>\u017eiadny cukor<\/strong> a <strong>\u017eiadne transmastn\u00e9 kyseliny<\/strong>, Bangking nikot\u00ednov\u00e1 \u017euva\u010dka je zdrav\u0161ou vo\u013ebou pre t\u00fdch, ktor\u00ed chc\u00fa presta\u0165 faj\u010di\u0165. Ide\u00e1lne rie\u0161enie pre jednotlivcov a firmy, ktor\u00e9 chc\u00fa zak\u00fapi\u0165 \u00fa\u010dinn\u00fa nikot\u00ednov\u00fa \u017euva\u010dku vo ve\u013ekom mno\u017estve.<\/p>\n<p>&nbsp;<\/p>\n<\/div>\n<\/div>\n<\/div>\n<\/div>\n<\/div>\n<\/div>\n<p><strong>Kontaktujte Amy pre spr\u00e1vnu odpove\u010f a vape kup\u00f3n!<\/strong><\/p>\n<p><img loading=\"lazy\" decoding=\"async\" class=\"size-full wp-image-1978\" src=\"https:\/\/rmvapesale.com\/wp-content\/uploads\/2024\/09\/Disposable-Vape-Wholesale.jpg\" alt=\"Jednorazov\u00fd vape ve\u013ekoobchod\" width=\"229\" height=\"300\" \/><\/p>\n<h3><a href=\"https:\/\/wa.me\/8617776015835\" target=\"_blank\" rel=\"noopener\"><span style=\"color: #ff0000\"><strong>WhatsApp: +86 17776015835<\/strong><\/span><\/a><\/h3>\n<p>&nbsp;<\/p>\n<figure id=\"attachment_2709\" aria-describedby=\"caption-attachment-2709\" style=\"width: 600px\" class=\"wp-caption alignnone\"><img loading=\"lazy\" decoding=\"async\" class=\"wp-image-2709 size-full\" src=\"https:\/\/rmvapesale.com\/wp-content\/uploads\/2024\/11\/Bang-King-Nicotine-Gum-Wholesale.jpg\" alt=\"Ve\u013ekoobchod s nikot\u00ednovou \u017euva\u010dkou Bang King\" width=\"600\" height=\"600\" srcset=\"https:\/\/rmvapesale.com\/wp-content\/uploads\/2024\/11\/Bang-King-Nicotine-Gum-Wholesale.jpg 600w, https:\/\/rmvapesale.com\/wp-content\/uploads\/2024\/11\/Bang-King-Nicotine-Gum-Wholesale-300x300.jpg 300w, https:\/\/rmvapesale.com\/wp-content\/uploads\/2024\/11\/Bang-King-Nicotine-Gum-Wholesale-150x150.jpg 150w, https:\/\/rmvapesale.com\/wp-content\/uploads\/2024\/11\/Bang-King-Nicotine-Gum-Wholesale-100x100.jpg 100w\" sizes=\"auto, (max-width: 600px) 100vw, 600px\" \/><figcaption id=\"caption-attachment-2709\" class=\"wp-caption-text\">Ve\u013ekoobchod s nikot\u00ednovou \u017euva\u010dkou Bang King<\/figcaption><\/figure>\n<h3><\/h3>\n<h3><strong>Pre\u010do si vybra\u0165 Rmvapesale pre Bang King nikot\u00ednov\u00fa \u017euva\u010dku<\/strong><strong>\u00a0Ve\u013ekoobchod<\/strong><strong>?<\/strong><\/h3>\n<div class=\"flex-shrink-0 flex flex-col relative items-end\">\n<div class=\"pt-0\">\n<div class=\"gizmo-bot-avatar flex h-8 w-8 items-center justify-center overflow-hidden rounded-full\">\n<div class=\"relative p-1 rounded-sm flex items-center justify-center bg-token-main-surface-primary text-token-text-primary h-8 w-8\">\n<p>Vitajte v Rmvapesale, va\u0161om d\u00f4veryhodnom obchode s vape pre pr\u00e9miov\u00e9 jednorazov\u00e9 vapy. S viac ako 5 ro\u010dn\u00fdmi sk\u00fasenos\u0165ami v\u00e1m prin\u00e1\u0161ame popul\u00e1rne zna\u010dky jednorazov\u00fdch vape ako Al Fakher, Vapme Vape, <a href=\"https:\/\/rmvapesale.com\/sk\/product\/vapme-crystal-7000-puffs-rechargeable-disposable-vape-price\/\">Vapme<\/a>, <a href=\"https:\/\/rmvapesale.com\/sk\/product-category\/bang-vapes\/\">Bang Vape<\/a>, Waspe, <a href=\"https:\/\/rmvapesale.com\/sk\/product\/wga-crystal-pro-max-extra-15k-puffs-disposable-vape-wholesale\/\">WGA<\/a> Vape a<a href=\"https:\/\/rmvapesale.com\/sk\/product-category\/randm-fumot-vape\/\"> RandM Vape<\/a>.<\/p>\n<p>N\u00e1\u0161 sortiment zah\u0155\u0148a popul\u00e1rne jednorazov\u00e9 vapky ako <a href=\"https:\/\/rmvapesale.com\/sk\/product\/fumot-digital-box-12000-disposable-vape-pink-lemonade-flavor\/\">RandM 12k<\/a> a vo\u013eby bohat\u00e9 na chu\u0165 ako napr\u00edklad <a href=\"https:\/\/rmvapesale.com\/sk\/product\/elfbar-combo-25000-puffs-rechargeable-disposable-vape-wholesale\/\">ELFBAR Combo 25000 Puff<\/a>. Ka\u017ed\u00fd produkt je vybran\u00fd so zameran\u00edm na kvalitu, hodnotu a rozmanitos\u0165, \u010do zais\u0165uje, \u017ee n\u00e1jdete perfektn\u00fa vo\u013ebu pre va\u0161e potreby. Objavte v\u00fdnimo\u010dn\u00e9 slu\u017eby a \u0161irok\u00fa \u0161k\u00e1lu \u0161pi\u010dkov\u00fdch produktov v Rmvapesale.<\/p>\n<\/div>\n<h3><\/h3>\n<div class=\"relative p-1 rounded-sm flex items-center justify-center bg-token-main-surface-primary text-token-text-primary h-8 w-8\">\n<h3><b>\u010casto kladen\u00e9 ot\u00e1zky o Bang King nikot\u00ednovej \u017euva\u010dke<\/b><\/h3>\n<\/div>\n<div class=\"mb-2 flex gap-3 empty:hidden -ml-2\">\n<ol>\n<li><strong>Ko\u013eko nikot\u00ednu je v ka\u017edom k\u00fasku Bangking nikot\u00ednovej \u017euva\u010dky?<\/strong><br \/>\nKa\u017ed\u00fd k\u00fasok Bangking nikot\u00ednovej \u017euva\u010dky obsahuje 4 mg nikot\u00ednu, navrhnut\u00fd tak, aby pom\u00e1hal zni\u017eova\u0165 t\u00fa\u017ebu a podporoval odvykanie od faj\u010denia.<\/li>\n<li><strong>Je t\u00e1to \u017euva\u010dka bez tabaku?<\/strong><br \/>\n\u00c1no, Bangking nikot\u00ednov\u00e1 \u017euva\u010dka neobsahuje \u017eiadne tabakov\u00e9 zlo\u017eky. Poskytuje nikot\u00edn bez \u0161kodliv\u00fdch \u00fa\u010dinkov tabaku.<\/li>\n<li><strong>Zne\u010dist\u00ed t\u00e1to \u017euva\u010dka moje zuby?<\/strong><br \/>\nNie, Bangking nikot\u00ednov\u00e1 \u017euva\u010dka je formulovan\u00e1 tak, aby zabr\u00e1nila \u010diernym alebo zafarben\u00fdm zubom, tak\u017ee si m\u00f4\u017eete udr\u017ea\u0165 jasn\u00fd \u00fasmev bez ob\u00e1v.<\/li>\n<li><strong>M\u00f4\u017eem pou\u017ei\u0165 t\u00fato \u017euva\u010dku na verejn\u00fdch miestach?<\/strong><br \/>\nUr\u010dite! \u017duva\u010dka je bez dymu a nem\u00e1 vplyv na ostatn\u00fdch okolo v\u00e1s, tak\u017ee je vhodn\u00e1 na pou\u017eitie na stretnutiach, spolo\u010densk\u00fdch podujatiach a in\u00fdch verejn\u00fdch miestach.<\/li>\n<\/ol>\n<\/div>\n<p>&nbsp;<\/p>\n<\/div>\n<\/div>\n<\/div>\n<h3>O doru\u010den\u00ed<\/h3>\n<div class=\"flex-shrink-0 flex flex-col relative items-end\">\n<div>\n<div class=\"pt-0\">\n<div class=\"gizmo-bot-avatar flex h-8 w-8 items-center justify-center overflow-hidden rounded-full\">\n<div><\/div>\n<div class=\"relative p-1 rounded-sm flex items-center justify-center bg-token-main-surface-primary text-token-text-primary h-8 w-8\"><strong>1. Ak\u00e9 sp\u00f4soby doru\u010denia pou\u017e\u00edvate?<\/strong><\/div>\n<\/div>\n<\/div>\n<\/div>\n<\/div>\n<div class=\"group\/conversation-turn relative flex w-full min-w-0 flex-col agent-turn\">\n<div class=\"flex-col gap-1 md:gap-3\">\n<div class=\"flex max-w-full flex-col flex-grow\">\n<div class=\"min-h-[20px] text-message flex w-full flex-col items-end gap-2 whitespace-normal break-words [.text-message+&amp;]:mt-5 overflow-x-auto\" dir=\"auto\" data-message-author-role=\"assistant\" data-message-id=\"22f8283b-3233-46ff-89a5-c7a41b33abda\">\n<div class=\"flex w-full flex-col gap-1 empty:hidden first:pt-[3px]\">\n<div class=\"markdown prose w-full break-words dark:prose-invert light\">\n<p>Spolupracujeme so spolo\u010dnos\u0165ami UPS, DHL, FedEx, DPD a \u010fal\u0161\u00edmi popredn\u00fdmi dopravcami. Vyberieme najlep\u0161\u00ed sp\u00f4sob doru\u010denia na z\u00e1klade va\u0161ej adresy, aby sme zaistili, \u017ee svoje produkty dostanete \u010do najr\u00fdchlej\u0161ie.<\/p>\n<\/div>\n<p><strong>2. Ako dlho trv\u00e1 doru\u010denie?<\/strong><\/p>\n<p>Bal\u00edky doru\u010dovan\u00e9 na Slovensko zvy\u010dajne dorazia do 10 pracovn\u00fdch dn\u00ed. Doru\u010denie do eur\u00f3pskych kraj\u00edn zvy\u010dajne trv\u00e1 asi 12-15 pracovn\u00fdch dn\u00ed. Budeme v\u00e1s informova\u0165 o stave doru\u010denia v re\u00e1lnom \u010dase.<\/p>\n<\/div>\n<\/div>\n<\/div>\n<\/div>\n<\/div>\n<p>&nbsp;<\/p>\n<p>N\u00e1jdite \u010fal\u0161ie vape produkty, ktor\u00e9 by sa v\u00e1m mohli p\u00e1\u010di\u0165:<strong><em><a href=\"https:\/\/rmvapesale.com\/sk\/shop-2\/\">nakupova\u0165 teraz &gt;&gt;&gt;<\/a><\/em><\/strong><\/p>","protected":false},"excerpt":{"rendered":"<p>Bang King Nikot\u00ednov\u00e1 \u017euva\u010dka Pomoc pri odvykan\u00ed od faj\u010denia \u017duva\u010dka online<br \/>\nBang King Nikot\u00ednov\u00e1 \u017euva\u010dka Ve\u013ekoobchod Jednorazov\u00e9 vapovanie<br \/>\nBang King Nov\u00e1 nikot\u00ednov\u00e1 \u017euva\u010dka Cena v\u00fdroby<\/p>\n<p><img loading=\"lazy\" decoding=\"async\" class=\"size-full wp-image-2375\" src=\"https:\/\/rmvapesale.com\/wp-content\/uploads\/2024\/10\/image.png\" alt=\"Najlep\u0161\u00ed jednorazov\u00fd vape\" width=\"229\" height=\"300\" \/><\/p>\n<h3><a href=\"https:\/\/wa.me\/8617776015835\"><span style=\"color: #ff0000\"><strong>WhatsApp: +86 17776015835<\/strong><\/span><\/a><\/h3>\n<p>&nbsp;<\/p>","protected":false},"featured_media":2713,"comment_status":"open","ping_status":"closed","template":"","meta":{"_uag_custom_page_level_css":"","_lmt_disableupdate":"no","_lmt_disable":"","site-sidebar-layout":"default","site-content-layout":"content-boxed-container","ast-site-content-layout":"normal-width-container","site-content-style":"boxed","site-sidebar-style":"unboxed","ast-global-header-display":"","ast-banner-title-visibility":"","ast-main-header-display":"","ast-hfb-above-header-display":"","ast-hfb-below-header-display":"","ast-hfb-mobile-header-display":"","site-post-title":"","ast-breadcrumbs-content":"","ast-featured-img":"","footer-sml-layout":"","ast-disable-related-posts":"","theme-transparent-header-meta":"default","adv-header-id-meta":"","stick-header-meta":"","header-above-stick-meta":"","header-main-stick-meta":"","header-below-stick-meta":"","astra-migrate-meta-layouts":"set","ast-page-background-enabled":"default","ast-page-background-meta":{"desktop":{"background-color":"var(--ast-global-color-4)","background-image":"","background-repeat":"repeat","background-position":"center center","background-size":"auto","background-attachment":"scroll","background-type":"","background-media":"","overlay-type":"","overlay-color":"","overlay-opacity":"","overlay-gradient":""},"tablet":{"background-color":"","background-image":"","background-repeat":"repeat","background-position":"center center","background-size":"auto","background-attachment":"scroll","background-type":"","background-media":"","overlay-type":"","overlay-color":"","overlay-opacity":"","overlay-gradient":""},"mobile":{"background-color":"","background-image":"","background-repeat":"repeat","background-position":"center center","background-size":"auto","background-attachment":"scroll","background-type":"","background-media":"","overlay-type":"","overlay-color":"","overlay-opacity":"","overlay-gradient":""}},"ast-content-background-meta":{"desktop":{"background-color":"var(--ast-global-color-5)","background-image":"","background-repeat":"repeat","background-position":"center center","background-size":"auto","background-attachment":"scroll","background-type":"","background-media":"","overlay-type":"","overlay-color":"","overlay-opacity":"","overlay-gradient":""},"tablet":{"background-color":"var(--ast-global-color-5)","background-image":"","background-repeat":"repeat","background-position":"center center","background-size":"auto","background-attachment":"scroll","background-type":"","background-media":"","overlay-type":"","overlay-color":"","overlay-opacity":"","overlay-gradient":""},"mobile":{"background-color":"var(--ast-global-color-5)","background-image":"","background-repeat":"repeat","background-position":"center center","background-size":"auto","background-attachment":"scroll","background-type":"","background-media":"","overlay-type":"","overlay-color":"","overlay-opacity":"","overlay-gradient":""}},"_joinchat":[]},"product_brand":[],"product_cat":[15,27,25,123,30,26,28,137,136,135],"product_tag":[211,210],"class_list":{"0":"post-2714","1":"product","2":"type-product","3":"status-publish","4":"has-post-thumbnail","6":"product_cat-new-vape-this-week","7":"product_cat-fance-hot-sale-vape","8":"product_cat-germany-best-selling-vape","9":"product_cat-italy-wholesale-vape","10":"product_cat-minimum-order-quantity-50pcs","11":"product_cat-netherlands-hot-sale-vape","12":"product_cat-poland-hot-sale-vape","13":"product_cat-rechargeable-vapes","14":"product_cat-smart-screen-vapes","15":"product_cat-spain-best-hot-sale-vape","16":"product_tag-bang-king-nicotine-gum","17":"product_tag-bangking-bangking","18":"desktop-align-left","19":"tablet-align-left","20":"mobile-align-left","22":"first","23":"instock","24":"sale","25":"shipping-taxable","26":"purchasable","27":"product-type-simple"},"uagb_featured_image_src":{"full":["https:\/\/rmvapesale.com\/wp-content\/uploads\/2024\/11\/Bang-Vape-Bang-King-Nicotine-Gum.jpg",600,600,false],"thumbnail":["https:\/\/rmvapesale.com\/wp-content\/uploads\/2024\/11\/Bang-Vape-Bang-King-Nicotine-Gum-150x150.jpg",150,150,true],"medium":["https:\/\/rmvapesale.com\/wp-content\/uploads\/2024\/11\/Bang-Vape-Bang-King-Nicotine-Gum-300x300.jpg",300,300,true],"medium_large":["https:\/\/rmvapesale.com\/wp-content\/uploads\/2024\/11\/Bang-Vape-Bang-King-Nicotine-Gum.jpg",600,600,false],"large":["https:\/\/rmvapesale.com\/wp-content\/uploads\/2024\/11\/Bang-Vape-Bang-King-Nicotine-Gum.jpg",600,600,false],"1536x1536":["https:\/\/rmvapesale.com\/wp-content\/uploads\/2024\/11\/Bang-Vape-Bang-King-Nicotine-Gum.jpg",600,600,false],"2048x2048":["https:\/\/rmvapesale.com\/wp-content\/uploads\/2024\/11\/Bang-Vape-Bang-King-Nicotine-Gum.jpg",600,600,false],"trp-custom-language-flag":["https:\/\/rmvapesale.com\/wp-content\/uploads\/2024\/11\/Bang-Vape-Bang-King-Nicotine-Gum.jpg",12,12,false],"woocommerce_thumbnail":["https:\/\/rmvapesale.com\/wp-content\/uploads\/2024\/11\/Bang-Vape-Bang-King-Nicotine-Gum-300x300.jpg",300,300,true],"woocommerce_single":["https:\/\/rmvapesale.com\/wp-content\/uploads\/2024\/11\/Bang-Vape-Bang-King-Nicotine-Gum.jpg",600,600,false],"woocommerce_gallery_thumbnail":["https:\/\/rmvapesale.com\/wp-content\/uploads\/2024\/11\/Bang-Vape-Bang-King-Nicotine-Gum-100x100.jpg",100,100,true],"wcpr-photo-reviews":["https:\/\/rmvapesale.com\/wp-content\/uploads\/2024\/11\/Bang-Vape-Bang-King-Nicotine-Gum.jpg",500,500,false]},"uagb_author_info":{"display_name":"AMY","author_link":"https:\/\/rmvapesale.com\/sk\/author\/"},"uagb_comment_info":0,"uagb_excerpt":"Bang King Nicotine Gum Help Stop Smoking Gum Online Bang King Nicotine Gum Wholesale Disposable Vape Bang King New Nicotine Chewing Gum Chewing Factory Price WhatsApp: +86 17776015835 &nbsp;","_links":{"self":[{"href":"https:\/\/rmvapesale.com\/sk\/wp-json\/wp\/v2\/product\/2714","targetHints":{"allow":["GET"]}}],"collection":[{"href":"https:\/\/rmvapesale.com\/sk\/wp-json\/wp\/v2\/product"}],"about":[{"href":"https:\/\/rmvapesale.com\/sk\/wp-json\/wp\/v2\/types\/product"}],"replies":[{"embeddable":true,"href":"https:\/\/rmvapesale.com\/sk\/wp-json\/wp\/v2\/comments?post=2714"}],"wp:featuredmedia":[{"embeddable":true,"href":"https:\/\/rmvapesale.com\/sk\/wp-json\/wp\/v2\/media\/2713"}],"wp:attachment":[{"href":"https:\/\/rmvapesale.com\/sk\/wp-json\/wp\/v2\/media?parent=2714"}],"wp:term":[{"taxonomy":"product_brand","embeddable":true,"href":"https:\/\/rmvapesale.com\/sk\/wp-json\/wp\/v2\/product_brand?post=2714"},{"taxonomy":"product_cat","embeddable":true,"href":"https:\/\/rmvapesale.com\/sk\/wp-json\/wp\/v2\/product_cat?post=2714"},{"taxonomy":"product_tag","embeddable":true,"href":"https:\/\/rmvapesale.com\/sk\/wp-json\/wp\/v2\/product_tag?post=2714"}],"curies":[{"name":"wp","href":"https:\/\/api.w.org\/{rel}","templated":true}]}}