{"id":2718,"date":"2024-11-12T08:49:23","date_gmt":"2024-11-12T08:49:23","guid":{"rendered":"https:\/\/rmvapesale.com\/?post_type=product&#038;p=2718"},"modified":"2024-11-12T09:20:43","modified_gmt":"2024-11-12T09:20:43","slug":"randm-tornado-9000-puff-blue-razz-ice-rechargeable-diposable-vape-wholesale-price","status":"publish","type":"product","link":"https:\/\/rmvapesale.com\/sk\/product\/randm-tornado-9000-puff-blue-razz-ice-rechargeable-diposable-vape-wholesale-price\/","title":{"rendered":"Ve\u013ekoobchodn\u00e1 cena dob\u00edjacej jednorazovej elektronickej cigarety RandM Tornado 9000 puff Blue Razz Ice"},"content":{"rendered":"<div class=\"B2VR9 CJHX3e\">\n<div class=\"wyccme\">\n<h1 class=\"LC20lb MBeuO DKV0Md\">Ve\u013ekoobchodn\u00e1 cena dob\u00edjacej jednorazovej elektronickej cigarety RandM Tornado 9000 puff Blue Razz Ice<\/h1>\n<div class=\"flex-shrink-0 flex flex-col relative items-end\">\n<div class=\"pt-0\">\n<div class=\"gizmo-bot-avatar flex h-8 w-8 items-center justify-center overflow-hidden rounded-full\">\n<div class=\"relative p-1 rounded-sm flex items-center justify-center bg-token-main-surface-primary text-token-text-primary h-8 w-8\">\n<p>Za\u017eite v\u00fdnimo\u010dn\u00fd v\u00fdkon a pr\u00edchu\u0165 nab\u00edjate\u013en\u00e9ho jednorazov\u00e9ho vapu RandM Tornado 9000 Blue Razz Ice, ktor\u00fd je teraz k dispoz\u00edcii za ve\u013ekoobchodn\u00e9 ceny. Toto vapo zariadenie pon\u00faka neuverite\u013en\u00fdch 9000+ \u0161lukov, v\u010faka \u010domu je ide\u00e1lne pre t\u00fdch, ktor\u00ed chc\u00fa vapova\u0165 dlho bez probl\u00e9mov s \u010dastou v\u00fdmenou. Ka\u017ed\u00e9 vapo je vopred naplnen\u00e9 18 ml pr\u00e9miovej nic so\u013enej e-liquidu, ktor\u00e1 poskytuje hladk\u00fd a uspokojiv\u00fd hit pri ka\u017edom \u0161luku. Pr\u00edchu\u0165 Blue Razz Ice kombinuje \u0161\u0165avnat\u00fd, sladk\u00fd malinov\u00fd z\u00e1klad s \u013eadov\u00fdm z\u00e1verom pre osvie\u017euj\u00faci z\u00e1\u017eitok z vapovania, ktor\u00fd je ide\u00e1lny na celodenn\u00e9 u\u017e\u00edvanie.<\/p>\n<p>RandM Tornado 9000, navrhnut\u00fd pre pohodlie, je vybaven\u00fd 850mAh nab\u00edjate\u013enou bat\u00e9riou, tak\u017ee ho m\u00f4\u017eete \u013eahko nabi\u0165 cez port typu C a pokra\u010dova\u0165 vo vapovan\u00ed bez preru\u0161enia. Jeho mechanizmus aktivovan\u00fd \u0165ahan\u00edm u\u013eah\u010duje pou\u017e\u00edvanie \u2013 sta\u010d\u00ed vd\u00fdchnu\u0165 a aktivova\u0165 ho. V\u010faka \u017eiariv\u00e9mu dizajnu a RGB osvetleniu toto vapo vizu\u00e1lne vynik\u00e1, \u010do z neho rob\u00ed dokonal\u00fd doplnok do zbierky ka\u017ed\u00e9ho nad\u0161enca vapovania. RandM 9K je vytvoren\u00fd tak, aby poskytoval konzistentn\u00fa pr\u00edchu\u0165 a kvalitu, \u010di u\u017e ste sk\u00fasen\u00fd vaper alebo s vapovan\u00edm len za\u010d\u00ednate.<\/p>\n<p>&nbsp;<\/p>\n<\/div>\n<\/div>\n<\/div>\n<\/div>\n<\/div>\n<\/div>\n<p><strong>Kontaktujte Amy pre spr\u00e1vnu odpove\u010f a vape kup\u00f3n!<\/strong><\/p>\n<p><img loading=\"lazy\" decoding=\"async\" class=\"size-full wp-image-1978\" src=\"https:\/\/rmvapesale.com\/wp-content\/uploads\/2024\/09\/Disposable-Vape-Wholesale.jpg\" alt=\"Jednorazov\u00fd vape ve\u013ekoobchod\" width=\"229\" height=\"300\" \/><\/p>\n<h3><a href=\"https:\/\/wa.me\/8617776015835\" target=\"_blank\" rel=\"noopener\"><span style=\"color: #ff0000\"><strong>WhatsApp: +86 17776015835<\/strong><\/span><\/a><\/h3>\n<p>&nbsp;<\/p>\n<h2><\/h2>\n<h2><strong>RandM Tornado 9000 <\/strong><strong>K\u013e\u00fa\u010dov\u00e9 vlastnosti<\/strong><\/h2>\n<p>&nbsp;<\/p>\n<ul>\n<li>9000+ \u0161lukov pre pred\u013a\u017een\u00e9 u\u017e\u00edvanie si vapovania<\/li>\n<li>18 ml nic so\u013enej e-liquidu Blue Razz Ice pre hladk\u00e9 hity<\/li>\n<li>850mAh nab\u00edjate\u013en\u00e1 bat\u00e9ria s nab\u00edjan\u00edm typu C<\/li>\n<li>Mechanizmus aktivovan\u00fd \u0165ahan\u00edm, jednoduch\u00fd na pou\u017e\u00edvanie<\/li>\n<li>P\u00fatav\u00e9 RGB osvetlenie pre jedine\u010dn\u00fd vzh\u013ead<\/li>\n<\/ul>\n<p>&nbsp;<\/p>\n<h2><strong>Top pr\u00edchu\u0165 RandM Tornado 9000<\/strong><\/h2>\n<p>1 \u010cu\u010doriedka Malina <span style=\"color: #ff0000\"><strong>&gt;&gt;&gt;&gt; Hor\u00face!<\/strong><\/span><br \/>\n2 P\u00e1n Modr\u00fd <span style=\"color: #ff0000\"><strong>&gt;&gt;&gt;&gt; Hor\u00face!<\/strong><\/span><br \/>\n3 Jahoda Mel\u00f3n<br \/>\n4 Pomaran\u010dov\u00e1 s\u00f3da<br \/>\n5 Mel\u00f3nov\u00e1 \u017euva\u010dka<br \/>\n6 D\u00fahov\u00e9 cukr\u00edky<br \/>\n7 Ru\u017eov\u00e1 limon\u00e1da <span style=\"color: #ff0000\"><strong>&gt;&gt;&gt;&gt; Hor\u00face!<\/strong><\/span><br \/>\n8 Brosky\u0148a Mango Anan\u00e1s<br \/>\n9 Jahoda Ban\u00e1n<br \/>\n10 Svie\u017ei \u013ead<br \/>\n11 \u010cierny \u013eadov\u00fd drak<br \/>\n12 Aloe hrozno<br \/>\n13 Modr\u00fd malinov\u00fd \u013ead<br \/>\n14 Kivi Mu\u010denka Guava<br \/>\n15 Gumen\u00fd medved\u00edk<br \/>\n16 Zmes lesn\u00e9ho ovocia <span style=\"color: #ff0000\"><strong>&gt;&gt;&gt;&gt; Hor\u00face!<\/strong><\/span><br \/>\n17 Chladiv\u00e1 m\u00e4ta<br \/>\n18 Malina Vodn\u00fd mel\u00f3n<br \/>\n19 Brosky\u0148ov\u00e1 limon\u00e1da<br \/>\n20 Guavov\u00fd \u013ead<br \/>\n21 Jahodov\u00e1 limon\u00e1da<br \/>\n22 Mel\u00f3nov\u00fd a malinov\u00fd \u013ead<br \/>\n23 Ban\u00e1nov\u00fd kr\u00e9m<br \/>\n24 Brosky\u0148a Bobu\u013eov\u00e9 ovocie<br \/>\n25 Jahodov\u00fd kr\u00e9m<br \/>\n26 Kysl\u00e9 cukr\u00edky<br \/>\n27 Citr\u00f3n<br \/>\n28 \u010cere\u0161\u0148a<br \/>\n29 \u0160umiv\u00e1 \u010dere\u0161\u0148a <span style=\"color: #ff0000\"><strong>&gt;&gt;&gt;&gt; Hor\u00face!<\/strong><\/span><br \/>\n30 \u010cu\u010doriedka \u010dere\u0161\u0148a brusnica<br \/>\n31 Vimto<br \/>\n32 Skittles<br \/>\n33 \u010cierny \u013ead <span style=\"color: #ff0000\"><strong>&gt;&gt;&gt;&gt; Najlep\u0161ie!<\/strong><\/span><br \/>\n34 Hrozno<br \/>\n35 Bluelicious \u013ead<br \/>\n36 Jahodov\u00fd \u013ead<br \/>\n37 Modr\u00fd Razz Kush<br \/>\n38 \u013dadov\u00fd nanuk<br \/>\n39 \u010cu\u010doriedka kysl\u00e1 malina<br \/>\n40 Anan\u00e1s<br \/>\n41 \u010cere\u0161\u0148ov\u00e1 brosky\u0148ov\u00e1 limon\u00e1da<br \/>\n42 Jahodov\u00e1 malinov\u00e1 \u010dere\u0161\u0148a \u013ead<br \/>\n43 Trojit\u00e9 mango<br \/>\n44 Jahodov\u00fd malinov\u00fd \u013ead<br \/>\n45 Jahodov\u00e1 vodov\u00e1 \u017euva\u010dka<br \/>\n46 Prime jahoda vodn\u00fd mel\u00f3n<br \/>\n47 Vodn\u00fd mel\u00f3n \u013ead<br \/>\n48 \u010cu\u010doriedkov\u00fd \u013ead <span style=\"color: #ff0000\"><strong>&gt;&gt;&gt;&gt; Hor\u00face!<\/strong><\/span><br \/>\n49 Vodn\u00fd mel\u00f3n Skittle<br \/>\n50 Slamen\u00e9 Mango<br \/>\n51 Jahodov\u00e9 Pomp\uff08Gran\u00e1tov\u00e9 jablko\uff09<br \/>\n52 Letn\u00fd brosky\u0148ov\u00fd \u013ead<br \/>\n53 \u010cere\u0161\u0148ov\u00e9 Berry<br \/>\n54 \u010cere\u0161\u0148ov\u00e1 Cola<br \/>\n55 Prime Watermelon<br \/>\n56 Strawberry Grape<br \/>\n57 Tiger Blood <span style=\"color: #ff0000\"><strong>&gt;&gt;&gt;&gt; Hor\u00face!<\/strong><\/span><br \/>\n58 Mineral Water<\/p>\n<p>&nbsp;<\/p>\n<h3><\/h3>\n<h3><strong>Pre\u010do si vybra\u0165 Rmvapesale pre RandM Tornado 9000 <\/strong><strong>V<\/strong><strong>Ve\u013ekoobchod s vape<\/strong><strong>?<\/strong><\/h3>\n<div class=\"flex-shrink-0 flex flex-col relative items-end\">\n<div class=\"pt-0\">\n<div class=\"gizmo-bot-avatar flex h-8 w-8 items-center justify-center overflow-hidden rounded-full\">\n<div class=\"relative p-1 rounded-sm flex items-center justify-center bg-token-main-surface-primary text-token-text-primary h-8 w-8\">\n<p>Vitajte v Rmvapesale, va\u0161om d\u00f4veryhodnom obchode s vape pre pr\u00e9miov\u00e9 jednorazov\u00e9 vapy. S viac ako 5 ro\u010dn\u00fdmi sk\u00fasenos\u0165ami v\u00e1m prin\u00e1\u0161ame popul\u00e1rne zna\u010dky jednorazov\u00fdch vape ako Al Fakher, Vapme Vape, <a href=\"https:\/\/rmvapesale.com\/sk\/product\/vapme-crystal-7000-puffs-rechargeable-disposable-vape-price\/\">Vapme<\/a>, <a href=\"https:\/\/rmvapesale.com\/sk\/product-category\/bang-vapes\/\">Bang Vape<\/a>, Waspe, <a href=\"https:\/\/rmvapesale.com\/sk\/product\/wga-crystal-pro-max-extra-15k-puffs-disposable-vape-wholesale\/\">WGA<\/a> Vape a<a href=\"https:\/\/rmvapesale.com\/sk\/product-category\/randm-fumot-vape\/\"> RandM Vape<\/a>.<\/p>\n<p>N\u00e1\u0161 sortiment zah\u0155\u0148a popul\u00e1rne jednorazov\u00e9 vapky ako <a href=\"https:\/\/rmvapesale.com\/sk\/product\/fumot-digital-box-12000-disposable-vape-pink-lemonade-flavor\/\">RandM 12k<\/a> a vo\u013eby bohat\u00e9 na chu\u0165 ako napr\u00edklad <a href=\"https:\/\/rmvapesale.com\/sk\/product\/elfbar-combo-25000-puffs-rechargeable-disposable-vape-wholesale\/\">ELFBAR Combo 25000 Puff<\/a>. Ka\u017ed\u00fd produkt je vybran\u00fd so zameran\u00edm na kvalitu, hodnotu a rozmanitos\u0165, \u010do zais\u0165uje, \u017ee n\u00e1jdete perfektn\u00fa vo\u013ebu pre va\u0161e potreby. Objavte v\u00fdnimo\u010dn\u00e9 slu\u017eby a \u0161irok\u00fa \u0161k\u00e1lu \u0161pi\u010dkov\u00fdch produktov v Rmvapesale.<\/p>\n<\/div>\n<h3><\/h3>\n<div class=\"relative p-1 rounded-sm flex items-center justify-center bg-token-main-surface-primary text-token-text-primary h-8 w-8\">\n<h3><b>RandM 9000 Nab\u00edjate\u013en\u00e9 jednorazov\u00e9 Vape FAQS<\/b><\/h3>\n<ol>\n<li><strong>Ak\u00e9 s\u00fa ob\u013e\u00faben\u00e9 pr\u00edchute pre jednorazov\u00e9 vape pero RandM 9000 puff?<\/strong><br \/>\nMedzi ob\u013e\u00faben\u00e9 pr\u00edchute pre jednorazov\u00e9 vape pero RandM 9000 patr\u00ed Blue Razz Ice, ktor\u00e9 kombinuje sladk\u00fa malinu s chladn\u00fdm, \u013eadov\u00fdm z\u00e1verom. Ostatn\u00e9 pr\u00edchute sa m\u00f4\u017eu l\u00ed\u0161i\u0165 v z\u00e1vislosti od dostupnosti a region\u00e1lnych preferenci\u00ed.<\/li>\n<li><strong>Ako zist\u00edm, kedy je m\u00f4j RandM Tornado 9000 pr\u00e1zdny?<\/strong><br \/>\nKe\u010f je v\u00e1\u0161 RandM Tornado 9000 pr\u00e1zdny, zaznamen\u00e1te zn\u00ed\u017eenie produkcie pary a chuti. Okrem toho, \u0165ah m\u00f4\u017ee by\u0165 slab\u0161\u00ed alebo produkuje m\u00e1lo pary, \u010do nazna\u010duje, \u017ee e-liquid je vy\u010derpan\u00fd.<\/li>\n<li><strong>Ako dlho trv\u00e1 nabitie RandM 9000 puff Vape?<\/strong><br \/>\n\u010casy nab\u00edjania pre RandM Tornado 9000 sa m\u00f4\u017eu l\u00ed\u0161i\u0165, ale zvy\u010dajne trv\u00e1 pribli\u017ene 1-2 hodiny, k\u00fdm sa 850mAh bat\u00e9ria plne nabije cez port Type-C.<\/li>\n<li><strong>Ko\u013eko nikot\u00ednu je v jednorazovej elektronickej cigarete RandM Tornado 9k?<\/strong><br \/>\nRandM Tornado 9000 obsahuje nikot\u00ednov\u00fa so\u013e, ale presn\u00e1 koncentr\u00e1cia nikot\u00ednu sa m\u00f4\u017ee l\u00ed\u0161i\u0165 v z\u00e1vislosti od regi\u00f3nu a verzie produktu. Pre presn\u00e9 hodnoty nikot\u00ednu je najlep\u0161ie skontrolova\u0165 obal alebo \u0161pecifik\u00e1cie produktu.<\/li>\n<li><strong>Kde k\u00fapi\u0165 jednorazov\u00e9 elektronick\u00e9 cigarety Fumot Tornado 9000 vo ve\u013ekoobchode?<\/strong><br \/>\nJednorazov\u00e9 elektronick\u00e9 cigarety Fumot Tornado 9000 m\u00f4\u017eete k\u00fapi\u0165 za ve\u013ekoobchodn\u00e9 ceny u autorizovan\u00fdch distrib\u00fatorov elektronick\u00fdch cigariet alebo v online ve\u013ekoobchodoch. Mnoh\u00e9 webov\u00e9 str\u00e1nky pon\u00fakaj\u00fa ve\u013ekoobchodn\u00e9 mo\u017enosti \u0161peci\u00e1lne pre zna\u010dky RandM a Fumot.<\/li>\n<li><strong>M\u00f4\u017eem si vzia\u0165 jednorazov\u00fa elektronick\u00fa cigaretu do lietadla?<\/strong><br \/>\n\u00c1no, jednorazov\u00e9 elektronick\u00e9 cigarety si m\u00f4\u017eete vzia\u0165 do lietadla v pr\u00edru\u010dnej bato\u017eine, ale kv\u00f4li predpisom t\u00fdkaj\u00facim sa bat\u00e9ri\u00ed nesm\u00fa by\u0165 v odbavenej bato\u017eine. Pred cestou si v\u017edy skontrolujte pokyny leteckej spolo\u010dnosti a bezpe\u010dnostn\u00fdch agent\u00far.<\/li>\n<li><strong>Ko\u013eko potiahnut\u00ed pon\u00faka elektronick\u00e1 cigareta RandM Vape 9000?<\/strong><br \/>\nJednorazov\u00e1 elektronick\u00e1 cigareta RandM Tornado 9000 poskytuje viac ako 9000 potiahnut\u00ed, v\u010faka \u010domu je v porovnan\u00ed s in\u00fdmi jednorazov\u00fdmi elektronick\u00fdmi cigaretami dlhotrvaj\u00facou vo\u013ebou.<\/li>\n<\/ol>\n<\/div>\n<div class=\"mb-2 flex gap-3 empty:hidden -ml-2\"><\/div>\n<p>&nbsp;<\/p>\n<\/div>\n<\/div>\n<\/div>\n<h3>O doru\u010den\u00ed<\/h3>\n<div class=\"flex-shrink-0 flex flex-col relative items-end\">\n<div>\n<div class=\"pt-0\">\n<div class=\"gizmo-bot-avatar flex h-8 w-8 items-center justify-center overflow-hidden rounded-full\">\n<div><\/div>\n<div class=\"relative p-1 rounded-sm flex items-center justify-center bg-token-main-surface-primary text-token-text-primary h-8 w-8\"><strong>1. Ak\u00e9 sp\u00f4soby doru\u010denia pou\u017e\u00edvate?<\/strong><\/div>\n<\/div>\n<\/div>\n<\/div>\n<\/div>\n<div class=\"group\/conversation-turn relative flex w-full min-w-0 flex-col agent-turn\">\n<div class=\"flex-col gap-1 md:gap-3\">\n<div class=\"flex max-w-full flex-col flex-grow\">\n<div class=\"min-h-[20px] text-message flex w-full flex-col items-end gap-2 whitespace-normal break-words [.text-message+&amp;]:mt-5 overflow-x-auto\" dir=\"auto\" data-message-author-role=\"assistant\" data-message-id=\"22f8283b-3233-46ff-89a5-c7a41b33abda\">\n<div class=\"flex w-full flex-col gap-1 empty:hidden first:pt-[3px]\">\n<div class=\"markdown prose w-full break-words dark:prose-invert light\">\n<p>Spolupracujeme so spolo\u010dnos\u0165ami UPS, DHL, FedEx, DPD a \u010fal\u0161\u00edmi popredn\u00fdmi dopravcami. Vyberieme najlep\u0161\u00ed sp\u00f4sob doru\u010denia na z\u00e1klade va\u0161ej adresy, aby sme zaistili, \u017ee svoje produkty dostanete \u010do najr\u00fdchlej\u0161ie.<\/p>\n<\/div>\n<p><strong>2. Ako dlho trv\u00e1 doru\u010denie?<\/strong><\/p>\n<p>Bal\u00edky doru\u010dovan\u00e9 na Slovensko zvy\u010dajne dorazia do 10 pracovn\u00fdch dn\u00ed. Doru\u010denie do eur\u00f3pskych kraj\u00edn zvy\u010dajne trv\u00e1 asi 12-15 pracovn\u00fdch dn\u00ed. Budeme v\u00e1s informova\u0165 o stave doru\u010denia v re\u00e1lnom \u010dase.<\/p>\n<\/div>\n<\/div>\n<\/div>\n<\/div>\n<\/div>\n<p>&nbsp;<\/p>\n<p>N\u00e1jdite \u010fal\u0161ie vape produkty, ktor\u00e9 by sa v\u00e1m mohli p\u00e1\u010di\u0165:<strong><em><a href=\"https:\/\/rmvapesale.com\/sk\/shop-2\/\">nakupova\u0165 teraz &gt;&gt;&gt;<\/a><\/em><\/strong><\/p>","protected":false},"excerpt":{"rendered":"<p>RandM Tornado 9000 \u0161lukov Jednorazov\u00e9 vapo zariadenie<br \/>\nRandM 9000 \u0161lukov Jednorazov\u00e9 vapo v\u0161etky pr\u00edchute na sklade<br \/>\nRandM Tornado 9000 \u0161lukov 9K Jednorazov\u00e1 ty\u010dinka<\/p>\n<p><img loading=\"lazy\" decoding=\"async\" class=\"size-full wp-image-2375\" src=\"https:\/\/rmvapesale.com\/wp-content\/uploads\/2024\/10\/image.png\" alt=\"Najlep\u0161\u00ed jednorazov\u00fd vape\" width=\"229\" height=\"300\" \/><\/p>\n<h3><a href=\"https:\/\/wa.me\/8617776015835\"><span style=\"color: #ff0000\"><strong>WhatsApp: +86 17776015835<\/strong><\/span><\/a><\/h3>\n<p>&nbsp;<\/p>","protected":false},"featured_media":2719,"comment_status":"open","ping_status":"closed","template":"","meta":{"_uag_custom_page_level_css":"","_lmt_disableupdate":"no","_lmt_disable":"","site-sidebar-layout":"default","site-content-layout":"content-boxed-container","ast-site-content-layout":"normal-width-container","site-content-style":"boxed","site-sidebar-style":"unboxed","ast-global-header-display":"","ast-banner-title-visibility":"","ast-main-header-display":"","ast-hfb-above-header-display":"","ast-hfb-below-header-display":"","ast-hfb-mobile-header-display":"","site-post-title":"","ast-breadcrumbs-content":"","ast-featured-img":"","footer-sml-layout":"","ast-disable-related-posts":"","theme-transparent-header-meta":"default","adv-header-id-meta":"","stick-header-meta":"","header-above-stick-meta":"","header-main-stick-meta":"","header-below-stick-meta":"","astra-migrate-meta-layouts":"set","ast-page-background-enabled":"default","ast-page-background-meta":{"desktop":{"background-color":"var(--ast-global-color-4)","background-image":"","background-repeat":"repeat","background-position":"center center","background-size":"auto","background-attachment":"scroll","background-type":"","background-media":"","overlay-type":"","overlay-color":"","overlay-opacity":"","overlay-gradient":""},"tablet":{"background-color":"","background-image":"","background-repeat":"repeat","background-position":"center center","background-size":"auto","background-attachment":"scroll","background-type":"","background-media":"","overlay-type":"","overlay-color":"","overlay-opacity":"","overlay-gradient":""},"mobile":{"background-color":"","background-image":"","background-repeat":"repeat","background-position":"center center","background-size":"auto","background-attachment":"scroll","background-type":"","background-media":"","overlay-type":"","overlay-color":"","overlay-opacity":"","overlay-gradient":""}},"ast-content-background-meta":{"desktop":{"background-color":"var(--ast-global-color-5)","background-image":"","background-repeat":"repeat","background-position":"center center","background-size":"auto","background-attachment":"scroll","background-type":"","background-media":"","overlay-type":"","overlay-color":"","overlay-opacity":"","overlay-gradient":""},"tablet":{"background-color":"var(--ast-global-color-5)","background-image":"","background-repeat":"repeat","background-position":"center center","background-size":"auto","background-attachment":"scroll","background-type":"","background-media":"","overlay-type":"","overlay-color":"","overlay-opacity":"","overlay-gradient":""},"mobile":{"background-color":"var(--ast-global-color-5)","background-image":"","background-repeat":"repeat","background-position":"center center","background-size":"auto","background-attachment":"scroll","background-type":"","background-media":"","overlay-type":"","overlay-color":"","overlay-opacity":"","overlay-gradient":""}},"_joinchat":[]},"product_brand":[],"product_cat":[15,27,25,123,30,26,28,137,136,135],"product_tag":[169,207,181,120],"class_list":{"0":"post-2718","1":"product","2":"type-product","3":"status-publish","4":"has-post-thumbnail","6":"product_cat-new-vape-this-week","7":"product_cat-fance-hot-sale-vape","8":"product_cat-germany-best-selling-vape","9":"product_cat-italy-wholesale-vape","10":"product_cat-minimum-order-quantity-50pcs","11":"product_cat-netherlands-hot-sale-vape","12":"product_cat-poland-hot-sale-vape","13":"product_cat-rechargeable-vapes","14":"product_cat-smart-screen-vapes","15":"product_cat-spain-best-hot-sale-vape","16":"product_tag-best-disposable-vape-2024","17":"product_tag-puff-vape","18":"product_tag-randm-tornado-9000","19":"product_tag-vape-wholesale","20":"desktop-align-left","21":"tablet-align-left","22":"mobile-align-left","24":"first","25":"instock","26":"sale","27":"shipping-taxable","28":"purchasable","29":"product-type-simple"},"uagb_featured_image_src":{"full":["https:\/\/rmvapesale.com\/wp-content\/uploads\/2024\/11\/RandM-Tornado-9000-BLUE-RAZZ-ICE.png",1000,1000,false],"thumbnail":["https:\/\/rmvapesale.com\/wp-content\/uploads\/2024\/11\/RandM-Tornado-9000-BLUE-RAZZ-ICE-150x150.png",150,150,true],"medium":["https:\/\/rmvapesale.com\/wp-content\/uploads\/2024\/11\/RandM-Tornado-9000-BLUE-RAZZ-ICE-300x300.png",300,300,true],"medium_large":["https:\/\/rmvapesale.com\/wp-content\/uploads\/2024\/11\/RandM-Tornado-9000-BLUE-RAZZ-ICE-768x768.png",768,768,true],"large":["https:\/\/rmvapesale.com\/wp-content\/uploads\/2024\/11\/RandM-Tornado-9000-BLUE-RAZZ-ICE.png",1000,1000,false],"1536x1536":["https:\/\/rmvapesale.com\/wp-content\/uploads\/2024\/11\/RandM-Tornado-9000-BLUE-RAZZ-ICE.png",1000,1000,false],"2048x2048":["https:\/\/rmvapesale.com\/wp-content\/uploads\/2024\/11\/RandM-Tornado-9000-BLUE-RAZZ-ICE.png",1000,1000,false],"trp-custom-language-flag":["https:\/\/rmvapesale.com\/wp-content\/uploads\/2024\/11\/RandM-Tornado-9000-BLUE-RAZZ-ICE.png",12,12,false],"woocommerce_thumbnail":["https:\/\/rmvapesale.com\/wp-content\/uploads\/2024\/11\/RandM-Tornado-9000-BLUE-RAZZ-ICE-300x300.png",300,300,true],"woocommerce_single":["https:\/\/rmvapesale.com\/wp-content\/uploads\/2024\/11\/RandM-Tornado-9000-BLUE-RAZZ-ICE-600x600.png",600,600,true],"woocommerce_gallery_thumbnail":["https:\/\/rmvapesale.com\/wp-content\/uploads\/2024\/11\/RandM-Tornado-9000-BLUE-RAZZ-ICE-100x100.png",100,100,true],"wcpr-photo-reviews":["https:\/\/rmvapesale.com\/wp-content\/uploads\/2024\/11\/RandM-Tornado-9000-BLUE-RAZZ-ICE.png",500,500,false]},"uagb_author_info":{"display_name":"AMY","author_link":"https:\/\/rmvapesale.com\/sk\/author\/"},"uagb_comment_info":0,"uagb_excerpt":"RandM Tornado 9000 Puffs Disposable Vape Device RandM 9000 puffs Disposable Vape All Flavor in Stock RandM Tornado 9000 Puff 9K Disposable Bar WhatsApp: +86 17776015835 &nbsp;","_links":{"self":[{"href":"https:\/\/rmvapesale.com\/sk\/wp-json\/wp\/v2\/product\/2718","targetHints":{"allow":["GET"]}}],"collection":[{"href":"https:\/\/rmvapesale.com\/sk\/wp-json\/wp\/v2\/product"}],"about":[{"href":"https:\/\/rmvapesale.com\/sk\/wp-json\/wp\/v2\/types\/product"}],"replies":[{"embeddable":true,"href":"https:\/\/rmvapesale.com\/sk\/wp-json\/wp\/v2\/comments?post=2718"}],"wp:featuredmedia":[{"embeddable":true,"href":"https:\/\/rmvapesale.com\/sk\/wp-json\/wp\/v2\/media\/2719"}],"wp:attachment":[{"href":"https:\/\/rmvapesale.com\/sk\/wp-json\/wp\/v2\/media?parent=2718"}],"wp:term":[{"taxonomy":"product_brand","embeddable":true,"href":"https:\/\/rmvapesale.com\/sk\/wp-json\/wp\/v2\/product_brand?post=2718"},{"taxonomy":"product_cat","embeddable":true,"href":"https:\/\/rmvapesale.com\/sk\/wp-json\/wp\/v2\/product_cat?post=2718"},{"taxonomy":"product_tag","embeddable":true,"href":"https:\/\/rmvapesale.com\/sk\/wp-json\/wp\/v2\/product_tag?post=2718"}],"curies":[{"name":"wp","href":"https:\/\/api.w.org\/{rel}","templated":true}]}}