{"id":2729,"date":"2024-11-14T06:19:37","date_gmt":"2024-11-14T06:19:37","guid":{"rendered":"https:\/\/rmvapesale.com\/?post_type=product&#038;p=2729"},"modified":"2024-11-14T06:57:21","modified_gmt":"2024-11-14T06:57:21","slug":"fumot-12000-puffs-randm-rechargeable-disposable-vape-watermelon-bubblegum-flavour-germany-wholesale-price","status":"publish","type":"product","link":"https:\/\/rmvapesale.com\/sk\/product\/fumot-12000-puffs-randm-rechargeable-disposable-vape-watermelon-bubblegum-flavour-germany-wholesale-price\/","title":{"rendered":"Fumot 12000 Puffs RandM Nab\u00edjac\u00ed jednorazov\u00fd vape s pr\u00edchu\u0165ou vodn\u00e9ho mel\u00f3nu a \u017euva\u010dky, ve\u013ekoobchodn\u00e1 cena v Nemecku"},"content":{"rendered":"<div class=\"B2VR9 CJHX3e\">\n<div class=\"wyccme\">\n<h1 class=\"LC20lb MBeuO DKV0Md\">Fumot 12000 Puffs RandM Nab\u00edjac\u00ed jednorazov\u00fd vape s pr\u00edchu\u0165ou vodn\u00e9ho mel\u00f3nu a \u017euva\u010dky, ve\u013ekoobchodn\u00e1 cena v Nemecku<\/h1>\n<p>&nbsp;<\/p>\n<div class=\"flex-shrink-0 flex flex-col relative items-end\">\n<div class=\"pt-0\">\n<div class=\"gizmo-bot-avatar flex h-8 w-8 items-center justify-center overflow-hidden rounded-full\">\n<div class=\"relative p-1 rounded-sm flex items-center justify-center bg-token-main-surface-primary text-token-text-primary h-8 w-8\">\n<p>Fumot 12000 Pufov RandM Dob\u00edjate\u013en\u00e1 Jednorazov\u00e1 Vape s pr\u00edchu\u0165ou Mel\u00f3novej \u017euva\u010dky poskytuje jedine\u010dn\u00fd, sladk\u00fd a ovocn\u00fd z\u00e1\u017eitok z vapovania. Kombin\u00e1ciou \u0161\u0165avnatej chuti mel\u00f3nu s nostalgickou sladkos\u0165ou \u017euva\u010dky je t\u00e1to Randm vape ide\u00e1lna pre t\u00fdch, ktor\u00ed si u\u017e\u00edvaj\u00fa chu\u0165ov\u00fd z\u00e1\u017eitok pri ka\u017edom potiahnut\u00ed. S vysokou kapacitou e-liquidu 20 ml pon\u00faka impozantn\u00fdch 12 000 pufov, \u010do zaru\u010duje dlhodob\u00e9 pote\u0161enie. Ur\u010den\u00e9 pre ve\u013ekoobchodn\u00fd trh na Slovensku, tento produkt Fumot 12000 predstavuje ide\u00e1lnu vo\u013ebu pre predajcov, ktor\u00ed chc\u00fa ma\u0165 na sklade vysoko \u017eiadan\u00fa pr\u00e9miov\u00fa pr\u00edchu\u0165.<\/p>\n<p>Vybaven\u00e9 dob\u00edjate\u013enou bat\u00e9riou 550mAh a USB Type-C nab\u00edjac\u00edm portom, Fumot 12000 u\u013eah\u010duje pou\u017e\u00edvate\u013eom dob\u00edjanie a udr\u017eiavanie vape pripraven\u00e9ho k pou\u017eitiu kedyko\u013evek ho potrebuj\u00fa. Integrovan\u00fd LED displej pohodlne zobrazuje \u00farove\u0148 bat\u00e9rie a e-liquidu, tak\u017ee pou\u017e\u00edvatelia s\u00fa v\u017edy informovan\u00ed. Pokro\u010dil\u00e1 technol\u00f3gia mesh cievky zvy\u0161uje konzistenciu pary, poskytuj\u00fac hladk\u00fd a uspokojiv\u00fd z\u00e1\u017eitok pri ka\u017edom pou\u017eit\u00ed. Dostupn\u00e9 v r\u00f4znych \u00farovniach nikot\u00ednu, vr\u00e1tane 2% a 5%, t\u00e1to zariadenie vyhovuje \u0161irok\u00e9mu spektru preferenci\u00ed, \u010do z neho rob\u00ed v\u0161estrann\u00fa vo\u013ebu pre za\u010diato\u010dn\u00edkov aj sk\u00fasen\u00fdch vapera.<\/p>\n<p>&nbsp;<\/p>\n<\/div>\n<\/div>\n<\/div>\n<\/div>\n<\/div>\n<\/div>\n<p><strong>Kontaktujte Amy pre spr\u00e1vnu odpove\u010f a vape kup\u00f3n!<\/strong><\/p>\n<p><img loading=\"lazy\" decoding=\"async\" class=\"size-full wp-image-1978\" src=\"https:\/\/rmvapesale.com\/wp-content\/uploads\/2024\/09\/Disposable-Vape-Wholesale.jpg\" alt=\"Jednorazov\u00fd vape ve\u013ekoobchod\" width=\"229\" height=\"300\" \/><\/p>\n<h3><a href=\"https:\/\/wa.me\/8617776015835\" target=\"_blank\" rel=\"noopener\"><span style=\"color: #ff0000\"><strong>WhatsApp: +86 17776015835<\/strong><\/span><\/a><\/h3>\n<p>&nbsp;<\/p>\n<h2><\/h2>\n<h2><strong>K\u013e\u00fa\u010dov\u00e9 vlastnosti Fumot 12000<\/strong><\/h2>\n<ul>\n<li>Viac ako 9000 pufov pre dlhodob\u00e9 pou\u017e\u00edvanie a spokojnos\u0165<\/li>\n<li>18 ml e-liquid s pr\u00edchu\u0165ou \u010du\u010doriedky a maliny s nikot\u00ednovou so\u013eou pre vyv\u00e1\u017een\u00fa chu\u0165<\/li>\n<li>Dob\u00edjate\u013en\u00e1 bat\u00e9ria 850mAh s r\u00fdchlym nab\u00edjan\u00edm Type-C<\/li>\n<li>Aktiv\u00e1cia \u0165ahom pre bezprobl\u00e9mov\u00e9 pou\u017e\u00edvanie, bez tla\u010didiel<\/li>\n<li>\u0160t\u00fdlov\u00e9 RGB osvetlenie prid\u00e1va farebn\u00fd vizu\u00e1lny efekt<\/li>\n<\/ul>\n<p>&nbsp;<\/p>\n<h2><strong>Najlep\u0161ia pr\u00edchu\u0165 pre Fumot 12000 Puffs<\/strong><\/h2>\n<p>1 Chladiv\u00e1 m\u00e4ta <span style=\"color: #ff0000\"><strong>&gt;&gt;&gt;&gt; Hor\u00face!<\/strong><\/span><br \/>\n2 Vodn\u00fd mel\u00f3n \u013ead<br \/>\n3 Hrozno \u013ead<br \/>\n4 \u010co\u010dnica a malina <span style=\"color: #ff0000\"><strong>&gt;&gt;&gt;&gt; Hor\u00face!<\/strong><\/span><br \/>\n5 Jahoda a vodn\u00fd mel\u00f3n<br \/>\n6 Jahoda a ban\u00e1n<br \/>\n7 Svie\u017ei \u013ead<br \/>\n8 \u010cere\u0161\u0148a<br \/>\n9 Jahodov\u00e1 zmrzlina<br \/>\n10 Nanuk<br \/>\n11 Ru\u017eov\u00e1 limon\u00e1da <span style=\"color: #ff0000\"><strong>&gt;&gt;&gt;&gt; Hor\u00face!<\/strong><\/span><br \/>\n12 Mangov\u00e1 \u013eadov\u00e1<br \/>\n13 Zmes bob\u00fa\u013e<br \/>\n14 Jahodov\u00e1 \u0161i\u0161ka<br \/>\n15 Jahodov\u00e9 hrozno<br \/>\n16 \u010cere\u0161\u0148ov\u00e1 kola<br \/>\n17 Dr. modr\u00e1<br \/>\n18 \u010cu\u010doriedkov\u00e1 \u013eadov\u00e1 <span style=\"color: #ff0000\"><strong>&gt;&gt;&gt;&gt; Hor\u00face!<\/strong><\/span><br \/>\n19 Kivi, marakuja a guava<br \/>\n20 Jahodov\u00e9 kivi<br \/>\n21 Brosky\u0148ov\u00e9 mango<br \/>\n22 Brosky\u0148ov\u00e1 \u013eadov\u00e1<br \/>\n23 \u010cerven\u00e9 jablko s \u013eadom<br \/>\n24 \u010cu\u010doriedkov\u00e1 \u017euva\u010dka <span style=\"color: #ff0000\"><strong>&gt;&gt;&gt;&gt; Najlep\u0161ie!<\/strong><\/span><br \/>\n25 Bobu\u013eov\u00e1 limon\u00e1da<br \/>\n26 Modr\u00e1 malinov\u00e1 limon\u00e1da<br \/>\n27 Modr\u00e1 kysl\u00e1 malina<br \/>\n28 Jahodov\u00fd Red bull<br \/>\n29 Jablkov\u00fd bobu\u013eov\u00fd v\u00fdbuch<br \/>\n30 Mel\u00f3nov\u00e1 \u017euva\u010dka<br \/>\n31 Malina mel\u00f3n<br \/>\n32 \u010cierna \u013eadov\u00e1<br \/>\n33 \u010cu\u010doriedka \u010dere\u0161\u0148a brusnica<br \/>\n34 Jahodov\u00e9 gran\u00e1tov\u00e9 jablko<br \/>\n35 Vimto<br \/>\n36 \u010cere\u0161\u0148a bobule<br \/>\n37 Citr\u00f3n<br \/>\n38 Bingo Crush<br \/>\n39 \u010cu\u010doriedkov\u00e9 kiwi<br \/>\n40 Jabl\u010dn\u00e1 \u0161korica<\/p>\n<h3><\/h3>\n<h3><strong>Pre\u010do si vybra\u0165 Rmvapesale pre RandM Tornado 9000 <\/strong><strong>V<\/strong><strong>Ve\u013ekoobchod s vape<\/strong><strong>?<\/strong><\/h3>\n<div class=\"flex-shrink-0 flex flex-col relative items-end\">\n<div class=\"pt-0\">\n<div class=\"gizmo-bot-avatar flex h-8 w-8 items-center justify-center overflow-hidden rounded-full\">\n<div class=\"relative p-1 rounded-sm flex items-center justify-center bg-token-main-surface-primary text-token-text-primary h-8 w-8\">\n<p>Vitajte v Rmvapesale, va\u0161om d\u00f4veryhodnom obchode s vape pre pr\u00e9miov\u00e9 jednorazov\u00e9 vapy. S viac ako 5 ro\u010dn\u00fdmi sk\u00fasenos\u0165ami v\u00e1m prin\u00e1\u0161ame popul\u00e1rne zna\u010dky jednorazov\u00fdch vape ako Al Fakher, Vapme Vape, <a href=\"https:\/\/rmvapesale.com\/sk\/product\/vapme-crystal-7000-puffs-rechargeable-disposable-vape-price\/\">Vapme<\/a>, <a href=\"https:\/\/rmvapesale.com\/sk\/product-category\/bang-vapes\/\">Bang Vape<\/a>, Waspe, <a href=\"https:\/\/rmvapesale.com\/sk\/product\/wga-crystal-pro-max-extra-15k-puffs-disposable-vape-wholesale\/\">WGA<\/a> Vape a<a href=\"https:\/\/rmvapesale.com\/sk\/product-category\/randm-fumot-vape\/\"> RandM Vape<\/a>.<\/p>\n<p>N\u00e1\u0161 sortiment zah\u0155\u0148a popul\u00e1rne jednorazov\u00e9 vapky ako <a href=\"https:\/\/rmvapesale.com\/sk\/product\/fumot-digital-box-12000-disposable-vape-pink-lemonade-flavor\/\">RandM 12000<\/a> a vo\u013eby bohat\u00e9 na chu\u0165 ako napr\u00edklad <a href=\"https:\/\/rmvapesale.com\/sk\/product\/elfbar-combo-25000-puffs-rechargeable-disposable-vape-wholesale\/\">ELFBAR Combo 25000 Puff<\/a>. Ka\u017ed\u00fd produkt je vybran\u00fd so zameran\u00edm na kvalitu, hodnotu a rozmanitos\u0165, \u010do zais\u0165uje, \u017ee n\u00e1jdete perfektn\u00fa vo\u013ebu pre va\u0161e potreby. Objavte v\u00fdnimo\u010dn\u00e9 slu\u017eby a \u0161irok\u00fa \u0161k\u00e1lu \u0161pi\u010dkov\u00fdch produktov v Rmvapesale.<\/p>\n<\/div>\n<h3><\/h3>\n<div class=\"relative p-1 rounded-sm flex items-center justify-center bg-token-main-surface-primary text-token-text-primary h-8 w-8\">\n<h3><b>Fumot 12000 Potiahnut\u00ed Dob\u00edjate\u013en\u00e1 jednorazov\u00e1 vaporiz\u00e9r FAQ<\/b><\/h3>\n<p><strong>Kde k\u00fapi\u0165 digit\u00e1lnu krabi\u010dkov\u00fa vape Fumot 12000?<\/strong><br \/>\nPre najlep\u0161ie ponuky na Fumot 12000 Pufov RandM Jednorazov\u00fa Vape vr\u00e1tane ve\u013ekoobchodn\u00fdch cien nav\u0161t\u00edvte online vape obchod Rmvapesale.<\/p>\n<p><strong>Ak\u00e9 s\u00fa ob\u013e\u00faben\u00e9 pr\u00edchute pre Fumot 12000 jednorazov\u00fa vape?<\/strong><br \/>\nOb\u013e\u00faben\u00e9 pr\u00edchute zah\u0155\u0148aj\u00fa Blueberry Bubblegum, Strawberry Watermelon, Lush Ice, Grape Ice a Cool Mint.<\/p>\n<p><strong>Ako zist\u00edm, kedy je moja Fumot Vape 12000 Pufov Smart Vape pr\u00e1zdna?<\/strong><br \/>\nLED displej uk\u00e1\u017ee n\u00edzke \u00farovne e-liquidu a bat\u00e9rie, \u010do signalizuje, \u017ee je \u010das na dob\u00edjanie alebo v\u00fdmenu vape.<\/p>\n<p><strong>Ako dlho trv\u00e1 nab\u00edjanie RandM 12000 dob\u00edjate\u013enej vape?<\/strong><br \/>\nZvy\u010dajne trv\u00e1 pribli\u017ene 1-2 hodiny \u00fapln\u00e9 nabitie pomocou nab\u00edja\u010dky Type-C.<\/p>\n<p><strong>Ko\u013eko nikot\u00ednu je v Fumot RandM 12000 Jednorazovej Vape?<\/strong><br \/>\nZariadenie je dostupn\u00e9 v mo\u017enostiach 2% (20 mg) a 5% (50 mg) nikot\u00ednu.<\/p>\n<p><strong>Kde k\u00fapi\u0165 RandM 12k puff vape za ve\u013ekoobchodn\u00fa cenu?<\/strong><br \/>\nRmvapesale online vape obchod pon\u00faka ve\u013ekoobchodn\u00e9 ceny na RandM 12000 Puffs vaporiz\u00e9ry.<\/p>\n<p><strong>M\u00f4\u017eem si vzia\u0165 jednorazov\u00fa elektronick\u00fa cigaretu do lietadla?<\/strong><br \/>\n\u00c1no, jednorazov\u00e9 vaporiz\u00e9ry s\u00fa povolen\u00e9 v pr\u00edru\u010dnej bato\u017eine, ale musia dodr\u017eiava\u0165 predpisy leteck\u00fdch spolo\u010dnost\u00ed t\u00fdkaj\u00face sa l\u00edtiov\u00fdch bat\u00e9ri\u00ed.<\/p>\n<p><strong>Ko\u013eko potiahnut\u00ed poskytuje RandM Fumot 12k Vape?<\/strong><br \/>\nRandM Fumot 12000 pon\u00faka a\u017e 12 000 potiahnut\u00ed na zariadenie.<\/p>\n<p><strong>Ako dlho trv\u00e1 \u00fapln\u00e9 nabitie vaporiz\u00e9ra RandM Tornado 12000?<\/strong><br \/>\nNa \u00fapln\u00e9 nabitie vaporiz\u00e9ra RandM Tornado 12000 pomocou USB nab\u00edja\u010dky typu C je potrebn\u00fdch pribli\u017ene 1-2 hod\u00edn.<\/p>\n<\/div>\n<div class=\"mb-2 flex gap-3 empty:hidden -ml-2\"><\/div>\n<p>&nbsp;<\/p>\n<\/div>\n<\/div>\n<\/div>\n<h3>O doru\u010den\u00ed<\/h3>\n<div class=\"flex-shrink-0 flex flex-col relative items-end\">\n<div>\n<div class=\"pt-0\">\n<div class=\"gizmo-bot-avatar flex h-8 w-8 items-center justify-center overflow-hidden rounded-full\">\n<div><\/div>\n<div class=\"relative p-1 rounded-sm flex items-center justify-center bg-token-main-surface-primary text-token-text-primary h-8 w-8\"><strong>1. Ak\u00e9 sp\u00f4soby doru\u010denia pou\u017e\u00edvate?<\/strong><\/div>\n<\/div>\n<\/div>\n<\/div>\n<\/div>\n<div class=\"group\/conversation-turn relative flex w-full min-w-0 flex-col agent-turn\">\n<div class=\"flex-col gap-1 md:gap-3\">\n<div class=\"flex max-w-full flex-col flex-grow\">\n<div class=\"min-h-[20px] text-message flex w-full flex-col items-end gap-2 whitespace-normal break-words [.text-message+&amp;]:mt-5 overflow-x-auto\" dir=\"auto\" data-message-author-role=\"assistant\" data-message-id=\"22f8283b-3233-46ff-89a5-c7a41b33abda\">\n<div class=\"flex w-full flex-col gap-1 empty:hidden first:pt-[3px]\">\n<div class=\"markdown prose w-full break-words dark:prose-invert light\">\n<p>Spolupracujeme so spolo\u010dnos\u0165ami UPS, DHL, FedEx, DPD a \u010fal\u0161\u00edmi popredn\u00fdmi dopravcami. Vyberieme najlep\u0161\u00ed sp\u00f4sob doru\u010denia na z\u00e1klade va\u0161ej adresy, aby sme zaistili, \u017ee svoje produkty dostanete \u010do najr\u00fdchlej\u0161ie.<\/p>\n<\/div>\n<p><strong>2. Ako dlho trv\u00e1 doru\u010denie?<\/strong><\/p>\n<p>Bal\u00edky doru\u010dovan\u00e9 na Slovensko zvy\u010dajne dorazia do 10 pracovn\u00fdch dn\u00ed. Doru\u010denie do eur\u00f3pskych kraj\u00edn zvy\u010dajne trv\u00e1 asi 12-15 pracovn\u00fdch dn\u00ed. Budeme v\u00e1s informova\u0165 o stave doru\u010denia v re\u00e1lnom \u010dase.<\/p>\n<\/div>\n<\/div>\n<\/div>\n<\/div>\n<\/div>\n<p>&nbsp;<\/p>\n<p>N\u00e1jdite \u010fal\u0161ie vape produkty, ktor\u00e9 by sa v\u00e1m mohli p\u00e1\u010di\u0165:<strong><em><a href=\"https:\/\/rmvapesale.com\/sk\/shop-2\/\">nakupova\u0165 teraz &gt;&gt;&gt;<\/a><\/em><\/strong><\/p>","protected":false},"excerpt":{"rendered":"<p>Fumot RandM 12000 Potiahnut\u00ed Digit\u00e1lna krabica Jednorazov\u00e1 vaporiz\u00e9r<br \/>\nFumot 12000 Dob\u00edjate\u013en\u00e1 jednorazov\u00e1 vaporiz\u00e9r ve\u013ekoobchodn\u00e1 cena<br \/>\nRandM Vaporiz\u00e9r Fumot 12000 N\u00edzky obsah nikot\u00ednu Jednorazov\u00e1 vaporiz\u00e9r 2%<\/p>\n<p><img loading=\"lazy\" decoding=\"async\" class=\"size-full wp-image-2375\" src=\"https:\/\/rmvapesale.com\/wp-content\/uploads\/2024\/10\/image.png\" alt=\"Najlep\u0161\u00ed jednorazov\u00fd vape\" width=\"229\" height=\"300\" \/><\/p>\n<h3><a href=\"https:\/\/wa.me\/8617776015835\"><span style=\"color: #ff0000\"><strong>WhatsApp: +86 17776015835<\/strong><\/span><\/a><\/h3>\n<p>&nbsp;<\/p>","protected":false},"featured_media":2733,"comment_status":"open","ping_status":"closed","template":"","meta":{"_uag_custom_page_level_css":"","_lmt_disableupdate":"no","_lmt_disable":"","site-sidebar-layout":"default","site-content-layout":"content-boxed-container","ast-site-content-layout":"normal-width-container","site-content-style":"boxed","site-sidebar-style":"unboxed","ast-global-header-display":"","ast-banner-title-visibility":"","ast-main-header-display":"","ast-hfb-above-header-display":"","ast-hfb-below-header-display":"","ast-hfb-mobile-header-display":"","site-post-title":"","ast-breadcrumbs-content":"","ast-featured-img":"","footer-sml-layout":"","theme-transparent-header-meta":"default","adv-header-id-meta":"","stick-header-meta":"","header-above-stick-meta":"","header-main-stick-meta":"","header-below-stick-meta":"","astra-migrate-meta-layouts":"set","ast-page-background-enabled":"default","ast-page-background-meta":{"desktop":{"background-color":"var(--ast-global-color-4)","background-image":"","background-repeat":"repeat","background-position":"center center","background-size":"auto","background-attachment":"scroll","background-type":"","background-media":"","overlay-type":"","overlay-color":"","overlay-opacity":"","overlay-gradient":""},"tablet":{"background-color":"","background-image":"","background-repeat":"repeat","background-position":"center center","background-size":"auto","background-attachment":"scroll","background-type":"","background-media":"","overlay-type":"","overlay-color":"","overlay-opacity":"","overlay-gradient":""},"mobile":{"background-color":"","background-image":"","background-repeat":"repeat","background-position":"center center","background-size":"auto","background-attachment":"scroll","background-type":"","background-media":"","overlay-type":"","overlay-color":"","overlay-opacity":"","overlay-gradient":""}},"ast-content-background-meta":{"desktop":{"background-color":"var(--ast-global-color-5)","background-image":"","background-repeat":"repeat","background-position":"center center","background-size":"auto","background-attachment":"scroll","background-type":"","background-media":"","overlay-type":"","overlay-color":"","overlay-opacity":"","overlay-gradient":""},"tablet":{"background-color":"var(--ast-global-color-5)","background-image":"","background-repeat":"repeat","background-position":"center center","background-size":"auto","background-attachment":"scroll","background-type":"","background-media":"","overlay-type":"","overlay-color":"","overlay-opacity":"","overlay-gradient":""},"mobile":{"background-color":"var(--ast-global-color-5)","background-image":"","background-repeat":"repeat","background-position":"center center","background-size":"auto","background-attachment":"scroll","background-type":"","background-media":"","overlay-type":"","overlay-color":"","overlay-opacity":"","overlay-gradient":""}},"_joinchat":[]},"product_brand":[],"product_cat":[15,51,25,123,26,28,135,27,31,137,136,30],"product_tag":[212,214,39,213,38],"class_list":{"0":"post-2729","1":"product","2":"type-product","3":"status-publish","4":"has-post-thumbnail","6":"product_cat-new-vape-this-week","7":"product_cat-fumot-vape","8":"product_cat-germany-best-selling-vape","9":"product_cat-italy-wholesale-vape","10":"product_cat-netherlands-hot-sale-vape","11":"product_cat-poland-hot-sale-vape","12":"product_cat-spain-best-hot-sale-vape","13":"product_cat-fance-hot-sale-vape","14":"product_cat-randm-fumot-vape","15":"product_cat-rechargeable-vapes","16":"product_cat-smart-screen-vapes","17":"product_cat-minimum-order-quantity-50pcs","18":"product_tag-fumot-12000","19":"product_tag-fumot-12k","20":"product_tag-fumot-vape","21":"product_tag-randm-12000","22":"product_tag-randm-vape","23":"desktop-align-left","24":"tablet-align-left","25":"mobile-align-left","27":"first","28":"instock","29":"sale","30":"shipping-taxable","31":"purchasable","32":"product-type-simple"},"uagb_featured_image_src":{"full":["https:\/\/rmvapesale.com\/wp-content\/uploads\/2024\/11\/RandM-Vape-12000-Puffs-Disposable-Vape-Cheap-Price.jpg",800,800,false],"thumbnail":["https:\/\/rmvapesale.com\/wp-content\/uploads\/2024\/11\/RandM-Vape-12000-Puffs-Disposable-Vape-Cheap-Price-150x150.jpg",150,150,true],"medium":["https:\/\/rmvapesale.com\/wp-content\/uploads\/2024\/11\/RandM-Vape-12000-Puffs-Disposable-Vape-Cheap-Price-300x300.jpg",300,300,true],"medium_large":["https:\/\/rmvapesale.com\/wp-content\/uploads\/2024\/11\/RandM-Vape-12000-Puffs-Disposable-Vape-Cheap-Price-768x768.jpg",768,768,true],"large":["https:\/\/rmvapesale.com\/wp-content\/uploads\/2024\/11\/RandM-Vape-12000-Puffs-Disposable-Vape-Cheap-Price.jpg",800,800,false],"1536x1536":["https:\/\/rmvapesale.com\/wp-content\/uploads\/2024\/11\/RandM-Vape-12000-Puffs-Disposable-Vape-Cheap-Price.jpg",800,800,false],"2048x2048":["https:\/\/rmvapesale.com\/wp-content\/uploads\/2024\/11\/RandM-Vape-12000-Puffs-Disposable-Vape-Cheap-Price.jpg",800,800,false],"trp-custom-language-flag":["https:\/\/rmvapesale.com\/wp-content\/uploads\/2024\/11\/RandM-Vape-12000-Puffs-Disposable-Vape-Cheap-Price.jpg",12,12,false],"woocommerce_thumbnail":["https:\/\/rmvapesale.com\/wp-content\/uploads\/2024\/11\/RandM-Vape-12000-Puffs-Disposable-Vape-Cheap-Price-300x300.jpg",300,300,true],"woocommerce_single":["https:\/\/rmvapesale.com\/wp-content\/uploads\/2024\/11\/RandM-Vape-12000-Puffs-Disposable-Vape-Cheap-Price-600x600.jpg",600,600,true],"woocommerce_gallery_thumbnail":["https:\/\/rmvapesale.com\/wp-content\/uploads\/2024\/11\/RandM-Vape-12000-Puffs-Disposable-Vape-Cheap-Price-100x100.jpg",100,100,true],"wcpr-photo-reviews":["https:\/\/rmvapesale.com\/wp-content\/uploads\/2024\/11\/RandM-Vape-12000-Puffs-Disposable-Vape-Cheap-Price.jpg",500,500,false]},"uagb_author_info":{"display_name":"AMY","author_link":"https:\/\/rmvapesale.com\/sk\/author\/"},"uagb_comment_info":0,"uagb_excerpt":"Fumot RandM 12000 Puffs Digital Box Disposable Vape Fumot 12000 Rechargeable Disposable Vape Wholesale Price RandM Vape Fumot 12000 Low Nicotine Disposable Vape 2% WhatsApp: +86 17776015835 &nbsp;","_links":{"self":[{"href":"https:\/\/rmvapesale.com\/sk\/wp-json\/wp\/v2\/product\/2729","targetHints":{"allow":["GET"]}}],"collection":[{"href":"https:\/\/rmvapesale.com\/sk\/wp-json\/wp\/v2\/product"}],"about":[{"href":"https:\/\/rmvapesale.com\/sk\/wp-json\/wp\/v2\/types\/product"}],"replies":[{"embeddable":true,"href":"https:\/\/rmvapesale.com\/sk\/wp-json\/wp\/v2\/comments?post=2729"}],"wp:featuredmedia":[{"embeddable":true,"href":"https:\/\/rmvapesale.com\/sk\/wp-json\/wp\/v2\/media\/2733"}],"wp:attachment":[{"href":"https:\/\/rmvapesale.com\/sk\/wp-json\/wp\/v2\/media?parent=2729"}],"wp:term":[{"taxonomy":"product_brand","embeddable":true,"href":"https:\/\/rmvapesale.com\/sk\/wp-json\/wp\/v2\/product_brand?post=2729"},{"taxonomy":"product_cat","embeddable":true,"href":"https:\/\/rmvapesale.com\/sk\/wp-json\/wp\/v2\/product_cat?post=2729"},{"taxonomy":"product_tag","embeddable":true,"href":"https:\/\/rmvapesale.com\/sk\/wp-json\/wp\/v2\/product_tag?post=2729"}],"curies":[{"name":"wp","href":"https:\/\/api.w.org\/{rel}","templated":true}]}}