{"id":2736,"date":"2024-11-15T03:15:27","date_gmt":"2024-11-15T03:15:27","guid":{"rendered":"https:\/\/rmvapesale.com\/?post_type=product&#038;p=2736"},"modified":"2024-11-15T06:57:59","modified_gmt":"2024-11-15T06:57:59","slug":"fumot-randm-digital-box-12000-puffs-disposable-vape-vimot-flavor-bulk-buy-2-5-nicotine","status":"publish","type":"product","link":"https:\/\/rmvapesale.com\/sk\/product\/fumot-randm-digital-box-12000-puffs-disposable-vape-vimot-flavor-bulk-buy-2-5-nicotine\/","title":{"rendered":"Fumot RandM Digital Box 12000 Puffs Jednorazov\u00fd vape s pr\u00edchu\u0165ou Vimot, hromadn\u00fd n\u00e1kup, 2% 5% nikot\u00edn"},"content":{"rendered":"<div class=\"B2VR9 CJHX3e\">\n<div class=\"wyccme\">\n<h1 class=\"LC20lb MBeuO DKV0Md\">Fumot RandM Digital Box 12000 Puffs Jednorazov\u00fd vape s pr\u00edchu\u0165ou Vimot, hromadn\u00fd n\u00e1kup, 2% 5% nikot\u00edn<\/h1>\n<div class=\"flex-shrink-0 flex flex-col relative items-end\">\n<div class=\"pt-0\">\n<div class=\"gizmo-bot-avatar flex h-8 w-8 items-center justify-center overflow-hidden rounded-full\">\n<div class=\"relative p-1 rounded-sm flex items-center justify-center bg-token-main-surface-primary text-token-text-primary h-8 w-8\">\n<p>Fumot Randm Digit\u00e1lna krabica 12000 potiahnut\u00ed Jednorazov\u00e1 vaporiz\u00e9r, navrhnut\u00e1 pre t\u00fdch, ktor\u00ed h\u013eadaj\u00fa dlh\u00fa v\u00fddr\u017e a \u017eiv\u00fd z\u00e1\u017eitok z vapovania. T\u00e1to RandM vaporiz\u00e9r m\u00e1 impozantn\u00fa kapacitu 20 ml e-tekutiny, poskytuj\u00fac a\u017e 12 000 potiahnut\u00ed na zariadenie, \u010do je ide\u00e1lne pre dlhodob\u00e9 pou\u017e\u00edvanie. Dostupn\u00e1 v nikot\u00ednov\u00fdch sil\u00e1ch 2% a 5%, vyhovuje r\u00f4znym preferenci\u00e1m, \u010di u\u017e h\u013ead\u00e1te siln\u00fd z\u00e1\u017eitok alebo jemnej\u0161iu mo\u017enos\u0165. T\u00e1to Fumot 12000 je vybaven\u00e1 digit\u00e1lnym displejom, ktor\u00fd umo\u017e\u0148uje sledova\u0165 hladinu e-tekutiny a bat\u00e9rie, tak\u017ee v\u00e1s ni\u010d neprekvap\u00ed. Pohodln\u00fd nab\u00edjac\u00ed port Type-C v kombin\u00e1cii s 850mAh dob\u00edjate\u013enou bat\u00e9riou zabezpe\u010duje r\u00fdchle a efekt\u00edvne nab\u00edjanie, aby ste mohli pokra\u010dova\u0165.<\/p>\n<p>Fumot Randm Digit\u00e1lna krabica 12000 potiahnut\u00ed Jednorazov\u00e1 vaporiz\u00e9r s pr\u00edchu\u0165ou Vimot prin\u00e1\u0161a odv\u00e1\u017enu chu\u0165 a siln\u00e9 oblaky, ide\u00e1lne pre celodenn\u00fd z\u00e1\u017eitok z vapovania. S pevnou kon\u0161trukciou a elegantn\u00fdm dizajnom sa t\u00e1to RandM 12000 vaporiz\u00e9r pohodlne dr\u017e\u00ed v ruke aj v vrecku. \u010ci ste pr\u00edle\u017eitostn\u00fd vap\u00e9r alebo milovn\u00edk pohodlia jednorazov\u00fdch zariaden\u00ed, Fumot 12k pon\u00faka uspokojiv\u00fa, \u013eahko pou\u017eite\u013en\u00fa mo\u017enos\u0165 pre vysokokvalitn\u00e9 vapovanie. Ve\u013ekoobchodn\u00e9 mo\u017enosti s\u00fa dostupn\u00e9 na Rmvapesale, \u010do z nej rob\u00ed skvel\u00fa vo\u013ebu pre ve\u013ekoobchodn\u00fdch z\u00e1kazn\u00edkov, ktor\u00ed chc\u00fa splni\u0165 vysok\u00fa dopyt spo\u013eahliv\u00fdm, chutn\u00fdm a efekt\u00edvnym produktom za ve\u013ekoobchodn\u00fa cenu.<\/p>\n<p>&nbsp;<\/p>\n<\/div>\n<\/div>\n<\/div>\n<\/div>\n<\/div>\n<\/div>\n<p><strong>Kontaktujte Amy pre spr\u00e1vnu odpove\u010f a vape kup\u00f3n!<\/strong><\/p>\n<p><img loading=\"lazy\" decoding=\"async\" class=\"size-full wp-image-1978\" src=\"https:\/\/rmvapesale.com\/wp-content\/uploads\/2024\/09\/Disposable-Vape-Wholesale.jpg\" alt=\"Jednorazov\u00fd vape ve\u013ekoobchod\" width=\"229\" height=\"300\" \/><\/p>\n<h3><a href=\"https:\/\/wa.me\/8617776015835\" target=\"_blank\" rel=\"noopener\"><span style=\"color: #ff0000\"><strong>WhatsApp: +86 17776015835<\/strong><\/span><\/a><\/h3>\n<p>&nbsp;<\/p>\n<h2><\/h2>\n<h2><strong>RandM 12000 Puffs K\u013e\u00fa\u010dov\u00e9 vlastnosti<\/strong><\/h2>\n<ul>\n<li>Dlh\u00e1 v\u00fddr\u017e 12 000 potiahnut\u00ed s 20 ml e-tekutiny<\/li>\n<li>Dob\u00edjate\u013en\u00e1 bat\u00e9ria 850mAh s portom Type-C<\/li>\n<li>Digit\u00e1lny displej pre stav e-tekutiny a bat\u00e9rie<\/li>\n<li>Dostupn\u00e9 v nikot\u00ednov\u00fdch mo\u017enostiach 0%, 2%, 3% a 5%<\/li>\n<li>Ve\u013ekoobchodn\u00e9 mo\u017enosti n\u00e1kupu<\/li>\n<\/ul>\n<p>&nbsp;<\/p>\n<h2><strong>Najlep\u0161ia pr\u00edchu\u0165 pre Fumot 12000 Puffs<\/strong><\/h2>\n<p>1 Chladiv\u00e1 m\u00e4ta <span style=\"color: #ff0000\"><strong>&gt;&gt;&gt;&gt; Hor\u00face!<\/strong><\/span><br \/>\n2 Vodn\u00fd mel\u00f3n \u013ead<br \/>\n3 Hrozno \u013ead<br \/>\n4 \u010co\u010dnica a malina <span style=\"color: #ff0000\"><strong>&gt;&gt;&gt;&gt; Hor\u00face!<\/strong><\/span><br \/>\n5 Jahoda a vodn\u00fd mel\u00f3n<br \/>\n6 Jahoda a ban\u00e1n<br \/>\n7 Svie\u017ei \u013ead<br \/>\n8 \u010cere\u0161\u0148a<br \/>\n9 Jahodov\u00e1 zmrzlina<br \/>\n10 Nanuk<br \/>\n11 Ru\u017eov\u00e1 limon\u00e1da <span style=\"color: #ff0000\"><strong>&gt;&gt;&gt;&gt; Hor\u00face!<\/strong><\/span><br \/>\n12 Mangov\u00e1 \u013eadov\u00e1<br \/>\n13 Zmes bob\u00fa\u013e<br \/>\n14 Jahodov\u00e1 \u0161i\u0161ka<br \/>\n15 Jahodov\u00e9 hrozno<br \/>\n16 \u010cere\u0161\u0148ov\u00e1 kola<br \/>\n17 Dr. modr\u00e1<br \/>\n18 \u010cu\u010doriedkov\u00e1 \u013eadov\u00e1 <span style=\"color: #ff0000\"><strong>&gt;&gt;&gt;&gt; Hor\u00face!<\/strong><\/span><br \/>\n19 Kivi, marakuja a guava<br \/>\n20 Jahodov\u00e9 kivi<br \/>\n21 Brosky\u0148ov\u00e9 mango<br \/>\n22 Brosky\u0148ov\u00e1 \u013eadov\u00e1<br \/>\n23 \u010cerven\u00e9 jablko s \u013eadom<br \/>\n24 \u010cu\u010doriedkov\u00e1 \u017euva\u010dka <span style=\"color: #ff0000\"><strong>&gt;&gt;&gt;&gt; Najlep\u0161ie!<\/strong><\/span><br \/>\n25 Bobu\u013eov\u00e1 limon\u00e1da<br \/>\n26 Modr\u00e1 malinov\u00e1 limon\u00e1da<br \/>\n27 Modr\u00e1 kysl\u00e1 malina<br \/>\n28 Jahodov\u00fd Red bull<br \/>\n29 Jablkov\u00fd bobu\u013eov\u00fd v\u00fdbuch<br \/>\n30 Mel\u00f3nov\u00e1 \u017euva\u010dka<br \/>\n31 Malina mel\u00f3n<br \/>\n32 \u010cierna \u013eadov\u00e1<br \/>\n33 \u010cu\u010doriedka \u010dere\u0161\u0148a brusnica<br \/>\n34 Jahodov\u00e9 gran\u00e1tov\u00e9 jablko<br \/>\n35 Vimto<br \/>\n36 \u010cere\u0161\u0148a bobule<br \/>\n37 Citr\u00f3n<br \/>\n38 Bingo Crush<br \/>\n39 \u010cu\u010doriedkov\u00e9 kiwi<br \/>\n40 Jabl\u010dn\u00e1 \u0161korica<\/p>\n<h3><\/h3>\n<h3><strong>Pre\u010do si vybra\u0165 Rmvapesale pre RandM Digital Box 12000 <\/strong><strong>V<\/strong><strong>Ve\u013ekoobchod s vape<\/strong><strong>?<\/strong><\/h3>\n<div class=\"flex-shrink-0 flex flex-col relative items-end\">\n<div class=\"pt-0\">\n<div class=\"gizmo-bot-avatar flex h-8 w-8 items-center justify-center overflow-hidden rounded-full\">\n<div class=\"relative p-1 rounded-sm flex items-center justify-center bg-token-main-surface-primary text-token-text-primary h-8 w-8\">\n<p>Vitajte v Rmvapesale, va\u0161om d\u00f4veryhodnom obchode s vape pre pr\u00e9miov\u00e9 jednorazov\u00e9 vapy. S viac ako 5 ro\u010dn\u00fdmi sk\u00fasenos\u0165ami v\u00e1m prin\u00e1\u0161ame popul\u00e1rne zna\u010dky jednorazov\u00fdch vape ako Al Fakher, Vapme Vape, <a href=\"https:\/\/rmvapesale.com\/sk\/product\/vapme-crystal-7000-puffs-rechargeable-disposable-vape-price\/\">Vapme<\/a>, <a href=\"https:\/\/rmvapesale.com\/sk\/product-category\/bang-vapes\/\">Bang Vape<\/a>, Waspe, <a href=\"https:\/\/rmvapesale.com\/sk\/product\/wga-crystal-pro-max-extra-15k-puffs-disposable-vape-wholesale\/\">WGA<\/a> Vape a<a href=\"https:\/\/rmvapesale.com\/sk\/product-category\/randm-fumot-vape\/\"> RandM Vape<\/a>.<\/p>\n<p>N\u00e1\u0161 sortiment zah\u0155\u0148a popul\u00e1rne jednorazov\u00e9 vapky ako <a href=\"https:\/\/rmvapesale.com\/sk\/product\/fumot-digital-box-12000-disposable-vape-pink-lemonade-flavor\/\">RandM 12000<\/a> a vo\u013eby bohat\u00e9 na chu\u0165 ako napr\u00edklad <a href=\"https:\/\/rmvapesale.com\/sk\/product\/wga-crystal-pro-max-extra-15k-puffs-disposable-vape-wholesale\/\">WGA 15K<\/a>. Ka\u017ed\u00fd produkt je vybran\u00fd so zameran\u00edm na kvalitu, hodnotu a rozmanitos\u0165, \u010do zais\u0165uje, \u017ee n\u00e1jdete perfektn\u00fa vo\u013ebu pre va\u0161e potreby. Objavte v\u00fdnimo\u010dn\u00e9 slu\u017eby a \u0161irok\u00fa \u0161k\u00e1lu \u0161pi\u010dkov\u00fdch produktov v Rmvapesale.<\/p>\n<\/div>\n<h3><\/h3>\n<div class=\"relative p-1 rounded-sm flex items-center justify-center bg-token-main-surface-primary text-token-text-primary h-8 w-8\">\n<h3><b>Fumot 12000 Potiahnut\u00ed Dob\u00edjate\u013en\u00e1 jednorazov\u00e1 vaporiz\u00e9r FAQ<\/b><\/h3>\n<div class=\"flex-shrink-0 flex flex-col relative items-end\">\n<div>\n<div class=\"pt-0\">\n<div class=\"gizmo-bot-avatar flex h-8 w-8 items-center justify-center overflow-hidden rounded-full\">\n<div class=\"relative p-1 rounded-sm flex items-center justify-center bg-token-main-surface-primary text-token-text-primary h-8 w-8\"><\/div>\n<\/div>\n<\/div>\n<\/div>\n<\/div>\n<div class=\"group\/conversation-turn relative flex w-full min-w-0 flex-col agent-turn\">\n<div class=\"flex-col gap-1 md:gap-3\">\n<div class=\"flex max-w-full flex-col flex-grow\">\n<div class=\"min-h-8 text-message flex w-full flex-col items-end gap-2 whitespace-normal break-words [.text-message+&amp;]:mt-5\" dir=\"auto\" data-message-author-role=\"assistant\" data-message-id=\"00c9b302-bc9c-4550-94ba-5a295efa2be3\" data-message-model-slug=\"gpt-4o\">\n<div class=\"flex w-full flex-col gap-1 empty:hidden first:pt-[3px]\">\n<div class=\"markdown prose w-full break-words dark:prose-invert light\">\n<ol>\n<li><strong>Ko\u013eko potiahnut\u00ed poskytuje Fumot 12000 Digit\u00e1lna krabica Vaporiz\u00e9r?<\/strong><br \/>\nFumot 12000 Digit\u00e1lna krabica Vaporiz\u00e9r poskytuje a\u017e 12 000 potiahnut\u00ed.<\/li>\n<li><strong>Ak\u00e1 je ob\u013e\u00faben\u00e1 pr\u00edchu\u0165 pre RandM 12000 jednorazov\u00fd vaporiz\u00e9r?<\/strong><br \/>\nOb\u013e\u00faben\u00e9 pr\u00edchute pre RandM 12000 jednorazov\u00fd vaporiz\u00e9r sa ve\u013emi l\u00ed\u0161ia, ale medzi ob\u013e\u00faben\u00e9 patria ovocn\u00e9 zmesi, m\u00e4ta a dezertov\u00e9 pr\u00edchute.<\/li>\n<li><strong>Ako zist\u00edm, kedy je m\u00f4j nab\u00edjate\u013en\u00fd vape Fumot Vape 12000 pr\u00e1zdny?<\/strong><br \/>\nFumot 12000 Digit\u00e1lna krabica Vaporiz\u00e9r m\u00e1 digit\u00e1lny displej, ktor\u00fd ukazuje hladinu e-tekutiny. Ke\u010f je indik\u00e1tor n\u00edzky alebo pr\u00e1zdny, je \u010das vymeni\u0165 zariadenie alebo doplni\u0165 e-tekutinu, ak je to model s mo\u017enos\u0165ou dop\u013a\u0148ania.<\/li>\n<li><strong>Ko\u013eko nikot\u00ednu obsahuje Fumot Digit\u00e1lna krabica 12000 Jednorazov\u00e1 vaporiz\u00e9r?<\/strong><br \/>\nFumot Digit\u00e1lna krabica 12000 Jednorazov\u00e1 vaporiz\u00e9r pon\u00faka nikot\u00ednov\u00e9 sily 0%, 2%, 3% a 5%, \u010do umo\u017e\u0148uje pou\u017e\u00edvate\u013eom vybra\u0165 si pod\u013ea svojich preferenci\u00ed.<\/li>\n<li><strong>Ako dlho trv\u00e1 \u00fapln\u00e9 nabitie box vape Fumot 12000?<\/strong><br \/>\nS 850mAh dob\u00edjate\u013enou bat\u00e9riou a portom Type-C, Fumot 12000 vaporiz\u00e9r zvy\u010dajne potrebuje pribli\u017ene 1-2 hodiny na \u00fapln\u00e9 nabitie, v z\u00e1vislosti od zdroja nap\u00e1jania.<\/li>\n<li><strong>Kde k\u00fapi\u0165 RandM Digital Box 12000 puff vaporiz\u00e9ry za ve\u013ekoobchodn\u00fa cenu?<\/strong><br \/>\nM\u00f4\u017eete zak\u00fapi\u0165 vaporiz\u00e9ry RandM Digital Box 12000 puff za ve\u013ekoobchodn\u00e9 ceny na <a href=\"https:\/\/rmvapesale.com\/sk\/\" target=\"_new\" rel=\"noopener\">Rmvapesale<\/a>, online obchode s vaporiz\u00e9rmi zn\u00e1meho pre ve\u013ekoobchodn\u00e9 z\u00e1soby vaporiz\u00e9rov.<\/li>\n<li><strong>M\u00f4\u017eem si vzia\u0165 jednorazov\u00fa elektronick\u00fa cigaretu do lietadla?<\/strong><br \/>\n\u00c1no, m\u00f4\u017eete si vzia\u0165 jednorazov\u00fd vaporiz\u00e9r na lietadlo, ale mus\u00ed by\u0165 v pr\u00edru\u010dnej bato\u017eine. Skontrolujte v\u0161ak politiku leteckej spolo\u010dnosti, preto\u017ee obmedzenia sa m\u00f4\u017eu l\u00ed\u0161i\u0165.<\/li>\n<\/ol>\n<\/div>\n<\/div>\n<\/div>\n<\/div>\n<\/div>\n<\/div>\n<\/div>\n<div class=\"mb-2 flex gap-3 empty:hidden -ml-2\"><\/div>\n<p>&nbsp;<\/p>\n<\/div>\n<\/div>\n<\/div>\n<h3>O doru\u010den\u00ed<\/h3>\n<div class=\"flex-shrink-0 flex flex-col relative items-end\">\n<div>\n<div class=\"pt-0\">\n<div class=\"gizmo-bot-avatar flex h-8 w-8 items-center justify-center overflow-hidden rounded-full\">\n<div><\/div>\n<div class=\"relative p-1 rounded-sm flex items-center justify-center bg-token-main-surface-primary text-token-text-primary h-8 w-8\"><strong>1. Ak\u00e9 sp\u00f4soby doru\u010denia pou\u017e\u00edvate?<\/strong><\/div>\n<\/div>\n<\/div>\n<\/div>\n<\/div>\n<div class=\"group\/conversation-turn relative flex w-full min-w-0 flex-col agent-turn\">\n<div class=\"flex-col gap-1 md:gap-3\">\n<div class=\"flex max-w-full flex-col flex-grow\">\n<div class=\"min-h-[20px] text-message flex w-full flex-col items-end gap-2 whitespace-normal break-words [.text-message+&amp;]:mt-5 overflow-x-auto\" dir=\"auto\" data-message-author-role=\"assistant\" data-message-id=\"22f8283b-3233-46ff-89a5-c7a41b33abda\">\n<div class=\"flex w-full flex-col gap-1 empty:hidden first:pt-[3px]\">\n<div class=\"markdown prose w-full break-words dark:prose-invert light\">\n<p>Spolupracujeme so spolo\u010dnos\u0165ami UPS, DHL, FedEx, DPD a \u010fal\u0161\u00edmi popredn\u00fdmi dopravcami. Vyberieme najlep\u0161\u00ed sp\u00f4sob doru\u010denia na z\u00e1klade va\u0161ej adresy, aby sme zaistili, \u017ee svoje produkty dostanete \u010do najr\u00fdchlej\u0161ie.<\/p>\n<\/div>\n<p><strong>2. Ako dlho trv\u00e1 doru\u010denie?<\/strong><\/p>\n<p>Bal\u00edky doru\u010dovan\u00e9 na Slovensko zvy\u010dajne dorazia do 10 pracovn\u00fdch dn\u00ed. Doru\u010denie do eur\u00f3pskych kraj\u00edn zvy\u010dajne trv\u00e1 asi 12-15 pracovn\u00fdch dn\u00ed. Budeme v\u00e1s informova\u0165 o stave doru\u010denia v re\u00e1lnom \u010dase.<\/p>\n<\/div>\n<\/div>\n<\/div>\n<\/div>\n<\/div>\n<p>&nbsp;<\/p>\n<p>N\u00e1jdite \u010fal\u0161ie vape produkty, ktor\u00e9 by sa v\u00e1m mohli p\u00e1\u010di\u0165:<strong><em><a href=\"https:\/\/rmvapesale.com\/sk\/shop-2\/\">nakupova\u0165 teraz &gt;&gt;&gt;<\/a><\/em><\/strong><\/p>","protected":false},"excerpt":{"rendered":"<p>Fumot RandM 12000 Potiahnut\u00ed Digit\u00e1lna krabica Jednorazov\u00e1 vaporiz\u00e9r<br \/>\nFumot 12000 Dob\u00edjate\u013en\u00e1 jednorazov\u00e1 vaporiz\u00e9r ve\u013ekoobchodn\u00e1 cena<br \/>\nRandM Vaporiz\u00e9r Fumot 12000 N\u00edzky obsah nikot\u00ednu Jednorazov\u00e1 vaporiz\u00e9r 2%<\/p>\n<p><img loading=\"lazy\" decoding=\"async\" class=\"size-full wp-image-2375\" src=\"https:\/\/rmvapesale.com\/wp-content\/uploads\/2024\/10\/image.png\" alt=\"Najlep\u0161\u00ed jednorazov\u00fd vape\" width=\"229\" height=\"300\" \/><\/p>\n<h3><a href=\"https:\/\/wa.me\/8617776015835\"><span style=\"color: #ff0000\"><strong>WhatsApp: +86 17776015835<\/strong><\/span><\/a><\/h3>\n<p>&nbsp;<\/p>","protected":false},"featured_media":2732,"comment_status":"open","ping_status":"closed","template":"","meta":{"_uag_custom_page_level_css":"","_lmt_disableupdate":"no","_lmt_disable":"","site-sidebar-layout":"default","site-content-layout":"content-boxed-container","ast-site-content-layout":"normal-width-container","site-content-style":"boxed","site-sidebar-style":"unboxed","ast-global-header-display":"","ast-banner-title-visibility":"","ast-main-header-display":"","ast-hfb-above-header-display":"","ast-hfb-below-header-display":"","ast-hfb-mobile-header-display":"","site-post-title":"","ast-breadcrumbs-content":"","ast-featured-img":"","footer-sml-layout":"","ast-disable-related-posts":"","theme-transparent-header-meta":"default","adv-header-id-meta":"","stick-header-meta":"","header-above-stick-meta":"","header-main-stick-meta":"","header-below-stick-meta":"","astra-migrate-meta-layouts":"set","ast-page-background-enabled":"default","ast-page-background-meta":{"desktop":{"background-color":"var(--ast-global-color-4)","background-image":"","background-repeat":"repeat","background-position":"center center","background-size":"auto","background-attachment":"scroll","background-type":"","background-media":"","overlay-type":"","overlay-color":"","overlay-opacity":"","overlay-gradient":""},"tablet":{"background-color":"","background-image":"","background-repeat":"repeat","background-position":"center center","background-size":"auto","background-attachment":"scroll","background-type":"","background-media":"","overlay-type":"","overlay-color":"","overlay-opacity":"","overlay-gradient":""},"mobile":{"background-color":"","background-image":"","background-repeat":"repeat","background-position":"center center","background-size":"auto","background-attachment":"scroll","background-type":"","background-media":"","overlay-type":"","overlay-color":"","overlay-opacity":"","overlay-gradient":""}},"ast-content-background-meta":{"desktop":{"background-color":"var(--ast-global-color-5)","background-image":"","background-repeat":"repeat","background-position":"center center","background-size":"auto","background-attachment":"scroll","background-type":"","background-media":"","overlay-type":"","overlay-color":"","overlay-opacity":"","overlay-gradient":""},"tablet":{"background-color":"var(--ast-global-color-5)","background-image":"","background-repeat":"repeat","background-position":"center center","background-size":"auto","background-attachment":"scroll","background-type":"","background-media":"","overlay-type":"","overlay-color":"","overlay-opacity":"","overlay-gradient":""},"mobile":{"background-color":"var(--ast-global-color-5)","background-image":"","background-repeat":"repeat","background-position":"center center","background-size":"auto","background-attachment":"scroll","background-type":"","background-media":"","overlay-type":"","overlay-color":"","overlay-opacity":"","overlay-gradient":""}},"_joinchat":[]},"product_brand":[],"product_cat":[15,27,51,25,123,30,26,28,31,137,136,135],"product_tag":[212,214,39,213,38],"class_list":{"0":"post-2736","1":"product","2":"type-product","3":"status-publish","4":"has-post-thumbnail","6":"product_cat-new-vape-this-week","7":"product_cat-fance-hot-sale-vape","8":"product_cat-fumot-vape","9":"product_cat-germany-best-selling-vape","10":"product_cat-italy-wholesale-vape","11":"product_cat-minimum-order-quantity-50pcs","12":"product_cat-netherlands-hot-sale-vape","13":"product_cat-poland-hot-sale-vape","14":"product_cat-randm-fumot-vape","15":"product_cat-rechargeable-vapes","16":"product_cat-smart-screen-vapes","17":"product_cat-spain-best-hot-sale-vape","18":"product_tag-fumot-12000","19":"product_tag-fumot-12k","20":"product_tag-fumot-vape","21":"product_tag-randm-12000","22":"product_tag-randm-vape","23":"desktop-align-left","24":"tablet-align-left","25":"mobile-align-left","27":"first","28":"instock","29":"sale","30":"shipping-taxable","31":"purchasable","32":"product-type-simple"},"uagb_featured_image_src":{"full":["https:\/\/rmvapesale.com\/wp-content\/uploads\/2024\/11\/RandM-Digital-12000-Puffs-Disposable-Vape-Wholesale.jpg",800,800,false],"thumbnail":["https:\/\/rmvapesale.com\/wp-content\/uploads\/2024\/11\/RandM-Digital-12000-Puffs-Disposable-Vape-Wholesale-150x150.jpg",150,150,true],"medium":["https:\/\/rmvapesale.com\/wp-content\/uploads\/2024\/11\/RandM-Digital-12000-Puffs-Disposable-Vape-Wholesale-300x300.jpg",300,300,true],"medium_large":["https:\/\/rmvapesale.com\/wp-content\/uploads\/2024\/11\/RandM-Digital-12000-Puffs-Disposable-Vape-Wholesale-768x768.jpg",768,768,true],"large":["https:\/\/rmvapesale.com\/wp-content\/uploads\/2024\/11\/RandM-Digital-12000-Puffs-Disposable-Vape-Wholesale.jpg",800,800,false],"1536x1536":["https:\/\/rmvapesale.com\/wp-content\/uploads\/2024\/11\/RandM-Digital-12000-Puffs-Disposable-Vape-Wholesale.jpg",800,800,false],"2048x2048":["https:\/\/rmvapesale.com\/wp-content\/uploads\/2024\/11\/RandM-Digital-12000-Puffs-Disposable-Vape-Wholesale.jpg",800,800,false],"trp-custom-language-flag":["https:\/\/rmvapesale.com\/wp-content\/uploads\/2024\/11\/RandM-Digital-12000-Puffs-Disposable-Vape-Wholesale.jpg",12,12,false],"woocommerce_thumbnail":["https:\/\/rmvapesale.com\/wp-content\/uploads\/2024\/11\/RandM-Digital-12000-Puffs-Disposable-Vape-Wholesale-300x300.jpg",300,300,true],"woocommerce_single":["https:\/\/rmvapesale.com\/wp-content\/uploads\/2024\/11\/RandM-Digital-12000-Puffs-Disposable-Vape-Wholesale-600x600.jpg",600,600,true],"woocommerce_gallery_thumbnail":["https:\/\/rmvapesale.com\/wp-content\/uploads\/2024\/11\/RandM-Digital-12000-Puffs-Disposable-Vape-Wholesale-100x100.jpg",100,100,true],"wcpr-photo-reviews":["https:\/\/rmvapesale.com\/wp-content\/uploads\/2024\/11\/RandM-Digital-12000-Puffs-Disposable-Vape-Wholesale.jpg",500,500,false]},"uagb_author_info":{"display_name":"AMY","author_link":"https:\/\/rmvapesale.com\/sk\/author\/"},"uagb_comment_info":0,"uagb_excerpt":"Fumot RandM 12000 Puffs Digital Box Disposable Vape Fumot 12000 Rechargeable Disposable Vape Wholesale Price RandM Vape Fumot 12000 Low Nicotine Disposable Vape 2% WhatsApp: +86 17776015835 &nbsp;","_links":{"self":[{"href":"https:\/\/rmvapesale.com\/sk\/wp-json\/wp\/v2\/product\/2736","targetHints":{"allow":["GET"]}}],"collection":[{"href":"https:\/\/rmvapesale.com\/sk\/wp-json\/wp\/v2\/product"}],"about":[{"href":"https:\/\/rmvapesale.com\/sk\/wp-json\/wp\/v2\/types\/product"}],"replies":[{"embeddable":true,"href":"https:\/\/rmvapesale.com\/sk\/wp-json\/wp\/v2\/comments?post=2736"}],"wp:featuredmedia":[{"embeddable":true,"href":"https:\/\/rmvapesale.com\/sk\/wp-json\/wp\/v2\/media\/2732"}],"wp:attachment":[{"href":"https:\/\/rmvapesale.com\/sk\/wp-json\/wp\/v2\/media?parent=2736"}],"wp:term":[{"taxonomy":"product_brand","embeddable":true,"href":"https:\/\/rmvapesale.com\/sk\/wp-json\/wp\/v2\/product_brand?post=2736"},{"taxonomy":"product_cat","embeddable":true,"href":"https:\/\/rmvapesale.com\/sk\/wp-json\/wp\/v2\/product_cat?post=2736"},{"taxonomy":"product_tag","embeddable":true,"href":"https:\/\/rmvapesale.com\/sk\/wp-json\/wp\/v2\/product_tag?post=2736"}],"curies":[{"name":"wp","href":"https:\/\/api.w.org\/{rel}","templated":true}]}}