{"id":2738,"date":"2024-11-15T08:19:48","date_gmt":"2024-11-15T08:19:48","guid":{"rendered":"https:\/\/rmvapesale.com\/?post_type=product&#038;p=2738"},"modified":"2024-11-15T08:43:47","modified_gmt":"2024-11-15T08:43:47","slug":"fumot-randm-12000-strawberry-kiwi-flavor-disposable-vape-wholesale-netherlands","status":"publish","type":"product","link":"https:\/\/rmvapesale.com\/sk\/product\/fumot-randm-12000-strawberry-kiwi-flavor-disposable-vape-wholesale-netherlands\/","title":{"rendered":"Fumot RandM 12000 Jahoda-kiwi pr\u00edchu\u0165, jednorazov\u00fd vape, ve\u013ekoobchod Holandsko"},"content":{"rendered":"<div class=\"B2VR9 CJHX3e\">\n<div class=\"wyccme\">\n<h1 class=\"LC20lb MBeuO DKV0Md\">Fumot RandM 12000 Jahoda-kiwi pr\u00edchu\u0165, jednorazov\u00fd vape, ve\u013ekoobchod Holandsko<\/h1>\n<div class=\"flex-shrink-0 flex flex-col relative items-end\">\n<div class=\"pt-0\">\n<div class=\"gizmo-bot-avatar flex h-8 w-8 items-center justify-center overflow-hidden rounded-full\">\n<div class=\"relative p-1 rounded-sm flex items-center justify-center bg-token-main-surface-primary text-token-text-primary h-8 w-8\">\n<p>&nbsp;<\/p>\n<p>Za\u017eite \u017eiv\u00fa zmes jahody a kiwi s Fumot RandM 12000 Pr\u00edchu\u0165 jahoda kiwi Jednorazov\u00fd vaporiz\u00e9r, navrhnut\u00fd tak, aby poskytoval a\u017e 12 000 potiahnut\u00ed bohatou a uspokojivou chu\u0165ou. Tento jednorazov\u00fd vaporiz\u00e9r je ide\u00e1lny na ve\u013ekoobchodn\u00e9 pred\u00e1vanie na Slovensku, pon\u00faka dlh\u00fa \u017eivotnos\u0165 a je vhodn\u00fd pre nov\u00fdch aj sk\u00fasen\u00fdch pou\u017e\u00edvate\u013eov. S kapacitou 20 ml e-tekutiny a dostupn\u00fdmi nikot\u00ednov\u00fdmi silami 0%, 2%, 3% alebo 5%, tento pr\u00edstroj vyhovie r\u00f4znym preferenci\u00e1m, umo\u017e\u0148uje pou\u017e\u00edvate\u013eom vybra\u0165 si intenzitu, ktor\u00e1 im najviac vyhovuje. V\u00fdkonn\u00e1 nab\u00edjate\u013en\u00e1 bat\u00e9ria s kapacitou 850mAh, spojen\u00e1 s pohodln\u00fdm nab\u00edjac\u00edm portom Type-C, zabezpe\u010duje neru\u0161en\u00e9 vapovanie s minim\u00e1lnym \u010dasom na nab\u00edjanie.<\/p>\n<p>Fumot RandM 12000 Pr\u00edchu\u0165 jahoda kiwi Jednorazov\u00fd vaporiz\u00e9r m\u00e1 tie\u017e digit\u00e1lny displej, ktor\u00fd poskytuje aktu\u00e1lne inform\u00e1cie o stave bat\u00e9rie a \u00farovni e-tekutiny, tak\u017ee m\u00e1te v\u017edy kontrolu. Vyvinut\u00fd s pokro\u010dilou technol\u00f3giou mrie\u017ekovej cievky, tento vaporiz\u00e9r produkuje hladk\u00fd a chutn\u00fd par, zv\u00fdraz\u0148uj\u00fac prirodzen\u00fa sladkos\u0165 a kyslos\u0165 zmesi jahoda-kiwi. Navrhnut\u00fd pre pohodlie, ka\u017ed\u00e9 zariadenie je prednaplnen\u00e9 a jeho kompaktn\u00fd, ergonomick\u00fd dizajn u\u013eah\u010duje pren\u00e1\u0161anie. \u010ci u\u017e h\u013ead\u00e1te rie\u0161enie na cesty alebo chutn\u00fd, vysokov\u00fdkonn\u00fd vaporiz\u00e9r, tento RandM 12000 Jahoda kiwi je ide\u00e1lny na ve\u013ekoobchodn\u00e9 objedn\u00e1vky na splnenie dopytu z\u00e1kazn\u00edkov.<\/p>\n<\/div>\n<\/div>\n<\/div>\n<\/div>\n<\/div>\n<\/div>\n<p><strong>Kontaktujte Amy pre spr\u00e1vnu odpove\u010f a vape kup\u00f3n!<\/strong><\/p>\n<p><img loading=\"lazy\" decoding=\"async\" class=\"size-full wp-image-1978\" src=\"https:\/\/rmvapesale.com\/wp-content\/uploads\/2024\/09\/Disposable-Vape-Wholesale.jpg\" alt=\"Jednorazov\u00fd vape ve\u013ekoobchod\" width=\"229\" height=\"300\" \/><\/p>\n<h3><a href=\"https:\/\/wa.me\/8617776015835\" target=\"_blank\" rel=\"noopener\"><span style=\"color: #ff0000\"><strong>WhatsApp: +86 17776015835<\/strong><\/span><\/a><\/h3>\n<p>&nbsp;<\/p>\n<h2><\/h2>\n<h2><strong>RandM 12000 Puffs K\u013e\u00fa\u010dov\u00e9 vlastnosti<\/strong><\/h2>\n<ul>\n<li>A\u017e 12 000 potiahnut\u00ed na zariadenie<\/li>\n<li>Digit\u00e1lny displej zobrazuje \u00farove\u0148 bat\u00e9rie a e-tekutiny<\/li>\n<li>Pr\u00edchu\u0165 jahoda kiwi s kapacitou 20 ml e-tekutiny<\/li>\n<li>Dob\u00edjate\u013en\u00e1 bat\u00e9ria 850mAh s portom Type-C<\/li>\n<li>Dostupn\u00e9 v nikot\u00ednov\u00fdch sil\u00e1ch 0%, 2%, 3% a 5%<\/li>\n<\/ul>\n<figure id=\"attachment_2731\" aria-describedby=\"caption-attachment-2731\" style=\"width: 800px\" class=\"wp-caption alignnone\"><img loading=\"lazy\" decoding=\"async\" class=\"wp-image-2731 size-full\" src=\"https:\/\/rmvapesale.com\/wp-content\/uploads\/2024\/11\/RandM-12000-Disposable-Vape-Bulk-Buy.jpg\" alt=\"RandM 12000 Jednorazov\u00fd vape Hromadn\u00fd n\u00e1kup\" width=\"800\" height=\"800\" srcset=\"https:\/\/rmvapesale.com\/wp-content\/uploads\/2024\/11\/RandM-12000-Disposable-Vape-Bulk-Buy.jpg 800w, https:\/\/rmvapesale.com\/wp-content\/uploads\/2024\/11\/RandM-12000-Disposable-Vape-Bulk-Buy-300x300.jpg 300w, https:\/\/rmvapesale.com\/wp-content\/uploads\/2024\/11\/RandM-12000-Disposable-Vape-Bulk-Buy-150x150.jpg 150w, https:\/\/rmvapesale.com\/wp-content\/uploads\/2024\/11\/RandM-12000-Disposable-Vape-Bulk-Buy-768x768.jpg 768w, https:\/\/rmvapesale.com\/wp-content\/uploads\/2024\/11\/RandM-12000-Disposable-Vape-Bulk-Buy-600x600.jpg 600w, https:\/\/rmvapesale.com\/wp-content\/uploads\/2024\/11\/RandM-12000-Disposable-Vape-Bulk-Buy-100x100.jpg 100w\" sizes=\"auto, (max-width: 800px) 100vw, 800px\" \/><figcaption id=\"caption-attachment-2731\" class=\"wp-caption-text\">RandM 12000 Jednorazov\u00fd vape Hromadn\u00fd n\u00e1kup<\/figcaption><\/figure>\n<h2><strong>Najlep\u0161ia pr\u00edchu\u0165 pre Fumot 12000 Puffs<\/strong><\/h2>\n<p>1 Chladiv\u00e1 m\u00e4ta <span style=\"color: #ff0000\"><strong>&gt;&gt;&gt;&gt; Hor\u00face!<\/strong><\/span><br \/>\n2 Vodn\u00fd mel\u00f3n \u013ead<br \/>\n3 Hrozno \u013ead<br \/>\n4 \u010co\u010dnica a malina <span style=\"color: #ff0000\"><strong>&gt;&gt;&gt;&gt; Hor\u00face!<\/strong><\/span><br \/>\n5 Jahoda a vodn\u00fd mel\u00f3n<br \/>\n6 Jahoda a ban\u00e1n<br \/>\n7 Svie\u017ei \u013ead<br \/>\n8 \u010cere\u0161\u0148a<br \/>\n9 Jahodov\u00e1 zmrzlina<br \/>\n10 Nanuk<br \/>\n11 Ru\u017eov\u00e1 limon\u00e1da <span style=\"color: #ff0000\"><strong>&gt;&gt;&gt;&gt; Hor\u00face!<\/strong><\/span><br \/>\n12 Mangov\u00e1 \u013eadov\u00e1<br \/>\n13 Zmes bob\u00fa\u013e<br \/>\n14 Jahodov\u00e1 \u0161i\u0161ka<br \/>\n15 Jahodov\u00e9 hrozno<br \/>\n16 \u010cere\u0161\u0148ov\u00e1 kola<br \/>\n17 Dr. modr\u00e1<br \/>\n18 \u010cu\u010doriedkov\u00e1 \u013eadov\u00e1 <span style=\"color: #ff0000\"><strong>&gt;&gt;&gt;&gt; Hor\u00face!<\/strong><\/span><br \/>\n19 Kivi, marakuja a guava<br \/>\n20 Jahodov\u00e9 kivi<br \/>\n21 Brosky\u0148ov\u00e9 mango<br \/>\n22 Brosky\u0148ov\u00e1 \u013eadov\u00e1<br \/>\n23 \u010cerven\u00e9 jablko s \u013eadom<br \/>\n24 \u010cu\u010doriedkov\u00e1 \u017euva\u010dka <span style=\"color: #ff0000\"><strong>&gt;&gt;&gt;&gt; Najlep\u0161ie!<\/strong><\/span><br \/>\n25 Bobu\u013eov\u00e1 limon\u00e1da<br \/>\n26 Modr\u00e1 malinov\u00e1 limon\u00e1da<br \/>\n27 Modr\u00e1 kysl\u00e1 malina<br \/>\n28 Jahodov\u00fd Red bull<br \/>\n29 Jablkov\u00fd bobu\u013eov\u00fd v\u00fdbuch<br \/>\n30 Mel\u00f3nov\u00e1 \u017euva\u010dka<br \/>\n31 Malina mel\u00f3n<br \/>\n32 \u010cierna \u013eadov\u00e1<br \/>\n33 \u010cu\u010doriedka \u010dere\u0161\u0148a brusnica<br \/>\n34 Jahodov\u00e9 gran\u00e1tov\u00e9 jablko<br \/>\n35 Vimto<br \/>\n36 \u010cere\u0161\u0148a bobule<br \/>\n37 Citr\u00f3n<br \/>\n38 Bingo Crush<br \/>\n39 \u010cu\u010doriedkov\u00e9 kiwi<br \/>\n40 Jabl\u010dn\u00e1 \u0161korica<\/p>\n<h3><\/h3>\n<h3><strong>Pre\u010do si vybra\u0165 Rmvapesale pre RandM Digital Box 12000 <\/strong><strong>V<\/strong><strong>Ve\u013ekoobchod s vape<\/strong><strong>?<\/strong><\/h3>\n<div class=\"flex-shrink-0 flex flex-col relative items-end\">\n<div class=\"pt-0\">\n<div class=\"gizmo-bot-avatar flex h-8 w-8 items-center justify-center overflow-hidden rounded-full\">\n<div class=\"relative p-1 rounded-sm flex items-center justify-center bg-token-main-surface-primary text-token-text-primary h-8 w-8\">\n<p>Vitajte v Rmvapesale, va\u0161om d\u00f4veryhodnom obchode s vape pre pr\u00e9miov\u00e9 jednorazov\u00e9 vapy. S viac ako 5 ro\u010dn\u00fdmi sk\u00fasenos\u0165ami v\u00e1m prin\u00e1\u0161ame popul\u00e1rne zna\u010dky jednorazov\u00fdch vape ako Al Fakher, Vapme Vape, <a href=\"https:\/\/rmvapesale.com\/sk\/product\/vapme-crystal-7000-puffs-rechargeable-disposable-vape-price\/\">Vapme<\/a>, <a href=\"https:\/\/rmvapesale.com\/sk\/product-category\/bang-vapes\/\">Bang Vape<\/a>, Waspe, <a href=\"https:\/\/rmvapesale.com\/sk\/product\/wga-crystal-pro-max-extra-15k-puffs-disposable-vape-wholesale\/\">WGA<\/a> Vape a<a href=\"https:\/\/rmvapesale.com\/sk\/product-category\/randm-fumot-vape\/\"> RandM Vape<\/a>.<\/p>\n<p>N\u00e1\u0161 sortiment zah\u0155\u0148a popul\u00e1rne jednorazov\u00e9 vapky ako <a href=\"https:\/\/rmvapesale.com\/sk\/product\/fumot-digital-box-12000-disposable-vape-pink-lemonade-flavor\/\">RandM 12000 potiahnut\u00ed<\/a> a vo\u013eby bohat\u00e9 na chu\u0165 ako napr\u00edklad <a href=\"https:\/\/rmvapesale.com\/sk\/product\/wga-crystal-pro-max-extra-15k-puffs-disposable-vape-wholesale\/\">WGA 15K<\/a>. Ka\u017ed\u00fd produkt je vybran\u00fd so zameran\u00edm na kvalitu, hodnotu a rozmanitos\u0165, \u010do zais\u0165uje, \u017ee n\u00e1jdete perfektn\u00fa vo\u013ebu pre va\u0161e potreby. Objavte v\u00fdnimo\u010dn\u00e9 slu\u017eby a \u0161irok\u00fa \u0161k\u00e1lu \u0161pi\u010dkov\u00fdch produktov v Rmvapesale.<\/p>\n<\/div>\n<h3><\/h3>\n<div class=\"relative p-1 rounded-sm flex items-center justify-center bg-token-main-surface-primary text-token-text-primary h-8 w-8\">\n<h3><b>RandM 12000 potiahnut\u00ed nab\u00edjate\u013en\u00fd jednorazov\u00fd vape \u2013 \u010casto kladen\u00e9 ot\u00e1zky<\/b><\/h3>\n<div class=\"group\/conversation-turn relative flex w-full min-w-0 flex-col agent-turn\">\n<div class=\"flex-col gap-1 md:gap-3\">\n<div class=\"flex max-w-full flex-col flex-grow\">\n<div class=\"min-h-8 text-message flex w-full flex-col items-end gap-2 whitespace-normal break-words [.text-message+&amp;]:mt-5\" dir=\"auto\" data-message-author-role=\"assistant\" data-message-id=\"00c9b302-bc9c-4550-94ba-5a295efa2be3\" data-message-model-slug=\"gpt-4o\">\n<div class=\"flex w-full flex-col gap-1 empty:hidden first:pt-[3px]\">\n<div class=\"markdown prose w-full break-words dark:prose-invert light\">\n<div class=\"flex-shrink-0 flex flex-col relative items-end\">\n<div>\n<div class=\"pt-0\">\n<div class=\"gizmo-bot-avatar flex h-8 w-8 items-center justify-center overflow-hidden rounded-full\">\n<div class=\"relative p-1 rounded-sm flex items-center justify-center bg-token-main-surface-primary text-token-text-primary h-8 w-8\"><\/div>\n<\/div>\n<\/div>\n<\/div>\n<\/div>\n<div class=\"group\/conversation-turn relative flex w-full min-w-0 flex-col agent-turn\">\n<div class=\"flex-col gap-1 md:gap-3\">\n<div class=\"flex max-w-full flex-col flex-grow\">\n<div class=\"min-h-8 text-message flex w-full flex-col items-end gap-2 whitespace-normal break-words [.text-message+&amp;]:mt-5\" dir=\"auto\" data-message-author-role=\"assistant\" data-message-id=\"a3dc01bd-23b0-4fd7-bb9a-7827522cefd8\" data-message-model-slug=\"gpt-4o\">\n<div class=\"flex w-full flex-col gap-1 empty:hidden first:pt-[3px]\">\n<div class=\"markdown prose w-full break-words dark:prose-invert light\">\n<ul>\n<li><strong>Ko\u013eko potiahnut\u00ed poskytuje Fumot 12000 Nab\u00edjate\u013en\u00fd vaporiz\u00e9r?<\/strong><br \/>\nFumot 12000 Nab\u00edjate\u013en\u00fd vaporiz\u00e9r poskytuje a\u017e <strong>T\u00e1to vape pon\u00faka neuverite\u013en\u00fdch<\/strong>, \u010do pon\u00faka dlhodob\u00fd z\u00e1\u017eitok z vapovania.<\/li>\n<li><strong>Ak\u00e9 s\u00fa ob\u013e\u00faben\u00e9 pr\u00edchute pre RandM 12000 Digit\u00e1lnu krabi\u010dku vaporiz\u00e9ra?<\/strong><br \/>\nOb\u013e\u00faben\u00e9 pr\u00edchute pre RandM 12000 Digit\u00e1lnu krabi\u010dku vaporiz\u00e9ra zah\u0155\u0148aj\u00fa <strong>Jahoda Kiwi<\/strong> a <strong>Jahoda Vodn\u00fd mel\u00f3n<\/strong>. Tieto pr\u00edchute s\u00fa obzvl\u00e1\u0161\u0165 popul\u00e1rne v\u010faka ich vyv\u00e1\u017een\u00fdm a osvie\u017euj\u00facim chu\u0165ov\u00fdm profilom.<\/li>\n<li><strong>Ako viem, kedy je m\u00f4j Fumot Vape 12000 Digit\u00e1lna krabi\u010dka pr\u00e1zdna?<\/strong><br \/>\nFumot 12000 Digit\u00e1lna krabi\u010dka vaporiz\u00e9ra m\u00e1 <strong>digit\u00e1lnym displejom<\/strong> ktor\u00fd zobrazuje \u00farove\u0148 e-tekutiny. Ke\u010f je \u00farove\u0148 e-tekutiny n\u00edzka alebo produkcia pary sa v\u00fdrazne zn\u00ed\u017ei, je to sign\u00e1l, \u017ee zariadenie je takmer pr\u00e1zdne.<\/li>\n<li><strong>Ko\u013eko nikot\u00ednu je v Fumot 12000 Jednorazov\u00fdch vaporiz\u00e9roch?<\/strong><br \/>\nFumot 12000 Jednorazov\u00fd vaporiz\u00e9r pon\u00faka nikot\u00ednov\u00e9 sily <strong>0%, 2%, 3% a 5%<\/strong>, \u010do vyhovuje \u0161irok\u00e9mu spektru pou\u017e\u00edvate\u013esk\u00fdch preferenci\u00ed.<\/li>\n<li><strong>Ako dlho trv\u00e1 \u00fapln\u00e9 nabitie Fumot 12000 jednorazov\u00e9ho vaporiz\u00e9ra?<\/strong><br \/>\nNa nab\u00edjanie Fumot 12000 Jednorazov\u00e1 vape zvy\u010dajne trv\u00e1 pribli\u017ene <strong>1 a\u017e 1,5 hodiny<\/strong> pou\u017eit\u00edm portu Type-C, v z\u00e1vislosti od pou\u017eit\u00e9ho nab\u00edja\u010da.<\/li>\n<li><strong>Kde k\u00fapi\u0165 Fumot RandM Digit\u00e1lna Krabica 12000 Vapov za ve\u013ekoobchodn\u00fa cenu?<\/strong><br \/>\nPre ve\u013ekoobchodn\u00e9 ceny na Fumot RandM Digit\u00e1lna Krabica 12000 Vapov nav\u0161t\u00edvte <strong>v internetovom vape shope Rmvapesale<\/strong> pre najlep\u0161ie ponuky a mo\u017enosti hromadn\u00e9ho n\u00e1kupu.<\/li>\n<li><strong>M\u00f4\u017eem si vzia\u0165 jednorazov\u00fa elektronick\u00fa cigaretu do lietadla?<\/strong><br \/>\n\u00c1no, m\u00f4\u017eete si prinies\u0165 jednorazov\u00fa vape na lietadlo. Av\u0161ak, mala by by\u0165 ulo\u017een\u00e1 vo va\u0161om <strong>pr\u00edru\u010dnej bato\u017eine<\/strong>, preto\u017ee v\u00e4\u010d\u0161ina leteck\u00fdch spolo\u010dnost\u00ed zakazuje vape zariadenia v odovzdanom bato\u017eine z d\u00f4vodu bezpe\u010dnosti bat\u00e9ri\u00ed.<\/li>\n<\/ul>\n<\/div>\n<\/div>\n<\/div>\n<\/div>\n<\/div>\n<\/div>\n<\/div>\n<\/div>\n<\/div>\n<\/div>\n<\/div>\n<\/div>\n<\/div>\n<div class=\"mb-2 flex gap-3 empty:hidden -ml-2\"><\/div>\n<p>&nbsp;<\/p>\n<\/div>\n<\/div>\n<\/div>\n<h3>O doru\u010den\u00ed<\/h3>\n<div class=\"flex-shrink-0 flex flex-col relative items-end\">\n<div>\n<div class=\"pt-0\">\n<div class=\"gizmo-bot-avatar flex h-8 w-8 items-center justify-center overflow-hidden rounded-full\">\n<div><\/div>\n<div class=\"relative p-1 rounded-sm flex items-center justify-center bg-token-main-surface-primary text-token-text-primary h-8 w-8\"><strong>1. Ak\u00e9 sp\u00f4soby doru\u010denia pou\u017e\u00edvate?<\/strong><\/div>\n<\/div>\n<\/div>\n<\/div>\n<\/div>\n<div class=\"group\/conversation-turn relative flex w-full min-w-0 flex-col agent-turn\">\n<div class=\"flex-col gap-1 md:gap-3\">\n<div class=\"flex max-w-full flex-col flex-grow\">\n<div class=\"min-h-[20px] text-message flex w-full flex-col items-end gap-2 whitespace-normal break-words [.text-message+&amp;]:mt-5 overflow-x-auto\" dir=\"auto\" data-message-author-role=\"assistant\" data-message-id=\"22f8283b-3233-46ff-89a5-c7a41b33abda\">\n<div class=\"flex w-full flex-col gap-1 empty:hidden first:pt-[3px]\">\n<div class=\"markdown prose w-full break-words dark:prose-invert light\">\n<p>Spolupracujeme so spolo\u010dnos\u0165ami UPS, DHL, FedEx, DPD a \u010fal\u0161\u00edmi popredn\u00fdmi dopravcami. Vyberieme najlep\u0161\u00ed sp\u00f4sob doru\u010denia na z\u00e1klade va\u0161ej adresy, aby sme zaistili, \u017ee svoje produkty dostanete \u010do najr\u00fdchlej\u0161ie.<\/p>\n<\/div>\n<p><strong>2. Ako dlho trv\u00e1 doru\u010denie?<\/strong><\/p>\n<p>Bal\u00edky doru\u010dovan\u00e9 na Slovensko zvy\u010dajne dorazia do 10 pracovn\u00fdch dn\u00ed. Doru\u010denie do eur\u00f3pskych kraj\u00edn zvy\u010dajne trv\u00e1 asi 12-15 pracovn\u00fdch dn\u00ed. Budeme v\u00e1s informova\u0165 o stave doru\u010denia v re\u00e1lnom \u010dase.<\/p>\n<\/div>\n<\/div>\n<\/div>\n<\/div>\n<\/div>\n<p>&nbsp;<\/p>\n<p>N\u00e1jdite \u010fal\u0161ie vape produkty, ktor\u00e9 by sa v\u00e1m mohli p\u00e1\u010di\u0165:<strong><em><a href=\"https:\/\/rmvapesale.com\/sk\/shop-2\/\">nakupova\u0165 teraz &gt;&gt;&gt;<\/a><\/em><\/strong><\/p>","protected":false},"excerpt":{"rendered":"<p>Fumot Digital Box 12000 jednorazov\u00e1 vape<br \/>\nRandM Vape Fumot Digital Box 12000 Puff Hromadn\u00fd n\u00e1kup<br \/>\nFumot 12000 Jednorazov\u00fd vape V\u0161etky pr\u00edchute na sklade Ve\u013ekoobchod<\/p>\n<p><img loading=\"lazy\" decoding=\"async\" class=\"size-full wp-image-2375\" src=\"https:\/\/rmvapesale.com\/wp-content\/uploads\/2024\/10\/image.png\" alt=\"Najlep\u0161\u00ed jednorazov\u00fd vape\" width=\"229\" height=\"300\" \/><\/p>\n<h3><a href=\"https:\/\/wa.me\/8617776015835\"><span style=\"color: #ff0000\"><strong>WhatsApp: +86 17776015835<\/strong><\/span><\/a><\/h3>\n<p>&nbsp;<\/p>","protected":false},"featured_media":2730,"comment_status":"open","ping_status":"closed","template":"","meta":{"_uag_custom_page_level_css":"","_lmt_disableupdate":"no","_lmt_disable":"","site-sidebar-layout":"default","site-content-layout":"content-boxed-container","ast-site-content-layout":"normal-width-container","site-content-style":"boxed","site-sidebar-style":"unboxed","ast-global-header-display":"","ast-banner-title-visibility":"","ast-main-header-display":"","ast-hfb-above-header-display":"","ast-hfb-below-header-display":"","ast-hfb-mobile-header-display":"","site-post-title":"","ast-breadcrumbs-content":"","ast-featured-img":"","footer-sml-layout":"","ast-disable-related-posts":"","theme-transparent-header-meta":"default","adv-header-id-meta":"","stick-header-meta":"","header-above-stick-meta":"","header-main-stick-meta":"","header-below-stick-meta":"","astra-migrate-meta-layouts":"set","ast-page-background-enabled":"default","ast-page-background-meta":{"desktop":{"background-color":"var(--ast-global-color-4)","background-image":"","background-repeat":"repeat","background-position":"center center","background-size":"auto","background-attachment":"scroll","background-type":"","background-media":"","overlay-type":"","overlay-color":"","overlay-opacity":"","overlay-gradient":""},"tablet":{"background-color":"","background-image":"","background-repeat":"repeat","background-position":"center center","background-size":"auto","background-attachment":"scroll","background-type":"","background-media":"","overlay-type":"","overlay-color":"","overlay-opacity":"","overlay-gradient":""},"mobile":{"background-color":"","background-image":"","background-repeat":"repeat","background-position":"center center","background-size":"auto","background-attachment":"scroll","background-type":"","background-media":"","overlay-type":"","overlay-color":"","overlay-opacity":"","overlay-gradient":""}},"ast-content-background-meta":{"desktop":{"background-color":"var(--ast-global-color-5)","background-image":"","background-repeat":"repeat","background-position":"center center","background-size":"auto","background-attachment":"scroll","background-type":"","background-media":"","overlay-type":"","overlay-color":"","overlay-opacity":"","overlay-gradient":""},"tablet":{"background-color":"var(--ast-global-color-5)","background-image":"","background-repeat":"repeat","background-position":"center center","background-size":"auto","background-attachment":"scroll","background-type":"","background-media":"","overlay-type":"","overlay-color":"","overlay-opacity":"","overlay-gradient":""},"mobile":{"background-color":"var(--ast-global-color-5)","background-image":"","background-repeat":"repeat","background-position":"center center","background-size":"auto","background-attachment":"scroll","background-type":"","background-media":"","overlay-type":"","overlay-color":"","overlay-opacity":"","overlay-gradient":""}},"_joinchat":[]},"product_brand":[],"product_cat":[15,27,51,25,123,30,26,28,31,137,136,135],"product_tag":[212,214,39,213,38],"class_list":{"0":"post-2738","1":"product","2":"type-product","3":"status-publish","4":"has-post-thumbnail","6":"product_cat-new-vape-this-week","7":"product_cat-fance-hot-sale-vape","8":"product_cat-fumot-vape","9":"product_cat-germany-best-selling-vape","10":"product_cat-italy-wholesale-vape","11":"product_cat-minimum-order-quantity-50pcs","12":"product_cat-netherlands-hot-sale-vape","13":"product_cat-poland-hot-sale-vape","14":"product_cat-randm-fumot-vape","15":"product_cat-rechargeable-vapes","16":"product_cat-smart-screen-vapes","17":"product_cat-spain-best-hot-sale-vape","18":"product_tag-fumot-12000","19":"product_tag-fumot-12k","20":"product_tag-fumot-vape","21":"product_tag-randm-12000","22":"product_tag-randm-vape","23":"desktop-align-left","24":"tablet-align-left","25":"mobile-align-left","27":"first","28":"instock","29":"sale","30":"shipping-taxable","31":"purchasable","32":"product-type-simple"},"uagb_featured_image_src":{"full":["https:\/\/rmvapesale.com\/wp-content\/uploads\/2024\/11\/Fumot-12000-Disposable-Vape-Wholesale.jpg",800,800,false],"thumbnail":["https:\/\/rmvapesale.com\/wp-content\/uploads\/2024\/11\/Fumot-12000-Disposable-Vape-Wholesale-150x150.jpg",150,150,true],"medium":["https:\/\/rmvapesale.com\/wp-content\/uploads\/2024\/11\/Fumot-12000-Disposable-Vape-Wholesale-300x300.jpg",300,300,true],"medium_large":["https:\/\/rmvapesale.com\/wp-content\/uploads\/2024\/11\/Fumot-12000-Disposable-Vape-Wholesale-768x768.jpg",768,768,true],"large":["https:\/\/rmvapesale.com\/wp-content\/uploads\/2024\/11\/Fumot-12000-Disposable-Vape-Wholesale.jpg",800,800,false],"1536x1536":["https:\/\/rmvapesale.com\/wp-content\/uploads\/2024\/11\/Fumot-12000-Disposable-Vape-Wholesale.jpg",800,800,false],"2048x2048":["https:\/\/rmvapesale.com\/wp-content\/uploads\/2024\/11\/Fumot-12000-Disposable-Vape-Wholesale.jpg",800,800,false],"trp-custom-language-flag":["https:\/\/rmvapesale.com\/wp-content\/uploads\/2024\/11\/Fumot-12000-Disposable-Vape-Wholesale.jpg",12,12,false],"woocommerce_thumbnail":["https:\/\/rmvapesale.com\/wp-content\/uploads\/2024\/11\/Fumot-12000-Disposable-Vape-Wholesale-300x300.jpg",300,300,true],"woocommerce_single":["https:\/\/rmvapesale.com\/wp-content\/uploads\/2024\/11\/Fumot-12000-Disposable-Vape-Wholesale-600x600.jpg",600,600,true],"woocommerce_gallery_thumbnail":["https:\/\/rmvapesale.com\/wp-content\/uploads\/2024\/11\/Fumot-12000-Disposable-Vape-Wholesale-100x100.jpg",100,100,true],"wcpr-photo-reviews":["https:\/\/rmvapesale.com\/wp-content\/uploads\/2024\/11\/Fumot-12000-Disposable-Vape-Wholesale.jpg",500,500,false]},"uagb_author_info":{"display_name":"AMY","author_link":"https:\/\/rmvapesale.com\/sk\/author\/"},"uagb_comment_info":0,"uagb_excerpt":"Fumot Digital Box 12000 Disposable Vape RandM Vape Fumot Digital Box 12000 Puff Bulk Buy Fumot 12000 Disposable Vape All Flavor in Stock Wholesale WhatsApp: +86 17776015835 &nbsp;","_links":{"self":[{"href":"https:\/\/rmvapesale.com\/sk\/wp-json\/wp\/v2\/product\/2738","targetHints":{"allow":["GET"]}}],"collection":[{"href":"https:\/\/rmvapesale.com\/sk\/wp-json\/wp\/v2\/product"}],"about":[{"href":"https:\/\/rmvapesale.com\/sk\/wp-json\/wp\/v2\/types\/product"}],"replies":[{"embeddable":true,"href":"https:\/\/rmvapesale.com\/sk\/wp-json\/wp\/v2\/comments?post=2738"}],"wp:featuredmedia":[{"embeddable":true,"href":"https:\/\/rmvapesale.com\/sk\/wp-json\/wp\/v2\/media\/2730"}],"wp:attachment":[{"href":"https:\/\/rmvapesale.com\/sk\/wp-json\/wp\/v2\/media?parent=2738"}],"wp:term":[{"taxonomy":"product_brand","embeddable":true,"href":"https:\/\/rmvapesale.com\/sk\/wp-json\/wp\/v2\/product_brand?post=2738"},{"taxonomy":"product_cat","embeddable":true,"href":"https:\/\/rmvapesale.com\/sk\/wp-json\/wp\/v2\/product_cat?post=2738"},{"taxonomy":"product_tag","embeddable":true,"href":"https:\/\/rmvapesale.com\/sk\/wp-json\/wp\/v2\/product_tag?post=2738"}],"curies":[{"name":"wp","href":"https:\/\/api.w.org\/{rel}","templated":true}]}}