{"id":2751,"date":"2024-11-18T03:50:24","date_gmt":"2024-11-18T03:50:24","guid":{"rendered":"https:\/\/rmvapesale.com\/?post_type=product&#038;p=2751"},"modified":"2024-11-18T07:14:21","modified_gmt":"2024-11-18T07:14:21","slug":"jnr-falcon-x-18000-puffs-rechargeable-disposable-vape-wholesale-cheap-price","status":"publish","type":"product","link":"https:\/\/rmvapesale.com\/sk\/product\/jnr-falcon-x-18000-puffs-rechargeable-disposable-vape-wholesale-cheap-price\/","title":{"rendered":"JNR Falcon X 18000 Puffs Dob\u00edjate\u013en\u00fd jednorazov\u00fd vape Lacn\u00e1 ve\u013ekoobchodn\u00e1 cena"},"content":{"rendered":"<div class=\"B2VR9 CJHX3e\">\n<div class=\"wyccme\">\n<h1 class=\"LC20lb MBeuO DKV0Md\">JNR Falcon X 18000 Puffs Dob\u00edjate\u013en\u00fd jednorazov\u00fd vape Lacn\u00e1 ve\u013ekoobchodn\u00e1 cena<\/h1>\n<div class=\"flex-shrink-0 flex flex-col relative items-end\">\n<div class=\"pt-0\">\n<div class=\"gizmo-bot-avatar flex h-8 w-8 items-center justify-center overflow-hidden rounded-full\">\n<div class=\"relative p-1 rounded-sm flex items-center justify-center bg-token-main-surface-primary text-token-text-primary h-8 w-8\">\n<p>The <strong>JNR Falcon X 18000 Pufov Dob\u00edjate\u013en\u00e1 Jednorazov\u00e1 Vape <\/strong>je \u0161pi\u010dkov\u00e9 zariadenie navrhnut\u00e9 na poskytovanie neuverite\u013en\u00e9ho <strong>18 000 potiahnut\u00ed<\/strong> pocitu uspokojiv\u00e9ho, pln\u00e9ho chuti vapingu. Predplnen\u00e9 s <strong>24 ml pr\u00e9miov\u00e9ho e-liquidu<\/strong>, toto zariadenie je dostupn\u00e9 v rade 2% <strong>n\u00edzkohodnotn\u00fdch mo\u017enost\u00ed nikot\u00ednu<\/strong> ktor\u00e9 vyhovuj\u00fa ka\u017edej preferencii. Elegantn\u00fd, prieh\u013eadn\u00fd dizajn je rovnako \u0161t\u00fdlov\u00fd ako funk\u010dn\u00fd, \u010do v\u00e1m umo\u017e\u0148uje \u013eahko sledova\u0165 zost\u00e1vaj\u00faci e-liquid. Vyberte si z ponuky <strong>28 pr\u00e9miov\u00fdch pr\u00edchut\u00ed<\/strong>, vr\u00e1tane ob\u013e\u00faben\u00fdch z\u00e1kazn\u00edckych ako <strong>Jahoda Kiwi<\/strong>, <strong>Modr\u00e1 Malina \u013dad<\/strong>, a <strong>Cherry Cola<\/strong>, pre nezabudnute\u013en\u00fd z\u00e1\u017eitok z vapingu prisp\u00f4soben\u00fd va\u0161ej chuti.<\/p>\n<p>The <strong>JNR 18000 Jednorazov\u00e1 Vape<\/strong> je poh\u00e1\u0148an\u00e1 dlhotrvaj\u00facou <strong>950mAh dob\u00edjate\u013enou bat\u00e9riou<\/strong>, ktor\u00e1 zabezpe\u010duje konzistentn\u00fd v\u00fdkon od prv\u00e9ho \u0165ahu po posledn\u00fd. Zabudovan\u00e1 obrazovka v\u00e1s informuje o \u00farovni bat\u00e9rie aj e-liquidu, tak\u017ee v\u00e1s ni\u010d neprekvap\u00ed. Ide\u00e1lne pre ve\u013ekoobchodn\u00fdch kupuj\u00facich, toto zariadenie JNR 18000 je spo\u013eahlivou vo\u013ebou pre z\u00e1kazn\u00edkov h\u013eadaj\u00facich vysokokapacitn\u00fa, spo\u013eahliv\u00fa vape, ktor\u00e1 kombinuje pohodlie, \u0161t\u00fdl a v\u00fdnimo\u010dn\u00fa hodnotu.<\/p>\n<\/div>\n<\/div>\n<\/div>\n<\/div>\n<\/div>\n<\/div>\n<p><strong>Kontaktujte Amy pre spr\u00e1vnu odpove\u010f a vape kup\u00f3n!<\/strong><\/p>\n<p><img loading=\"lazy\" decoding=\"async\" class=\"size-full wp-image-1978\" src=\"https:\/\/rmvapesale.com\/wp-content\/uploads\/2024\/09\/Disposable-Vape-Wholesale.jpg\" alt=\"Jednorazov\u00fd vape ve\u013ekoobchod\" width=\"229\" height=\"300\" \/><\/p>\n<h3><a href=\"https:\/\/wa.me\/8617776015835\" target=\"_blank\" rel=\"noopener\"><span style=\"color: #ff0000\"><strong>WhatsApp: +86 17776015835<\/strong><\/span><\/a><\/h3>\n<p>&nbsp;<\/p>\n<h2><\/h2>\n<h2><strong>K\u013e\u00fa\u010dov\u00e9 vlastnosti JNR Falcon X 18000 Pufov<\/strong><\/h2>\n<ul>\n<li>A\u017e do <strong>18 000 potiahnut\u00ed<\/strong> s ka\u017ed\u00fdm zariaden\u00edm<\/li>\n<li><strong>950mAh dob\u00edjate\u013enou bat\u00e9riou<\/strong> pre trv\u00e1cnu silu<\/li>\n<li>Naplnen\u00fd s <strong>24 ml pr\u00e9miov\u00e9ho e-liquidu<\/strong><\/li>\n<li>Displej na \u00farovne bat\u00e9rie a e-liquidu<\/li>\n<li>Dostupn\u00fd v <strong>28 jedine\u010dn\u00fdch n\u00edzko nikot\u00ednov\u00fdch pr\u00edchut\u00ed<\/strong><\/li>\n<\/ul>\n<figure id=\"attachment_2745\" aria-describedby=\"caption-attachment-2745\" style=\"width: 800px\" class=\"wp-caption alignnone\"><img loading=\"lazy\" decoding=\"async\" class=\"wp-image-2745 size-full\" src=\"https:\/\/rmvapesale.com\/wp-content\/uploads\/2024\/11\/JNR-18000-Puff-Disposable-Vape.jpg\" alt=\"JNR 18000 Puf Jednorazov\u00e1 Vape\" width=\"800\" height=\"800\" srcset=\"https:\/\/rmvapesale.com\/wp-content\/uploads\/2024\/11\/JNR-18000-Puff-Disposable-Vape.jpg 800w, https:\/\/rmvapesale.com\/wp-content\/uploads\/2024\/11\/JNR-18000-Puff-Disposable-Vape-300x300.jpg 300w, https:\/\/rmvapesale.com\/wp-content\/uploads\/2024\/11\/JNR-18000-Puff-Disposable-Vape-150x150.jpg 150w, https:\/\/rmvapesale.com\/wp-content\/uploads\/2024\/11\/JNR-18000-Puff-Disposable-Vape-768x768.jpg 768w, https:\/\/rmvapesale.com\/wp-content\/uploads\/2024\/11\/JNR-18000-Puff-Disposable-Vape-600x600.jpg 600w, https:\/\/rmvapesale.com\/wp-content\/uploads\/2024\/11\/JNR-18000-Puff-Disposable-Vape-100x100.jpg 100w\" sizes=\"auto, (max-width: 800px) 100vw, 800px\" \/><figcaption id=\"caption-attachment-2745\" class=\"wp-caption-text\">JNR 18000 Puf Jednorazov\u00e1 Vape<\/figcaption><\/figure>\n<h2><strong>Hlavn\u00e1 pr\u00edchu\u0165 pre JNR JNR Falcon X 18000 Pufov<\/strong><\/h2>\n<p>1.Blue Razz Ice <span style=\"color: #ff0000\"><strong>&gt;&gt;&gt;&gt; Hor\u00face!<\/strong><\/span><br \/>\n2. \u010cu\u010doriedka Malina <span style=\"color: #ff0000\"><strong>&gt;&gt;&gt;&gt; Hor\u00face!<\/strong><\/span><br \/>\n3. Chladn\u00e1 m\u00e4ta<br \/>\n4. Kiwi Mel\u00f3n Ice<br \/>\n5.Grape Ice<br \/>\n6. Jahoda Kiwi<br \/>\n7. Jahoda Mel\u00f3n Ice<br \/>\n8. Mel\u00f3n Ice<br \/>\n9.Jahodov\u00e1 \u013eadov\u00e1<br \/>\n10. Zmie\u0161an\u00e9 bobule <span style=\"color: #ff0000\"><strong>&gt;&gt;&gt;&gt; Najlep\u0161ie!<\/strong><\/span><br \/>\n\u017duva\u010dka s mel\u00f3novou pr\u00edchu\u0165ou <span style=\"color: #ff0000\"><strong>&gt;&gt;&gt;&gt; Hor\u00face!<\/strong><\/span><br \/>\n12. Kysl\u00e9 jablko Ice<br \/>\n13. Brosky\u0148ov\u00fd \u013ead<br \/>\n14. Bobu\u013eov\u00e1 expl\u00f3zia<br \/>\n15. \u010cu\u010doriedka Malina \u010cere\u0161\u0148a<br \/>\n16. \u010cere\u0161\u0148a Bobu\u013eov\u00e1<br \/>\n17. Jahoda Ban\u00e1n<br \/>\n18. \u010cu\u010doriedka Kiwi<br \/>\n19. Passion Fruit Kiwi<br \/>\n20. Biela Peach Razz<br \/>\n21. Modr\u00fd Razz \u010cere\u0161\u0148a<br \/>\n22. \u010cere\u0161\u0148ov\u00e1 Mel\u00f3nov\u00e1 Zmrzlina<br \/>\n23. \u010cere\u0161\u0148ov\u00e1 Cola<br \/>\n24. Ban\u00e1nov\u00e1 Zmrzlina<br \/>\n25. Skittles<br \/>\n26. Trojit\u00e9 Mel\u00f3n<br \/>\n27. P\u00e1n Blue <span style=\"color: #ff0000\"><strong>&gt;&gt;&gt;&gt; Hor\u00face!<\/strong><\/span><br \/>\n28. \u010cere\u0161\u0148ov\u00fd \u013ead<br \/>\n29. Mel\u00f3n Lychee<\/p>\n<p>&nbsp;<\/p>\n<h3><strong>Pre\u010do si vybra\u0165 Rmvapesale pre JNR 18000 Puffs <\/strong><strong>V<\/strong><strong>Ve\u013ekoobchod s vape<\/strong><strong>?<\/strong><\/h3>\n<div class=\"flex-shrink-0 flex flex-col relative items-end\">\n<div class=\"pt-0\">\n<div class=\"gizmo-bot-avatar flex h-8 w-8 items-center justify-center overflow-hidden rounded-full\">\n<div class=\"relative p-1 rounded-sm flex items-center justify-center bg-token-main-surface-primary text-token-text-primary h-8 w-8\">\n<p>Vitajte v Rmvapesale, va\u0161om d\u00f4veryhodnom obchode s vape pre pr\u00e9miov\u00e9 jednorazov\u00e9 vapy. S viac ako 5 ro\u010dn\u00fdmi sk\u00fasenos\u0165ami v\u00e1m prin\u00e1\u0161ame popul\u00e1rne zna\u010dky jednorazov\u00fdch vape ako Al Fakher, Vapme Vape, <a href=\"https:\/\/rmvapesale.com\/sk\/product\/vapme-crystal-7000-puffs-rechargeable-disposable-vape-price\/\">Vapme<\/a>, <a href=\"https:\/\/rmvapesale.com\/sk\/product-category\/bang-vapes\/\">Bang Vape<\/a>, Waspe, <a href=\"https:\/\/rmvapesale.com\/sk\/product\/wga-crystal-pro-max-extra-15k-puffs-disposable-vape-wholesale\/\">WGA<\/a> Vape a<a href=\"https:\/\/rmvapesale.com\/sk\/product-category\/randm-fumot-vape\/\"> RandM Vape<\/a>.<\/p>\n<p>N\u00e1\u0161 sortiment zah\u0155\u0148a popul\u00e1rne jednorazov\u00e9 vapky ako <a href=\"https:\/\/rmvapesale.com\/sk\/product\/fumot-randm-12000-strawberry-kiwi-flavor-disposable-vape-wholesale-netherlands\/\">RandM 12000 potiahnut\u00ed<\/a> a vo\u013eby bohat\u00e9 na chu\u0165 ako napr\u00edklad <a href=\"https:\/\/rmvapesale.com\/sk\/product\/wga-crystal-pro-max-extra-15k-puffs-disposable-vape-wholesale\/\">WGA 15K<\/a>. Ka\u017ed\u00fd produkt je vybran\u00fd so zameran\u00edm na kvalitu, hodnotu a rozmanitos\u0165, \u010do zais\u0165uje, \u017ee n\u00e1jdete perfektn\u00fa vo\u013ebu pre va\u0161e potreby. Objavte v\u00fdnimo\u010dn\u00e9 slu\u017eby a \u0161irok\u00fa \u0161k\u00e1lu \u0161pi\u010dkov\u00fdch produktov v Rmvapesale.<\/p>\n<\/div>\n<h3><\/h3>\n<div class=\"relative p-1 rounded-sm flex items-center justify-center bg-token-main-surface-primary text-token-text-primary h-8 w-8\">\n<h3><b>\u010casto kladen\u00e9 ot\u00e1zky o JNR 18000 Puffs dob\u00edjate\u013enom jednorazovom vapingu<\/b><\/h3>\n<div class=\"group\/conversation-turn relative flex w-full min-w-0 flex-col agent-turn\">\n<div class=\"flex-col gap-1 md:gap-3\">\n<div class=\"flex max-w-full flex-col flex-grow\">\n<div class=\"min-h-8 text-message flex w-full flex-col items-end gap-2 whitespace-normal break-words [.text-message+&amp;]:mt-5\" dir=\"auto\" data-message-author-role=\"assistant\" data-message-id=\"00c9b302-bc9c-4550-94ba-5a295efa2be3\" data-message-model-slug=\"gpt-4o\">\n<div class=\"flex w-full flex-col gap-1 empty:hidden first:pt-[3px]\">\n<div class=\"markdown prose w-full break-words dark:prose-invert light\">\n<div class=\"flex-shrink-0 flex flex-col relative items-end\">\n<div>\n<div class=\"pt-0\">\n<div class=\"gizmo-bot-avatar flex h-8 w-8 items-center justify-center overflow-hidden rounded-full\">\n<div class=\"relative p-1 rounded-sm flex items-center justify-center bg-token-main-surface-primary text-token-text-primary h-8 w-8\">\n<div class=\"flex-shrink-0 flex flex-col relative items-end\">\n<div>\n<div class=\"pt-0\">\n<div class=\"gizmo-bot-avatar flex h-8 w-8 items-center justify-center overflow-hidden rounded-full\">\n<div class=\"relative p-1 rounded-sm flex items-center justify-center bg-token-main-surface-primary text-token-text-primary h-8 w-8\">\n<ul>\n<li><strong>Ko\u013eko potiahnut\u00ed poskytuje dob\u00edjate\u013en\u00fd jednorazov\u00fd vaporiz\u00e9r JNR Falcon X 18000 Puffs?<\/strong><br \/>\nJNR Falcon X pon\u00faka a\u017e <strong>18 000 potiahnut\u00ed<\/strong>, \u010do ho rob\u00ed jedn\u00fdm z najdlh\u0161ie vydr\u017eaj\u00facich jednorazov\u00fdch vaporiz\u00e9rov dostupn\u00fdch na trhu.<\/li>\n<li><strong>Ak\u00e9 s\u00fa ob\u013e\u00faben\u00e9 pr\u00edchute pre JNR Falcon X 18000 Digit\u00e1lna krabica vaporiz\u00e9ra?<\/strong><br \/>\nOb\u013e\u00faben\u00e9 pr\u00edchute zah\u0155\u0148aj\u00fa <strong>Jahodov\u00fd mel\u00f3n s \u013eadom<\/strong>, <strong>Modr\u00e1 Malina \u013dad<\/strong>, <strong>Cherry Cola<\/strong>, <strong>Brosky\u0148ov\u00fd \u013ead<\/strong>, a <strong>Zmie\u0161an\u00e9 bobule<\/strong>.<\/li>\n<li><strong>Ako zist\u00edm, kedy je m\u00f4j JNR Vape JNR18000 Puffs pr\u00e1zdny?<\/strong><br \/>\nJNR Falcon X m\u00e1 <strong>digit\u00e1lnym displejom<\/strong> ktor\u00fd zobrazuje zost\u00e1vaj\u00faci objem e-tekutiny a \u00farove\u0148 bat\u00e9rie, \u010do v\u00e1m pom\u00e1ha sledova\u0165, kedy doch\u00e1dza alebo je pr\u00e1zdny.<\/li>\n<li><strong>Ko\u013eko nikot\u00ednu je v jednorazovom vaporiz\u00e9ri JNR 18000 Puffs?<\/strong><br \/>\nJednorazov\u00fd vaporiz\u00e9r JNR 18000 Puffs je dostupn\u00fd s <strong>pon\u00faka nikot\u00ednov\u00e9 koncentr\u00e1cie v<\/strong> or <strong>2% (20mg)<\/strong> nikot\u00ednov\u00fdm so\u013eou, vyhovuj\u00fac r\u00f4znym preferenci\u00e1m.<\/li>\n<li><strong>Ako dlho trv\u00e1 \u00fapln\u00e9 nabitie jednorazov\u00e9ho vaporiz\u00e9ra JNR 18000?<\/strong><br \/>\nPou\u017eit\u00edm jeho <strong>Portu r\u00fdchleho nab\u00edjania Type-C<\/strong>, JNR 18000 sa zvy\u010dajne \u00faplne nabije za <strong>1 a\u017e 1,5 hodiny<\/strong>.<\/li>\n<li><strong>Kde k\u00fapi\u0165 JNR Falcon X 18000 Vapes za ve\u013ekoobchodn\u00fa cenu?<\/strong><br \/>\nPre najlep\u0161ie ve\u013ekoobchodn\u00e9 ceny sa odpor\u00fa\u010da nav\u0161t\u00edvi\u0165 <strong>Rmvapesale<\/strong>, online obchod s vapormi pon\u00fakaj\u00faci konkurencieschopn\u00e9 ponuky na hromadn\u00e9 n\u00e1kupy.<\/li>\n<\/ul>\n<\/div>\n<\/div>\n<\/div>\n<\/div>\n<\/div>\n<\/div>\n<\/div>\n<\/div>\n<\/div>\n<\/div>\n<div class=\"group\/conversation-turn relative flex w-full min-w-0 flex-col agent-turn\">\n<div class=\"flex-col gap-1 md:gap-3\">\n<div class=\"flex max-w-full flex-col flex-grow\">\n<div class=\"min-h-8 text-message flex w-full flex-col items-end gap-2 whitespace-normal break-words [.text-message+&amp;]:mt-5\" dir=\"auto\" data-message-author-role=\"assistant\" data-message-id=\"a3dc01bd-23b0-4fd7-bb9a-7827522cefd8\" data-message-model-slug=\"gpt-4o\">\n<div class=\"flex w-full flex-col gap-1 empty:hidden first:pt-[3px]\">\n<div class=\"markdown prose w-full break-words dark:prose-invert light\">\n<p>&nbsp;<\/p>\n<\/div>\n<\/div>\n<\/div>\n<\/div>\n<\/div>\n<\/div>\n<\/div>\n<\/div>\n<\/div>\n<\/div>\n<\/div>\n<\/div>\n<\/div>\n<div class=\"mb-2 flex gap-3 empty:hidden -ml-2\"><\/div>\n<p>&nbsp;<\/p>\n<\/div>\n<\/div>\n<\/div>\n<h3>O doru\u010den\u00ed<\/h3>\n<div class=\"flex-shrink-0 flex flex-col relative items-end\">\n<div>\n<div class=\"pt-0\">\n<div class=\"gizmo-bot-avatar flex h-8 w-8 items-center justify-center overflow-hidden rounded-full\">\n<div><\/div>\n<div class=\"relative p-1 rounded-sm flex items-center justify-center bg-token-main-surface-primary text-token-text-primary h-8 w-8\"><strong>1. Ak\u00e9 sp\u00f4soby doru\u010denia pou\u017e\u00edvate?<\/strong><\/div>\n<\/div>\n<\/div>\n<\/div>\n<\/div>\n<div class=\"group\/conversation-turn relative flex w-full min-w-0 flex-col agent-turn\">\n<div class=\"flex-col gap-1 md:gap-3\">\n<div class=\"flex max-w-full flex-col flex-grow\">\n<div class=\"min-h-[20px] text-message flex w-full flex-col items-end gap-2 whitespace-normal break-words [.text-message+&amp;]:mt-5 overflow-x-auto\" dir=\"auto\" data-message-author-role=\"assistant\" data-message-id=\"22f8283b-3233-46ff-89a5-c7a41b33abda\">\n<div class=\"flex w-full flex-col gap-1 empty:hidden first:pt-[3px]\">\n<div class=\"markdown prose w-full break-words dark:prose-invert light\">\n<p>Spolupracujeme so spolo\u010dnos\u0165ami UPS, DHL, FedEx, DPD a \u010fal\u0161\u00edmi popredn\u00fdmi dopravcami. Vyberieme najlep\u0161\u00ed sp\u00f4sob doru\u010denia na z\u00e1klade va\u0161ej adresy, aby sme zaistili, \u017ee svoje produkty dostanete \u010do najr\u00fdchlej\u0161ie.<\/p>\n<\/div>\n<p><strong>2. Ako dlho trv\u00e1 doru\u010denie?<\/strong><\/p>\n<p>Bal\u00edky doru\u010dovan\u00e9 na Slovensko zvy\u010dajne dorazia do 10 pracovn\u00fdch dn\u00ed. Doru\u010denie do eur\u00f3pskych kraj\u00edn zvy\u010dajne trv\u00e1 asi 12-15 pracovn\u00fdch dn\u00ed. Budeme v\u00e1s informova\u0165 o stave doru\u010denia v re\u00e1lnom \u010dase.<\/p>\n<\/div>\n<\/div>\n<\/div>\n<\/div>\n<\/div>\n<p>&nbsp;<\/p>\n<p>N\u00e1jdite \u010fal\u0161ie vape produkty, ktor\u00e9 by sa v\u00e1m mohli p\u00e1\u010di\u0165:<strong><em><a href=\"https:\/\/rmvapesale.com\/sk\/shop-2\/\">nakupova\u0165 teraz &gt;&gt;&gt;<\/a><\/em><\/strong><\/p>","protected":false},"excerpt":{"rendered":"<p>The <strong>JNR Falcon X 18000 Pufov Dob\u00edjate\u013en\u00e1 Jednorazov\u00e1 Vape <\/strong>je \u0161pi\u010dkov\u00e9 zariadenie navrhnut\u00e9 na poskytovanie neuverite\u013en\u00e9ho <strong>18 000 potiahnut\u00ed<\/strong> pocitu uspokojiv\u00e9ho, pln\u00e9ho chuti vapingu. Predplnen\u00e9 s <strong>24 ml pr\u00e9miov\u00e9ho e-liquidu<\/strong>, toto zariadenie je dostupn\u00e9 v rade 2% <strong>n\u00edzkohodnotn\u00fdch mo\u017enost\u00ed nikot\u00ednu<\/strong> ktor\u00e9 vyhovuj\u00fa ka\u017edej preferencii.<\/p>\n<p><img loading=\"lazy\" decoding=\"async\" class=\"size-full wp-image-2375\" src=\"https:\/\/rmvapesale.com\/wp-content\/uploads\/2024\/10\/image.png\" alt=\"Najlep\u0161\u00ed jednorazov\u00fd vape\" width=\"229\" height=\"300\" \/><\/p>\n<h3><a href=\"https:\/\/wa.me\/8617776015835\"><span style=\"color: #ff0000\"><strong>WhatsApp: +86 17776015835<\/strong><\/span><\/a><\/h3>\n<p>&nbsp;<\/p>","protected":false},"featured_media":2748,"comment_status":"open","ping_status":"closed","template":"","meta":{"_uag_custom_page_level_css":"","_lmt_disableupdate":"no","_lmt_disable":"","site-sidebar-layout":"default","site-content-layout":"content-boxed-container","ast-site-content-layout":"normal-width-container","site-content-style":"boxed","site-sidebar-style":"unboxed","ast-global-header-display":"","ast-banner-title-visibility":"","ast-main-header-display":"","ast-hfb-above-header-display":"","ast-hfb-below-header-display":"","ast-hfb-mobile-header-display":"","site-post-title":"","ast-breadcrumbs-content":"","ast-featured-img":"","footer-sml-layout":"","theme-transparent-header-meta":"default","adv-header-id-meta":"","stick-header-meta":"","header-above-stick-meta":"","header-main-stick-meta":"","header-below-stick-meta":"","astra-migrate-meta-layouts":"set","ast-page-background-enabled":"default","ast-page-background-meta":{"desktop":{"background-color":"var(--ast-global-color-4)","background-image":"","background-repeat":"repeat","background-position":"center center","background-size":"auto","background-attachment":"scroll","background-type":"","background-media":"","overlay-type":"","overlay-color":"","overlay-opacity":"","overlay-gradient":""},"tablet":{"background-color":"","background-image":"","background-repeat":"repeat","background-position":"center center","background-size":"auto","background-attachment":"scroll","background-type":"","background-media":"","overlay-type":"","overlay-color":"","overlay-opacity":"","overlay-gradient":""},"mobile":{"background-color":"","background-image":"","background-repeat":"repeat","background-position":"center center","background-size":"auto","background-attachment":"scroll","background-type":"","background-media":"","overlay-type":"","overlay-color":"","overlay-opacity":"","overlay-gradient":""}},"ast-content-background-meta":{"desktop":{"background-color":"var(--ast-global-color-5)","background-image":"","background-repeat":"repeat","background-position":"center center","background-size":"auto","background-attachment":"scroll","background-type":"","background-media":"","overlay-type":"","overlay-color":"","overlay-opacity":"","overlay-gradient":""},"tablet":{"background-color":"var(--ast-global-color-5)","background-image":"","background-repeat":"repeat","background-position":"center center","background-size":"auto","background-attachment":"scroll","background-type":"","background-media":"","overlay-type":"","overlay-color":"","overlay-opacity":"","overlay-gradient":""},"mobile":{"background-color":"var(--ast-global-color-5)","background-image":"","background-repeat":"repeat","background-position":"center center","background-size":"auto","background-attachment":"scroll","background-type":"","background-media":"","overlay-type":"","overlay-color":"","overlay-opacity":"","overlay-gradient":""}},"_joinchat":[]},"product_brand":[],"product_cat":[15,25,123,26,28,135,27,137,30],"product_tag":[218,217,205],"class_list":{"0":"post-2751","1":"product","2":"type-product","3":"status-publish","4":"has-post-thumbnail","6":"product_cat-new-vape-this-week","7":"product_cat-germany-best-selling-vape","8":"product_cat-italy-wholesale-vape","9":"product_cat-netherlands-hot-sale-vape","10":"product_cat-poland-hot-sale-vape","11":"product_cat-spain-best-hot-sale-vape","12":"product_cat-fance-hot-sale-vape","13":"product_cat-rechargeable-vapes","14":"product_cat-minimum-order-quantity-50pcs","15":"product_tag-jnr-18000-puffs","16":"product_tag-jnr-falcon-x-18000","17":"product_tag-jnr-vape","18":"desktop-align-left","19":"tablet-align-left","20":"mobile-align-left","22":"first","23":"instock","24":"sale","25":"shipping-taxable","26":"purchasable","27":"product-type-simple"},"uagb_featured_image_src":{"full":["https:\/\/rmvapesale.com\/wp-content\/uploads\/2024\/11\/JNR-Falcon-X-18000-Disposable-Vape-Box.jpg",800,800,false],"thumbnail":["https:\/\/rmvapesale.com\/wp-content\/uploads\/2024\/11\/JNR-Falcon-X-18000-Disposable-Vape-Box-150x150.jpg",150,150,true],"medium":["https:\/\/rmvapesale.com\/wp-content\/uploads\/2024\/11\/JNR-Falcon-X-18000-Disposable-Vape-Box-300x300.jpg",300,300,true],"medium_large":["https:\/\/rmvapesale.com\/wp-content\/uploads\/2024\/11\/JNR-Falcon-X-18000-Disposable-Vape-Box-768x768.jpg",768,768,true],"large":["https:\/\/rmvapesale.com\/wp-content\/uploads\/2024\/11\/JNR-Falcon-X-18000-Disposable-Vape-Box.jpg",800,800,false],"1536x1536":["https:\/\/rmvapesale.com\/wp-content\/uploads\/2024\/11\/JNR-Falcon-X-18000-Disposable-Vape-Box.jpg",800,800,false],"2048x2048":["https:\/\/rmvapesale.com\/wp-content\/uploads\/2024\/11\/JNR-Falcon-X-18000-Disposable-Vape-Box.jpg",800,800,false],"trp-custom-language-flag":["https:\/\/rmvapesale.com\/wp-content\/uploads\/2024\/11\/JNR-Falcon-X-18000-Disposable-Vape-Box.jpg",12,12,false],"woocommerce_thumbnail":["https:\/\/rmvapesale.com\/wp-content\/uploads\/2024\/11\/JNR-Falcon-X-18000-Disposable-Vape-Box-300x300.jpg",300,300,true],"woocommerce_single":["https:\/\/rmvapesale.com\/wp-content\/uploads\/2024\/11\/JNR-Falcon-X-18000-Disposable-Vape-Box-600x600.jpg",600,600,true],"woocommerce_gallery_thumbnail":["https:\/\/rmvapesale.com\/wp-content\/uploads\/2024\/11\/JNR-Falcon-X-18000-Disposable-Vape-Box-100x100.jpg",100,100,true],"wcpr-photo-reviews":["https:\/\/rmvapesale.com\/wp-content\/uploads\/2024\/11\/JNR-Falcon-X-18000-Disposable-Vape-Box.jpg",500,500,false]},"uagb_author_info":{"display_name":"AMY","author_link":"https:\/\/rmvapesale.com\/sk\/author\/"},"uagb_comment_info":0,"uagb_excerpt":"The JNR Falcon X 18000 Puffs Rechargeable Disposable Vape is a cutting-edge device designed to deliver up to an incredible 18,000 puffs of satisfying, flavorful vaping. Pre-filled with 24ml of premium e-liquid, this device is available in an array of 2% low nicotine options that cater to every preference. WhatsApp: +86 17776015835 &nbsp;","_links":{"self":[{"href":"https:\/\/rmvapesale.com\/sk\/wp-json\/wp\/v2\/product\/2751","targetHints":{"allow":["GET"]}}],"collection":[{"href":"https:\/\/rmvapesale.com\/sk\/wp-json\/wp\/v2\/product"}],"about":[{"href":"https:\/\/rmvapesale.com\/sk\/wp-json\/wp\/v2\/types\/product"}],"replies":[{"embeddable":true,"href":"https:\/\/rmvapesale.com\/sk\/wp-json\/wp\/v2\/comments?post=2751"}],"wp:featuredmedia":[{"embeddable":true,"href":"https:\/\/rmvapesale.com\/sk\/wp-json\/wp\/v2\/media\/2748"}],"wp:attachment":[{"href":"https:\/\/rmvapesale.com\/sk\/wp-json\/wp\/v2\/media?parent=2751"}],"wp:term":[{"taxonomy":"product_brand","embeddable":true,"href":"https:\/\/rmvapesale.com\/sk\/wp-json\/wp\/v2\/product_brand?post=2751"},{"taxonomy":"product_cat","embeddable":true,"href":"https:\/\/rmvapesale.com\/sk\/wp-json\/wp\/v2\/product_cat?post=2751"},{"taxonomy":"product_tag","embeddable":true,"href":"https:\/\/rmvapesale.com\/sk\/wp-json\/wp\/v2\/product_tag?post=2751"}],"curies":[{"name":"wp","href":"https:\/\/api.w.org\/{rel}","templated":true}]}}