{"id":2761,"date":"2024-11-20T07:54:06","date_gmt":"2024-11-20T07:54:06","guid":{"rendered":"https:\/\/rmvapesale.com\/?post_type=product&#038;p=2761"},"modified":"2024-11-20T08:51:16","modified_gmt":"2024-11-20T08:51:16","slug":"waspe-vape-40000-puffs-double-flavor-led-screen-disposable-vape-wholesale-price","status":"publish","type":"product","link":"https:\/\/rmvapesale.com\/sk\/product\/waspe-vape-40000-puffs-double-flavor-led-screen-disposable-vape-wholesale-price\/","title":{"rendered":"WASPE Vape 40000 Puffs Dvojit\u00e1 pr\u00edchu\u0165 LED obrazovka Jednorazov\u00fd vape Ve\u013ekoobchodn\u00e1 cena"},"content":{"rendered":"<div class=\"B2VR9 CJHX3e\">\n<div class=\"wyccme\">\n<h1 class=\"LC20lb MBeuO DKV0Md\">WASPE Vape 40000 Puffs Dvojit\u00e1 pr\u00edchu\u0165 LED obrazovka Jednorazov\u00fd vape Ve\u013ekoobchodn\u00e1 cena<\/h1>\n<div class=\"flex-shrink-0 flex flex-col relative items-end\">\n<div class=\"pt-0\">\n<div class=\"gizmo-bot-avatar flex h-8 w-8 items-center justify-center overflow-hidden rounded-full\">\n<div class=\"relative p-1 rounded-sm flex items-center justify-center bg-token-main-surface-primary text-token-text-primary h-8 w-8\">\n<p>The <strong>WASPE Vape 40000 \u0165ahov Jednorazov\u00fd vape s dvojitou pr\u00edchu\u0165ou<\/strong>, \u0161pi\u010dkov\u00e9 zariadenie ur\u010den\u00e9 pre vaperov, ktor\u00ed h\u013eadaj\u00fa dlhotrvaj\u00faci v\u00fdkon, pohodlie a \u017eiv\u00e9 chu\u0165ov\u00e9 z\u00e1\u017eitky. Tento inovat\u00edvny vape kombinuje <strong>technol\u00f3giu dvojitej pr\u00edchute<\/strong> s v\u00fdkonnou dob\u00edjate\u013enou bat\u00e9riou, ktor\u00e1 zais\u0165uje, \u017ee ka\u017ed\u00fd \u0165ah je uspokojiv\u00fd a bezprobl\u00e9mov\u00fd. Toto zariadenie vynik\u00e1 svojou <strong>technol\u00f3giu dvojitej pr\u00edchute<\/strong> a <strong>kapacitou 40 000 \u0165ahov<\/strong>, v\u010faka \u010domu je tou najlep\u0161ou vo\u013ebou pre ka\u017ed\u00e9ho, kto chce spoji\u0165 pohodlie s v\u00fdnimo\u010dn\u00fdm z\u00e1\u017eitkom z vapingu. Jeho <strong>prenosn\u00fd dizajn bez \u00fadr\u017eby<\/strong> je ide\u00e1lny na ka\u017edodenn\u00e9 pou\u017eitie, zatia\u013e \u010do inteligentn\u00e1 LED obrazovka zais\u0165uje, \u017ee budete ma\u0165 svoje zariadenie v\u017edy pod kontrolou.<\/p>\n<\/div>\n<p>The <strong>Jednorazov\u00fd vape WASPE<\/strong> je ide\u00e1lny pre t\u00fdch, ktor\u00ed s\u00fa na <strong>trhu s ve\u013ekoobchodom vape<\/strong>. V\u010faka svojim <strong>inovat\u00edvnym funkci\u00e1m<\/strong>, odoln\u00e9mu dizajnu a vysokej kapacite \u0165ahu je tento produkt nevyhnutnos\u0165ou pre v\u00e1\u0161 invent\u00e1r. Jeho <strong>ve\u013ekoobchodn\u00e1 cena<\/strong> a popularita v <strong>zna\u010dky jednorazov\u00fdch vapov<\/strong> kateg\u00f3rii z neho robia v\u00fdnimo\u010dn\u00fa mo\u017enos\u0165. Pozdvihnite svoj z\u00e1\u017eitok z vapingu s <strong>WASPE 40K Vape s dvojitou pr\u00edchu\u0165ou<\/strong>\u2014kde sa pokro\u010dil\u00e1 technol\u00f3gia stret\u00e1va s v\u00fdrazn\u00fdmi, uspokojiv\u00fdmi pr\u00edchu\u0165ami. Ide\u00e1lne pre osobn\u00e9 pou\u017eitie alebo ve\u013ekoobchodn\u00fd n\u00e1kup!<\/p>\n<\/div>\n<\/div>\n<\/div>\n<\/div>\n<\/div>\n<p><strong>Kontaktujte Amy pre spr\u00e1vnu odpove\u010f a vape kup\u00f3n!<\/strong><\/p>\n<p><img loading=\"lazy\" decoding=\"async\" class=\"size-full wp-image-1978\" src=\"https:\/\/rmvapesale.com\/wp-content\/uploads\/2024\/09\/Disposable-Vape-Wholesale.jpg\" alt=\"Jednorazov\u00fd vape ve\u013ekoobchod\" width=\"229\" height=\"300\" \/><\/p>\n<h3><a href=\"https:\/\/wa.me\/8617776015835\" target=\"_blank\" rel=\"noopener\"><span style=\"color: #ff0000\"><strong>WhatsApp: +86 17776015835<\/strong><\/span><\/a><\/h3>\n<p>&nbsp;<\/p>\n<h2><\/h2>\n<h2><strong>K\u013e\u00fa\u010dov\u00e9 vlastnosti produktu WASPE Vape 40000 Puffs<\/strong><\/h2>\n<ul>\n<li><strong>Bezkonkuren\u010dn\u00e1 kapacita potiahnut\u00ed<\/strong>: S neuverite\u013en\u00fdmi <strong>40 000 potiahnut\u00ed<\/strong>, toto zariadenie pon\u00faka bezkonkuren\u010dn\u00fa \u017eivotnos\u0165, \u010do eliminuje starosti s \u010dastou v\u00fdmenou.<\/li>\n<li><strong>Ve\u013ekorys\u00fd objem e-liquidu<\/strong>: Vopred naplnen\u00e9 <strong>36 ml pr\u00e9miov\u00e9ho e-liquidu<\/strong>, poskytuje dlh\u0161iu vapovaciu rel\u00e1ciu s menej preru\u0161eniami.<\/li>\n<li><strong>Dob\u00edjacia 850 mAh bat\u00e9ria<\/strong>: Vybaven\u00fd s <strong>port pre r\u00fdchle nab\u00edjanie typu C<\/strong>, bat\u00e9ria zais\u0165uje r\u00fdchle dob\u00edjanie a konzistentn\u00fd v\u00fdkon, v\u010faka \u010domu je ide\u00e1lna <strong>dob\u00edjac\u00ed vaporiz\u00e9r<\/strong> pre vaperov na cest\u00e1ch.<\/li>\n<li><strong>Du\u00e1lne sie\u0165ov\u00e9 \u0161pir\u00e1lky<\/strong>: Pokro\u010dil\u00e1 technol\u00f3gia \u0161pir\u00e1lok zlep\u0161uje podanie chuti a vytv\u00e1ra hladk\u00e9, hust\u00e9 oblaky, ide\u00e1lne pre nad\u0161encov pr\u00edchut\u00ed.<\/li>\n<li><strong>Mo\u017enosti nikot\u00ednu<\/strong>: Dostupn\u00e9 v sil\u00e1ch nikot\u00ednu <strong>0%, 2% alebo 5%<\/strong>, ktor\u00e9 uspokoja r\u00f4zne preferencie pre prisp\u00f4sobite\u013en\u00fd z\u00e1\u017eitok.<\/li>\n<li><strong>Inov\u00e1cia du\u00e1lnej pr\u00edchute<\/strong>: Vychutnajte si <strong>dve odli\u0161n\u00e9 pr\u00edchute<\/strong> v jednom zariaden\u00ed, ako napr\u00edklad <em>Jahodov\u00fd ban\u00e1n<\/em> sp\u00e1rovan\u00e9 s <em>Anan\u00e1s Kokosov\u00fd \u013ead<\/em>, pre osvie\u017euj\u00facu a jedine\u010dn\u00fa cestu vapovania.<\/li>\n<li><strong>LED obrazovka<\/strong>: Majte preh\u013ead v\u010faka <strong>inteligentnej LED obrazovke<\/strong>, ktor\u00e1 poskytuje \u00fadaje o po\u010dte \u0165ahov, \u017eivotnosti bat\u00e9rie a akt\u00edvnej pr\u00edchuti v re\u00e1lnom \u010dase.<\/li>\n<li>&nbsp;\n<p><figure id=\"attachment_2757\" aria-describedby=\"caption-attachment-2757\" style=\"width: 800px\" class=\"wp-caption alignnone\"><img loading=\"lazy\" decoding=\"async\" class=\"wp-image-2757 size-full\" src=\"https:\/\/rmvapesale.com\/wp-content\/uploads\/2024\/11\/Waspe-40000-Puffs-Dispsoable-Vape-Wholesale.jpg\" alt=\"Ve\u013ekoobchod jednorazov\u00fdch vapov Waspe 40000 \u0165ahov\" width=\"800\" height=\"800\" srcset=\"https:\/\/rmvapesale.com\/wp-content\/uploads\/2024\/11\/Waspe-40000-Puffs-Dispsoable-Vape-Wholesale.jpg 800w, https:\/\/rmvapesale.com\/wp-content\/uploads\/2024\/11\/Waspe-40000-Puffs-Dispsoable-Vape-Wholesale-300x300.jpg 300w, https:\/\/rmvapesale.com\/wp-content\/uploads\/2024\/11\/Waspe-40000-Puffs-Dispsoable-Vape-Wholesale-150x150.jpg 150w, https:\/\/rmvapesale.com\/wp-content\/uploads\/2024\/11\/Waspe-40000-Puffs-Dispsoable-Vape-Wholesale-768x768.jpg 768w, https:\/\/rmvapesale.com\/wp-content\/uploads\/2024\/11\/Waspe-40000-Puffs-Dispsoable-Vape-Wholesale-600x600.jpg 600w, https:\/\/rmvapesale.com\/wp-content\/uploads\/2024\/11\/Waspe-40000-Puffs-Dispsoable-Vape-Wholesale-100x100.jpg 100w\" sizes=\"auto, (max-width: 800px) 100vw, 800px\" \/><figcaption id=\"caption-attachment-2757\" class=\"wp-caption-text\">Ve\u013ekoobchod jednorazov\u00fdch vapov Waspe 40000 \u0165ahov<\/figcaption><\/figure><\/li>\n<\/ul>\n<h2><strong>Najlep\u0161ia pr\u00edchu\u0165 pre WASPE Vape 40k \u0165ahov<\/strong><\/h2>\n<p>1 \u013dadov\u00fd vodn\u00fd mel\u00f3n \/ Citr\u00f3n limetka <span style=\"color: #ff0000\"><strong>&gt;&gt;&gt;&gt; Hor\u00face!<\/strong><\/span><br \/>\n2 \u0160umiv\u00e1 \u010dere\u0161\u0148a s \u013eadom \/ \u010cu\u010doriedkov\u00e1 cukrov\u00e1 vata<br \/>\n3 Jahoda vodn\u00fd mel\u00f3n \/ \u010cu\u010doriedka malina <span style=\"color: #ff0000\"><strong>&gt;&gt;&gt;&gt; Hor\u00face!<\/strong><\/span><br \/>\n4 \u013dadov\u00fd Red Bull \/ Jahoda mango<br \/>\n5 \u013dadov\u00e1 brosky\u0148a \/ Anan\u00e1s mango brosky\u0148a<br \/>\n6 \u013dadov\u00e9 hrozno \/ Jahoda kivi<br \/>\n7 Zmie\u0161an\u00e9 bobule \/ Dvojit\u00e9 jablko s \u013eadom<br \/>\n8 Limon\u00e1da z modrej maliny \/ Vodn\u00fd mel\u00f3n \u017euva\u010dka<br \/>\n9 Jahoda malina \u010dere\u0161\u0148a \/ L\u00e1ska 666<br \/>\n10 Jahoda ban\u00e1n \/ Anan\u00e1s kokos s \u013eadom<br \/>\n11 Jahoda vodn\u00fd mel\u00f3n \u017euva\u010dka \/ Zmie\u0161an\u00e9 ovocie<br \/>\n12 \u013dadov\u00e1 \u010dere\u0161\u0148ov\u00e1 kola \/ Jahoda malina cukr\u00edk <span style=\"color: #ff0000\"><strong>&gt;&gt;&gt;&gt; Najlep\u0161ie!<\/strong><\/span><br \/>\n13 Kysl\u00e9 jablko malina \/ Jahoda ve\u013ek\u00fd tresk<br \/>\n14 Brosky\u0148a bobule \/ Vodn\u00fd mel\u00f3n mango brosky\u0148a<br \/>\n15 \u013dadov\u00e1 \u010du\u010doriedka \/ \u013dadov\u00fd \u010dierny drak<br \/>\n16 Jahoda \u010dere\u0161\u0148a \/ Kivi marakuja gu\u00e1va<\/p>\n<p>&nbsp;<\/p>\n<h3><strong>Pre\u010do si vybra\u0165 Rmvapesale pre Waspe 40000 potiahnut\u00ed <\/strong><strong>V<\/strong><strong>Ve\u013ekoobchod s vape<\/strong><strong>?<\/strong><\/h3>\n<div class=\"flex-shrink-0 flex flex-col relative items-end\">\n<div class=\"pt-0\">\n<div class=\"gizmo-bot-avatar flex h-8 w-8 items-center justify-center overflow-hidden rounded-full\">\n<div class=\"relative p-1 rounded-sm flex items-center justify-center bg-token-main-surface-primary text-token-text-primary h-8 w-8\">\n<p>Vitajte v Rmvapesale, va\u0161om d\u00f4veryhodnom obchode s vape pre pr\u00e9miov\u00e9 jednorazov\u00e9 vapy. S viac ako 5 ro\u010dn\u00fdmi sk\u00fasenos\u0165ami v\u00e1m prin\u00e1\u0161ame popul\u00e1rne zna\u010dky jednorazov\u00fdch vape ako Al Fakher, Vapme Vape, <a href=\"https:\/\/rmvapesale.com\/sk\/product\/vapme-crystal-7000-puffs-rechargeable-disposable-vape-price\/\">Vapme<\/a>, <a href=\"https:\/\/rmvapesale.com\/sk\/product-category\/bang-vapes\/\">Bang Vape<\/a>, Waspe, <a href=\"https:\/\/rmvapesale.com\/sk\/product\/wga-crystal-pro-max-extra-15k-puffs-disposable-vape-wholesale\/\">WGA<\/a> Vape a<a href=\"https:\/\/rmvapesale.com\/sk\/product-category\/randm-fumot-vape\/\"> RandM Vape<\/a>.<\/p>\n<p>N\u00e1\u0161 sortiment zah\u0155\u0148a popul\u00e1rne jednorazov\u00e9 vapky ako <a href=\"https:\/\/rmvapesale.com\/sk\/product\/fumot-randm-12000-strawberry-kiwi-flavor-disposable-vape-wholesale-netherlands\/\">RandM 12000 potiahnut\u00ed<\/a> a vo\u013eby bohat\u00e9 na chu\u0165 ako napr\u00edklad <a href=\"https:\/\/rmvapesale.com\/sk\/product\/wga-crystal-pro-max-extra-15k-puffs-disposable-vape-wholesale\/\">WGA 15K<\/a>. Ka\u017ed\u00fd produkt je vybran\u00fd so zameran\u00edm na kvalitu, hodnotu a rozmanitos\u0165, \u010do zais\u0165uje, \u017ee n\u00e1jdete perfektn\u00fa vo\u013ebu pre va\u0161e potreby. Objavte v\u00fdnimo\u010dn\u00e9 slu\u017eby a \u0161irok\u00fa \u0161k\u00e1lu \u0161pi\u010dkov\u00fdch produktov v Rmvapesale.<\/p>\n<\/div>\n<h3><\/h3>\n<div class=\"relative p-1 rounded-sm flex items-center justify-center bg-token-main-surface-primary text-token-text-primary h-8 w-8\">\n<h3><b>Waspe 40000 potiahnut\u00ed nab\u00edjate\u013en\u00e1 jednorazov\u00e1 e-cigareta - \u010cast\u00e9 ot\u00e1zky<\/b><\/h3>\n<div class=\"group\/conversation-turn relative flex w-full min-w-0 flex-col agent-turn\">\n<div class=\"flex-col gap-1 md:gap-3\">\n<div class=\"flex max-w-full flex-col flex-grow\">\n<div class=\"min-h-8 text-message flex w-full flex-col items-end gap-2 whitespace-normal break-words [.text-message+&amp;]:mt-5\" dir=\"auto\" data-message-author-role=\"assistant\" data-message-id=\"00c9b302-bc9c-4550-94ba-5a295efa2be3\" data-message-model-slug=\"gpt-4o\">\n<div class=\"flex w-full flex-col gap-1 empty:hidden first:pt-[3px]\">\n<div class=\"markdown prose w-full break-words dark:prose-invert light\">\n<div class=\"flex-shrink-0 flex flex-col relative items-end\">\n<div>\n<div class=\"pt-0\">\n<div class=\"gizmo-bot-avatar flex h-8 w-8 items-center justify-center overflow-hidden rounded-full\">\n<div class=\"relative p-1 rounded-sm flex items-center justify-center bg-token-main-surface-primary text-token-text-primary h-8 w-8\">\n<div class=\"flex-shrink-0 flex flex-col relative items-end\">\n<div>\n<div class=\"pt-0\">\n<div class=\"gizmo-bot-avatar flex h-8 w-8 items-center justify-center overflow-hidden rounded-full\">\n<div class=\"relative p-1 rounded-sm flex items-center justify-center bg-token-main-surface-primary text-token-text-primary h-8 w-8\">\n<p><strong>Ot\u00e1zka: Ak\u00e9 s\u00fa popul\u00e1rne pr\u00edchute jednorazovej e-cigarety Waspe 40000 potiahnut\u00ed?<\/strong><br \/>\nA: The <strong>Waspe Vape 40000 Puffs<\/strong> pon\u00faka kombin\u00e1cie dvoch pr\u00edchut\u00ed, napr\u00edklad <em>Jahodov\u00fd ban\u00e1n<\/em> a <em>Anan\u00e1s Kokosov\u00fd \u013ead<\/em>, \u010do z neho rob\u00ed najlep\u0161iu vo\u013ebu pre t\u00fdch, ktor\u00ed h\u013eadaj\u00fa osvie\u017euj\u00face a jedine\u010dn\u00e9 chu\u0165ov\u00e9 z\u00e1\u017eitky.<\/p>\n<p><strong>Q: Ako zist\u00edm, kedy je moja Waspe 40000 Smart Vape pr\u00e1zdna?<\/strong><br \/>\nA: The <strong>LED displej<\/strong> na Waspe 40000 Smart Vape ukazuje \u00farove\u0148 e-liquidu. Ke\u010f indikuje, \u017ee je e-liquid pr\u00e1zdny, je \u010das zariadenie vymeni\u0165.<\/p>\n<p><strong>Q: Ako dlho trv\u00e1 nabitie nab\u00edjate\u013en\u00e9ho vape Waspe 40000?<\/strong><br \/>\nA: Waspe 40000 pou\u017e\u00edva <strong>port pre r\u00fdchle nab\u00edjanie typu C<\/strong>, \u010do mu umo\u017e\u0148uje pln\u00e9 nabitie pribli\u017ene za <strong>45-60 min\u00fat<\/strong>.<\/p>\n<p><strong>Q: Ko\u013eko nikot\u00ednu je v jednorazovom vape Waspe 40000?<\/strong><br \/>\nA: Waspe 40000 je k dispoz\u00edcii v <strong>0%, 2% alebo 5%<\/strong> (\u010do zodpoved\u00e1 50 mg pre 5% mo\u017enos\u0165), vyhovuje r\u00f4znym preferenci\u00e1m.<\/p>\n<p><strong>Q: Kde si m\u00f4\u017eem k\u00fapi\u0165 Waspe 40000 Puff Vapes za ve\u013ekoobchodn\u00e9 ceny?<\/strong><br \/>\nA: The <strong>Jednorazov\u00fd Vape Waspe 40000 Puffs<\/strong> je k dispoz\u00edcii prostredn\u00edctvom <strong>ve\u013ekoobchod s vapkami<\/strong> distrib\u00fatorov a online predajcov \u0161pecializuj\u00facich sa na <strong>hromadn\u00fd n\u00e1kup<\/strong> a <strong>popul\u00e1rnych zna\u010dk\u00e1ch jednorazov\u00fdch vapiek<\/strong>.<\/p>\n<p><strong>Q: Ko\u013eko po\u0165ahov poskytuje Waspe Vape 40000 Puffs?<\/strong><br \/>\nA: Waspe Vape pon\u00faka p\u00f4sobiv\u00fdch <strong>40 000 potiahnut\u00ed<\/strong>, poskytuj\u00face pred\u013a\u017een\u00fa spokojnos\u0165 a pohodlie.<\/p>\n<p><strong>Q: Ako dlho trv\u00e1 \u00fapln\u00e9 nabitie jednorazovej vape Waspe 40000?<\/strong><br \/>\nA: \u00dapln\u00e9 nabitie Waspe 40000 trv\u00e1 pribli\u017ene <strong>45-60 min\u00fat<\/strong>, v\u010faka svojmu efekt\u00edvnemu <strong>syst\u00e9mu nab\u00edjania Type-C<\/strong>.<\/p>\n<\/div>\n<\/div>\n<\/div>\n<\/div>\n<\/div>\n<\/div>\n<\/div>\n<\/div>\n<\/div>\n<\/div>\n<div class=\"group\/conversation-turn relative flex w-full min-w-0 flex-col agent-turn\">\n<div class=\"flex-col gap-1 md:gap-3\">\n<div class=\"flex max-w-full flex-col flex-grow\">\n<div class=\"min-h-8 text-message flex w-full flex-col items-end gap-2 whitespace-normal break-words [.text-message+&amp;]:mt-5\" dir=\"auto\" data-message-author-role=\"assistant\" data-message-id=\"a3dc01bd-23b0-4fd7-bb9a-7827522cefd8\" data-message-model-slug=\"gpt-4o\">\n<div class=\"flex w-full flex-col gap-1 empty:hidden first:pt-[3px]\"><\/div>\n<\/div>\n<\/div>\n<\/div>\n<\/div>\n<\/div>\n<\/div>\n<\/div>\n<\/div>\n<\/div>\n<\/div>\n<\/div>\n<\/div>\n<\/div>\n<\/div>\n<h3>O doru\u010den\u00ed<\/h3>\n<div class=\"flex-shrink-0 flex flex-col relative items-end\">\n<div>\n<div class=\"pt-0\">\n<div class=\"gizmo-bot-avatar flex h-8 w-8 items-center justify-center overflow-hidden rounded-full\">\n<div><\/div>\n<div class=\"relative p-1 rounded-sm flex items-center justify-center bg-token-main-surface-primary text-token-text-primary h-8 w-8\"><strong>1. Ak\u00e9 sp\u00f4soby doru\u010denia pou\u017e\u00edvate?<\/strong><\/div>\n<\/div>\n<\/div>\n<\/div>\n<\/div>\n<div class=\"group\/conversation-turn relative flex w-full min-w-0 flex-col agent-turn\">\n<div class=\"flex-col gap-1 md:gap-3\">\n<div class=\"flex max-w-full flex-col flex-grow\">\n<div class=\"min-h-[20px] text-message flex w-full flex-col items-end gap-2 whitespace-normal break-words [.text-message+&amp;]:mt-5 overflow-x-auto\" dir=\"auto\" data-message-author-role=\"assistant\" data-message-id=\"22f8283b-3233-46ff-89a5-c7a41b33abda\">\n<div class=\"flex w-full flex-col gap-1 empty:hidden first:pt-[3px]\">\n<div class=\"markdown prose w-full break-words dark:prose-invert light\">\n<p>Spolupracujeme so spolo\u010dnos\u0165ami UPS, DHL, FedEx, DPD a \u010fal\u0161\u00edmi popredn\u00fdmi dopravcami. Vyberieme najlep\u0161\u00ed sp\u00f4sob doru\u010denia na z\u00e1klade va\u0161ej adresy, aby sme zaistili, \u017ee svoje produkty dostanete \u010do najr\u00fdchlej\u0161ie.<\/p>\n<\/div>\n<p><strong>2. Ako dlho trv\u00e1 doru\u010denie?<\/strong><\/p>\n<p>Bal\u00edky doru\u010dovan\u00e9 na Slovensko zvy\u010dajne dorazia do 10 pracovn\u00fdch dn\u00ed. Doru\u010denie do eur\u00f3pskych kraj\u00edn zvy\u010dajne trv\u00e1 asi 12-15 pracovn\u00fdch dn\u00ed. Budeme v\u00e1s informova\u0165 o stave doru\u010denia v re\u00e1lnom \u010dase.<\/p>\n<\/div>\n<\/div>\n<\/div>\n<\/div>\n<\/div>\n<p>&nbsp;<\/p>\n<p>N\u00e1jdite \u010fal\u0161ie vape produkty, ktor\u00e9 by sa v\u00e1m mohli p\u00e1\u010di\u0165:<strong><em><a href=\"https:\/\/rmvapesale.com\/sk\/shop-2\/\">nakupova\u0165 teraz &gt;&gt;&gt;<\/a><\/em><\/strong><\/p>","protected":false},"excerpt":{"rendered":"<p>Vape zariadenie WASPE 40000 Puffs vynik\u00e1 technol\u00f3giou dvoch pr\u00edchut\u00ed a kapacitou 40 000 po\u0165ahov, v\u010faka \u010domu je tou najlep\u0161ou vo\u013ebou pre ka\u017ed\u00e9ho, kto h\u013ead\u00e1 spojenie pohodlia s v\u00fdnimo\u010dn\u00fdm z\u00e1\u017eitkom z vapovania.<\/p>\n<p><img loading=\"lazy\" decoding=\"async\" class=\"size-full wp-image-2375\" src=\"https:\/\/rmvapesale.com\/wp-content\/uploads\/2024\/10\/image.png\" alt=\"Najlep\u0161\u00ed jednorazov\u00fd vape\" width=\"229\" height=\"300\" \/><\/p>\n<h3><a href=\"https:\/\/wa.me\/8617776015835\"><span style=\"color: #ff0000\"><strong>WhatsApp: +86 17776015835<\/strong><\/span><\/a><\/h3>\n<p>&nbsp;<\/p>","protected":false},"featured_media":2759,"comment_status":"open","ping_status":"closed","template":"","meta":{"_uag_custom_page_level_css":"","_lmt_disableupdate":"no","_lmt_disable":"","site-sidebar-layout":"default","site-content-layout":"content-boxed-container","ast-site-content-layout":"normal-width-container","site-content-style":"boxed","site-sidebar-style":"unboxed","ast-global-header-display":"","ast-banner-title-visibility":"","ast-main-header-display":"","ast-hfb-above-header-display":"","ast-hfb-below-header-display":"","ast-hfb-mobile-header-display":"","site-post-title":"","ast-breadcrumbs-content":"","ast-featured-img":"","footer-sml-layout":"","theme-transparent-header-meta":"default","adv-header-id-meta":"","stick-header-meta":"","header-above-stick-meta":"","header-main-stick-meta":"","header-below-stick-meta":"","astra-migrate-meta-layouts":"set","ast-page-background-enabled":"default","ast-page-background-meta":{"desktop":{"background-color":"var(--ast-global-color-4)","background-image":"","background-repeat":"repeat","background-position":"center center","background-size":"auto","background-attachment":"scroll","background-type":"","background-media":"","overlay-type":"","overlay-color":"","overlay-opacity":"","overlay-gradient":""},"tablet":{"background-color":"","background-image":"","background-repeat":"repeat","background-position":"center center","background-size":"auto","background-attachment":"scroll","background-type":"","background-media":"","overlay-type":"","overlay-color":"","overlay-opacity":"","overlay-gradient":""},"mobile":{"background-color":"","background-image":"","background-repeat":"repeat","background-position":"center center","background-size":"auto","background-attachment":"scroll","background-type":"","background-media":"","overlay-type":"","overlay-color":"","overlay-opacity":"","overlay-gradient":""}},"ast-content-background-meta":{"desktop":{"background-color":"var(--ast-global-color-5)","background-image":"","background-repeat":"repeat","background-position":"center center","background-size":"auto","background-attachment":"scroll","background-type":"","background-media":"","overlay-type":"","overlay-color":"","overlay-opacity":"","overlay-gradient":""},"tablet":{"background-color":"var(--ast-global-color-5)","background-image":"","background-repeat":"repeat","background-position":"center center","background-size":"auto","background-attachment":"scroll","background-type":"","background-media":"","overlay-type":"","overlay-color":"","overlay-opacity":"","overlay-gradient":""},"mobile":{"background-color":"var(--ast-global-color-5)","background-image":"","background-repeat":"repeat","background-position":"center center","background-size":"auto","background-attachment":"scroll","background-type":"","background-media":"","overlay-type":"","overlay-color":"","overlay-opacity":"","overlay-gradient":""}},"_joinchat":[]},"product_brand":[],"product_cat":[15,25,123,26,28,135,27,137,136,30],"product_tag":[222,220,221],"class_list":{"0":"post-2761","1":"product","2":"type-product","3":"status-publish","4":"has-post-thumbnail","6":"product_cat-new-vape-this-week","7":"product_cat-germany-best-selling-vape","8":"product_cat-italy-wholesale-vape","9":"product_cat-netherlands-hot-sale-vape","10":"product_cat-poland-hot-sale-vape","11":"product_cat-spain-best-hot-sale-vape","12":"product_cat-fance-hot-sale-vape","13":"product_cat-rechargeable-vapes","14":"product_cat-smart-screen-vapes","15":"product_cat-minimum-order-quantity-50pcs","16":"product_tag-double-flavor-vape","17":"product_tag-waspe-40000","18":"product_tag-waspe-vape","19":"desktop-align-left","20":"tablet-align-left","21":"mobile-align-left","23":"first","24":"instock","25":"sale","26":"shipping-taxable","27":"purchasable","28":"product-type-simple"},"uagb_featured_image_src":{"full":["https:\/\/rmvapesale.com\/wp-content\/uploads\/2024\/11\/WASPE-40000-Rechargeable-Disposable-Vape.jpg",1000,1000,false],"thumbnail":["https:\/\/rmvapesale.com\/wp-content\/uploads\/2024\/11\/WASPE-40000-Rechargeable-Disposable-Vape-150x150.jpg",150,150,true],"medium":["https:\/\/rmvapesale.com\/wp-content\/uploads\/2024\/11\/WASPE-40000-Rechargeable-Disposable-Vape-300x300.jpg",300,300,true],"medium_large":["https:\/\/rmvapesale.com\/wp-content\/uploads\/2024\/11\/WASPE-40000-Rechargeable-Disposable-Vape-768x768.jpg",768,768,true],"large":["https:\/\/rmvapesale.com\/wp-content\/uploads\/2024\/11\/WASPE-40000-Rechargeable-Disposable-Vape.jpg",1000,1000,false],"1536x1536":["https:\/\/rmvapesale.com\/wp-content\/uploads\/2024\/11\/WASPE-40000-Rechargeable-Disposable-Vape.jpg",1000,1000,false],"2048x2048":["https:\/\/rmvapesale.com\/wp-content\/uploads\/2024\/11\/WASPE-40000-Rechargeable-Disposable-Vape.jpg",1000,1000,false],"trp-custom-language-flag":["https:\/\/rmvapesale.com\/wp-content\/uploads\/2024\/11\/WASPE-40000-Rechargeable-Disposable-Vape.jpg",12,12,false],"woocommerce_thumbnail":["https:\/\/rmvapesale.com\/wp-content\/uploads\/2024\/11\/WASPE-40000-Rechargeable-Disposable-Vape-300x300.jpg",300,300,true],"woocommerce_single":["https:\/\/rmvapesale.com\/wp-content\/uploads\/2024\/11\/WASPE-40000-Rechargeable-Disposable-Vape-600x600.jpg",600,600,true],"woocommerce_gallery_thumbnail":["https:\/\/rmvapesale.com\/wp-content\/uploads\/2024\/11\/WASPE-40000-Rechargeable-Disposable-Vape-100x100.jpg",100,100,true],"wcpr-photo-reviews":["https:\/\/rmvapesale.com\/wp-content\/uploads\/2024\/11\/WASPE-40000-Rechargeable-Disposable-Vape.jpg",500,500,false]},"uagb_author_info":{"display_name":"AMY","author_link":"https:\/\/rmvapesale.com\/sk\/author\/"},"uagb_comment_info":0,"uagb_excerpt":"WASPE Vape 40000 Puffs device stands out with its dual-flavor technology and 40,000-puff capacity, making it a top choice for anyone looking to combine convenience with an exceptional vaping experience. WhatsApp: +86 17776015835 &nbsp;","_links":{"self":[{"href":"https:\/\/rmvapesale.com\/sk\/wp-json\/wp\/v2\/product\/2761","targetHints":{"allow":["GET"]}}],"collection":[{"href":"https:\/\/rmvapesale.com\/sk\/wp-json\/wp\/v2\/product"}],"about":[{"href":"https:\/\/rmvapesale.com\/sk\/wp-json\/wp\/v2\/types\/product"}],"replies":[{"embeddable":true,"href":"https:\/\/rmvapesale.com\/sk\/wp-json\/wp\/v2\/comments?post=2761"}],"wp:featuredmedia":[{"embeddable":true,"href":"https:\/\/rmvapesale.com\/sk\/wp-json\/wp\/v2\/media\/2759"}],"wp:attachment":[{"href":"https:\/\/rmvapesale.com\/sk\/wp-json\/wp\/v2\/media?parent=2761"}],"wp:term":[{"taxonomy":"product_brand","embeddable":true,"href":"https:\/\/rmvapesale.com\/sk\/wp-json\/wp\/v2\/product_brand?post=2761"},{"taxonomy":"product_cat","embeddable":true,"href":"https:\/\/rmvapesale.com\/sk\/wp-json\/wp\/v2\/product_cat?post=2761"},{"taxonomy":"product_tag","embeddable":true,"href":"https:\/\/rmvapesale.com\/sk\/wp-json\/wp\/v2\/product_tag?post=2761"}],"curies":[{"name":"wp","href":"https:\/\/api.w.org\/{rel}","templated":true}]}}