{"id":2767,"date":"2024-11-21T08:44:14","date_gmt":"2024-11-21T08:44:14","guid":{"rendered":"https:\/\/rmvapesale.com\/?post_type=product&#038;p=2767"},"modified":"2024-11-21T09:11:37","modified_gmt":"2024-11-21T09:11:37","slug":"jnr-alien-10000-puffs-rechargeable-disposable-vape-bulk-price","status":"publish","type":"product","link":"https:\/\/rmvapesale.com\/sk\/product\/jnr-alien-10000-puffs-rechargeable-disposable-vape-bulk-price\/","title":{"rendered":"JNR Alien 10000 Puffs Rechargeable Disposable Vape Ve\u013ekoobchodn\u00e1 cena"},"content":{"rendered":"<div class=\"B2VR9 CJHX3e\">\n<div class=\"wyccme\">\n<h1 class=\"LC20lb MBeuO DKV0Md\">JNR Alien 10000 Puffs Rechargeable Disposable Vape Ve\u013ekoobchodn\u00e1 cena<\/h1>\n<div class=\"flex-shrink-0 flex flex-col relative items-end\">\n<div class=\"pt-0\">\n<div class=\"gizmo-bot-avatar flex h-8 w-8 items-center justify-center overflow-hidden rounded-full\">\n<div class=\"relative p-1 rounded-sm flex items-center justify-center bg-token-main-surface-primary text-token-text-primary h-8 w-8\">\n<p>The <strong>JNR Alien 10000 \u0164ahov Nab\u00edjate\u013en\u00e1 Jednorazov\u00e1 Vape<\/strong> je navrhnut\u00fd pre t\u00fdch, ktor\u00ed uprednost\u0148uj\u00fa pohodlie a v\u00fdkon. S predplnenou <strong>kapacitou 20 ml e-liquidu<\/strong>toto zariadenie pon\u00faka a\u017e <strong>10 000 \u0165ahov<\/strong>, zabezpe\u010duje dlh\u00e9 vapingov\u00e9 sedenia bez \u010dast\u00fdch v\u00fdmen. Poh\u00e1\u0148an\u00e9 spo\u013eahliv\u00fdm <strong>850 mAh nab\u00edjate\u013en\u00e1 bat\u00e9ria<\/strong>, poskytuje konzistentn\u00fa produkciu pary a pokro\u010dil\u00fd <strong>technol\u00f3gia mesh coil<\/strong> zlep\u0161uje chu\u0165 aj objem pary pre zv\u00fd\u0161en\u00fd z\u00e1\u017eitok. Alien JNR 10000 Navrhnut\u00e9 pre <strong>MTL (\u00fasta na pl\u00facach) vaping<\/strong>, toto zariadenie m\u00e1 bezprobl\u00e9mov\u00fd <strong>mechanizmus aktivovan\u00fd \u0165ahom<\/strong>, \u010do ho rob\u00ed ide\u00e1lnym pre pou\u017e\u00edvate\u013eov, ktor\u00ed preferuj\u00fa jednoduchos\u0165 bez kompromisov v v\u00fdkone.<\/p>\n<p>Kompaktn\u00e9 a prenosn\u00e9, <strong>JNR Alien 10000 Dob\u00edjate\u013en\u00e1 Vape<\/strong> je ide\u00e1lna na vaping na cest\u00e1ch. Dob\u00edjate\u013en\u00e1 bat\u00e9ria podporuje dlhodob\u00e9 pou\u017e\u00edvanie a \u013eahk\u00fd dizajn u\u013eah\u010duje pren\u00e1\u0161anie. S <strong>5% nikot\u00ednovou silou<\/strong>, poskytuje uspokojiv\u00fd z\u00e1\u017eitok, ktor\u00fd vyhovuje pou\u017e\u00edvate\u013eom h\u013eadaj\u00facim siln\u00fd, ale hladk\u00fd vaping. \u010ci ste predajca alebo ve\u013ekoobchodn\u00fd kupuj\u00faci, <strong>JNR Alien 10000 Puffs<\/strong> pon\u00faka v\u00fdnimo\u010dn\u00fa hodnotu za <strong>ve\u013ekoobchodn\u00e9 ceny<\/strong>, \u010do z neho rob\u00ed v\u00fdnimo\u010dn\u00fd produkt pre ve\u013ekoobchod s vapami.<\/p>\n<\/div>\n<\/div>\n<\/div>\n<\/div>\n<\/div>\n<\/div>\n<p><strong>Kontaktujte Amy pre spr\u00e1vnu odpove\u010f a vape kup\u00f3n!<\/strong><\/p>\n<p><img loading=\"lazy\" decoding=\"async\" class=\"size-full wp-image-1978\" src=\"https:\/\/rmvapesale.com\/wp-content\/uploads\/2024\/09\/Disposable-Vape-Wholesale.jpg\" alt=\"Jednorazov\u00fd vape ve\u013ekoobchod\" width=\"229\" height=\"300\" \/><\/p>\n<h3><a href=\"https:\/\/wa.me\/8617776015835\" target=\"_blank\" rel=\"noopener\"><span style=\"color: #ff0000\"><strong>WhatsApp: +86 17776015835<\/strong><\/span><\/a><\/h3>\n<p>&nbsp;<\/p>\n<h2><\/h2>\n<h2><strong>K\u013e\u00fa\u010dov\u00e9 vlastnosti JNR Alien 10000 Puffs<\/strong><\/h2>\n<ul>\n<li><strong>Poskytuje a\u017e 10 000 potiahnut\u00ed na zariadenie<\/strong><\/li>\n<li><strong>20ml e-liquid predplnen\u00fd na menej v\u00fdmen<\/strong><\/li>\n<li><strong>850mAh dob\u00edjate\u013en\u00e1 bat\u00e9ria pre dlh\u0161ie sedenia<\/strong><\/li>\n<li><strong>Technol\u00f3gia mesh cievky zlep\u0161uje chu\u0165 a paru<\/strong><\/li>\n<li><strong>Kompaktn\u00fd, \u0165ahom aktivovan\u00fd dizajn pre bezprobl\u00e9mov\u00e9 vapovanie<\/strong><\/li>\n<\/ul>\n<h2><\/h2>\n<h2><strong>Top pr\u00edchu\u0165 pre JNR Alien 10kPuffs<\/strong><\/h2>\n<p>1. \u010cierny drak \u013ead<br \/>\n2.Blue Razz Cherry (\u010cere\u0161\u0148a s modrou malinou) <span style=\"color: #ff0000\"><strong>&gt;&gt;&gt;&gt; Hor\u00face!<\/strong><\/span><br \/>\n3. Modr\u00e1 malinov\u00e1 \u013eadov\u00e1 <span style=\"color: #ff0000\"><strong>&gt;&gt;&gt;&gt; Hor\u00face!<\/strong><\/span><br \/>\n4. \u010cu\u010doriedkov\u00e1 \u017euva\u010dka<br \/>\n5. \u010cu\u010doriedka, \u010dere\u0161\u0148a, brusnica<br \/>\n6. \u010cu\u010doriedka na \u013eade<br \/>\n7. \u010cu\u010doriedka, kysl\u00e1 malina<br \/>\n8. Perliv\u00e1 \u010dere\u0161\u0148ov\u00e1 cola<br \/>\n9. Hroznov\u00e9 \u013eadov\u00e9<br \/>\n10. Guava \u013ead<br \/>\n11. Kivi, marhu\u013eov\u00e9, guava<br \/>\n12. Jahoda, kivi<br \/>\n13. Zmie\u0161an\u00e9 bobule<br \/>\n14. P\u00e1n Modr\u00fd<br \/>\n15. Marhu\u013eov\u00e9 ovocie<br \/>\n16. Marhu\u013ea, \u010du\u010doriedka, cukrovinka<br \/>\n17. Marhu\u013ea, \u010du\u010doriedka, cukrovinka<br \/>\n18. Brosky\u0148ov\u00e1 zmrzlina<br \/>\n19. Brosky\u0148a Mango Anan\u00e1s <span style=\"color: #ff0000\"><strong>&gt;&gt;&gt;&gt; Hor\u00face!<\/strong><\/span><br \/>\n20. Kysl\u00e9 jablko<br \/>\n21. Jahoda Ban\u00e1n<br \/>\n22. Jahodov\u00e1 zmrzlina<br \/>\n23. Jahoda Malina \u010cere\u0161\u0148a Zmrzlina <span style=\"color: #ff0000\"><strong>&gt;&gt;&gt;&gt; Najlep\u0161ie!<\/strong><\/span><br \/>\n24. Jahoda Mel\u00f3n Zmrzlina<br \/>\n25. Jahoda Mel\u00f3n Lemond\u00e1da<br \/>\n26. Mel\u00f3n \u017duva\u010dka<br \/>\n27. Mel\u00f3n Zmrzlina<br \/>\n28. Ban\u00e1nov\u00e1 zmrzlina<br \/>\n29. \u010cu\u010doriedka Kiwi<br \/>\n30. \u010cere\u0161\u0148ov\u00e9 bobule<br \/>\n31. Cola Zmrzlina<br \/>\n32. Chladn\u00e1 m\u00e4ta<br \/>\n33. Dvojit\u00e9 jablko<br \/>\n34. Gumen\u00e1 medved\u00edk<br \/>\n35. Luxusn\u00e1 zmrzlina<br \/>\n36. Malina a vodn\u00fd mel\u00f3n<br \/>\n37. Jahodov\u00e1 cukrovinka so zmrzlinou<br \/>\n38. Jahodov\u00e1 Pi\u0148a Colada<br \/>\n39. Jahoda Gran\u00e1tov\u00e9 jablko<br \/>\n40. Jahoda a malina so zmrzlinou<br \/>\n41. Tropick\u00fd \u00fader<br \/>\n42. Vodn\u00fd mel\u00f3n Brazz Zmrzlina<br \/>\n43. Vodn\u00fd mel\u00f3n a lychee<\/p>\n<p>&nbsp;<\/p>\n<h3><strong>Pre\u010do si vybra\u0165 Rmvapesale pre Alien JNR 10000 Pufov <\/strong><strong>V<\/strong><strong>Ve\u013ekoobchod s vape<\/strong><strong>?<\/strong><\/h3>\n<div class=\"flex-shrink-0 flex flex-col relative items-end\">\n<div class=\"pt-0\">\n<div class=\"gizmo-bot-avatar flex h-8 w-8 items-center justify-center overflow-hidden rounded-full\">\n<div class=\"relative p-1 rounded-sm flex items-center justify-center bg-token-main-surface-primary text-token-text-primary h-8 w-8\">\n<p>Vitajte v Rmvapesale, va\u0161om d\u00f4veryhodnom obchode s vape pre pr\u00e9miov\u00e9 jednorazov\u00e9 vapy. S viac ako 5 ro\u010dn\u00fdmi sk\u00fasenos\u0165ami v\u00e1m prin\u00e1\u0161ame popul\u00e1rne zna\u010dky jednorazov\u00fdch vape ako Al Fakher, Vapme Vape, <a href=\"https:\/\/rmvapesale.com\/sk\/product-category\/bang-vapes\/\">Bang Vape<\/a>, Waspe, WGA Vape a<a href=\"https:\/\/rmvapesale.com\/sk\/product-category\/randm-fumot-vape\/\"> RandM Vape<\/a>.<\/p>\n<p>N\u00e1\u0161 sortiment zah\u0155\u0148a popul\u00e1rne jednorazov\u00e9 vapky ako <a href=\"https:\/\/rmvapesale.com\/sk\/product\/randm-tornado-15000-puffs-vape-wholesale\/\">RandM Tornado 15000<\/a> a chu\u0165ovo bohat\u00e9 mo\u017enosti ako Vapme 70000. Ka\u017ed\u00fd produkt je vybran\u00fd so zameran\u00edm na kvalitu, hodnotu a rozmanitos\u0165, \u010d\u00edm zabezpe\u010dujeme, \u017ee n\u00e1jdete perfektn\u00fa zhodu pre va\u0161e potreby. Objavte v\u00fdnimo\u010dn\u00fd servis a \u0161irok\u00fd sortiment \u0161pi\u010dkov\u00fdch produktov na Rmvapesale.<\/p>\n<\/div>\n<h3><\/h3>\n<div class=\"relative p-1 rounded-sm flex items-center justify-center bg-token-main-surface-primary text-token-text-primary h-8 w-8\">\n<h3><b> \u010cast\u00e9 ot\u00e1zky pre <\/b><b>Alien JNR 10000 Dob\u00edjate\u013en\u00e1 jednorazov\u00e1 vaporiz\u00e9r<\/b><\/h3>\n<div class=\"group\/conversation-turn relative flex w-full min-w-0 flex-col agent-turn\">\n<div class=\"flex-col gap-1 md:gap-3\">\n<div class=\"flex max-w-full flex-col flex-grow\">\n<div class=\"min-h-8 text-message flex w-full flex-col items-end gap-2 whitespace-normal break-words [.text-message+&amp;]:mt-5\" dir=\"auto\" data-message-author-role=\"assistant\" data-message-id=\"00c9b302-bc9c-4550-94ba-5a295efa2be3\" data-message-model-slug=\"gpt-4o\">\n<div class=\"flex w-full flex-col gap-1 empty:hidden first:pt-[3px]\">\n<div class=\"markdown prose w-full break-words dark:prose-invert light\">\n<div class=\"flex-shrink-0 flex flex-col relative items-end\">\n<div>\n<div class=\"pt-0\">\n<div class=\"gizmo-bot-avatar flex h-8 w-8 items-center justify-center overflow-hidden rounded-full\">\n<div class=\"relative p-1 rounded-sm flex items-center justify-center bg-token-main-surface-primary text-token-text-primary h-8 w-8\">\n<div class=\"flex-shrink-0 flex flex-col relative items-end\">\n<div>\n<div class=\"pt-0\">\n<div class=\"gizmo-bot-avatar flex h-8 w-8 items-center justify-center overflow-hidden rounded-full\">\n<div class=\"relative p-1 rounded-sm flex items-center justify-center bg-token-main-surface-primary text-token-text-primary h-8 w-8\">\n<p><strong>1. Ko\u013eko nikot\u00ednu je v JNR 10000 Jednorazovej vaporiz\u00e9ri?<\/strong><br \/>\nThe <strong>JNR Alien 10k Jednorazov\u00e1 vaporiz\u00e9r<\/strong> obsahuje <strong>5% obsah nikot\u00ednu (50mg)<\/strong>, pon\u00faka siln\u00fd, no jemn\u00fd z\u00e1\u017eitok z nikot\u00ednu.<\/p>\n<p><strong>2. Kde m\u00f4\u017eem k\u00fapi\u0165 JNR Alien 10k Puffs za ve\u013ekoobchodn\u00fa cenu?<\/strong><br \/>\nM\u00f4\u017eete si zak\u00fapi\u0165 <strong>JNR Alien 10k Puffs<\/strong> at <strong>ve\u013ekoobchodn\u00e9 ceny<\/strong> cez d\u00f4veryhodn\u00fdch ve\u013ekoobchodn\u00edkov s vapami, distrib\u00fatorov alebo online platformy \u0161pecializovan\u00e9 na ve\u013ekoobjemov\u00fd predaj vapov.<\/p>\n<p><strong>3. Ako zist\u00edm, kedy je m\u00f4j JNR 10000 Puffs Smart Vape pr\u00e1zdny?<\/strong><br \/>\nV\u00e1\u0161 <strong>JNR 10000 Vape<\/strong> m\u00f4\u017ee by\u0165 pr\u00e1zdny, ak si v\u0161imnete sp\u00e1len\u00fa alebo nepr\u00edjemn\u00fa chu\u0165, zn\u00ed\u017een\u00fa produkciu pary alebo ak zariadenie u\u017e nereaguje pri pou\u017eit\u00ed.<\/p>\n<p><strong>4. Ako dlho vydr\u017e\u00ed chu\u0165 v jednorazovej vape perle JNR 10000?<\/strong><br \/>\nChu\u0165 v <strong>JNR Alien 10000<\/strong> ost\u00e1va konzistentn\u00e1 a uspokojiv\u00e1 po\u010das cel\u00e9ho <strong>10 000 \u0165ahov<\/strong>, zabezpe\u010duj\u00fac \u017eiadne kompromisy v chuti.<\/p>\n<p><strong>5. Ak\u00e9 s\u00fa ob\u013e\u00faben\u00e9 chute pre jednorazov\u00fa vape perku JNR Alien 10k Puffs?<\/strong><br \/>\nTop chute pre <strong>JNR Alien 10k Puffs<\/strong> zah\u0155\u0148aj\u00fa Mango Ice, Jahoda Mel\u00f3n, \u010cu\u010doriedka R\u00edbez\u013ea a Chladn\u00e1 m\u00e4ta, vyhovuj\u00face r\u00f4znym preferenci\u00e1m.<\/p>\n<p><strong>6. Ko\u013eko potiahnut\u00ed poskytuje JNR 10000 Vape?<\/strong><br \/>\nThe <strong>JNR Alien 10k Vape<\/strong> pon\u00faka <strong>10 000 \u0165ahov<\/strong>, \u010d\u00edm sa st\u00e1va dlhodobou a pohodlnou vo\u013ebou pre \u0165a\u017ek\u00fdch aj pr\u00edle\u017eitostn\u00fdch vap\u00e9rov.<\/p>\n<p><strong>Ako dlho trv\u00e1 nab\u00edjanie nab\u00edjate\u013en\u00e9ho vapu JNR 30000 Puffs?<\/strong><br \/>\nThe <strong>JNR 10000 Puffs Vaporiz\u00e9r<\/strong> sa plne nab\u00edja pribli\u017ene za <strong>1 a\u017e 1,5 hodiny<\/strong>, v\u010faka svojmu efekt\u00edvnemu <strong>nab\u00edjac\u00edm portom typu C<\/strong>.<\/p>\n<\/div>\n<\/div>\n<\/div>\n<\/div>\n<\/div>\n<\/div>\n<\/div>\n<\/div>\n<\/div>\n<\/div>\n<div class=\"group\/conversation-turn relative flex w-full min-w-0 flex-col agent-turn\">\n<div class=\"flex-col gap-1 md:gap-3\">\n<div class=\"flex max-w-full flex-col flex-grow\">\n<div class=\"min-h-8 text-message flex w-full flex-col items-end gap-2 whitespace-normal break-words [.text-message+&amp;]:mt-5\" dir=\"auto\" data-message-author-role=\"assistant\" data-message-id=\"a3dc01bd-23b0-4fd7-bb9a-7827522cefd8\" data-message-model-slug=\"gpt-4o\">\n<div class=\"flex w-full flex-col gap-1 empty:hidden first:pt-[3px]\"><\/div>\n<\/div>\n<\/div>\n<\/div>\n<\/div>\n<\/div>\n<\/div>\n<\/div>\n<\/div>\n<\/div>\n<\/div>\n<\/div>\n<\/div>\n<\/div>\n<\/div>\n<h3>O doru\u010den\u00ed<\/h3>\n<div class=\"flex-shrink-0 flex flex-col relative items-end\">\n<div>\n<div class=\"pt-0\">\n<div class=\"gizmo-bot-avatar flex h-8 w-8 items-center justify-center overflow-hidden rounded-full\">\n<div><\/div>\n<div class=\"relative p-1 rounded-sm flex items-center justify-center bg-token-main-surface-primary text-token-text-primary h-8 w-8\"><strong>1. Ak\u00e9 sp\u00f4soby doru\u010denia pou\u017e\u00edvate?<\/strong><\/div>\n<\/div>\n<\/div>\n<\/div>\n<\/div>\n<div class=\"group\/conversation-turn relative flex w-full min-w-0 flex-col agent-turn\">\n<div class=\"flex-col gap-1 md:gap-3\">\n<div class=\"flex max-w-full flex-col flex-grow\">\n<div class=\"min-h-[20px] text-message flex w-full flex-col items-end gap-2 whitespace-normal break-words [.text-message+&amp;]:mt-5 overflow-x-auto\" dir=\"auto\" data-message-author-role=\"assistant\" data-message-id=\"22f8283b-3233-46ff-89a5-c7a41b33abda\">\n<div class=\"flex w-full flex-col gap-1 empty:hidden first:pt-[3px]\">\n<div class=\"markdown prose w-full break-words dark:prose-invert light\">\n<p>Spolupracujeme so spolo\u010dnos\u0165ami UPS, DHL, FedEx, DPD a \u010fal\u0161\u00edmi popredn\u00fdmi dopravcami. Vyberieme najlep\u0161\u00ed sp\u00f4sob doru\u010denia na z\u00e1klade va\u0161ej adresy, aby sme zaistili, \u017ee svoje produkty dostanete \u010do najr\u00fdchlej\u0161ie.<\/p>\n<\/div>\n<p><strong>2. Ako dlho trv\u00e1 doru\u010denie?<\/strong><\/p>\n<p>Bal\u00edky doru\u010dovan\u00e9 na Slovensko zvy\u010dajne dorazia do 10 pracovn\u00fdch dn\u00ed. Doru\u010denie do eur\u00f3pskych kraj\u00edn zvy\u010dajne trv\u00e1 asi 12-15 pracovn\u00fdch dn\u00ed. Budeme v\u00e1s informova\u0165 o stave doru\u010denia v re\u00e1lnom \u010dase.<\/p>\n<\/div>\n<\/div>\n<\/div>\n<\/div>\n<\/div>\n<p>&nbsp;<\/p>\n<p>N\u00e1jdite \u010fal\u0161ie vape produkty, ktor\u00e9 by sa v\u00e1m mohli p\u00e1\u010di\u0165:<strong><em><a href=\"https:\/\/rmvapesale.com\/sk\/shop-2\/\">nakupova\u0165 teraz &gt;&gt;&gt;<\/a><\/em><\/strong><\/p>","protected":false},"excerpt":{"rendered":"<p>The <strong>JNR Alien 10000 \u0164ahov Nab\u00edjate\u013en\u00e1 Jednorazov\u00e1 Vape<\/strong> je navrhnut\u00fd pre t\u00fdch, ktor\u00ed uprednost\u0148uj\u00fa pohodlie a v\u00fdkon. S predplnenou <strong>kapacitou 20 ml e-liquidu<\/strong>toto zariadenie pon\u00faka a\u017e <strong>10 000 \u0165ahov<\/strong>zabezpe\u010duj\u00facich pred\u013a\u017een\u00e9 vapovacie rel\u00e1cie bez \u010dastej v\u00fdmeny.<\/p>\n<p><img loading=\"lazy\" decoding=\"async\" class=\"size-full wp-image-2375\" src=\"https:\/\/rmvapesale.com\/wp-content\/uploads\/2024\/10\/image.png\" alt=\"Najlep\u0161\u00ed jednorazov\u00fd vape\" width=\"229\" height=\"300\" \/><\/p>\n<h3><a href=\"https:\/\/wa.me\/8617776015835\"><span style=\"color: #ff0000\"><strong>WhatsApp: +86 17776015835<\/strong><\/span><\/a><\/h3>\n<p>&nbsp;<\/p>","protected":false},"featured_media":2762,"comment_status":"open","ping_status":"closed","template":"","meta":{"_uag_custom_page_level_css":"","_lmt_disableupdate":"no","_lmt_disable":"","site-sidebar-layout":"default","site-content-layout":"content-boxed-container","ast-site-content-layout":"normal-width-container","site-content-style":"boxed","site-sidebar-style":"unboxed","ast-global-header-display":"","ast-banner-title-visibility":"","ast-main-header-display":"","ast-hfb-above-header-display":"","ast-hfb-below-header-display":"","ast-hfb-mobile-header-display":"","site-post-title":"","ast-breadcrumbs-content":"","ast-featured-img":"","footer-sml-layout":"","ast-disable-related-posts":"","theme-transparent-header-meta":"default","adv-header-id-meta":"","stick-header-meta":"","header-above-stick-meta":"","header-main-stick-meta":"","header-below-stick-meta":"","astra-migrate-meta-layouts":"set","ast-page-background-enabled":"default","ast-page-background-meta":{"desktop":{"background-color":"var(--ast-global-color-4)","background-image":"","background-repeat":"repeat","background-position":"center center","background-size":"auto","background-attachment":"scroll","background-type":"","background-media":"","overlay-type":"","overlay-color":"","overlay-opacity":"","overlay-gradient":""},"tablet":{"background-color":"","background-image":"","background-repeat":"repeat","background-position":"center center","background-size":"auto","background-attachment":"scroll","background-type":"","background-media":"","overlay-type":"","overlay-color":"","overlay-opacity":"","overlay-gradient":""},"mobile":{"background-color":"","background-image":"","background-repeat":"repeat","background-position":"center center","background-size":"auto","background-attachment":"scroll","background-type":"","background-media":"","overlay-type":"","overlay-color":"","overlay-opacity":"","overlay-gradient":""}},"ast-content-background-meta":{"desktop":{"background-color":"var(--ast-global-color-5)","background-image":"","background-repeat":"repeat","background-position":"center center","background-size":"auto","background-attachment":"scroll","background-type":"","background-media":"","overlay-type":"","overlay-color":"","overlay-opacity":"","overlay-gradient":""},"tablet":{"background-color":"var(--ast-global-color-5)","background-image":"","background-repeat":"repeat","background-position":"center center","background-size":"auto","background-attachment":"scroll","background-type":"","background-media":"","overlay-type":"","overlay-color":"","overlay-opacity":"","overlay-gradient":""},"mobile":{"background-color":"var(--ast-global-color-5)","background-image":"","background-repeat":"repeat","background-position":"center center","background-size":"auto","background-attachment":"scroll","background-type":"","background-media":"","overlay-type":"","overlay-color":"","overlay-opacity":"","overlay-gradient":""}},"_joinchat":[]},"product_brand":[],"product_cat":[15,27,25,123,30,26,28,137,136,135],"product_tag":[223,224,205],"class_list":{"0":"post-2767","1":"product","2":"type-product","3":"status-publish","4":"has-post-thumbnail","6":"product_cat-new-vape-this-week","7":"product_cat-fance-hot-sale-vape","8":"product_cat-germany-best-selling-vape","9":"product_cat-italy-wholesale-vape","10":"product_cat-minimum-order-quantity-50pcs","11":"product_cat-netherlands-hot-sale-vape","12":"product_cat-poland-hot-sale-vape","13":"product_cat-rechargeable-vapes","14":"product_cat-smart-screen-vapes","15":"product_cat-spain-best-hot-sale-vape","16":"product_tag-jnr","17":"product_tag-jnr-10000","18":"product_tag-jnr-vape","19":"desktop-align-left","20":"tablet-align-left","21":"mobile-align-left","23":"first","24":"instock","25":"sale","26":"shipping-taxable","27":"purchasable","28":"product-type-simple"},"uagb_featured_image_src":{"full":["https:\/\/rmvapesale.com\/wp-content\/uploads\/2024\/11\/JNR-Alien-10000-Puffs-Bulk-Price.png",800,800,false],"thumbnail":["https:\/\/rmvapesale.com\/wp-content\/uploads\/2024\/11\/JNR-Alien-10000-Puffs-Bulk-Price-150x150.png",150,150,true],"medium":["https:\/\/rmvapesale.com\/wp-content\/uploads\/2024\/11\/JNR-Alien-10000-Puffs-Bulk-Price-300x300.png",300,300,true],"medium_large":["https:\/\/rmvapesale.com\/wp-content\/uploads\/2024\/11\/JNR-Alien-10000-Puffs-Bulk-Price-768x768.png",768,768,true],"large":["https:\/\/rmvapesale.com\/wp-content\/uploads\/2024\/11\/JNR-Alien-10000-Puffs-Bulk-Price.png",800,800,false],"1536x1536":["https:\/\/rmvapesale.com\/wp-content\/uploads\/2024\/11\/JNR-Alien-10000-Puffs-Bulk-Price.png",800,800,false],"2048x2048":["https:\/\/rmvapesale.com\/wp-content\/uploads\/2024\/11\/JNR-Alien-10000-Puffs-Bulk-Price.png",800,800,false],"trp-custom-language-flag":["https:\/\/rmvapesale.com\/wp-content\/uploads\/2024\/11\/JNR-Alien-10000-Puffs-Bulk-Price.png",12,12,false],"woocommerce_thumbnail":["https:\/\/rmvapesale.com\/wp-content\/uploads\/2024\/11\/JNR-Alien-10000-Puffs-Bulk-Price-300x300.png",300,300,true],"woocommerce_single":["https:\/\/rmvapesale.com\/wp-content\/uploads\/2024\/11\/JNR-Alien-10000-Puffs-Bulk-Price-600x600.png",600,600,true],"woocommerce_gallery_thumbnail":["https:\/\/rmvapesale.com\/wp-content\/uploads\/2024\/11\/JNR-Alien-10000-Puffs-Bulk-Price-100x100.png",100,100,true],"wcpr-photo-reviews":["https:\/\/rmvapesale.com\/wp-content\/uploads\/2024\/11\/JNR-Alien-10000-Puffs-Bulk-Price.png",500,500,false]},"uagb_author_info":{"display_name":"AMY","author_link":"https:\/\/rmvapesale.com\/sk\/author\/"},"uagb_comment_info":0,"uagb_excerpt":"The JNR Alien 10000 Puffs Rechargeable Disposable Vape is engineered for those who prioritize both convenience and performance. With a pre-filled 20ml e-liquid capacity, this device offers up to 10,000 puffs, ensuring extended vaping sessions without frequent replacements. WhatsApp: +86 17776015835 &nbsp;","_links":{"self":[{"href":"https:\/\/rmvapesale.com\/sk\/wp-json\/wp\/v2\/product\/2767","targetHints":{"allow":["GET"]}}],"collection":[{"href":"https:\/\/rmvapesale.com\/sk\/wp-json\/wp\/v2\/product"}],"about":[{"href":"https:\/\/rmvapesale.com\/sk\/wp-json\/wp\/v2\/types\/product"}],"replies":[{"embeddable":true,"href":"https:\/\/rmvapesale.com\/sk\/wp-json\/wp\/v2\/comments?post=2767"}],"wp:featuredmedia":[{"embeddable":true,"href":"https:\/\/rmvapesale.com\/sk\/wp-json\/wp\/v2\/media\/2762"}],"wp:attachment":[{"href":"https:\/\/rmvapesale.com\/sk\/wp-json\/wp\/v2\/media?parent=2767"}],"wp:term":[{"taxonomy":"product_brand","embeddable":true,"href":"https:\/\/rmvapesale.com\/sk\/wp-json\/wp\/v2\/product_brand?post=2767"},{"taxonomy":"product_cat","embeddable":true,"href":"https:\/\/rmvapesale.com\/sk\/wp-json\/wp\/v2\/product_cat?post=2767"},{"taxonomy":"product_tag","embeddable":true,"href":"https:\/\/rmvapesale.com\/sk\/wp-json\/wp\/v2\/product_tag?post=2767"}],"curies":[{"name":"wp","href":"https:\/\/api.w.org\/{rel}","templated":true}]}}