{"id":2782,"date":"2024-11-26T06:22:12","date_gmt":"2024-11-26T06:22:12","guid":{"rendered":"https:\/\/rmvapesale.com\/?post_type=product&#038;p=2782"},"modified":"2024-11-26T06:36:14","modified_gmt":"2024-11-26T06:36:14","slug":"jnr-phonevape-30000-30k-smart-disposable-vape-wholesale","status":"publish","type":"product","link":"https:\/\/rmvapesale.com\/sk\/product\/jnr-phonevape-30000-30k-smart-disposable-vape-wholesale\/","title":{"rendered":"JNR PhoneVape 30000 30K Smart Jednorazov\u00fd Vape Ve\u013ekoobchod"},"content":{"rendered":"<div class=\"B2VR9 CJHX3e\">\n<div class=\"wyccme\">\n<h1 class=\"LC20lb MBeuO DKV0Md\">JNR PhoneVape 30000 30K Smart Jednorazov\u00fd Vape Ve\u013ekoobchod<\/h1>\n<div class=\"flex-shrink-0 flex flex-col relative items-end\">\n<div class=\"pt-0\">\n<div class=\"gizmo-bot-avatar flex h-8 w-8 items-center justify-center overflow-hidden rounded-full\">\n<div class=\"relative p-1 rounded-sm flex items-center justify-center bg-token-main-surface-primary text-token-text-primary h-8 w-8\">\n<p>The <strong>JNR PhoneVape 30000 Chytr\u00e1 Jednorazov\u00e1 Vape<\/strong>, revolu\u010dn\u00e9 zariadenie, ktor\u00e9 kombinuje najmodernej\u0161iu technol\u00f3giu s v\u00fdnimo\u010dn\u00fdm v\u00fdkonom. Navrhnut\u00e1 pre modern\u00fdch vap\u00e9rov, t\u00e1to chytr\u00e1 jednorazov\u00e1 vape pon\u00faka obrovsk\u00e9 <strong>30 000 potiahnut\u00ed<\/strong> in <strong>Be\u017en\u00fd re\u017eim<\/strong> a <strong>18 000 potiahnut\u00ed<\/strong> in <strong>Pulzn\u00fd re\u017eim<\/strong>, \u010do ju rob\u00ed ide\u00e1lnou na dlhodob\u00e9 pou\u017e\u00edvanie. Jej <strong>pln\u00e1 obrazovka<\/strong> poskytuje \u00fadaje v re\u00e1lnom \u010dase, vr\u00e1tane v\u00fddr\u017ee bat\u00e9rie, hladiny e-tekutiny, \u010dasu a dokonca aj kalend\u00e1rnych funkci\u00ed, udr\u017eiava v\u00e1s informovan\u00e9ho v ka\u017edom okamihu. S jej <strong>nastavite\u013en\u00fdm syst\u00e9mom pr\u00fadenia vzduchu<\/strong>, m\u00f4\u017eete prisp\u00f4sobi\u0165 intenzitu \u0165ahu pod\u013ea svojich preferenci\u00ed. Ide\u00e1lna pre be\u017en\u00fdch aj sk\u00fasen\u00fdch pou\u017e\u00edvate\u013eov, <strong>JNR PhoneVape<\/strong> pos\u00fava pohodlie vapingu na vy\u0161\u0161iu \u00farove\u0148.<\/p>\n<p>\u010co odli\u0161uje <strong>JNR PhoneVape 30K<\/strong> od ostatn\u00fdch, je jeho <strong>chytr\u00e9 funkcie<\/strong>. Toto zariadenie podporuje <strong>upozornenia na hovory a textov\u00e9 spr\u00e1vy<\/strong>, <strong>dia\u013ekov\u00e9 ovl\u00e1danie kamery<\/strong> funkciu, a jedine\u010dn\u00fa <strong>N\u00e1jdite svoju Vape<\/strong> funkciu prostredn\u00edctvom jej <strong>WearinOS aplik\u00e1cie integr\u00e1cie<\/strong>. Jeho <strong>re\u017eim uzamknutia<\/strong> zabezpe\u010duje bezpe\u010dnos\u0165 pri nepou\u017e\u00edvan\u00ed, zatia\u013e \u010do <strong>Typ-C nab\u00edjate\u013en\u00e1 bat\u00e9ria<\/strong> sa plne nabije za len <strong>1,5 a\u017e 2 hodiny<\/strong>, poskytuj\u00fac konzistentn\u00fa energiu pre dlh\u00e9 vapingov\u00e9 rel\u00e1cie. Dostupn\u00e9 v r\u00f4znych pr\u00edchutiach, vr\u00e1tane <strong>Modr\u00e1 Malina \u013dad<\/strong> a <strong>Jahodov\u00fd \u013ead<\/strong>, tento dob\u00edjate\u013en\u00fd jednorazov\u00fd vaporiz\u00e9r zaru\u010duje spokojnos\u0165 aj \u0161t\u00fdl. Ve\u013ekoobchodn\u00ed kupci m\u00f4\u017eu vyu\u017ei\u0165 konkurencieschopn\u00e9 ceny, \u010d\u00edm sa <strong>JNR PhoneVape 30000<\/strong> st\u00e1va neporazite\u013enou vo\u013ebou pre hromadn\u00e9 n\u00e1kupy.<\/p>\n<\/div>\n<\/div>\n<\/div>\n<\/div>\n<\/div>\n<\/div>\n<p><strong>Kontaktujte Amy pre spr\u00e1vnu odpove\u010f a vape kup\u00f3n!<\/strong><\/p>\n<p><img loading=\"lazy\" decoding=\"async\" class=\"size-full wp-image-1978\" src=\"https:\/\/rmvapesale.com\/wp-content\/uploads\/2024\/09\/Disposable-Vape-Wholesale.jpg\" alt=\"Jednorazov\u00fd vape ve\u013ekoobchod\" width=\"229\" height=\"300\" \/><\/p>\n<h3><a href=\"https:\/\/wa.me\/8617776015835\" target=\"_blank\" rel=\"noopener\"><span style=\"color: #ff0000\"><strong>WhatsApp: +86 17776015835<\/strong><\/span><\/a><\/h3>\n<p>&nbsp;<\/p>\n<h2><\/h2>\n<h2><strong>JNR PhoneVape 30000 Puffs K\u013e\u00fa\u010dov\u00e9 vlastnosti<\/strong><\/h2>\n<ul>\n<li><strong>Obrovsk\u00fd po\u010det potiahnut\u00ed<\/strong>: A\u017e 30 000 potiahnut\u00ed v be\u017enom re\u017eime, 18 000 v pulznom re\u017eime.<\/li>\n<li><strong>Inteligentn\u00fd displej<\/strong>: D\u00e1ta v re\u00e1lnom \u010dase o \u010dase, bat\u00e9rii a \u00farovni e-\u0161\u0165avy.<\/li>\n<li><strong>Pokro\u010dil\u00e9 funkcie<\/strong>: Notifik\u00e1cie o hovore a spr\u00e1ve, vzdialen\u00e1 kamera a N\u00e1jdite svoj vaporiz\u00e9r.<\/li>\n<li><strong>Nab\u00edjate\u013en\u00e1 bat\u00e9ria<\/strong>: R\u00fdchle nab\u00edjanie cez Typ-C za 1,5 a\u017e 2 hodiny.<\/li>\n<li><strong>Prisp\u00f4sobite\u013en\u00fd prietok vzduchu<\/strong>: Nastavite\u013en\u00fd prietok vzduchu pre personalizovan\u00fd z\u00e1\u017eitok z vapovania.<\/li>\n<\/ul>\n<h2><strong>Najob\u013e\u00fabenej\u0161ia pr\u00edchu\u0165 pre JNR Phone Vape 30000<\/strong><\/h2>\n<p>1.Blue Razz Ice <span style=\"color: #ff0000\"><strong>&gt;&gt;&gt;&gt; Hor\u00face!<\/strong><\/span><br \/>\n2. Jahodov\u00e1 \u013eadov\u00e1<br \/>\n3.Watermelon Ice<br \/>\n4.Miami Mint <span style=\"color: #ff0000\"><strong>&gt;&gt;&gt;&gt; Hor\u00face!<\/strong><\/span><br \/>\n5. Ban\u00e1nov\u00fd \u013ead<br \/>\n6. \u010cere\u0161\u0148a jahoda malina <span style=\"color: #ff0000\"><strong>&gt;&gt;&gt;&gt; Najlep\u0161ie!<\/strong><\/span><br \/>\n7. Kysl\u00e9 jablko s \u013eadom<br \/>\n8. \u010cu\u010doriedkov\u00fd mel\u00f3n<br \/>\n9. Marhu\u013ea mango mel\u00f3n<br \/>\n10. Sakra skvel\u00e9<\/p>\n<p>&nbsp;<\/p>\n<h3><strong>Pre\u010do si vybra\u0165 Rmvapesale pre JNR PhoneVape 30K Puffs <\/strong><strong>V<\/strong><strong>Ve\u013ekoobchod s vape<\/strong><strong>?<\/strong><\/h3>\n<div class=\"flex-shrink-0 flex flex-col relative items-end\">\n<div class=\"pt-0\">\n<div class=\"gizmo-bot-avatar flex h-8 w-8 items-center justify-center overflow-hidden rounded-full\">\n<div class=\"relative p-1 rounded-sm flex items-center justify-center bg-token-main-surface-primary text-token-text-primary h-8 w-8\">\n<p>Vitajte v Rmvapesale, va\u0161om d\u00f4veryhodnom obchode s vape pre pr\u00e9miov\u00e9 jednorazov\u00e9 vapy. S viac ako 5 ro\u010dn\u00fdmi sk\u00fasenos\u0165ami v\u00e1m prin\u00e1\u0161ame popul\u00e1rne zna\u010dky jednorazov\u00fdch vape ako Al Fakher, Vapme Vape, <a href=\"https:\/\/rmvapesale.com\/sk\/product-category\/bang-vapes\/\">Bang Vape<\/a>, Waspe, WGA Vape a<a href=\"https:\/\/rmvapesale.com\/sk\/product-category\/randm-fumot-vape\/\"> RandM Vape<\/a>.<\/p>\n<p>N\u00e1\u0161 sortiment zah\u0155\u0148a popul\u00e1rne jednorazov\u00e9 vapky ako <a href=\"https:\/\/rmvapesale.com\/sk\/product\/randm-tornado-15000-puffs-vape-wholesale\/\">RandM Tornado 15000<\/a> a chu\u0165ovo bohat\u00e9 mo\u017enosti ako Vapme 70000. Ka\u017ed\u00fd produkt je vybran\u00fd so zameran\u00edm na kvalitu, hodnotu a rozmanitos\u0165, \u010d\u00edm zabezpe\u010dujeme, \u017ee n\u00e1jdete perfektn\u00fa zhodu pre va\u0161e potreby. Objavte v\u00fdnimo\u010dn\u00fd servis a \u0161irok\u00fd sortiment \u0161pi\u010dkov\u00fdch produktov na Rmvapesale.<\/p>\n<\/div>\n<h3><\/h3>\n<div class=\"relative p-1 rounded-sm flex items-center justify-center bg-token-main-surface-primary text-token-text-primary h-8 w-8\">\n<h3><b> \u010casto kladen\u00e9 ot\u00e1zky pre JNR Phone Vape 30K<\/b><b>\u00a0Nab\u00edjate\u013en\u00e1 jednorazov\u00e1 vapka<\/b><\/h3>\n<div class=\"group\/conversation-turn relative flex w-full min-w-0 flex-col agent-turn\">\n<div class=\"flex-col gap-1 md:gap-3\">\n<div class=\"flex max-w-full flex-col flex-grow\">\n<div class=\"min-h-8 text-message flex w-full flex-col items-end gap-2 whitespace-normal break-words [.text-message+&amp;]:mt-5\" dir=\"auto\" data-message-author-role=\"assistant\" data-message-id=\"00c9b302-bc9c-4550-94ba-5a295efa2be3\" data-message-model-slug=\"gpt-4o\">\n<div class=\"flex w-full flex-col gap-1 empty:hidden first:pt-[3px]\">\n<div class=\"markdown prose w-full break-words dark:prose-invert light\">\n<div class=\"flex-shrink-0 flex flex-col relative items-end\">\n<div>\n<div class=\"pt-0\">\n<div class=\"gizmo-bot-avatar flex h-8 w-8 items-center justify-center overflow-hidden rounded-full\">\n<div class=\"relative p-1 rounded-sm flex items-center justify-center bg-token-main-surface-primary text-token-text-primary h-8 w-8\">\n<div class=\"flex-shrink-0 flex flex-col relative items-end\">\n<div>\n<div class=\"pt-0\">\n<div class=\"gizmo-bot-avatar flex h-8 w-8 items-center justify-center overflow-hidden rounded-full\">\n<div class=\"relative p-1 rounded-sm flex items-center justify-center bg-token-main-surface-primary text-token-text-primary h-8 w-8\">\n<ul>\n<li><strong>Kde k\u00fapi\u0165 JNR PhoneVape 30000 Puffs za ve\u013ekoobchodn\u00fa cenu na Slovensku<\/strong><br \/>\nM\u00f4\u017eete si zak\u00fapi\u0165 <strong>JNR PhoneVape 30000 Puffs<\/strong> za ve\u013ekoobchodn\u00e9 ceny online prostredn\u00edctvom d\u00f4veryhodn\u00fdch ve\u013ekoobchodn\u00fdch platforiem alebo distrib\u00fatorov pon\u00fakaj\u00facich medzin\u00e1rodn\u00fa dopravu na Slovensko. Uistite sa, \u017ee h\u013ead\u00e1te mno\u017estevn\u00e9 z\u013eavy alebo autorizovan\u00fdch predajcov pre konkurencieschopn\u00e9 ceny.<\/li>\n<li><strong>Ko\u013eko potiahnut\u00ed poskytuje JNR PhoneVape 30000 Vape?<\/strong><br \/>\nThe <strong>JNR PhoneVape 30000 Vape<\/strong> poskytuje a\u017e <strong>30 000 \u0165ahov v be\u017enom re\u017eime<\/strong> a <strong>18 000 potiahnut\u00ed v re\u017eime Pulse<\/strong>, \u010do ho rob\u00ed ide\u00e1lnym pre dlhodob\u00e9 pou\u017e\u00edvanie.<\/li>\n<li><strong>Ako dlho vydr\u017e\u00ed popul\u00e1rna pr\u00edchu\u0165 pre JNR Phone Vape 30000 jednorazov\u00fdch vaporiz\u00e9rov?<\/strong><br \/>\n\u017divotnos\u0165 popul\u00e1rnych pr\u00edchut\u00ed ako <strong>Modr\u00e1 Malina \u013dad<\/strong> or <strong>Brosky\u0148ov\u00fd \u013ead<\/strong> z\u00e1vis\u00ed od vzorov pou\u017e\u00edvania. Zvy\u010dajne, pri pou\u017eit\u00ed a\u017e do <strong>30 000 potiahnut\u00ed<\/strong>, m\u00f4\u017ee vydr\u017ea\u0165 t\u00fd\u017edne alebo dokonca mesiace pre priemern\u00fdch pou\u017e\u00edvate\u013eov.<\/li>\n<li><strong>Ak\u00e9 s\u00fa popul\u00e1rne pr\u00edchute pre JNR PhoneVape 30k Puffs jednorazov\u00fd vaporiz\u00e9r?<\/strong><br \/>\nOb\u013e\u00faben\u00e9 pr\u00edchute pre <strong>JNR PhoneVape 30k Puffs<\/strong> zah\u0155\u0148aj\u00fa <strong>Modr\u00e1 Malina \u013dad<\/strong>, <strong>Brosky\u0148ov\u00fd \u013ead<\/strong>, a \u010fal\u0161ie ovocn\u00e9, \u013eadov\u00e9 zmesi, ktor\u00e9 poskytuj\u00fa osvie\u017euj\u00faci a konzistentn\u00fd chu\u0165ov\u00fd z\u00e1\u017eitok.<\/li>\n<li><strong>Ako dlho trv\u00e1 nab\u00edjanie JNR PhoneVape 30k Puffs dob\u00edjate\u013en\u00e9ho vaporiz\u00e9ra?<\/strong><br \/>\nThe <strong>JNR PhoneVape 30k Puffs Dob\u00edjate\u013en\u00fd vaporiz\u00e9r<\/strong> trv\u00e1 pribli\u017ene <strong>1,5 a\u017e 2 hodiny<\/strong> na \u00fapln\u00e9 nabitie prostredn\u00edctvom jeho <strong>nab\u00edjac\u00edm portom typu C<\/strong>.<\/li>\n<li><strong>Ko\u013eko nikot\u00ednu je v JNR Phone Vape 30000 Jednorazovom vaporiz\u00e9ri?<\/strong><br \/>\nThe <strong>JNR Phone Vape 30000 Jednorazov\u00fd vaporiz\u00e9r<\/strong> obsahuje <strong>2% (20mg\/ml) nikot\u00ednov\u00e1 sila<\/strong>, ktor\u00e1 pon\u00faka jemnej\u0161\u00ed a m\u00e4k\u0161\u00ed z\u00e1\u017eitok z vapovania, ide\u00e1lny pre pou\u017e\u00edvate\u013eov s n\u00edzkym obsahom nikot\u00ednu.<\/li>\n<\/ul>\n<\/div>\n<\/div>\n<\/div>\n<\/div>\n<\/div>\n<\/div>\n<\/div>\n<\/div>\n<\/div>\n<\/div>\n<div class=\"group\/conversation-turn relative flex w-full min-w-0 flex-col agent-turn\">\n<div class=\"flex-col gap-1 md:gap-3\">\n<div class=\"flex max-w-full flex-col flex-grow\">\n<div class=\"min-h-8 text-message flex w-full flex-col items-end gap-2 whitespace-normal break-words [.text-message+&amp;]:mt-5\" dir=\"auto\" data-message-author-role=\"assistant\" data-message-id=\"a3dc01bd-23b0-4fd7-bb9a-7827522cefd8\" data-message-model-slug=\"gpt-4o\">\n<div class=\"flex w-full flex-col gap-1 empty:hidden first:pt-[3px]\"><\/div>\n<\/div>\n<\/div>\n<\/div>\n<\/div>\n<\/div>\n<\/div>\n<\/div>\n<\/div>\n<\/div>\n<\/div>\n<\/div>\n<\/div>\n<\/div>\n<\/div>\n<h3>O doru\u010den\u00ed<\/h3>\n<div class=\"flex-shrink-0 flex flex-col relative items-end\">\n<div>\n<div class=\"pt-0\">\n<div class=\"gizmo-bot-avatar flex h-8 w-8 items-center justify-center overflow-hidden rounded-full\">\n<div><\/div>\n<div class=\"relative p-1 rounded-sm flex items-center justify-center bg-token-main-surface-primary text-token-text-primary h-8 w-8\"><strong>1. Ak\u00e9 sp\u00f4soby doru\u010denia pou\u017e\u00edvate?<\/strong><\/div>\n<\/div>\n<\/div>\n<\/div>\n<\/div>\n<div class=\"group\/conversation-turn relative flex w-full min-w-0 flex-col agent-turn\">\n<div class=\"flex-col gap-1 md:gap-3\">\n<div class=\"flex max-w-full flex-col flex-grow\">\n<div class=\"min-h-[20px] text-message flex w-full flex-col items-end gap-2 whitespace-normal break-words [.text-message+&amp;]:mt-5 overflow-x-auto\" dir=\"auto\" data-message-author-role=\"assistant\" data-message-id=\"22f8283b-3233-46ff-89a5-c7a41b33abda\">\n<div class=\"flex w-full flex-col gap-1 empty:hidden first:pt-[3px]\">\n<div class=\"markdown prose w-full break-words dark:prose-invert light\">\n<p>Spolupracujeme so spolo\u010dnos\u0165ami UPS, DHL, FedEx, DPD a \u010fal\u0161\u00edmi popredn\u00fdmi dopravcami. Vyberieme najlep\u0161\u00ed sp\u00f4sob doru\u010denia na z\u00e1klade va\u0161ej adresy, aby sme zaistili, \u017ee svoje produkty dostanete \u010do najr\u00fdchlej\u0161ie.<\/p>\n<\/div>\n<p><strong>2. Ako dlho trv\u00e1 doru\u010denie?<\/strong><\/p>\n<p>Bal\u00edky doru\u010dovan\u00e9 na Slovensko zvy\u010dajne dorazia do 10 pracovn\u00fdch dn\u00ed. Doru\u010denie do eur\u00f3pskych kraj\u00edn zvy\u010dajne trv\u00e1 asi 12-15 pracovn\u00fdch dn\u00ed. Budeme v\u00e1s informova\u0165 o stave doru\u010denia v re\u00e1lnom \u010dase.<\/p>\n<\/div>\n<\/div>\n<\/div>\n<\/div>\n<\/div>\n<p>&nbsp;<\/p>\n<p>N\u00e1jdite \u010fal\u0161ie vape produkty, ktor\u00e9 by sa v\u00e1m mohli p\u00e1\u010di\u0165:<strong><em><a href=\"https:\/\/rmvapesale.com\/sk\/shop-2\/\">nakupova\u0165 teraz &gt;&gt;&gt;<\/a><\/em><\/strong><\/p>","protected":false},"excerpt":{"rendered":"<p>The <strong>JNR PhoneVape 30000 Chytr\u00e1 Jednorazov\u00e1 Vape <\/strong>navrhnut\u00e1 pre modern\u00fdch vap\u00e9rov, pon\u00faka obrovsk\u00e9 <strong>30 000 potiahnut\u00ed<\/strong> in <strong>Be\u017en\u00fd re\u017eim<\/strong> a <strong>18 000 potiahnut\u00ed<\/strong> in <strong>Pulzn\u00fd re\u017eim<\/strong>, \u010do ju rob\u00ed ide\u00e1lnou na dlhodob\u00e9 pou\u017e\u00edvanie.<\/p>\n<p><img loading=\"lazy\" decoding=\"async\" class=\"size-full wp-image-2375\" src=\"https:\/\/rmvapesale.com\/wp-content\/uploads\/2024\/10\/image.png\" alt=\"Najlep\u0161\u00ed jednorazov\u00fd vape\" width=\"229\" height=\"300\" \/><\/p>\n<h3><a href=\"https:\/\/wa.me\/8617776015835\"><span style=\"color: #ff0000\"><strong>WhatsApp: +86 17776015835<\/strong><\/span><\/a><\/h3>\n<p>&nbsp;<\/p>","protected":false},"featured_media":2778,"comment_status":"open","ping_status":"closed","template":"","meta":{"_uag_custom_page_level_css":"","_lmt_disableupdate":"no","_lmt_disable":"","site-sidebar-layout":"default","site-content-layout":"content-boxed-container","ast-site-content-layout":"normal-width-container","site-content-style":"boxed","site-sidebar-style":"unboxed","ast-global-header-display":"","ast-banner-title-visibility":"","ast-main-header-display":"","ast-hfb-above-header-display":"","ast-hfb-below-header-display":"","ast-hfb-mobile-header-display":"","site-post-title":"","ast-breadcrumbs-content":"","ast-featured-img":"","footer-sml-layout":"","theme-transparent-header-meta":"default","adv-header-id-meta":"","stick-header-meta":"","header-above-stick-meta":"","header-main-stick-meta":"","header-below-stick-meta":"","astra-migrate-meta-layouts":"set","ast-page-background-enabled":"default","ast-page-background-meta":{"desktop":{"background-color":"var(--ast-global-color-4)","background-image":"","background-repeat":"repeat","background-position":"center center","background-size":"auto","background-attachment":"scroll","background-type":"","background-media":"","overlay-type":"","overlay-color":"","overlay-opacity":"","overlay-gradient":""},"tablet":{"background-color":"","background-image":"","background-repeat":"repeat","background-position":"center center","background-size":"auto","background-attachment":"scroll","background-type":"","background-media":"","overlay-type":"","overlay-color":"","overlay-opacity":"","overlay-gradient":""},"mobile":{"background-color":"","background-image":"","background-repeat":"repeat","background-position":"center center","background-size":"auto","background-attachment":"scroll","background-type":"","background-media":"","overlay-type":"","overlay-color":"","overlay-opacity":"","overlay-gradient":""}},"ast-content-background-meta":{"desktop":{"background-color":"var(--ast-global-color-5)","background-image":"","background-repeat":"repeat","background-position":"center center","background-size":"auto","background-attachment":"scroll","background-type":"","background-media":"","overlay-type":"","overlay-color":"","overlay-opacity":"","overlay-gradient":""},"tablet":{"background-color":"var(--ast-global-color-5)","background-image":"","background-repeat":"repeat","background-position":"center center","background-size":"auto","background-attachment":"scroll","background-type":"","background-media":"","overlay-type":"","overlay-color":"","overlay-opacity":"","overlay-gradient":""},"mobile":{"background-color":"var(--ast-global-color-5)","background-image":"","background-repeat":"repeat","background-position":"center center","background-size":"auto","background-attachment":"scroll","background-type":"","background-media":"","overlay-type":"","overlay-color":"","overlay-opacity":"","overlay-gradient":""}},"_joinchat":[]},"product_brand":[],"product_cat":[15,25,123,26,28,135,27,137,136,30],"product_tag":[223,230,231,205,229,228],"class_list":{"0":"post-2782","1":"product","2":"type-product","3":"status-publish","4":"has-post-thumbnail","6":"product_cat-new-vape-this-week","7":"product_cat-germany-best-selling-vape","8":"product_cat-italy-wholesale-vape","9":"product_cat-netherlands-hot-sale-vape","10":"product_cat-poland-hot-sale-vape","11":"product_cat-spain-best-hot-sale-vape","12":"product_cat-fance-hot-sale-vape","13":"product_cat-rechargeable-vapes","14":"product_cat-smart-screen-vapes","15":"product_cat-minimum-order-quantity-50pcs","16":"product_tag-jnr","17":"product_tag-jnr-phonevape-30000","18":"product_tag-jnr-phonevape-30k","19":"product_tag-jnr-vape","20":"product_tag-smart-disposable-vapes","21":"product_tag-touch-screen-vape","22":"desktop-align-left","23":"tablet-align-left","24":"mobile-align-left","26":"first","27":"instock","28":"sale","29":"shipping-taxable","30":"purchasable","31":"product-type-simple"},"uagb_featured_image_src":{"full":["https:\/\/rmvapesale.com\/wp-content\/uploads\/2024\/11\/JNR-Phone-Vape-30000-Disposable-Vape-Wholeale.png",1126,1126,false],"thumbnail":["https:\/\/rmvapesale.com\/wp-content\/uploads\/2024\/11\/JNR-Phone-Vape-30000-Disposable-Vape-Wholeale-150x150.png",150,150,true],"medium":["https:\/\/rmvapesale.com\/wp-content\/uploads\/2024\/11\/JNR-Phone-Vape-30000-Disposable-Vape-Wholeale-300x300.png",300,300,true],"medium_large":["https:\/\/rmvapesale.com\/wp-content\/uploads\/2024\/11\/JNR-Phone-Vape-30000-Disposable-Vape-Wholeale-768x768.png",768,768,true],"large":["https:\/\/rmvapesale.com\/wp-content\/uploads\/2024\/11\/JNR-Phone-Vape-30000-Disposable-Vape-Wholeale-1024x1024.png",1024,1024,true],"1536x1536":["https:\/\/rmvapesale.com\/wp-content\/uploads\/2024\/11\/JNR-Phone-Vape-30000-Disposable-Vape-Wholeale.png",1126,1126,false],"2048x2048":["https:\/\/rmvapesale.com\/wp-content\/uploads\/2024\/11\/JNR-Phone-Vape-30000-Disposable-Vape-Wholeale.png",1126,1126,false],"trp-custom-language-flag":["https:\/\/rmvapesale.com\/wp-content\/uploads\/2024\/11\/JNR-Phone-Vape-30000-Disposable-Vape-Wholeale.png",12,12,false],"woocommerce_thumbnail":["https:\/\/rmvapesale.com\/wp-content\/uploads\/2024\/11\/JNR-Phone-Vape-30000-Disposable-Vape-Wholeale-300x300.png",300,300,true],"woocommerce_single":["https:\/\/rmvapesale.com\/wp-content\/uploads\/2024\/11\/JNR-Phone-Vape-30000-Disposable-Vape-Wholeale-600x600.png",600,600,true],"woocommerce_gallery_thumbnail":["https:\/\/rmvapesale.com\/wp-content\/uploads\/2024\/11\/JNR-Phone-Vape-30000-Disposable-Vape-Wholeale-100x100.png",100,100,true],"wcpr-photo-reviews":["https:\/\/rmvapesale.com\/wp-content\/uploads\/2024\/11\/JNR-Phone-Vape-30000-Disposable-Vape-Wholeale.png",500,500,false]},"uagb_author_info":{"display_name":"AMY","author_link":"https:\/\/rmvapesale.com\/sk\/author\/"},"uagb_comment_info":0,"uagb_excerpt":"The JNR PhoneVape 30000 Smart Disposable Vape designed for modern vapers, offers a massive 30,000 puffs in Regular Mode and 18,000 puffs in Pulse Mode, making it perfect for long-lasting use. WhatsApp: +86 17776015835 &nbsp;","_links":{"self":[{"href":"https:\/\/rmvapesale.com\/sk\/wp-json\/wp\/v2\/product\/2782","targetHints":{"allow":["GET"]}}],"collection":[{"href":"https:\/\/rmvapesale.com\/sk\/wp-json\/wp\/v2\/product"}],"about":[{"href":"https:\/\/rmvapesale.com\/sk\/wp-json\/wp\/v2\/types\/product"}],"replies":[{"embeddable":true,"href":"https:\/\/rmvapesale.com\/sk\/wp-json\/wp\/v2\/comments?post=2782"}],"wp:featuredmedia":[{"embeddable":true,"href":"https:\/\/rmvapesale.com\/sk\/wp-json\/wp\/v2\/media\/2778"}],"wp:attachment":[{"href":"https:\/\/rmvapesale.com\/sk\/wp-json\/wp\/v2\/media?parent=2782"}],"wp:term":[{"taxonomy":"product_brand","embeddable":true,"href":"https:\/\/rmvapesale.com\/sk\/wp-json\/wp\/v2\/product_brand?post=2782"},{"taxonomy":"product_cat","embeddable":true,"href":"https:\/\/rmvapesale.com\/sk\/wp-json\/wp\/v2\/product_cat?post=2782"},{"taxonomy":"product_tag","embeddable":true,"href":"https:\/\/rmvapesale.com\/sk\/wp-json\/wp\/v2\/product_tag?post=2782"}],"curies":[{"name":"wp","href":"https:\/\/api.w.org\/{rel}","templated":true}]}}