{"id":2799,"date":"2024-11-28T03:16:57","date_gmt":"2024-11-28T03:16:57","guid":{"rendered":"https:\/\/rmvapesale.com\/?post_type=product&#038;p=2799"},"modified":"2024-11-28T03:38:01","modified_gmt":"2024-11-28T03:38:01","slug":"wga-30000-puffs-double-flavors-refillable-disposable-vape-bulk-price","status":"publish","type":"product","link":"https:\/\/rmvapesale.com\/sk\/product\/wga-30000-puffs-double-flavors-refillable-disposable-vape-bulk-price\/","title":{"rendered":"WGA 30000 \u0164ahov Dvojit\u00e9 Pr\u00edchute Doplnite\u013en\u00e1 Jednorazov\u00e1 Vape Ve\u013ekoobchodn\u00e1 Cena"},"content":{"rendered":"<div class=\"B2VR9 CJHX3e\">\n<div class=\"wyccme\">\n<h1 class=\"LC20lb MBeuO DKV0Md\">WGA 30000 \u0164ahov Dvojit\u00e9 Pr\u00edchute Doplnite\u013en\u00e1 Jednorazov\u00e1 Vape Ve\u013ekoobchodn\u00e1 Cena<\/h1>\n<div class=\"flex-shrink-0 flex flex-col relative items-end\">\n<div class=\"pt-0\">\n<div class=\"gizmo-bot-avatar flex h-8 w-8 items-center justify-center overflow-hidden rounded-full\">\n<div class=\"relative p-1 rounded-sm flex items-center justify-center bg-token-main-surface-primary text-token-text-primary h-8 w-8\">\n<p>The <strong>WGA 30000 Pufov Dvojit\u00e9 pr\u00edchute N\u00e1pl\u0148ovate\u013en\u00e1 Jednorazov\u00e1 Vape<\/strong>, revolu\u010dn\u00e9 zariadenie navrhnut\u00e9 pre vapery h\u013eadaj\u00facich bezkonkuren\u010dn\u00fa v\u0161estrannos\u0165 a v\u00fdkon. S kapacitou <strong>30 000 potiahnut\u00ed<\/strong>, t\u00e1to vape pon\u00faka neuverite\u013ene dlh\u00fa v\u00fddr\u017e, ide\u00e1lne pre dlhodob\u00e9 pou\u017e\u00edvanie alebo ve\u013ekoobchodn\u00e9 n\u00e1kupy. The <strong>syst\u00e9m dvoch pr\u00edchut\u00ed<\/strong> umo\u017e\u0148uje pou\u017e\u00edvate\u013eom plynulo prep\u00edna\u0165 medzi dvoma pr\u00edchu\u0165ami, poskytuj\u00fac dynamick\u00fd z\u00e1\u017eitok z vapovania, ktor\u00fd nikdy nie je monot\u00f3nny. Ka\u017ed\u00e9 zariadenie m\u00e1 <strong>2ml predplnen\u00fa e-liquid kapacitu<\/strong> , spolu s \u010fal\u0161\u00edm <strong>20ml n\u00e1pl\u0148ov\u00fdm priestorom<\/strong>, zabezpe\u010duj\u00fac flexibilitu a lep\u0161iu kontrolu chuti. Poh\u00e1\u0148an\u00e9 <strong>650mAh nab\u00edjate\u013enou bat\u00e9riou typu-C<\/strong> a vybaven\u00fd <strong>mesh cievkou<\/strong>, toto zariadenie poskytuje konzistentn\u00fd, hladk\u00fd par s optim\u00e1lnou chu\u0165ou.<\/p>\n<p>The <strong>WGA 30k vape<\/strong> je navrhnut\u00e9 pre pohodlie a funk\u010dnos\u0165, s <strong>Vstavan\u00fd<\/strong> ktor\u00e9 v\u00e1s informuje o \u00farovni bat\u00e9rie a e-liquidu. S <strong>silou nikot\u00ednu 2%<\/strong>, vyhovuje t\u00fdm, ktor\u00ed h\u013eadaj\u00fa n\u00edzkotukov\u00fa, uspokojiv\u00fa mo\u017enos\u0165 vapovania. Vyberte si z <strong>15+ pr\u00e9miov\u00fdch pr\u00edchut\u00ed<\/strong>, z ktor\u00fdch ka\u017ed\u00e1 je navrhnut\u00e1 tak, aby poskytla v\u00fdnimo\u010dn\u00fd chu\u0165ov\u00fd z\u00e1\u017eitok. Ide\u00e1lne pre ve\u013ekoobchodn\u00fdch kupuj\u00facich alebo individu\u00e1lnych pou\u017e\u00edvate\u013eov, tento wga 30k <strong>smart jednorazov\u00fd vape<\/strong> sp\u00e1ja \u0161t\u00fdl, inov\u00e1cie a v\u00fdkon pre zv\u00fd\u0161en\u00fa vapov\u00fa cestu.<\/p>\n<\/div>\n<\/div>\n<\/div>\n<\/div>\n<\/div>\n<\/div>\n<p><strong>Kontaktujte Amy pre spr\u00e1vnu odpove\u010f a vape kup\u00f3n!<\/strong><\/p>\n<p><img loading=\"lazy\" decoding=\"async\" class=\"size-full wp-image-1978\" src=\"https:\/\/rmvapesale.com\/wp-content\/uploads\/2024\/09\/Disposable-Vape-Wholesale.jpg\" alt=\"Jednorazov\u00fd vape ve\u013ekoobchod\" width=\"229\" height=\"300\" \/><\/p>\n<h3><a href=\"https:\/\/wa.me\/8617776015835\" target=\"_blank\" rel=\"noopener\"><span style=\"color: #ff0000\"><strong>WhatsApp: +86 17776015835<\/strong><\/span><\/a><\/h3>\n<p>&nbsp;<\/p>\n<h2><\/h2>\n<h2><strong>WGA 30000 Puffs K\u013e\u00fa\u010dov\u00e9 vlastnosti<\/strong><\/h2>\n<ul>\n<li>A\u017e do <strong>30 000 potiahnut\u00ed<\/strong> pre dlhodob\u00e9 pou\u017e\u00edvanie<\/li>\n<li><strong>Dvojz\u00e1palov\u00fd syst\u00e9m<\/strong> pre dynamick\u00fd a prisp\u00f4sobite\u013en\u00fd z\u00e1\u017eitok<\/li>\n<li><strong>650mAh nab\u00edjate\u013enou bat\u00e9riou typu-C<\/strong> zabezpe\u010duje r\u00fdchle nab\u00edjanie<\/li>\n<li><strong>LED displeji<\/strong> ukazuje \u00farove\u0148 bat\u00e9rie a e-liquidu<\/li>\n<li>Obsahuje <strong>2ml+20ml plniaceho e-liquidu<\/strong> pre v\u00e4\u010d\u0161iu flexibilitu<\/li>\n<\/ul>\n<h2><strong>Top pr\u00edchu\u0165 pre WGA 30K<\/strong><\/h2>\n<p>1. Glacier Mint + Triple Menthol<br \/>\n2. Limon Lime + Lemon Slush<br \/>\n3. Fizzzy Cherry + \u010cere\u0161\u0148a R\u00edbez\u013ea <span style=\"color: #ff0000\"><strong>&gt;&gt;&gt;&gt; Hor\u00face!<\/strong><\/span><br \/>\n4. Mel\u00f3n Ice + Dvojit\u00e1 Jablko<br \/>\n5. Anan\u00e1s Ice + \u0160\u0165avnat\u00e9 Mango<br \/>\n6. Gummy Bear + Skittles<br \/>\n7. Blue Razz \u010cere\u0161\u0148a + Skittles<br \/>\n8. Mr Blue + Modr\u00fd Kysl\u00fd R\u00edbez\u013ea <span style=\"color: #ff0000\"><strong>&gt;&gt;&gt;&gt; Hor\u00face!<\/strong><\/span><br \/>\n9. Sakura Hrozno + Hrozno Gumy Bear<br \/>\n10. \u010cu\u010doriedka R\u00edbez\u013ea Vi\u0161e\u0148 + \u010cu\u010doriedka Jahoda Cranbery<br \/>\n11. \u0160\u0165avnat\u00e1 Marhu\u013ea + Mango Marhu\u013ea Mel\u00f3n<br \/>\n12. Jahoda R\u00edbez\u013ea Ice + Jahoda Skittles <span style=\"color: #ff0000\"><strong>&gt;&gt;&gt;&gt; Najlep\u0161ie!<\/strong><\/span><br \/>\n13. \u010cu\u010doriedka Ice + Jahoda Ice<br \/>\n14. Marhu\u013ea Guava Jahoda + \u0160\u0165avnat\u00e1 Marhu\u013ea<br \/>\n15. Modr\u00fd \u0160\u013eaha\u010d + Ru\u017eov\u00fd \u0160\u013eaha\u010d<\/p>\n<p>&nbsp;<\/p>\n<h3><strong>Pre\u010do si vybra\u0165 Rmvapesale pre WGA 30000 Pufov <\/strong><strong>V<\/strong><strong>Ve\u013ekoobchod s vape<\/strong><strong>?<\/strong><\/h3>\n<div class=\"flex-shrink-0 flex flex-col relative items-end\">\n<div class=\"pt-0\">\n<div class=\"gizmo-bot-avatar flex h-8 w-8 items-center justify-center overflow-hidden rounded-full\">\n<div class=\"relative p-1 rounded-sm flex items-center justify-center bg-token-main-surface-primary text-token-text-primary h-8 w-8\">\n<p>Vitajte v Rmvapesale, va\u0161om d\u00f4veryhodnom obchode s vape pre pr\u00e9miov\u00e9 jednorazov\u00e9 vapy. S viac ako 5 ro\u010dn\u00fdmi sk\u00fasenos\u0165ami v\u00e1m prin\u00e1\u0161ame popul\u00e1rne zna\u010dky jednorazov\u00fdch vape ako Al Fakher, Vapme Vape, <a href=\"https:\/\/rmvapesale.com\/sk\/product-category\/bang-vapes\/\">Bang Vape<\/a>, Waspe, WGA Vape a<a href=\"https:\/\/rmvapesale.com\/sk\/product-category\/randm-fumot-vape\/\"> RandM Vape<\/a>.<\/p>\n<p>N\u00e1\u0161 sortiment zah\u0155\u0148a popul\u00e1rne jednorazov\u00e9 vapky ako <a href=\"https:\/\/rmvapesale.com\/sk\/product\/randm-tornado-15000-puffs-vape-wholesale\/\">RandM Tornado 15000<\/a> a chu\u0165ovo bohat\u00e9 mo\u017enosti ako Vapme 70000. Ka\u017ed\u00fd produkt je vybran\u00fd so zameran\u00edm na kvalitu, hodnotu a rozmanitos\u0165, \u010d\u00edm zabezpe\u010dujeme, \u017ee n\u00e1jdete perfektn\u00fa zhodu pre va\u0161e potreby. Objavte v\u00fdnimo\u010dn\u00fd servis a \u0161irok\u00fd sortiment \u0161pi\u010dkov\u00fdch produktov na Rmvapesale.<\/p>\n<\/div>\n<h3><\/h3>\n<div class=\"relative p-1 rounded-sm flex items-center justify-center bg-token-main-surface-primary text-token-text-primary h-8 w-8\">\n<h3><b> \u010cast\u00e9 ot\u00e1zky pre <\/b><b>WGA 30K Dob\u00edjate\u013en\u00e1 Jednorazov\u00e1 Vape<\/b><\/h3>\n<div class=\"group\/conversation-turn relative flex w-full min-w-0 flex-col agent-turn\">\n<div class=\"flex-col gap-1 md:gap-3\">\n<div class=\"flex max-w-full flex-col flex-grow\">\n<div class=\"min-h-8 text-message flex w-full flex-col items-end gap-2 whitespace-normal break-words [.text-message+&amp;]:mt-5\" dir=\"auto\" data-message-author-role=\"assistant\" data-message-id=\"00c9b302-bc9c-4550-94ba-5a295efa2be3\" data-message-model-slug=\"gpt-4o\">\n<div class=\"flex w-full flex-col gap-1 empty:hidden first:pt-[3px]\">\n<div class=\"markdown prose w-full break-words dark:prose-invert light\">\n<div class=\"flex-shrink-0 flex flex-col relative items-end\">\n<div>\n<div class=\"pt-0\">\n<div class=\"gizmo-bot-avatar flex h-8 w-8 items-center justify-center overflow-hidden rounded-full\">\n<div class=\"relative p-1 rounded-sm flex items-center justify-center bg-token-main-surface-primary text-token-text-primary h-8 w-8\">\n<div class=\"flex-shrink-0 flex flex-col relative items-end\">\n<div>\n<div class=\"pt-0\">\n<div class=\"gizmo-bot-avatar flex h-8 w-8 items-center justify-center overflow-hidden rounded-full\">\n<div class=\"relative p-1 rounded-sm flex items-center justify-center bg-token-main-surface-primary text-token-text-primary h-8 w-8\">\n<ul>\n<li><strong>Kde k\u00fapi\u0165 WGA 30k vape za ve\u013ekoobchodn\u00fa cenu na Slovensku<\/strong><br \/>\nM\u00f4\u017eete si zak\u00fapi\u0165 <strong>WGA 30k vape<\/strong> za ve\u013ekoobchodn\u00e9 ceny prostredn\u00edctvom renomovan\u00fdch online predajcov a distrib\u00fatorov vapingu, ktor\u00ed zasielaj\u00fa na Slovensko. Uistite sa, \u017ee si vyber\u00e1te d\u00f4veryhodn\u00fdch dod\u00e1vate\u013eov \u0161pecializuj\u00facich sa na <strong>ve\u013ekoobchod s vapkami<\/strong> pre autentick\u00e9 produkty.<\/li>\n<li><strong>Ko\u013eko potiahnut\u00ed poskytuje vaporiz\u00e9r WGA 30k potiahnut\u00ed?<\/strong><br \/>\nThe <strong>WGA 30k vape<\/strong> poskytuje p\u00f4sobiv\u00e9 <strong>30 000 potiahnut\u00ed<\/strong>, \u010do ho rob\u00ed ide\u00e1lnym pre dlhodob\u00e9 pou\u017e\u00edvanie a ve\u013ekoobchodn\u00fdch kupuj\u00facich.<\/li>\n<li><strong>Ako dlho vydr\u017e\u00ed popul\u00e1rna jednorazov\u00e1 vape pero WGA 30000?<\/strong><br \/>\n\u017divotnos\u0165 <strong>WGA 30000 vape pera<\/strong> z\u00e1vis\u00ed od individu\u00e1lnych n\u00e1vykov pou\u017e\u00edvania. Priemern\u00ed be\u017en\u00ed pou\u017e\u00edvatelia m\u00f4\u017eu zisti\u0165, \u017ee vydr\u017e\u00ed medzi <strong>2 a\u017e 4 t\u00fd\u017ed\u0148ami<\/strong>.<\/li>\n<li><strong>Ak\u00e9 s\u00fa ob\u013e\u00faben\u00e9 pr\u00edchute pre WGA 30k Puff jednorazov\u00fa vape krabicu?<\/strong><br \/>\nOb\u013e\u00faben\u00e9 pr\u00edchute pre <strong>WGA 30k vape<\/strong> zah\u0155\u0148aj\u00fa <strong>Modr\u00e1 Malina \u013dad<\/strong>, <strong>Jahodov\u00fd ban\u00e1n<\/strong>, <strong>Chladn\u00e1 m\u00e4ta<\/strong>, a \u010fal\u0161ie v\u00fdbery z <strong>15+ pr\u00e9miov\u00fdch pr\u00edchut\u00ed<\/strong> dostupn\u00e9.<\/li>\n<li><strong>Ako dlho trv\u00e1 nab\u00edjanie dob\u00edjacieho vaporiz\u00e9ra WGA LEGEND ULTRA 30K Puffs?<\/strong><br \/>\nThe <strong>WGA LEGEND ULTRA 30k<\/strong> vaporiz\u00e9r m\u00e1 <strong>650mAh nab\u00edjate\u013enou bat\u00e9riou typu-C<\/strong>, \u010do zvy\u010dajne trv\u00e1 pribli\u017ene <strong>45 min\u00fat a\u017e 1 hodinu<\/strong> na \u00fapln\u00e9 nabitie.<\/li>\n<li><strong>Ko\u013eko nikot\u00ednu je v WGA LEGEND ULTRA 30000 jednorazovom vaporiz\u00e9ri?<\/strong><br \/>\nThe <strong>WGA LEGEND ULTRA 30000 vaporiz\u00e9r<\/strong> obsahuje <strong>silou nikot\u00ednu 2%<\/strong>, ktor\u00fd pon\u00faka uspokojiv\u00fd, ale n\u00edzkonikot\u00ednov\u00fd z\u00e1\u017eitok.<\/li>\n<\/ul>\n<\/div>\n<\/div>\n<\/div>\n<\/div>\n<\/div>\n<\/div>\n<\/div>\n<\/div>\n<\/div>\n<\/div>\n<div class=\"group\/conversation-turn relative flex w-full min-w-0 flex-col agent-turn\">\n<div class=\"flex-col gap-1 md:gap-3\">\n<div class=\"flex max-w-full flex-col flex-grow\">\n<div class=\"min-h-8 text-message flex w-full flex-col items-end gap-2 whitespace-normal break-words [.text-message+&amp;]:mt-5\" dir=\"auto\" data-message-author-role=\"assistant\" data-message-id=\"a3dc01bd-23b0-4fd7-bb9a-7827522cefd8\" data-message-model-slug=\"gpt-4o\">\n<div class=\"flex w-full flex-col gap-1 empty:hidden first:pt-[3px]\"><\/div>\n<\/div>\n<\/div>\n<\/div>\n<\/div>\n<\/div>\n<\/div>\n<\/div>\n<\/div>\n<\/div>\n<\/div>\n<\/div>\n<\/div>\n<\/div>\n<\/div>\n<h3>O doru\u010den\u00ed<\/h3>\n<div class=\"flex-shrink-0 flex flex-col relative items-end\">\n<div>\n<div class=\"pt-0\">\n<div class=\"gizmo-bot-avatar flex h-8 w-8 items-center justify-center overflow-hidden rounded-full\">\n<div><\/div>\n<div class=\"relative p-1 rounded-sm flex items-center justify-center bg-token-main-surface-primary text-token-text-primary h-8 w-8\"><strong>1. Ak\u00e9 sp\u00f4soby doru\u010denia pou\u017e\u00edvate?<\/strong><\/div>\n<\/div>\n<\/div>\n<\/div>\n<\/div>\n<div class=\"group\/conversation-turn relative flex w-full min-w-0 flex-col agent-turn\">\n<div class=\"flex-col gap-1 md:gap-3\">\n<div class=\"flex max-w-full flex-col flex-grow\">\n<div class=\"min-h-[20px] text-message flex w-full flex-col items-end gap-2 whitespace-normal break-words [.text-message+&amp;]:mt-5 overflow-x-auto\" dir=\"auto\" data-message-author-role=\"assistant\" data-message-id=\"22f8283b-3233-46ff-89a5-c7a41b33abda\">\n<div class=\"flex w-full flex-col gap-1 empty:hidden first:pt-[3px]\">\n<div class=\"markdown prose w-full break-words dark:prose-invert light\">\n<p>Spolupracujeme so spolo\u010dnos\u0165ami UPS, DHL, FedEx, DPD a \u010fal\u0161\u00edmi popredn\u00fdmi dopravcami. Vyberieme najlep\u0161\u00ed sp\u00f4sob doru\u010denia na z\u00e1klade va\u0161ej adresy, aby sme zaistili, \u017ee svoje produkty dostanete \u010do najr\u00fdchlej\u0161ie.<\/p>\n<\/div>\n<p><strong>2. Ako dlho trv\u00e1 doru\u010denie?<\/strong><\/p>\n<p>Bal\u00edky doru\u010dovan\u00e9 na Slovensko zvy\u010dajne dorazia do 10 pracovn\u00fdch dn\u00ed. Doru\u010denie do eur\u00f3pskych kraj\u00edn zvy\u010dajne trv\u00e1 asi 12-15 pracovn\u00fdch dn\u00ed. Budeme v\u00e1s informova\u0165 o stave doru\u010denia v re\u00e1lnom \u010dase.<\/p>\n<\/div>\n<\/div>\n<\/div>\n<\/div>\n<\/div>\n<p>&nbsp;<\/p>\n<p>N\u00e1jdite \u010fal\u0161ie vape produkty, ktor\u00e9 by sa v\u00e1m mohli p\u00e1\u010di\u0165:<strong><em><a href=\"https:\/\/rmvapesale.com\/sk\/shop-2\/\">nakupova\u0165 teraz &gt;&gt;&gt;<\/a><\/em><\/strong><\/p>","protected":false},"excerpt":{"rendered":"<p>The <strong>WGA 30000 Pufov Dvojit\u00e9 pr\u00edchute N\u00e1pl\u0148ovate\u013en\u00e1 Jednorazov\u00e1 Vape<\/strong>, revolu\u010dn\u00e9 zariadenie navrhnut\u00e9 pre vapery h\u013eadaj\u00facich bezkonkuren\u010dn\u00fa v\u0161estrannos\u0165 a v\u00fdkon. S kapacitou <strong>30 000 pufov.<\/strong><\/p>\n<p><img loading=\"lazy\" decoding=\"async\" class=\"size-full wp-image-2375\" src=\"https:\/\/rmvapesale.com\/wp-content\/uploads\/2024\/10\/image.png\" alt=\"Najlep\u0161\u00ed jednorazov\u00fd vape\" width=\"229\" height=\"300\" \/><\/p>\n<h3><a href=\"https:\/\/wa.me\/8617776015835\"><span style=\"color: #ff0000\"><strong>WhatsApp: +86 17776015835<\/strong><\/span><\/a><\/h3>\n<p>&nbsp;<\/p>","protected":false},"featured_media":2796,"comment_status":"open","ping_status":"closed","template":"","meta":{"_uag_custom_page_level_css":"","_lmt_disableupdate":"no","_lmt_disable":"","site-sidebar-layout":"default","site-content-layout":"content-boxed-container","ast-site-content-layout":"normal-width-container","site-content-style":"boxed","site-sidebar-style":"unboxed","ast-global-header-display":"","ast-banner-title-visibility":"","ast-main-header-display":"","ast-hfb-above-header-display":"","ast-hfb-below-header-display":"","ast-hfb-mobile-header-display":"","site-post-title":"","ast-breadcrumbs-content":"","ast-featured-img":"","footer-sml-layout":"","theme-transparent-header-meta":"default","adv-header-id-meta":"","stick-header-meta":"","header-above-stick-meta":"","header-main-stick-meta":"","header-below-stick-meta":"","astra-migrate-meta-layouts":"set","ast-page-background-enabled":"default","ast-page-background-meta":{"desktop":{"background-color":"var(--ast-global-color-4)","background-image":"","background-repeat":"repeat","background-position":"center center","background-size":"auto","background-attachment":"scroll","background-type":"","background-media":"","overlay-type":"","overlay-color":"","overlay-opacity":"","overlay-gradient":""},"tablet":{"background-color":"","background-image":"","background-repeat":"repeat","background-position":"center center","background-size":"auto","background-attachment":"scroll","background-type":"","background-media":"","overlay-type":"","overlay-color":"","overlay-opacity":"","overlay-gradient":""},"mobile":{"background-color":"","background-image":"","background-repeat":"repeat","background-position":"center center","background-size":"auto","background-attachment":"scroll","background-type":"","background-media":"","overlay-type":"","overlay-color":"","overlay-opacity":"","overlay-gradient":""}},"ast-content-background-meta":{"desktop":{"background-color":"var(--ast-global-color-5)","background-image":"","background-repeat":"repeat","background-position":"center center","background-size":"auto","background-attachment":"scroll","background-type":"","background-media":"","overlay-type":"","overlay-color":"","overlay-opacity":"","overlay-gradient":""},"tablet":{"background-color":"var(--ast-global-color-5)","background-image":"","background-repeat":"repeat","background-position":"center center","background-size":"auto","background-attachment":"scroll","background-type":"","background-media":"","overlay-type":"","overlay-color":"","overlay-opacity":"","overlay-gradient":""},"mobile":{"background-color":"var(--ast-global-color-5)","background-image":"","background-repeat":"repeat","background-position":"center center","background-size":"auto","background-attachment":"scroll","background-type":"","background-media":"","overlay-type":"","overlay-color":"","overlay-opacity":"","overlay-gradient":""}},"_joinchat":[]},"product_brand":[],"product_cat":[15,25,123,26,28,135,27,137,136,30],"product_tag":[229,232,69],"class_list":{"0":"post-2799","1":"product","2":"type-product","3":"status-publish","4":"has-post-thumbnail","6":"product_cat-new-vape-this-week","7":"product_cat-germany-best-selling-vape","8":"product_cat-italy-wholesale-vape","9":"product_cat-netherlands-hot-sale-vape","10":"product_cat-poland-hot-sale-vape","11":"product_cat-spain-best-hot-sale-vape","12":"product_cat-fance-hot-sale-vape","13":"product_cat-rechargeable-vapes","14":"product_cat-smart-screen-vapes","15":"product_cat-minimum-order-quantity-50pcs","16":"product_tag-smart-disposable-vapes","17":"product_tag-wga-30k","18":"product_tag-wga-vape","19":"desktop-align-left","20":"tablet-align-left","21":"mobile-align-left","23":"first","24":"instock","25":"sale","26":"shipping-taxable","27":"purchasable","28":"product-type-simple"},"uagb_featured_image_src":{"full":["https:\/\/rmvapesale.com\/wp-content\/uploads\/2024\/11\/WGA-Legend-Ultra-30000-Disposable-Vape.jpg",1126,1126,false],"thumbnail":["https:\/\/rmvapesale.com\/wp-content\/uploads\/2024\/11\/WGA-Legend-Ultra-30000-Disposable-Vape-150x150.jpg",150,150,true],"medium":["https:\/\/rmvapesale.com\/wp-content\/uploads\/2024\/11\/WGA-Legend-Ultra-30000-Disposable-Vape-300x300.jpg",300,300,true],"medium_large":["https:\/\/rmvapesale.com\/wp-content\/uploads\/2024\/11\/WGA-Legend-Ultra-30000-Disposable-Vape-768x768.jpg",768,768,true],"large":["https:\/\/rmvapesale.com\/wp-content\/uploads\/2024\/11\/WGA-Legend-Ultra-30000-Disposable-Vape-1024x1024.jpg",1024,1024,true],"1536x1536":["https:\/\/rmvapesale.com\/wp-content\/uploads\/2024\/11\/WGA-Legend-Ultra-30000-Disposable-Vape.jpg",1126,1126,false],"2048x2048":["https:\/\/rmvapesale.com\/wp-content\/uploads\/2024\/11\/WGA-Legend-Ultra-30000-Disposable-Vape.jpg",1126,1126,false],"trp-custom-language-flag":["https:\/\/rmvapesale.com\/wp-content\/uploads\/2024\/11\/WGA-Legend-Ultra-30000-Disposable-Vape.jpg",12,12,false],"woocommerce_thumbnail":["https:\/\/rmvapesale.com\/wp-content\/uploads\/2024\/11\/WGA-Legend-Ultra-30000-Disposable-Vape-300x300.jpg",300,300,true],"woocommerce_single":["https:\/\/rmvapesale.com\/wp-content\/uploads\/2024\/11\/WGA-Legend-Ultra-30000-Disposable-Vape-600x600.jpg",600,600,true],"woocommerce_gallery_thumbnail":["https:\/\/rmvapesale.com\/wp-content\/uploads\/2024\/11\/WGA-Legend-Ultra-30000-Disposable-Vape-100x100.jpg",100,100,true],"wcpr-photo-reviews":["https:\/\/rmvapesale.com\/wp-content\/uploads\/2024\/11\/WGA-Legend-Ultra-30000-Disposable-Vape.jpg",500,500,false]},"uagb_author_info":{"display_name":"AMY","author_link":"https:\/\/rmvapesale.com\/sk\/author\/"},"uagb_comment_info":0,"uagb_excerpt":"The WGA 30000 Puffs Double Flavors Refillable Disposable Vape, a revolutionary device designed for vapers seeking unmatched versatility and performance. With a capacity of 30,000 puffs. WhatsApp: +86 17776015835 &nbsp;","_links":{"self":[{"href":"https:\/\/rmvapesale.com\/sk\/wp-json\/wp\/v2\/product\/2799","targetHints":{"allow":["GET"]}}],"collection":[{"href":"https:\/\/rmvapesale.com\/sk\/wp-json\/wp\/v2\/product"}],"about":[{"href":"https:\/\/rmvapesale.com\/sk\/wp-json\/wp\/v2\/types\/product"}],"replies":[{"embeddable":true,"href":"https:\/\/rmvapesale.com\/sk\/wp-json\/wp\/v2\/comments?post=2799"}],"wp:featuredmedia":[{"embeddable":true,"href":"https:\/\/rmvapesale.com\/sk\/wp-json\/wp\/v2\/media\/2796"}],"wp:attachment":[{"href":"https:\/\/rmvapesale.com\/sk\/wp-json\/wp\/v2\/media?parent=2799"}],"wp:term":[{"taxonomy":"product_brand","embeddable":true,"href":"https:\/\/rmvapesale.com\/sk\/wp-json\/wp\/v2\/product_brand?post=2799"},{"taxonomy":"product_cat","embeddable":true,"href":"https:\/\/rmvapesale.com\/sk\/wp-json\/wp\/v2\/product_cat?post=2799"},{"taxonomy":"product_tag","embeddable":true,"href":"https:\/\/rmvapesale.com\/sk\/wp-json\/wp\/v2\/product_tag?post=2799"}],"curies":[{"name":"wp","href":"https:\/\/api.w.org\/{rel}","templated":true}]}}