{"id":2820,"date":"2024-11-30T03:54:20","date_gmt":"2024-11-30T03:54:20","guid":{"rendered":"https:\/\/rmvapesale.com\/?post_type=product&#038;p=2820"},"modified":"2024-11-30T07:30:19","modified_gmt":"2024-11-30T07:30:19","slug":"bang-32000-puffs-rechargeable-disposable-box-vape-wholesale-double-flavor-switching","status":"publish","type":"product","link":"https:\/\/rmvapesale.com\/sk\/product\/bang-32000-puffs-rechargeable-disposable-box-vape-wholesale-double-flavor-switching\/","title":{"rendered":"Bang 32000 \u0164ahov Nab\u00edjate\u013en\u00e1 Jednorazov\u00e1 Krabi\u010dka Vape Ve\u013ekoobchod Prep\u00ednanie Dvojitej Pr\u00edchute"},"content":{"rendered":"<div class=\"B2VR9 CJHX3e\">\n<div class=\"wyccme\">\n<h1 class=\"LC20lb MBeuO DKV0Md\">Bang 32000 \u0164ahov Nab\u00edjate\u013en\u00e1 Jednorazov\u00e1 Krabi\u010dka Vape Ve\u013ekoobchod Prep\u00ednanie Dvojitej Pr\u00edchute<\/h1>\n<div class=\"flex-shrink-0 flex flex-col relative items-end\">\n<div class=\"pt-0\">\n<div class=\"gizmo-bot-avatar flex h-8 w-8 items-center justify-center overflow-hidden rounded-full\">\n<div class=\"relative p-1 rounded-sm flex items-center justify-center bg-token-main-surface-primary text-token-text-primary h-8 w-8\">\n<p>The <strong>Bang 32000 Puffs Rechargeable Disposable Box Vape<\/strong>, navrhnut\u00fd pre pohodlie, v\u0161estrannos\u0165 a dlhotrvaj\u00face uspokojenie. Toto inovat\u00edvne zariadenie nanovo definuje jednorazov\u00e9 vapy, pon\u00faka pozoruhodn\u00fa kapacitu 32 000 po\u0165ahov v\u010faka svojim dvojit\u00fdm 26ml n\u00e1dr\u017ek\u00e1m na e-liquid, u\u017eijete si pred\u013a\u017een\u00fa cestu vapovan\u00edm bez probl\u00e9mov s \u010dastou v\u00fdmenou.<\/p>\n<p>Jednou z jeho v\u00fdnimo\u010dn\u00fdch vlastnost\u00ed je <strong>technol\u00f3gia prep\u00ednania dvojit\u00fdch pr\u00edchut\u00ed<\/strong>, ktor\u00e1 pou\u017e\u00edvate\u013eom umo\u017e\u0148uje plynulo prep\u00edna\u0165 medzi dvoma pr\u00edchu\u0165ami v r\u00e1mci toho ist\u00e9ho zariadenia. T\u00e1to jedine\u010dn\u00e1 funkcia zais\u0165uje rozmanitos\u0165 pri ka\u017edom po\u0165ahu, v\u010faka \u010domu je ide\u00e1lna pre t\u00fdch, ktor\u00ed si radi menia svoje sk\u00fasenosti s vapovan\u00edm na cest\u00e1ch. T\u00fato v\u0161estrannos\u0165 dop\u013a\u0148a mo\u017enos\u0165 prisp\u00f4sobi\u0165 si silu nikot\u00ednu, s mo\u017enos\u0165ami od 0 % do 5 %, \u010do uspokoj\u00ed pou\u017e\u00edvate\u013eov bez nikot\u00ednu aj t\u00fdch, ktor\u00ed h\u013eadaj\u00fa silnej\u0161ie d\u00e1vky.<\/p>\n<p>S <strong>12 l\u00e1kav\u00fdch pr\u00edchut\u00ed na v\u00fdber<\/strong>, je tu nie\u010do pre ka\u017ed\u00e9ho. \u010ci u\u017e preferujete ovocn\u00e9, mentolov\u00e9 alebo dezertn\u00e9 profily, toto zariadenie zais\u0165uje personalizovan\u00fd z\u00e1\u017eitok z vapovania, ktor\u00fd nikdy nebude monot\u00f3nny. Jeho elegantn\u00fd a prenosn\u00fd dizajn v kombin\u00e1cii so spo\u013eahliv\u00fdm v\u00fdkonom z neho rob\u00ed vynikaj\u00facu vo\u013ebu pre osobn\u00e9 pou\u017eitie aj pre ve\u013ekoobchodn\u00e9 trhy. Predajcovia ocenia aj jeho p\u00fatav\u00e9 balenie, v\u010faka ktor\u00e9mu je dokonal\u00fdm doplnkom k akejko\u013evek <strong>displejovej vape<\/strong> ponuke.<\/p>\n<p>\u010ci u\u017e h\u013ead\u00e1te nab\u00edjate\u013en\u00e9<strong>\u00a0jednorazov\u00fd vape<\/strong> ktor\u00e9 vyva\u017euje \u0161t\u00fdl a podstatu, alebo a <strong>jednorazov\u00fd vape s n\u00edzkym obsahom nikot\u00ednu<\/strong> ktor\u00e9 vyhovuje \u0161pecifick\u00fdm preferenci\u00e1m, <strong>Bang 32000 Puffs Rechargeable Disposable Box Vape<\/strong> je va\u0161e rie\u0161enie. Ide\u00e1lne pre <strong>ve\u013ekoobchod s vapkami<\/strong> distrib\u00fatorov a individu\u00e1lnych pou\u017e\u00edvate\u013eov, toto zariadenie kombinuje inov\u00e1cie, pohodlie a vynikaj\u00faci v\u00fdkon v jednom v\u0161estrannom balen\u00ed.<\/p>\n<\/div>\n<\/div>\n<\/div>\n<\/div>\n<\/div>\n<\/div>\n<p><strong>Kontaktujte Amy pre spr\u00e1vnu odpove\u010f a vape kup\u00f3n!<\/strong><\/p>\n<p><img loading=\"lazy\" decoding=\"async\" class=\"size-full wp-image-1978\" src=\"https:\/\/rmvapesale.com\/wp-content\/uploads\/2024\/09\/Disposable-Vape-Wholesale.jpg\" alt=\"Jednorazov\u00fd vape ve\u013ekoobchod\" width=\"229\" height=\"300\" \/><\/p>\n<h3><a href=\"https:\/\/wa.me\/8617776015835\" target=\"_blank\" rel=\"noopener\"><span style=\"color: #ff0000\"><strong>WhatsApp: +86 17776015835<\/strong><\/span><\/a><\/h3>\n<p>&nbsp;<\/p>\n<h2><\/h2>\n<h2><strong>K\u013e\u00fa\u010dov\u00e9 vlastnosti Bang 32000 Puffs<\/strong><\/h2>\n<ul>\n<li>A\u017e 32 000 po\u0165ahov s du\u00e1lnymi 26 ml puzdrami.<\/li>\n<li>Dvojit\u00e9 prep\u00ednanie pr\u00edchut\u00ed pre rozmanitos\u0165.<\/li>\n<li>Prisp\u00f4sobite\u013en\u00e9 hladiny nikot\u00ednu (0%-5%).<\/li>\n<li>Nab\u00edjate\u013en\u00e1 650 mAh bat\u00e9ria s portom Type-C.<\/li>\n<li>Vylep\u0161en\u00e1 chu\u0165 pomocou 1,0 ohmovej sie\u0165ovej cievky.<\/li>\n<\/ul>\n<h2><strong>Najlep\u0161ia pr\u00edchu\u0165 pre Bang 32k<\/strong><\/h2>\n<p>&nbsp;<\/p>\n<p>1.Vodn\u00fd mel\u00f3n \u013ead + \u010du\u010doriedkov\u00fd mint <span style=\"color: #ff0000\"><strong>&gt;&gt;&gt;&gt; Hor\u00face!<\/strong><\/span><br \/>\n2.Vodn\u00fd mel\u00f3n \u013ead + jahoda a mango<br \/>\n3.Jahoda a vodn\u00fd mel\u00f3n + kiwi, passion fruit, guava<br \/>\n4.Jahoda a vodn\u00fd mel\u00f3n + hroznov\u00fd \u013ead<br \/>\n5.\u010cu\u010doriedka malina + brosky\u0148a, mango, vodn\u00fd mel\u00f3n<br \/>\n6.\u010cu\u010doriedkov\u00fd vodn\u00fd mel\u00f3n + jahodov\u00e9 mango<br \/>\n7.\u010cu\u010doriedkov\u00fd \u013ead + \u010dierny drak \u013ead<br \/>\n8.\u010cu\u010doriedkov\u00fd \u013ead + jahoda a ban\u00e1n<br \/>\n9.Red Bull + \u010du\u010doriedkov\u00fd vodn\u00fd mel\u00f3n <span style=\"color: #ff0000\"><strong>&gt;&gt;&gt;&gt; Najlep\u0161ie!<\/strong><\/span><br \/>\n10.Red Bull + cukr\u00edk s pr\u00edchu\u0165ou vodn\u00e9ho mel\u00f3nu<br \/>\n11.Jahoda Kiwi + brosky\u0148ov\u00fd \u013ead<br \/>\n12.Jahoda Kiwi + kysl\u00e9 jablko, malina<\/p>\n<p>&nbsp;<\/p>\n<h3><strong>Pre\u010do si vybra\u0165 Rmvapesale pre Bang 32000 potiahnut\u00ed <\/strong><strong>V<\/strong><strong>Ve\u013ekoobchod s vape<\/strong><strong>?<\/strong><\/h3>\n<div class=\"flex-shrink-0 flex flex-col relative items-end\">\n<div class=\"pt-0\">\n<div class=\"gizmo-bot-avatar flex h-8 w-8 items-center justify-center overflow-hidden rounded-full\">\n<div class=\"relative p-1 rounded-sm flex items-center justify-center bg-token-main-surface-primary text-token-text-primary h-8 w-8\">\n<p>Vitajte v Rmvapesale, va\u0161om d\u00f4veryhodnom obchode s vape pre pr\u00e9miov\u00e9 jednorazov\u00e9 vapy. S viac ako 5 ro\u010dn\u00fdmi sk\u00fasenos\u0165ami v\u00e1m prin\u00e1\u0161ame popul\u00e1rne zna\u010dky jednorazov\u00fdch vape ako Al Fakher, Vapme Vape, <a href=\"https:\/\/rmvapesale.com\/sk\/product-category\/bang-vapes\/\">Bang Vape<\/a>, Waspe, WGA Vape a<a href=\"https:\/\/rmvapesale.com\/sk\/product-category\/randm-fumot-vape\/\"> RandM Vape<\/a>.<\/p>\n<p>N\u00e1\u0161 sortiment zah\u0155\u0148a popul\u00e1rne jednorazov\u00e9 vapky ako <a href=\"https:\/\/rmvapesale.com\/sk\/product\/randm-tornado-15000-puffs-vape-wholesale\/\">RandM Tornado 15000<\/a> a chu\u0165ovo bohat\u00e9 mo\u017enosti ako Vapme 70000. Ka\u017ed\u00fd produkt je vybran\u00fd so zameran\u00edm na kvalitu, hodnotu a rozmanitos\u0165, \u010d\u00edm zabezpe\u010dujeme, \u017ee n\u00e1jdete perfektn\u00fa zhodu pre va\u0161e potreby. Objavte v\u00fdnimo\u010dn\u00fd servis a \u0161irok\u00fd sortiment \u0161pi\u010dkov\u00fdch produktov na Rmvapesale.<\/p>\n<\/div>\n<h3><\/h3>\n<div class=\"relative p-1 rounded-sm flex items-center justify-center bg-token-main-surface-primary text-token-text-primary h-8 w-8\">\n<h3><b> \u010casto kladen\u00e9 ot\u00e1zky pre Bang 32<\/b><b>K nab\u00edjate\u013en\u00fd jednorazov\u00fd vape<\/b><\/h3>\n<div class=\"group\/conversation-turn relative flex w-full min-w-0 flex-col agent-turn\">\n<div class=\"flex-col gap-1 md:gap-3\">\n<div class=\"flex max-w-full flex-col flex-grow\">\n<div class=\"min-h-8 text-message flex w-full flex-col items-end gap-2 whitespace-normal break-words [.text-message+&amp;]:mt-5\" dir=\"auto\" data-message-author-role=\"assistant\" data-message-id=\"00c9b302-bc9c-4550-94ba-5a295efa2be3\" data-message-model-slug=\"gpt-4o\">\n<div class=\"flex w-full flex-col gap-1 empty:hidden first:pt-[3px]\">\n<div class=\"markdown prose w-full break-words dark:prose-invert light\">\n<div class=\"flex-shrink-0 flex flex-col relative items-end\">\n<div>\n<div class=\"pt-0\">\n<div class=\"gizmo-bot-avatar flex h-8 w-8 items-center justify-center overflow-hidden rounded-full\">\n<div class=\"relative p-1 rounded-sm flex items-center justify-center bg-token-main-surface-primary text-token-text-primary h-8 w-8\">\n<div class=\"flex-shrink-0 flex flex-col relative items-end\">\n<div>\n<div class=\"pt-0\">\n<div class=\"gizmo-bot-avatar flex h-8 w-8 items-center justify-center overflow-hidden rounded-full\">\n<div class=\"relative p-1 rounded-sm flex items-center justify-center bg-token-main-surface-primary text-token-text-primary h-8 w-8\">\n<p>&nbsp;<\/p>\n<p><strong>Ko\u013eko potiahnut\u00ed poskytuje Bang Box 32000?<\/strong><br \/>\nBang Box 32000 pon\u00faka p\u00f4sobiv\u00fdch 32 000 potiahnut\u00ed v\u010faka dvom 26ml e-liquid n\u00e1dr\u017ek\u00e1m, ktor\u00e9 zais\u0165uj\u00fa dlhotrvaj\u00facu spokojnos\u0165 pre pou\u017e\u00edvate\u013eov.<\/p>\n<p><strong>Ako dlho vydr\u017e\u00ed popul\u00e1rna jednorazov\u00e1 vape pen Bang Box 32K?<\/strong><br \/>\n\u017divotnos\u0165 Bang Box 32K z\u00e1vis\u00ed od zvyklost\u00ed pou\u017e\u00edvania. Pre stredne n\u00e1ro\u010dn\u00fdch pou\u017e\u00edvate\u013eov m\u00f4\u017ee vydr\u017ea\u0165 nieko\u013eko t\u00fd\u017ed\u0148ov, \u010do z neho rob\u00ed vynikaj\u00facu vo\u013ebu pre dlhodob\u00e9 pou\u017e\u00edvanie bez \u010dastej v\u00fdmeny.<\/p>\n<p><strong>Ak\u00e9 s\u00fa popul\u00e1rne pr\u00edchute pre jednorazov\u00fd vape Bang Vape 32000 Puffs?<\/strong><br \/>\nMedzi popul\u00e1rne pr\u00edchute patria ovocn\u00e9 zmesi ako Mango Ice, Lush Ice a Blueberry Raspberry, ako aj mo\u017enosti in\u0161pirovan\u00e9 dezertmi a osvie\u017euj\u00face mentolov\u00e9 varianty. Rozmanit\u00fd v\u00fdber pr\u00edchut\u00ed uspokoj\u00ed r\u00f4zne chu\u0165ov\u00e9 preferencie.<\/p>\n<p><strong>Ako dlho trv\u00e1 nab\u00edjanie dob\u00edjacieho vapa Bang Box 32K?<\/strong><br \/>\nNab\u00edjanie Bang Box 32K trv\u00e1 pribli\u017ene 1-2 hodiny pomocou nab\u00edjacieho portu Type-C, \u010do poskytuje spo\u013eahliv\u00fd v\u00fdkon pre nepreru\u0161ovan\u00e9 vapovacie sedenia.<\/p>\n<p><strong>Ko\u013eko nikot\u00ednu je v jednorazovom vape Bang 32000 Puffs?<\/strong><br \/>\nBang 32000 umo\u017e\u0148uje prisp\u00f4sobenie \u00farovne nikot\u00ednu, s mo\u017enos\u0165ami vr\u00e1tane 0%, 2%, 3% a 5%, v\u010faka \u010domu je vhodn\u00fd pre r\u00f4zne preferencie u\u017e\u00edvate\u013eov.<\/p>\n<\/div>\n<\/div>\n<\/div>\n<\/div>\n<\/div>\n<\/div>\n<\/div>\n<\/div>\n<\/div>\n<\/div>\n<div class=\"group\/conversation-turn relative flex w-full min-w-0 flex-col agent-turn\">\n<div class=\"flex-col gap-1 md:gap-3\">\n<div class=\"flex max-w-full flex-col flex-grow\">\n<div class=\"min-h-8 text-message flex w-full flex-col items-end gap-2 whitespace-normal break-words [.text-message+&amp;]:mt-5\" dir=\"auto\" data-message-author-role=\"assistant\" data-message-id=\"a3dc01bd-23b0-4fd7-bb9a-7827522cefd8\" data-message-model-slug=\"gpt-4o\">\n<div class=\"flex w-full flex-col gap-1 empty:hidden first:pt-[3px]\"><\/div>\n<\/div>\n<\/div>\n<\/div>\n<\/div>\n<\/div>\n<\/div>\n<\/div>\n<\/div>\n<\/div>\n<\/div>\n<\/div>\n<\/div>\n<\/div>\n<\/div>\n<h3>O doru\u010den\u00ed<\/h3>\n<div class=\"flex-shrink-0 flex flex-col relative items-end\">\n<div>\n<div class=\"pt-0\">\n<div class=\"gizmo-bot-avatar flex h-8 w-8 items-center justify-center overflow-hidden rounded-full\">\n<div><\/div>\n<div class=\"relative p-1 rounded-sm flex items-center justify-center bg-token-main-surface-primary text-token-text-primary h-8 w-8\"><strong>1. Ak\u00e9 sp\u00f4soby doru\u010denia pou\u017e\u00edvate?<\/strong><\/div>\n<\/div>\n<\/div>\n<\/div>\n<\/div>\n<div class=\"group\/conversation-turn relative flex w-full min-w-0 flex-col agent-turn\">\n<div class=\"flex-col gap-1 md:gap-3\">\n<div class=\"flex max-w-full flex-col flex-grow\">\n<div class=\"min-h-[20px] text-message flex w-full flex-col items-end gap-2 whitespace-normal break-words [.text-message+&amp;]:mt-5 overflow-x-auto\" dir=\"auto\" data-message-author-role=\"assistant\" data-message-id=\"22f8283b-3233-46ff-89a5-c7a41b33abda\">\n<div class=\"flex w-full flex-col gap-1 empty:hidden first:pt-[3px]\">\n<div class=\"markdown prose w-full break-words dark:prose-invert light\">\n<p>Spolupracujeme so spolo\u010dnos\u0165ami UPS, DHL, FedEx, DPD a \u010fal\u0161\u00edmi popredn\u00fdmi dopravcami. Vyberieme najlep\u0161\u00ed sp\u00f4sob doru\u010denia na z\u00e1klade va\u0161ej adresy, aby sme zaistili, \u017ee svoje produkty dostanete \u010do najr\u00fdchlej\u0161ie.<\/p>\n<\/div>\n<p><strong>2. Ako dlho trv\u00e1 doru\u010denie?<\/strong><\/p>\n<p>Bal\u00edky doru\u010dovan\u00e9 na Slovensko zvy\u010dajne dorazia do 10 pracovn\u00fdch dn\u00ed. Doru\u010denie do eur\u00f3pskych kraj\u00edn zvy\u010dajne trv\u00e1 asi 12-15 pracovn\u00fdch dn\u00ed. Budeme v\u00e1s informova\u0165 o stave doru\u010denia v re\u00e1lnom \u010dase.<\/p>\n<\/div>\n<\/div>\n<\/div>\n<\/div>\n<\/div>\n<p>&nbsp;<\/p>\n<p>N\u00e1jdite \u010fal\u0161ie vape produkty, ktor\u00e9 by sa v\u00e1m mohli p\u00e1\u010di\u0165:<strong><em><a href=\"https:\/\/rmvapesale.com\/sk\/shop-2\/\">nakupova\u0165 teraz &gt;&gt;&gt;<\/a><\/em><\/strong><\/p>","protected":false},"excerpt":{"rendered":"<p>Bang kingdoms 32k Puffs dual flavors Disposable<br \/>\nBang Vape 32000 Puffs Wholesale Disposable Vape<br \/>\nVe\u013ekoobchod s jednorazov\u00fdmi vape Bang 32000 Puffs z tov\u00e1rne<\/p>\n<p><img loading=\"lazy\" decoding=\"async\" class=\"size-full wp-image-2375\" src=\"https:\/\/rmvapesale.com\/wp-content\/uploads\/2024\/10\/image.png\" alt=\"Najlep\u0161\u00ed jednorazov\u00fd vape\" width=\"229\" height=\"300\" \/><\/p>\n<h3><a href=\"https:\/\/wa.me\/8617776015835\"><span style=\"color: #ff0000\"><strong>WhatsApp: +86 17776015835<\/strong><\/span><\/a><\/h3>\n<p>&nbsp;<\/p>","protected":false},"featured_media":2821,"comment_status":"open","ping_status":"closed","template":"","meta":{"_uag_custom_page_level_css":"","_lmt_disableupdate":"no","_lmt_disable":"","site-sidebar-layout":"default","site-content-layout":"content-boxed-container","ast-site-content-layout":"normal-width-container","site-content-style":"boxed","site-sidebar-style":"unboxed","ast-global-header-display":"","ast-banner-title-visibility":"","ast-main-header-display":"","ast-hfb-above-header-display":"","ast-hfb-below-header-display":"","ast-hfb-mobile-header-display":"","site-post-title":"","ast-breadcrumbs-content":"","ast-featured-img":"","footer-sml-layout":"","theme-transparent-header-meta":"default","adv-header-id-meta":"","stick-header-meta":"","header-above-stick-meta":"","header-main-stick-meta":"","header-below-stick-meta":"","astra-migrate-meta-layouts":"set","ast-page-background-enabled":"default","ast-page-background-meta":{"desktop":{"background-color":"var(--ast-global-color-4)","background-image":"","background-repeat":"repeat","background-position":"center center","background-size":"auto","background-attachment":"scroll","background-type":"","background-media":"","overlay-type":"","overlay-color":"","overlay-opacity":"","overlay-gradient":""},"tablet":{"background-color":"","background-image":"","background-repeat":"repeat","background-position":"center center","background-size":"auto","background-attachment":"scroll","background-type":"","background-media":"","overlay-type":"","overlay-color":"","overlay-opacity":"","overlay-gradient":""},"mobile":{"background-color":"","background-image":"","background-repeat":"repeat","background-position":"center center","background-size":"auto","background-attachment":"scroll","background-type":"","background-media":"","overlay-type":"","overlay-color":"","overlay-opacity":"","overlay-gradient":""}},"ast-content-background-meta":{"desktop":{"background-color":"var(--ast-global-color-5)","background-image":"","background-repeat":"repeat","background-position":"center center","background-size":"auto","background-attachment":"scroll","background-type":"","background-media":"","overlay-type":"","overlay-color":"","overlay-opacity":"","overlay-gradient":""},"tablet":{"background-color":"var(--ast-global-color-5)","background-image":"","background-repeat":"repeat","background-position":"center center","background-size":"auto","background-attachment":"scroll","background-type":"","background-media":"","overlay-type":"","overlay-color":"","overlay-opacity":"","overlay-gradient":""},"mobile":{"background-color":"var(--ast-global-color-5)","background-image":"","background-repeat":"repeat","background-position":"center center","background-size":"auto","background-attachment":"scroll","background-type":"","background-media":"","overlay-type":"","overlay-color":"","overlay-opacity":"","overlay-gradient":""}},"_joinchat":[]},"product_brand":[],"product_cat":[15,25,123,26,28,135,27,137,30],"product_tag":[233,187,199],"class_list":{"0":"post-2820","1":"product","2":"type-product","3":"status-publish","4":"has-post-thumbnail","6":"product_cat-new-vape-this-week","7":"product_cat-germany-best-selling-vape","8":"product_cat-italy-wholesale-vape","9":"product_cat-netherlands-hot-sale-vape","10":"product_cat-poland-hot-sale-vape","11":"product_cat-spain-best-hot-sale-vape","12":"product_cat-fance-hot-sale-vape","13":"product_cat-rechargeable-vapes","14":"product_cat-minimum-order-quantity-50pcs","15":"product_tag-bang-32000","16":"product_tag-bang-box-vape","17":"product_tag-bang-vape","18":"desktop-align-left","19":"tablet-align-left","20":"mobile-align-left","22":"first","23":"instock","24":"sale","25":"shipping-taxable","26":"purchasable","27":"product-type-simple"},"uagb_featured_image_src":{"full":["https:\/\/rmvapesale.com\/wp-content\/uploads\/2024\/11\/Bang-32000-Puffs-Wholesale-Disposable-Vape.png",1126,1126,false],"thumbnail":["https:\/\/rmvapesale.com\/wp-content\/uploads\/2024\/11\/Bang-32000-Puffs-Wholesale-Disposable-Vape-150x150.png",150,150,true],"medium":["https:\/\/rmvapesale.com\/wp-content\/uploads\/2024\/11\/Bang-32000-Puffs-Wholesale-Disposable-Vape-300x300.png",300,300,true],"medium_large":["https:\/\/rmvapesale.com\/wp-content\/uploads\/2024\/11\/Bang-32000-Puffs-Wholesale-Disposable-Vape-768x768.png",768,768,true],"large":["https:\/\/rmvapesale.com\/wp-content\/uploads\/2024\/11\/Bang-32000-Puffs-Wholesale-Disposable-Vape-1024x1024.png",1024,1024,true],"1536x1536":["https:\/\/rmvapesale.com\/wp-content\/uploads\/2024\/11\/Bang-32000-Puffs-Wholesale-Disposable-Vape.png",1126,1126,false],"2048x2048":["https:\/\/rmvapesale.com\/wp-content\/uploads\/2024\/11\/Bang-32000-Puffs-Wholesale-Disposable-Vape.png",1126,1126,false],"trp-custom-language-flag":["https:\/\/rmvapesale.com\/wp-content\/uploads\/2024\/11\/Bang-32000-Puffs-Wholesale-Disposable-Vape.png",12,12,false],"woocommerce_thumbnail":["https:\/\/rmvapesale.com\/wp-content\/uploads\/2024\/11\/Bang-32000-Puffs-Wholesale-Disposable-Vape-300x300.png",300,300,true],"woocommerce_single":["https:\/\/rmvapesale.com\/wp-content\/uploads\/2024\/11\/Bang-32000-Puffs-Wholesale-Disposable-Vape-600x600.png",600,600,true],"woocommerce_gallery_thumbnail":["https:\/\/rmvapesale.com\/wp-content\/uploads\/2024\/11\/Bang-32000-Puffs-Wholesale-Disposable-Vape-100x100.png",100,100,true],"wcpr-photo-reviews":["https:\/\/rmvapesale.com\/wp-content\/uploads\/2024\/11\/Bang-32000-Puffs-Wholesale-Disposable-Vape.png",500,500,false]},"uagb_author_info":{"display_name":"AMY","author_link":"https:\/\/rmvapesale.com\/sk\/author\/"},"uagb_comment_info":0,"uagb_excerpt":"Bang kingdoms 32k Puffs dual flavors Disposable Bang Vape 32000 Puffs Wholesale Disposable Vape Factory Wholesale Bang 32000 Puff Vape Disposable WhatsApp: +86 17776015835 &nbsp;","_links":{"self":[{"href":"https:\/\/rmvapesale.com\/sk\/wp-json\/wp\/v2\/product\/2820","targetHints":{"allow":["GET"]}}],"collection":[{"href":"https:\/\/rmvapesale.com\/sk\/wp-json\/wp\/v2\/product"}],"about":[{"href":"https:\/\/rmvapesale.com\/sk\/wp-json\/wp\/v2\/types\/product"}],"replies":[{"embeddable":true,"href":"https:\/\/rmvapesale.com\/sk\/wp-json\/wp\/v2\/comments?post=2820"}],"wp:featuredmedia":[{"embeddable":true,"href":"https:\/\/rmvapesale.com\/sk\/wp-json\/wp\/v2\/media\/2821"}],"wp:attachment":[{"href":"https:\/\/rmvapesale.com\/sk\/wp-json\/wp\/v2\/media?parent=2820"}],"wp:term":[{"taxonomy":"product_brand","embeddable":true,"href":"https:\/\/rmvapesale.com\/sk\/wp-json\/wp\/v2\/product_brand?post=2820"},{"taxonomy":"product_cat","embeddable":true,"href":"https:\/\/rmvapesale.com\/sk\/wp-json\/wp\/v2\/product_cat?post=2820"},{"taxonomy":"product_tag","embeddable":true,"href":"https:\/\/rmvapesale.com\/sk\/wp-json\/wp\/v2\/product_tag?post=2820"}],"curies":[{"name":"wp","href":"https:\/\/api.w.org\/{rel}","templated":true}]}}