{"id":2831,"date":"2024-12-02T03:50:09","date_gmt":"2024-12-02T03:50:09","guid":{"rendered":"https:\/\/rmvapesale.com\/?post_type=product&#038;p=2831"},"modified":"2024-12-03T09:57:39","modified_gmt":"2024-12-03T09:57:39","slug":"randm-tornado-15000-puff-fumot-vape-bulk-buy-price","status":"publish","type":"product","link":"https:\/\/rmvapesale.com\/sk\/product\/randm-tornado-15000-puff-fumot-vape-bulk-buy-price\/","title":{"rendered":"RandM Tornado 15000 \u0164ahov Fumot Vape Hromadn\u00fd N\u00e1kup Cena"},"content":{"rendered":"<div class=\"B2VR9 CJHX3e\">\n<div class=\"wyccme\">\n<h1 class=\"LC20lb MBeuO DKV0Md\">RandM Tornado 15000 \u0164ahov Fumot Vape Hromadn\u00fd N\u00e1kup Cena<\/h1>\n<div class=\"flex-shrink-0 flex flex-col relative items-end\">\n<div class=\"pt-0\">\n<div class=\"gizmo-bot-avatar flex h-8 w-8 items-center justify-center overflow-hidden rounded-full\">\n<div class=\"relative p-1 rounded-sm flex items-center justify-center bg-token-main-surface-primary text-token-text-primary h-8 w-8\">\n<p>The <strong>RandM Tornado 15000 \u0165ahov Fumot Vape<\/strong> je dokonalou zmesou v\u00fdkonu a \u0161t\u00fdlu, \u010do z neho rob\u00ed najlep\u0161iu vo\u013ebu pre vaperov, ktor\u00ed h\u013eadaj\u00fa pr\u00e9miov\u00e9 jednorazov\u00e9 zariadenie. Pon\u00faka p\u00f4sobiv\u00e9 <strong>15 000 potiahnut\u00ed<\/strong>, tento <strong>nab\u00edjate\u013en\u00fd jednorazov\u00fd vape<\/strong> je nap\u00e1jan\u00fd <strong>850mAh bat\u00e9riou<\/strong> s r\u00fdchlym a pohodln\u00fdm <strong>nab\u00edjan\u00edm cez USB typu C<\/strong>.<\/p>\n<p>Jednou z jeho v\u00fdnimo\u010dn\u00fdch vlastnost\u00ed je \u017eiv\u00fd <strong>LED displeji<\/strong>, ktor\u00fd poskytuje aktu\u00e1lne inform\u00e1cie o \u017eivotnosti bat\u00e9rie a hladin\u00e1ch e-liquidu. To zais\u0165uje, \u017ee v\u00e1m nikdy neo\u010dak\u00e1vane ned\u00f4jde energia alebo e-liquid, \u010do dod\u00e1va v\u00e1\u0161mu vapovaniu vrstvu pohodlia. Spolu s pokro\u010dil\u00fdm <strong>technol\u00f3gia mesh coil<\/strong>, vape poskytuje konzistentne hladk\u00fa paru a bohat\u00fa chu\u0165 od za\u010diatku do konca.<\/p>\n<p>S <strong>41 neodolate\u013en\u00fdch pr\u00edchut\u00ed<\/strong> na v\u00fdber, vr\u00e1tane ovocn\u00fdch, mentolov\u00fdch a dezertn\u00fdch profilov, je tu nie\u010do, \u010do uspokoj\u00ed ka\u017ed\u00e9ho. Popul\u00e1rne mo\u017enosti ako Mango Ice, Strawberry Watermelon a Blueberry Raspberry s\u00fa navrhnut\u00e9 tak, aby poskytovali uspokojiv\u00fd a osvie\u017euj\u00faci z\u00e1\u017eitok. \u010ci u\u017e ste za\u010diato\u010dn\u00edk alebo sk\u00fasen\u00fd vaper, <strong>RandM 15000<\/strong> pon\u00faka prisp\u00f4sobite\u013en\u00fa silu nikot\u00ednu <strong>2% alebo 5%<\/strong>, prisp\u00f4soben\u00fd r\u00f4znym preferenci\u00e1m.<\/p>\n<p>Kompaktn\u00e9, prenosn\u00e9 a \u0161t\u00fdlov\u00e9 zariadenie <strong>RandM Vape 15000<\/strong> je ide\u00e1lne pre osobn\u00e9 pou\u017eitie alebo hromadn\u00fd n\u00e1kup pre <strong>ve\u013ekoobchod s vapkami<\/strong>. Pozdvihnite svoju cestu vapovania s t\u00fdmto inovat\u00edvnym, vysokov\u00fdkonn\u00fdm zariaden\u00edm, ktor\u00e9 sp\u00e1ja \u0161pi\u010dkov\u00e9 funkcie s elegantn\u00fdm dizajnom zameran\u00fdm na pou\u017e\u00edvate\u013ea.<\/p>\n<\/div>\n<\/div>\n<\/div>\n<\/div>\n<\/div>\n<\/div>\n<p><strong>Kontaktujte Amy pre spr\u00e1vnu odpove\u010f a vape kup\u00f3n!<\/strong><\/p>\n<p><img loading=\"lazy\" decoding=\"async\" class=\"size-full wp-image-1978\" src=\"https:\/\/rmvapesale.com\/wp-content\/uploads\/2024\/09\/Disposable-Vape-Wholesale.jpg\" alt=\"Jednorazov\u00fd vape ve\u013ekoobchod\" width=\"229\" height=\"300\" \/><\/p>\n<h3><a href=\"https:\/\/wa.me\/8617776015835\" target=\"_blank\" rel=\"noopener\"><span style=\"color: #ff0000\"><strong>WhatsApp: +86 17776015835<\/strong><\/span><\/a><\/h3>\n<p>&nbsp;<\/p>\n<h2><\/h2>\n<h2><strong>RandM Tornado 15000 k\u013e\u00fa\u010dov\u00e9 vlastnosti<\/strong><\/h2>\n<ul>\n<li>A\u017e 32 000 po\u0165ahov s du\u00e1lnymi 26 ml puzdrami.<\/li>\n<li>Dvojit\u00e9 prep\u00ednanie pr\u00edchut\u00ed pre rozmanitos\u0165.<\/li>\n<li>Prisp\u00f4sobite\u013en\u00e9 hladiny nikot\u00ednu (0%-5%).<\/li>\n<li>Nab\u00edjate\u013en\u00e1 650 mAh bat\u00e9ria s portom Type-C.<\/li>\n<li>Vylep\u0161en\u00e1 chu\u0165 pomocou 1,0 ohmovej sie\u0165ovej cievky.<\/li>\n<\/ul>\n<h2><strong>Najlep\u0161ia pr\u00edchu\u0165 pre RandM Tornado 15k<\/strong><\/h2>\n<p>&nbsp;<\/p>\n<p>1.Modr\u00e1 malinov\u00e1 limon\u00e1da<br \/>\n2.Brosky\u0148ov\u00fd \u013ead<br \/>\n3.Kysl\u00e9 jablko<br \/>\n4.Mel\u00f3nov\u00fd \u013ead<br \/>\n5.\u010cu\u010doriedka na \u013eade<br \/>\n6.\u010cu\u010doriedkov\u00e1 malina<br \/>\n7.Anan\u00e1sov\u00fd \u013ead<br \/>\n8.\u010cere\u0161\u0148a<br \/>\n9.Jahodov\u00e1 \u013eadov\u00e1<br \/>\n10.Vimto<br \/>\n11.Hroznov\u00e1 \u013eadov\u00e1<br \/>\n12.Kolov\u00e1 \u013eadov\u00e1<br \/>\n13.Jahoda vodn\u00fd mel\u00f3n<br \/>\n14.Ru\u017eov\u00e1 limon\u00e1da<br \/>\n15.Zmie\u0161an\u00e9 bobu\u013eov\u00e9 ovocie<br \/>\n16.Brosky\u0148a mango<br \/>\n17.Dra\u010die ovocie<br \/>\n18.Jahodov\u00e9 hrozno<br \/>\n19.P\u00e1n Modr\u00fd<br \/>\n20.Svie\u017ei \u013ead<br \/>\n21.\u013dadov\u00e1 zmrzlina<br \/>\n22.Jahodov\u00e9 kivi<br \/>\n23.Kivi, marakuja, guava<br \/>\n24.Trojit\u00e9 bobule<br \/>\n25.Bananov\u00fd \u013ead<br \/>\n26.Brosky\u0148ov\u00fd \u010du\u010doriedkov\u00fd cukr\u00edk<br \/>\n27.Jablko, brosky\u0148a, hru\u0161ka<br \/>\n28.Bobu\u013eov\u00e1 limon\u00e1da<br \/>\n29.Modr\u00e1 malina, \u010dere\u0161\u0148a<br \/>\n30.\u010cu\u010doriedkov\u00e1 \u017euva\u010dka<br \/>\n31.\u010cu\u010doriedka, \u010dere\u0161\u0148a, brusnica<br \/>\n32.\u010cu\u010doriedka, gran\u00e1tov\u00e9 jablko<br \/>\n33.Modr\u00e1 kysl\u00e1 malina<br \/>\n34.\u010cere\u0161\u0148ov\u00e1 kola<br \/>\n35.Gumov\u00fd medved\u00edk<br \/>\n36.Citr\u00f3n<br \/>\n37.Mango na \u013eade<br \/>\n38.\u010cerven\u00e1 energia \u013ead<br \/>\n39.Jahodov\u00fd ban\u00e1n<br \/>\n40.Jahodov\u00fd Red Bull<br \/>\n41.Jahodov\u00e1 mel\u00f3nov\u00e1 limon\u00e1da<br \/>\n42.\u013dadov\u00fd \u010daj citr\u00f3nov\u00fd \u013ead<br \/>\n43.\u013dadov\u00fd \u010daj brosky\u0148ov\u00fd \u013ead<br \/>\n44.\u0160umiv\u00e1 \u010dere\u0161\u0148a<br \/>\n45.Skittles<\/p>\n<p>&nbsp;<\/p>\n<h3><strong>Pre\u010do si vybra\u0165 Rmvapesale pre Fumot Vape 15k\u00a0<\/strong><strong>V<\/strong><strong>Ve\u013ekoobchod s vape<\/strong><strong>?<\/strong><\/h3>\n<div class=\"flex-shrink-0 flex flex-col relative items-end\">\n<div class=\"pt-0\">\n<div class=\"gizmo-bot-avatar flex h-8 w-8 items-center justify-center overflow-hidden rounded-full\">\n<div class=\"relative p-1 rounded-sm flex items-center justify-center bg-token-main-surface-primary text-token-text-primary h-8 w-8\">\n<p>Vitajte v Rmvapesale, va\u0161om d\u00f4veryhodnom obchode s vape pre pr\u00e9miov\u00e9 jednorazov\u00e9 vapy. S viac ako 5 ro\u010dn\u00fdmi sk\u00fasenos\u0165ami v\u00e1m prin\u00e1\u0161ame popul\u00e1rne zna\u010dky jednorazov\u00fdch vape ako Al Fakher, Vapme Vape, <a href=\"https:\/\/rmvapesale.com\/sk\/product-category\/bang-vapes\/\">Bang Vape<\/a>, Waspe, WGA Vape a<a href=\"https:\/\/rmvapesale.com\/sk\/product-category\/randm-fumot-vape\/\"> RandM Vape<\/a>.<\/p>\n<p>N\u00e1\u0161 sortiment zah\u0155\u0148a popul\u00e1rne jednorazov\u00e9 vapky ako <a href=\"https:\/\/rmvapesale.com\/sk\/product\/randm-tornado-15000-puffs-vape-wholesale\/\">RandM Tornado 15000<\/a> a chu\u0165ovo bohat\u00e9 mo\u017enosti ako Vapme 70000. Ka\u017ed\u00fd produkt je vybran\u00fd so zameran\u00edm na kvalitu, hodnotu a rozmanitos\u0165, \u010d\u00edm zabezpe\u010dujeme, \u017ee n\u00e1jdete perfektn\u00fa zhodu pre va\u0161e potreby. Objavte v\u00fdnimo\u010dn\u00fd servis a \u0161irok\u00fd sortiment \u0161pi\u010dkov\u00fdch produktov na Rmvapesale.<\/p>\n<\/div>\n<h3><\/h3>\n<div class=\"relative p-1 rounded-sm flex items-center justify-center bg-token-main-surface-primary text-token-text-primary h-8 w-8\">\n<h3><b> \u010cast\u00e9 ot\u00e1zky pre RandM Vape 15000 <\/b><b>Nab\u00edjate\u013en\u00e1 jednorazov\u00e1 vapka<\/b><\/h3>\n<div class=\"group\/conversation-turn relative flex w-full min-w-0 flex-col agent-turn\">\n<div class=\"flex-col gap-1 md:gap-3\">\n<div class=\"flex max-w-full flex-col flex-grow\">\n<div class=\"min-h-8 text-message flex w-full flex-col items-end gap-2 whitespace-normal break-words [.text-message+&amp;]:mt-5\" dir=\"auto\" data-message-author-role=\"assistant\" data-message-id=\"00c9b302-bc9c-4550-94ba-5a295efa2be3\" data-message-model-slug=\"gpt-4o\">\n<div class=\"flex w-full flex-col gap-1 empty:hidden first:pt-[3px]\">\n<div class=\"markdown prose w-full break-words dark:prose-invert light\">\n<div class=\"flex-shrink-0 flex flex-col relative items-end\">\n<div>\n<div class=\"pt-0\">\n<div class=\"gizmo-bot-avatar flex h-8 w-8 items-center justify-center overflow-hidden rounded-full\">\n<div class=\"relative p-1 rounded-sm flex items-center justify-center bg-token-main-surface-primary text-token-text-primary h-8 w-8\">\n<div class=\"flex-shrink-0 flex flex-col relative items-end\">\n<div>\n<div class=\"pt-0\">\n<div class=\"gizmo-bot-avatar flex h-8 w-8 items-center justify-center overflow-hidden rounded-full\">\n<div class=\"relative p-1 rounded-sm flex items-center justify-center bg-token-main-surface-primary text-token-text-primary h-8 w-8\">\n<p>&nbsp;<\/p>\n<p><strong>Kde k\u00fapi\u0165 vape RandM Tornado 15000 Puffs za ve\u013ekoobchodn\u00fa cenu na Slovensku<\/strong><br \/>\nAk si chcete k\u00fapi\u0165 vape RandM Tornado 15000 Puffs za ve\u013ekoobchodn\u00e9 ceny na Slovensku, kontaktujte autorizovan\u00fdch distrib\u00fatorov alebo online ve\u013ekoobchodn\u00fdch dod\u00e1vate\u013eov vape, ktor\u00ed sa \u0161pecializuj\u00fa na produkty RandM Vape. Uistite sa, \u017ee dod\u00e1vate\u013e poskytuje origin\u00e1lne produkty a sp\u013a\u0148a nariadenia E\u00da.<\/p>\n<p><strong>Ko\u013eko potiahnut\u00ed poskytuje Fumot Vape 15000?<\/strong><br \/>\nFumot Vape 15000 poskytuje a\u017e 15 000 potiahnut\u00ed, \u010d\u00edm pon\u00faka u\u017e\u00edvate\u013eom v\u00fdnimo\u010dn\u00fa \u017eivotnos\u0165 a hodnotu.<\/p>\n<p><strong>Ako dlho vydr\u017e\u00ed popul\u00e1rny jednorazov\u00fd vape pen RandM Tornado 15k?<\/strong><br \/>\nJednorazov\u00fd vape pen RandM Tornado 15k m\u00f4\u017ee miernym u\u017e\u00edvate\u013eom vydr\u017ea\u0165 dva a\u017e tri t\u00fd\u017edne, v z\u00e1vislosti od ich zvyklost\u00ed a frekvencie pou\u017e\u00edvania.<\/p>\n<p><strong>Ak\u00e9 s\u00fa popul\u00e1rne pr\u00edchute jednorazov\u00e9ho boxu Fumot 15000 Puffs?<\/strong><br \/>\nPopul\u00e1rne pr\u00edchute pre Fumot 15000 Puffs zah\u0155\u0148aj\u00fa \u013eadov\u00e9 mango, jahodov\u00fd mel\u00f3n a \u010du\u010doriedkov\u00fa malinu, spolu s \u010fal\u0161\u00edmi ovocn\u00fdmi, mentolov\u00fdmi a dezertn\u00fdmi mo\u017enos\u0165ami z jeho \u0161irok\u00e9ho v\u00fdberu pr\u00edchut\u00ed.<\/p>\n<p><strong>Ako dlho trv\u00e1 nabitie nab\u00edjate\u013en\u00e9ho vape RandM 15k?<\/strong><br \/>\nPln\u00e9 nabitie nab\u00edjate\u013en\u00e9ho vape RandM 15k trv\u00e1 pribli\u017ene 1-2 hodiny, v\u010faka jeho technol\u00f3gii r\u00fdchleho nab\u00edjania cez USB typu C.<\/p>\n<p><strong>Ko\u013eko nikot\u00ednu je v jednorazovej elektronickej cigarete RandM Tornado 15000?<\/strong><br \/>\nJednorazov\u00e1 elektronick\u00e1 cigareta RandM Tornado 15000 pon\u00faka silu nikot\u00ednu 2% (20 mg) a 5% (50 mg), \u010do poskytuje mo\u017enosti pre r\u00f4zne preferencie u\u017e\u00edvate\u013eov.<\/p>\n<\/div>\n<\/div>\n<\/div>\n<\/div>\n<\/div>\n<\/div>\n<\/div>\n<\/div>\n<\/div>\n<\/div>\n<div class=\"group\/conversation-turn relative flex w-full min-w-0 flex-col agent-turn\">\n<div class=\"flex-col gap-1 md:gap-3\">\n<div class=\"flex max-w-full flex-col flex-grow\">\n<div class=\"min-h-8 text-message flex w-full flex-col items-end gap-2 whitespace-normal break-words [.text-message+&amp;]:mt-5\" dir=\"auto\" data-message-author-role=\"assistant\" data-message-id=\"a3dc01bd-23b0-4fd7-bb9a-7827522cefd8\" data-message-model-slug=\"gpt-4o\">\n<div class=\"flex w-full flex-col gap-1 empty:hidden first:pt-[3px]\"><\/div>\n<\/div>\n<\/div>\n<\/div>\n<\/div>\n<\/div>\n<\/div>\n<\/div>\n<\/div>\n<\/div>\n<\/div>\n<\/div>\n<\/div>\n<\/div>\n<\/div>\n<h3>O doru\u010den\u00ed<\/h3>\n<div class=\"flex-shrink-0 flex flex-col relative items-end\">\n<div>\n<div class=\"pt-0\">\n<div class=\"gizmo-bot-avatar flex h-8 w-8 items-center justify-center overflow-hidden rounded-full\">\n<div><\/div>\n<div class=\"relative p-1 rounded-sm flex items-center justify-center bg-token-main-surface-primary text-token-text-primary h-8 w-8\"><strong>1. Ak\u00e9 sp\u00f4soby doru\u010denia pou\u017e\u00edvate?<\/strong><\/div>\n<\/div>\n<\/div>\n<\/div>\n<\/div>\n<div class=\"group\/conversation-turn relative flex w-full min-w-0 flex-col agent-turn\">\n<div class=\"flex-col gap-1 md:gap-3\">\n<div class=\"flex max-w-full flex-col flex-grow\">\n<div class=\"min-h-[20px] text-message flex w-full flex-col items-end gap-2 whitespace-normal break-words [.text-message+&amp;]:mt-5 overflow-x-auto\" dir=\"auto\" data-message-author-role=\"assistant\" data-message-id=\"22f8283b-3233-46ff-89a5-c7a41b33abda\">\n<div class=\"flex w-full flex-col gap-1 empty:hidden first:pt-[3px]\">\n<div class=\"markdown prose w-full break-words dark:prose-invert light\">\n<p>Spolupracujeme so spolo\u010dnos\u0165ami UPS, DHL, FedEx, DPD a \u010fal\u0161\u00edmi popredn\u00fdmi dopravcami. Vyberieme najlep\u0161\u00ed sp\u00f4sob doru\u010denia na z\u00e1klade va\u0161ej adresy, aby sme zaistili, \u017ee svoje produkty dostanete \u010do najr\u00fdchlej\u0161ie.<\/p>\n<\/div>\n<p><strong>2. Ako dlho trv\u00e1 doru\u010denie?<\/strong><\/p>\n<p>Bal\u00edky doru\u010dovan\u00e9 na Slovensko zvy\u010dajne dorazia do 10 pracovn\u00fdch dn\u00ed. Doru\u010denie do eur\u00f3pskych kraj\u00edn zvy\u010dajne trv\u00e1 asi 12-15 pracovn\u00fdch dn\u00ed. Budeme v\u00e1s informova\u0165 o stave doru\u010denia v re\u00e1lnom \u010dase.<\/p>\n<\/div>\n<\/div>\n<\/div>\n<\/div>\n<\/div>\n<p>&nbsp;<\/p>\n<p>N\u00e1jdite \u010fal\u0161ie vape produkty, ktor\u00e9 by sa v\u00e1m mohli p\u00e1\u010di\u0165:<strong><em><a href=\"https:\/\/rmvapesale.com\/sk\/shop-2\/\">nakupova\u0165 teraz &gt;&gt;&gt;<\/a><\/em><\/strong><\/p>","protected":false},"excerpt":{"rendered":"<p>Randm Tornado 15000 \u0165ahov Fumot digit\u00e1lny jednorazov\u00fd vape<br \/>\nRandm 15000 Fumot Tornado Vape ve\u013ekoobchod<br \/>\nFumot RandM 15k jednorazov\u00fd vape hromadn\u00e1 cena<\/p>\n<p><img loading=\"lazy\" decoding=\"async\" class=\"size-full wp-image-2375\" src=\"https:\/\/rmvapesale.com\/wp-content\/uploads\/2024\/10\/image.png\" alt=\"Najlep\u0161\u00ed jednorazov\u00fd vape\" width=\"229\" height=\"300\" \/><\/p>\n<h3><a href=\"https:\/\/wa.me\/8617776015835\"><span style=\"color: #ff0000\"><strong>WhatsApp: +86 17776015835<\/strong><\/span><\/a><\/h3>\n<p>&nbsp;<\/p>","protected":false},"featured_media":2826,"comment_status":"open","ping_status":"closed","template":"","meta":{"_uag_custom_page_level_css":"","_lmt_disableupdate":"no","_lmt_disable":"","site-sidebar-layout":"default","site-content-layout":"content-boxed-container","ast-site-content-layout":"normal-width-container","site-content-style":"boxed","site-sidebar-style":"unboxed","ast-global-header-display":"","ast-banner-title-visibility":"","ast-main-header-display":"","ast-hfb-above-header-display":"","ast-hfb-below-header-display":"","ast-hfb-mobile-header-display":"","site-post-title":"","ast-breadcrumbs-content":"","ast-featured-img":"","footer-sml-layout":"","ast-disable-related-posts":"","theme-transparent-header-meta":"default","adv-header-id-meta":"","stick-header-meta":"","header-above-stick-meta":"","header-main-stick-meta":"","header-below-stick-meta":"","astra-migrate-meta-layouts":"set","ast-page-background-enabled":"default","ast-page-background-meta":{"desktop":{"background-color":"var(--ast-global-color-4)","background-image":"","background-repeat":"repeat","background-position":"center center","background-size":"auto","background-attachment":"scroll","background-type":"","background-media":"","overlay-type":"","overlay-color":"","overlay-opacity":"","overlay-gradient":""},"tablet":{"background-color":"","background-image":"","background-repeat":"repeat","background-position":"center center","background-size":"auto","background-attachment":"scroll","background-type":"","background-media":"","overlay-type":"","overlay-color":"","overlay-opacity":"","overlay-gradient":""},"mobile":{"background-color":"","background-image":"","background-repeat":"repeat","background-position":"center center","background-size":"auto","background-attachment":"scroll","background-type":"","background-media":"","overlay-type":"","overlay-color":"","overlay-opacity":"","overlay-gradient":""}},"ast-content-background-meta":{"desktop":{"background-color":"var(--ast-global-color-5)","background-image":"","background-repeat":"repeat","background-position":"center center","background-size":"auto","background-attachment":"scroll","background-type":"","background-media":"","overlay-type":"","overlay-color":"","overlay-opacity":"","overlay-gradient":""},"tablet":{"background-color":"var(--ast-global-color-5)","background-image":"","background-repeat":"repeat","background-position":"center center","background-size":"auto","background-attachment":"scroll","background-type":"","background-media":"","overlay-type":"","overlay-color":"","overlay-opacity":"","overlay-gradient":""},"mobile":{"background-color":"var(--ast-global-color-5)","background-image":"","background-repeat":"repeat","background-position":"center center","background-size":"auto","background-attachment":"scroll","background-type":"","background-media":"","overlay-type":"","overlay-color":"","overlay-opacity":"","overlay-gradient":""}},"_joinchat":[]},"product_brand":[],"product_cat":[15,27,51,25,123,30,26,28,31,137,136,135],"product_tag":[235,39,171,236,234,38],"class_list":{"0":"post-2831","1":"product","2":"type-product","3":"status-publish","4":"has-post-thumbnail","6":"product_cat-new-vape-this-week","7":"product_cat-fance-hot-sale-vape","8":"product_cat-fumot-vape","9":"product_cat-germany-best-selling-vape","10":"product_cat-italy-wholesale-vape","11":"product_cat-minimum-order-quantity-50pcs","12":"product_cat-netherlands-hot-sale-vape","13":"product_cat-poland-hot-sale-vape","14":"product_cat-randm-fumot-vape","15":"product_cat-rechargeable-vapes","16":"product_cat-smart-screen-vapes","17":"product_cat-spain-best-hot-sale-vape","18":"product_tag-fumot-15k","19":"product_tag-fumot-vape","20":"product_tag-randm-15000","21":"product_tag-randm-15k","22":"product_tag-randm-tornado-15000","23":"product_tag-randm-vape","24":"desktop-align-left","25":"tablet-align-left","26":"mobile-align-left","28":"first","29":"instock","30":"sale","31":"shipping-taxable","32":"purchasable","33":"product-type-simple"},"uagb_featured_image_src":{"full":["https:\/\/rmvapesale.com\/wp-content\/uploads\/2024\/12\/Fumot-RandM-15000-Puffs-Disposable-Vape.jpg",1130,1126,false],"thumbnail":["https:\/\/rmvapesale.com\/wp-content\/uploads\/2024\/12\/Fumot-RandM-15000-Puffs-Disposable-Vape-150x150.jpg",150,150,true],"medium":["https:\/\/rmvapesale.com\/wp-content\/uploads\/2024\/12\/Fumot-RandM-15000-Puffs-Disposable-Vape-300x300.jpg",300,300,true],"medium_large":["https:\/\/rmvapesale.com\/wp-content\/uploads\/2024\/12\/Fumot-RandM-15000-Puffs-Disposable-Vape-768x765.jpg",768,765,true],"large":["https:\/\/rmvapesale.com\/wp-content\/uploads\/2024\/12\/Fumot-RandM-15000-Puffs-Disposable-Vape-1024x1020.jpg",1024,1020,true],"1536x1536":["https:\/\/rmvapesale.com\/wp-content\/uploads\/2024\/12\/Fumot-RandM-15000-Puffs-Disposable-Vape.jpg",1130,1126,false],"2048x2048":["https:\/\/rmvapesale.com\/wp-content\/uploads\/2024\/12\/Fumot-RandM-15000-Puffs-Disposable-Vape.jpg",1130,1126,false],"trp-custom-language-flag":["https:\/\/rmvapesale.com\/wp-content\/uploads\/2024\/12\/Fumot-RandM-15000-Puffs-Disposable-Vape.jpg",12,12,false],"woocommerce_thumbnail":["https:\/\/rmvapesale.com\/wp-content\/uploads\/2024\/12\/Fumot-RandM-15000-Puffs-Disposable-Vape-300x300.jpg",300,300,true],"woocommerce_single":["https:\/\/rmvapesale.com\/wp-content\/uploads\/2024\/12\/Fumot-RandM-15000-Puffs-Disposable-Vape-600x598.jpg",600,598,true],"woocommerce_gallery_thumbnail":["https:\/\/rmvapesale.com\/wp-content\/uploads\/2024\/12\/Fumot-RandM-15000-Puffs-Disposable-Vape-100x100.jpg",100,100,true],"wcpr-photo-reviews":["https:\/\/rmvapesale.com\/wp-content\/uploads\/2024\/12\/Fumot-RandM-15000-Puffs-Disposable-Vape.jpg",500,498,false]},"uagb_author_info":{"display_name":"AMY","author_link":"https:\/\/rmvapesale.com\/sk\/author\/"},"uagb_comment_info":0,"uagb_excerpt":"Randm Tornado 15000 Puffs Fumot Digital Disposable Vape Randm 15000 Fumot Tornado Vape Wholesale Fumot RandM 15k Disposable Vape Bulk Price WhatsApp: +86 17776015835 &nbsp;","_links":{"self":[{"href":"https:\/\/rmvapesale.com\/sk\/wp-json\/wp\/v2\/product\/2831","targetHints":{"allow":["GET"]}}],"collection":[{"href":"https:\/\/rmvapesale.com\/sk\/wp-json\/wp\/v2\/product"}],"about":[{"href":"https:\/\/rmvapesale.com\/sk\/wp-json\/wp\/v2\/types\/product"}],"replies":[{"embeddable":true,"href":"https:\/\/rmvapesale.com\/sk\/wp-json\/wp\/v2\/comments?post=2831"}],"wp:featuredmedia":[{"embeddable":true,"href":"https:\/\/rmvapesale.com\/sk\/wp-json\/wp\/v2\/media\/2826"}],"wp:attachment":[{"href":"https:\/\/rmvapesale.com\/sk\/wp-json\/wp\/v2\/media?parent=2831"}],"wp:term":[{"taxonomy":"product_brand","embeddable":true,"href":"https:\/\/rmvapesale.com\/sk\/wp-json\/wp\/v2\/product_brand?post=2831"},{"taxonomy":"product_cat","embeddable":true,"href":"https:\/\/rmvapesale.com\/sk\/wp-json\/wp\/v2\/product_cat?post=2831"},{"taxonomy":"product_tag","embeddable":true,"href":"https:\/\/rmvapesale.com\/sk\/wp-json\/wp\/v2\/product_tag?post=2831"}],"curies":[{"name":"wp","href":"https:\/\/api.w.org\/{rel}","templated":true}]}}