{"id":2837,"date":"2024-12-03T09:44:45","date_gmt":"2024-12-03T09:44:45","guid":{"rendered":"https:\/\/rmvapesale.com\/?post_type=product&#038;p=2837"},"modified":"2024-12-03T09:55:28","modified_gmt":"2024-12-03T09:55:28","slug":"randm-12000-digital-box-disposable-vape-wholesale-price","status":"publish","type":"product","link":"https:\/\/rmvapesale.com\/sk\/product\/randm-12000-digital-box-disposable-vape-wholesale-price\/","title":{"rendered":"RandM 12000 Digital Box Jednorazov\u00fd vape Ve\u013ekoobchodn\u00e1 cena"},"content":{"rendered":"<div class=\"B2VR9 CJHX3e\">\n<div class=\"wyccme\">\n<h1 class=\"LC20lb MBeuO DKV0Md\">RandM 12000 Digital Box Jednorazov\u00fd vape Ve\u013ekoobchodn\u00e1 cena<\/h1>\n<div class=\"flex-shrink-0 flex flex-col relative items-end\">\n<div class=\"pt-0\">\n<div class=\"gizmo-bot-avatar flex h-8 w-8 items-center justify-center overflow-hidden rounded-full\">\n<div class=\"relative p-1 rounded-sm flex items-center justify-center bg-token-main-surface-primary text-token-text-primary h-8 w-8\">\n<p>The <strong>RandM Digit\u00e1lna 12000<\/strong> stanovuje nov\u00fd \u0161tandard v pohodl\u00ed a v\u00fdkone vapovania, \u010do z neho rob\u00ed nevyhnutnos\u0165 pre jednotliv\u00fdch pou\u017e\u00edvate\u013eov a <strong>ve\u013ekoobchod s vapkami<\/strong> kupuj\u00facich. Tento <strong>nab\u00edjate\u013en\u00fd jednorazov\u00fd vape<\/strong> pon\u00faka neuverite\u013en\u00e9 <strong>viac ako 12 000 pufov<\/strong>, zabezpe\u010duje dlhodob\u00fa spokojnos\u0165, ktor\u00e1 vyhovuje pr\u00edle\u017eitostn\u00fdm aj \u010dast\u00fdm vapova\u010dom.<\/p>\n<p>Nap\u00e1jan\u00e9 pomocou <strong>850 mAh nab\u00edjate\u013en\u00e1 bat\u00e9ria<\/strong>, je zariadenie navrhnut\u00e9 na dlhodob\u00e9 pou\u017e\u00edvanie. Zahrnutie <strong>Type-C<\/strong> umo\u017e\u0148uje r\u00fdchle nab\u00edjanie, \u010do v\u00e1s udr\u017e\u00ed pripraven\u00fdch na vapovanie kedyko\u013evek a kdeko\u013evek. To je ide\u00e1lne pre t\u00fdch, ktor\u00ed ocenia spo\u013eahliv\u00fa, \u013eahko pou\u017eite\u013en\u00fa vape, ktor\u00e1 nesklame kvalitou.<\/p>\n<p>The <strong>RandM Vape 12000<\/strong> prich\u00e1dza predplnen\u00e9 s <strong>20 ml pr\u00e9miovej e-liquid<\/strong>, poskytuj\u00fac plynul\u00e9 a konzistentn\u00e9 chu\u0165ov\u00e9 z\u00e1\u017eitky pri ka\u017edom \u0165ahu. Jeho <strong>technol\u00f3gia mesh coil<\/strong> zvy\u0161uje produkciu pary, \u010d\u00edm rob\u00ed ka\u017ed\u00fd \u0165ah bohat\u00fdm a uspokojiv\u00fdm. S \u0161irokou \u0161k\u00e1lou chutn\u00fdch pr\u00edchut\u00ed je k dispoz\u00edcii, <strong>RandM 12k<\/strong> zabezpe\u010duje, \u017ee ka\u017ed\u00fd n\u00e1jde nie\u010do pre seba, \u010di u\u017e m\u00e1te radi ovocn\u00e9, mentolov\u00e9 alebo dezertov\u00e9 mo\u017enosti.<\/p>\n<p>\u010co naozaj odli\u0161uje <strong>RandM 12000 potiahnut\u00ed<\/strong> je jeho inovat\u00edvne <strong>Displej LED na jedno pou\u017eitie vaporiz\u00e9r<\/strong> dizajn. Digit\u00e1lny displej pohodlne zobrazuje stav bat\u00e9rie aj \u00farove\u0148 zost\u00e1vaj\u00faceho e-liquidu, tak\u017ee ste v\u017edy informovan\u00ed a m\u00e1te kontrolu. Jeho <strong>jednoduch\u00fd, no \u0161t\u00fdlov\u00fd dizajn<\/strong> zabezpe\u010duje prenosnos\u0165 bez obetovania funk\u010dnosti, \u010do z neho rob\u00ed ide\u00e1lneho spolo\u010dn\u00edka na vapovanie na cest\u00e1ch.<\/p>\n<p>Perfektn\u00e9 pre t\u00fdch, ktor\u00ed h\u013eadaj\u00fa <strong>jednorazov\u00fd vape s n\u00edzkym obsahom nikot\u00ednu<\/strong>, ten <strong>RandM 12000<\/strong> pon\u00faka mo\u017enosti prisp\u00f4soben\u00e9 r\u00f4znym preferenci\u00e1m. \u010ci u\u017e objavujete najnov\u0161ie v <strong>Fumot Vape<\/strong> inov\u00e1ci\u00e1ch alebo h\u013ead\u00e1te pr\u00e9miov\u00e9 produkty ako je <strong>RandM 12k<\/strong>, toto zariadenie je navrhnut\u00e9 tak, aby prekonalo o\u010dak\u00e1vania. Investujte do <strong>RandM Digit\u00e1lna 12000<\/strong> pre plynul\u00fd, pln\u00fd chuti z\u00e1\u017eitok z vapovania, ktor\u00fd vydr\u017e\u00ed.<\/p>\n<\/div>\n<\/div>\n<\/div>\n<\/div>\n<\/div>\n<\/div>\n<p><strong>Kontaktujte Amy pre spr\u00e1vnu odpove\u010f a vape kup\u00f3n!<\/strong><\/p>\n<p><img loading=\"lazy\" decoding=\"async\" class=\"size-full wp-image-1978\" src=\"https:\/\/rmvapesale.com\/wp-content\/uploads\/2024\/09\/Disposable-Vape-Wholesale.jpg\" alt=\"Jednorazov\u00fd vape ve\u013ekoobchod\" width=\"229\" height=\"300\" \/><\/p>\n<h3><a href=\"https:\/\/wa.me\/8617776015835\" target=\"_blank\" rel=\"noopener\"><span style=\"color: #ff0000\"><strong>WhatsApp: +86 17776015835<\/strong><\/span><\/a><\/h3>\n<p>&nbsp;<\/p>\n<h2><\/h2>\n<h2><strong>RandM 12000 K\u013e\u00fa\u010dov\u00e9 vlastnosti<\/strong><\/h2>\n<p>Po\u010dty potiahnut\u00ed: 12000+ Potiahnut\u00ed<br \/>\nTyp cievky: Sie\u0165ov\u00e1 cievka<br \/>\nE-Liquid objem: 20ml predplnen\u00e9ho e-liquidu<br \/>\nKapacita bat\u00e9rie: Dob\u00edjate\u013en\u00e1 vn\u00fatorn\u00e1 850mAh<br \/>\nTyp nab\u00edja\u010dky: Typ-C nab\u00edjanie<br \/>\nJednorazov\u00e9 Vapes s n\u00edzkym obsahom nikot\u00ednu<br \/>\nJednoduch\u00fd a atmosf\u00e9rick\u00fd vzh\u013ead<br \/>\nDigit\u00e1lny displej zobrazuj\u00faci zost\u00e1vaj\u00facu bat\u00e9riu a \u0161\u0165avu.<\/p>\n<h2><strong>Najob\u013e\u00fabenej\u0161ia pr\u00edchu\u0165 pre RandM 12k<\/strong><\/h2>\n<p>1 Chladiv\u00e1 m\u00e4ta<br \/>\n2 Vodn\u00fd mel\u00f3n \u013ead<br \/>\n3 Hrozno \u013ead<br \/>\n4 \u010co\u010dnica a malina<br \/>\n5 Jahoda a vodn\u00fd mel\u00f3n<br \/>\n6 Jahoda a ban\u00e1n<br \/>\n7 Svie\u017ei \u013ead<br \/>\n8 \u010cere\u0161\u0148a<br \/>\n9 Jahodov\u00e1 zmrzlina<br \/>\n10 Nanuk<br \/>\n11 Ru\u017eov\u00e1 limon\u00e1da<br \/>\n12 Mangov\u00e1 \u013eadov\u00e1<br \/>\n13 Zmes bob\u00fa\u013e<br \/>\n14 Jahodov\u00e1 \u0161i\u0161ka<br \/>\n15 Jahodov\u00e9 hrozno<br \/>\n16 \u010cere\u0161\u0148ov\u00e1 kola<br \/>\n17 Dr. modr\u00e1<br \/>\n18 \u010cu\u010doriedkov\u00e1 \u013eadov\u00e1<br \/>\n19 Kivi, marakuja a guava<br \/>\n20 Jahodov\u00e9 kivi<br \/>\n21 Brosky\u0148ov\u00e9 mango<br \/>\n22 Brosky\u0148ov\u00e1 \u013eadov\u00e1<br \/>\n23 \u010cerven\u00e9 jablko s \u013eadom<br \/>\n24 \u010cu\u010doriedkov\u00e1 \u017euva\u010dka<br \/>\n25 Bobu\u013eov\u00e1 limon\u00e1da<br \/>\n26 Modr\u00e1 malinov\u00e1 limon\u00e1da<br \/>\n27 Modr\u00e1 kysl\u00e1 malina<br \/>\n28 Jahodov\u00fd Red bull<br \/>\n29 Jablkov\u00fd bobu\u013eov\u00fd v\u00fdbuch<br \/>\n30 Mel\u00f3nov\u00e1 \u017euva\u010dka<br \/>\n31 Malina mel\u00f3n<br \/>\n32 \u010cierna \u013eadov\u00e1<br \/>\n33 \u010cu\u010doriedka \u010dere\u0161\u0148a brusnica<br \/>\n34 Jahodov\u00e9 gran\u00e1tov\u00e9 jablko<br \/>\n35 Vimto<br \/>\n36 \u010cere\u0161\u0148a bobule<br \/>\n37 Citr\u00f3n<br \/>\n38 Bingo Crush<br \/>\n39 \u010cu\u010doriedkov\u00e9 kiwi<br \/>\n40 Jabl\u010dn\u00e1 \u0161korica<\/p>\n<p>&nbsp;<\/p>\n<h3><strong>Pre\u010do si vybra\u0165 Rmvapesale pre Vapovanie Fumot 12k <\/strong><strong>V<\/strong><strong>Ve\u013ekoobchod s vape<\/strong><strong>?<\/strong><\/h3>\n<div class=\"flex-shrink-0 flex flex-col relative items-end\">\n<div class=\"pt-0\">\n<div class=\"gizmo-bot-avatar flex h-8 w-8 items-center justify-center overflow-hidden rounded-full\">\n<div class=\"relative p-1 rounded-sm flex items-center justify-center bg-token-main-surface-primary text-token-text-primary h-8 w-8\">\n<p>Vitajte v Rmvapesale, va\u0161om d\u00f4veryhodnom obchode s vape pre pr\u00e9miov\u00e9 jednorazov\u00e9 vapy. S viac ako 5 ro\u010dn\u00fdmi sk\u00fasenos\u0165ami v\u00e1m prin\u00e1\u0161ame popul\u00e1rne zna\u010dky jednorazov\u00fdch vape ako Al Fakher, Vapme Vape, <a href=\"https:\/\/rmvapesale.com\/sk\/product-category\/bang-vapes\/\">Bang Vape<\/a>, Waspe, WGA Vape a<a href=\"https:\/\/rmvapesale.com\/sk\/product-category\/randm-fumot-vape\/\"> RandM Vape<\/a>.<\/p>\n<p>N\u00e1\u0161 sortiment zah\u0155\u0148a popul\u00e1rne jednorazov\u00e9 vapky ako <a href=\"https:\/\/rmvapesale.com\/sk\/product\/randm-tornado-15000-puffs-vape-wholesale\/\">RandM Tornado 15000<\/a> a chu\u0165ovo bohat\u00e9 mo\u017enosti ako Vapme 70000. Ka\u017ed\u00fd produkt je vybran\u00fd so zameran\u00edm na kvalitu, hodnotu a rozmanitos\u0165, \u010d\u00edm zabezpe\u010dujeme, \u017ee n\u00e1jdete perfektn\u00fa zhodu pre va\u0161e potreby. Objavte v\u00fdnimo\u010dn\u00fd servis a \u0161irok\u00fd sortiment \u0161pi\u010dkov\u00fdch produktov na Rmvapesale.<\/p>\n<\/div>\n<h3><\/h3>\n<div class=\"relative p-1 rounded-sm flex items-center justify-center bg-token-main-surface-primary text-token-text-primary h-8 w-8\">\n<h3><b> \u010cast\u00e9 ot\u00e1zky pre RandM Vape 15000 <\/b><b>Nab\u00edjate\u013en\u00e1 jednorazov\u00e1 vapka<\/b><\/h3>\n<div class=\"group\/conversation-turn relative flex w-full min-w-0 flex-col agent-turn\">\n<div class=\"flex-col gap-1 md:gap-3\">\n<div class=\"flex max-w-full flex-col flex-grow\">\n<div class=\"min-h-8 text-message flex w-full flex-col items-end gap-2 whitespace-normal break-words [.text-message+&amp;]:mt-5\" dir=\"auto\" data-message-author-role=\"assistant\" data-message-id=\"00c9b302-bc9c-4550-94ba-5a295efa2be3\" data-message-model-slug=\"gpt-4o\">\n<div class=\"flex w-full flex-col gap-1 empty:hidden first:pt-[3px]\">\n<div class=\"markdown prose w-full break-words dark:prose-invert light\">\n<div class=\"flex-shrink-0 flex flex-col relative items-end\">\n<div>\n<div class=\"pt-0\">\n<div class=\"gizmo-bot-avatar flex h-8 w-8 items-center justify-center overflow-hidden rounded-full\">\n<div class=\"relative p-1 rounded-sm flex items-center justify-center bg-token-main-surface-primary text-token-text-primary h-8 w-8\">\n<div class=\"flex-shrink-0 flex flex-col relative items-end\">\n<div>\n<div class=\"pt-0\">\n<div class=\"gizmo-bot-avatar flex h-8 w-8 items-center justify-center overflow-hidden rounded-full\">\n<div class=\"relative p-1 rounded-sm flex items-center justify-center bg-token-main-surface-primary text-token-text-primary h-8 w-8\">\n<p>&nbsp;<\/p>\n<p><strong>1. Kde k\u00fapi\u0165 Fumot RandM 12000 Potiahnut\u00ed za ve\u013ekoobchodn\u00fa cenu na Slovensku<\/strong><br \/>\nThe <strong>Fumot RandM 12000 Pufov<\/strong> je mo\u017en\u00e9 zak\u00fapi\u0165 za ve\u013ekoobchodn\u00e9 ceny od autorizovan\u00fdch <strong>ve\u013ekoobchod s vapkami<\/strong> distrib\u00fatorov na Slovensku alebo spo\u013eahliv\u00fdch online predajcov \u0161pecializuj\u00facich sa na <strong>RandM Vape<\/strong> produkty. Overte si pravos\u0165 dod\u00e1vate\u013ea a dodr\u017eiavanie eur\u00f3pskych noriem pre vapovanie.<\/p>\n<p><strong>2. Ko\u013eko pufov poskytuje Fumot 12k pufov?<\/strong><br \/>\nThe <strong>Fumot 12k<\/strong> poskytuje viac ako <strong>T\u00e1to vape pon\u00faka neuverite\u013en\u00fdch<\/strong>, \u010do ho rob\u00ed najlep\u0161ou vo\u013ebou pre dlhodob\u00e9 pou\u017e\u00edvanie.<\/p>\n<p><strong>3. Ako dlho vydr\u017e\u00ed popul\u00e1rna jednorazov\u00e1 vapovacia ty\u010dinka RandM 12000?<\/strong><br \/>\nThe <strong>Jednorazov\u00e1 vapovacia ty\u010dinka RandM 12000<\/strong> m\u00f4\u017ee vydr\u017ea\u0165 a\u017e dva t\u00fd\u017edne pri strednom pou\u017e\u00edvan\u00ed, v z\u00e1vislosti od frekvencie pou\u017e\u00edvania a ve\u013ekosti \u0165ahu.<\/p>\n<p><strong>4. Ak\u00e9 s\u00fa ob\u013e\u00faben\u00e9 pr\u00edchute pre jednorazov\u00fa krabi\u010dku RandM Vape 12000 Puffs?<\/strong><br \/>\nOb\u013e\u00faben\u00e9 pr\u00edchute pre <strong>RandM Vape 12000 Puffs<\/strong> zah\u0155\u0148aj\u00fa ovocn\u00e9 in\u0161pirovan\u00e9 mo\u017enosti ako Mango Ice, Mel\u00f3n a Jahoda, spolu s mentolov\u00fdmi a dezertov\u00fdmi pr\u00edchu\u0165ami, aby si ka\u017ed\u00fd na\u0161iel nie\u010do pod\u013ea chuti.<\/p>\n<p><strong>5. Ako dlho trv\u00e1 nab\u00edjanie dob\u00edjate\u013en\u00e9ho vapingu Fumot RandM 12000?<\/strong><br \/>\nThe <strong>Fumot RandM 12000 Dob\u00edjate\u013en\u00fd vaporiz\u00e9r<\/strong> trv\u00e1 pribli\u017ene <strong>1-2 hodiny<\/strong> na \u00fapln\u00e9 nabitie pomocou jeho <strong>Type-C<\/strong> syst\u00e9mu.<\/p>\n<p><strong>6. Ko\u013eko nikot\u00ednu je v digit\u00e1lnom jednorazovom vapingu RandM 12k?<\/strong><br \/>\nThe <strong>RandM 12k Digit\u00e1lny jednorazov\u00fd vaporiz\u00e9r<\/strong> je k dispoz\u00edcii v <b>2%, 5% <\/b>mo\u017enosti, pon\u00fakaj\u00face flexibilitu pre pou\u017e\u00edvate\u013eov s r\u00f4znymi preferenciami.<\/p>\n<\/div>\n<\/div>\n<\/div>\n<\/div>\n<\/div>\n<\/div>\n<\/div>\n<\/div>\n<\/div>\n<\/div>\n<div class=\"group\/conversation-turn relative flex w-full min-w-0 flex-col agent-turn\">\n<div class=\"flex-col gap-1 md:gap-3\">\n<div class=\"flex max-w-full flex-col flex-grow\">\n<div class=\"min-h-8 text-message flex w-full flex-col items-end gap-2 whitespace-normal break-words [.text-message+&amp;]:mt-5\" dir=\"auto\" data-message-author-role=\"assistant\" data-message-id=\"a3dc01bd-23b0-4fd7-bb9a-7827522cefd8\" data-message-model-slug=\"gpt-4o\">\n<div class=\"flex w-full flex-col gap-1 empty:hidden first:pt-[3px]\"><\/div>\n<\/div>\n<\/div>\n<\/div>\n<\/div>\n<\/div>\n<\/div>\n<\/div>\n<\/div>\n<\/div>\n<\/div>\n<\/div>\n<\/div>\n<\/div>\n<\/div>\n<h3>O doru\u010den\u00ed<\/h3>\n<div class=\"flex-shrink-0 flex flex-col relative items-end\">\n<div>\n<div class=\"pt-0\">\n<div class=\"gizmo-bot-avatar flex h-8 w-8 items-center justify-center overflow-hidden rounded-full\">\n<div><\/div>\n<div class=\"relative p-1 rounded-sm flex items-center justify-center bg-token-main-surface-primary text-token-text-primary h-8 w-8\"><strong>1. Ak\u00e9 sp\u00f4soby doru\u010denia pou\u017e\u00edvate?<\/strong><\/div>\n<\/div>\n<\/div>\n<\/div>\n<\/div>\n<div class=\"group\/conversation-turn relative flex w-full min-w-0 flex-col agent-turn\">\n<div class=\"flex-col gap-1 md:gap-3\">\n<div class=\"flex max-w-full flex-col flex-grow\">\n<div class=\"min-h-[20px] text-message flex w-full flex-col items-end gap-2 whitespace-normal break-words [.text-message+&amp;]:mt-5 overflow-x-auto\" dir=\"auto\" data-message-author-role=\"assistant\" data-message-id=\"22f8283b-3233-46ff-89a5-c7a41b33abda\">\n<div class=\"flex w-full flex-col gap-1 empty:hidden first:pt-[3px]\">\n<div class=\"markdown prose w-full break-words dark:prose-invert light\">\n<p>Spolupracujeme so spolo\u010dnos\u0165ami UPS, DHL, FedEx, DPD a \u010fal\u0161\u00edmi popredn\u00fdmi dopravcami. Vyberieme najlep\u0161\u00ed sp\u00f4sob doru\u010denia na z\u00e1klade va\u0161ej adresy, aby sme zaistili, \u017ee svoje produkty dostanete \u010do najr\u00fdchlej\u0161ie.<\/p>\n<\/div>\n<p><strong>2. Ako dlho trv\u00e1 doru\u010denie?<\/strong><\/p>\n<p>Bal\u00edky doru\u010dovan\u00e9 na Slovensko zvy\u010dajne dorazia do 10 pracovn\u00fdch dn\u00ed. Doru\u010denie do eur\u00f3pskych kraj\u00edn zvy\u010dajne trv\u00e1 asi 12-15 pracovn\u00fdch dn\u00ed. Budeme v\u00e1s informova\u0165 o stave doru\u010denia v re\u00e1lnom \u010dase.<\/p>\n<\/div>\n<\/div>\n<\/div>\n<\/div>\n<\/div>\n<p>&nbsp;<\/p>\n<p>N\u00e1jdite \u010fal\u0161ie vape produkty, ktor\u00e9 by sa v\u00e1m mohli p\u00e1\u010di\u0165:<strong><em><a href=\"https:\/\/rmvapesale.com\/sk\/shop-2\/\">nakupova\u0165 teraz &gt;&gt;&gt;<\/a><\/em><\/strong><\/p>","protected":false},"excerpt":{"rendered":"<p>Randm 12000 Pufov Fumot Digit\u00e1lna Jednorazov\u00e1 vape<br \/>\nRandm 12000 Fumot Digit\u00e1lna krabica vape ve\u013ekoobchod<br \/>\nFumot RandM Digit\u00e1lna krabica 12k vape ve\u013ekoobchodn\u00e1 cena<\/p>\n<p><img loading=\"lazy\" decoding=\"async\" class=\"size-full wp-image-2375\" src=\"https:\/\/rmvapesale.com\/wp-content\/uploads\/2024\/10\/image.png\" alt=\"Najlep\u0161\u00ed jednorazov\u00fd vape\" width=\"229\" height=\"300\" \/><\/p>\n<h3><a href=\"https:\/\/wa.me\/8617776015835\"><span style=\"color: #ff0000\"><strong>WhatsApp: +86 17776015835<\/strong><\/span><\/a><\/h3>\n<p>&nbsp;<\/p>","protected":false},"featured_media":2836,"comment_status":"open","ping_status":"closed","template":"","meta":{"_uag_custom_page_level_css":"","_lmt_disableupdate":"no","_lmt_disable":"","site-sidebar-layout":"default","site-content-layout":"content-boxed-container","ast-site-content-layout":"normal-width-container","site-content-style":"boxed","site-sidebar-style":"unboxed","ast-global-header-display":"","ast-banner-title-visibility":"","ast-main-header-display":"","ast-hfb-above-header-display":"","ast-hfb-below-header-display":"","ast-hfb-mobile-header-display":"","site-post-title":"","ast-breadcrumbs-content":"","ast-featured-img":"","footer-sml-layout":"","ast-disable-related-posts":"","theme-transparent-header-meta":"default","adv-header-id-meta":"","stick-header-meta":"","header-above-stick-meta":"","header-main-stick-meta":"","header-below-stick-meta":"","astra-migrate-meta-layouts":"set","ast-page-background-enabled":"default","ast-page-background-meta":{"desktop":{"background-color":"var(--ast-global-color-4)","background-image":"","background-repeat":"repeat","background-position":"center center","background-size":"auto","background-attachment":"scroll","background-type":"","background-media":"","overlay-type":"","overlay-color":"","overlay-opacity":"","overlay-gradient":""},"tablet":{"background-color":"","background-image":"","background-repeat":"repeat","background-position":"center center","background-size":"auto","background-attachment":"scroll","background-type":"","background-media":"","overlay-type":"","overlay-color":"","overlay-opacity":"","overlay-gradient":""},"mobile":{"background-color":"","background-image":"","background-repeat":"repeat","background-position":"center center","background-size":"auto","background-attachment":"scroll","background-type":"","background-media":"","overlay-type":"","overlay-color":"","overlay-opacity":"","overlay-gradient":""}},"ast-content-background-meta":{"desktop":{"background-color":"var(--ast-global-color-5)","background-image":"","background-repeat":"repeat","background-position":"center center","background-size":"auto","background-attachment":"scroll","background-type":"","background-media":"","overlay-type":"","overlay-color":"","overlay-opacity":"","overlay-gradient":""},"tablet":{"background-color":"var(--ast-global-color-5)","background-image":"","background-repeat":"repeat","background-position":"center center","background-size":"auto","background-attachment":"scroll","background-type":"","background-media":"","overlay-type":"","overlay-color":"","overlay-opacity":"","overlay-gradient":""},"mobile":{"background-color":"var(--ast-global-color-5)","background-image":"","background-repeat":"repeat","background-position":"center center","background-size":"auto","background-attachment":"scroll","background-type":"","background-media":"","overlay-type":"","overlay-color":"","overlay-opacity":"","overlay-gradient":""}},"_joinchat":[]},"product_brand":[],"product_cat":[15,27,51,25,123,30,26,28,31,137,136,135],"product_tag":[214,39,213,237,38],"class_list":{"0":"post-2837","1":"product","2":"type-product","3":"status-publish","4":"has-post-thumbnail","6":"product_cat-new-vape-this-week","7":"product_cat-fance-hot-sale-vape","8":"product_cat-fumot-vape","9":"product_cat-germany-best-selling-vape","10":"product_cat-italy-wholesale-vape","11":"product_cat-minimum-order-quantity-50pcs","12":"product_cat-netherlands-hot-sale-vape","13":"product_cat-poland-hot-sale-vape","14":"product_cat-randm-fumot-vape","15":"product_cat-rechargeable-vapes","16":"product_cat-smart-screen-vapes","17":"product_cat-spain-best-hot-sale-vape","18":"product_tag-fumot-12k","19":"product_tag-fumot-vape","20":"product_tag-randm-12000","21":"product_tag-randm-12k","22":"product_tag-randm-vape","23":"desktop-align-left","24":"tablet-align-left","25":"mobile-align-left","27":"first","28":"instock","29":"sale","30":"shipping-taxable","31":"purchasable","32":"product-type-simple"},"uagb_featured_image_src":{"full":["https:\/\/rmvapesale.com\/wp-content\/uploads\/2024\/12\/RandM-Digital-Box-12000-Puff-Disposable-Vape.jpg",1300,1300,false],"thumbnail":["https:\/\/rmvapesale.com\/wp-content\/uploads\/2024\/12\/RandM-Digital-Box-12000-Puff-Disposable-Vape-150x150.jpg",150,150,true],"medium":["https:\/\/rmvapesale.com\/wp-content\/uploads\/2024\/12\/RandM-Digital-Box-12000-Puff-Disposable-Vape-300x300.jpg",300,300,true],"medium_large":["https:\/\/rmvapesale.com\/wp-content\/uploads\/2024\/12\/RandM-Digital-Box-12000-Puff-Disposable-Vape-768x768.jpg",768,768,true],"large":["https:\/\/rmvapesale.com\/wp-content\/uploads\/2024\/12\/RandM-Digital-Box-12000-Puff-Disposable-Vape-1024x1024.jpg",1024,1024,true],"1536x1536":["https:\/\/rmvapesale.com\/wp-content\/uploads\/2024\/12\/RandM-Digital-Box-12000-Puff-Disposable-Vape.jpg",1300,1300,false],"2048x2048":["https:\/\/rmvapesale.com\/wp-content\/uploads\/2024\/12\/RandM-Digital-Box-12000-Puff-Disposable-Vape.jpg",1300,1300,false],"trp-custom-language-flag":["https:\/\/rmvapesale.com\/wp-content\/uploads\/2024\/12\/RandM-Digital-Box-12000-Puff-Disposable-Vape.jpg",12,12,false],"woocommerce_thumbnail":["https:\/\/rmvapesale.com\/wp-content\/uploads\/2024\/12\/RandM-Digital-Box-12000-Puff-Disposable-Vape-300x300.jpg",300,300,true],"woocommerce_single":["https:\/\/rmvapesale.com\/wp-content\/uploads\/2024\/12\/RandM-Digital-Box-12000-Puff-Disposable-Vape-600x600.jpg",600,600,true],"woocommerce_gallery_thumbnail":["https:\/\/rmvapesale.com\/wp-content\/uploads\/2024\/12\/RandM-Digital-Box-12000-Puff-Disposable-Vape-100x100.jpg",100,100,true],"wcpr-photo-reviews":["https:\/\/rmvapesale.com\/wp-content\/uploads\/2024\/12\/RandM-Digital-Box-12000-Puff-Disposable-Vape.jpg",500,500,false]},"uagb_author_info":{"display_name":"AMY","author_link":"https:\/\/rmvapesale.com\/sk\/author\/"},"uagb_comment_info":0,"uagb_excerpt":"Randm 12000 Puffs Fumot Digital Disposable Vape Randm 12000 Fumot Digital Box Vape Wholesale Fumot RandM Digital Box 12k Vape Bulk Price WhatsApp: +86 17776015835 &nbsp;","_links":{"self":[{"href":"https:\/\/rmvapesale.com\/sk\/wp-json\/wp\/v2\/product\/2837","targetHints":{"allow":["GET"]}}],"collection":[{"href":"https:\/\/rmvapesale.com\/sk\/wp-json\/wp\/v2\/product"}],"about":[{"href":"https:\/\/rmvapesale.com\/sk\/wp-json\/wp\/v2\/types\/product"}],"replies":[{"embeddable":true,"href":"https:\/\/rmvapesale.com\/sk\/wp-json\/wp\/v2\/comments?post=2837"}],"wp:featuredmedia":[{"embeddable":true,"href":"https:\/\/rmvapesale.com\/sk\/wp-json\/wp\/v2\/media\/2836"}],"wp:attachment":[{"href":"https:\/\/rmvapesale.com\/sk\/wp-json\/wp\/v2\/media?parent=2837"}],"wp:term":[{"taxonomy":"product_brand","embeddable":true,"href":"https:\/\/rmvapesale.com\/sk\/wp-json\/wp\/v2\/product_brand?post=2837"},{"taxonomy":"product_cat","embeddable":true,"href":"https:\/\/rmvapesale.com\/sk\/wp-json\/wp\/v2\/product_cat?post=2837"},{"taxonomy":"product_tag","embeddable":true,"href":"https:\/\/rmvapesale.com\/sk\/wp-json\/wp\/v2\/product_tag?post=2837"}],"curies":[{"name":"wp","href":"https:\/\/api.w.org\/{rel}","templated":true}]}}