{"id":2844,"date":"2024-12-05T03:09:35","date_gmt":"2024-12-05T03:09:35","guid":{"rendered":"https:\/\/rmvapesale.com\/?post_type=product&#038;p=2844"},"modified":"2024-12-05T03:34:03","modified_gmt":"2024-12-05T03:34:03","slug":"vopk-ultra-40000-puffs-double-taste-digital-screen-spaceman-disposable-vape-wholesale","status":"publish","type":"product","link":"https:\/\/rmvapesale.com\/sk\/product\/vopk-ultra-40000-puffs-double-taste-digital-screen-spaceman-disposable-vape-wholesale\/","title":{"rendered":"VOPK ULTRA 40000 \u0165ahov s dvojitou pr\u00edchu\u0165ou, digit\u00e1lna obrazovka, jednorazov\u00e9 vapy Spaceman, ve\u013ekoobchod"},"content":{"rendered":"<div class=\"B2VR9 CJHX3e\">\n<div class=\"wyccme\">\n<h1 class=\"LC20lb MBeuO DKV0Md\">VOPK ULTRA 40000 \u0165ahov s dvojitou pr\u00edchu\u0165ou, digit\u00e1lna obrazovka, jednorazov\u00e9 vapy Spaceman, ve\u013ekoobchod<\/h1>\n<div class=\"flex-shrink-0 flex flex-col relative items-end\">\n<div class=\"pt-0\">\n<div class=\"gizmo-bot-avatar flex h-8 w-8 items-center justify-center overflow-hidden rounded-full\">\n<div class=\"relative p-1 rounded-sm flex items-center justify-center bg-token-main-surface-primary text-token-text-primary h-8 w-8\">\n<p>The <strong>VOPK ULTRA 40000 \u0165ahov Dvojit\u00e1 pr\u00edchu\u0165 Digit\u00e1lny displej Spaceman Jednorazov\u00fd vape<\/strong>\u00a0 je \u0161pi\u010dkov\u00fd z\u00e1\u017eitok z vapovania, ktor\u00fd vydr\u017e\u00ed dlh\u0161ie, pon\u00faka viac chuti a informuje v\u00e1s. Tento pr\u00e9miov\u00fd jednorazov\u00fd vape, navrhnut\u00fd pre nad\u0161encov, ktor\u00ed po\u017eaduj\u00fa v\u00fdkon aj pohodlie, je k dispoz\u00edcii za bezkonkuren\u010dn\u00fa cenu <strong>ve\u013ekoobchodn\u00e9 ceny<\/strong>, \u010do z neho rob\u00ed vynikaj\u00facu vo\u013ebu pre osobn\u00e9 pou\u017eitie alebo hromadn\u00e9 n\u00e1kupy.<\/p>\n<p>S neuverite\u013en\u00fdmi <strong>40 000 potiahnut\u00ed<\/strong>, ten <strong>VOPK ULTRA 40000<\/strong> zaru\u010duje dlhotrvaj\u00face uspokojenie, \u010faleko prevy\u0161uj\u00face v\u00e4\u010d\u0161inu jednorazov\u00fdch v\u00fdrobkov na trhu. Jeho <strong>36 ml kapacita e-liquidu<\/strong> poskytuje dostatok pary na vychutnanie si po\u010das cel\u00e9ho d\u0148a. Inovat\u00edvna funkcia <strong>dvojitej pr\u00edchute<\/strong> v\u00e1m umo\u017e\u0148uje jednoducho prep\u00edna\u0165 medzi dvoma vzru\u0161uj\u00facimi pr\u00edchu\u0165ami, \u010do pon\u00faka rozmanit\u00fd z\u00e1\u017eitok z vapovania pri ka\u017edom potiahnut\u00ed.<\/p>\n<p>Vybaven\u00e9 s <strong>inteligentn\u00fdm LED displejom<\/strong>, tento <strong>LED displej Jednorazov\u00fd vape<\/strong> sleduje \u017eivotnos\u0165 bat\u00e9rie a hladinu e-liquidu v re\u00e1lnom \u010dase, \u010do u\u013eah\u010duje preh\u013ead o va\u0161om pou\u017e\u00edvan\u00ed. Funkcia <strong>dob\u00edjania cez Type-C<\/strong> zais\u0165uje r\u00fdchle a efekt\u00edvne nab\u00edjanie, tak\u017ee na \u010fal\u0161iu rel\u00e1ciu nikdy nebudete musie\u0165 dlho \u010daka\u0165.<\/p>\n<p>\u010ci u\u017e uprednost\u0148ujete <strong>2%<\/strong> or <strong>5% nikot\u00edn<\/strong>, ten <strong>VOPK 40K<\/strong> poskytuje dokonal\u00fa rovnov\u00e1hu sily pre ka\u017ed\u00e9ho u\u017e\u00edvate\u013ea. Navy\u0161e, s 10 lahodn\u00fdmi pr\u00edchu\u0165ami na v\u00fdber, od ovocn\u00fdch zmes\u00ed po chladiv\u00e9 m\u00e4tov\u00e9 varianty, si ka\u017ed\u00fd n\u00e1jde svoju pr\u00edchu\u0165.<\/p>\n<p>Ide\u00e1lne pre maloobchodn\u00edkov alebo pre t\u00fdch, ktor\u00ed h\u013eadaj\u00fa <strong>jednorazov\u00fd vape s n\u00edzkym obsahom nikot\u00ednu<\/strong>, ten <strong>VOPK ULTRA 40000<\/strong> prin\u00e1\u0161a v\u0161etko, \u010do potrebujete \u2013 pred\u013a\u017een\u00fd po\u010det po\u0165ahov, du\u00e1lne pr\u00edchute a modern\u00fa technol\u00f3giu \u2013 to v\u0161etko v elegantnom, prenosnom dizajne. Vyberte si <strong>VOPK ULTRA 40000<\/strong> pre pokro\u010dil\u00fd z\u00e1\u017eitok z vapovania, ktor\u00fd sp\u00e1ja inov\u00e1ciu a cenov\u00fa dostupnos\u0165 v jednom zariaden\u00ed.<\/p>\n<\/div>\n<\/div>\n<\/div>\n<\/div>\n<\/div>\n<\/div>\n<p><strong>Kontaktujte Amy pre spr\u00e1vnu odpove\u010f a vape kup\u00f3n!<\/strong><\/p>\n<p><img loading=\"lazy\" decoding=\"async\" class=\"size-full wp-image-1978\" src=\"https:\/\/rmvapesale.com\/wp-content\/uploads\/2024\/09\/Disposable-Vape-Wholesale.jpg\" alt=\"Jednorazov\u00fd vape ve\u013ekoobchod\" width=\"229\" height=\"300\" \/><\/p>\n<h3><a href=\"https:\/\/wa.me\/8617776015835\" target=\"_blank\" rel=\"noopener\"><span style=\"color: #ff0000\"><strong>WhatsApp: +86 17776015835<\/strong><\/span><\/a><\/h3>\n<h2><\/h2>\n<h2><strong>VOPK 40000 Hlavn\u00e9 vlastnosti<\/strong><\/h2>\n<p>Po\u010det po\u0165ahov: 40000 po\u0165ahov<br \/>\nE-liquid: 36 ml<br \/>\nNikot\u00edn: 2%\/5%<br \/>\nNab\u00edjate\u013en\u00e9 cez USB-C pre r\u00fdchle nab\u00edjanie<br \/>\nInteligentn\u00fd LED displej zobrazuje stav bat\u00e9rie a hladinu e-liquidu<br \/>\nVychutnajte si dvojit\u00fa pr\u00edchu\u0165 s jedn\u00fdm zariaden\u00edm na vapovanie<br \/>\n10 pr\u00edchut\u00ed na v\u00fdber<\/p>\n<h2><\/h2>\n<h2><strong>Zoznam pr\u00edchut\u00ed VOPK 40K<\/strong><\/h2>\n<p>1. Jahoda Vodn\u00fd mel\u00f3n \/ Kivi Mu\u010denka Guava<br \/>\n2. \u010cu\u010doriedka Malina \/ Brosky\u0148a Mango Vodn\u00fd mel\u00f3n<br \/>\n3. Modr\u00e1 Malina Gumen\u00fd medved\u00edk \/ Jahoda Kivi<br \/>\n4. Modr\u00e1 Malina \u010cere\u0161\u0148a \/ Jahoda Malina<br \/>\n5. \u0160umiv\u00fd Citr\u00f3n<br \/>\n6.Mel\u00f3nov\u00fd \u013ead \/Modr\u00fd Razz \u013ead<br \/>\n7.Modr\u00fd Razz Anan\u00e1s \/Trojit\u00e9 Mango<br \/>\n8.Hrozno Lesn\u00e9 plody \/Hru\u0161ka Jablko Malina<br \/>\n9.Jahoda Brusnica \u010cere\u0161\u0148a\/Anan\u00e1s Mu\u010denka Limetka<br \/>\n10.\u010cu\u010doriedka Jahoda Mentol\/\u010cu\u010doriedka Malina Mentol<\/p>\n<p>&nbsp;<\/p>\n<p>&nbsp;<\/p>\n<h3><strong>Pre\u010do si vybra\u0165 Rmvapesale pre VOPK ULTRA 40000 Puffs <\/strong><strong>V<\/strong><strong>Ve\u013ekoobchod s vape<\/strong><strong>?<\/strong><\/h3>\n<div class=\"flex-shrink-0 flex flex-col relative items-end\">\n<div class=\"pt-0\">\n<div class=\"gizmo-bot-avatar flex h-8 w-8 items-center justify-center overflow-hidden rounded-full\">\n<div class=\"relative p-1 rounded-sm flex items-center justify-center bg-token-main-surface-primary text-token-text-primary h-8 w-8\">\n<p>Vitajte v Rmvapesale, va\u0161om d\u00f4veryhodnom obchode s vape pre pr\u00e9miov\u00e9 jednorazov\u00e9 vapy. S viac ako 5 ro\u010dn\u00fdmi sk\u00fasenos\u0165ami v\u00e1m prin\u00e1\u0161ame popul\u00e1rne zna\u010dky jednorazov\u00fdch vape ako Al Fakher, Vapme Vape, <a href=\"https:\/\/rmvapesale.com\/sk\/product-category\/bang-vapes\/\">Bang Vape<\/a>, Waspe, WGA Vape a<a href=\"https:\/\/rmvapesale.com\/sk\/product-category\/randm-fumot-vape\/\"> RandM Vape<\/a>.<\/p>\n<p>N\u00e1\u0161 sortiment zah\u0155\u0148a popul\u00e1rne jednorazov\u00e9 vapky ako <a href=\"https:\/\/rmvapesale.com\/sk\/product\/randm-tornado-15000-puffs-vape-wholesale\/\">RandM Tornado 15000<\/a> a chu\u0165ovo bohat\u00e9 mo\u017enosti ako Vapme 70000. Ka\u017ed\u00fd produkt je vybran\u00fd so zameran\u00edm na kvalitu, hodnotu a rozmanitos\u0165, \u010d\u00edm zabezpe\u010dujeme, \u017ee n\u00e1jdete perfektn\u00fa zhodu pre va\u0161e potreby. Objavte v\u00fdnimo\u010dn\u00fd servis a \u0161irok\u00fd sortiment \u0161pi\u010dkov\u00fdch produktov na Rmvapesale.<\/p>\n<\/div>\n<h3><\/h3>\n<div class=\"relative p-1 rounded-sm flex items-center justify-center bg-token-main-surface-primary text-token-text-primary h-8 w-8\">\n<h3><b> \u010cast\u00e9 ot\u00e1zky k VOPK 40000 Puffs <\/b><b>Nab\u00edjate\u013en\u00e1 jednorazov\u00e1 vapka<\/b><\/h3>\n<div class=\"group\/conversation-turn relative flex w-full min-w-0 flex-col agent-turn\">\n<div class=\"flex-col gap-1 md:gap-3\">\n<div class=\"flex max-w-full flex-col flex-grow\">\n<div class=\"min-h-8 text-message flex w-full flex-col items-end gap-2 whitespace-normal break-words [.text-message+&amp;]:mt-5\" dir=\"auto\" data-message-author-role=\"assistant\" data-message-id=\"00c9b302-bc9c-4550-94ba-5a295efa2be3\" data-message-model-slug=\"gpt-4o\">\n<div class=\"flex w-full flex-col gap-1 empty:hidden first:pt-[3px]\">\n<div class=\"markdown prose w-full break-words dark:prose-invert light\">\n<div class=\"flex-shrink-0 flex flex-col relative items-end\">\n<div>\n<div class=\"pt-0\">\n<div class=\"gizmo-bot-avatar flex h-8 w-8 items-center justify-center overflow-hidden rounded-full\">\n<div class=\"relative p-1 rounded-sm flex items-center justify-center bg-token-main-surface-primary text-token-text-primary h-8 w-8\">\n<div class=\"flex-shrink-0 flex flex-col relative items-end\">\n<div>\n<div class=\"pt-0\">\n<div class=\"gizmo-bot-avatar flex h-8 w-8 items-center justify-center overflow-hidden rounded-full\">\n<div class=\"relative p-1 rounded-sm flex items-center justify-center bg-token-main-surface-primary text-token-text-primary h-8 w-8\">\n<p><strong>1. Kde k\u00fapi\u0165 VOPK 40000 Puffs za ve\u013ekoobchodn\u00fa cenu na Slovensku<\/strong><br \/>\nM\u00f4\u017eete si k\u00fapi\u0165 <strong>VOPK 40000 \u0165ahov<\/strong> za ve\u013ekoobchodn\u00e9 ceny prostredn\u00edctvom autorizovan\u00fdch distrib\u00fatorov alebo renomovan\u00fdch online predajcov vape, ktor\u00ed sa \u0161pecializuj\u00fa na <strong>ve\u013ekoobchod s vapkami<\/strong> na Slovensku. H\u013eadajte obchody, ktor\u00e9 pon\u00fakaj\u00fa hromadn\u00e9 ceny a priame z\u00e1sielky.<\/p>\n<p><strong>2. Ko\u013eko \u0165ahov poskytuje VOPK 40k Puffs?<\/strong><br \/>\nThe <strong>VOPK 40k<\/strong> poskytuje p\u00f4sobiv\u00e9 <strong>40 000 potiahnut\u00ed<\/strong>, \u010do z neho rob\u00ed jeden z najdlh\u0161ie trvaj\u00facich jednorazov\u00fdch vape, ktor\u00e9 s\u00fa k dispoz\u00edcii na trhu.<\/p>\n<p><strong>3. Ako dlho vydr\u017e\u00ed popul\u00e1rny jednorazov\u00fd vape box VOPK 40000 Ultra?<\/strong><br \/>\nThe <strong>Jednorazov\u00fd vape box VOPK 40000 Ultra<\/strong> m\u00f4\u017ee vydr\u017ea\u0165 2-4 t\u00fd\u017edne v z\u00e1vislosti od pou\u017e\u00edvania. Pre be\u017en\u00fdch pou\u017e\u00edvate\u013eov by to znamenalo nieko\u013eko dn\u00ed nepretr\u017eit\u00e9ho vapovania.<\/p>\n<p><strong>4. Ak\u00e9 s\u00fa ob\u013e\u00faben\u00e9 pr\u00edchute pre digit\u00e1lny box VOPK 40k Puffs?<\/strong><br \/>\nThe <strong>Digit\u00e1lny box VOPK 40k Puffs<\/strong> pon\u00faka r\u00f4zne popul\u00e1rne pr\u00edchute, vr\u00e1tane ovocn\u00fdch mo\u017enost\u00ed ako Mango, Jahoda a Vodn\u00fd mel\u00f3n, ako aj mentolov\u00e9 a dezertn\u00e9 zmesi. Tieto pr\u00edchute uspokoja \u0161irok\u00fa \u0161k\u00e1lu preferenci\u00ed.<\/p>\n<p><strong>5. Ako dlho trv\u00e1 nab\u00edjanie jednorazov\u00e9ho vape VOPK 40k Puffs Spaceman?<\/strong><br \/>\nThe <strong>Jednorazov\u00fd vape VOPK 40k Puffs Spaceman<\/strong> trv\u00e1 pribli\u017ene <strong>1-2 hodiny<\/strong> na pln\u00e9 nabitie pomocou jeho <strong>Type-C<\/strong> portu.<\/p>\n<p><strong>6. Ko\u013eko nikot\u00ednu je v jednorazovom vape VOPK 40k Digital box?<\/strong><br \/>\nThe <strong>Jednorazov\u00fd vape VOPK 40k Digital box<\/strong> je k dispoz\u00edcii v <strong>2%<\/strong> a <strong>5% nikot\u00edn<\/strong> mo\u017enostiach, \u010do pou\u017e\u00edvate\u013eom umo\u017e\u0148uje vybra\u0165 si na z\u00e1klade preferovanej sily.<\/p>\n<p>&nbsp;<\/p>\n<\/div>\n<\/div>\n<\/div>\n<\/div>\n<\/div>\n<\/div>\n<\/div>\n<\/div>\n<\/div>\n<\/div>\n<div class=\"group\/conversation-turn relative flex w-full min-w-0 flex-col agent-turn\">\n<div class=\"flex-col gap-1 md:gap-3\">\n<div class=\"flex max-w-full flex-col flex-grow\">\n<div class=\"min-h-8 text-message flex w-full flex-col items-end gap-2 whitespace-normal break-words [.text-message+&amp;]:mt-5\" dir=\"auto\" data-message-author-role=\"assistant\" data-message-id=\"a3dc01bd-23b0-4fd7-bb9a-7827522cefd8\" data-message-model-slug=\"gpt-4o\">\n<div class=\"flex w-full flex-col gap-1 empty:hidden first:pt-[3px]\"><\/div>\n<\/div>\n<\/div>\n<\/div>\n<\/div>\n<\/div>\n<\/div>\n<\/div>\n<\/div>\n<\/div>\n<\/div>\n<\/div>\n<\/div>\n<\/div>\n<\/div>\n<h3>O doru\u010den\u00ed<\/h3>\n<div class=\"flex-shrink-0 flex flex-col relative items-end\">\n<div>\n<div class=\"pt-0\">\n<div class=\"gizmo-bot-avatar flex h-8 w-8 items-center justify-center overflow-hidden rounded-full\">\n<div><\/div>\n<div class=\"relative p-1 rounded-sm flex items-center justify-center bg-token-main-surface-primary text-token-text-primary h-8 w-8\"><strong>1. Ak\u00e9 sp\u00f4soby doru\u010denia pou\u017e\u00edvate?<\/strong><\/div>\n<\/div>\n<\/div>\n<\/div>\n<\/div>\n<div class=\"group\/conversation-turn relative flex w-full min-w-0 flex-col agent-turn\">\n<div class=\"flex-col gap-1 md:gap-3\">\n<div class=\"flex max-w-full flex-col flex-grow\">\n<div class=\"min-h-[20px] text-message flex w-full flex-col items-end gap-2 whitespace-normal break-words [.text-message+&amp;]:mt-5 overflow-x-auto\" dir=\"auto\" data-message-author-role=\"assistant\" data-message-id=\"22f8283b-3233-46ff-89a5-c7a41b33abda\">\n<div class=\"flex w-full flex-col gap-1 empty:hidden first:pt-[3px]\">\n<div class=\"markdown prose w-full break-words dark:prose-invert light\">\n<p>Spolupracujeme so spolo\u010dnos\u0165ami UPS, DHL, FedEx, DPD a \u010fal\u0161\u00edmi popredn\u00fdmi dopravcami. Vyberieme najlep\u0161\u00ed sp\u00f4sob doru\u010denia na z\u00e1klade va\u0161ej adresy, aby sme zaistili, \u017ee svoje produkty dostanete \u010do najr\u00fdchlej\u0161ie.<\/p>\n<\/div>\n<p><strong>2. Ako dlho trv\u00e1 doru\u010denie?<\/strong><\/p>\n<p>Bal\u00edky doru\u010dovan\u00e9 na Slovensko zvy\u010dajne dorazia do 10 pracovn\u00fdch dn\u00ed. Doru\u010denie do eur\u00f3pskych kraj\u00edn zvy\u010dajne trv\u00e1 asi 12-15 pracovn\u00fdch dn\u00ed. Budeme v\u00e1s informova\u0165 o stave doru\u010denia v re\u00e1lnom \u010dase.<\/p>\n<\/div>\n<\/div>\n<\/div>\n<\/div>\n<\/div>\n<p>&nbsp;<\/p>\n<p>N\u00e1jdite \u010fal\u0161ie vape produkty, ktor\u00e9 by sa v\u00e1m mohli p\u00e1\u010di\u0165:<strong><em><a href=\"https:\/\/rmvapesale.com\/sk\/shop-2\/\">nakupova\u0165 teraz &gt;&gt;&gt;<\/a><\/em><\/strong><\/p>","protected":false},"excerpt":{"rendered":"<p>VOPK 40000 \u0165ahov Spaceman Jednorazov\u00fd vape Ve\u013ekoobchod<br \/>\nVOPK 40000 40K \u0165ahov Dob\u00edjate\u013en\u00fd jednorazov\u00fd vape Ve\u013ekoobchodn\u00e1 cena<br \/>\nHor\u00faci predaj Jednorazov\u00e9 vape pero 40000 VOPK Ultra<\/p>\n<p><strong>Kontaktujte Amy pre spr\u00e1vnu odpove\u010f a vape kup\u00f3n!<\/strong><\/p>\n<p><img loading=\"lazy\" decoding=\"async\" class=\"size-full wp-image-2375\" src=\"https:\/\/rmvapesale.com\/wp-content\/uploads\/2024\/10\/image.png\" alt=\"Najlep\u0161\u00ed jednorazov\u00fd vape\" width=\"229\" height=\"300\" \/><\/p>\n<h3><a href=\"https:\/\/wa.me\/8617776015835\"><span style=\"color: #ff0000\"><strong>WhatsApp: +86 17776015835<\/strong><\/span><\/a><\/h3>\n<p>&nbsp;<\/p>","protected":false},"featured_media":2840,"comment_status":"open","ping_status":"closed","template":"","meta":{"_uag_custom_page_level_css":"","_lmt_disableupdate":"no","_lmt_disable":"","site-sidebar-layout":"default","site-content-layout":"content-boxed-container","ast-site-content-layout":"normal-width-container","site-content-style":"boxed","site-sidebar-style":"unboxed","ast-global-header-display":"","ast-banner-title-visibility":"","ast-main-header-display":"","ast-hfb-above-header-display":"","ast-hfb-below-header-display":"","ast-hfb-mobile-header-display":"","site-post-title":"","ast-breadcrumbs-content":"","ast-featured-img":"","footer-sml-layout":"","ast-disable-related-posts":"","theme-transparent-header-meta":"default","adv-header-id-meta":"","stick-header-meta":"","header-above-stick-meta":"","header-main-stick-meta":"","header-below-stick-meta":"","astra-migrate-meta-layouts":"set","ast-page-background-enabled":"default","ast-page-background-meta":{"desktop":{"background-color":"var(--ast-global-color-4)","background-image":"","background-repeat":"repeat","background-position":"center center","background-size":"auto","background-attachment":"scroll","background-type":"","background-media":"","overlay-type":"","overlay-color":"","overlay-opacity":"","overlay-gradient":""},"tablet":{"background-color":"","background-image":"","background-repeat":"repeat","background-position":"center center","background-size":"auto","background-attachment":"scroll","background-type":"","background-media":"","overlay-type":"","overlay-color":"","overlay-opacity":"","overlay-gradient":""},"mobile":{"background-color":"","background-image":"","background-repeat":"repeat","background-position":"center center","background-size":"auto","background-attachment":"scroll","background-type":"","background-media":"","overlay-type":"","overlay-color":"","overlay-opacity":"","overlay-gradient":""}},"ast-content-background-meta":{"desktop":{"background-color":"var(--ast-global-color-5)","background-image":"","background-repeat":"repeat","background-position":"center center","background-size":"auto","background-attachment":"scroll","background-type":"","background-media":"","overlay-type":"","overlay-color":"","overlay-opacity":"","overlay-gradient":""},"tablet":{"background-color":"var(--ast-global-color-5)","background-image":"","background-repeat":"repeat","background-position":"center center","background-size":"auto","background-attachment":"scroll","background-type":"","background-media":"","overlay-type":"","overlay-color":"","overlay-opacity":"","overlay-gradient":""},"mobile":{"background-color":"var(--ast-global-color-5)","background-image":"","background-repeat":"repeat","background-position":"center center","background-size":"auto","background-attachment":"scroll","background-type":"","background-media":"","overlay-type":"","overlay-color":"","overlay-opacity":"","overlay-gradient":""}},"_joinchat":[]},"product_brand":[],"product_cat":[15,27,25,123,30,26,28,137,136,135],"product_tag":[111,120,238,42],"class_list":{"0":"post-2844","1":"product","2":"type-product","3":"status-publish","4":"has-post-thumbnail","6":"product_cat-new-vape-this-week","7":"product_cat-fance-hot-sale-vape","8":"product_cat-germany-best-selling-vape","9":"product_cat-italy-wholesale-vape","10":"product_cat-minimum-order-quantity-50pcs","11":"product_cat-netherlands-hot-sale-vape","12":"product_cat-poland-hot-sale-vape","13":"product_cat-rechargeable-vapes","14":"product_cat-smart-screen-vapes","15":"product_cat-spain-best-hot-sale-vape","16":"product_tag-low-nicotine-disposable-vape","17":"product_tag-vape-wholesale","18":"product_tag-vopk-40000","19":"product_tag-vopk-vape","20":"desktop-align-left","21":"tablet-align-left","22":"mobile-align-left","24":"first","25":"instock","26":"sale","27":"shipping-taxable","28":"purchasable","29":"product-type-simple"},"uagb_featured_image_src":{"full":["https:\/\/rmvapesale.com\/wp-content\/uploads\/2024\/12\/VOPK-40000-Rechargeable-Disposable-Vape.jpg",1126,1126,false],"thumbnail":["https:\/\/rmvapesale.com\/wp-content\/uploads\/2024\/12\/VOPK-40000-Rechargeable-Disposable-Vape-150x150.jpg",150,150,true],"medium":["https:\/\/rmvapesale.com\/wp-content\/uploads\/2024\/12\/VOPK-40000-Rechargeable-Disposable-Vape-300x300.jpg",300,300,true],"medium_large":["https:\/\/rmvapesale.com\/wp-content\/uploads\/2024\/12\/VOPK-40000-Rechargeable-Disposable-Vape-768x768.jpg",768,768,true],"large":["https:\/\/rmvapesale.com\/wp-content\/uploads\/2024\/12\/VOPK-40000-Rechargeable-Disposable-Vape-1024x1024.jpg",1024,1024,true],"1536x1536":["https:\/\/rmvapesale.com\/wp-content\/uploads\/2024\/12\/VOPK-40000-Rechargeable-Disposable-Vape.jpg",1126,1126,false],"2048x2048":["https:\/\/rmvapesale.com\/wp-content\/uploads\/2024\/12\/VOPK-40000-Rechargeable-Disposable-Vape.jpg",1126,1126,false],"trp-custom-language-flag":["https:\/\/rmvapesale.com\/wp-content\/uploads\/2024\/12\/VOPK-40000-Rechargeable-Disposable-Vape.jpg",12,12,false],"woocommerce_thumbnail":["https:\/\/rmvapesale.com\/wp-content\/uploads\/2024\/12\/VOPK-40000-Rechargeable-Disposable-Vape-300x300.jpg",300,300,true],"woocommerce_single":["https:\/\/rmvapesale.com\/wp-content\/uploads\/2024\/12\/VOPK-40000-Rechargeable-Disposable-Vape-600x600.jpg",600,600,true],"woocommerce_gallery_thumbnail":["https:\/\/rmvapesale.com\/wp-content\/uploads\/2024\/12\/VOPK-40000-Rechargeable-Disposable-Vape-100x100.jpg",100,100,true],"wcpr-photo-reviews":["https:\/\/rmvapesale.com\/wp-content\/uploads\/2024\/12\/VOPK-40000-Rechargeable-Disposable-Vape.jpg",500,500,false]},"uagb_author_info":{"display_name":"AMY","author_link":"https:\/\/rmvapesale.com\/sk\/author\/"},"uagb_comment_info":0,"uagb_excerpt":"VOPK 40000 Puffs Spaceman Disposable Vape Wholesale VOPK 40000 40K Puffs Rechargeable Disposable Vape Wholesale Price Hot Sell Disposable Vape Pen 40000 VOPK Ultra Contact Amy to get right reply and vape coupon! WhatsApp: +86 17776015835 &nbsp;","_links":{"self":[{"href":"https:\/\/rmvapesale.com\/sk\/wp-json\/wp\/v2\/product\/2844","targetHints":{"allow":["GET"]}}],"collection":[{"href":"https:\/\/rmvapesale.com\/sk\/wp-json\/wp\/v2\/product"}],"about":[{"href":"https:\/\/rmvapesale.com\/sk\/wp-json\/wp\/v2\/types\/product"}],"replies":[{"embeddable":true,"href":"https:\/\/rmvapesale.com\/sk\/wp-json\/wp\/v2\/comments?post=2844"}],"wp:featuredmedia":[{"embeddable":true,"href":"https:\/\/rmvapesale.com\/sk\/wp-json\/wp\/v2\/media\/2840"}],"wp:attachment":[{"href":"https:\/\/rmvapesale.com\/sk\/wp-json\/wp\/v2\/media?parent=2844"}],"wp:term":[{"taxonomy":"product_brand","embeddable":true,"href":"https:\/\/rmvapesale.com\/sk\/wp-json\/wp\/v2\/product_brand?post=2844"},{"taxonomy":"product_cat","embeddable":true,"href":"https:\/\/rmvapesale.com\/sk\/wp-json\/wp\/v2\/product_cat?post=2844"},{"taxonomy":"product_tag","embeddable":true,"href":"https:\/\/rmvapesale.com\/sk\/wp-json\/wp\/v2\/product_tag?post=2844"}],"curies":[{"name":"wp","href":"https:\/\/api.w.org\/{rel}","templated":true}]}}