{"id":2854,"date":"2024-12-09T09:37:36","date_gmt":"2024-12-09T09:37:36","guid":{"rendered":"https:\/\/rmvapesale.com\/?post_type=product&#038;p=2854"},"modified":"2024-12-09T09:52:38","modified_gmt":"2024-12-09T09:52:38","slug":"bang-vape-36000-puffs-rechargeable-disposable-vape-wholesale-price","status":"publish","type":"product","link":"https:\/\/rmvapesale.com\/sk\/product\/bang-vape-36000-puffs-rechargeable-disposable-vape-wholesale-price\/","title":{"rendered":"Bang Vape 36000 \u0164ahov Nab\u00edjate\u013en\u00e1 Jednorazov\u00e1 Vape Ve\u013ekoobchodn\u00e1 Cena"},"content":{"rendered":"<div class=\"B2VR9 CJHX3e\">\n<div class=\"wyccme\">\n<div class=\"flex-shrink-0 flex flex-col relative items-end\">\n<div class=\"pt-0\">\n<div class=\"gizmo-bot-avatar flex h-8 w-8 items-center justify-center overflow-hidden rounded-full\">\n<div class=\"relative p-1 rounded-sm flex items-center justify-center bg-token-main-surface-primary text-token-text-primary h-8 w-8\">\n<div class=\"flex-shrink-0 flex flex-col relative items-end\">\n<div>\n<div class=\"pt-0\">\n<div class=\"gizmo-bot-avatar flex h-8 w-8 items-center justify-center overflow-hidden rounded-full\">\n<h1 class=\"relative p-1 rounded-sm flex items-center justify-center bg-token-main-surface-primary text-token-text-primary h-8 w-8\"><strong style=\"font-size: 1.5em\">Bang Vape 36000 \u0164ahov Nab\u00edjate\u013en\u00e1 Jednorazov\u00e1 Vape Ve\u013ekoobchodn\u00e1 Cena<\/strong><\/h1>\n<\/div>\n<\/div>\n<\/div>\n<\/div>\n<\/div>\n<\/div>\n<\/div>\n<\/div>\n<div class=\"group\/conversation-turn relative flex w-full min-w-0 flex-col agent-turn\">\n<div class=\"flex-col gap-1 md:gap-3\">\n<div class=\"flex max-w-full flex-col flex-grow\">\n<div class=\"min-h-8 text-message flex w-full flex-col items-end gap-2 whitespace-normal break-words text-start [.text-message+&amp;]:mt-5\" dir=\"auto\" data-message-author-role=\"assistant\" data-message-id=\"80ece0c4-ead1-4ed9-a9f0-ddc22582b4f4\" data-message-model-slug=\"gpt-4o\">\n<div class=\"flex w-full flex-col gap-1 empty:hidden first:pt-[3px]\">\n<div class=\"markdown prose w-full break-words dark:prose-invert light\">\n<h3><\/h3>\n<\/div>\n<\/div>\n<\/div>\n<\/div>\n<\/div>\n<\/div>\n<div class=\"flex-shrink-0 flex flex-col relative items-end\">\n<div class=\"pt-0\">\n<div class=\"gizmo-bot-avatar flex h-8 w-8 items-center justify-center overflow-hidden rounded-full\">\n<div class=\"relative p-1 rounded-sm flex items-center justify-center bg-token-main-surface-primary text-token-text-primary h-8 w-8\">\n<p>Bang Vape 36000 \u0164ahov Nab\u00edjate\u013en\u00e1 Jednorazov\u00e1 Vape je \u0161pi\u010dkov\u00e9 zariadenie navrhnut\u00e9 tak, aby poskytovalo bezkonkuren\u010dn\u00fd v\u00fdkon, v\u00fdnimo\u010dn\u00fa chu\u0165 a vynikaj\u00facu \u017eivotnos\u0165. S 36 000 \u0165ahmi je ur\u010den\u00fd pre pou\u017e\u00edvate\u013eov, ktor\u00ed po\u017eaduj\u00fa dlhodob\u00e9 pou\u017e\u00edvanie a pr\u00e9miov\u00fa spokojnos\u0165 bez probl\u00e9mov s neust\u00e1lymi v\u00fdmenami.<\/p>\n<p>Bang Vape 36000 je tie\u017e vybaven\u00fd inteligentn\u00fdm LED displejom, ktor\u00fd zobrazuje \u017eivotnos\u0165 bat\u00e9rie aj hladinu e-liquidu, tak\u017ee budete v\u017edy presne vedie\u0165, kedy je \u010das na dobitie alebo doplnenie. S mo\u017enos\u0165ami pre 0%, 2%, 3% a 5% nikot\u00edn, toto zariadenie je mo\u017en\u00e9 prisp\u00f4sobi\u0165 tak, aby zodpovedalo va\u0161ej preferovanej sile nikot\u00ednu, v\u010faka \u010domu je ide\u00e1lne pre pr\u00edle\u017eitostn\u00fdch aj intenz\u00edvnej\u0161\u00edch vaperov.<\/p>\n<p>Za ve\u013ekoobchodn\u00e9 ceny pon\u00faka Bang Vape 36000 \u0164ahov Nab\u00edjate\u013en\u00e1 Jednorazov\u00e1 Vape neuverite\u013en\u00fa hodnotu pre maloobchodn\u00edkov a podniky zaoberaj\u00face sa vapingom. V\u010faka svojmu dlhotrvaj\u00facemu v\u00fdkonu, v\u0161estrann\u00fdm mo\u017enostiam pr\u00edchut\u00ed a prisp\u00f4sobite\u013en\u00fdm sil\u00e1m nikot\u00ednu je to ide\u00e1lny produkt pre t\u00fdch, ktor\u00ed h\u013eadaj\u00fa vysokokvalitn\u00e9 jednorazov\u00e9 vapy za dostupn\u00e9 ve\u013ekoobchodn\u00e9 ceny.<\/p>\n<p>\u010ci u\u017e sa z\u00e1sobujete pre svoj obchod alebo jednoducho h\u013ead\u00e1te vysoko v\u00fdkonn\u00fd z\u00e1\u017eitok z vapingu, Bang 36000 spln\u00ed v\u0161etky o\u010dak\u00e1vania. U\u017eite si vynikaj\u00faci z\u00e1\u017eitok z vapingu, ktor\u00fd vydr\u017e\u00ed dlh\u0161ie, chut\u00ed lep\u0161ie a prin\u00e1\u0161a v\u00e4\u010d\u0161iu hodnotu \u2013 uchmatnite si svoj Bang 36000 \u0164ahov e\u0161te dnes!<\/p>\n<\/div>\n<\/div>\n<\/div>\n<\/div>\n<\/div>\n<\/div>\n<p><strong>Kontaktujte Amy pre spr\u00e1vnu odpove\u010f a vape kup\u00f3n!<\/strong><\/p>\n<p><img loading=\"lazy\" decoding=\"async\" class=\"size-full wp-image-1978\" src=\"https:\/\/rmvapesale.com\/wp-content\/uploads\/2024\/09\/Disposable-Vape-Wholesale.jpg\" alt=\"Jednorazov\u00fd vape ve\u013ekoobchod\" width=\"229\" height=\"300\" \/><\/p>\n<h3><a href=\"https:\/\/wa.me\/8617776015835\" target=\"_blank\" rel=\"noopener\"><span style=\"color: #ff0000\"><strong>WhatsApp: +86 17776015835<\/strong><\/span><\/a><\/h3>\n<h2><\/h2>\n<h2><strong>Bang Vape 36000 K\u013e\u00fa\u010dov\u00e9 Vlastnosti<\/strong><\/h2>\n<p>N\u00e1zov polo\u017eky: Bang King Puffs E-Cigareta<br \/>\n\u0164ahy: 36000<br \/>\nObjem Oleja: 30ml<br \/>\n\u0160pir\u00e1la: 0,6ohm Mesh \u0160pir\u00e1la<br \/>\nNikot\u00edn: 0%, 2%, 3%, 5%<br \/>\nBat\u00e9ria: 650mah Bat\u00e9ria Typ C<br \/>\nMno\u017estvo Pr\u00edchut\u00ed: 12 Pr\u00edchut\u00ed<br \/>\nFunkcia: MESH \u0160PIR\u00c1LA + Nastavite\u013en\u00fd Prietok Vzduchu + Spo\u013eahliv\u00fd V\u00fdkon + LED Indik\u00e1tor<\/p>\n<h2><\/h2>\n<h2><strong>\u00a0Bang 36000 Zoznam Pr\u00edchut\u00ed<\/strong><\/h2>\n<p>1. Blue Razz Ice<br \/>\n2. Juicy Peach Ice<br \/>\n3. StrawberryWatermelon<br \/>\n4. Strawberry Kiwi<br \/>\n5. Watermelon Ice<br \/>\n6. Peach Mango Watermelon<br \/>\n7. Strawberry Banana<br \/>\n8. Kiwi Passion Fruit Guava<br \/>\n9. Tropical Fruit<br \/>\n10. Grape Apple<br \/>\n11. Triple BerryIce<br \/>\n12. Mr.Blue<\/p>\n<p>&nbsp;<\/p>\n<p>&nbsp;<\/p>\n<h3><strong>Pre\u010do si vybra\u0165 Rmvapesale pre Bang Vape 36000 Puffs <\/strong><strong>V<\/strong><strong>Ve\u013ekoobchod s vape<\/strong><strong>?<\/strong><\/h3>\n<div class=\"flex-shrink-0 flex flex-col relative items-end\">\n<div class=\"pt-0\">\n<div class=\"gizmo-bot-avatar flex h-8 w-8 items-center justify-center overflow-hidden rounded-full\">\n<div class=\"relative p-1 rounded-sm flex items-center justify-center bg-token-main-surface-primary text-token-text-primary h-8 w-8\">\n<p>Vitajte v Rmvapesale, va\u0161om d\u00f4veryhodnom obchode s vape pre pr\u00e9miov\u00e9 jednorazov\u00e9 vapy. S viac ako 5 ro\u010dn\u00fdmi sk\u00fasenos\u0165ami v\u00e1m prin\u00e1\u0161ame popul\u00e1rne zna\u010dky jednorazov\u00fdch vape ako Al Fakher, Vapme Vape, <a href=\"https:\/\/rmvapesale.com\/sk\/product-category\/bang-vapes\/\">Bang Vape<\/a>, Waspe, WGA Vape a<a href=\"https:\/\/rmvapesale.com\/sk\/product-category\/randm-fumot-vape\/\"> RandM Vape<\/a>.<\/p>\n<p>N\u00e1\u0161 sortiment zah\u0155\u0148a popul\u00e1rne jednorazov\u00e9 vapky ako <a href=\"https:\/\/rmvapesale.com\/sk\/product\/randm-tornado-15000-puffs-vape-wholesale\/\">RandM Tornado 15000<\/a> a chu\u0165ovo bohat\u00e9 mo\u017enosti ako Vapme 70000. Ka\u017ed\u00fd produkt je vybran\u00fd so zameran\u00edm na kvalitu, hodnotu a rozmanitos\u0165, \u010d\u00edm zabezpe\u010dujeme, \u017ee n\u00e1jdete perfektn\u00fa zhodu pre va\u0161e potreby. Objavte v\u00fdnimo\u010dn\u00fd servis a \u0161irok\u00fd sortiment \u0161pi\u010dkov\u00fdch produktov na Rmvapesale.<\/p>\n<\/div>\n<h3><\/h3>\n<div class=\"relative p-1 rounded-sm flex items-center justify-center bg-token-main-surface-primary text-token-text-primary h-8 w-8\">\n<h3><b> \u010cast\u00e9 ot\u00e1zky pre Bang 36000 <\/b><b>Nab\u00edjate\u013en\u00e1 jednorazov\u00e1 vapka<\/b><\/h3>\n<div class=\"group\/conversation-turn relative flex w-full min-w-0 flex-col agent-turn\">\n<div class=\"flex-col gap-1 md:gap-3\">\n<div class=\"flex max-w-full flex-col flex-grow\">\n<div class=\"min-h-8 text-message flex w-full flex-col items-end gap-2 whitespace-normal break-words [.text-message+&amp;]:mt-5\" dir=\"auto\" data-message-author-role=\"assistant\" data-message-id=\"00c9b302-bc9c-4550-94ba-5a295efa2be3\" data-message-model-slug=\"gpt-4o\">\n<div class=\"flex w-full flex-col gap-1 empty:hidden first:pt-[3px]\">\n<div class=\"markdown prose w-full break-words dark:prose-invert light\">\n<div class=\"flex-shrink-0 flex flex-col relative items-end\">\n<div>\n<div class=\"pt-0\">\n<div class=\"gizmo-bot-avatar flex h-8 w-8 items-center justify-center overflow-hidden rounded-full\">\n<div class=\"relative p-1 rounded-sm flex items-center justify-center bg-token-main-surface-primary text-token-text-primary h-8 w-8\">\n<div class=\"flex-shrink-0 flex flex-col relative items-end\">\n<div>\n<div class=\"pt-0\">\n<div class=\"gizmo-bot-avatar flex h-8 w-8 items-center justify-center overflow-hidden rounded-full\">\n<div class=\"relative p-1 rounded-sm flex items-center justify-center bg-token-main-surface-primary text-token-text-primary h-8 w-8\">\n<p>&nbsp;<\/p>\n<p><strong>1. Ko\u013eko potiahnut\u00ed poskytuje jednorazov\u00e9 zariadenie Bang Vape 36000?<\/strong><\/p>\n<p>The <strong>Bang Vape 36000<\/strong> Jednorazov\u00e9 zariadenie pon\u00faka p\u00f4sobiv\u00fdch <strong>36 000 potiahnut\u00ed<\/strong> na jedno zariadenie. Tento roz\u0161\u00edren\u00fd po\u010det potiahnut\u00ed zais\u0165uje dlhotrvaj\u00faci z\u00e1\u017eitok z vapovania, ide\u00e1lny na ka\u017edodenn\u00e9 pou\u017eitie bez potreby \u010dastej v\u00fdmeny.<\/p>\n<hr \/>\n<p><strong>2. Ak\u00e9 s\u00fa dostupn\u00e9 sily nikot\u00ednu v Bang Vape 36000?<\/strong><\/p>\n<p>The <strong>Bang Vape 36000<\/strong> sa dod\u00e1va s prisp\u00f4sobite\u013en\u00fdmi mo\u017enos\u0165ami nikot\u00ednu, ktor\u00e9 vyhovuj\u00fa r\u00f4znym preferenci\u00e1m. M\u00f4\u017eete si vybra\u0165 z <strong>0%, 2%, 3% a 5%<\/strong> sily nikot\u00ednu, \u010do v\u00e1m umo\u017en\u00ed n\u00e1js\u0165 ide\u00e1lnu \u00farove\u0148 pre v\u00e1\u0161 z\u00e1\u017eitok z vapovania.<\/p>\n<hr \/>\n<p><strong>3. Ako dlho vydr\u017e\u00ed Bang box 36000 na pln\u00e9 nabitie?<\/strong><\/p>\n<p>S jeho <strong>650mAh nab\u00edjate\u013enou bat\u00e9riou<\/strong>, ten <strong>Bang box 36000<\/strong> m\u00f4\u017ee vydr\u017ea\u0165 dlho, k\u00fdm ho bude potrebn\u00e9 dobi\u0165. Zariadenie je mo\u017en\u00e9 pohodlne nab\u00edja\u0165 cez <strong>nab\u00edjac\u00edm portom typu C<\/strong>, \u010do zais\u0165uje r\u00fdchle nab\u00edjanie s minim\u00e1lnymi prestojmi.<\/p>\n<hr \/>\n<p><strong>4. Ak\u00e9 pr\u00edchute s\u00fa k dispoz\u00edcii pre Bang 36000?<\/strong><\/p>\n<p>The <strong>Bang 36000<\/strong> pon\u00faka r\u00f4zne <strong>12 lahodn\u00fdch pr\u00edchut\u00ed<\/strong> z ktor\u00fdch si m\u00f4\u017eete vybra\u0165, vr\u00e1tane ob\u013e\u00faben\u00fdch ako <strong>\u0160\u0165avnat\u00e1 brosky\u0148ov\u00e1 \u013eadov\u00e1<\/strong>, <strong>Jahoda Vodn\u00fd mel\u00f3n<\/strong>, <strong>Vodn\u00fd mel\u00f3n \u013dad<\/strong>, a <strong>Tropick\u00e9 ovocie<\/strong>. S <strong>dvojitou pr\u00edchu\u0165ou<\/strong> funkciou si m\u00f4\u017eete vychutna\u0165 dve odli\u0161n\u00e9 pr\u00edchute v jednom zariaden\u00ed.<\/p>\n<hr \/>\n<p><strong>5. M\u00e1 Bang Vape 36K indik\u00e1tor stavu bat\u00e9rie a hladiny e-liquidu?<\/strong><\/p>\n<p>\u00c1no, <strong>Bang Vape 36K<\/strong>\u00a0je vybaven\u00fd <strong>inteligentn\u00fdm LED displejom<\/strong> ktor\u00fd zobrazuje <strong>\u017eivotnos\u0165 bat\u00e9rie<\/strong> a <strong>hladiny e-liquidu<\/strong>, tak\u017ee v\u017edy viete, kedy je \u010das dobi\u0165 alebo doplni\u0165 v\u00e1\u0161 vape. U\u013eah\u010duje to monitorovanie a spr\u00e1vu v\u00e1\u0161ho zariadenia pre bezprobl\u00e9mov\u00fd z\u00e1\u017eitok z vapovania.<\/p>\n<\/div>\n<\/div>\n<\/div>\n<\/div>\n<\/div>\n<\/div>\n<\/div>\n<\/div>\n<\/div>\n<\/div>\n<div class=\"group\/conversation-turn relative flex w-full min-w-0 flex-col agent-turn\">\n<div class=\"flex-col gap-1 md:gap-3\">\n<div class=\"flex max-w-full flex-col flex-grow\">\n<div class=\"min-h-8 text-message flex w-full flex-col items-end gap-2 whitespace-normal break-words [.text-message+&amp;]:mt-5\" dir=\"auto\" data-message-author-role=\"assistant\" data-message-id=\"a3dc01bd-23b0-4fd7-bb9a-7827522cefd8\" data-message-model-slug=\"gpt-4o\">\n<div class=\"flex w-full flex-col gap-1 empty:hidden first:pt-[3px]\"><\/div>\n<\/div>\n<\/div>\n<\/div>\n<\/div>\n<\/div>\n<\/div>\n<\/div>\n<\/div>\n<\/div>\n<\/div>\n<\/div>\n<\/div>\n<\/div>\n<\/div>\n<h3>O doru\u010den\u00ed<\/h3>\n<div class=\"flex-shrink-0 flex flex-col relative items-end\">\n<div>\n<div class=\"pt-0\">\n<div class=\"gizmo-bot-avatar flex h-8 w-8 items-center justify-center overflow-hidden rounded-full\">\n<div><\/div>\n<div class=\"relative p-1 rounded-sm flex items-center justify-center bg-token-main-surface-primary text-token-text-primary h-8 w-8\"><strong>1. Ak\u00e9 sp\u00f4soby doru\u010denia pou\u017e\u00edvate?<\/strong><\/div>\n<\/div>\n<\/div>\n<\/div>\n<\/div>\n<div class=\"group\/conversation-turn relative flex w-full min-w-0 flex-col agent-turn\">\n<div class=\"flex-col gap-1 md:gap-3\">\n<div class=\"flex max-w-full flex-col flex-grow\">\n<div class=\"min-h-[20px] text-message flex w-full flex-col items-end gap-2 whitespace-normal break-words [.text-message+&amp;]:mt-5 overflow-x-auto\" dir=\"auto\" data-message-author-role=\"assistant\" data-message-id=\"22f8283b-3233-46ff-89a5-c7a41b33abda\">\n<div class=\"flex w-full flex-col gap-1 empty:hidden first:pt-[3px]\">\n<div class=\"markdown prose w-full break-words dark:prose-invert light\">\n<p>Spolupracujeme so spolo\u010dnos\u0165ami UPS, DHL, FedEx, DPD a \u010fal\u0161\u00edmi popredn\u00fdmi dopravcami. Vyberieme najlep\u0161\u00ed sp\u00f4sob doru\u010denia na z\u00e1klade va\u0161ej adresy, aby sme zaistili, \u017ee svoje produkty dostanete \u010do najr\u00fdchlej\u0161ie.<\/p>\n<\/div>\n<p><strong>2. Ako dlho trv\u00e1 doru\u010denie?<\/strong><\/p>\n<p>Bal\u00edky doru\u010dovan\u00e9 na Slovensko zvy\u010dajne dorazia do 10 pracovn\u00fdch dn\u00ed. Doru\u010denie do eur\u00f3pskych kraj\u00edn zvy\u010dajne trv\u00e1 asi 12-15 pracovn\u00fdch dn\u00ed. Budeme v\u00e1s informova\u0165 o stave doru\u010denia v re\u00e1lnom \u010dase.<\/p>\n<\/div>\n<\/div>\n<\/div>\n<\/div>\n<\/div>\n<p>&nbsp;<\/p>\n<p>N\u00e1jdite \u010fal\u0161ie vape produkty, ktor\u00e9 by sa v\u00e1m mohli p\u00e1\u010di\u0165:<strong><em><a href=\"https:\/\/rmvapesale.com\/sk\/shop-2\/\">nakupova\u0165 teraz &gt;&gt;&gt;<\/a><\/em><\/strong><\/p>","protected":false},"excerpt":{"rendered":"<p>Bang Vape 36000 Spaceman Jednorazov\u00e1 Vape Ve\u013ekoobchod<br \/>\nBang Vape 36k \u0164ahov Nab\u00edjate\u013en\u00e1 Jednorazov\u00e1 Vape Ve\u013ekoobchodn\u00e1 Cena<br \/>\nHor\u00faci Predaj Jednorazov\u00e1 Vape Pero Bang Vape 36000<\/p>\n<p><strong>Kontaktujte Amy pre spr\u00e1vnu odpove\u010f a vape kup\u00f3n!<\/strong><\/p>\n<p><img loading=\"lazy\" decoding=\"async\" class=\"size-full wp-image-2375\" src=\"https:\/\/rmvapesale.com\/wp-content\/uploads\/2024\/10\/image.png\" alt=\"Najlep\u0161\u00ed jednorazov\u00fd vape\" width=\"229\" height=\"300\" \/><\/p>\n<h3><a href=\"https:\/\/wa.me\/8617776015835\"><span style=\"color: #ff0000\"><strong>WhatsApp: +86 17776015835<\/strong><\/span><\/a><\/h3>\n<p>&nbsp;<\/p>","protected":false},"featured_media":2851,"comment_status":"open","ping_status":"closed","template":"","meta":{"_uag_custom_page_level_css":"","_lmt_disableupdate":"no","_lmt_disable":"","site-sidebar-layout":"default","site-content-layout":"content-boxed-container","ast-site-content-layout":"normal-width-container","site-content-style":"boxed","site-sidebar-style":"unboxed","ast-global-header-display":"","ast-banner-title-visibility":"","ast-main-header-display":"","ast-hfb-above-header-display":"","ast-hfb-below-header-display":"","ast-hfb-mobile-header-display":"","site-post-title":"","ast-breadcrumbs-content":"","ast-featured-img":"","footer-sml-layout":"","theme-transparent-header-meta":"default","adv-header-id-meta":"","stick-header-meta":"","header-above-stick-meta":"","header-main-stick-meta":"","header-below-stick-meta":"","astra-migrate-meta-layouts":"set","ast-page-background-enabled":"default","ast-page-background-meta":{"desktop":{"background-color":"var(--ast-global-color-4)","background-image":"","background-repeat":"repeat","background-position":"center center","background-size":"auto","background-attachment":"scroll","background-type":"","background-media":"","overlay-type":"","overlay-color":"","overlay-opacity":"","overlay-gradient":""},"tablet":{"background-color":"","background-image":"","background-repeat":"repeat","background-position":"center center","background-size":"auto","background-attachment":"scroll","background-type":"","background-media":"","overlay-type":"","overlay-color":"","overlay-opacity":"","overlay-gradient":""},"mobile":{"background-color":"","background-image":"","background-repeat":"repeat","background-position":"center center","background-size":"auto","background-attachment":"scroll","background-type":"","background-media":"","overlay-type":"","overlay-color":"","overlay-opacity":"","overlay-gradient":""}},"ast-content-background-meta":{"desktop":{"background-color":"var(--ast-global-color-5)","background-image":"","background-repeat":"repeat","background-position":"center center","background-size":"auto","background-attachment":"scroll","background-type":"","background-media":"","overlay-type":"","overlay-color":"","overlay-opacity":"","overlay-gradient":""},"tablet":{"background-color":"var(--ast-global-color-5)","background-image":"","background-repeat":"repeat","background-position":"center center","background-size":"auto","background-attachment":"scroll","background-type":"","background-media":"","overlay-type":"","overlay-color":"","overlay-opacity":"","overlay-gradient":""},"mobile":{"background-color":"var(--ast-global-color-5)","background-image":"","background-repeat":"repeat","background-position":"center center","background-size":"auto","background-attachment":"scroll","background-type":"","background-media":"","overlay-type":"","overlay-color":"","overlay-opacity":"","overlay-gradient":""}},"_joinchat":[]},"product_brand":[],"product_cat":[15,25,123,26,28,135,27,60,137,136,30],"product_tag":[239,199,111,240,120],"class_list":{"0":"post-2854","1":"product","2":"type-product","3":"status-publish","4":"has-post-thumbnail","6":"product_cat-new-vape-this-week","7":"product_cat-germany-best-selling-vape","8":"product_cat-italy-wholesale-vape","9":"product_cat-netherlands-hot-sale-vape","10":"product_cat-poland-hot-sale-vape","11":"product_cat-spain-best-hot-sale-vape","12":"product_cat-fance-hot-sale-vape","13":"product_cat-bang-vapes","14":"product_cat-rechargeable-vapes","15":"product_cat-smart-screen-vapes","16":"product_cat-minimum-order-quantity-50pcs","17":"product_tag-bang-36000","18":"product_tag-bang-vape","19":"product_tag-low-nicotine-disposable-vape","20":"product_tag-puff-36k","21":"product_tag-vape-wholesale","22":"desktop-align-left","23":"tablet-align-left","24":"mobile-align-left","26":"first","27":"instock","28":"sale","29":"shipping-taxable","30":"purchasable","31":"product-type-simple"},"uagb_featured_image_src":{"full":["https:\/\/rmvapesale.com\/wp-content\/uploads\/2024\/12\/Bang-36000-Disposable-Vape.jpg",1126,1126,false],"thumbnail":["https:\/\/rmvapesale.com\/wp-content\/uploads\/2024\/12\/Bang-36000-Disposable-Vape-150x150.jpg",150,150,true],"medium":["https:\/\/rmvapesale.com\/wp-content\/uploads\/2024\/12\/Bang-36000-Disposable-Vape-300x300.jpg",300,300,true],"medium_large":["https:\/\/rmvapesale.com\/wp-content\/uploads\/2024\/12\/Bang-36000-Disposable-Vape-768x768.jpg",768,768,true],"large":["https:\/\/rmvapesale.com\/wp-content\/uploads\/2024\/12\/Bang-36000-Disposable-Vape-1024x1024.jpg",1024,1024,true],"1536x1536":["https:\/\/rmvapesale.com\/wp-content\/uploads\/2024\/12\/Bang-36000-Disposable-Vape.jpg",1126,1126,false],"2048x2048":["https:\/\/rmvapesale.com\/wp-content\/uploads\/2024\/12\/Bang-36000-Disposable-Vape.jpg",1126,1126,false],"trp-custom-language-flag":["https:\/\/rmvapesale.com\/wp-content\/uploads\/2024\/12\/Bang-36000-Disposable-Vape.jpg",12,12,false],"woocommerce_thumbnail":["https:\/\/rmvapesale.com\/wp-content\/uploads\/2024\/12\/Bang-36000-Disposable-Vape-300x300.jpg",300,300,true],"woocommerce_single":["https:\/\/rmvapesale.com\/wp-content\/uploads\/2024\/12\/Bang-36000-Disposable-Vape-600x600.jpg",600,600,true],"woocommerce_gallery_thumbnail":["https:\/\/rmvapesale.com\/wp-content\/uploads\/2024\/12\/Bang-36000-Disposable-Vape-100x100.jpg",100,100,true],"wcpr-photo-reviews":["https:\/\/rmvapesale.com\/wp-content\/uploads\/2024\/12\/Bang-36000-Disposable-Vape.jpg",500,500,false]},"uagb_author_info":{"display_name":"AMY","author_link":"https:\/\/rmvapesale.com\/sk\/author\/"},"uagb_comment_info":0,"uagb_excerpt":"Bang Vape 36000 Spaceman Disposable Vape Wholesale Bang Vape 36k Puffs Rechargeable Disposable Vape Wholesale Price Hot Sell Disposable Vape Pen Bang Vape 36000 Contact Amy to get right reply and vape coupon! WhatsApp: +86 17776015835 &nbsp;","_links":{"self":[{"href":"https:\/\/rmvapesale.com\/sk\/wp-json\/wp\/v2\/product\/2854","targetHints":{"allow":["GET"]}}],"collection":[{"href":"https:\/\/rmvapesale.com\/sk\/wp-json\/wp\/v2\/product"}],"about":[{"href":"https:\/\/rmvapesale.com\/sk\/wp-json\/wp\/v2\/types\/product"}],"replies":[{"embeddable":true,"href":"https:\/\/rmvapesale.com\/sk\/wp-json\/wp\/v2\/comments?post=2854"}],"wp:featuredmedia":[{"embeddable":true,"href":"https:\/\/rmvapesale.com\/sk\/wp-json\/wp\/v2\/media\/2851"}],"wp:attachment":[{"href":"https:\/\/rmvapesale.com\/sk\/wp-json\/wp\/v2\/media?parent=2854"}],"wp:term":[{"taxonomy":"product_brand","embeddable":true,"href":"https:\/\/rmvapesale.com\/sk\/wp-json\/wp\/v2\/product_brand?post=2854"},{"taxonomy":"product_cat","embeddable":true,"href":"https:\/\/rmvapesale.com\/sk\/wp-json\/wp\/v2\/product_cat?post=2854"},{"taxonomy":"product_tag","embeddable":true,"href":"https:\/\/rmvapesale.com\/sk\/wp-json\/wp\/v2\/product_tag?post=2854"}],"curies":[{"name":"wp","href":"https:\/\/api.w.org\/{rel}","templated":true}]}}