{"id":2862,"date":"2024-12-13T09:20:35","date_gmt":"2024-12-13T09:20:35","guid":{"rendered":"https:\/\/rmvapesale.com\/?post_type=product&#038;p=2862"},"modified":"2024-12-13T09:26:19","modified_gmt":"2024-12-13T09:26:19","slug":"vapsolo-twins-20000-2-flavour-in-1-disposable-vape-bulk-buy-price","status":"publish","type":"product","link":"https:\/\/rmvapesale.com\/sk\/product\/vapsolo-twins-20000-2-flavour-in-1-disposable-vape-bulk-buy-price\/","title":{"rendered":"Vapsolo Twins 20000 \u0164ahov 2 Pr\u00edchute v 1 Jednorazovej Vape Hromadn\u00fd n\u00e1kup Cena"},"content":{"rendered":"<div class=\"B2VR9 CJHX3e\">\n<div class=\"wyccme\">\n<div class=\"flex-shrink-0 flex flex-col relative items-end\">\n<div class=\"pt-0\">\n<div class=\"gizmo-bot-avatar flex h-8 w-8 items-center justify-center overflow-hidden rounded-full\">\n<div class=\"relative p-1 rounded-sm flex items-center justify-center bg-token-main-surface-primary text-token-text-primary h-8 w-8\">\n<div class=\"flex-shrink-0 flex flex-col relative items-end\">\n<div class=\"pt-0\">\n<div class=\"gizmo-bot-avatar flex h-8 w-8 items-center justify-center overflow-hidden rounded-full\">\n<h1 class=\"relative p-1 rounded-sm flex items-center justify-center bg-token-main-surface-primary text-token-text-primary h-8 w-8\">Vapsolo Twins 20000 \u0164ahov 2 Pr\u00edchute v 1 Jednorazovej Vape Hromadn\u00fd n\u00e1kup Cena<\/h1>\n<\/div>\n<\/div>\n<\/div>\n<\/div>\n<\/div>\n<\/div>\n<\/div>\n<div class=\"group\/conversation-turn relative flex w-full min-w-0 flex-col agent-turn\">\n<div class=\"flex-col gap-1 md:gap-3\">\n<div class=\"flex max-w-full flex-col flex-grow\">\n<div class=\"min-h-8 text-message flex w-full flex-col items-end gap-2 whitespace-normal break-words text-start [.text-message+&amp;]:mt-5\" dir=\"auto\" data-message-author-role=\"assistant\" data-message-id=\"80ece0c4-ead1-4ed9-a9f0-ddc22582b4f4\" data-message-model-slug=\"gpt-4o\">\n<div class=\"flex w-full flex-col gap-1 empty:hidden first:pt-[3px]\">\n<div class=\"markdown prose w-full break-words dark:prose-invert light\">\n<h3><\/h3>\n<\/div>\n<\/div>\n<\/div>\n<\/div>\n<\/div>\n<\/div>\n<div class=\"flex-shrink-0 flex flex-col relative items-end\">\n<div class=\"pt-0\">\n<div class=\"gizmo-bot-avatar flex h-8 w-8 items-center justify-center overflow-hidden rounded-full\">\n<div class=\"relative p-1 rounded-sm flex items-center justify-center bg-token-main-surface-primary text-token-text-primary h-8 w-8\">\n<p>Pozdvihnite svoj z\u00e1\u017eitok z vapovania s <strong>Vapsolo Twins 20000 2 Pr\u00edchute v 1 Jednorazov\u00fd Vape<\/strong>, ide\u00e1lne rie\u0161enie pre rozmanitos\u0165 a pohodlie. S revolu\u010dn\u00fdm <strong>dvojn\u00e1 n\u00e1dr\u017ekov\u00fdm syst\u00e9mom<\/strong>, toto zariadenie poskytuje dva odli\u0161n\u00e9 pr\u00edchute v jednom elegantnom vape. S <strong>obrovskou kapacitou 20 000 pufov<\/strong> kapacitou 23 ml e-liquidu <strong>n\u00e1dr\u017ekou na e-liquid 25 ml<\/strong>, zaru\u010duje dlh\u00e9 pote\u0161enie bez preru\u0161en\u00ed. Vybaven\u00e9 s <strong>650mAh nab\u00edjate\u013enou bat\u00e9riou<\/strong> a r\u00fdchlym nab\u00edjan\u00edm Type-C, toto <strong>jednorazov\u00fd vape<\/strong> sp\u00e1ja odolnos\u0165 a \u0161etrnos\u0165 k \u017eivotn\u00e9mu prostrediu. Pokro\u010dil\u00fd <strong>technol\u00f3gia mesh coil<\/strong> zabezpe\u010duje hladk\u00fd par a v\u00fdrazn\u00fa chu\u0165, zatia\u013e \u010do <strong>nastavite\u013en\u00fd prietok vzduchu<\/strong> pon\u00faka personalizovan\u00fd z\u00e1\u017eitok z vapovania. \u010ci u\u017e kupujete na osobn\u00e9 pou\u017eitie alebo h\u013ead\u00e1te <strong>ve\u013ekoobchod s vapkami<\/strong> ceny pre va\u0161e podnikanie, toto <strong>jednorazov\u00fd vape s n\u00edzkym obsahom nikot\u00ednu<\/strong> je najlep\u0161ou vo\u013ebou.<\/p>\n<\/div>\n<\/div>\n<\/div>\n<\/div>\n<\/div>\n<\/div>\n<p><strong>Kontaktujte Amy pre spr\u00e1vnu odpove\u010f a vape kup\u00f3n!<\/strong><\/p>\n<p><img loading=\"lazy\" decoding=\"async\" class=\"size-full wp-image-1978\" src=\"https:\/\/rmvapesale.com\/wp-content\/uploads\/2024\/09\/Disposable-Vape-Wholesale.jpg\" alt=\"Jednorazov\u00fd vape ve\u013ekoobchod\" width=\"229\" height=\"300\" \/><\/p>\n<h3><a href=\"https:\/\/wa.me\/8617776015835\" target=\"_blank\" rel=\"noopener\"><span style=\"color: #ff0000\"><strong>WhatsApp: +86 17776015835<\/strong><\/span><\/a><\/h3>\n<h2><\/h2>\n<h2><strong>Vapsolo Twins 20000 K\u013e\u00fa\u010dov\u00e9 vlastnosti<\/strong><\/h2>\n<h3><\/h3>\n<ol>\n<li><strong>Dvojchutov\u00e1 pohodlnos\u0165:<\/strong> U\u017eite si dva chute s\u00fa\u010dasne s inovat\u00edvnym dizajnom s dvojit\u00fdm z\u00e1sobn\u00edkom.<\/li>\n<li><strong>Dlhodob\u00e9 pou\u017e\u00edvanie:<\/strong> Pon\u00faka p\u00f4sobiv\u00fa <strong>20 000 \u0165ahmi<\/strong>, ide\u00e1lne pre dlhodob\u00e9 vapovanie.<\/li>\n<li><strong>Nab\u00edjate\u013en\u00e1 bat\u00e9ria:<\/strong> Nap\u00e1jan\u00e9 spo\u013eahlivou bat\u00e9riou s kapacitou 650mAh a r\u00fdchlym nab\u00edjan\u00edm cez Type-C.<\/li>\n<li><strong>Ve\u013ekorys\u00fd z\u00e1sobn\u00edk na e-liquid:<\/strong> Naplnen\u00fd s <strong>25mL pr\u00e9miov\u00e9ho e-liquidu<\/strong> pre menej dopl\u0148ovan\u00ed.<\/li>\n<li><strong>Rozli\u010dnos\u0165 nikot\u00ednu:<\/strong> Dostupn\u00fd v <strong>Mo\u017enosti nikot\u00ednu 2% a 5%<\/strong> pre v\u0161etky preferencie.<\/li>\n<li><strong>V\u00fdnimo\u010dn\u00e1 produkcia pary:<\/strong> Vybaven\u00e9 pokro\u010dil\u00fdmi <strong>technol\u00f3gia mesh coil<\/strong> pre bohat\u00fa, konzistentn\u00fa paru.<\/li>\n<li><strong>Prisp\u00f4sobite\u013en\u00fd z\u00e1\u017eitok:<\/strong> Nastavite\u013en\u00e1 kontrola prietoku vzduchu pre prisp\u00f4soben\u00e9 vapovacie rel\u00e1cie.<\/li>\n<li><strong>Kompaktn\u00e9 a \u0161t\u00fdlov\u00e9:<\/strong> Prenosn\u00fd dizajn, ktor\u00fd je ide\u00e1lny na ka\u017edodenn\u00e9 pou\u017eitie.<\/li>\n<li><strong>Pou\u017e\u00edvate\u013esky pr\u00edvetiv\u00e1 prev\u00e1dzka:<\/strong> Syst\u00e9m aktivovan\u00fd stla\u010den\u00edm pre bezn\u00e1ma vapovanie.<\/li>\n<li><strong>V\u00fdhoda ve\u013ekoobchodn\u00fdch cien:<\/strong> Ide\u00e1lne pre ve\u013ekoobchodn\u00fdch kupuj\u00facich h\u013eadaj\u00facich hodnotu a kvalitu<\/li>\n<\/ol>\n<h2><\/h2>\n<h2><strong>Vapsolo 20000 Zoznam pr\u00edchut\u00ed<\/strong><\/h2>\n<p>1. Citr\u00f3n Limeta &amp; Mel\u00f3nov\u00e1 \u013eadov\u00e1<br \/>\n2. Hrozno \u013eadov\u00e9 &amp; Jahodovo-Kivi<br \/>\n3. Anan\u00e1s Kokos &amp; Jahodovo-Ban\u00e1nov\u00e9<br \/>\n4. Pomaran\u010d Mango Mel\u00f3n &amp; Red Bull<br \/>\n5. \u010cu\u010doriedka \u013eadov\u00e1 &amp; Bublinkov\u00e1 \u010dere\u0161\u0148a<br \/>\n6. Mel\u00f3nov\u00e1 \u013eadov\u00e1 &amp; Zmie\u0161an\u00e9 bobule<br \/>\n7. Jahodovo-ban\u00e1nov\u00e1 a perliv\u00e1 \u010dere\u0161\u0148a<br \/>\n8. Jahodovo-malinov\u00e1 \u010dere\u0161\u0148ov\u00e1 zmrzlina a hroznov\u00e1 zmrzlina<br \/>\n9. Modr\u00fd Razz Lemon\u00e1da a Citr\u00f3nov\u00e1 Limetka<br \/>\n10. Mel\u00f3nov\u00e1 zmrzlina a Jahodovo-mango<br \/>\n11. Trojit\u00e9 Mel\u00f3ny a Malinov\u00e1 Mel\u00f3nov\u00e1 voda<br \/>\n12. \u010cierna \u013eadov\u00e1 drakov\u00e1 ovocie Jahoda a Malinov\u00e1 Mel\u00f3nov\u00e1 voda<br \/>\n13. Anan\u00e1s Kokos a Mel\u00f3nov\u00e1 zmrzlina<br \/>\n14. Jahodov\u00e1 zmrzlina a Mango brosky\u0148a Mel\u00f3nov\u00e1 voda<br \/>\n15. Jahoda Kiwi a Jahoda Malinov\u00e1 \u010cere\u0161\u0148ov\u00e1 zmrzlina<br \/>\n16. Trojit\u00e9 Mel\u00f3ny a Anan\u00e1s Kokos<\/p>\n<p>&nbsp;<\/p>\n<h3><strong>Pre\u010do si vybra\u0165 Rmvapesale pre Vapsolo Twins 20k Pufov <\/strong><strong>V<\/strong><strong>Ve\u013ekoobchod s vape<\/strong><strong>?<\/strong><\/h3>\n<div class=\"flex-shrink-0 flex flex-col relative items-end\">\n<div class=\"pt-0\">\n<div class=\"gizmo-bot-avatar flex h-8 w-8 items-center justify-center overflow-hidden rounded-full\">\n<div class=\"relative p-1 rounded-sm flex items-center justify-center bg-token-main-surface-primary text-token-text-primary h-8 w-8\">\n<p>Vitajte v Rmvapesale, va\u0161om d\u00f4veryhodnom obchode s vape pre pr\u00e9miov\u00e9 jednorazov\u00e9 vapy. S viac ako 5 ro\u010dn\u00fdmi sk\u00fasenos\u0165ami v\u00e1m prin\u00e1\u0161ame popul\u00e1rne zna\u010dky jednorazov\u00fdch vape ako Al Fakher, Vapme Vape, <a href=\"https:\/\/rmvapesale.com\/sk\/product-category\/bang-vapes\/\">Bang Vape<\/a>, Waspe, WGA Vape a<a href=\"https:\/\/rmvapesale.com\/sk\/product-category\/randm-fumot-vape\/\"> RandM Vape<\/a>.<\/p>\n<p>N\u00e1\u0161 sortiment zah\u0155\u0148a popul\u00e1rne jednorazov\u00e9 vapky ako <a href=\"https:\/\/rmvapesale.com\/sk\/product\/randm-tornado-15000-puffs-vape-wholesale\/\">RandM Tornado 15000<\/a> a chu\u0165ovo bohat\u00e9 mo\u017enosti ako Vapme 70000. Ka\u017ed\u00fd produkt je vybran\u00fd so zameran\u00edm na kvalitu, hodnotu a rozmanitos\u0165, \u010d\u00edm zabezpe\u010dujeme, \u017ee n\u00e1jdete perfektn\u00fa zhodu pre va\u0161e potreby. Objavte v\u00fdnimo\u010dn\u00fd servis a \u0161irok\u00fd sortiment \u0161pi\u010dkov\u00fdch produktov na Rmvapesale.<\/p>\n<\/div>\n<h3><\/h3>\n<div class=\"relative p-1 rounded-sm flex items-center justify-center bg-token-main-surface-primary text-token-text-primary h-8 w-8\">\n<h3><b> \u010casto kladen\u00e9 ot\u00e1zky pre Vapsolo Twins 20000 <\/b><b>Nab\u00edjate\u013en\u00e1 jednorazov\u00e1 vapka<\/b><\/h3>\n<div class=\"group\/conversation-turn relative flex w-full min-w-0 flex-col agent-turn\">\n<div class=\"flex-col gap-1 md:gap-3\">\n<div class=\"flex max-w-full flex-col flex-grow\">\n<div class=\"min-h-8 text-message flex w-full flex-col items-end gap-2 whitespace-normal break-words [.text-message+&amp;]:mt-5\" dir=\"auto\" data-message-author-role=\"assistant\" data-message-id=\"00c9b302-bc9c-4550-94ba-5a295efa2be3\" data-message-model-slug=\"gpt-4o\">\n<div class=\"flex w-full flex-col gap-1 empty:hidden first:pt-[3px]\">\n<div class=\"markdown prose w-full break-words dark:prose-invert light\">\n<div class=\"flex-shrink-0 flex flex-col relative items-end\">\n<div class=\"pt-0\">\n<div class=\"gizmo-bot-avatar flex h-8 w-8 items-center justify-center overflow-hidden rounded-full\">\n<div class=\"relative p-1 rounded-sm flex items-center justify-center bg-token-main-surface-primary text-token-text-primary h-8 w-8\">\n<div class=\"flex-shrink-0 flex flex-col relative items-end\">\n<div class=\"pt-0\">\n<div class=\"gizmo-bot-avatar flex h-8 w-8 items-center justify-center overflow-hidden rounded-full\">\n<div class=\"relative p-1 rounded-sm flex items-center justify-center bg-token-main-surface-primary text-token-text-primary h-8 w-8\">\n<ol>\n<li><strong>Ak\u00e9 chute si m\u00f4\u017eem vychutna\u0165 s Vapsolo Twins 20000?<\/strong><br \/>\nDvojit\u00fd syst\u00e9m n\u00e1dr\u017e\u00ed v\u00e1m umo\u017e\u0148uje za\u017ei\u0165 dva r\u00f4zne chute s\u00fa\u010dasne, \u010d\u00edm prid\u00e1va rozmanitos\u0165 do v\u00e1\u0161ho vapovania.<\/li>\n<li><strong>Ko\u013eko pufov tento zariadenie poskytuje?<\/strong><br \/>\nThe <strong>Vapsolo Twins 20000<\/strong> pon\u00faka a\u017e <strong>20 000 \u0165ahmi<\/strong>, zabezpe\u010duj\u00fac dlhodob\u00e9 pou\u017e\u00edvanie.<\/li>\n<li><strong>M\u00f4\u017ee by\u0165 Vapsolo Twins dob\u00edjan\u00fd?<\/strong><br \/>\n\u00c1no, obsahuje funkciu <strong>650mAh nab\u00edjate\u013enou bat\u00e9riou<\/strong> s r\u00fdchlym a pohodln\u00fdm nab\u00edjan\u00edm cez Type-C.<\/li>\n<li><strong>Ak\u00e9 \u00farovne nikot\u00ednu s\u00fa k dispoz\u00edcii pre toto zariadenie?<\/strong><br \/>\nTento <strong>jednorazov\u00fd vape<\/strong> prich\u00e1dza v <strong>silami nikot\u00ednu 2% a 5%<\/strong>, prisp\u00f4soben\u00e9 r\u00f4znym preferenci\u00e1m pou\u017e\u00edvate\u013eov.<\/li>\n<li><strong>Pre\u010do je VapSolo Twins 20000 ide\u00e1lny pre ve\u013ekoobchodn\u00fdch kupuj\u00facich?<\/strong><br \/>\nJeho <strong>ve\u013ekoobchodn\u00e1 cena<\/strong>, dlh\u00e1 \u017eivotnos\u0165, jedine\u010dn\u00e1 funkcia dvojitej chuti a v\u00fdkon robia z neho ob\u013e\u00faben\u00fa vo\u013ebu pre predajcov.<\/li>\n<\/ol>\n<\/div>\n<\/div>\n<\/div>\n<\/div>\n<\/div>\n<\/div>\n<\/div>\n<\/div>\n<div class=\"group\/conversation-turn relative flex w-full min-w-0 flex-col agent-turn\">\n<div class=\"flex-col gap-1 md:gap-3\">\n<div class=\"flex max-w-full flex-col flex-grow\">\n<div class=\"min-h-8 text-message flex w-full flex-col items-end gap-2 whitespace-normal break-words [.text-message+&amp;]:mt-5\" dir=\"auto\" data-message-author-role=\"assistant\" data-message-id=\"a3dc01bd-23b0-4fd7-bb9a-7827522cefd8\" data-message-model-slug=\"gpt-4o\">\n<div class=\"flex w-full flex-col gap-1 empty:hidden first:pt-[3px]\"><\/div>\n<\/div>\n<\/div>\n<\/div>\n<\/div>\n<\/div>\n<\/div>\n<\/div>\n<\/div>\n<\/div>\n<\/div>\n<\/div>\n<\/div>\n<\/div>\n<\/div>\n<h3>O doru\u010den\u00ed<\/h3>\n<div class=\"flex-shrink-0 flex flex-col relative items-end\">\n<div>\n<div class=\"pt-0\">\n<div class=\"gizmo-bot-avatar flex h-8 w-8 items-center justify-center overflow-hidden rounded-full\">\n<div><\/div>\n<div class=\"relative p-1 rounded-sm flex items-center justify-center bg-token-main-surface-primary text-token-text-primary h-8 w-8\"><strong>1. Ak\u00e9 sp\u00f4soby doru\u010denia pou\u017e\u00edvate?<\/strong><\/div>\n<\/div>\n<\/div>\n<\/div>\n<\/div>\n<div class=\"group\/conversation-turn relative flex w-full min-w-0 flex-col agent-turn\">\n<div class=\"flex-col gap-1 md:gap-3\">\n<div class=\"flex max-w-full flex-col flex-grow\">\n<div class=\"min-h-[20px] text-message flex w-full flex-col items-end gap-2 whitespace-normal break-words [.text-message+&amp;]:mt-5 overflow-x-auto\" dir=\"auto\" data-message-author-role=\"assistant\" data-message-id=\"22f8283b-3233-46ff-89a5-c7a41b33abda\">\n<div class=\"flex w-full flex-col gap-1 empty:hidden first:pt-[3px]\">\n<div class=\"markdown prose w-full break-words dark:prose-invert light\">\n<p>Spolupracujeme so spolo\u010dnos\u0165ami UPS, DHL, FedEx, DPD a \u010fal\u0161\u00edmi popredn\u00fdmi dopravcami. Vyberieme najlep\u0161\u00ed sp\u00f4sob doru\u010denia na z\u00e1klade va\u0161ej adresy, aby sme zaistili, \u017ee svoje produkty dostanete \u010do najr\u00fdchlej\u0161ie.<\/p>\n<\/div>\n<p><strong>2. Ako dlho trv\u00e1 doru\u010denie?<\/strong><\/p>\n<p>Bal\u00edky doru\u010dovan\u00e9 na Slovensko zvy\u010dajne dorazia do 10 pracovn\u00fdch dn\u00ed. Doru\u010denie do eur\u00f3pskych kraj\u00edn zvy\u010dajne trv\u00e1 asi 12-15 pracovn\u00fdch dn\u00ed. Budeme v\u00e1s informova\u0165 o stave doru\u010denia v re\u00e1lnom \u010dase.<\/p>\n<\/div>\n<\/div>\n<\/div>\n<\/div>\n<\/div>\n<p>&nbsp;<\/p>\n<p>N\u00e1jdite \u010fal\u0161ie vape produkty, ktor\u00e9 by sa v\u00e1m mohli p\u00e1\u010di\u0165:<strong><em><a href=\"https:\/\/rmvapesale.com\/sk\/shop-2\/\">nakupova\u0165 teraz &gt;&gt;&gt;<\/a><\/em><\/strong><\/p>","protected":false},"excerpt":{"rendered":"<p>Vapsolo Twins 20000 Pufov 2 Pr\u00edchute v 1 Jednorazovom Vape Ve\u013ekoobchod<br \/>\nVapsolo Twins 20000 2 Pr\u00edchute v 1 Dob\u00edjate\u013en\u00fd Jednorazov\u00fd Vape Ve\u013ekoobchodn\u00e1 Cena<br \/>\nHor\u00faci Predaj Jednorazov\u00e1 Vape Pero Vapsolo Twins 20000 Pufov Hromadn\u00fd N\u00e1kup Lacn\u00e1 Cena<\/p>\n<p><strong>Kontaktujte Amy pre spr\u00e1vnu odpove\u010f a vape kup\u00f3n!<\/strong><\/p>\n<p><img loading=\"lazy\" decoding=\"async\" class=\"size-full wp-image-2375\" src=\"https:\/\/rmvapesale.com\/wp-content\/uploads\/2024\/10\/image.png\" alt=\"Najlep\u0161\u00ed jednorazov\u00fd vape\" width=\"229\" height=\"300\" \/><\/p>\n<h3><a href=\"https:\/\/wa.me\/8617776015835\"><span style=\"color: #ff0000\"><strong>WhatsApp: +86 17776015835<\/strong><\/span><\/a><\/h3>\n<p>&nbsp;<\/p>","protected":false},"featured_media":2860,"comment_status":"open","ping_status":"closed","template":"","meta":{"_uag_custom_page_level_css":"","_lmt_disableupdate":"no","_lmt_disable":"","site-sidebar-layout":"default","site-content-layout":"content-boxed-container","ast-site-content-layout":"normal-width-container","site-content-style":"boxed","site-sidebar-style":"unboxed","ast-global-header-display":"","ast-banner-title-visibility":"","ast-main-header-display":"","ast-hfb-above-header-display":"","ast-hfb-below-header-display":"","ast-hfb-mobile-header-display":"","site-post-title":"","ast-breadcrumbs-content":"","ast-featured-img":"","footer-sml-layout":"","theme-transparent-header-meta":"default","adv-header-id-meta":"","stick-header-meta":"","header-above-stick-meta":"","header-main-stick-meta":"","header-below-stick-meta":"","astra-migrate-meta-layouts":"set","ast-page-background-enabled":"default","ast-page-background-meta":{"desktop":{"background-color":"var(--ast-global-color-4)","background-image":"","background-repeat":"repeat","background-position":"center center","background-size":"auto","background-attachment":"scroll","background-type":"","background-media":"","overlay-type":"","overlay-color":"","overlay-opacity":"","overlay-gradient":""},"tablet":{"background-color":"","background-image":"","background-repeat":"repeat","background-position":"center center","background-size":"auto","background-attachment":"scroll","background-type":"","background-media":"","overlay-type":"","overlay-color":"","overlay-opacity":"","overlay-gradient":""},"mobile":{"background-color":"","background-image":"","background-repeat":"repeat","background-position":"center center","background-size":"auto","background-attachment":"scroll","background-type":"","background-media":"","overlay-type":"","overlay-color":"","overlay-opacity":"","overlay-gradient":""}},"ast-content-background-meta":{"desktop":{"background-color":"var(--ast-global-color-5)","background-image":"","background-repeat":"repeat","background-position":"center center","background-size":"auto","background-attachment":"scroll","background-type":"","background-media":"","overlay-type":"","overlay-color":"","overlay-opacity":"","overlay-gradient":""},"tablet":{"background-color":"var(--ast-global-color-5)","background-image":"","background-repeat":"repeat","background-position":"center center","background-size":"auto","background-attachment":"scroll","background-type":"","background-media":"","overlay-type":"","overlay-color":"","overlay-opacity":"","overlay-gradient":""},"mobile":{"background-color":"var(--ast-global-color-5)","background-image":"","background-repeat":"repeat","background-position":"center center","background-size":"auto","background-attachment":"scroll","background-type":"","background-media":"","overlay-type":"","overlay-color":"","overlay-opacity":"","overlay-gradient":""}},"_joinchat":[]},"product_brand":[],"product_cat":[15,25,123,26,28,135,27,137,136,30],"product_tag":[40,111,243,241,242],"class_list":{"0":"post-2862","1":"product","2":"type-product","3":"status-publish","4":"has-post-thumbnail","6":"product_cat-new-vape-this-week","7":"product_cat-germany-best-selling-vape","8":"product_cat-italy-wholesale-vape","9":"product_cat-netherlands-hot-sale-vape","10":"product_cat-poland-hot-sale-vape","11":"product_cat-spain-best-hot-sale-vape","12":"product_cat-fance-hot-sale-vape","13":"product_cat-rechargeable-vapes","14":"product_cat-smart-screen-vapes","15":"product_cat-minimum-order-quantity-50pcs","16":"product_tag-hot-sale-vape","17":"product_tag-low-nicotine-disposable-vape","18":"product_tag-vapsolo","19":"product_tag-vapsolo-twins-20000","20":"product_tag-vapsolo-twins-20k","21":"desktop-align-left","22":"tablet-align-left","23":"mobile-align-left","25":"first","26":"instock","27":"sale","28":"shipping-taxable","29":"purchasable","30":"product-type-simple"},"uagb_featured_image_src":{"full":["https:\/\/rmvapesale.com\/wp-content\/uploads\/2024\/12\/VapSolo-Twins-20000-Disposable-Vape.jpg",1126,1126,false],"thumbnail":["https:\/\/rmvapesale.com\/wp-content\/uploads\/2024\/12\/VapSolo-Twins-20000-Disposable-Vape-150x150.jpg",150,150,true],"medium":["https:\/\/rmvapesale.com\/wp-content\/uploads\/2024\/12\/VapSolo-Twins-20000-Disposable-Vape-300x300.jpg",300,300,true],"medium_large":["https:\/\/rmvapesale.com\/wp-content\/uploads\/2024\/12\/VapSolo-Twins-20000-Disposable-Vape-768x768.jpg",768,768,true],"large":["https:\/\/rmvapesale.com\/wp-content\/uploads\/2024\/12\/VapSolo-Twins-20000-Disposable-Vape-1024x1024.jpg",1024,1024,true],"1536x1536":["https:\/\/rmvapesale.com\/wp-content\/uploads\/2024\/12\/VapSolo-Twins-20000-Disposable-Vape.jpg",1126,1126,false],"2048x2048":["https:\/\/rmvapesale.com\/wp-content\/uploads\/2024\/12\/VapSolo-Twins-20000-Disposable-Vape.jpg",1126,1126,false],"trp-custom-language-flag":["https:\/\/rmvapesale.com\/wp-content\/uploads\/2024\/12\/VapSolo-Twins-20000-Disposable-Vape.jpg",12,12,false],"woocommerce_thumbnail":["https:\/\/rmvapesale.com\/wp-content\/uploads\/2024\/12\/VapSolo-Twins-20000-Disposable-Vape-300x300.jpg",300,300,true],"woocommerce_single":["https:\/\/rmvapesale.com\/wp-content\/uploads\/2024\/12\/VapSolo-Twins-20000-Disposable-Vape-600x600.jpg",600,600,true],"woocommerce_gallery_thumbnail":["https:\/\/rmvapesale.com\/wp-content\/uploads\/2024\/12\/VapSolo-Twins-20000-Disposable-Vape-100x100.jpg",100,100,true],"wcpr-photo-reviews":["https:\/\/rmvapesale.com\/wp-content\/uploads\/2024\/12\/VapSolo-Twins-20000-Disposable-Vape.jpg",500,500,false]},"uagb_author_info":{"display_name":"AMY","author_link":"https:\/\/rmvapesale.com\/sk\/author\/"},"uagb_comment_info":0,"uagb_excerpt":"Vapsolo Twins 20000 Puffs 2 Flavour in 1 Disposable Vape Wholesale Vapsolo Twins 20000 2 Flavour in 1 Rechargeable Disposable Vape Wholesale Price Hot Sell Disposable Vape Pen Vapsolo Twins 20000 Puffs Bulk Buy Cheap Price Contact Amy to get right reply and vape coupon! WhatsApp: +86 17776015835 &nbsp;","_links":{"self":[{"href":"https:\/\/rmvapesale.com\/sk\/wp-json\/wp\/v2\/product\/2862","targetHints":{"allow":["GET"]}}],"collection":[{"href":"https:\/\/rmvapesale.com\/sk\/wp-json\/wp\/v2\/product"}],"about":[{"href":"https:\/\/rmvapesale.com\/sk\/wp-json\/wp\/v2\/types\/product"}],"replies":[{"embeddable":true,"href":"https:\/\/rmvapesale.com\/sk\/wp-json\/wp\/v2\/comments?post=2862"}],"wp:featuredmedia":[{"embeddable":true,"href":"https:\/\/rmvapesale.com\/sk\/wp-json\/wp\/v2\/media\/2860"}],"wp:attachment":[{"href":"https:\/\/rmvapesale.com\/sk\/wp-json\/wp\/v2\/media?parent=2862"}],"wp:term":[{"taxonomy":"product_brand","embeddable":true,"href":"https:\/\/rmvapesale.com\/sk\/wp-json\/wp\/v2\/product_brand?post=2862"},{"taxonomy":"product_cat","embeddable":true,"href":"https:\/\/rmvapesale.com\/sk\/wp-json\/wp\/v2\/product_cat?post=2862"},{"taxonomy":"product_tag","embeddable":true,"href":"https:\/\/rmvapesale.com\/sk\/wp-json\/wp\/v2\/product_tag?post=2862"}],"curies":[{"name":"wp","href":"https:\/\/api.w.org\/{rel}","templated":true}]}}