{"id":2868,"date":"2024-12-20T07:11:14","date_gmt":"2024-12-20T07:11:14","guid":{"rendered":"https:\/\/rmvapesale.com\/?post_type=product&#038;p=2868"},"modified":"2024-12-20T07:19:31","modified_gmt":"2024-12-20T07:19:31","slug":"aivono-aim-flash-35000-puffs-curved-smart-screen-disposable-vape-wholesale","status":"publish","type":"product","link":"https:\/\/rmvapesale.com\/sk\/product\/aivono-aim-flash-35000-puffs-curved-smart-screen-disposable-vape-wholesale\/","title":{"rendered":"Aivono Aim Flash 35000 \u0164ahov Zakriven\u00e1 Smart Screen Jednorazov\u00e1 Vape Ve\u013ekoobchod"},"content":{"rendered":"<div class=\"B2VR9 CJHX3e\">\n<div class=\"wyccme\">\n<div class=\"flex-shrink-0 flex flex-col relative items-end\">\n<div class=\"pt-0\">\n<div class=\"gizmo-bot-avatar flex h-8 w-8 items-center justify-center overflow-hidden rounded-full\">\n<div class=\"relative p-1 rounded-sm flex items-center justify-center bg-token-main-surface-primary text-token-text-primary h-8 w-8\">\n<div class=\"flex-shrink-0 flex flex-col relative items-end\">\n<div class=\"pt-0\">\n<div class=\"gizmo-bot-avatar flex h-8 w-8 items-center justify-center overflow-hidden rounded-full\">\n<h1 class=\"relative p-1 rounded-sm flex items-center justify-center bg-token-main-surface-primary text-token-text-primary h-8 w-8\">Aivono Aim Flash 35000 \u0164ahov Zakriven\u00e1 Smart Screen Jednorazov\u00e1 Vape Ve\u013ekoobchod<\/h1>\n<\/div>\n<\/div>\n<\/div>\n<\/div>\n<\/div>\n<\/div>\n<\/div>\n<div class=\"group\/conversation-turn relative flex w-full min-w-0 flex-col agent-turn\">\n<div class=\"flex-col gap-1 md:gap-3\">\n<div class=\"flex max-w-full flex-col flex-grow\">\n<div class=\"min-h-8 text-message flex w-full flex-col items-end gap-2 whitespace-normal break-words text-start [.text-message+&amp;]:mt-5\" dir=\"auto\" data-message-author-role=\"assistant\" data-message-id=\"80ece0c4-ead1-4ed9-a9f0-ddc22582b4f4\" data-message-model-slug=\"gpt-4o\">\n<div class=\"flex w-full flex-col gap-1 empty:hidden first:pt-[3px]\">\n<div class=\"markdown prose w-full break-words dark:prose-invert light\">\n<h3><\/h3>\n<\/div>\n<\/div>\n<\/div>\n<\/div>\n<\/div>\n<\/div>\n<div class=\"flex-shrink-0 flex flex-col relative items-end\">\n<div class=\"pt-0\">\n<div class=\"gizmo-bot-avatar flex h-8 w-8 items-center justify-center overflow-hidden rounded-full\">\n<div class=\"relative p-1 rounded-sm flex items-center justify-center bg-token-main-surface-primary text-token-text-primary h-8 w-8\">\n<p>The <strong>AIVONO AIM FLASH 35000 potiahnut\u00ed jednorazov\u00fd vape<\/strong> s <strong>zakrivenou inteligentnou obrazovkou<\/strong> nanovo definuje pohodlie, v\u00fdkon a \u0161t\u00fdl vo svete vapingu. Toto \u0161pi\u010dkov\u00e9 zariadenie poskytuje a\u017e <strong>35 000 potiahnut\u00ed<\/strong>, \u010do z neho rob\u00ed ide\u00e1lnu vo\u013ebu pre dlhodob\u00e9 pou\u017e\u00edvanie pri zachovan\u00ed vynikaj\u00facej chuti a kvality pary.<\/p>\n<p>Zariadenie je nap\u00e1jan\u00e9 spo\u013eahlivou <strong>850mAh dob\u00edjacou bat\u00e9riou z \u010dist\u00e9ho kobaltu<\/strong>, s r\u00fdchlym nab\u00edjan\u00edm Type-C na zaistenie nepreru\u0161ovan\u00e9ho vapingu. V\u00fdrazn\u00fdm prvkom je <strong>zakriven\u00e1 inteligentn\u00e1 obrazovka<\/strong>, ktor\u00e1 pon\u00faka inform\u00e1cie v re\u00e1lnom \u010dase o <strong>\u00farovni nabitia bat\u00e9rie<\/strong>, <strong>kapacite e-liquidu<\/strong>, a <strong>\u0161tatistiky pou\u017e\u00edvania<\/strong> pre intuit\u00edvne vapovanie. K\u013e\u00fa\u010dov\u00e1 je prisp\u00f4sobite\u013enos\u0165 s <strong>nastavite\u013en\u00fd prietok vzduchu<\/strong> a <strong>nastaveniami v\u00fdkonu<\/strong> na prisp\u00f4sobenie v\u00fdkonu va\u0161im preferenci\u00e1m. T\u00fdm <strong>technol\u00f3giou du\u00e1lnej sie\u0165ovej cievky<\/strong> sa zvy\u0161uje prenos chuti aj produkcia pary.<\/p>\n<p>K dispoz\u00edcii v 15 lahodn\u00fdch pr\u00edchutiach, ako napr\u00edklad <strong>Jahodov\u00fd \u013ead<\/strong> a <strong>Modr\u00e1 malina<\/strong>, je tento vape ide\u00e1lny pre ka\u017ed\u00e9ho. K dispoz\u00edcii s\u00fa mo\u017enosti ve\u013ekoobchodn\u00e9ho a hromadn\u00e9ho n\u00e1kupu, v\u010faka \u010domu je cenovo v\u00fdhodnou vo\u013ebou pre osobn\u00e9 pou\u017eitie alebo maloobchodn\u00fd predaj.<\/p>\n<\/div>\n<\/div>\n<\/div>\n<\/div>\n<\/div>\n<\/div>\n<p><strong>Kontaktujte Amy pre spr\u00e1vnu odpove\u010f a vape kup\u00f3n!<\/strong><\/p>\n<p><img loading=\"lazy\" decoding=\"async\" class=\"size-full wp-image-1978\" src=\"https:\/\/rmvapesale.com\/wp-content\/uploads\/2024\/09\/Disposable-Vape-Wholesale.jpg\" alt=\"Jednorazov\u00fd vape ve\u013ekoobchod\" width=\"229\" height=\"300\" \/><\/p>\n<h3><a href=\"https:\/\/wa.me\/8617776015835\" target=\"_blank\" rel=\"noopener\"><span style=\"color: #ff0000\"><strong>WhatsApp: +86 17776015835<\/strong><\/span><\/a><\/h3>\n<h2><\/h2>\n<h2><strong>K\u013e\u00fa\u010dov\u00e9 vlastnosti Aivono Flash 35000<\/strong><\/h2>\n<h3><\/h3>\n<ol>\n<li><strong>35 000 po\u0165ahov:<\/strong> Vysok\u00fd po\u010det po\u0165ahov pre dlhotrvaj\u00face uspokojenie.<\/li>\n<li><strong>Zakriven\u00e1 inteligentn\u00e1 obrazovka:<\/strong> Zobrazuje aktu\u00e1lne inform\u00e1cie o bat\u00e9rii, po\u0165ahoch a hladine e-liquidu.<\/li>\n<li><strong>Nab\u00edjate\u013en\u00e1 bat\u00e9ria:<\/strong> <strong>850mAh \u010dist\u00e1 kobaltov\u00e1 bat\u00e9ria<\/strong> s r\u00fdchlym nab\u00edjan\u00edm Type-C.<\/li>\n<li><strong>Nastavite\u013en\u00fd prietok vzduchu:<\/strong> Prisp\u00f4sobite\u013en\u00fd dvojr\u00fdchlostn\u00fd prietok vzduchu pre personalizovan\u00fd \u0165ah.<\/li>\n<li><strong>Du\u00e1lna sie\u0165ovan\u00e1 cievka:<\/strong> Vylep\u0161en\u00e1 produkcia chuti a hladk\u00e1 kvalita pary.<\/li>\n<li><strong>Detsk\u00fd z\u00e1mok:<\/strong> Vstavan\u00e1 bezpe\u010dnostn\u00e1 funkcia pre bezstarostn\u00e9 pou\u017e\u00edvanie.<\/li>\n<li><strong>Rozmanitos\u0165 pr\u00edchut\u00ed:<\/strong> Vyberte si z <strong>15 r\u00f4znych pr\u00edchut\u00ed<\/strong> aby vyhovovali akejko\u013evek preferencii.<\/li>\n<li><strong>Ve\u013ekoobchodn\u00e9 ceny:<\/strong> Dostupn\u00e9 mo\u017enosti hromadn\u00e9ho n\u00e1kupu pre osobn\u00e9 alebo maloobchodn\u00e9 pou\u017eitie.<\/li>\n<\/ol>\n<figure id=\"attachment_2865\" aria-describedby=\"caption-attachment-2865\" style=\"width: 800px\" class=\"wp-caption alignnone\"><img loading=\"lazy\" decoding=\"async\" class=\"wp-image-2865 size-full\" src=\"https:\/\/rmvapesale.com\/wp-content\/uploads\/2024\/12\/Aivono-Aim-Flash-35K-Wholesale-Disposable-Price.jpg\" alt=\"Aivono Aim Flash 35K Ve\u013ekoobchodn\u00e1 cena jednorazov\u00e9ho vapu\" width=\"800\" height=\"800\" srcset=\"https:\/\/rmvapesale.com\/wp-content\/uploads\/2024\/12\/Aivono-Aim-Flash-35K-Wholesale-Disposable-Price.jpg 800w, https:\/\/rmvapesale.com\/wp-content\/uploads\/2024\/12\/Aivono-Aim-Flash-35K-Wholesale-Disposable-Price-300x300.jpg 300w, https:\/\/rmvapesale.com\/wp-content\/uploads\/2024\/12\/Aivono-Aim-Flash-35K-Wholesale-Disposable-Price-150x150.jpg 150w, https:\/\/rmvapesale.com\/wp-content\/uploads\/2024\/12\/Aivono-Aim-Flash-35K-Wholesale-Disposable-Price-768x768.jpg 768w, https:\/\/rmvapesale.com\/wp-content\/uploads\/2024\/12\/Aivono-Aim-Flash-35K-Wholesale-Disposable-Price-600x600.jpg 600w, https:\/\/rmvapesale.com\/wp-content\/uploads\/2024\/12\/Aivono-Aim-Flash-35K-Wholesale-Disposable-Price-100x100.jpg 100w\" sizes=\"auto, (max-width: 800px) 100vw, 800px\" \/><figcaption id=\"caption-attachment-2865\" class=\"wp-caption-text\">Aivono Aim Flash 35K Ve\u013ekoobchodn\u00e1 cena jednorazov\u00e9ho vapu<\/figcaption><\/figure>\n<p><strong style=\"font-size: 1.7em\">Aivono Aim Flash 35000 Zoznam pr\u00edchut\u00ed<\/strong><\/p>\n<ol>\n<li>Jahodov\u00fd \u013ead<\/li>\n<li>Jahoda Vodn\u00fd mel\u00f3n<\/li>\n<li>Malina \u010cere\u0161\u0148a<\/li>\n<li>Modr\u00e1 malina<\/li>\n<li>Citr\u00f3nov\u00e1 m\u00e4ta<\/li>\n<li>Brosky\u0148ov\u00e1 \u0160\u0165ava<\/li>\n<li>\u010cu\u010doriedka hrozno<\/li>\n<li>Vodn\u00fd mel\u00f3n \u013dad<\/li>\n<li>Jablko bobu\u013ea<\/li>\n<li>Manco anan\u00e1s<\/li>\n<li>Modr\u00fd ran\u010d<\/li>\n<li>Jahodov\u00e1 zmrzlina<\/li>\n<li>Hroznov\u00fd \u013ead<\/li>\n<li>Zmie\u0161an\u00e9 bobule<\/li>\n<li>Jahoda Kiwi<\/li>\n<\/ol>\n<p>&nbsp;<\/p>\n<h3><strong>Pre\u010do si vybra\u0165 Rmvapesale pre Aivono Flash 35000 Puffs <\/strong><strong>V<\/strong><strong>Ve\u013ekoobchod s vape<\/strong><strong>?<\/strong><\/h3>\n<div class=\"flex-shrink-0 flex flex-col relative items-end\">\n<div class=\"pt-0\">\n<div class=\"gizmo-bot-avatar flex h-8 w-8 items-center justify-center overflow-hidden rounded-full\">\n<div class=\"relative p-1 rounded-sm flex items-center justify-center bg-token-main-surface-primary text-token-text-primary h-8 w-8\">\n<p>Vitajte v Rmvapesale, va\u0161om d\u00f4veryhodnom obchode s vape pre pr\u00e9miov\u00e9 jednorazov\u00e9 vapy. S viac ako 5 ro\u010dn\u00fdmi sk\u00fasenos\u0165ami v\u00e1m prin\u00e1\u0161ame popul\u00e1rne zna\u010dky jednorazov\u00fdch vape ako Al Fakher, Vapme Vape, <a href=\"https:\/\/rmvapesale.com\/sk\/product-category\/bang-vapes\/\">Bang Vape<\/a>, Waspe, WGA Vape a<a href=\"https:\/\/rmvapesale.com\/sk\/product-category\/randm-fumot-vape\/\"> RandM Vape<\/a>.<\/p>\n<p>N\u00e1\u0161 sortiment zah\u0155\u0148a popul\u00e1rne jednorazov\u00e9 vapky ako <a href=\"https:\/\/rmvapesale.com\/sk\/product\/randm-tornado-15000-puffs-vape-wholesale\/\">RandM Tornado 15000<\/a> a chu\u0165ovo bohat\u00e9 mo\u017enosti ako Vapme 70000. Ka\u017ed\u00fd produkt je vybran\u00fd so zameran\u00edm na kvalitu, hodnotu a rozmanitos\u0165, \u010d\u00edm zabezpe\u010dujeme, \u017ee n\u00e1jdete perfektn\u00fa zhodu pre va\u0161e potreby. Objavte v\u00fdnimo\u010dn\u00fd servis a \u0161irok\u00fd sortiment \u0161pi\u010dkov\u00fdch produktov na Rmvapesale.<\/p>\n<\/div>\n<h3><\/h3>\n<div class=\"relative p-1 rounded-sm flex items-center justify-center bg-token-main-surface-primary text-token-text-primary h-8 w-8\">\n<h3><b> \u010casto kladen\u00e9 ot\u00e1zky pre Aivono Aim Flash 35000 <\/b><b>Nab\u00edjate\u013en\u00e1 jednorazov\u00e1 vapka<\/b><\/h3>\n<div class=\"group\/conversation-turn relative flex w-full min-w-0 flex-col agent-turn\">\n<div class=\"flex-col gap-1 md:gap-3\">\n<div class=\"flex max-w-full flex-col flex-grow\">\n<div class=\"min-h-8 text-message flex w-full flex-col items-end gap-2 whitespace-normal break-words [.text-message+&amp;]:mt-5\" dir=\"auto\" data-message-author-role=\"assistant\" data-message-id=\"00c9b302-bc9c-4550-94ba-5a295efa2be3\" data-message-model-slug=\"gpt-4o\">\n<div class=\"flex w-full flex-col gap-1 empty:hidden first:pt-[3px]\">\n<div class=\"markdown prose w-full break-words dark:prose-invert light\">\n<div class=\"flex-shrink-0 flex flex-col relative items-end\">\n<div class=\"pt-0\">\n<div class=\"gizmo-bot-avatar flex h-8 w-8 items-center justify-center overflow-hidden rounded-full\">\n<div class=\"relative p-1 rounded-sm flex items-center justify-center bg-token-main-surface-primary text-token-text-primary h-8 w-8\">\n<div class=\"flex-shrink-0 flex flex-col relative items-end\">\n<div class=\"pt-0\">\n<div class=\"gizmo-bot-avatar flex h-8 w-8 items-center justify-center overflow-hidden rounded-full\">\n<div class=\"relative p-1 rounded-sm flex items-center justify-center bg-token-main-surface-primary text-token-text-primary h-8 w-8\">\n<h3><\/h3>\n<ol>\n<li><strong>Ko\u013eko potiahnut\u00ed poskytuje AIVONO AIM FLASH 35000?<\/strong><br \/>\nToto zariadenie poskytuje a\u017e <strong>35 000 potiahnut\u00ed<\/strong>, \u010do z neho rob\u00ed jeden z najodolnej\u0161\u00edch jednorazov\u00fdch vapeov, ktor\u00e9 s\u00fa k dispoz\u00edcii.<\/li>\n<li><strong>\u010co rob\u00ed zakriven\u00fa inteligentn\u00fa obrazovku jedine\u010dnou?<\/strong><br \/>\nThe <strong>zakriven\u00e1 inteligentn\u00e1 obrazovka<\/strong> pon\u00faka \u00fadaje v re\u00e1lnom \u010dase o va\u0161ich \u0161tatistik\u00e1ch vapovania, vr\u00e1tane \u017eivotnosti bat\u00e9rie a \u00farovne e-liquidu, pre informovanej\u0161\u00ed z\u00e1\u017eitok.<\/li>\n<li><strong>M\u00f4\u017eem nabi\u0165 AIVONO AIM FLASH 35000?<\/strong><br \/>\n\u00c1no, obsahuje <strong>850 mAh nab\u00edjate\u013en\u00e1 bat\u00e9ria<\/strong> s <strong>r\u00fdchlym nab\u00edjan\u00edm typu C<\/strong> pre bezprobl\u00e9mov\u00e9 pou\u017e\u00edvanie.<\/li>\n<li><strong>Ak\u00e9 pr\u00edchute sa pon\u00fakaj\u00fa s t\u00fdmto zariaden\u00edm?<\/strong><br \/>\nExistuje <strong>15 \u00fa\u017easn\u00fdch pr\u00edchut\u00ed<\/strong>, vr\u00e1tane <strong>Modr\u00e1 malina<\/strong>, <strong>Manco anan\u00e1s<\/strong>, a <strong>Jahodov\u00e1 zmrzlina<\/strong>, aby vyhovovali ka\u017ed\u00e9mu vkusu.<\/li>\n<li><strong>Kde si m\u00f4\u017eem k\u00fapi\u0165 AIVONO AIM FLASH 35000 za ve\u013ekoobchodn\u00e9 ceny?<\/strong><br \/>\nNav\u0161t\u00edvte <strong>internetov\u00fd obchod s vaporiz\u00e9rmi Sigvape<\/strong> a zak\u00fapte si <strong>AIVONO AIM FLASH 35000<\/strong> za bezkonkuren\u010dn\u00fa <strong>ve\u013ekoobchodn\u00e9 ceny<\/strong>\u2014ide\u00e1lne pre osobn\u00e9 pou\u017eitie alebo pre potreby maloobchodu!<\/li>\n<\/ol>\n<\/div>\n<\/div>\n<\/div>\n<\/div>\n<\/div>\n<\/div>\n<\/div>\n<\/div>\n<div class=\"group\/conversation-turn relative flex w-full min-w-0 flex-col agent-turn\">\n<div class=\"flex-col gap-1 md:gap-3\">\n<div class=\"flex max-w-full flex-col flex-grow\">\n<div class=\"min-h-8 text-message flex w-full flex-col items-end gap-2 whitespace-normal break-words [.text-message+&amp;]:mt-5\" dir=\"auto\" data-message-author-role=\"assistant\" data-message-id=\"a3dc01bd-23b0-4fd7-bb9a-7827522cefd8\" data-message-model-slug=\"gpt-4o\">\n<div class=\"flex w-full flex-col gap-1 empty:hidden first:pt-[3px]\"><\/div>\n<\/div>\n<\/div>\n<\/div>\n<\/div>\n<\/div>\n<\/div>\n<\/div>\n<\/div>\n<\/div>\n<\/div>\n<\/div>\n<\/div>\n<\/div>\n<\/div>\n<h3>O doru\u010den\u00ed<\/h3>\n<div class=\"flex-shrink-0 flex flex-col relative items-end\">\n<div>\n<div class=\"pt-0\">\n<div class=\"gizmo-bot-avatar flex h-8 w-8 items-center justify-center overflow-hidden rounded-full\">\n<div><\/div>\n<div class=\"relative p-1 rounded-sm flex items-center justify-center bg-token-main-surface-primary text-token-text-primary h-8 w-8\"><strong>1. Ak\u00e9 sp\u00f4soby doru\u010denia pou\u017e\u00edvate?<\/strong><\/div>\n<\/div>\n<\/div>\n<\/div>\n<\/div>\n<div class=\"group\/conversation-turn relative flex w-full min-w-0 flex-col agent-turn\">\n<div class=\"flex-col gap-1 md:gap-3\">\n<div class=\"flex max-w-full flex-col flex-grow\">\n<div class=\"min-h-[20px] text-message flex w-full flex-col items-end gap-2 whitespace-normal break-words [.text-message+&amp;]:mt-5 overflow-x-auto\" dir=\"auto\" data-message-author-role=\"assistant\" data-message-id=\"22f8283b-3233-46ff-89a5-c7a41b33abda\">\n<div class=\"flex w-full flex-col gap-1 empty:hidden first:pt-[3px]\">\n<div class=\"markdown prose w-full break-words dark:prose-invert light\">\n<p>Spolupracujeme so spolo\u010dnos\u0165ami UPS, DHL, FedEx, DPD a \u010fal\u0161\u00edmi popredn\u00fdmi dopravcami. Vyberieme najlep\u0161\u00ed sp\u00f4sob doru\u010denia na z\u00e1klade va\u0161ej adresy, aby sme zaistili, \u017ee svoje produkty dostanete \u010do najr\u00fdchlej\u0161ie.<\/p>\n<\/div>\n<p><strong>2. Ako dlho trv\u00e1 doru\u010denie?<\/strong><\/p>\n<p>Bal\u00edky doru\u010dovan\u00e9 na Slovensko zvy\u010dajne dorazia do 10 pracovn\u00fdch dn\u00ed. Doru\u010denie do eur\u00f3pskych kraj\u00edn zvy\u010dajne trv\u00e1 asi 12-15 pracovn\u00fdch dn\u00ed. Budeme v\u00e1s informova\u0165 o stave doru\u010denia v re\u00e1lnom \u010dase.<\/p>\n<\/div>\n<\/div>\n<\/div>\n<\/div>\n<\/div>\n<p>&nbsp;<\/p>\n<p>N\u00e1jdite \u010fal\u0161ie vape produkty, ktor\u00e9 by sa v\u00e1m mohli p\u00e1\u010di\u0165:<strong><em><a href=\"https:\/\/rmvapesale.com\/sk\/shop-2\/\">nakupova\u0165 teraz &gt;&gt;&gt;<\/a><\/em><\/strong><\/p>","protected":false},"excerpt":{"rendered":"<p>Aivono Aim Flash 35000 potiahnut\u00ed jednorazov\u00fd vape, ve\u013ekoobchod<br \/>\nAivono Flash 35000 dob\u00edjac\u00ed jednorazov\u00fd vape, ve\u013ekoobchodn\u00e1 cena<br \/>\nHor\u00faci predaj jednorazov\u00fdch vape pier Aivono Flash 35k, hromadn\u00fd n\u00e1kup za n\u00edzku cenu<\/p>\n<p><strong>Kontaktujte Amy pre spr\u00e1vnu odpove\u010f a vape kup\u00f3n!<\/strong><\/p>\n<p><img loading=\"lazy\" decoding=\"async\" class=\"size-full wp-image-2375\" src=\"https:\/\/rmvapesale.com\/wp-content\/uploads\/2024\/10\/image.png\" alt=\"Najlep\u0161\u00ed jednorazov\u00fd vape\" width=\"229\" height=\"300\" \/><\/p>\n<h3><a href=\"https:\/\/wa.me\/8617776015835\"><span style=\"color: #ff0000\"><strong>WhatsApp: +86 17776015835<\/strong><\/span><\/a><\/h3>\n<p>&nbsp;<\/p>","protected":false},"featured_media":2867,"comment_status":"open","ping_status":"closed","template":"","meta":{"_uag_custom_page_level_css":"","_lmt_disableupdate":"no","_lmt_disable":"","site-sidebar-layout":"default","site-content-layout":"content-boxed-container","ast-site-content-layout":"normal-width-container","site-content-style":"boxed","site-sidebar-style":"unboxed","ast-global-header-display":"","ast-banner-title-visibility":"","ast-main-header-display":"","ast-hfb-above-header-display":"","ast-hfb-below-header-display":"","ast-hfb-mobile-header-display":"","site-post-title":"","ast-breadcrumbs-content":"","ast-featured-img":"","footer-sml-layout":"","theme-transparent-header-meta":"default","adv-header-id-meta":"","stick-header-meta":"","header-above-stick-meta":"","header-main-stick-meta":"","header-below-stick-meta":"","astra-migrate-meta-layouts":"set","ast-page-background-enabled":"default","ast-page-background-meta":{"desktop":{"background-color":"var(--ast-global-color-4)","background-image":"","background-repeat":"repeat","background-position":"center center","background-size":"auto","background-attachment":"scroll","background-type":"","background-media":"","overlay-type":"","overlay-color":"","overlay-opacity":"","overlay-gradient":""},"tablet":{"background-color":"","background-image":"","background-repeat":"repeat","background-position":"center center","background-size":"auto","background-attachment":"scroll","background-type":"","background-media":"","overlay-type":"","overlay-color":"","overlay-opacity":"","overlay-gradient":""},"mobile":{"background-color":"","background-image":"","background-repeat":"repeat","background-position":"center center","background-size":"auto","background-attachment":"scroll","background-type":"","background-media":"","overlay-type":"","overlay-color":"","overlay-opacity":"","overlay-gradient":""}},"ast-content-background-meta":{"desktop":{"background-color":"var(--ast-global-color-5)","background-image":"","background-repeat":"repeat","background-position":"center center","background-size":"auto","background-attachment":"scroll","background-type":"","background-media":"","overlay-type":"","overlay-color":"","overlay-opacity":"","overlay-gradient":""},"tablet":{"background-color":"var(--ast-global-color-5)","background-image":"","background-repeat":"repeat","background-position":"center center","background-size":"auto","background-attachment":"scroll","background-type":"","background-media":"","overlay-type":"","overlay-color":"","overlay-opacity":"","overlay-gradient":""},"mobile":{"background-color":"var(--ast-global-color-5)","background-image":"","background-repeat":"repeat","background-position":"center center","background-size":"auto","background-attachment":"scroll","background-type":"","background-media":"","overlay-type":"","overlay-color":"","overlay-opacity":"","overlay-gradient":""}},"_joinchat":[]},"product_brand":[],"product_cat":[15,25,123,26,28,135,27,137,136,30],"product_tag":[244,245,40,111,243],"class_list":{"0":"post-2868","1":"product","2":"type-product","3":"status-publish","4":"has-post-thumbnail","6":"product_cat-new-vape-this-week","7":"product_cat-germany-best-selling-vape","8":"product_cat-italy-wholesale-vape","9":"product_cat-netherlands-hot-sale-vape","10":"product_cat-poland-hot-sale-vape","11":"product_cat-spain-best-hot-sale-vape","12":"product_cat-fance-hot-sale-vape","13":"product_cat-rechargeable-vapes","14":"product_cat-smart-screen-vapes","15":"product_cat-minimum-order-quantity-50pcs","16":"product_tag-aivono-flash-35000","17":"product_tag-aivono-vape","18":"product_tag-hot-sale-vape","19":"product_tag-low-nicotine-disposable-vape","20":"product_tag-vapsolo","21":"desktop-align-left","22":"tablet-align-left","23":"mobile-align-left","25":"first","26":"instock","27":"sale","28":"shipping-taxable","29":"purchasable","30":"product-type-simple"},"uagb_featured_image_src":{"full":["https:\/\/rmvapesale.com\/wp-content\/uploads\/2024\/12\/Low-Nicotine-Vape-Aivono-Aim-Flash-35000.jpg",800,800,false],"thumbnail":["https:\/\/rmvapesale.com\/wp-content\/uploads\/2024\/12\/Low-Nicotine-Vape-Aivono-Aim-Flash-35000-150x150.jpg",150,150,true],"medium":["https:\/\/rmvapesale.com\/wp-content\/uploads\/2024\/12\/Low-Nicotine-Vape-Aivono-Aim-Flash-35000-300x300.jpg",300,300,true],"medium_large":["https:\/\/rmvapesale.com\/wp-content\/uploads\/2024\/12\/Low-Nicotine-Vape-Aivono-Aim-Flash-35000-768x768.jpg",768,768,true],"large":["https:\/\/rmvapesale.com\/wp-content\/uploads\/2024\/12\/Low-Nicotine-Vape-Aivono-Aim-Flash-35000.jpg",800,800,false],"1536x1536":["https:\/\/rmvapesale.com\/wp-content\/uploads\/2024\/12\/Low-Nicotine-Vape-Aivono-Aim-Flash-35000.jpg",800,800,false],"2048x2048":["https:\/\/rmvapesale.com\/wp-content\/uploads\/2024\/12\/Low-Nicotine-Vape-Aivono-Aim-Flash-35000.jpg",800,800,false],"trp-custom-language-flag":["https:\/\/rmvapesale.com\/wp-content\/uploads\/2024\/12\/Low-Nicotine-Vape-Aivono-Aim-Flash-35000.jpg",12,12,false],"woocommerce_thumbnail":["https:\/\/rmvapesale.com\/wp-content\/uploads\/2024\/12\/Low-Nicotine-Vape-Aivono-Aim-Flash-35000-300x300.jpg",300,300,true],"woocommerce_single":["https:\/\/rmvapesale.com\/wp-content\/uploads\/2024\/12\/Low-Nicotine-Vape-Aivono-Aim-Flash-35000-600x600.jpg",600,600,true],"woocommerce_gallery_thumbnail":["https:\/\/rmvapesale.com\/wp-content\/uploads\/2024\/12\/Low-Nicotine-Vape-Aivono-Aim-Flash-35000-100x100.jpg",100,100,true],"wcpr-photo-reviews":["https:\/\/rmvapesale.com\/wp-content\/uploads\/2024\/12\/Low-Nicotine-Vape-Aivono-Aim-Flash-35000.jpg",500,500,false]},"uagb_author_info":{"display_name":"AMY","author_link":"https:\/\/rmvapesale.com\/sk\/author\/"},"uagb_comment_info":0,"uagb_excerpt":"Aivono Aim Flash 35000 Puffs Disposable Vape Wholesale Aivono Flash 35000 Rechargeable Disposable Vape Wholesale Price Hot Sell Disposable Vape Pen Aivono Flash 35k Bulk Buy Cheap Price Contact Amy to get right reply and vape coupon! WhatsApp: +86 17776015835 &nbsp;","_links":{"self":[{"href":"https:\/\/rmvapesale.com\/sk\/wp-json\/wp\/v2\/product\/2868","targetHints":{"allow":["GET"]}}],"collection":[{"href":"https:\/\/rmvapesale.com\/sk\/wp-json\/wp\/v2\/product"}],"about":[{"href":"https:\/\/rmvapesale.com\/sk\/wp-json\/wp\/v2\/types\/product"}],"replies":[{"embeddable":true,"href":"https:\/\/rmvapesale.com\/sk\/wp-json\/wp\/v2\/comments?post=2868"}],"wp:featuredmedia":[{"embeddable":true,"href":"https:\/\/rmvapesale.com\/sk\/wp-json\/wp\/v2\/media\/2867"}],"wp:attachment":[{"href":"https:\/\/rmvapesale.com\/sk\/wp-json\/wp\/v2\/media?parent=2868"}],"wp:term":[{"taxonomy":"product_brand","embeddable":true,"href":"https:\/\/rmvapesale.com\/sk\/wp-json\/wp\/v2\/product_brand?post=2868"},{"taxonomy":"product_cat","embeddable":true,"href":"https:\/\/rmvapesale.com\/sk\/wp-json\/wp\/v2\/product_cat?post=2868"},{"taxonomy":"product_tag","embeddable":true,"href":"https:\/\/rmvapesale.com\/sk\/wp-json\/wp\/v2\/product_tag?post=2868"}],"curies":[{"name":"wp","href":"https:\/\/api.w.org\/{rel}","templated":true}]}}