{"id":2892,"date":"2024-12-28T07:33:48","date_gmt":"2024-12-28T07:33:48","guid":{"rendered":"https:\/\/rmvapesale.com\/?post_type=product&#038;p=2892"},"modified":"2024-12-28T08:06:28","modified_gmt":"2024-12-28T08:06:28","slug":"puff-40k-bang-refillable-disposable-vape-with-digital-display-bulk-buy-price","status":"publish","type":"product","link":"https:\/\/rmvapesale.com\/sk\/product\/puff-40k-bang-refillable-disposable-vape-with-digital-display-bulk-buy-price\/","title":{"rendered":"PUFF 40K Bang Doplnite\u013en\u00e1 jednorazov\u00e1 Vape s digit\u00e1lnym displejom Hromadn\u00fd n\u00e1kup Cena"},"content":{"rendered":"<div class=\"B2VR9 CJHX3e\">\n<div class=\"wyccme\">\n<div class=\"flex-shrink-0 flex flex-col relative items-end\">\n<div class=\"pt-0\">\n<div class=\"gizmo-bot-avatar flex h-8 w-8 items-center justify-center overflow-hidden rounded-full\">\n<div class=\"relative p-1 rounded-sm flex items-center justify-center bg-token-main-surface-primary text-token-text-primary h-8 w-8\">\n<div class=\"flex-shrink-0 flex flex-col relative items-end\">\n<div class=\"pt-0\">\n<div class=\"gizmo-bot-avatar flex h-8 w-8 items-center justify-center overflow-hidden rounded-full\">\n<h1 class=\"relative p-1 rounded-sm flex items-center justify-center bg-token-main-surface-primary text-token-text-primary h-8 w-8\">PUFF 40K Bang Doplnite\u013en\u00e1 jednorazov\u00e1 Vape s digit\u00e1lnym displejom Hromadn\u00fd n\u00e1kup Cena<\/h1>\n<\/div>\n<\/div>\n<\/div>\n<\/div>\n<\/div>\n<\/div>\n<\/div>\n<div class=\"group\/conversation-turn relative flex w-full min-w-0 flex-col agent-turn\">\n<div class=\"flex-col gap-1 md:gap-3\">\n<div class=\"flex max-w-full flex-col flex-grow\">\n<div class=\"min-h-8 text-message flex w-full flex-col items-end gap-2 whitespace-normal break-words text-start [.text-message+&amp;]:mt-5\" dir=\"auto\" data-message-author-role=\"assistant\" data-message-id=\"80ece0c4-ead1-4ed9-a9f0-ddc22582b4f4\" data-message-model-slug=\"gpt-4o\">\n<div class=\"flex w-full flex-col gap-1 empty:hidden first:pt-[3px]\">\n<div class=\"markdown prose w-full break-words dark:prose-invert light\">\n<h3><\/h3>\n<\/div>\n<\/div>\n<\/div>\n<\/div>\n<\/div>\n<\/div>\n<div class=\"flex-shrink-0 flex flex-col relative items-end\">\n<div class=\"pt-0\">\n<div class=\"gizmo-bot-avatar flex h-8 w-8 items-center justify-center overflow-hidden rounded-full\">\n<div class=\"relative p-1 rounded-sm flex items-center justify-center bg-token-main-surface-primary text-token-text-primary h-8 w-8\">\n<p>The <strong>Bang 40K Puff Dopl\u0148ovate\u013en\u00e1 jednorazov\u00e1 elektronick\u00e1 cigareta<\/strong> pos\u00fava pohodlie, prisp\u00f4sobenie a n\u00e1kladov\u00fa efekt\u00edvnos\u0165 na nov\u00fa \u00farove\u0148! Navrhnut\u00e1 pre pou\u017e\u00edvate\u013eov, ktor\u00ed vy\u017eaduj\u00fa vysok\u00fa kapacitu a flexibilitu, t\u00e1to <strong>otvoren\u00e1 dopl\u0148ovate\u013en\u00e1 e-cigareta<\/strong> je ide\u00e1lna pre nad\u0161encov chut\u00ed aj pre ekologicky zm\u00fd\u0161\u013eaj\u00facich vaperov.<\/p>\n<h3>Pre\u010do si vybra\u0165 Bang 40K?<\/h3>\n<h4><strong>Obrovsk\u00fd po\u010det potiahnut\u00ed<\/strong><\/h4>\n<p>Za\u017eite a\u017e <strong>40 000 potiahnut\u00ed<\/strong>, \u010do prin\u00e1\u0161a bezkonkuren\u010dn\u00fa \u017eivotnos\u0165 pre vaperov, ktor\u00ed chc\u00fa, aby ich zariadenie vydr\u017ealo bez neust\u00e1leho vymie\u0148ania.<\/p>\n<h4><strong>Otvoren\u00fd dopl\u0148ovate\u013en\u00fd dizajn<\/strong><\/h4>\n<p>Rozl\u00fa\u010dte sa s obmedzeniami predplnen\u00fdch e-cigariet! S <strong>Bang 40K<\/strong> m\u00f4\u017eete pou\u017e\u00edva\u0165 va\u0161e ob\u013e\u00faben\u00e9 e-liquidy, \u010do pon\u00faka nekone\u010dn\u00e9 mo\u017enosti chut\u00ed.<\/p>\n<h4><strong>Technol\u00f3gia du\u00e1lnej sie\u0165ovanej cievky (Dual Mesh Coil)<\/strong><\/h4>\n<p>Vychutnajte si jemnej\u0161iu, bohat\u0161iu a konzistentnej\u0161iu chu\u0165 s <strong>1.0 ohmovou sie\u0165ovou cievkou<\/strong>, navrhnut\u00fd na zv\u00fd\u0161enie produkcie pary.<\/p>\n<h4><strong>Digit\u00e1lny Displej<\/strong><\/h4>\n<p>Monitorujte stav svojho vapu pomocou <strong>inteligentnej digit\u00e1lnej obrazovky<\/strong>, ktor\u00e1 zobrazuje d\u00f4le\u017eit\u00e9 detaily, ako je \u017eivotnos\u0165 bat\u00e9rie, hladina e-liquidu a po\u010det \u0165ahov.<\/p>\n<h4><strong>Nastavite\u013en\u00fd prietok vzduchu<\/strong><\/h4>\n<p>Prisp\u00f4sobte si z\u00e1\u017eitok z vapovania s nastavite\u013en\u00fdm prietokom vzduchu a <strong>dvoma re\u017eimami v\u00fdkonu<\/strong> (12W na be\u017en\u00e9 pou\u017eitie alebo 24W na turbo boost).<\/p>\n<h4><strong>Ekologick\u00fd<\/strong><\/h4>\n<p>U\u0161etrite peniaze a zn\u00ed\u017ete mno\u017estvo odpadu v\u010faka <strong>plnite\u013en\u00e9mu dizajnu<\/strong>\u2014 inteligentn\u00e1 vo\u013eba pre \u017eivotn\u00e9 prostredie a va\u0161u pe\u0148a\u017eenku.<\/p>\n<\/div>\n<\/div>\n<\/div>\n<\/div>\n<\/div>\n<\/div>\n<p><strong>Kontaktujte Amy pre spr\u00e1vnu odpove\u010f a vape kup\u00f3n!<\/strong><\/p>\n<p><img loading=\"lazy\" decoding=\"async\" class=\"size-full wp-image-1978\" src=\"https:\/\/rmvapesale.com\/wp-content\/uploads\/2024\/09\/Disposable-Vape-Wholesale.jpg\" alt=\"Jednorazov\u00fd vape ve\u013ekoobchod\" width=\"229\" height=\"300\" \/><\/p>\n<h3><a href=\"https:\/\/wa.me\/8617776015835\" target=\"_blank\" rel=\"noopener\"><span style=\"color: #ff0000\"><strong>WhatsApp: +86 17776015835<\/strong><\/span><\/a><\/h3>\n<p>&nbsp;<\/p>\n<p><strong style=\"font-size: 1.7em\">K\u013e\u00fa\u010dov\u00e9 vlastnosti Bang Vape 40000<\/strong><\/p>\n<ul>\n<li><strong>40 000 \u0165ahov<\/strong>: Dlh\u00e1 \u017eivotnos\u0165 pre dlhodob\u00e9 pou\u017e\u00edvanie.<\/li>\n<li><strong>Plnite\u013en\u00fd dizajn<\/strong>: Pou\u017e\u00edvajte svoj ob\u013e\u00faben\u00fd e-liquid pre nekone\u010dn\u00e9 mo\u017enosti prisp\u00f4sobenia.<\/li>\n<li><strong>Du\u00e1lna sie\u0165ovan\u00e1 cievka<\/strong>: Vynikaj\u00faca chu\u0165 a plynul\u00e1 produkcia pary.<\/li>\n<li><strong>Digit\u00e1lny Displej<\/strong>: Sledujte stav bat\u00e9rie, \u0165ahy a hladinu e-liquidu.<\/li>\n<li><strong>Nastavite\u013en\u00e9 re\u017eimy v\u00fdkonu<\/strong>: Prep\u00ednajte medzi be\u017en\u00fdm (12W) a turbo (24W) re\u017eimom.<\/li>\n<li><strong>Nab\u00edjanie cez Type-C<\/strong>: R\u00fdchle nab\u00edjanie pre nepreru\u0161ovan\u00e9 vapovanie.<\/li>\n<li><strong>Funkcia detskej poistky<\/strong>: Pridan\u00e1 bezpe\u010dnos\u0165 pre v\u00e1\u0161 pokoj.<\/li>\n<\/ul>\n<figure id=\"attachment_2887\" aria-describedby=\"caption-attachment-2887\" style=\"width: 1000px\" class=\"wp-caption alignnone\"><img loading=\"lazy\" decoding=\"async\" class=\"wp-image-2887 size-full\" src=\"https:\/\/rmvapesale.com\/wp-content\/uploads\/2024\/12\/Bang-40000-LED-Display-Disposable-Vape-Bulk-Buy.jpg\" alt=\"Bang 40000 LED displej jednorazov\u00e9 e-cigarety hromadn\u00fd n\u00e1kup\" width=\"1000\" height=\"1000\" srcset=\"https:\/\/rmvapesale.com\/wp-content\/uploads\/2024\/12\/Bang-40000-LED-Display-Disposable-Vape-Bulk-Buy.jpg 1000w, https:\/\/rmvapesale.com\/wp-content\/uploads\/2024\/12\/Bang-40000-LED-Display-Disposable-Vape-Bulk-Buy-300x300.jpg 300w, https:\/\/rmvapesale.com\/wp-content\/uploads\/2024\/12\/Bang-40000-LED-Display-Disposable-Vape-Bulk-Buy-150x150.jpg 150w, https:\/\/rmvapesale.com\/wp-content\/uploads\/2024\/12\/Bang-40000-LED-Display-Disposable-Vape-Bulk-Buy-768x768.jpg 768w, https:\/\/rmvapesale.com\/wp-content\/uploads\/2024\/12\/Bang-40000-LED-Display-Disposable-Vape-Bulk-Buy-600x600.jpg 600w, https:\/\/rmvapesale.com\/wp-content\/uploads\/2024\/12\/Bang-40000-LED-Display-Disposable-Vape-Bulk-Buy-100x100.jpg 100w\" sizes=\"auto, (max-width: 1000px) 100vw, 1000px\" \/><figcaption id=\"caption-attachment-2887\" class=\"wp-caption-text\">Bang 40000 LED displej jednorazov\u00e9 e-cigarety hromadn\u00fd n\u00e1kup<\/figcaption><\/figure>\n<p><strong style=\"font-size: 1.7em\">Najpred\u00e1vanej\u0161ie pr\u00edchute pre PUFF 40K Bang opakovane plnite\u013en\u00e9 jednorazov\u00e9 e-cigarety<\/strong><\/p>\n<p>Tieto PUFF 40K Bang opakovane plnite\u013en\u00e9 jednorazov\u00e9 e-cigarety pon\u00fakaj\u00fa \u017eiv\u00fa zmes pr\u00edchut\u00ed, od ovocn\u00fdch klas\u00edk ako Jahoda Mango a Hrozno Ice po osvie\u017euj\u00face \u013eadov\u00e9 zmesi ako <strong>Modr\u00e1 Malina \u013dad<\/strong> a \u010cu\u010doriedka Ice. N\u00e1jdite najpred\u00e1vanej\u0161iu pr\u00edchu\u0165 pre t\u00fato nab\u00edjate\u013en\u00fa jednorazov\u00fa e-cigaretu pod\u013ea na\u0161ich \u00fadajov o predaji a sp\u00e4tnej v\u00e4zby od z\u00e1kazn\u00edkov.<\/p>\n<p>1. Mel\u00f3nov\u00e1 \u013eadov\u00e1 <span style=\"color: #ff0000\"><strong>&gt;&gt;&gt;&gt; Hor\u00face !<\/strong><\/span><\/p>\n<p>2.Jahoda Mango<\/p>\n<p>3.Jahoda Mel\u00f3n<\/p>\n<p>4.Hroznov\u00e1 \u013eadov\u00e1<\/p>\n<p>5.Brosky\u0148a Mango Vodn\u00fd mel\u00f3n<\/p>\n<p>6.\u010cu\u010doriedkov\u00e1 malina <span style=\"color: #ff0000\"><strong>&gt;&gt;&gt;&gt; Hor\u00face !<\/strong><\/span><\/p>\n<p>7.\u010cu\u010doriedka \u013dad <span style=\"color: #ff0000\"><strong>&gt;&gt;&gt;&gt; Najlep\u0161ie !<\/strong><\/span><\/p>\n<p>8. Jahoda Ban\u00e1n<\/p>\n<p>9. \u010cu\u010doriedka Mel\u00f3n<\/p>\n<p>10. Red Bull<\/p>\n<p>11.Jahoda Kiwi<\/p>\n<p>&nbsp;<\/p>\n<h3><strong>Pre\u010do si vybra\u0165 Rmvapesale pre Bang 40k Puff\u00a0 <\/strong><strong>V<\/strong><strong>Ve\u013ekoobchod s vape<\/strong><strong>?<\/strong><\/h3>\n<div class=\"flex-shrink-0 flex flex-col relative items-end\">\n<div class=\"pt-0\">\n<div class=\"gizmo-bot-avatar flex h-8 w-8 items-center justify-center overflow-hidden rounded-full\">\n<div class=\"relative p-1 rounded-sm flex items-center justify-center bg-token-main-surface-primary text-token-text-primary h-8 w-8\">\n<p>Vitajte v Rmvapesale, va\u0161om d\u00f4veryhodnom obchode s vape pre pr\u00e9miov\u00e9 jednorazov\u00e9 vapy. S viac ako 5 ro\u010dn\u00fdmi sk\u00fasenos\u0165ami v\u00e1m prin\u00e1\u0161ame popul\u00e1rne zna\u010dky jednorazov\u00fdch vape ako Al Fakher, Vapme Vape, <a href=\"https:\/\/rmvapesale.com\/sk\/product-category\/bang-vapes\/\">Bang Vape<\/a>, Waspe, WGA Vape a<a href=\"https:\/\/rmvapesale.com\/sk\/product-category\/randm-fumot-vape\/\"> RandM Vape<\/a>.<\/p>\n<p>N\u00e1\u0161 sortiment zah\u0155\u0148a popul\u00e1rne jednorazov\u00e9 vapky ako <a href=\"https:\/\/rmvapesale.com\/sk\/product\/randm-tornado-15000-puffs-vape-wholesale\/\">RandM Tornado 15000<\/a> a chu\u0165ovo bohat\u00e9 mo\u017enosti ako Vapme 70000. Ka\u017ed\u00fd produkt je vybran\u00fd so zameran\u00edm na kvalitu, hodnotu a rozmanitos\u0165, \u010d\u00edm zabezpe\u010dujeme, \u017ee n\u00e1jdete perfektn\u00fa zhodu pre va\u0161e potreby. Objavte v\u00fdnimo\u010dn\u00fd servis a \u0161irok\u00fd sortiment \u0161pi\u010dkov\u00fdch produktov na Rmvapesale.<\/p>\n<p>&nbsp;<\/p>\n<p><b style=\"font-size: 1.5em;font-style: inherit\">\u010cast\u00e9 ot\u00e1zky pre PUFF 40K Bang <\/b><b style=\"font-size: 1.5em;font-style: inherit\">Nab\u00edjate\u013en\u00e1 jednorazov\u00e1 vapka<\/b><\/p>\n<\/div>\n<h3><\/h3>\n<ol>\n<li><strong>Ako si dopln\u00edm e-liquid do vapy Bang 40K?<\/strong><br \/>\nJednoducho otvorte plniaci otvor, dopl\u0148te svoj ob\u013e\u00faben\u00fd e-liquid a bezpe\u010dne zatvorte \u2013 \u017eiadny neporiadok, \u017eiadne starosti!<\/li>\n<li><strong>V\u010faka \u010domu je Bang 40K ekologick\u00fd?<\/strong><br \/>\nJeho <strong>plnite\u013en\u00e9mu dizajnu<\/strong> zni\u017euje odpad, \u010do z neho rob\u00ed udr\u017eate\u013enej\u0161iu vo\u013ebu v porovnan\u00ed s tradi\u010dn\u00fdmi jednorazov\u00fdmi vapami.<\/li>\n<li><strong>M\u00f4\u017eem nastavi\u0165 v\u00fdstupn\u00fd v\u00fdkon?<\/strong><br \/>\n\u00c1no! Zariadenie pon\u00faka <strong>dvoma re\u017eimami v\u00fdkonu<\/strong>\u201412W pre ka\u017edodenn\u00e9 pou\u017eitie a 24W pre turbo z\u00e1\u017eitok z vapovania.<\/li>\n<li><strong>Podporuje Bang 40K vapovanie bez nikot\u00ednu?<\/strong><br \/>\nSamozrejme! Vyberte si svoj e-liquid s obsahom nikot\u00ednu <strong>0%, 2%, 3% alebo 5%<\/strong> pre osobn\u00fd z\u00e1\u017eitok z vapovania.<\/li>\n<li><strong>Kde si m\u00f4\u017eem k\u00fapi\u0165 Bang 40K za ve\u013ekoobchodn\u00fa cenu?<\/strong><br \/>\nPrejdite na Rmvaoesale<strong>\u00a0online obchod s vapami<\/strong> pre najlep\u0161ie <strong>ve\u013ekoobchodn\u00e9 ponuky<\/strong> na <strong>Bang 40K plnite\u013en\u00e9 jednorazov\u00e9 vapy<\/strong>.<\/li>\n<\/ol>\n<\/div>\n<\/div>\n<\/div>\n<h3>O doru\u010den\u00ed<\/h3>\n<div class=\"flex-shrink-0 flex flex-col relative items-end\">\n<div>\n<div class=\"pt-0\">\n<div class=\"gizmo-bot-avatar flex h-8 w-8 items-center justify-center overflow-hidden rounded-full\">\n<div><\/div>\n<div class=\"relative p-1 rounded-sm flex items-center justify-center bg-token-main-surface-primary text-token-text-primary h-8 w-8\"><strong>1. Ak\u00e9 sp\u00f4soby doru\u010denia pou\u017e\u00edvate?<\/strong><\/div>\n<\/div>\n<\/div>\n<\/div>\n<\/div>\n<div class=\"group\/conversation-turn relative flex w-full min-w-0 flex-col agent-turn\">\n<div class=\"flex-col gap-1 md:gap-3\">\n<div class=\"flex max-w-full flex-col flex-grow\">\n<div class=\"min-h-[20px] text-message flex w-full flex-col items-end gap-2 whitespace-normal break-words [.text-message+&amp;]:mt-5 overflow-x-auto\" dir=\"auto\" data-message-author-role=\"assistant\" data-message-id=\"22f8283b-3233-46ff-89a5-c7a41b33abda\">\n<div class=\"flex w-full flex-col gap-1 empty:hidden first:pt-[3px]\">\n<div class=\"markdown prose w-full break-words dark:prose-invert light\">\n<p>Spolupracujeme so spolo\u010dnos\u0165ami UPS, DHL, FedEx, DPD a \u010fal\u0161\u00edmi popredn\u00fdmi dopravcami. Vyberieme najlep\u0161\u00ed sp\u00f4sob doru\u010denia na z\u00e1klade va\u0161ej adresy, aby sme zaistili, \u017ee svoje produkty dostanete \u010do najr\u00fdchlej\u0161ie.<\/p>\n<\/div>\n<p><strong>2. Ako dlho trv\u00e1 doru\u010denie?<\/strong><\/p>\n<p>Bal\u00edky doru\u010dovan\u00e9 na Slovensko zvy\u010dajne dorazia do 10 pracovn\u00fdch dn\u00ed. Doru\u010denie do eur\u00f3pskych kraj\u00edn zvy\u010dajne trv\u00e1 asi 12-15 pracovn\u00fdch dn\u00ed. Budeme v\u00e1s informova\u0165 o stave doru\u010denia v re\u00e1lnom \u010dase.<\/p>\n<\/div>\n<\/div>\n<\/div>\n<\/div>\n<\/div>\n<p>&nbsp;<\/p>\n<p>N\u00e1jdite \u010fal\u0161ie vape produkty, ktor\u00e9 by sa v\u00e1m mohli p\u00e1\u010di\u0165:<strong><em><a href=\"https:\/\/rmvapesale.com\/sk\/shop-2\/\">nakupova\u0165 teraz &gt;&gt;&gt;<\/a><\/em><\/strong><\/p>","protected":false},"excerpt":{"rendered":"<p>PUFF 40K Bang Dopl\u0148ovate\u013en\u00e1 jednorazov\u00e1 elektronick\u00e1 cigareta Ve\u013ekoobchod<br \/>\nDopl\u0148ovate\u013en\u00e1 jednorazov\u00e1 elektronick\u00e1 cigareta Bang 40000 potiahnut\u00ed Ve\u013ekoobchodn\u00e1 cena<br \/>\nHor\u00faci predaj Jednorazov\u00e9 e-cigarety PUFF 40K Bang Jednorazov\u00e1 e-cigareta Hromadn\u00fd n\u00e1kup Lacn\u00e1 cena<\/p>\n<p><strong>Kontaktujte Amy pre spr\u00e1vnu odpove\u010f a vape kup\u00f3n!<\/strong><\/p>\n<p><img loading=\"lazy\" decoding=\"async\" class=\"size-full wp-image-2375\" src=\"https:\/\/rmvapesale.com\/wp-content\/uploads\/2024\/10\/image.png\" alt=\"Najlep\u0161\u00ed jednorazov\u00fd vape\" width=\"229\" height=\"300\" \/><\/p>\n<h3><a href=\"https:\/\/wa.me\/8617776015835\"><span style=\"color: #ff0000\"><strong>WhatsApp: +86 17776015835<\/strong><\/span><\/a><\/h3>\n<p>&nbsp;<\/p>","protected":false},"featured_media":2886,"comment_status":"open","ping_status":"closed","template":"","meta":{"_uag_custom_page_level_css":"","_lmt_disableupdate":"no","_lmt_disable":"","site-sidebar-layout":"default","site-content-layout":"content-boxed-container","ast-site-content-layout":"normal-width-container","site-content-style":"boxed","site-sidebar-style":"unboxed","ast-global-header-display":"","ast-banner-title-visibility":"","ast-main-header-display":"","ast-hfb-above-header-display":"","ast-hfb-below-header-display":"","ast-hfb-mobile-header-display":"","site-post-title":"","ast-breadcrumbs-content":"","ast-featured-img":"","footer-sml-layout":"","ast-disable-related-posts":"","theme-transparent-header-meta":"default","adv-header-id-meta":"","stick-header-meta":"","header-above-stick-meta":"","header-main-stick-meta":"","header-below-stick-meta":"","astra-migrate-meta-layouts":"set","ast-page-background-enabled":"default","ast-page-background-meta":{"desktop":{"background-color":"var(--ast-global-color-4)","background-image":"","background-repeat":"repeat","background-position":"center center","background-size":"auto","background-attachment":"scroll","background-type":"","background-media":"","overlay-type":"","overlay-color":"","overlay-opacity":"","overlay-gradient":""},"tablet":{"background-color":"","background-image":"","background-repeat":"repeat","background-position":"center center","background-size":"auto","background-attachment":"scroll","background-type":"","background-media":"","overlay-type":"","overlay-color":"","overlay-opacity":"","overlay-gradient":""},"mobile":{"background-color":"","background-image":"","background-repeat":"repeat","background-position":"center center","background-size":"auto","background-attachment":"scroll","background-type":"","background-media":"","overlay-type":"","overlay-color":"","overlay-opacity":"","overlay-gradient":""}},"ast-content-background-meta":{"desktop":{"background-color":"var(--ast-global-color-5)","background-image":"","background-repeat":"repeat","background-position":"center center","background-size":"auto","background-attachment":"scroll","background-type":"","background-media":"","overlay-type":"","overlay-color":"","overlay-opacity":"","overlay-gradient":""},"tablet":{"background-color":"var(--ast-global-color-5)","background-image":"","background-repeat":"repeat","background-position":"center center","background-size":"auto","background-attachment":"scroll","background-type":"","background-media":"","overlay-type":"","overlay-color":"","overlay-opacity":"","overlay-gradient":""},"mobile":{"background-color":"var(--ast-global-color-5)","background-image":"","background-repeat":"repeat","background-position":"center center","background-size":"auto","background-attachment":"scroll","background-type":"","background-media":"","overlay-type":"","overlay-color":"","overlay-opacity":"","overlay-gradient":""}},"_joinchat":[]},"product_brand":[],"product_cat":[15,60,27,25,123,30,26,28,137,136,135],"product_tag":[199,146,131,40,111,251,252],"class_list":{"0":"post-2892","1":"product","2":"type-product","3":"status-publish","4":"has-post-thumbnail","6":"product_cat-new-vape-this-week","7":"product_cat-bang-vapes","8":"product_cat-fance-hot-sale-vape","9":"product_cat-germany-best-selling-vape","10":"product_cat-italy-wholesale-vape","11":"product_cat-minimum-order-quantity-50pcs","12":"product_cat-netherlands-hot-sale-vape","13":"product_cat-poland-hot-sale-vape","14":"product_cat-rechargeable-vapes","15":"product_cat-smart-screen-vapes","16":"product_cat-spain-best-hot-sale-vape","17":"product_tag-bang-vape","18":"product_tag-best-hot-sale-vape","19":"product_tag-big-puff-vape","20":"product_tag-hot-sale-vape","21":"product_tag-low-nicotine-disposable-vape","22":"product_tag-puff-40k","23":"product_tag-refillable-disposable-vape","24":"desktop-align-left","25":"tablet-align-left","26":"mobile-align-left","28":"first","29":"instock","30":"sale","31":"shipping-taxable","32":"purchasable","33":"product-type-simple"},"uagb_featured_image_src":{"full":["https:\/\/rmvapesale.com\/wp-content\/uploads\/2024\/12\/Bang-40k-Puffs-LED-Display-Disposable-Vape-Wholesale.jpg",1000,1000,false],"thumbnail":["https:\/\/rmvapesale.com\/wp-content\/uploads\/2024\/12\/Bang-40k-Puffs-LED-Display-Disposable-Vape-Wholesale-150x150.jpg",150,150,true],"medium":["https:\/\/rmvapesale.com\/wp-content\/uploads\/2024\/12\/Bang-40k-Puffs-LED-Display-Disposable-Vape-Wholesale-300x300.jpg",300,300,true],"medium_large":["https:\/\/rmvapesale.com\/wp-content\/uploads\/2024\/12\/Bang-40k-Puffs-LED-Display-Disposable-Vape-Wholesale-768x768.jpg",768,768,true],"large":["https:\/\/rmvapesale.com\/wp-content\/uploads\/2024\/12\/Bang-40k-Puffs-LED-Display-Disposable-Vape-Wholesale.jpg",1000,1000,false],"1536x1536":["https:\/\/rmvapesale.com\/wp-content\/uploads\/2024\/12\/Bang-40k-Puffs-LED-Display-Disposable-Vape-Wholesale.jpg",1000,1000,false],"2048x2048":["https:\/\/rmvapesale.com\/wp-content\/uploads\/2024\/12\/Bang-40k-Puffs-LED-Display-Disposable-Vape-Wholesale.jpg",1000,1000,false],"trp-custom-language-flag":["https:\/\/rmvapesale.com\/wp-content\/uploads\/2024\/12\/Bang-40k-Puffs-LED-Display-Disposable-Vape-Wholesale.jpg",12,12,false],"woocommerce_thumbnail":["https:\/\/rmvapesale.com\/wp-content\/uploads\/2024\/12\/Bang-40k-Puffs-LED-Display-Disposable-Vape-Wholesale-300x300.jpg",300,300,true],"woocommerce_single":["https:\/\/rmvapesale.com\/wp-content\/uploads\/2024\/12\/Bang-40k-Puffs-LED-Display-Disposable-Vape-Wholesale-600x600.jpg",600,600,true],"woocommerce_gallery_thumbnail":["https:\/\/rmvapesale.com\/wp-content\/uploads\/2024\/12\/Bang-40k-Puffs-LED-Display-Disposable-Vape-Wholesale-100x100.jpg",100,100,true],"wcpr-photo-reviews":["https:\/\/rmvapesale.com\/wp-content\/uploads\/2024\/12\/Bang-40k-Puffs-LED-Display-Disposable-Vape-Wholesale.jpg",500,500,false]},"uagb_author_info":{"display_name":"AMY","author_link":"https:\/\/rmvapesale.com\/sk\/author\/"},"uagb_comment_info":0,"uagb_excerpt":"PUFF 40K Bang Refillable Disposable Vape Wholesale Refillable Disposable Vape Bang 40000 Puffs \u00a0Wholesale Price Hot Sell Disposable Vape Pen PUFF 40K Bang Disposable Vape Bulk Buy Cheap Price Contact Amy to get right reply and vape coupon! WhatsApp: +86 17776015835 &nbsp;","_links":{"self":[{"href":"https:\/\/rmvapesale.com\/sk\/wp-json\/wp\/v2\/product\/2892","targetHints":{"allow":["GET"]}}],"collection":[{"href":"https:\/\/rmvapesale.com\/sk\/wp-json\/wp\/v2\/product"}],"about":[{"href":"https:\/\/rmvapesale.com\/sk\/wp-json\/wp\/v2\/types\/product"}],"replies":[{"embeddable":true,"href":"https:\/\/rmvapesale.com\/sk\/wp-json\/wp\/v2\/comments?post=2892"}],"wp:featuredmedia":[{"embeddable":true,"href":"https:\/\/rmvapesale.com\/sk\/wp-json\/wp\/v2\/media\/2886"}],"wp:attachment":[{"href":"https:\/\/rmvapesale.com\/sk\/wp-json\/wp\/v2\/media?parent=2892"}],"wp:term":[{"taxonomy":"product_brand","embeddable":true,"href":"https:\/\/rmvapesale.com\/sk\/wp-json\/wp\/v2\/product_brand?post=2892"},{"taxonomy":"product_cat","embeddable":true,"href":"https:\/\/rmvapesale.com\/sk\/wp-json\/wp\/v2\/product_cat?post=2892"},{"taxonomy":"product_tag","embeddable":true,"href":"https:\/\/rmvapesale.com\/sk\/wp-json\/wp\/v2\/product_tag?post=2892"}],"curies":[{"name":"wp","href":"https:\/\/api.w.org\/{rel}","templated":true}]}}