{"id":2912,"date":"2025-01-08T08:59:33","date_gmt":"2025-01-08T08:59:33","guid":{"rendered":"https:\/\/rmvapesale.com\/?post_type=product&#038;p=2912"},"modified":"2025-01-08T09:59:15","modified_gmt":"2025-01-08T09:59:15","slug":"bood-twins-46000-puff-digital-disposable-vape-bulk-buy-wholesale-price","status":"publish","type":"product","link":"https:\/\/rmvapesale.com\/sk\/product\/bood-twins-46000-puff-digital-disposable-vape-bulk-buy-wholesale-price\/","title":{"rendered":"Bood Twins 46000 \u0164ahov Digit\u00e1lna jednorazov\u00e1 Vape Hromadn\u00fd n\u00e1kup Ve\u013ekoobchodn\u00e1 cena"},"content":{"rendered":"<div class=\"B2VR9 CJHX3e\">\n<div class=\"wyccme\">\n<div class=\"flex-shrink-0 flex flex-col relative items-end\">\n<div class=\"pt-0\">\n<div class=\"gizmo-bot-avatar flex h-8 w-8 items-center justify-center overflow-hidden rounded-full\">\n<div class=\"relative p-1 rounded-sm flex items-center justify-center bg-token-main-surface-primary text-token-text-primary h-8 w-8\">\n<div class=\"flex-shrink-0 flex flex-col relative items-end\">\n<div class=\"pt-0\">\n<div class=\"gizmo-bot-avatar flex h-8 w-8 items-center justify-center overflow-hidden rounded-full\">\n<h1 class=\"relative p-1 rounded-sm flex items-center justify-center bg-token-main-surface-primary text-token-text-primary h-8 w-8\">Bood Twins 46000 \u0164ahov Digit\u00e1lna jednorazov\u00e1 Vape Hromadn\u00fd n\u00e1kup Ve\u013ekoobchodn\u00e1 cena<\/h1>\n<\/div>\n<\/div>\n<\/div>\n<\/div>\n<\/div>\n<\/div>\n<\/div>\n<div class=\"group\/conversation-turn relative flex w-full min-w-0 flex-col agent-turn\">\n<div class=\"flex-col gap-1 md:gap-3\">\n<div class=\"flex max-w-full flex-col flex-grow\">\n<div class=\"min-h-8 text-message flex w-full flex-col items-end gap-2 whitespace-normal break-words text-start [.text-message+&amp;]:mt-5\" dir=\"auto\" data-message-author-role=\"assistant\" data-message-id=\"80ece0c4-ead1-4ed9-a9f0-ddc22582b4f4\" data-message-model-slug=\"gpt-4o\">\n<div class=\"flex w-full flex-col gap-1 empty:hidden first:pt-[3px]\">\n<div class=\"markdown prose w-full break-words dark:prose-invert light\"><strong>Bood Twins 46000 Puff Digit\u00e1lna jednorazov\u00e1 e-cigareta<\/strong>, ide\u00e1lny spolo\u010dn\u00edk pre dlhotrvaj\u00face, chutn\u00e9 a pohodln\u00e9 vapovanie. S pokro\u010dil\u00fdmi funkciami, ako je <strong>digit\u00e1lnym displejom<\/strong>, je toto zariadenie navrhnut\u00e9 tak, aby splnilo v\u0161etky va\u0161e potreby vapovania a z\u00e1rove\u0148 pon\u00faklo v\u00fdnimo\u010dn\u00fa hodnotu za ve\u013ekoobchodn\u00e9 ceny.<\/div>\n<div><\/div>\n<div>\n<p>Rozl\u00fa\u010dte sa s \u010dast\u00fdmi v\u00fdmenami! The <strong>Bood Twins 46000<\/strong> poskytuje p\u00f4sobiv\u00fdch 46 000 po\u0165ahov, \u010do zais\u0165uje dlhotrvaj\u00face uspokojenie pre \u0165a\u017ek\u00fdch aj \u013eahk\u00fdch vaperov. Bu\u010fte neust\u00e1le informovan\u00ed v\u010faka <strong>inteligentn\u00fd digit\u00e1lny displej<\/strong>, ktor\u00fd poskytuje aktu\u00e1lne inform\u00e1cie o \u017eivotnosti bat\u00e9rie a hladine e-liquidu. U\u017e \u017eiadne h\u00e1danie \u2013 majte to v\u017edy pod kontrolou! Je vybaven\u00fd v\u00fdkonnou a <strong>nab\u00edjate\u013enou 650mAh vstavanou bat\u00e9riou<\/strong>, Bood Twins zais\u0165uje konzistentn\u00fd pr\u00edsun energie po\u010das celej va\u0161ej cesty. Okrem toho, <strong>port pre r\u00fdchle nab\u00edjanie typu C<\/strong> rob\u00ed dob\u00edjanie r\u00fdchlym a bezprobl\u00e9mov\u00fdm.<\/p>\n<p>U\u017eite si pred\u013a\u017een\u00e9 vapovanie s <strong>30ml predplnenou e-d\u017e\u00fasovou<\/strong> n\u00e1pl\u0148ou. V spojen\u00ed s <strong>mo\u017enosti \u00farovne nikot\u00ednu<\/strong> 0%, 2%, a 5%, uspokoj\u00ed v\u0161etky preferencie. S <strong>dvomi pr\u00edchu\u0165ami v jednom zariaden\u00ed<\/strong>, presk\u00famajte rad <strong>10 lahodn\u00fdch kombin\u00e1ci\u00ed<\/strong>. Ten <strong>Bood Twins 46000<\/strong> sp\u00e1ja <strong>efekt\u00edvne dod\u00e1vanie energie<\/strong> s konzistentn\u00fdm v\u00fdkonom v\u010faka svojmu pokro\u010dil\u00e9mu dizajnu a kvalitn\u00e9mu in\u017einierstvu.<\/p>\n<\/div>\n<\/div>\n<div>H\u013ead\u00e1te <strong>najlep\u0161ie ve\u013ekoobchodn\u00e9 ceny<\/strong> pre vysokokvalitn\u00e9, dlhotrvaj\u00face jednorazov\u00e9 vapovacie zariadenie? The <strong>Bood Twins 46000<\/strong> pon\u00faka bezkonkuren\u010dn\u00fa hodnotu, rozmanitos\u0165 pr\u00edchut\u00ed a spo\u013eahlivos\u0165. Perfektn\u00e9 pre za\u010diato\u010dn\u00edkov aj sk\u00fasen\u00fdch vaperov, toto zariadenie men\u00ed pravidl\u00e1 hry!<\/div>\n<\/div>\n<\/div>\n<\/div>\n<\/div>\n<div class=\"flex-shrink-0 flex flex-col relative items-end\">\n<div class=\"pt-0\">\n<div class=\"gizmo-bot-avatar flex h-8 w-8 items-center justify-center overflow-hidden rounded-full\">\n<p>&nbsp;<\/p>\n<\/div>\n<\/div>\n<\/div>\n<\/div>\n<\/div>\n<p><strong>Kontaktujte Amy pre spr\u00e1vnu odpove\u010f a vape kup\u00f3n!<\/strong><\/p>\n<p><img loading=\"lazy\" decoding=\"async\" class=\"size-full wp-image-1978\" src=\"https:\/\/rmvapesale.com\/wp-content\/uploads\/2024\/09\/Disposable-Vape-Wholesale.jpg\" alt=\"Jednorazov\u00fd vape ve\u013ekoobchod\" width=\"229\" height=\"300\" \/><\/p>\n<h3><a href=\"https:\/\/wa.me\/8617776015835\" target=\"_blank\" rel=\"noopener\"><span style=\"color: #ff0000\"><strong>WhatsApp: +86 17776015835<\/strong><\/span><\/a><\/h3>\n<p>&nbsp;<\/p>\n<h2><strong style=\"font-size: 1.7em\">K\u013e\u00fa\u010dov\u00e9 vlastnosti Bood Twins 46000 Vape<\/strong><\/h2>\n<ul>\n<li><strong>Po\u010det \u0165ahov<\/strong>: A\u017e 46 000<\/li>\n<li><strong>Bat\u00e9ria<\/strong>: 650mAh nab\u00edjate\u013en\u00e1 s nab\u00edjan\u00edm typu Type-C<\/li>\n<li><strong>E-liquid<\/strong>: 30ml predplnen\u00fd, dostupn\u00fd v \u00farovniach nikot\u00ednu 0%, 2%, 5%<\/li>\n<li><strong>Digit\u00e1lny Displej<\/strong>: Monitorovanie bat\u00e9rie a e-liquidu v re\u00e1lnom \u010dase<\/li>\n<li><strong>Pr\u00edchute<\/strong>: 10 jedine\u010dn\u00fdch dvojit\u00fdch kombin\u00e1ci\u00ed pr\u00edchut\u00ed<\/li>\n<li><strong>V\u00fdkon<\/strong>: Jemn\u00e9 \u0165ahy a konzistentn\u00e9 pod\u00e1vanie<\/li>\n<\/ul>\n<h2><strong style=\"font-size: 1.7em\">Najpred\u00e1vanej\u0161ia pr\u00edchu\u0165 pre jednorazov\u00fa vapu Bood 46000<\/strong><\/h2>\n<p>T\u00e1to digit\u00e1lna jednorazov\u00e1 vapa Bood Twins 46000 Puff je dostupn\u00e1 v <strong>12 zauj\u00edmav\u00fdch pr\u00edchutiach<\/strong>, pon\u00faka r\u00f4zne mo\u017enosti, aby vyhovela odli\u0161n\u00fdm vkusom. Od ovocn\u00fdch po mentolov\u00e9 a exotick\u00e9 zmesi, n\u00e1jde sa nie\u010do pre ka\u017ed\u00e9ho. Tento \u0161irok\u00fd v\u00fdber zaru\u010duje, \u017ee v\u017edy n\u00e1jdete pr\u00edchu\u0165, ktor\u00e1 vyhovuje va\u0161ej n\u00e1lade, \u010do z nej rob\u00ed v\u0161estrann\u00fa vo\u013ebu pre v\u0161etk\u00fdch vaperov. Najpred\u00e1vanej\u0161iu pr\u00edchu\u0165 pre t\u00fato nab\u00edjate\u013en\u00fa jednorazov\u00fa vapu n\u00e1jdete pod\u013ea na\u0161ich \u00fadajov o predaji a sp\u00e4tnej v\u00e4zby od z\u00e1kazn\u00edkov.<\/p>\n<div>1.Vodn\u00fd mel\u00f3n <span style=\"color: #ff0000\"><strong>&gt;&gt;&gt;&gt; Hor\u00face !<\/strong><\/span><\/div>\n<div>2.Jablko<\/div>\n<div>3.Limetka<\/div>\n<div>4. Zelen\u00e9 jablko <span style=\"color: #ff0000\"><strong>&gt;&gt;&gt;&gt; Hor\u00face !<\/strong><\/span><\/div>\n<div>5. \u010cu\u010doriedkov\u00e1 kysl\u00e1 malina<\/div>\n<div>6. \u010cierna r\u00edbez\u013ea s malinou <span style=\"color: #ff0000\"><strong>&gt;&gt;&gt;&gt; Najlep\u0161ie !<\/strong><\/span><\/div>\n<div>7. Brosky\u0148a s mangom<\/div>\n<div>8. Hrozno<\/div>\n<div>9. Ru\u017eov\u00e1 limon\u00e1da<\/div>\n<div>10. Zelen\u00e9 hrozno<\/div>\n<div><\/div>\n<figure id=\"attachment_2895\" aria-describedby=\"caption-attachment-2895\" style=\"width: 1000px\" class=\"wp-caption alignnone\"><img loading=\"lazy\" decoding=\"async\" class=\"wp-image-2895 size-full\" src=\"https:\/\/rmvapesale.com\/wp-content\/uploads\/2025\/01\/Bood-Twins-46000-Digital-Disposable-Vape.jpg\" alt=\"Bood Twins 46000 Digit\u00e1lna jednorazov\u00e1 e-cigareta\" width=\"1000\" height=\"1000\" srcset=\"https:\/\/rmvapesale.com\/wp-content\/uploads\/2025\/01\/Bood-Twins-46000-Digital-Disposable-Vape.jpg 1000w, https:\/\/rmvapesale.com\/wp-content\/uploads\/2025\/01\/Bood-Twins-46000-Digital-Disposable-Vape-300x300.jpg 300w, https:\/\/rmvapesale.com\/wp-content\/uploads\/2025\/01\/Bood-Twins-46000-Digital-Disposable-Vape-150x150.jpg 150w, https:\/\/rmvapesale.com\/wp-content\/uploads\/2025\/01\/Bood-Twins-46000-Digital-Disposable-Vape-768x768.jpg 768w, https:\/\/rmvapesale.com\/wp-content\/uploads\/2025\/01\/Bood-Twins-46000-Digital-Disposable-Vape-600x600.jpg 600w, https:\/\/rmvapesale.com\/wp-content\/uploads\/2025\/01\/Bood-Twins-46000-Digital-Disposable-Vape-100x100.jpg 100w\" sizes=\"auto, (max-width: 1000px) 100vw, 1000px\" \/><figcaption id=\"caption-attachment-2895\" class=\"wp-caption-text\">Bood Twins 46000 Digit\u00e1lna jednorazov\u00e1 e-cigareta<\/figcaption><\/figure>\n<h3><\/h3>\n<h3><strong>Pre\u010do si vybra\u0165 Rmvapesale pre JNR Mega Shisha Hookah 100k Puff\u00a0 <\/strong><strong>V<\/strong><strong>Ve\u013ekoobchod s vape<\/strong><strong>?<\/strong><\/h3>\n<div class=\"flex-shrink-0 flex flex-col relative items-end\">\n<div class=\"pt-0\">\n<div class=\"gizmo-bot-avatar flex h-8 w-8 items-center justify-center overflow-hidden rounded-full\">\n<div class=\"relative p-1 rounded-sm flex items-center justify-center bg-token-main-surface-primary text-token-text-primary h-8 w-8\">\n<p>Vitajte v Rmvapesale, va\u0161om d\u00f4veryhodnom obchode s vape pre pr\u00e9miov\u00e9 jednorazov\u00e9 vapy. S viac ako 5 ro\u010dn\u00fdmi sk\u00fasenos\u0165ami v\u00e1m prin\u00e1\u0161ame popul\u00e1rne zna\u010dky jednorazov\u00fdch vape ako Al Fakher, Vapme Vape, <a href=\"https:\/\/rmvapesale.com\/sk\/product\/puff-40k-bang-refillable-disposable-vape-with-digital-display-bulk-buy-price\/\">Bang Vape<\/a>, <a href=\"https:\/\/rmvapesale.com\/sk\/product\/jnr-mega-shisha-hookah-100000-100k-puffs-disposable-vape-a-premium-vaping-experience\/\">JNR Vape<\/a>, Waspe, WGA Vape a RandM Vape.<\/p>\n<p>N\u00e1\u0161 sortiment zah\u0155\u0148a popul\u00e1rne jednorazov\u00e9 vapky ako <a href=\"https:\/\/rmvapesale.com\/sk\/product\/vookbar-cyber-pro-30000-puffs-bluetooth-vape-2-low-nicotine-rechargeable-bulk-buy-wholesale-price\/\">Vookbar Cyber Pro 30000<\/a> a chu\u0165ovo bohat\u00e9 mo\u017enosti ako Vapme 70000. Ka\u017ed\u00fd produkt je vybran\u00fd so zameran\u00edm na kvalitu, hodnotu a rozmanitos\u0165, \u010d\u00edm zabezpe\u010dujeme, \u017ee n\u00e1jdete perfektn\u00fa zhodu pre va\u0161e potreby. Objavte v\u00fdnimo\u010dn\u00fd servis a \u0161irok\u00fd sortiment \u0161pi\u010dkov\u00fdch produktov na Rmvapesale.<\/p>\n<p>&nbsp;<\/p>\n<h3><b style=\"font-size: 1.5em;font-style: inherit\">\u010cast\u00e9 ot\u00e1zky pre Bood Twins 46000 <\/b><b style=\"font-size: 1.5em;font-style: inherit\">Nab\u00edjate\u013en\u00e1 jednorazov\u00e1 vapka<\/b><\/h3>\n<\/div>\n<h3><\/h3>\n<p><strong>1. Ko\u013eko po\u0165ahov poskytuje Bood Twins 46000?<\/strong><\/p>\n<p>The <strong>Bood Twins 46000 Puffs<\/strong> pon\u00faka a\u017e 46 000 po\u0165ahov, \u010do z neho rob\u00ed jednu z najdlh\u0161ie vydr\u017eiacich jednorazov\u00fdch e-cigariet na trhu.<\/p>\n<p><strong>2. M\u00f4\u017eem Bood Twins 46000 Puff nabi\u0165?<\/strong><\/p>\n<p>\u00c1no! Toto zariadenie obsahuje <strong>650mAh nab\u00edjate\u013enou bat\u00e9riou<\/strong> s <strong>port pre r\u00fdchle nab\u00edjanie typu C<\/strong> pre pohodlie.<\/p>\n<p><strong>3. Ak\u00e9 pr\u00edchute s\u00fa dostupn\u00e9 v Bood Twins 46000?<\/strong><\/p>\n<p>Dod\u00e1va sa s <strong>10 unik\u00e1tnych kombin\u00e1ci\u00ed dvoch pr\u00edchut\u00ed<\/strong>, ako napr\u00edklad <strong>Vodn\u00fd mel\u00f3n<\/strong>, <strong>Limetka<\/strong>, a <strong>Hrozno<\/strong>.<\/p>\n<p><strong>4. M\u00e1 Bood Twins 46000 nikot\u00ednov\u00e9 varianty?<\/strong><\/p>\n<p>\u00c1no, zariadenie podporuje <strong>sily nikot\u00ednu 0 %, 2 % a 5 %<\/strong>, \u010do zaru\u010duje mo\u017enosti pre v\u0161etky preferencie.<\/p>\n<p><strong>5. Kde m\u00f4\u017eem k\u00fapi\u0165 Bood Twins 46000 za ve\u013ekoobchodn\u00e9 ceny?<\/strong><\/p>\n<p>M\u00f4\u017eete si zak\u00fapi\u0165 <strong>Bood Twins 46000 Puffs<\/strong> at <strong>ve\u013ekoobchodn\u00e9 ceny<\/strong> od <a href=\"https:\/\/rmvapesale.com\/sk\/\" target=\"_new\" rel=\"noopener\">v internetovom vape shope Rmvapesale<\/a>. U\u017eite si konkurencieschopn\u00e9 ceny, r\u00fdchlu dopravu a prvotriedny z\u00e1kazn\u00edcky servis!<\/p>\n<p>&nbsp;<\/p>\n<\/div>\n<\/div>\n<\/div>\n<h3>O doru\u010den\u00ed<\/h3>\n<div class=\"flex-shrink-0 flex flex-col relative items-end\">\n<div>\n<div class=\"pt-0\">\n<div class=\"gizmo-bot-avatar flex h-8 w-8 items-center justify-center overflow-hidden rounded-full\">\n<div><\/div>\n<div class=\"relative p-1 rounded-sm flex items-center justify-center bg-token-main-surface-primary text-token-text-primary h-8 w-8\"><strong>1. Ak\u00e9 sp\u00f4soby doru\u010denia pou\u017e\u00edvate?<\/strong><\/div>\n<\/div>\n<\/div>\n<\/div>\n<\/div>\n<div class=\"group\/conversation-turn relative flex w-full min-w-0 flex-col agent-turn\">\n<div class=\"flex-col gap-1 md:gap-3\">\n<div class=\"flex max-w-full flex-col flex-grow\">\n<div class=\"min-h-[20px] text-message flex w-full flex-col items-end gap-2 whitespace-normal break-words [.text-message+&amp;]:mt-5 overflow-x-auto\" dir=\"auto\" data-message-author-role=\"assistant\" data-message-id=\"22f8283b-3233-46ff-89a5-c7a41b33abda\">\n<div class=\"flex w-full flex-col gap-1 empty:hidden first:pt-[3px]\">\n<div class=\"markdown prose w-full break-words dark:prose-invert light\">\n<p>Spolupracujeme so spolo\u010dnos\u0165ami UPS, DHL, FedEx, DPD a \u010fal\u0161\u00edmi popredn\u00fdmi dopravcami. Vyberieme najlep\u0161\u00ed sp\u00f4sob doru\u010denia na z\u00e1klade va\u0161ej adresy, aby sme zaistili, \u017ee svoje produkty dostanete \u010do najr\u00fdchlej\u0161ie.<\/p>\n<\/div>\n<p><strong>2. Ako dlho trv\u00e1 doru\u010denie?<\/strong><\/p>\n<p>Bal\u00edky doru\u010dovan\u00e9 na Slovensko zvy\u010dajne dorazia do 10 pracovn\u00fdch dn\u00ed. Doru\u010denie do eur\u00f3pskych kraj\u00edn zvy\u010dajne trv\u00e1 asi 12-15 pracovn\u00fdch dn\u00ed. Budeme v\u00e1s informova\u0165 o stave doru\u010denia v re\u00e1lnom \u010dase.<\/p>\n<\/div>\n<\/div>\n<\/div>\n<\/div>\n<\/div>\n<p>&nbsp;<\/p>\n<p>N\u00e1jdite \u010fal\u0161ie vape produkty, ktor\u00e9 by sa v\u00e1m mohli p\u00e1\u010di\u0165:<strong><em><a href=\"https:\/\/rmvapesale.com\/sk\/shop-2\/\">nakupova\u0165 teraz &gt;&gt;&gt;<\/a><\/em><\/strong><\/p>","protected":false},"excerpt":{"rendered":"<p>Bood Twins 46000 Puff Digit\u00e1lna jednorazov\u00e1 e-cigareta Ve\u013ekoobchodn\u00e1 cena<br \/>\nBood Twins 46000 Puff Digit\u00e1lna nab\u00edjate\u013en\u00e1 jednorazov\u00e1 e-cigareta N\u00e1kup vo ve\u013ekom Lacn\u00e1 cena<br \/>\nBood 46000 2% N\u00edzkym obsahom nikot\u00ednu Puff Jednorazov\u00e1 e-cigareta Jednorazov\u00e1 e-cigareta<\/p>\n<p><strong>Kontaktujte Amy pre spr\u00e1vnu odpove\u010f a vape kup\u00f3n!<\/strong><\/p>\n<p><img loading=\"lazy\" decoding=\"async\" class=\"size-full wp-image-2375\" src=\"https:\/\/rmvapesale.com\/wp-content\/uploads\/2024\/10\/image.png\" alt=\"Najlep\u0161\u00ed jednorazov\u00fd vape\" width=\"229\" height=\"300\" \/><\/p>\n<h3><a href=\"https:\/\/wa.me\/8617776015835\"><span style=\"color: #ff0000\"><strong>WhatsApp: +86 17776015835<\/strong><\/span><\/a><\/h3>\n<p>&nbsp;<\/p>","protected":false},"featured_media":2896,"comment_status":"open","ping_status":"closed","template":"","meta":{"_uag_custom_page_level_css":"","_lmt_disableupdate":"no","_lmt_disable":"","site-sidebar-layout":"default","site-content-layout":"content-boxed-container","ast-site-content-layout":"normal-width-container","site-content-style":"boxed","site-sidebar-style":"unboxed","ast-global-header-display":"","ast-banner-title-visibility":"","ast-main-header-display":"","ast-hfb-above-header-display":"","ast-hfb-below-header-display":"","ast-hfb-mobile-header-display":"","site-post-title":"","ast-breadcrumbs-content":"","ast-featured-img":"","footer-sml-layout":"","ast-disable-related-posts":"","theme-transparent-header-meta":"default","adv-header-id-meta":"","stick-header-meta":"","header-above-stick-meta":"","header-main-stick-meta":"","header-below-stick-meta":"","astra-migrate-meta-layouts":"set","ast-page-background-enabled":"default","ast-page-background-meta":{"desktop":{"background-color":"var(--ast-global-color-4)","background-image":"","background-repeat":"repeat","background-position":"center center","background-size":"auto","background-attachment":"scroll","background-type":"","background-media":"","overlay-type":"","overlay-color":"","overlay-opacity":"","overlay-gradient":""},"tablet":{"background-color":"","background-image":"","background-repeat":"repeat","background-position":"center center","background-size":"auto","background-attachment":"scroll","background-type":"","background-media":"","overlay-type":"","overlay-color":"","overlay-opacity":"","overlay-gradient":""},"mobile":{"background-color":"","background-image":"","background-repeat":"repeat","background-position":"center center","background-size":"auto","background-attachment":"scroll","background-type":"","background-media":"","overlay-type":"","overlay-color":"","overlay-opacity":"","overlay-gradient":""}},"ast-content-background-meta":{"desktop":{"background-color":"var(--ast-global-color-5)","background-image":"","background-repeat":"repeat","background-position":"center center","background-size":"auto","background-attachment":"scroll","background-type":"","background-media":"","overlay-type":"","overlay-color":"","overlay-opacity":"","overlay-gradient":""},"tablet":{"background-color":"var(--ast-global-color-5)","background-image":"","background-repeat":"repeat","background-position":"center center","background-size":"auto","background-attachment":"scroll","background-type":"","background-media":"","overlay-type":"","overlay-color":"","overlay-opacity":"","overlay-gradient":""},"mobile":{"background-color":"var(--ast-global-color-5)","background-image":"","background-repeat":"repeat","background-position":"center center","background-size":"auto","background-attachment":"scroll","background-type":"","background-media":"","overlay-type":"","overlay-color":"","overlay-opacity":"","overlay-gradient":""}},"_joinchat":[]},"product_brand":[],"product_cat":[15,260,259,265,27,25,123,30,26,28,137,136,135],"product_tag":[146,131,264,248,40,111,207],"class_list":{"0":"post-2912","1":"product","2":"type-product","3":"status-publish","4":"has-post-thumbnail","6":"product_cat-new-vape-this-week","7":"product_cat-100k-puff-disposable-vape","8":"product_cat-46000-puff-disposable-vape","9":"product_cat-bood-disposable-vape","10":"product_cat-fance-hot-sale-vape","11":"product_cat-germany-best-selling-vape","12":"product_cat-italy-wholesale-vape","13":"product_cat-minimum-order-quantity-50pcs","14":"product_cat-netherlands-hot-sale-vape","15":"product_cat-poland-hot-sale-vape","16":"product_cat-rechargeable-vapes","17":"product_cat-smart-screen-vapes","18":"product_cat-spain-best-hot-sale-vape","19":"product_tag-best-hot-sale-vape","20":"product_tag-big-puff-vape","21":"product_tag-bood-46000-disposable-vape","22":"product_tag-bood-vape","23":"product_tag-hot-sale-vape","24":"product_tag-low-nicotine-disposable-vape","25":"product_tag-puff-vape","26":"desktop-align-left","27":"tablet-align-left","28":"mobile-align-left","30":"first","31":"instock","32":"sale","33":"shipping-taxable","34":"purchasable","35":"product-type-simple"},"uagb_featured_image_src":{"full":["https:\/\/rmvapesale.com\/wp-content\/uploads\/2025\/01\/Bood-Twins-46000-Puff-2-in-1-Disposable-Vape.webp",1000,1000,false],"thumbnail":["https:\/\/rmvapesale.com\/wp-content\/uploads\/2025\/01\/Bood-Twins-46000-Puff-2-in-1-Disposable-Vape-150x150.webp",150,150,true],"medium":["https:\/\/rmvapesale.com\/wp-content\/uploads\/2025\/01\/Bood-Twins-46000-Puff-2-in-1-Disposable-Vape-300x300.webp",300,300,true],"medium_large":["https:\/\/rmvapesale.com\/wp-content\/uploads\/2025\/01\/Bood-Twins-46000-Puff-2-in-1-Disposable-Vape-768x768.webp",768,768,true],"large":["https:\/\/rmvapesale.com\/wp-content\/uploads\/2025\/01\/Bood-Twins-46000-Puff-2-in-1-Disposable-Vape.webp",1000,1000,false],"1536x1536":["https:\/\/rmvapesale.com\/wp-content\/uploads\/2025\/01\/Bood-Twins-46000-Puff-2-in-1-Disposable-Vape.webp",1000,1000,false],"2048x2048":["https:\/\/rmvapesale.com\/wp-content\/uploads\/2025\/01\/Bood-Twins-46000-Puff-2-in-1-Disposable-Vape.webp",1000,1000,false],"trp-custom-language-flag":["https:\/\/rmvapesale.com\/wp-content\/uploads\/2025\/01\/Bood-Twins-46000-Puff-2-in-1-Disposable-Vape.webp",12,12,false],"woocommerce_thumbnail":["https:\/\/rmvapesale.com\/wp-content\/uploads\/2025\/01\/Bood-Twins-46000-Puff-2-in-1-Disposable-Vape-300x300.webp",300,300,true],"woocommerce_single":["https:\/\/rmvapesale.com\/wp-content\/uploads\/2025\/01\/Bood-Twins-46000-Puff-2-in-1-Disposable-Vape-600x600.webp",600,600,true],"woocommerce_gallery_thumbnail":["https:\/\/rmvapesale.com\/wp-content\/uploads\/2025\/01\/Bood-Twins-46000-Puff-2-in-1-Disposable-Vape-100x100.webp",100,100,true],"wcpr-photo-reviews":["https:\/\/rmvapesale.com\/wp-content\/uploads\/2025\/01\/Bood-Twins-46000-Puff-2-in-1-Disposable-Vape.webp",500,500,false]},"uagb_author_info":{"display_name":"AMY","author_link":"https:\/\/rmvapesale.com\/sk\/author\/"},"uagb_comment_info":0,"uagb_excerpt":"Bood Twins 46000 Puff Digital Disposable Vape Wholesale Price Bood Twins 46000 Puff Digital Rechargeable Disposable Vape Bulk Buy Cheap Price Bood 46000 2% Low Nicotine Puff\u00a0 Disposable Vape Disposable Vape Contact Amy to get right reply and vape coupon! WhatsApp: +86 17776015835 &nbsp;","_links":{"self":[{"href":"https:\/\/rmvapesale.com\/sk\/wp-json\/wp\/v2\/product\/2912","targetHints":{"allow":["GET"]}}],"collection":[{"href":"https:\/\/rmvapesale.com\/sk\/wp-json\/wp\/v2\/product"}],"about":[{"href":"https:\/\/rmvapesale.com\/sk\/wp-json\/wp\/v2\/types\/product"}],"replies":[{"embeddable":true,"href":"https:\/\/rmvapesale.com\/sk\/wp-json\/wp\/v2\/comments?post=2912"}],"wp:featuredmedia":[{"embeddable":true,"href":"https:\/\/rmvapesale.com\/sk\/wp-json\/wp\/v2\/media\/2896"}],"wp:attachment":[{"href":"https:\/\/rmvapesale.com\/sk\/wp-json\/wp\/v2\/media?parent=2912"}],"wp:term":[{"taxonomy":"product_brand","embeddable":true,"href":"https:\/\/rmvapesale.com\/sk\/wp-json\/wp\/v2\/product_brand?post=2912"},{"taxonomy":"product_cat","embeddable":true,"href":"https:\/\/rmvapesale.com\/sk\/wp-json\/wp\/v2\/product_cat?post=2912"},{"taxonomy":"product_tag","embeddable":true,"href":"https:\/\/rmvapesale.com\/sk\/wp-json\/wp\/v2\/product_tag?post=2912"}],"curies":[{"name":"wp","href":"https:\/\/api.w.org\/{rel}","templated":true}]}}