{"id":2913,"date":"2025-01-08T09:44:46","date_gmt":"2025-01-08T09:44:46","guid":{"rendered":"https:\/\/rmvapesale.com\/?post_type=product&#038;p=2913"},"modified":"2025-01-09T09:05:59","modified_gmt":"2025-01-09T09:05:59","slug":"bang-box-35000-puffs-touch-screen-bulk-buy-price-rechargeable-disposable-vapes","status":"publish","type":"product","link":"https:\/\/rmvapesale.com\/sk\/product\/bang-box-35000-puffs-touch-screen-bulk-buy-price-rechargeable-disposable-vapes\/","title":{"rendered":"Bang Box 35000 \u0164ahov Dotykov\u00e1 obrazovka Hromadn\u00fd n\u00e1kup Cena Nab\u00edjate\u013en\u00e9 jednorazov\u00e9 Vapes"},"content":{"rendered":"<div class=\"B2VR9 CJHX3e\">\n<div class=\"wyccme\">\n<div class=\"flex-shrink-0 flex flex-col relative items-end\">\n<div class=\"pt-0\">\n<div class=\"gizmo-bot-avatar flex h-8 w-8 items-center justify-center overflow-hidden rounded-full\">\n<div class=\"relative p-1 rounded-sm flex items-center justify-center bg-token-main-surface-primary text-token-text-primary h-8 w-8\">\n<div class=\"flex-shrink-0 flex flex-col relative items-end\">\n<div class=\"pt-0\">\n<div class=\"gizmo-bot-avatar flex h-8 w-8 items-center justify-center overflow-hidden rounded-full\">\n<h1 class=\"relative p-1 rounded-sm flex items-center justify-center bg-token-main-surface-primary text-token-text-primary h-8 w-8\">Bang Box 35000 \u0164ahov Dotykov\u00e1 obrazovka Hromadn\u00fd n\u00e1kup Cena Nab\u00edjate\u013en\u00e9 jednorazov\u00e9 Vapes<\/h1>\n<\/div>\n<\/div>\n<\/div>\n<\/div>\n<\/div>\n<\/div>\n<\/div>\n<div class=\"group\/conversation-turn relative flex w-full min-w-0 flex-col agent-turn\">\n<div class=\"flex-col gap-1 md:gap-3\">\n<div class=\"flex max-w-full flex-col flex-grow\">\n<div class=\"min-h-8 text-message flex w-full flex-col items-end gap-2 whitespace-normal break-words text-start [.text-message+&amp;]:mt-5\" dir=\"auto\" data-message-author-role=\"assistant\" data-message-id=\"80ece0c4-ead1-4ed9-a9f0-ddc22582b4f4\" data-message-model-slug=\"gpt-4o\">\n<div class=\"flex w-full flex-col gap-1 empty:hidden first:pt-[3px]\">\n<div class=\"markdown prose w-full break-words dark:prose-invert light\">\n<p>&nbsp;<\/p>\n<p>The <strong>Bang Box 35000 \u0164ahov<\/strong>, pr\u00e9miov\u00e1 dob\u00edjate\u013en\u00e1 jednorazov\u00e1 vape s dizajnom pre t\u00fdch, ktor\u00ed po\u017eaduj\u00fa chu\u0165, flexibilitu a pohodlie. S jej <strong>digit\u00e1lnym displejom<\/strong>, vysok\u00fdm po\u010dtom potiahnut\u00ed a prisp\u00f4sobite\u013en\u00fdmi funkciami je toto zariadenie ide\u00e1lnou vo\u013ebou pre vapery, ktor\u00ed h\u013eadaj\u00fa kvalitu za dostupn\u00fa <strong>ve\u013ekoobchodn\u00e1 cena<\/strong>.<\/p>\n<p>Za\u017eite <strong>mas\u00edvnych 35 000 potiahnut\u00ed<\/strong> na zariadenie, \u010d\u00edm je BangBox 35k jedn\u00fdm z najdlh\u0161ie vydr\u017eaj\u00facich jednorazov\u00fdch vapov na trhu. Rozl\u00fa\u010dte sa s \u010dastou v\u00fdmenou a priv\u00edtajte dlh\u0161ie pote\u0161enie z vapovania! <strong>LED dotykov\u00e9 rozhranie<\/strong> v\u00e1s postav\u00ed do riadiacej poz\u00edcie. Sledujte <strong>\u017eivotnos\u0165 bat\u00e9rie<\/strong>, <strong>hladiny e-liquidu<\/strong>, a nastavte <strong>pr\u00fadenie vzduchu<\/strong> a <strong>re\u017eimy v\u00fdkonu<\/strong> s \u013eahkos\u0165ou. U\u017eite si plynul\u00e9 vapovanie s technol\u00f3giou na dosah ruky.<\/p>\n<p>V\u010faka <strong>technol\u00f3giou du\u00e1lnej sie\u0165ovej cievky<\/strong>, ka\u017ed\u00fd potiahnutie prin\u00e1\u0161a v\u00fdnimo\u010dn\u00fa chu\u0165 a hust\u00fd p\u00e1r. BangBox 35000 v spojen\u00ed s 35 ml n\u00e1dr\u017ekou na e-liquid poskytuje konzistentn\u00fd a chutn\u00fd v\u00fdkon bez \u010dast\u00fdch dopl\u0148ovan\u00ed. Vybaven\u00fd s <strong>bat\u00e9riou s kapacitou 700mAh<\/strong> kapacitou 23 ml e-liquidu <strong>nab\u00edjac\u00edm portom typu C<\/strong>, Bang Vape 35k zabezpe\u010duje r\u00fdchle a efekt\u00edvne nab\u00edjanie. Zosta\u0148te nabit\u00ed po\u010das cel\u00e9ho d\u0148a, \u010di u\u017e ste doma alebo na cest\u00e1ch.<\/p>\n<p>Bang Box 35000 potiahnut\u00ed pon\u00faka <strong>tri nastavite\u013en\u00e9 re\u017eimy pr\u00fadenia vzduchu<\/strong>, \u010do v\u00e1m d\u00e1va kontrolu nad va\u0161\u00edm \u0165ahom. \u010ci u\u017e preferujete tesnej\u0161\u00ed alebo otvorenej\u0161\u00ed \u0165ah, toto zariadenie sa prisp\u00f4sob\u00ed v\u00e1\u0161mu \u0161t\u00fdlu jedin\u00fdm kliknut\u00edm na dotykovom displeji. <span style=\"font-size: 16px\">V\u00e1\u017ei len <\/span><strong style=\"font-size: 16px\">105,5 g<\/strong><span style=\"font-size: 16px\">, Bang Box je \u013eahk\u00fd a \u013eahko prenosn\u00fd. Ide\u00e1lny pre ve\u013ekoobchodn\u00edkov, <\/span><strong style=\"font-size: 16px\">mo\u017enosti balenia na hromadn\u00fa v\u00fdrobu<\/strong><span style=\"font-size: 16px\"> urobte z toho vynikaj\u00facu vo\u013ebu pre <\/span><strong style=\"font-size: 16px\">objedn\u00e1vky na hromadn\u00fd n\u00e1kup<\/strong><span style=\"font-size: 16px\"> za bezkonkuren\u010dn\u00e9 ceny.<\/span><\/p>\n<\/div>\n<\/div>\n<\/div>\n<\/div>\n<\/div>\n<\/div>\n<div class=\"flex-shrink-0 flex flex-col relative items-end\">\n<div class=\"pt-0\">\n<div class=\"gizmo-bot-avatar flex h-8 w-8 items-center justify-center overflow-hidden rounded-full\">\n<p>&nbsp;<\/p>\n<\/div>\n<\/div>\n<\/div>\n<\/div>\n<\/div>\n<p><strong>Kontaktujte Amy pre spr\u00e1vnu odpove\u010f a vape kup\u00f3n!<\/strong><\/p>\n<p><img loading=\"lazy\" decoding=\"async\" class=\"size-full wp-image-1978\" src=\"https:\/\/rmvapesale.com\/wp-content\/uploads\/2024\/09\/Disposable-Vape-Wholesale.jpg\" alt=\"Jednorazov\u00fd vape ve\u013ekoobchod\" width=\"229\" height=\"300\" \/><\/p>\n<h3><a href=\"https:\/\/wa.me\/8617776015835\" target=\"_blank\" rel=\"noopener\"><span style=\"color: #ff0000\"><strong>WhatsApp: +86 17776015835<\/strong><\/span><\/a><\/h3>\n<p>&nbsp;<\/p>\n<h2><strong style=\"font-size: 1.7em\">Bang Box 35000 K\u013e\u00fa\u010dov\u00e9 vlastnosti<\/strong><\/h2>\n<h3><\/h3>\n<ul>\n<li><strong>Po\u010det potiahnut\u00ed<\/strong>: A\u017e 35 000 pre dlhodob\u00e9 pou\u017e\u00edvanie<\/li>\n<li><strong>Digit\u00e1lny Displej<\/strong>: Monitorovanie bat\u00e9rie a e-liquidu v re\u00e1lnom \u010dase<\/li>\n<li><strong>Kapacita E-Liquidu<\/strong>: Ve\u013ek\u00e1 35 ml predplnen\u00e1 n\u00e1dr\u017e<\/li>\n<li><strong>Syst\u00e9m \u0161pir\u00e1l<\/strong>: Dvojit\u00e1 mrie\u017ekov\u00e1 \u0161pir\u00e1la pre zv\u00fd\u0161en\u00fd chu\u0165ov\u00fd z\u00e1\u017eitok a paru<\/li>\n<li><strong>Bat\u00e9ria<\/strong>: Nab\u00edjate\u013en\u00e1 700mAh bat\u00e9ria s nab\u00edjan\u00edm cez Type-C<\/li>\n<li><strong>Pr\u00fadenie vzduchu<\/strong>: Tri prisp\u00f4sobite\u013en\u00e9 re\u017eimy pre personalizovan\u00fd z\u00e1\u017eitok<\/li>\n<li><strong>Dotykov\u00e1 obrazovka<\/strong>: Intuit\u00edvne ovl\u00e1danie pr\u00fadenia vzduchu a re\u017eimov v\u00fdkonu<\/li>\n<li><strong>Prenosnos\u0165<\/strong>: \u013dahk\u00fd dizajn na vapovanie na cest\u00e1ch<\/li>\n<li><strong>Pripraven\u00e9 na ve\u013ekoobchod<\/strong>: Mo\u017enosti hromadn\u00e9ho n\u00e1kupu pre n\u00e1kladovo efekt\u00edvne doplnenie z\u00e1sob&nbsp;\n<p><img loading=\"lazy\" decoding=\"async\" class=\"wp-image-2940 size-full\" src=\"https:\/\/rmvapesale.com\/wp-content\/uploads\/2025\/01\/Bang-Vape-Disposable-Vapes-35000-Bulk-Buy.webp\" alt=\"Bang Vape Jednorazov\u00e9 vapory 35000 Hromadn\u00fd n\u00e1kup\" width=\"800\" height=\"496\" srcset=\"https:\/\/rmvapesale.com\/wp-content\/uploads\/2025\/01\/Bang-Vape-Disposable-Vapes-35000-Bulk-Buy.webp 800w, https:\/\/rmvapesale.com\/wp-content\/uploads\/2025\/01\/Bang-Vape-Disposable-Vapes-35000-Bulk-Buy-300x186.webp 300w, https:\/\/rmvapesale.com\/wp-content\/uploads\/2025\/01\/Bang-Vape-Disposable-Vapes-35000-Bulk-Buy-768x476.webp 768w, https:\/\/rmvapesale.com\/wp-content\/uploads\/2025\/01\/Bang-Vape-Disposable-Vapes-35000-Bulk-Buy-600x372.webp 600w\" sizes=\"auto, (max-width: 800px) 100vw, 800px\" \/><\/li>\n<\/ul>\n<h2><strong style=\"font-size: 1.7em\">Najpred\u00e1vanej\u0161ia pr\u00edchu\u0165 pre Bang Box 35k<\/strong><\/h2>\n<p>Toto Bang Box 35000 Puffs Dotykov\u00e1 obrazovka dob\u00edjate\u013en\u00e1 jednorazov\u00e1 vape dostupn\u00e1 v <strong>12 zauj\u00edmav\u00fdch pr\u00edchutiach<\/strong>, pon\u00faka r\u00f4zne mo\u017enosti na uspokojenie r\u00f4znych chut\u00ed. Ak\u00e1 je najlep\u0161ia pr\u00edchu\u0165 pre BangBOX 35K? N\u00e1jdite najpred\u00e1vanej\u0161iu pr\u00edchu\u0165 pre tento dob\u00edjate\u013en\u00fd jednorazov\u00fd vapour pod\u013ea na\u0161ich predajn\u00fdch d\u00e1t a sp\u00e4tnej v\u00e4zby z\u00e1kazn\u00edkov.<\/p>\n<p>1. JAHODA KIWI<br \/>\n2. MODR\u00dd RAZZ ICE <span style=\"color: #ff0000\"><strong>&gt;&gt;&gt;&gt; Hor\u00face !<\/strong><\/span><br \/>\n3. JAHODA MEL\u00d3N<span style=\"color: #ff0000\"><strong>&gt;&gt;&gt;&gt; Hor\u00face !<\/strong><\/span><br \/>\n4. PASCIONOV\u00c9 OVOCE<br \/>\n5. CITR\u00d3NOV\u00c1 KOLA SODA<br \/>\n6. MEL\u00d3N ICE<br \/>\n7. MEL\u00d3NOV\u00c1 \u017dU\u0164KA<br \/>\n8. KIWI PASCIONOV\u00c9 OVOCE GUAVA<br \/>\n9. BLUEBERRY ICE <strong> <span style=\"color: #ff0000\">&gt;&gt;&gt;&gt; Najlep\u0161ie !<\/span><\/strong><br \/>\n10. MEL\u00d3NOV\u00c1 \u010cERE\u0160\u0147A<br \/>\n11. RED BULL <span style=\"color: #ff0000\"><strong>&gt;&gt;&gt;&gt; Hor\u00face !<\/strong><\/span><br \/>\n12. MINT GRAPEFRUIT <span style=\"color: #ff0000\"><strong>&gt;&gt;&gt;&gt; Hor\u00face !<\/strong><\/span><\/p>\n<h3><\/h3>\n<h4><strong>Pre\u010do si vybra\u0165 Rmvapesale pre Bang Box 35000 Puff\u00a0 <\/strong><strong>V<\/strong><strong>Ve\u013ekoobchod s vape<\/strong><strong>?<\/strong><\/h4>\n<div class=\"flex-shrink-0 flex flex-col relative items-end\">\n<div class=\"pt-0\">\n<div class=\"gizmo-bot-avatar flex h-8 w-8 items-center justify-center overflow-hidden rounded-full\">\n<div class=\"relative p-1 rounded-sm flex items-center justify-center bg-token-main-surface-primary text-token-text-primary h-8 w-8\">\n<p>Vitajte v Rmvapesale, va\u0161om d\u00f4veryhodnom obchode s vape pre pr\u00e9miov\u00e9 jednorazov\u00e9 vapy. S viac ako 5 ro\u010dn\u00fdmi sk\u00fasenos\u0165ami v\u00e1m prin\u00e1\u0161ame popul\u00e1rne zna\u010dky jednorazov\u00fdch vape ako Al Fakher, Vapme Vape, <a href=\"https:\/\/rmvapesale.com\/sk\/product-category\/bang-vapes\/\">Bang Vape<\/a>, Waspe, WGA Vape a<a href=\"https:\/\/rmvapesale.com\/sk\/product-category\/randm-fumot-vape\/\"> RandM Vape<\/a>.<\/p>\n<p>Na\u0161a ponuka zah\u0155\u0148a hor\u00face predajn\u00e9 jednorazov\u00e9 vaporiz\u00e9ry ako <a href=\"https:\/\/rmvapesale.com\/sk\/product\/randm-tornado-15000-puffs-vape-wholesale\/\">RandM Tornado 15000<\/a> a vo\u013eby bohat\u00e9 na chu\u0165 ako napr\u00edklad <a href=\"https:\/\/rmvapesale.com\/sk\/product\/bood-twins-46000-puff-digital-disposable-vape-bulk-buy-wholesale-price\/\">Bood Twins 46000<\/a>. Ka\u017ed\u00fd produkt je vybran\u00fd so zameran\u00edm na kvalitu, hodnotu a rozmanitos\u0165, \u010do zais\u0165uje, \u017ee n\u00e1jdete perfektn\u00fa vo\u013ebu pre va\u0161e potreby. Objavte v\u00fdnimo\u010dn\u00e9 slu\u017eby a \u0161irok\u00fa \u0161k\u00e1lu \u0161pi\u010dkov\u00fdch produktov v Rmvapesale.<\/p>\n<p>&nbsp;<\/p>\n<h3><b style=\"font-size: 1.5em;font-style: inherit\">\u010cAST\u00c9 OT\u00c1ZKY pre Bang Box 35000 <\/b><b style=\"font-size: 1.5em;font-style: inherit\">Nab\u00edjate\u013en\u00e1 jednorazov\u00e1 vapka<\/b><\/h3>\n<\/div>\n<h3><\/h3>\n<p><strong>1. Ko\u013eko potiahnut\u00ed poskytuje Bang Box 35000?<\/strong><\/p>\n<p>Bang Box pon\u00faka a\u017e <strong>35 000 potiahnut\u00ed<\/strong>, \u010do ho rob\u00ed ide\u00e1lnym na dlhodob\u00e9 pou\u017e\u00edvanie bez \u010dast\u00fdch v\u00fdmen.<\/p>\n<p><strong>2. M\u00f4\u017eem nab\u00edja\u0165 Bang Box 35000?<\/strong><\/p>\n<p>\u00c1no, m\u00e1 <strong>bat\u00e9riou s kapacitou 700mAh<\/strong> s <strong>Port typu C<\/strong> pre r\u00fdchle a pohodln\u00e9 nab\u00edjanie.<\/p>\n<p><strong>3. Ak\u00fd je v\u00fdhoda digit\u00e1lneho displeja?<\/strong><\/p>\n<p>The <strong>LED dotykov\u00fd displej<\/strong> umo\u017e\u0148uje sledova\u0165 \u017eivotnos\u0165 bat\u00e9rie, hladinu e-liquidu a \u013eahko upravova\u0165 prietok vzduchu a re\u017eimy v\u00fdkonu.<\/p>\n<p><strong>4. M\u00f4\u017eem prisp\u00f4sobi\u0165 prietok vzduchu?<\/strong><\/p>\n<p>Ur\u010dite! Bang Box je vybaven\u00fd <strong>tri nastavite\u013en\u00e9 re\u017eimy pr\u00fadenia vzduchu<\/strong>, \u010do v\u00e1m d\u00e1va kontrolu nad va\u0161\u00edm z\u00e1\u017eitkom z vapovania.<\/p>\n<p><strong>5. Kde m\u00f4\u017eem k\u00fapi\u0165 Bang Box 35000 za ve\u013ekoobchodn\u00e9 ceny?<\/strong><\/p>\n<p>M\u00f4\u017eete n\u00e1js\u0165 <strong>Bang Box 35000 \u0164ahov<\/strong> za konkurencieschopn\u00e9 <strong>ve\u013ekoobchodn\u00e9 ceny<\/strong> on <a href=\"https:\/\/rmvapesale.com\/sk\/\" target=\"_new\" rel=\"noopener\">v internetovom vape shope Rmvapesale<\/a>Nakupujte teraz za najlep\u0161ie ponuky!<\/p>\n<p><img loading=\"lazy\" decoding=\"async\" class=\"wp-image-2941 size-full\" src=\"https:\/\/rmvapesale.com\/wp-content\/uploads\/2025\/01\/Bang-Vape-Screen-Disposable-Vape-35000-Puffs.webp\" alt=\"Bang Vape Displej Jednorazov\u00fd vap 35000 Pufov\" width=\"800\" height=\"558\" srcset=\"https:\/\/rmvapesale.com\/wp-content\/uploads\/2025\/01\/Bang-Vape-Screen-Disposable-Vape-35000-Puffs.webp 800w, https:\/\/rmvapesale.com\/wp-content\/uploads\/2025\/01\/Bang-Vape-Screen-Disposable-Vape-35000-Puffs-300x209.webp 300w, https:\/\/rmvapesale.com\/wp-content\/uploads\/2025\/01\/Bang-Vape-Screen-Disposable-Vape-35000-Puffs-768x536.webp 768w, https:\/\/rmvapesale.com\/wp-content\/uploads\/2025\/01\/Bang-Vape-Screen-Disposable-Vape-35000-Puffs-600x419.webp 600w\" sizes=\"auto, (max-width: 800px) 100vw, 800px\" \/><\/p>\n<\/div>\n<\/div>\n<\/div>\n<h3>O doru\u010den\u00ed<\/h3>\n<div class=\"flex-shrink-0 flex flex-col relative items-end\">\n<div>\n<div class=\"pt-0\">\n<div class=\"gizmo-bot-avatar flex h-8 w-8 items-center justify-center overflow-hidden rounded-full\">\n<div><\/div>\n<div class=\"relative p-1 rounded-sm flex items-center justify-center bg-token-main-surface-primary text-token-text-primary h-8 w-8\"><strong>1. Ak\u00e9 sp\u00f4soby doru\u010denia pou\u017e\u00edvate?<\/strong><\/div>\n<\/div>\n<\/div>\n<\/div>\n<\/div>\n<div class=\"group\/conversation-turn relative flex w-full min-w-0 flex-col agent-turn\">\n<div class=\"flex-col gap-1 md:gap-3\">\n<div class=\"flex max-w-full flex-col flex-grow\">\n<div class=\"min-h-[20px] text-message flex w-full flex-col items-end gap-2 whitespace-normal break-words [.text-message+&amp;]:mt-5 overflow-x-auto\" dir=\"auto\" data-message-author-role=\"assistant\" data-message-id=\"22f8283b-3233-46ff-89a5-c7a41b33abda\">\n<div class=\"flex w-full flex-col gap-1 empty:hidden first:pt-[3px]\">\n<div class=\"markdown prose w-full break-words dark:prose-invert light\">\n<p>Spolupracujeme so spolo\u010dnos\u0165ami UPS, DHL, FedEx, DPD a \u010fal\u0161\u00edmi popredn\u00fdmi dopravcami. Vyberieme najlep\u0161\u00ed sp\u00f4sob doru\u010denia na z\u00e1klade va\u0161ej adresy, aby sme zaistili, \u017ee svoje produkty dostanete \u010do najr\u00fdchlej\u0161ie.<\/p>\n<\/div>\n<p><strong>2. Ako dlho trv\u00e1 doru\u010denie?<\/strong><\/p>\n<p>Bal\u00edky doru\u010dovan\u00e9 na Slovensko zvy\u010dajne dorazia do 10 pracovn\u00fdch dn\u00ed. Doru\u010denie do eur\u00f3pskych kraj\u00edn zvy\u010dajne trv\u00e1 asi 12-15 pracovn\u00fdch dn\u00ed. Budeme v\u00e1s informova\u0165 o stave doru\u010denia v re\u00e1lnom \u010dase.<\/p>\n<\/div>\n<\/div>\n<\/div>\n<\/div>\n<\/div>\n<p><strong><span style=\"color: #ff0000\">In\u00e9 hor\u00face predaje inteligentn\u00fdch jednorazov\u00fdch vapov: <a href=\"https:\/\/rmvapesale.com\/sk\/product\/vopk-ultra-40000-puffs-double-taste-digital-screen-spaceman-disposable-vape-wholesale\/\">VOPK 40000 40K Pufov<\/a>, <a href=\"https:\/\/rmvapesale.com\/sk\/product\/bang-vape-36000-puffs-rechargeable-disposable-vape-wholesale-price\/\">Bang Vape 36k,\u00a0<\/a><\/span><\/strong><\/p>\n<p>&nbsp;<\/p>\n<p>N\u00e1jdite \u010fal\u0161ie vape produkty, ktor\u00e9 by sa v\u00e1m mohli p\u00e1\u010di\u0165:<strong><em><a href=\"https:\/\/rmvapesale.com\/sk\/shop-2\/\">nakupova\u0165 teraz &gt;&gt;&gt;<\/a><\/em><\/strong><\/p>","protected":false},"excerpt":{"rendered":"<p>Nov\u00fd Bang box 35k 35000 Pufov Dotykov\u00e1 Kontrola Dva Re\u017eimy Nap\u00e1jania<br \/>\nBang Box 35000 Pufov Dotykov\u00e1 Kontrola Jednorazov\u00e9 Vaporiz\u00e9ry Ve\u013ekoobchod<br \/>\nBang box 35k Pufov Dotykov\u00e1 Kontrola Vaporiz\u00e9r Ve\u013ekoobchodn\u00e1 Cena<\/p>\n<p><strong>Kontaktujte Amy pre spr\u00e1vnu odpove\u010f a vape kup\u00f3n!<\/strong><\/p>\n<p><img loading=\"lazy\" decoding=\"async\" class=\"size-full wp-image-2375\" src=\"https:\/\/rmvapesale.com\/wp-content\/uploads\/2024\/10\/image.png\" alt=\"Najlep\u0161\u00ed jednorazov\u00fd vape\" width=\"229\" height=\"300\" \/><\/p>\n<h3><a href=\"https:\/\/wa.me\/8617776015835\"><span style=\"color: #ff0000\"><strong>WhatsApp: +86 17776015835<\/strong><\/span><\/a><\/h3>\n<p>&nbsp;<\/p>","protected":false},"featured_media":2934,"comment_status":"open","ping_status":"closed","template":"","meta":{"_uag_custom_page_level_css":"","_lmt_disableupdate":"no","_lmt_disable":"","site-sidebar-layout":"default","site-content-layout":"content-boxed-container","ast-site-content-layout":"normal-width-container","site-content-style":"boxed","site-sidebar-style":"unboxed","ast-global-header-display":"","ast-banner-title-visibility":"","ast-main-header-display":"","ast-hfb-above-header-display":"","ast-hfb-below-header-display":"","ast-hfb-mobile-header-display":"","site-post-title":"","ast-breadcrumbs-content":"","ast-featured-img":"","footer-sml-layout":"","theme-transparent-header-meta":"default","adv-header-id-meta":"","stick-header-meta":"","header-above-stick-meta":"","header-main-stick-meta":"","header-below-stick-meta":"","astra-migrate-meta-layouts":"set","ast-page-background-enabled":"default","ast-page-background-meta":{"desktop":{"background-color":"var(--ast-global-color-4)","background-image":"","background-repeat":"repeat","background-position":"center center","background-size":"auto","background-attachment":"scroll","background-type":"","background-media":"","overlay-type":"","overlay-color":"","overlay-opacity":"","overlay-gradient":""},"tablet":{"background-color":"","background-image":"","background-repeat":"repeat","background-position":"center center","background-size":"auto","background-attachment":"scroll","background-type":"","background-media":"","overlay-type":"","overlay-color":"","overlay-opacity":"","overlay-gradient":""},"mobile":{"background-color":"","background-image":"","background-repeat":"repeat","background-position":"center center","background-size":"auto","background-attachment":"scroll","background-type":"","background-media":"","overlay-type":"","overlay-color":"","overlay-opacity":"","overlay-gradient":""}},"ast-content-background-meta":{"desktop":{"background-color":"var(--ast-global-color-5)","background-image":"","background-repeat":"repeat","background-position":"center center","background-size":"auto","background-attachment":"scroll","background-type":"","background-media":"","overlay-type":"","overlay-color":"","overlay-opacity":"","overlay-gradient":""},"tablet":{"background-color":"var(--ast-global-color-5)","background-image":"","background-repeat":"repeat","background-position":"center center","background-size":"auto","background-attachment":"scroll","background-type":"","background-media":"","overlay-type":"","overlay-color":"","overlay-opacity":"","overlay-gradient":""},"mobile":{"background-color":"var(--ast-global-color-5)","background-image":"","background-repeat":"repeat","background-position":"center center","background-size":"auto","background-attachment":"scroll","background-type":"","background-media":"","overlay-type":"","overlay-color":"","overlay-opacity":"","overlay-gradient":""}},"_joinchat":[]},"product_brand":[],"product_cat":[15,246,25,123,26,28,135,27,60,137,136,30],"product_tag":[267,199,146,131,40,111,266],"class_list":{"0":"post-2913","1":"product","2":"type-product","3":"status-publish","4":"has-post-thumbnail","6":"product_cat-new-vape-this-week","7":"product_cat-35000-puffs-disposable-vape","8":"product_cat-germany-best-selling-vape","9":"product_cat-italy-wholesale-vape","10":"product_cat-netherlands-hot-sale-vape","11":"product_cat-poland-hot-sale-vape","12":"product_cat-spain-best-hot-sale-vape","13":"product_cat-fance-hot-sale-vape","14":"product_cat-bang-vapes","15":"product_cat-rechargeable-vapes","16":"product_cat-smart-screen-vapes","17":"product_cat-minimum-order-quantity-50pcs","18":"product_tag-bang-box-35k","19":"product_tag-bang-vape","20":"product_tag-best-hot-sale-vape","21":"product_tag-big-puff-vape","22":"product_tag-hot-sale-vape","23":"product_tag-low-nicotine-disposable-vape","24":"product_tag-touch-screen-rechargeable-disposable-vape","25":"desktop-align-left","26":"tablet-align-left","27":"mobile-align-left","29":"first","30":"instock","31":"sale","32":"shipping-taxable","33":"purchasable","34":"product-type-simple"},"uagb_featured_image_src":{"full":["https:\/\/rmvapesale.com\/wp-content\/uploads\/2025\/01\/Bang-Box-Vape-35000-Puffs-Disposable-Vape-Bulk-Buy.webp",800,800,false],"thumbnail":["https:\/\/rmvapesale.com\/wp-content\/uploads\/2025\/01\/Bang-Box-Vape-35000-Puffs-Disposable-Vape-Bulk-Buy-150x150.webp",150,150,true],"medium":["https:\/\/rmvapesale.com\/wp-content\/uploads\/2025\/01\/Bang-Box-Vape-35000-Puffs-Disposable-Vape-Bulk-Buy-300x300.webp",300,300,true],"medium_large":["https:\/\/rmvapesale.com\/wp-content\/uploads\/2025\/01\/Bang-Box-Vape-35000-Puffs-Disposable-Vape-Bulk-Buy-768x768.webp",768,768,true],"large":["https:\/\/rmvapesale.com\/wp-content\/uploads\/2025\/01\/Bang-Box-Vape-35000-Puffs-Disposable-Vape-Bulk-Buy.webp",800,800,false],"1536x1536":["https:\/\/rmvapesale.com\/wp-content\/uploads\/2025\/01\/Bang-Box-Vape-35000-Puffs-Disposable-Vape-Bulk-Buy.webp",800,800,false],"2048x2048":["https:\/\/rmvapesale.com\/wp-content\/uploads\/2025\/01\/Bang-Box-Vape-35000-Puffs-Disposable-Vape-Bulk-Buy.webp",800,800,false],"trp-custom-language-flag":["https:\/\/rmvapesale.com\/wp-content\/uploads\/2025\/01\/Bang-Box-Vape-35000-Puffs-Disposable-Vape-Bulk-Buy.webp",12,12,false],"woocommerce_thumbnail":["https:\/\/rmvapesale.com\/wp-content\/uploads\/2025\/01\/Bang-Box-Vape-35000-Puffs-Disposable-Vape-Bulk-Buy-300x300.webp",300,300,true],"woocommerce_single":["https:\/\/rmvapesale.com\/wp-content\/uploads\/2025\/01\/Bang-Box-Vape-35000-Puffs-Disposable-Vape-Bulk-Buy-600x600.webp",600,600,true],"woocommerce_gallery_thumbnail":["https:\/\/rmvapesale.com\/wp-content\/uploads\/2025\/01\/Bang-Box-Vape-35000-Puffs-Disposable-Vape-Bulk-Buy-100x100.webp",100,100,true],"wcpr-photo-reviews":["https:\/\/rmvapesale.com\/wp-content\/uploads\/2025\/01\/Bang-Box-Vape-35000-Puffs-Disposable-Vape-Bulk-Buy.webp",500,500,false]},"uagb_author_info":{"display_name":"AMY","author_link":"https:\/\/rmvapesale.com\/sk\/author\/"},"uagb_comment_info":0,"uagb_excerpt":"New Bang box 35k 35000 Puffs Touch Control Two Power Mode Bang Box 35000 Puffs Touch Control Disposable Vape Wholesale Bang box 35k Puffs Touch Control Vape Bulk Buy Cheap Price Contact Amy to get right reply and vape coupon! WhatsApp: +86 17776015835 &nbsp;","_links":{"self":[{"href":"https:\/\/rmvapesale.com\/sk\/wp-json\/wp\/v2\/product\/2913","targetHints":{"allow":["GET"]}}],"collection":[{"href":"https:\/\/rmvapesale.com\/sk\/wp-json\/wp\/v2\/product"}],"about":[{"href":"https:\/\/rmvapesale.com\/sk\/wp-json\/wp\/v2\/types\/product"}],"replies":[{"embeddable":true,"href":"https:\/\/rmvapesale.com\/sk\/wp-json\/wp\/v2\/comments?post=2913"}],"wp:featuredmedia":[{"embeddable":true,"href":"https:\/\/rmvapesale.com\/sk\/wp-json\/wp\/v2\/media\/2934"}],"wp:attachment":[{"href":"https:\/\/rmvapesale.com\/sk\/wp-json\/wp\/v2\/media?parent=2913"}],"wp:term":[{"taxonomy":"product_brand","embeddable":true,"href":"https:\/\/rmvapesale.com\/sk\/wp-json\/wp\/v2\/product_brand?post=2913"},{"taxonomy":"product_cat","embeddable":true,"href":"https:\/\/rmvapesale.com\/sk\/wp-json\/wp\/v2\/product_cat?post=2913"},{"taxonomy":"product_tag","embeddable":true,"href":"https:\/\/rmvapesale.com\/sk\/wp-json\/wp\/v2\/product_tag?post=2913"}],"curies":[{"name":"wp","href":"https:\/\/api.w.org\/{rel}","templated":true}]}}