{"id":2948,"date":"2025-01-10T08:39:18","date_gmt":"2025-01-10T08:39:18","guid":{"rendered":"https:\/\/rmvapesale.com\/?post_type=product&#038;p=2948"},"modified":"2025-01-10T09:15:27","modified_gmt":"2025-01-10T09:15:27","slug":"crystal-vape-uwin-shisha-hookah-20k-20000-puffs-wholesale-best-price","status":"publish","type":"product","link":"https:\/\/rmvapesale.com\/sk\/product\/crystal-vape-uwin-shisha-hookah-20k-20000-puffs-wholesale-best-price\/","title":{"rendered":"Crystal Vape Uwin Shisha Hookah 20K 20000 Po\u0165ahov Ve\u013ekoobchod Najlep\u0161ia cena"},"content":{"rendered":"<div class=\"B2VR9 CJHX3e\">\n<div class=\"wyccme\">\n<div class=\"flex-shrink-0 flex flex-col relative items-end\">\n<div class=\"pt-0\">\n<div class=\"gizmo-bot-avatar flex h-8 w-8 items-center justify-center overflow-hidden rounded-full\">\n<div class=\"relative p-1 rounded-sm flex items-center justify-center bg-token-main-surface-primary text-token-text-primary h-8 w-8\">\n<div class=\"flex-shrink-0 flex flex-col relative items-end\">\n<div class=\"pt-0\">\n<div class=\"gizmo-bot-avatar flex h-8 w-8 items-center justify-center overflow-hidden rounded-full\">\n<h1 class=\"relative p-1 rounded-sm flex items-center justify-center bg-token-main-surface-primary text-token-text-primary h-8 w-8\">Crystal Vape Uwin Shisha Hookah 20K 20000 Po\u0165ahov Ve\u013ekoobchod Najlep\u0161ia cena<\/h1>\n<\/div>\n<\/div>\n<\/div>\n<\/div>\n<\/div>\n<\/div>\n<\/div>\n<div class=\"group\/conversation-turn relative flex w-full min-w-0 flex-col agent-turn\">\n<div class=\"flex-col gap-1 md:gap-3\">\n<div class=\"flex max-w-full flex-col flex-grow\">\n<div class=\"min-h-8 text-message flex w-full flex-col items-end gap-2 whitespace-normal break-words text-start [.text-message+&amp;]:mt-5\" dir=\"auto\" data-message-author-role=\"assistant\" data-message-id=\"80ece0c4-ead1-4ed9-a9f0-ddc22582b4f4\" data-message-model-slug=\"gpt-4o\">\n<div class=\"flex w-full flex-col gap-1 empty:hidden first:pt-[3px]\">\n<div class=\"markdown prose w-full break-words dark:prose-invert light\">\n<p>&nbsp;<\/p>\n<p>The <strong>Kri\u0161t\u00e1\u013eov\u00e1 Vape Uwin Shisha Vodn\u00e1 fajka 20K 20000 \u0165ahov<\/strong>je dokonal\u00e9 vapovacie zariadenie, ktor\u00e9 kombinuje \u0161pi\u010dkov\u00fa technol\u00f3giu, \u0161t\u00fdl a v\u00fdkon. S jeho p\u00f4sobiv\u00fdm <strong>digit\u00e1lnym displejom<\/strong>, prisp\u00f4sobite\u013en\u00fdmi funkciami a vysok\u00fdm po\u010dtom \u0165ahov je navrhnut\u00fd tak, aby vyhovoval potreb\u00e1m pr\u00edle\u017eitostn\u00fdch aj sk\u00fasen\u00fdch vaperov.<\/p>\n<\/div>\n<p>S vape Uwin Crystal 20000 si u\u017eijete pred\u013a\u017een\u00fd z\u00e1\u017eitok z vapovania a\u017e s <strong>20 000 \u0165ahmi<\/strong> na jedno zariadenie. Rozl\u00fa\u010dte sa s \u010dast\u00fdmi v\u00fdmenami a priv\u00edtajte nepreru\u0161ovan\u00e9 pote\u0161enie! Ten <strong>inovat\u00edvny digit\u00e1lny displej<\/strong> v\u00e1s informuje o v\u00fddr\u017ei bat\u00e9rie a pou\u017e\u00edvan\u00ed, \u010d\u00edm zais\u0165uje bezprobl\u00e9mov\u00fd z\u00e1\u017eitok. Pozrite si stav svojho zariadenia na prv\u00fd poh\u013ead. V\u010faka prisp\u00f4sobite\u013en\u00fdm nastaveniam pr\u00fadenia vzduchu sa Crystal Vape Uwin 20K prisp\u00f4sob\u00ed va\u0161im preferenci\u00e1m. \u010ci u\u017e m\u00e1te radi tesnej\u0161ie \u0165ahy alebo otvorenej\u0161\u00ed hit, toto zariadenie v\u00e1m ho poskytne.<\/p>\n<p>Vybaven\u00e9 s <strong>0,8\u03a9 mesh \u0161pir\u00e1lkou<\/strong>t\u00e1to nab\u00edjate\u013en\u00e1 jednorazov\u00e1 vape zais\u0165uje zv\u00fd\u0161en\u00fa produkciu pary a bezkonkuren\u010dn\u00fa chu\u0165. Ka\u017ed\u00fd \u0165ah je hladk\u00fd, bohat\u00fd a uspokojuj\u00faci. Poh\u00e1\u0148an\u00e9 <strong>650mAh kobaltovou nab\u00edjate\u013enou bat\u00e9riou<\/strong> kapacitou 23 ml e-liquidu <strong>nab\u00edjac\u00edm portom typu C<\/strong>, Uwin Shisha Hookah je v\u017edy pripraven\u00fd na pou\u017eitie. R\u00fdchle a efekt\u00edvne nab\u00edjanie znamen\u00e1 menej prestojov. Ergonomick\u00fd a kompaktn\u00fd Crystal Vape Uwin m\u00e1 elegantn\u00fd dizajn, ktor\u00fd je \u0161t\u00fdlov\u00fd a pohodln\u00fd na pou\u017e\u00edvanie. Je to rovnako v\u00fdrazn\u00fd k\u00fasok, ako aj vapovacie zariadenie. Dostupn\u00e9 v <strong>0%, 2%, 3% a 5% sile nikot\u00ednu<\/strong>, tento vape vyhovuje v\u0161etk\u00fdm preferenci\u00e1m. \u010ci u\u017e chcete siln\u00fd z\u00e1sah alebo miernej\u0161\u00ed z\u00e1\u017eitok, ste kryt\u00ed.<\/p>\n<\/div>\n<p>Vylep\u0161ite svoju vapovaciu hru s <strong>Crystal Vape Uwin Shisha Hookah 20000<\/strong>. V\u010faka kombin\u00e1cii \u0161t\u00fdlu, v\u00fdkonu a pohodlia je to ide\u00e1lna vo\u013eba pre vaperov v\u0161ade. Ne\u010dakajte \u2013 objednajte si svoj e\u0161te dnes!<\/p>\n<\/div>\n<\/div>\n<\/div>\n<\/div>\n<div class=\"flex-shrink-0 flex flex-col relative items-end\">\n<div class=\"pt-0\">\n<div class=\"gizmo-bot-avatar flex h-8 w-8 items-center justify-center overflow-hidden rounded-full\">\n<p>&nbsp;<\/p>\n<\/div>\n<\/div>\n<\/div>\n<\/div>\n<\/div>\n<p><strong>Kontaktujte Amy pre spr\u00e1vnu odpove\u010f a vape kup\u00f3n!<\/strong><\/p>\n<p><img loading=\"lazy\" decoding=\"async\" class=\"size-full wp-image-1978\" src=\"https:\/\/rmvapesale.com\/wp-content\/uploads\/2024\/09\/Disposable-Vape-Wholesale.jpg\" alt=\"Jednorazov\u00fd vape ve\u013ekoobchod\" width=\"229\" height=\"300\" \/><\/p>\n<h3><a href=\"https:\/\/wa.me\/8617776015835\" target=\"_blank\" rel=\"noopener\"><span style=\"color: #ff0000\"><strong>WhatsApp: +86 17776015835<\/strong><\/span><\/a><\/h3>\n<p>&nbsp;<\/p>\n<h2><strong style=\"font-size: 1.7em\">Crystal Vape Uwin 20000 K\u013e\u00fa\u010dov\u00e9 vlastnosti<\/strong><\/h2>\n<h3><\/h3>\n<ul>\n<li><strong>Po\u010det potiahnut\u00ed<\/strong>: A\u017e 20 000 pre dlhodob\u00e9 pou\u017e\u00edvanie<\/li>\n<li><strong>Digit\u00e1lny Displej<\/strong>: Monitorovanie \u017eivotnosti bat\u00e9rie a pou\u017e\u00edvania v re\u00e1lnom \u010dase<\/li>\n<li><strong>Kapacita E-Liquidu<\/strong>: 22 ml predplnen\u00e1 n\u00e1dr\u017e pre menej dop\u013a\u0148an\u00ed<\/li>\n<li><strong>Mesh Coil (sie\u0165ov\u00e1 \u0161pir\u00e1lka)<\/strong>: 0,8\u03a9 \u0161pir\u00e1lka pre bohat\u00fa chu\u0165 a hust\u00fa paru<\/li>\n<li><strong>Nab\u00edjate\u013en\u00e1 bat\u00e9ria<\/strong>: 650mAh kobaltov\u00e1 bat\u00e9ria s nab\u00edjan\u00edm typu C<\/li>\n<li><strong>Hladiny nikot\u00ednu<\/strong>: Dostupn\u00e9 v 0%, 2%, 3% a 5%<\/li>\n<li><strong>Pr\u00edchute<\/strong>: 12 lahodn\u00fdch mo\u017enost\u00ed na v\u00fdber<\/li>\n<li><strong>Nastavite\u013en\u00fd prietok vzduchu<\/strong>: Prisp\u00f4sobite\u013en\u00e9 nastavenia pre prisp\u00f4soben\u00fd z\u00e1\u017eitok<\/li>\n<li><strong>Kompaktn\u00fd dizajn<\/strong>: Elegantn\u00fd a ergonomick\u00fd pre prenosnos\u0165 a \u0161t\u00fdl<\/li>\n<\/ul>\n<h2><strong style=\"font-size: 1.7em\">Najpred\u00e1vanej\u0161ia pr\u00edchu\u0165 pre Uwin 20000 <\/strong><strong style=\"font-size: 1.7em\">Crystal Vape<\/strong><\/h2>\n<p>T\u00e1to jednorazov\u00e1 vape je dostupn\u00e1 v <strong>12 chutn\u00fdch pr\u00edchutiach<\/strong>, pon\u00faka bohat\u00fd v\u00fdber mo\u017enost\u00ed, ktor\u00e9 uspokoja r\u00f4znych pou\u017e\u00edvate\u013eov. Ak\u00e1 je najlep\u0161ia pr\u00edchu\u0165 pre Uwin Crystal 20000? Najpred\u00e1vanej\u0161ie pr\u00edchute n\u00e1jdete v pr\u00edlohe pod\u013ea na\u0161ich \u00fadajov o predaji a recenzi\u00ed z\u00e1kazn\u00edkov.<\/p>\n<ol>\n<li>Mel\u00f3n <span style=\"color: #ff0000\"><strong>&gt;&gt;&gt;&gt; Hor\u00face !<\/strong><\/span><\/li>\n<li>Mango Ice<\/li>\n<li>\u010cu\u010doriedka Malina <span style=\"color: #ff0000\"><strong>&gt;&gt;&gt;&gt; Hor\u00face !<\/strong><\/span><\/li>\n<li>Hroznov\u00e1 M\u00e4ta<\/li>\n<li>Marakuja<\/li>\n<li>Jahoda Kiwi<\/li>\n<li>Dvojit\u00e9 Jablko<\/li>\n<li>Brosky\u0148ov\u00fd \u013ead<\/li>\n<li>Anan\u00e1s Kokos<\/li>\n<li>Zmie\u0161an\u00e9 bobule <strong><span style=\"color: #ff0000\">&gt;&gt;&gt;&gt; Najlep\u0161ie !<\/span><\/strong><\/li>\n<li>Citr\u00f3nov\u00e1 m\u00e4ta <span style=\"color: #ff0000\"><strong>&gt;&gt;&gt;&gt; Hor\u00face !<\/strong><\/span><\/li>\n<li>Pomaran\u010dov\u00e1 dr\u0165<\/li>\n<\/ol>\n<figure id=\"attachment_2944\" aria-describedby=\"caption-attachment-2944\" style=\"width: 800px\" class=\"wp-caption alignnone\"><img loading=\"lazy\" decoding=\"async\" class=\"wp-image-2944 size-full\" src=\"https:\/\/rmvapesale.com\/wp-content\/uploads\/2025\/01\/Hookah-Shisha-Uwin-Crystal-20000-Puffs-Disposable-Vape.webp\" alt=\"Hookah Shisha Uwin Crystal 20000 \u0164ahov Jednorazov\u00e1 Vape\" width=\"800\" height=\"800\" srcset=\"https:\/\/rmvapesale.com\/wp-content\/uploads\/2025\/01\/Hookah-Shisha-Uwin-Crystal-20000-Puffs-Disposable-Vape.webp 800w, https:\/\/rmvapesale.com\/wp-content\/uploads\/2025\/01\/Hookah-Shisha-Uwin-Crystal-20000-Puffs-Disposable-Vape-300x300.webp 300w, https:\/\/rmvapesale.com\/wp-content\/uploads\/2025\/01\/Hookah-Shisha-Uwin-Crystal-20000-Puffs-Disposable-Vape-150x150.webp 150w, https:\/\/rmvapesale.com\/wp-content\/uploads\/2025\/01\/Hookah-Shisha-Uwin-Crystal-20000-Puffs-Disposable-Vape-768x768.webp 768w, https:\/\/rmvapesale.com\/wp-content\/uploads\/2025\/01\/Hookah-Shisha-Uwin-Crystal-20000-Puffs-Disposable-Vape-600x600.webp 600w, https:\/\/rmvapesale.com\/wp-content\/uploads\/2025\/01\/Hookah-Shisha-Uwin-Crystal-20000-Puffs-Disposable-Vape-100x100.webp 100w\" sizes=\"auto, (max-width: 800px) 100vw, 800px\" \/><figcaption id=\"caption-attachment-2944\" class=\"wp-caption-text\">Hookah Shisha Uwin Crystal 20000 \u0164ahov Jednorazov\u00e1 Vape<\/figcaption><\/figure>\n<h3><strong>Pre\u010do si vybra\u0165 Rmvapesale pre Crystal Vape Uwin 20000 \u0164ahov\u00a0 <\/strong><strong>V<\/strong><strong>Ve\u013ekoobchod s vape<\/strong><strong>?<\/strong><\/h3>\n<div class=\"flex-shrink-0 flex flex-col relative items-end\">\n<div class=\"pt-0\">\n<div class=\"gizmo-bot-avatar flex h-8 w-8 items-center justify-center overflow-hidden rounded-full\">\n<p class=\"relative p-1 rounded-sm flex items-center justify-center bg-token-main-surface-primary text-token-text-primary h-8 w-8\">Vitajte v Rmvapesale, va\u0161om d\u00f4veryhodnom obchode s vape pre pr\u00e9miov\u00e9 jednorazov\u00e9 vapy. S viac ako 5 ro\u010dn\u00fdmi sk\u00fasenos\u0165ami v\u00e1m prin\u00e1\u0161ame popul\u00e1rne zna\u010dky jednorazov\u00fdch vape ako Al Fakher, Vapme Vape, <a href=\"https:\/\/rmvapesale.com\/sk\/product-category\/bang-vapes\/\">Bang Vape<\/a>, Waspe, WGA Vape a<a href=\"https:\/\/rmvapesale.com\/sk\/product-category\/randm-fumot-vape\/\"> RandM Vape<\/a>.N\u00e1\u0161 sortiment zah\u0155\u0148a hor\u00face predajn\u00e9 jednorazov\u00e9 vape ako napr\u00edklad <a href=\"https:\/\/rmvapesale.com\/sk\/product\/bang-box-35000-puffs-touch-screen-bulk-buy-price-rechargeable-disposable-vapes\/\">Bang Box 35000 \u0164ahov<\/a> a vo\u013eby bohat\u00e9 na chu\u0165 ako napr\u00edklad<a href=\"https:\/\/rmvapesale.com\/sk\/product\/bood-pulse-pro-50000-puff-50k-low-nicotine-disposable-vape-wholesale-bulk-buy-price\/\">\u00a0Bood Pulse PRO 50000<\/a>. Ka\u017ed\u00fd produkt je vybran\u00fd so zameran\u00edm na kvalitu, hodnotu a rozmanitos\u0165, \u010do zais\u0165uje, \u017ee n\u00e1jdete perfektn\u00fa vo\u013ebu pre va\u0161e potreby. Objavte v\u00fdnimo\u010dn\u00e9 slu\u017eby a \u0161irok\u00fa \u0161k\u00e1lu \u0161pi\u010dkov\u00fdch produktov v Rmvapesale.<\/p>\n<p>&nbsp;<\/p>\n<p class=\"relative p-1 rounded-sm flex items-center justify-center bg-token-main-surface-primary text-token-text-primary h-8 w-8\"><b style=\"font-size: 1.5em;font-style: inherit\">\u010cast\u00e9 ot\u00e1zky pre Crystal Vape Uwin 20000 <\/b><b style=\"font-size: 1.5em;font-style: inherit\">Nab\u00edjate\u013en\u00e1 jednorazov\u00e1 vapka<\/b><\/p>\n<h3><\/h3>\n<h4><strong>1. Ko\u013eko \u0165ahov pon\u00faka Crystal Vape Uwin Shisha Hookah 20K?<\/strong><\/h4>\n<p>Zariadenie poskytuje a\u017e <strong>20 000 \u0165ahmi<\/strong>, \u010do z neho rob\u00ed dlhotrvaj\u00facu mo\u017enos\u0165 pre dlhodob\u00e9 pou\u017e\u00edvanie.<\/p>\n<h4><strong>2. M\u00e1 t\u00e1to vape digit\u00e1lny displej?<\/strong><\/h4>\n<p>\u00c1no, obsahuje <strong>\u013eahko \u010ditate\u013en\u00fd digit\u00e1lny displej <\/strong>na jednoduch\u00e9 sledovanie \u017eivotnosti bat\u00e9rie a pou\u017e\u00edvania.<\/p>\n<h4><strong>3. M\u00f4\u017eem dobi\u0165 bat\u00e9riu?<\/strong><\/h4>\n<p>Absol\u00fatne! Dod\u00e1va sa s <strong>650mAh nab\u00edjate\u013enou bat\u00e9riou<\/strong> kapacitou 23 ml e-liquidu <strong>Port typu C<\/strong> pre r\u00fdchle a pohodln\u00e9 nab\u00edjanie.<\/p>\n<h4><strong>4. Je prietok vzduchu nastavite\u013en\u00fd?<\/strong><\/h4>\n<p>\u00c1no, Uwin Shisha Hookah 20K pon\u00faka <strong>prisp\u00f4sobite\u013en\u00e9 nastavenia prietoku vzduchu<\/strong> aby vyhovovali va\u0161im preferenci\u00e1m vapovania.<\/p>\n<h4><strong>5. Kde m\u00f4\u017eem k\u00fapi\u0165 Crystal Vape Uwin Shisha Hookah 20K za ve\u013ekoobchodn\u00e9 ceny?<\/strong><\/h4>\n<p>Tento produkt n\u00e1jdete za najlep\u0161ie <strong>ve\u013ekoobchodn\u00e9 ceny<\/strong> on <a href=\"https:\/\/rmvapesale.com\/sk\/\" target=\"_new\" rel=\"noopener\">v internetovom vape shope Rmvapesale<\/a>. Nakupujte teraz a z\u00edskajte bezkonkuren\u010dn\u00e9 ponuky!<\/p>\n<p>&nbsp;<\/p>\n<\/div>\n<\/div>\n<\/div>\n<h3>O doru\u010den\u00ed<\/h3>\n<div class=\"flex-shrink-0 flex flex-col relative items-end\">\n<div>\n<div class=\"pt-0\">\n<div class=\"gizmo-bot-avatar flex h-8 w-8 items-center justify-center overflow-hidden rounded-full\">\n<div><\/div>\n<div class=\"relative p-1 rounded-sm flex items-center justify-center bg-token-main-surface-primary text-token-text-primary h-8 w-8\"><strong>1. Ak\u00e9 sp\u00f4soby doru\u010denia pou\u017e\u00edvate?<\/strong><\/div>\n<\/div>\n<\/div>\n<\/div>\n<\/div>\n<div class=\"group\/conversation-turn relative flex w-full min-w-0 flex-col agent-turn\">\n<div class=\"flex-col gap-1 md:gap-3\">\n<div class=\"flex max-w-full flex-col flex-grow\">\n<div class=\"min-h-[20px] text-message flex w-full flex-col items-end gap-2 whitespace-normal break-words [.text-message+&amp;]:mt-5 overflow-x-auto\" dir=\"auto\" data-message-author-role=\"assistant\" data-message-id=\"22f8283b-3233-46ff-89a5-c7a41b33abda\">\n<div class=\"flex w-full flex-col gap-1 empty:hidden first:pt-[3px]\">\n<div class=\"markdown prose w-full break-words dark:prose-invert light\">\n<p>Spolupracujeme so spolo\u010dnos\u0165ami UPS, DHL, FedEx, DPD a \u010fal\u0161\u00edmi popredn\u00fdmi dopravcami. Vyberieme najlep\u0161\u00ed sp\u00f4sob doru\u010denia na z\u00e1klade va\u0161ej adresy, aby sme zaistili, \u017ee svoje produkty dostanete \u010do najr\u00fdchlej\u0161ie.<\/p>\n<\/div>\n<p><strong>2. Ako dlho trv\u00e1 doru\u010denie?<\/strong><\/p>\n<p>Bal\u00edky doru\u010dovan\u00e9 na Slovensko zvy\u010dajne dorazia do 10 pracovn\u00fdch dn\u00ed. Doru\u010denie do eur\u00f3pskych kraj\u00edn zvy\u010dajne trv\u00e1 asi 12-15 pracovn\u00fdch dn\u00ed. Budeme v\u00e1s informova\u0165 o stave doru\u010denia v re\u00e1lnom \u010dase.<\/p>\n<\/div>\n<\/div>\n<\/div>\n<\/div>\n<\/div>\n<p>&nbsp;<\/p>\n<p>N\u00e1jdite \u010fal\u0161ie vape produkty, ktor\u00e9 by sa v\u00e1m mohli p\u00e1\u010di\u0165:<strong><em><a href=\"https:\/\/rmvapesale.com\/sk\/shop-2\/\">nakupova\u0165 teraz &gt;&gt;&gt;<\/a><\/em><\/strong><\/p>","protected":false},"excerpt":{"rendered":"<p>Uwin Shisha Vodn\u00e1 fajka Crystal 20000 \u0164ahov Bulk<br \/>\nUwin Crystal 20000 \u0164ahov Jednorazov\u00e1 Vape E Shisha Vodn\u00e1 fajka<br \/>\nNajlep\u0161ia Ve\u013ekoobchodn\u00e1 Cena Uwin Shisha Vodn\u00e1 fajka Crystal 20K 20000 \u0164ahov<\/p>\n<p><strong>Kontaktujte Amy pre spr\u00e1vnu odpove\u010f a vape kup\u00f3n!<\/strong><\/p>\n<p><img loading=\"lazy\" decoding=\"async\" class=\"size-full wp-image-2375\" src=\"https:\/\/rmvapesale.com\/wp-content\/uploads\/2024\/10\/image.png\" alt=\"Najlep\u0161\u00ed jednorazov\u00fd vape\" width=\"229\" height=\"300\" \/><\/p>\n<h3><a href=\"https:\/\/wa.me\/8617776015835\"><span style=\"color: #ff0000\"><strong>WhatsApp: +86 17776015835<\/strong><\/span><\/a><\/h3>\n<p>&nbsp;<\/p>","protected":false},"featured_media":2943,"comment_status":"open","ping_status":"closed","template":"","meta":{"_uag_custom_page_level_css":"","_lmt_disableupdate":"no","_lmt_disable":"","site-sidebar-layout":"default","site-content-layout":"content-boxed-container","ast-site-content-layout":"normal-width-container","site-content-style":"boxed","site-sidebar-style":"unboxed","ast-global-header-display":"","ast-banner-title-visibility":"","ast-main-header-display":"","ast-hfb-above-header-display":"","ast-hfb-below-header-display":"","ast-hfb-mobile-header-display":"","site-post-title":"","ast-breadcrumbs-content":"","ast-featured-img":"","footer-sml-layout":"","ast-disable-related-posts":"","theme-transparent-header-meta":"default","adv-header-id-meta":"","stick-header-meta":"","header-above-stick-meta":"","header-main-stick-meta":"","header-below-stick-meta":"","astra-migrate-meta-layouts":"set","ast-page-background-enabled":"default","ast-page-background-meta":{"desktop":{"background-color":"var(--ast-global-color-4)","background-image":"","background-repeat":"repeat","background-position":"center center","background-size":"auto","background-attachment":"scroll","background-type":"","background-media":"","overlay-type":"","overlay-color":"","overlay-opacity":"","overlay-gradient":""},"tablet":{"background-color":"","background-image":"","background-repeat":"repeat","background-position":"center center","background-size":"auto","background-attachment":"scroll","background-type":"","background-media":"","overlay-type":"","overlay-color":"","overlay-opacity":"","overlay-gradient":""},"mobile":{"background-color":"","background-image":"","background-repeat":"repeat","background-position":"center center","background-size":"auto","background-attachment":"scroll","background-type":"","background-media":"","overlay-type":"","overlay-color":"","overlay-opacity":"","overlay-gradient":""}},"ast-content-background-meta":{"desktop":{"background-color":"var(--ast-global-color-5)","background-image":"","background-repeat":"repeat","background-position":"center center","background-size":"auto","background-attachment":"scroll","background-type":"","background-media":"","overlay-type":"","overlay-color":"","overlay-opacity":"","overlay-gradient":""},"tablet":{"background-color":"var(--ast-global-color-5)","background-image":"","background-repeat":"repeat","background-position":"center center","background-size":"auto","background-attachment":"scroll","background-type":"","background-media":"","overlay-type":"","overlay-color":"","overlay-opacity":"","overlay-gradient":""},"mobile":{"background-color":"var(--ast-global-color-5)","background-image":"","background-repeat":"repeat","background-position":"center center","background-size":"auto","background-attachment":"scroll","background-type":"","background-media":"","overlay-type":"","overlay-color":"","overlay-opacity":"","overlay-gradient":""}},"_joinchat":[]},"product_brand":[],"product_cat":[15,255,60,27,25,123,30,26,28,137,136,135],"product_tag":[146,40,111,103,269,268],"class_list":{"0":"post-2948","1":"product","2":"type-product","3":"status-publish","4":"has-post-thumbnail","6":"product_cat-new-vape-this-week","7":"product_cat-20000-puff-disposable-vape","8":"product_cat-bang-vapes","9":"product_cat-fance-hot-sale-vape","10":"product_cat-germany-best-selling-vape","11":"product_cat-italy-wholesale-vape","12":"product_cat-minimum-order-quantity-50pcs","13":"product_cat-netherlands-hot-sale-vape","14":"product_cat-poland-hot-sale-vape","15":"product_cat-rechargeable-vapes","16":"product_cat-smart-screen-vapes","17":"product_cat-spain-best-hot-sale-vape","18":"product_tag-best-hot-sale-vape","19":"product_tag-hot-sale-vape","20":"product_tag-low-nicotine-disposable-vape","21":"product_tag-shisha-hookah","22":"product_tag-uwin-crystal-20000","23":"product_tag-uwin-shisha-hookah-20k","24":"desktop-align-left","25":"tablet-align-left","26":"mobile-align-left","28":"first","29":"instock","30":"sale","31":"shipping-taxable","32":"purchasable","33":"product-type-simple"},"uagb_featured_image_src":{"full":["https:\/\/rmvapesale.com\/wp-content\/uploads\/2025\/01\/Hookah-Shisha-Uwin-Crystal-20000-Puffs-Disposable-Vape-Bulk-Buy.webp",800,800,false],"thumbnail":["https:\/\/rmvapesale.com\/wp-content\/uploads\/2025\/01\/Hookah-Shisha-Uwin-Crystal-20000-Puffs-Disposable-Vape-Bulk-Buy-150x150.webp",150,150,true],"medium":["https:\/\/rmvapesale.com\/wp-content\/uploads\/2025\/01\/Hookah-Shisha-Uwin-Crystal-20000-Puffs-Disposable-Vape-Bulk-Buy-300x300.webp",300,300,true],"medium_large":["https:\/\/rmvapesale.com\/wp-content\/uploads\/2025\/01\/Hookah-Shisha-Uwin-Crystal-20000-Puffs-Disposable-Vape-Bulk-Buy-768x768.webp",768,768,true],"large":["https:\/\/rmvapesale.com\/wp-content\/uploads\/2025\/01\/Hookah-Shisha-Uwin-Crystal-20000-Puffs-Disposable-Vape-Bulk-Buy.webp",800,800,false],"1536x1536":["https:\/\/rmvapesale.com\/wp-content\/uploads\/2025\/01\/Hookah-Shisha-Uwin-Crystal-20000-Puffs-Disposable-Vape-Bulk-Buy.webp",800,800,false],"2048x2048":["https:\/\/rmvapesale.com\/wp-content\/uploads\/2025\/01\/Hookah-Shisha-Uwin-Crystal-20000-Puffs-Disposable-Vape-Bulk-Buy.webp",800,800,false],"trp-custom-language-flag":["https:\/\/rmvapesale.com\/wp-content\/uploads\/2025\/01\/Hookah-Shisha-Uwin-Crystal-20000-Puffs-Disposable-Vape-Bulk-Buy.webp",12,12,false],"woocommerce_thumbnail":["https:\/\/rmvapesale.com\/wp-content\/uploads\/2025\/01\/Hookah-Shisha-Uwin-Crystal-20000-Puffs-Disposable-Vape-Bulk-Buy-300x300.webp",300,300,true],"woocommerce_single":["https:\/\/rmvapesale.com\/wp-content\/uploads\/2025\/01\/Hookah-Shisha-Uwin-Crystal-20000-Puffs-Disposable-Vape-Bulk-Buy-600x600.webp",600,600,true],"woocommerce_gallery_thumbnail":["https:\/\/rmvapesale.com\/wp-content\/uploads\/2025\/01\/Hookah-Shisha-Uwin-Crystal-20000-Puffs-Disposable-Vape-Bulk-Buy-100x100.webp",100,100,true],"wcpr-photo-reviews":["https:\/\/rmvapesale.com\/wp-content\/uploads\/2025\/01\/Hookah-Shisha-Uwin-Crystal-20000-Puffs-Disposable-Vape-Bulk-Buy.webp",500,500,false]},"uagb_author_info":{"display_name":"AMY","author_link":"https:\/\/rmvapesale.com\/sk\/author\/"},"uagb_comment_info":0,"uagb_excerpt":"Uwin Shisha Hookah Crystal 20000 Puff Bulk Uwin Crystal 20000 Puffs Disposable Vape E Shisha Hookah Best Wholesale Price Uwin Shisha Hookah Crystal 20K 20000 Puffs Contact Amy to get right reply and vape coupon! WhatsApp: +86 17776015835 &nbsp;","_links":{"self":[{"href":"https:\/\/rmvapesale.com\/sk\/wp-json\/wp\/v2\/product\/2948","targetHints":{"allow":["GET"]}}],"collection":[{"href":"https:\/\/rmvapesale.com\/sk\/wp-json\/wp\/v2\/product"}],"about":[{"href":"https:\/\/rmvapesale.com\/sk\/wp-json\/wp\/v2\/types\/product"}],"replies":[{"embeddable":true,"href":"https:\/\/rmvapesale.com\/sk\/wp-json\/wp\/v2\/comments?post=2948"}],"wp:featuredmedia":[{"embeddable":true,"href":"https:\/\/rmvapesale.com\/sk\/wp-json\/wp\/v2\/media\/2943"}],"wp:attachment":[{"href":"https:\/\/rmvapesale.com\/sk\/wp-json\/wp\/v2\/media?parent=2948"}],"wp:term":[{"taxonomy":"product_brand","embeddable":true,"href":"https:\/\/rmvapesale.com\/sk\/wp-json\/wp\/v2\/product_brand?post=2948"},{"taxonomy":"product_cat","embeddable":true,"href":"https:\/\/rmvapesale.com\/sk\/wp-json\/wp\/v2\/product_cat?post=2948"},{"taxonomy":"product_tag","embeddable":true,"href":"https:\/\/rmvapesale.com\/sk\/wp-json\/wp\/v2\/product_tag?post=2948"}],"curies":[{"name":"wp","href":"https:\/\/api.w.org\/{rel}","templated":true}]}}