{"id":2955,"date":"2025-01-13T06:29:57","date_gmt":"2025-01-13T06:29:57","guid":{"rendered":"https:\/\/rmvapesale.com\/?post_type=product&#038;p=2955"},"modified":"2025-01-13T07:21:49","modified_gmt":"2025-01-13T07:21:49","slug":"bangking-35000-puffs-double-flavour-disposable-vape-wholesale-cheap-price","status":"publish","type":"product","link":"https:\/\/rmvapesale.com\/sk\/product\/bangking-35000-puffs-double-flavour-disposable-vape-wholesale-cheap-price\/","title":{"rendered":"Bangking 35000 \u0164ahov Dvojit\u00e1 pr\u00edchu\u0165 Jednorazov\u00e1 Vape Ve\u013ekoobchod Lacn\u00e1 cena"},"content":{"rendered":"<div class=\"B2VR9 CJHX3e\">\n<div class=\"wyccme\">\n<div class=\"flex-shrink-0 flex flex-col relative items-end\">\n<div class=\"pt-0\">\n<div class=\"gizmo-bot-avatar flex h-8 w-8 items-center justify-center overflow-hidden rounded-full\">\n<div class=\"relative p-1 rounded-sm flex items-center justify-center bg-token-main-surface-primary text-token-text-primary h-8 w-8\">\n<div class=\"flex-shrink-0 flex flex-col relative items-end\">\n<div class=\"pt-0\">\n<div class=\"gizmo-bot-avatar flex h-8 w-8 items-center justify-center overflow-hidden rounded-full\">\n<h1 class=\"relative p-1 rounded-sm flex items-center justify-center bg-token-main-surface-primary text-token-text-primary h-8 w-8\">Bangking 35000 \u0164ahov Dvojit\u00e1 pr\u00edchu\u0165 Jednorazov\u00e1 Vape Ve\u013ekoobchod Lacn\u00e1 cena<\/h1>\n<\/div>\n<\/div>\n<\/div>\n<\/div>\n<\/div>\n<\/div>\n<\/div>\n<div class=\"group\/conversation-turn relative flex w-full min-w-0 flex-col agent-turn\">\n<div class=\"flex-col gap-1 md:gap-3\">\n<div class=\"flex max-w-full flex-col flex-grow\">\n<div class=\"min-h-8 text-message flex w-full flex-col items-end gap-2 whitespace-normal break-words text-start [.text-message+&amp;]:mt-5\" dir=\"auto\" data-message-author-role=\"assistant\" data-message-id=\"80ece0c4-ead1-4ed9-a9f0-ddc22582b4f4\" data-message-model-slug=\"gpt-4o\">\n<p>H\u013ead\u00e1te vaporiz\u00e9r, ktor\u00fd dr\u017e\u00ed krok s va\u0161\u00edm \u017eivotn\u00fdm \u0161t\u00fdlom? Povedzte ahoj k <strong>Bangking 35000 Puffs Dvojit\u00e1 Chu\u0165 Jednorazov\u00fd Vaporiz\u00e9r<\/strong>\u2014zmeny hry v svete jednorazov\u00fdch vaporiz\u00e9rov! Tento pr\u00edstroj je tu, aby v\u00e1m poskytol <strong>obrovsk\u00e9 mno\u017estvo potiahnut\u00ed<\/strong>, <strong>dve neuverite\u013en\u00e9 chute v jednom<\/strong>, a <strong>nastavite\u013en\u00e9 \u00farovne nikot\u00ednu<\/strong>. V\u0161etko za cenu, ktor\u00e1 nezruinuje v\u00e1\u0161 rozpo\u010det!<\/p>\n<h2><strong>Pre\u010do si vybra\u0165 Bangking 35000 Puffs?<\/strong><\/h2>\n<ul>\n<li><strong>Dvojn\u00e1sobn\u00e1 chu\u0165, dvojn\u00e1sobn\u00e1 z\u00e1bava<\/strong><br \/>\nUnavilo v\u00e1s dr\u017ea\u0165 sa len jednej chuti? S <strong>technol\u00f3giou 2-v-1 chuti<\/strong>, m\u00f4\u017eete prep\u00edna\u0165 medzi dvoma lahodn\u00fdmi mo\u017enos\u0165ami v jednom zariaden\u00ed. Je to ako ma\u0165 dva vaporiz\u00e9ry vo vrecku!<\/li>\n<li><strong>Nezrovnate\u013en\u00fd po\u010det potiahnut\u00ed<\/strong><br \/>\nS <strong>35 000 potiahnut\u00ed<\/strong>, tento vaporiz\u00e9r je navrhnut\u00fd tak, aby vydr\u017eal. Nie je to len ve\u013ea potiahnut\u00ed\u2014je to ve\u013ek\u00e1 hodnota!<\/li>\n<li><strong>Dob\u00edjate\u013en\u00e1 pohodlnos\u0165<\/strong><br \/>\nVstavan\u00e1 <strong>650mAh bat\u00e9ria<\/strong> a <strong>nab\u00edjac\u00edm portom typu C<\/strong> znamen\u00e1, \u017ee v\u00e1s nikdy nezastihne vybit\u00fd. R\u00fdchlo ho nabijte a pokra\u010dujte vo vapovan\u00ed!<\/li>\n<li><strong>Nikot\u00edn pod\u013ea v\u00e1\u0161ho gusta<\/strong><br \/>\n\u010ci u\u017e m\u00e1te radi siln\u00fd alebo jemnej\u0161\u00ed, Bangking pon\u00faka <strong>Mo\u017enosti nikot\u00ednu 0%, 2% a 5%<\/strong>. Ide o va\u0161u vo\u013ebu.<\/li>\n<li><strong>Pr\u00edchute, ktor\u00e9 vynikaj\u00fa<\/strong><br \/>\nOd ovocn\u00fdch zmes\u00ed po osvie\u017euj\u00face m\u00e4tov\u00e9 v\u00fdbuchy, je tu <strong>12 \u00fa\u017easn\u00fdch pr\u00edchut\u00ed<\/strong> na objavovanie. \u017diadne nudn\u00e9 mo\u017enosti!<\/li>\n<\/ul>\n<\/div>\n<\/div>\n<\/div>\n<\/div>\n<div class=\"flex-shrink-0 flex flex-col relative items-end\">\n<div class=\"pt-0\">\n<div class=\"gizmo-bot-avatar flex h-8 w-8 items-center justify-center overflow-hidden rounded-full\">\n<p>&nbsp;<\/p>\n<\/div>\n<\/div>\n<\/div>\n<\/div>\n<\/div>\n<p><strong>Kontaktujte Amy pre spr\u00e1vnu odpove\u010f a vape kup\u00f3n!<\/strong><\/p>\n<p><img loading=\"lazy\" decoding=\"async\" class=\"size-full wp-image-1978\" src=\"https:\/\/rmvapesale.com\/wp-content\/uploads\/2024\/09\/Disposable-Vape-Wholesale.jpg\" alt=\"Jednorazov\u00fd vape ve\u013ekoobchod\" width=\"229\" height=\"300\" \/><\/p>\n<h3><a href=\"https:\/\/wa.me\/8617776015835\" target=\"_blank\" rel=\"noopener\"><span style=\"color: #ff0000\"><strong>WhatsApp: +86 17776015835<\/strong><\/span><\/a><\/h3>\n<p>&nbsp;<\/p>\n<h3><strong style=\"font-size: 1.7em\">Hlavn\u00e9 funkcie produktu Bangking 35000 Puffs<\/strong><\/h3>\n<ul>\n<li><strong>Dizajn chuti 2 v 1:<\/strong> U\u017eite si dvojn\u00e1sobn\u00e9 chute v jednom zariaden\u00ed.<\/li>\n<li><strong>35 000 po\u0165ahov:<\/strong> Vape, ktor\u00e9 vydr\u017e\u00ed a vydr\u017e\u00ed!<\/li>\n<li><strong>Prisp\u00f4sobite\u013en\u00e9 \u00farovne nikot\u00ednu:<\/strong> Vyberte si z mo\u017enost\u00ed 0%, 2% alebo 5%.<\/li>\n<li><strong>Nab\u00edjate\u013en\u00e1 bat\u00e9ria:<\/strong> Typ-C nab\u00edjanie pre maxim\u00e1lnu pohodlnos\u0165.<\/li>\n<li><strong>Dostupn\u00e1 ve\u013ekoobchodn\u00e1 cena:<\/strong> Vhodn\u00e9 na osobn\u00e9 pou\u017eitie alebo ve\u013ek\u00e9 objedn\u00e1vky.<\/li>\n<\/ul>\n<h3><strong style=\"font-size: 1.7em\">Najpred\u00e1vanej\u0161ia pr\u00edchu\u0165 pre Bangking 35000 Puffs<\/strong><strong style=\"font-size: 1.7em\">\u00a0Vape<\/strong><\/h3>\n<p>The <strong>Bangking 35000 Puffs Dvojit\u00e1 pr\u00edchu\u0165 Jednorazov\u00fd vape<\/strong> pon\u00faka odv\u00e1\u017ene a vzru\u0161uj\u00face spektrum kombin\u00e1ci\u00ed pr\u00edchut\u00ed, ktor\u00e9 v\u00e1m umo\u017enia vychutna\u0165 si dve neuverite\u013en\u00e9 chute v jednom zariaden\u00ed. Od ovocn\u00fdch favoritov po \u013eadovo chladn\u00e9 zmesi, ka\u017ed\u00fd si pr\u00edde na svoje! <strong>\u010co rob\u00ed tieto pr\u00edchute \u0161peci\u00e1lnymi? <\/strong><strong>Dvojn\u00e1sobn\u00e1 z\u00e1bava<\/strong>: Vychutnajte si dva odli\u0161n\u00e9 chute v jednom zariaden\u00ed. <strong>Chut\u00ed Hor\u00face a Najpred\u00e1vanej\u0161ie<\/strong>: Kombin\u00e1cie ako <strong>Cherry Bomb + Hroznov\u00e1 \u013eadov\u00e1<\/strong> a <strong>Red Bull + Brosky\u0148a Bobu\u013eov\u00e1<\/strong> s\u00fa ob\u013e\u00faben\u00e9 medzi fan\u00fa\u0161ikmi z dobr\u00e9ho d\u00f4vodu!<\/p>\n<p>1. Modr\u00fd Razz \u013dad + \u0160\u0165avnat\u00e1 Brosky\u0148a \u013dad<br \/>\n2. Jahoda Mel\u00f3n + Mel\u00f3nov\u00e1 \u013dad <span style=\"color: #ff0000\"><strong>&gt;&gt;&gt;&gt; Hor\u00face !<\/strong><\/span><br \/>\n3. Jahoda Ban\u00e1n + Dvojit\u00e1 Jablko<br \/>\n4. Trojzlo\u017ekov\u00e1 Bobu\u013eov\u00e1 \u013dad + Tropick\u00e9 Ovocie<br \/>\n5. Cherry Bomb + Grape Ice<span style=\"color: #ff0000\"><strong>&gt;&gt;&gt;&gt; Hor\u00face !<\/strong><\/span><br \/>\n6. Peach Mango + Strawberry Mango<br \/>\n7. Mango Lime + Cool Mint<br \/>\n8. Cherry Pop + Mr Blue<br \/>\n9. Black Dragon Ice + Strawberry Kiwi<br \/>\n10. Red Bull + Peach Berry <span style=\"color: #ff0000\"><strong>&gt;&gt;&gt;&gt; Najlep\u0161ie !<\/strong><\/span><br \/>\n11. Pink Lemon + Mr Blue<br \/>\n12. Kiwi Passion Fruit Guava + Blue Cherry Lemon<\/p>\n<p>&nbsp;<\/p>\n<h3><strong>Pre\u010do si vybra\u0165 Rmvapesale pre Bangking 35000 Puffs Puff\u00a0 <\/strong><strong>V<\/strong><strong>Ve\u013ekoobchod s vape<\/strong><strong>?<\/strong><\/h3>\n<div class=\"flex-shrink-0 flex flex-col relative items-end\">\n<div class=\"pt-0\">\n<div class=\"gizmo-bot-avatar flex h-8 w-8 items-center justify-center overflow-hidden rounded-full\">\n<p>S narastaj\u00facou konkurenciou na trhu s jednorazov\u00fdmi e-cigaretami, Rmvapesale, popredn\u00fd svetov\u00fd ve\u013ekoobchodn\u00fd dod\u00e1vate\u013e jednorazov\u00fdch vape rie\u0161en\u00ed, uviedol na trh Bangking 35000 Puffs Double Flavour Disposable Vape. Tento priekopn\u00edcky produkt p\u00fata pozornos\u0165 svoj\u00edm jedine\u010dn\u00fdm a estetick\u00fdm dizajnom. Pon\u00faka \u0161irok\u00fa \u0161k\u00e1lu ovocn\u00fdch pr\u00edchut\u00ed, ktor\u00e9 uspokoja \u0161irok\u00e9 spektrum spotrebite\u013esk\u00fdch chut\u00ed, pri\u010dom kladie d\u00f4raz na inov\u00e1cie a v\u0161estrannos\u0165.<\/p>\n<p class=\"relative p-1 rounded-sm flex items-center justify-center bg-token-main-surface-primary text-token-text-primary h-8 w-8\">Rmvapesale je v\u00e1\u0161 spo\u013eahliv\u00fd vape shop pre pr\u00e9miov\u00e9 jednorazov\u00e9 vapy. S viac ako 5 rokmi sk\u00fasenost\u00ed v\u00e1m prin\u00e1\u0161ame popul\u00e1rne zna\u010dky jednorazov\u00fdch vapov ako Al Fakher, JNR Vape, Vapsolo Vape, Vapme Vape, <a href=\"https:\/\/rmvapesale.com\/sk\/product-category\/bang-vapes\/\">Bang Vape<\/a>, Waspe Vape, WGA Vape a<a href=\"https:\/\/rmvapesale.com\/sk\/product-category\/randm-fumot-vape\/\"> RandM Vape<\/a>.N\u00e1\u0161 sortiment zah\u0155\u0148a hor\u00face predajn\u00e9 jednorazov\u00e9 vape ako napr\u00edklad <a href=\"https:\/\/rmvapesale.com\/sk\/product\/aivono-aim-flash-35000-puffs-curved-smart-screen-disposable-vape-wholesale\/\">AIVONO Flash 35000 Puffs<\/a> a vo\u013eby bohat\u00e9 na chu\u0165 ako napr\u00edklad<a href=\"https:\/\/rmvapesale.com\/sk\/product\/crystal-vape-uwin-shisha-hookah-20k-20000-puffs-wholesale-best-price\/\"> UWIN Shisha Hoohak 20000<\/a>. Ka\u017ed\u00fd produkt je vybran\u00fd so zameran\u00edm na kvalitu, hodnotu a rozmanitos\u0165, \u010do zais\u0165uje, \u017ee n\u00e1jdete perfektn\u00fa vo\u013ebu pre va\u0161e potreby. Objavte v\u00fdnimo\u010dn\u00e9 slu\u017eby a \u0161irok\u00fa \u0161k\u00e1lu \u0161pi\u010dkov\u00fdch produktov v Rmvapesale.<\/p>\n<p>&nbsp;<\/p>\n<p class=\"relative p-1 rounded-sm flex items-center justify-center bg-token-main-surface-primary text-token-text-primary h-8 w-8\"><b style=\"font-size: 1.5em;font-style: inherit\">\u010casto kladen\u00e9 ot\u00e1zky pre Bangking 35000 Puffs <\/b><b style=\"font-size: 1.5em;font-style: inherit\">Nab\u00edjate\u013en\u00e1 jednorazov\u00e1 vapka<\/b><\/p>\n<ol>\n<li><strong>M\u00f4\u017eete si vzia\u0165 jednorazov\u00e9 vaporiz\u00e9ry na lietadlo?<\/strong><br \/>\n\u00c1no! Zaba\u013ete svoj vaporiz\u00e9r do pr\u00edru\u010dnej ta\u0161ky. Len si overte pravidl\u00e1 leteckej spolo\u010dnosti.<\/li>\n<li><strong>Ako prep\u00edna\u0165 medzi pr\u00edchu\u0165ami?<\/strong><br \/>\nNa zariaden\u00ed je jednoduch\u00fd prep\u00edna\u010d\u2014oto\u010dte ho a je to, nov\u00e1 pr\u00edchu\u0165!<\/li>\n<li><strong>Ako zisti\u0165, kedy je vaporiz\u00e9r Bang King 35000 pr\u00e1zdny?<\/strong><br \/>\nV\u0161imnete si menej pary alebo chuti. Ak jedna n\u00e1pl\u0148 dojde, prepnite na druh\u00fa pr\u00edchu\u0165!<\/li>\n<li><strong>Ako nab\u00edja\u0165 Bang King 35K?<\/strong><br \/>\nPou\u017eite prilo\u017een\u00fd <strong>Type-C k\u00e1bel<\/strong> na dobitie bat\u00e9rie s kapacitou 650mAh. Je to r\u00fdchle a jednoduch\u00e9!<\/li>\n<li><strong>Kde k\u00fapi\u0165 jednorazov\u00e9 vaporiz\u00e9ry za ve\u013ekoobchodn\u00fa cenu?<\/strong><br \/>\nZ\u00edskajte svoj od miestneho obchodu alebo nav\u0161t\u00edvte Rmvapesale<strong>\u00a0online obchod s vapami<\/strong> za najlep\u0161ie ve\u013ekoobchodn\u00e9 ceny.<\/li>\n<li><strong>Ak\u00e9 \u00farovne nikot\u00ednu s\u00fa dostupn\u00e9 pre Bang King 35000 Pufov?<\/strong><br \/>\nVyberte si svoju preferovan\u00fa silu\u2014<strong>0%, 2% alebo 5%<\/strong>ke\u010f si kupujete svoje zariadenie.<\/li>\n<\/ol>\n<\/div>\n<\/div>\n<\/div>\n<h3>O doru\u010den\u00ed<\/h3>\n<div class=\"flex-shrink-0 flex flex-col relative items-end\">\n<div>\n<div class=\"pt-0\">\n<div class=\"gizmo-bot-avatar flex h-8 w-8 items-center justify-center overflow-hidden rounded-full\">\n<div><\/div>\n<div class=\"relative p-1 rounded-sm flex items-center justify-center bg-token-main-surface-primary text-token-text-primary h-8 w-8\"><strong>1. Ak\u00e9 sp\u00f4soby doru\u010denia pou\u017e\u00edvate?<\/strong><\/div>\n<\/div>\n<\/div>\n<\/div>\n<\/div>\n<div class=\"group\/conversation-turn relative flex w-full min-w-0 flex-col agent-turn\">\n<div class=\"flex-col gap-1 md:gap-3\">\n<div class=\"flex max-w-full flex-col flex-grow\">\n<div class=\"min-h-[20px] text-message flex w-full flex-col items-end gap-2 whitespace-normal break-words [.text-message+&amp;]:mt-5 overflow-x-auto\" dir=\"auto\" data-message-author-role=\"assistant\" data-message-id=\"22f8283b-3233-46ff-89a5-c7a41b33abda\">\n<div class=\"flex w-full flex-col gap-1 empty:hidden first:pt-[3px]\">\n<div class=\"markdown prose w-full break-words dark:prose-invert light\">\n<p>Spolupracujeme so spolo\u010dnos\u0165ami UPS, DHL, FedEx, DPD a \u010fal\u0161\u00edmi popredn\u00fdmi dopravcami. Vyberieme najlep\u0161\u00ed sp\u00f4sob doru\u010denia na z\u00e1klade va\u0161ej adresy, aby sme zaistili, \u017ee svoje produkty dostanete \u010do najr\u00fdchlej\u0161ie.<\/p>\n<\/div>\n<p><strong>2. Ako dlho trv\u00e1 doru\u010denie?<\/strong><\/p>\n<p>Bal\u00edky doru\u010dovan\u00e9 na Slovensko zvy\u010dajne dorazia do 10 pracovn\u00fdch dn\u00ed. Doru\u010denie do eur\u00f3pskych kraj\u00edn zvy\u010dajne trv\u00e1 asi 12-15 pracovn\u00fdch dn\u00ed. Budeme v\u00e1s informova\u0165 o stave doru\u010denia v re\u00e1lnom \u010dase.<\/p>\n<\/div>\n<\/div>\n<\/div>\n<\/div>\n<\/div>\n<p>&nbsp;<\/p>\n<p>N\u00e1jdite \u010fal\u0161ie vape produkty, ktor\u00e9 by sa v\u00e1m mohli p\u00e1\u010di\u0165:<strong><em><a href=\"https:\/\/rmvapesale.com\/sk\/shop-2\/\">nakupova\u0165 teraz &gt;&gt;&gt;<\/a><\/em><\/strong><\/p>","protected":false},"excerpt":{"rendered":"<p>Najnov\u0161\u00ed Bang King 35K Pufov Dob\u00edjate\u013en\u00fd Jednorazov\u00fd Vaporiz\u00e9r<br \/>\nBang King 35000 Dvojit\u00e9 Chu\u0165ov\u00e9 Jednorazov\u00e9 Vaporiz\u00e9ry Hromadn\u00fd N\u00e1kup<br \/>\nBang King 35000 Pufov Inteligentn\u00fd Displej Ve\u013ekoobchod Jednorazov\u00fd Vaporiz\u00e9r<\/p>\n<p><strong>Kontaktujte Amy pre spr\u00e1vnu odpove\u010f a vape kup\u00f3n!<\/strong><\/p>\n<p><img loading=\"lazy\" decoding=\"async\" class=\"size-full wp-image-2375\" src=\"https:\/\/rmvapesale.com\/wp-content\/uploads\/2024\/10\/image.png\" alt=\"Najlep\u0161\u00ed jednorazov\u00fd vape\" width=\"229\" height=\"300\" \/><\/p>\n<h3><a href=\"https:\/\/wa.me\/8617776015835\"><span style=\"color: #ff0000\"><strong>WhatsApp: +86 17776015835<\/strong><\/span><\/a><\/h3>\n<p>&nbsp;<\/p>","protected":false},"featured_media":2952,"comment_status":"open","ping_status":"closed","template":"","meta":{"_uag_custom_page_level_css":"","_lmt_disableupdate":"no","_lmt_disable":"","site-sidebar-layout":"default","site-content-layout":"content-boxed-container","ast-site-content-layout":"normal-width-container","site-content-style":"boxed","site-sidebar-style":"unboxed","ast-global-header-display":"","ast-banner-title-visibility":"","ast-main-header-display":"","ast-hfb-above-header-display":"","ast-hfb-below-header-display":"","ast-hfb-mobile-header-display":"","site-post-title":"","ast-breadcrumbs-content":"","ast-featured-img":"","footer-sml-layout":"","theme-transparent-header-meta":"default","adv-header-id-meta":"","stick-header-meta":"","header-above-stick-meta":"","header-main-stick-meta":"","header-below-stick-meta":"","astra-migrate-meta-layouts":"set","ast-page-background-enabled":"default","ast-page-background-meta":{"desktop":{"background-color":"var(--ast-global-color-4)","background-image":"","background-repeat":"repeat","background-position":"center center","background-size":"auto","background-attachment":"scroll","background-type":"","background-media":"","overlay-type":"","overlay-color":"","overlay-opacity":"","overlay-gradient":""},"tablet":{"background-color":"","background-image":"","background-repeat":"repeat","background-position":"center center","background-size":"auto","background-attachment":"scroll","background-type":"","background-media":"","overlay-type":"","overlay-color":"","overlay-opacity":"","overlay-gradient":""},"mobile":{"background-color":"","background-image":"","background-repeat":"repeat","background-position":"center center","background-size":"auto","background-attachment":"scroll","background-type":"","background-media":"","overlay-type":"","overlay-color":"","overlay-opacity":"","overlay-gradient":""}},"ast-content-background-meta":{"desktop":{"background-color":"var(--ast-global-color-5)","background-image":"","background-repeat":"repeat","background-position":"center center","background-size":"auto","background-attachment":"scroll","background-type":"","background-media":"","overlay-type":"","overlay-color":"","overlay-opacity":"","overlay-gradient":""},"tablet":{"background-color":"var(--ast-global-color-5)","background-image":"","background-repeat":"repeat","background-position":"center center","background-size":"auto","background-attachment":"scroll","background-type":"","background-media":"","overlay-type":"","overlay-color":"","overlay-opacity":"","overlay-gradient":""},"mobile":{"background-color":"var(--ast-global-color-5)","background-image":"","background-repeat":"repeat","background-position":"center center","background-size":"auto","background-attachment":"scroll","background-type":"","background-media":"","overlay-type":"","overlay-color":"","overlay-opacity":"","overlay-gradient":""}},"_joinchat":[]},"product_brand":[],"product_cat":[15,246,25,123,26,28,135,27,60,137,136,30],"product_tag":[199,270,146,222,64,40,111],"class_list":{"0":"post-2955","1":"product","2":"type-product","3":"status-publish","4":"has-post-thumbnail","6":"product_cat-new-vape-this-week","7":"product_cat-35000-puffs-disposable-vape","8":"product_cat-germany-best-selling-vape","9":"product_cat-italy-wholesale-vape","10":"product_cat-netherlands-hot-sale-vape","11":"product_cat-poland-hot-sale-vape","12":"product_cat-spain-best-hot-sale-vape","13":"product_cat-fance-hot-sale-vape","14":"product_cat-bang-vapes","15":"product_cat-rechargeable-vapes","16":"product_cat-smart-screen-vapes","17":"product_cat-minimum-order-quantity-50pcs","18":"product_tag-bang-vape","19":"product_tag-bangking-35000-puffs","20":"product_tag-best-hot-sale-vape","21":"product_tag-double-flavor-vape","22":"product_tag-dual-flavour-vape","23":"product_tag-hot-sale-vape","24":"product_tag-low-nicotine-disposable-vape","25":"desktop-align-left","26":"tablet-align-left","27":"mobile-align-left","29":"first","30":"instock","31":"sale","32":"shipping-taxable","33":"purchasable","34":"product-type-simple"},"uagb_featured_image_src":{"full":["https:\/\/rmvapesale.com\/wp-content\/uploads\/2025\/01\/Bang-Swich-Duo-Disposable-Vape-36000.webp",800,800,false],"thumbnail":["https:\/\/rmvapesale.com\/wp-content\/uploads\/2025\/01\/Bang-Swich-Duo-Disposable-Vape-36000-150x150.webp",150,150,true],"medium":["https:\/\/rmvapesale.com\/wp-content\/uploads\/2025\/01\/Bang-Swich-Duo-Disposable-Vape-36000-300x300.webp",300,300,true],"medium_large":["https:\/\/rmvapesale.com\/wp-content\/uploads\/2025\/01\/Bang-Swich-Duo-Disposable-Vape-36000-768x768.webp",768,768,true],"large":["https:\/\/rmvapesale.com\/wp-content\/uploads\/2025\/01\/Bang-Swich-Duo-Disposable-Vape-36000.webp",800,800,false],"1536x1536":["https:\/\/rmvapesale.com\/wp-content\/uploads\/2025\/01\/Bang-Swich-Duo-Disposable-Vape-36000.webp",800,800,false],"2048x2048":["https:\/\/rmvapesale.com\/wp-content\/uploads\/2025\/01\/Bang-Swich-Duo-Disposable-Vape-36000.webp",800,800,false],"trp-custom-language-flag":["https:\/\/rmvapesale.com\/wp-content\/uploads\/2025\/01\/Bang-Swich-Duo-Disposable-Vape-36000.webp",12,12,false],"woocommerce_thumbnail":["https:\/\/rmvapesale.com\/wp-content\/uploads\/2025\/01\/Bang-Swich-Duo-Disposable-Vape-36000-300x300.webp",300,300,true],"woocommerce_single":["https:\/\/rmvapesale.com\/wp-content\/uploads\/2025\/01\/Bang-Swich-Duo-Disposable-Vape-36000-600x600.webp",600,600,true],"woocommerce_gallery_thumbnail":["https:\/\/rmvapesale.com\/wp-content\/uploads\/2025\/01\/Bang-Swich-Duo-Disposable-Vape-36000-100x100.webp",100,100,true],"wcpr-photo-reviews":["https:\/\/rmvapesale.com\/wp-content\/uploads\/2025\/01\/Bang-Swich-Duo-Disposable-Vape-36000.webp",500,500,false]},"uagb_author_info":{"display_name":"AMY","author_link":"https:\/\/rmvapesale.com\/sk\/author\/"},"uagb_comment_info":0,"uagb_excerpt":"Latest Bang King 35K Puff Rechargeable Disposable Vape Bang King 35000 Dual Flavors Disposable Vape Bulk Buy Bang King 35000 Puffs Smart Screen Wholesale Disposable Contact Amy to get right reply and vape coupon! WhatsApp: +86 17776015835 &nbsp;","_links":{"self":[{"href":"https:\/\/rmvapesale.com\/sk\/wp-json\/wp\/v2\/product\/2955","targetHints":{"allow":["GET"]}}],"collection":[{"href":"https:\/\/rmvapesale.com\/sk\/wp-json\/wp\/v2\/product"}],"about":[{"href":"https:\/\/rmvapesale.com\/sk\/wp-json\/wp\/v2\/types\/product"}],"replies":[{"embeddable":true,"href":"https:\/\/rmvapesale.com\/sk\/wp-json\/wp\/v2\/comments?post=2955"}],"wp:featuredmedia":[{"embeddable":true,"href":"https:\/\/rmvapesale.com\/sk\/wp-json\/wp\/v2\/media\/2952"}],"wp:attachment":[{"href":"https:\/\/rmvapesale.com\/sk\/wp-json\/wp\/v2\/media?parent=2955"}],"wp:term":[{"taxonomy":"product_brand","embeddable":true,"href":"https:\/\/rmvapesale.com\/sk\/wp-json\/wp\/v2\/product_brand?post=2955"},{"taxonomy":"product_cat","embeddable":true,"href":"https:\/\/rmvapesale.com\/sk\/wp-json\/wp\/v2\/product_cat?post=2955"},{"taxonomy":"product_tag","embeddable":true,"href":"https:\/\/rmvapesale.com\/sk\/wp-json\/wp\/v2\/product_tag?post=2955"}],"curies":[{"name":"wp","href":"https:\/\/api.w.org\/{rel}","templated":true}]}}