{"id":2976,"date":"2025-01-22T07:46:21","date_gmt":"2025-01-22T07:46:21","guid":{"rendered":"https:\/\/rmvapesale.com\/?post_type=product&#038;p=2976"},"modified":"2025-01-22T08:11:09","modified_gmt":"2025-01-22T08:11:09","slug":"waspe-crystal-40000-puffs-double-flavor-led-display-disposable-vape-bulk-buy","status":"publish","type":"product","link":"https:\/\/rmvapesale.com\/sk\/product\/waspe-crystal-40000-puffs-double-flavor-led-display-disposable-vape-bulk-buy\/","title":{"rendered":"WASPE Crystal 40000 \u0164ahov Dvojit\u00e1 pr\u00edchu\u0165 LED displej Jednorazov\u00e1 Vape Hromadn\u00fd n\u00e1kup"},"content":{"rendered":"<div class=\"B2VR9 CJHX3e\">\n<div class=\"wyccme\">\n<div class=\"flex-shrink-0 flex flex-col relative items-end\">\n<div class=\"pt-0\">\n<div class=\"gizmo-bot-avatar flex h-8 w-8 items-center justify-center overflow-hidden rounded-full\">\n<div class=\"relative p-1 rounded-sm flex items-center justify-center bg-token-main-surface-primary text-token-text-primary h-8 w-8\">\n<div class=\"flex-shrink-0 flex flex-col relative items-end\">\n<div class=\"pt-0\">\n<div class=\"gizmo-bot-avatar flex h-8 w-8 items-center justify-center overflow-hidden rounded-full\">\n<h1 class=\"relative p-1 rounded-sm flex items-center justify-center bg-token-main-surface-primary text-token-text-primary h-8 w-8\">WASPE Crystal 40000 \u0164ahov Dvojit\u00e1 pr\u00edchu\u0165 LED displej Jednorazov\u00e1 Vape Hromadn\u00fd n\u00e1kup<\/h1>\n<\/div>\n<\/div>\n<\/div>\n<\/div>\n<\/div>\n<\/div>\n<\/div>\n<div class=\"group\/conversation-turn relative flex w-full min-w-0 flex-col agent-turn\">\n<div class=\"flex-col gap-1 md:gap-3\">\n<div class=\"flex max-w-full flex-col flex-grow\">\n<div class=\"min-h-8 text-message flex w-full flex-col items-end gap-2 whitespace-normal break-words text-start [.text-message+&amp;]:mt-5\" dir=\"auto\" data-message-author-role=\"assistant\" data-message-id=\"80ece0c4-ead1-4ed9-a9f0-ddc22582b4f4\" data-message-model-slug=\"gpt-4o\">\n<p>The <strong>WASPE Crystal 40000 potiahnut\u00ed, jednorazov\u00fd vape s du\u00e1lnou pr\u00edchu\u0165ou<\/strong> je navrhnut\u00fd pre vaperov, ktor\u00ed t\u00fa\u017eia po dlhotrvaj\u00facom v\u00fdkone s pridanou v\u00fdhodou <strong>LED displeji<\/strong> a <strong>cenovej dostupnosti pri hromadnom n\u00e1kupe<\/strong>. \u010ci u\u017e ste be\u017en\u00fd pou\u017e\u00edvate\u013e alebo firma, ktor\u00e1 h\u013ead\u00e1 ve\u013ekoobchodn\u00e9 pr\u00edle\u017eitosti, t\u00e1to <strong>\u0161pi\u010dkov\u00e1 zna\u010dka jednorazov\u00fdch vapeov<\/strong> poskytuje kvalitu, pohodlie a n\u00e1kladov\u00fa efekt\u00edvnos\u0165.<\/p>\n<p>S obrovsk\u00fdm po\u010dtom <strong>40 000 potiahnut\u00ed<\/strong>, toto zariadenie eliminuje potrebu \u010dast\u00fdch v\u00fdmen. Jedine\u010dn\u00e1 funkcia <strong>du\u00e1lnej pr\u00edchute<\/strong> umo\u017e\u0148uje pou\u017e\u00edvate\u013eom bez n\u00e1mahy prep\u00edna\u0165 medzi dvoma vzru\u0161uj\u00facimi pr\u00edchu\u0165ami, \u010do poskytuje rozmanitos\u0165 a spokojnos\u0165 pri ka\u017edom potiahnut\u00ed.<\/p>\n<p>A <strong>jasn\u00fd LED displej<\/strong> zobrazuje stav bat\u00e9rie aj hladinu e-liquidu, \u010do v\u00e1m d\u00e1va pln\u00fa kontrolu nad va\u0161im z\u00e1\u017eitkom z vapovania. <strong>nastavite\u013en\u00fd prietok vzduchu<\/strong> funkcia v\u00e1m umo\u017e\u0148uje prisp\u00f4sobi\u0165 si po\u0165ah, \u010di u\u017e uprednost\u0148ujete hladk\u00fd, vzdu\u0161n\u00fd n\u00e1dych, alebo silnej\u0161\u00ed \u0165ah.<\/p>\n<p>Obsahuje <strong>32 ml prvotriedneho e-liquidu<\/strong>, tento vape pon\u00faka dlhotrvaj\u00faci z\u00e1\u017eitok bez probl\u00e9mov s dop\u013a\u0148an\u00edm. Dostupn\u00e9 v koncentr\u00e1ci\u00e1ch nikot\u00ednu <strong>0 %, 2 % a 5 %<\/strong>, je vhodn\u00fd pre \u0161irok\u00fa \u0161k\u00e1lu vaperov, od t\u00fdch, ktor\u00ed uprednost\u0148uj\u00fa mo\u017enosti bez nikot\u00ednu, a\u017e po t\u00fdch, ktor\u00ed si u\u017e\u00edvaj\u00fa silnej\u0161\u00ed \u0165ah.<\/p>\n<p>, aby ste si prisp\u00f4sobili svoje sk\u00fasenosti presne pod\u013ea svojich predst\u00e1v. <strong>850 mAh nab\u00edjate\u013en\u00e1 bat\u00e9ria<\/strong> podporuje r\u00fdchle nab\u00edjanie cez Type-C, v\u010faka \u010domu je jednoduch\u00e9 udr\u017eiava\u0165 va\u0161e zariadenie nabit\u00e9. V\u010faka svojmu \u013eahk\u00e9mu a prenosn\u00e9mu dizajnu je dokonal\u00fdm spolo\u010dn\u00edkom pre vapovanie na cest\u00e1ch. Navy\u0161e, <strong>mo\u017enosti hromadn\u00e9ho n\u00e1kupu<\/strong> z neho robia vynikaj\u00facu vo\u013ebu pre maloobchodn\u00edkov a ve\u013ekoobchodn\u00edkov, ktor\u00ed h\u013eadaj\u00fa cenovo dostupn\u00e9 jednorazov\u00e9 vape.<\/p>\n<\/div>\n<\/div>\n<\/div>\n<\/div>\n<div class=\"flex-shrink-0 flex flex-col relative items-end\">\n<div class=\"pt-0\">\n<div class=\"gizmo-bot-avatar flex h-8 w-8 items-center justify-center overflow-hidden rounded-full\">\n<p>&nbsp;<\/p>\n<\/div>\n<\/div>\n<\/div>\n<\/div>\n<\/div>\n<p><strong>Kontaktujte Amy pre spr\u00e1vnu odpove\u010f a vape kup\u00f3n!<\/strong><\/p>\n<p><img loading=\"lazy\" decoding=\"async\" class=\"size-full wp-image-1978\" src=\"https:\/\/rmvapesale.com\/wp-content\/uploads\/2024\/09\/Disposable-Vape-Wholesale.jpg\" alt=\"Jednorazov\u00fd vape ve\u013ekoobchod\" width=\"229\" height=\"300\" \/><\/p>\n<h3><a href=\"https:\/\/wa.me\/8617776015835\" target=\"_blank\" rel=\"noopener\"><span style=\"color: #ff0000\"><strong>WhatsApp: +86 17776015835<\/strong><\/span><\/a><\/h3>\n<p>&nbsp;<\/p>\n<h3><strong style=\"font-size: 1.7em\">WASPE Crystal 40000 Puffs K\u013e\u00fa\u010dov\u00e9 vlastnosti produktu<\/strong><\/h3>\n<ol>\n<li><strong>Po\u010det \u0165ahov<\/strong>: 40000<\/li>\n<li><strong>Du\u00e1lne pr\u00edchute<\/strong>: 20000 Puffs + 20000 Puffs = 40000 Puffs<\/li>\n<li><strong>Sila Nikot\u00ednu<\/strong>: 0% \/ 2% \/ 3% \/ 5%<\/li>\n<li><strong>Predplnen\u00e1 kapacita<\/strong>: 32 ml<\/li>\n<li><strong>Kapacita bat\u00e9rie<\/strong>: 850 mAh<\/li>\n<li><strong>Nab\u00edjac\u00ed port<\/strong>: USB Type-C<\/li>\n<li><strong>Prev\u00e1dzka<\/strong>: Aktiv\u00e1cia po\u0165ahom<\/li>\n<li><strong>0.9ohm Dual Mesh Coil<\/strong><\/li>\n<li><strong>LED Displej<\/strong><\/li>\n<li><strong>Indik\u00e1tor stavu bat\u00e9rie<\/strong><\/li>\n<li><strong>Indik\u00e1tor hladiny e-liquidu<\/strong><\/li>\n<\/ol>\n<p><img loading=\"lazy\" decoding=\"async\" class=\"wp-image-2965 size-full\" src=\"https:\/\/rmvapesale.com\/wp-content\/uploads\/2025\/01\/WASPE-40000-Puffs-Crystal-Disposable-Vape.webp\" alt=\"Jednorazov\u00fd vape WASPE 40000 Puffs Crystal\" width=\"1000\" height=\"1000\" srcset=\"https:\/\/rmvapesale.com\/wp-content\/uploads\/2025\/01\/WASPE-40000-Puffs-Crystal-Disposable-Vape.webp 1000w, https:\/\/rmvapesale.com\/wp-content\/uploads\/2025\/01\/WASPE-40000-Puffs-Crystal-Disposable-Vape-300x300.webp 300w, https:\/\/rmvapesale.com\/wp-content\/uploads\/2025\/01\/WASPE-40000-Puffs-Crystal-Disposable-Vape-150x150.webp 150w, https:\/\/rmvapesale.com\/wp-content\/uploads\/2025\/01\/WASPE-40000-Puffs-Crystal-Disposable-Vape-768x768.webp 768w, https:\/\/rmvapesale.com\/wp-content\/uploads\/2025\/01\/WASPE-40000-Puffs-Crystal-Disposable-Vape-600x600.webp 600w, https:\/\/rmvapesale.com\/wp-content\/uploads\/2025\/01\/WASPE-40000-Puffs-Crystal-Disposable-Vape-100x100.webp 100w\" sizes=\"auto, (max-width: 1000px) 100vw, 1000px\" \/><\/p>\n<h3><strong style=\"font-size: 1.7em\">Najpred\u00e1vanej\u0161ia pr\u00edchu\u0165 pre WASPE Crystal 40000 Puffs<\/strong><strong style=\"font-size: 1.7em\">\u00a0Vape<\/strong><\/h3>\n<p>S jeho <strong>p\u00f4sobiv\u00fd po\u010det \u0165ahov, pokro\u010dil\u00e9 funkcie a dostupn\u00e9 ve\u013ekoobchodn\u00e9 ceny<\/strong>, vape WASPE Crystal 40000 Puffs je nevyhnutnos\u0165ou pre vaperov aj maloobchodn\u00edkov. Objednajte si e\u0161te dnes a za\u017eite vaping v tej najlep\u0161ej kvalite!<\/p>\n<p>1.Vodn\u00fd mel\u00f3n \u013ead<br \/>\n2.\u010cu\u010doriedkov\u00fd \u013ead<br \/>\n3.Zmes bobu\u013eov\u00e9ho ovocia <span style=\"color: #ff0000\"><strong>&gt;&gt;&gt;&gt; Hor\u00face !<\/strong><\/span><br \/>\n4.Hroznov\u00fd \u013ead<br \/>\n5.Jahoda ban\u00e1n<br \/>\n6.Brosky\u0148ov\u00fd \u013ead<br \/>\n7.Jahoda malina \u010dere\u0161\u0148a <span style=\"color: #ff0000\"><strong>&gt;&gt;&gt;&gt; Najlep\u0161ie !<\/strong><\/span><br \/>\n8.\u010cu\u010doriedka malina<br \/>\n9.Jahoda kivi<br \/>\n10.\u010cu\u010doriedkov\u00fd cukr\u00edk<br \/>\n11.Jahoda Red Bull <span style=\"color: #ff0000\"><strong>&gt;&gt;&gt;&gt; Hor\u00face !<\/strong><\/span><br \/>\n12.Red Bull \u013ead<\/p>\n<p>&nbsp;<\/p>\n<h3><strong>Pre\u010do si vybra\u0165 Rmvapesale pre WASPE Crystal 40000 Puffs <\/strong><strong>V<\/strong><strong>Ve\u013ekoobchod s vape<\/strong><strong>?<\/strong><\/h3>\n<div class=\"flex-shrink-0 flex flex-col relative items-end\">\n<div class=\"pt-0\">\n<div class=\"gizmo-bot-avatar flex h-8 w-8 items-center justify-center overflow-hidden rounded-full\">\n<p>S narastaj\u00facou konkurenciou na trhu s jednorazov\u00fdmi e-cigaretami, Rmvapesale, popredn\u00fd svetov\u00fd ve\u013ekoobchodn\u00fd dod\u00e1vate\u013e jednorazov\u00fdch vape rie\u0161en\u00ed, uviedol na trh Bangking 35000 Puffs Double Flavour Disposable Vape. Tento priekopn\u00edcky produkt p\u00fata pozornos\u0165 svoj\u00edm jedine\u010dn\u00fdm a estetick\u00fdm dizajnom. Pon\u00faka \u0161irok\u00fa \u0161k\u00e1lu ovocn\u00fdch pr\u00edchut\u00ed, ktor\u00e9 uspokoja \u0161irok\u00e9 spektrum spotrebite\u013esk\u00fdch chut\u00ed, pri\u010dom kladie d\u00f4raz na inov\u00e1cie a v\u0161estrannos\u0165.<\/p>\n<p class=\"relative p-1 rounded-sm flex items-center justify-center bg-token-main-surface-primary text-token-text-primary h-8 w-8\">Rmvapesale je v\u00e1\u0161 spo\u013eahliv\u00fd vape shop pre pr\u00e9miov\u00e9 jednorazov\u00e9 vapy. S viac ako 5 rokmi sk\u00fasenost\u00ed v\u00e1m prin\u00e1\u0161ame popul\u00e1rne zna\u010dky jednorazov\u00fdch vapov ako Al Fakher, JNR Vape, Vapsolo Vape, Vapme Vape, <a href=\"https:\/\/rmvapesale.com\/sk\/product-category\/bang-vapes\/\">Bang Vape<\/a>, Waspe Vape, WGA Vape a<a href=\"https:\/\/rmvapesale.com\/sk\/product-category\/randm-fumot-vape\/\"> RandM Vape<\/a>.N\u00e1\u0161 sortiment zah\u0155\u0148a hor\u00face predajn\u00e9 jednorazov\u00e9 vape ako napr\u00edklad <a href=\"https:\/\/rmvapesale.com\/sk\/product\/aivono-aim-flash-35000-puffs-curved-smart-screen-disposable-vape-wholesale\/\">AIVONO Flash 35000 Puffs<\/a> a vo\u013eby bohat\u00e9 na chu\u0165 ako napr\u00edklad<a href=\"https:\/\/rmvapesale.com\/sk\/product\/crystal-vape-uwin-shisha-hookah-20k-20000-puffs-wholesale-best-price\/\"> UWIN Shisha Hoohak 20000<\/a>. Ka\u017ed\u00fd produkt je vybran\u00fd so zameran\u00edm na kvalitu, hodnotu a rozmanitos\u0165, \u010do zais\u0165uje, \u017ee n\u00e1jdete perfektn\u00fa vo\u013ebu pre va\u0161e potreby. Objavte v\u00fdnimo\u010dn\u00e9 slu\u017eby a \u0161irok\u00fa \u0161k\u00e1lu \u0161pi\u010dkov\u00fdch produktov v Rmvapesale.<\/p>\n<p>&nbsp;<\/p>\n<p class=\"relative p-1 rounded-sm flex items-center justify-center bg-token-main-surface-primary text-token-text-primary h-8 w-8\"><b style=\"font-size: 1.5em;font-style: inherit\">\u010cast\u00e9 ot\u00e1zky pre WASPE Crystal 40000 Puffs <\/b><b style=\"font-size: 1.5em;font-style: inherit\">Nab\u00edjate\u013en\u00e1 jednorazov\u00e1 vapka<\/b><\/p>\n<ol>\n<li><strong>Kde si m\u00f4\u017eem k\u00fapi\u0165 WASPE Crystal 40000 Puffs vo ve\u013ekom?<\/strong>\n<ul>\n<li>Hromadn\u00e9 objedn\u00e1vky si m\u00f4\u017eete zak\u00fapi\u0165 na <a href=\"https:\/\/rmvapesale.com\/sk\/\" target=\"_new\" rel=\"noopener\">Rmvapesale<\/a> za konkurencieschopn\u00e9 ve\u013ekoobchodn\u00e9 ceny.<\/li>\n<\/ul>\n<\/li>\n<li><strong>\u010co zobrazuje LED displej?<\/strong>\n<ul>\n<li>Displej poskytuje aktualiz\u00e1cie v re\u00e1lnom \u010dase o percent\u00e1ch bat\u00e9rie a hladin\u00e1ch e-liquidu.<\/li>\n<\/ul>\n<\/li>\n<li><strong>M\u00f4\u017eem na tomto vape nastavi\u0165 prietok vzduchu?<\/strong>\n<ul>\n<li>\u00c1no, nastavite\u013en\u00e1 funkcia pr\u00fadenia vzduchu v\u00e1m umo\u017e\u0148uje prisp\u00f4sobi\u0165 si z\u00e1\u017eitok z vapovania.<\/li>\n<\/ul>\n<\/li>\n<li><strong>Ako dlho vydr\u017e\u00ed 850mAh bat\u00e9ria?<\/strong>\n<ul>\n<li>Pon\u00faka dlh\u0161ie pou\u017e\u00edvanie a m\u00f4\u017ee sa opakovane nab\u00edja\u0165 pre nepretr\u017eit\u00fd p\u00f4\u017eitok.<\/li>\n<\/ul>\n<\/li>\n<li><strong>Je WASPE Crystal vhodn\u00fd na vapovanie bez nikot\u00ednu?<\/strong>\n<ul>\n<li>\u00c1no, 0% mo\u017enos\u0165 nikot\u00ednu je ide\u00e1lna pre pou\u017e\u00edvate\u013eov, ktor\u00ed h\u013eadaj\u00fa z\u00e1\u017eitok bez nikot\u00ednu.<\/li>\n<\/ul>\n<\/li>\n<\/ol>\n<\/div>\n<\/div>\n<\/div>\n<h2>Ako objedna\u0165?<\/h2>\n<div class=\"flex-shrink-0 flex flex-col relative items-end\">\n<div class=\"pt-0\">\n<div class=\"gizmo-bot-avatar flex h-8 w-8 items-center justify-center overflow-hidden rounded-full\">\n<div>\n<p><strong>1. Ak\u00e9 platobn\u00e9 met\u00f3dy akceptujete?<\/strong><br \/>\n<span class=\"selectable-text copyable-text false\">Na platbu pon\u00fakame bankov\u00fd prevod a Western Union. V\u00e4\u010d\u0161ina na\u0161ich z\u00e1kazn\u00edkov zo Slovenska si vyber\u00e1 bankov\u00fd prevod, m\u00e1me lok\u00e1lny bankov\u00fd \u00fa\u010det, na ktor\u00fd m\u00f4\u017eete plati\u0165 na n\u00e1\u0161 IBAN \u00fa\u010det bez poplatkov za spracovanie. <\/span>.<\/p>\n<p><strong>2. Ako m\u00f4\u017eem sledova\u0165 svoju objedn\u00e1vku?<\/strong><br \/>\nPo odoslan\u00ed bal\u00edka, <span class=\"selectable-text copyable-text false\">poskytneme sledovacie \u010d\u00edslo pre referenciu, budeme tie\u017e neust\u00e1le aktualizova\u0165 stav, k\u00fdm nedostanete tovar<\/span>.<\/p>\n<p><strong>3. Ako dlho trv\u00e1 doru\u010denie?<\/strong><\/p>\n<ul>\n<li>Doprava zo <strong>skladov v \u010c\u00edne<\/strong> trv\u00e1 pribli\u017ene <strong>7-14 pracovn\u00fdch dn\u00ed<\/strong>.<\/li>\n<li>Doprava zo <strong>Eur\u00f3pske sklady<\/strong> zvy\u010dajne trv\u00e1 <strong>3-6 pracovn\u00fdch dn\u00ed<\/strong>.<\/li>\n<\/ul>\n<p><strong>4. Ako m\u00f4\u017eem z\u00edska\u0165 r\u00fdchlej\u0161ie doru\u010denie?<\/strong><br \/>\nPre r\u00fdchlej\u0161ie doru\u010denie odpor\u00fa\u010dame objedna\u0165 z n\u00e1\u0161ho <strong>eur\u00f3pskeho skladu<\/strong>, ktor\u00fd pon\u00faka r\u00fdchlej\u0161ie dodacie lehoty.<\/p>\n<p><strong>5. \u010co ak dostanem po\u0161koden\u00fd alebo chybn\u00fd produkt?<\/strong><br \/>\nAk je va\u0161a polo\u017eka po\u0161koden\u00e1 alebo chybn\u00e1, kontaktujte z\u00e1kazn\u00edcky servis pre <strong>v\u00fdmenu alebo vr\u00e1tenie pe\u0148az\u00ed<\/strong>.<\/p>\n<p><strong>6. Ako m\u00f4\u017eem kontaktova\u0165 z\u00e1kazn\u00edcky servis?<\/strong><br \/>\nM\u00f4\u017eete n\u00e1s kontaktova\u0165 cez<strong>\u00a0WhatsApp, alebo live chat<\/strong> na na\u0161ej webovej str\u00e1nke, ak potrebujete ak\u00fako\u013evek pomoc.<\/p>\n<\/div>\n<div class=\"relative p-1 rounded-sm flex items-center justify-center bg-token-main-surface-primary text-token-text-primary h-8 w-8\"><strong>7. Ak\u00e9 sp\u00f4soby dopravy sa pou\u017e\u00edvaj\u00fa?<\/strong><\/div>\n<\/div>\n<\/div>\n<\/div>\n<div class=\"group\/conversation-turn relative flex w-full min-w-0 flex-col agent-turn\">\n<div class=\"flex-col gap-1 md:gap-3\">\n<div class=\"flex max-w-full flex-col flex-grow\">\n<div class=\"min-h-[20px] text-message flex w-full flex-col items-end gap-2 whitespace-normal break-words [.text-message+&amp;]:mt-5 overflow-x-auto\" dir=\"auto\" data-message-author-role=\"assistant\" data-message-id=\"22f8283b-3233-46ff-89a5-c7a41b33abda\">\n<div class=\"flex w-full flex-col gap-1 empty:hidden first:pt-[3px]\">\n<div class=\"markdown prose w-full break-words dark:prose-invert light\">\n<p>Spolupracujeme so spolo\u010dnos\u0165ami UPS, DHL, FedEx, DPD a \u010fal\u0161\u00edmi popredn\u00fdmi dopravcami. Vyberieme najlep\u0161\u00ed sp\u00f4sob doru\u010denia na z\u00e1klade va\u0161ej adresy, aby sme zaistili, \u017ee svoje produkty dostanete \u010do najr\u00fdchlej\u0161ie.<\/p>\n<\/div>\n<\/div>\n<\/div>\n<\/div>\n<\/div>\n<\/div>\n<p>N\u00e1jdite \u010fal\u0161ie vape produkty, ktor\u00e9 by sa v\u00e1m mohli p\u00e1\u010di\u0165:<strong><em><a href=\"https:\/\/rmvapesale.com\/sk\/shop-2\/\">nakupova\u0165 teraz &gt;&gt;&gt;<\/a><\/em><\/strong><\/p>","protected":false},"excerpt":{"rendered":"<p>WASPE Crystal 40k potiahnut\u00ed, du\u00e1lna pr\u00edchu\u0165, dob\u00edjate\u013en\u00fd jednorazov\u00fd vape<br \/>\nWASPE Crystal 40000 potiahnut\u00ed, jednorazov\u00fd vape s du\u00e1lnou pr\u00edchu\u0165ou pre ve\u013ekoobchodn\u00fd n\u00e1kup<br \/>\nWASPE Crystal 40000 potiahnut\u00ed, 2 v 1 pr\u00edchu\u0165, inteligentn\u00e1 obrazovka, jednorazov\u00fd vape pre ve\u013ekoobchod<\/p>\n<p><strong>Kontaktujte Amy pre spr\u00e1vnu odpove\u010f a vape kup\u00f3n!<\/strong><\/p>\n<p><img loading=\"lazy\" decoding=\"async\" class=\"size-full wp-image-2375\" src=\"https:\/\/rmvapesale.com\/wp-content\/uploads\/2024\/10\/image.png\" alt=\"Najlep\u0161\u00ed jednorazov\u00fd vape\" width=\"229\" height=\"300\" \/><\/p>\n<h3><a href=\"https:\/\/wa.me\/8617776015835\"><span style=\"color: #ff0000\"><strong>WhatsApp: +86 17776015835<\/strong><\/span><\/a><\/h3>\n<p>&nbsp;<\/p>","protected":false},"featured_media":2975,"comment_status":"open","ping_status":"closed","template":"","meta":{"_uag_custom_page_level_css":"","_lmt_disableupdate":"no","_lmt_disable":"","site-sidebar-layout":"default","site-content-layout":"content-boxed-container","ast-site-content-layout":"normal-width-container","site-content-style":"boxed","site-sidebar-style":"unboxed","ast-global-header-display":"","ast-banner-title-visibility":"","ast-main-header-display":"","ast-hfb-above-header-display":"","ast-hfb-below-header-display":"","ast-hfb-mobile-header-display":"","site-post-title":"","ast-breadcrumbs-content":"","ast-featured-img":"","footer-sml-layout":"","theme-transparent-header-meta":"default","adv-header-id-meta":"","stick-header-meta":"","header-above-stick-meta":"","header-main-stick-meta":"","header-below-stick-meta":"","astra-migrate-meta-layouts":"set","ast-page-background-enabled":"default","ast-page-background-meta":{"desktop":{"background-color":"var(--ast-global-color-4)","background-image":"","background-repeat":"repeat","background-position":"center center","background-size":"auto","background-attachment":"scroll","background-type":"","background-media":"","overlay-type":"","overlay-color":"","overlay-opacity":"","overlay-gradient":""},"tablet":{"background-color":"","background-image":"","background-repeat":"repeat","background-position":"center center","background-size":"auto","background-attachment":"scroll","background-type":"","background-media":"","overlay-type":"","overlay-color":"","overlay-opacity":"","overlay-gradient":""},"mobile":{"background-color":"","background-image":"","background-repeat":"repeat","background-position":"center center","background-size":"auto","background-attachment":"scroll","background-type":"","background-media":"","overlay-type":"","overlay-color":"","overlay-opacity":"","overlay-gradient":""}},"ast-content-background-meta":{"desktop":{"background-color":"var(--ast-global-color-5)","background-image":"","background-repeat":"repeat","background-position":"center center","background-size":"auto","background-attachment":"scroll","background-type":"","background-media":"","overlay-type":"","overlay-color":"","overlay-opacity":"","overlay-gradient":""},"tablet":{"background-color":"var(--ast-global-color-5)","background-image":"","background-repeat":"repeat","background-position":"center center","background-size":"auto","background-attachment":"scroll","background-type":"","background-media":"","overlay-type":"","overlay-color":"","overlay-opacity":"","overlay-gradient":""},"mobile":{"background-color":"var(--ast-global-color-5)","background-image":"","background-repeat":"repeat","background-position":"center center","background-size":"auto","background-attachment":"scroll","background-type":"","background-media":"","overlay-type":"","overlay-color":"","overlay-opacity":"","overlay-gradient":""}},"_joinchat":[]},"product_brand":[],"product_cat":[15,289,290,291,292,298,293,295,299,274,258,25,123,26,28,135,27,137,136,30],"product_tag":[146,124,222,64,40,111,300,221],"class_list":{"0":"post-2976","1":"product","2":"type-product","3":"status-publish","4":"has-post-thumbnail","6":"product_cat-new-vape-this-week","7":"product_cat-big-puffs-disposable-vapes","8":"product_cat-crystal-disposable-vapes","9":"product_cat-dual-mesh-disposable-vapes","10":"product_cat-digital-disposable-vapes","11":"product_cat-double-flavor-disposable-vapes","12":"product_cat-low-nicotine-disposable-vapes","13":"product_cat-rechargeable-disposable-vapes","14":"product_cat-smart-screen-disposable-vapes","15":"product_cat-waspe-fihp-vape","16":"product_cat-40000-puff-disposable-vape","17":"product_cat-germany-best-selling-vape","18":"product_cat-italy-wholesale-vape","19":"product_cat-netherlands-hot-sale-vape","20":"product_cat-poland-hot-sale-vape","21":"product_cat-spain-best-hot-sale-vape","22":"product_cat-fance-hot-sale-vape","23":"product_cat-rechargeable-vapes","24":"product_cat-smart-screen-vapes","25":"product_cat-minimum-order-quantity-50pcs","26":"product_tag-best-hot-sale-vape","27":"product_tag-crystal-vape","28":"product_tag-double-flavor-vape","29":"product_tag-dual-flavour-vape","30":"product_tag-hot-sale-vape","31":"product_tag-low-nicotine-disposable-vape","32":"product_tag-waspe-crystal-40000","33":"product_tag-waspe-vape","34":"desktop-align-left","35":"tablet-align-left","36":"mobile-align-left","38":"first","39":"instock","40":"sale","41":"shipping-taxable","42":"purchasable","43":"product-type-simple"},"uagb_featured_image_src":{"full":["https:\/\/rmvapesale.com\/wp-content\/uploads\/2025\/01\/WASPE-40000-Puffs-Crystal-Disposable-Vape-Wholesale.webp",1000,1000,false],"thumbnail":["https:\/\/rmvapesale.com\/wp-content\/uploads\/2025\/01\/WASPE-40000-Puffs-Crystal-Disposable-Vape-Wholesale-150x150.webp",150,150,true],"medium":["https:\/\/rmvapesale.com\/wp-content\/uploads\/2025\/01\/WASPE-40000-Puffs-Crystal-Disposable-Vape-Wholesale-300x300.webp",300,300,true],"medium_large":["https:\/\/rmvapesale.com\/wp-content\/uploads\/2025\/01\/WASPE-40000-Puffs-Crystal-Disposable-Vape-Wholesale-768x768.webp",768,768,true],"large":["https:\/\/rmvapesale.com\/wp-content\/uploads\/2025\/01\/WASPE-40000-Puffs-Crystal-Disposable-Vape-Wholesale.webp",1000,1000,false],"1536x1536":["https:\/\/rmvapesale.com\/wp-content\/uploads\/2025\/01\/WASPE-40000-Puffs-Crystal-Disposable-Vape-Wholesale.webp",1000,1000,false],"2048x2048":["https:\/\/rmvapesale.com\/wp-content\/uploads\/2025\/01\/WASPE-40000-Puffs-Crystal-Disposable-Vape-Wholesale.webp",1000,1000,false],"trp-custom-language-flag":["https:\/\/rmvapesale.com\/wp-content\/uploads\/2025\/01\/WASPE-40000-Puffs-Crystal-Disposable-Vape-Wholesale.webp",12,12,false],"woocommerce_thumbnail":["https:\/\/rmvapesale.com\/wp-content\/uploads\/2025\/01\/WASPE-40000-Puffs-Crystal-Disposable-Vape-Wholesale-300x300.webp",300,300,true],"woocommerce_single":["https:\/\/rmvapesale.com\/wp-content\/uploads\/2025\/01\/WASPE-40000-Puffs-Crystal-Disposable-Vape-Wholesale-600x600.webp",600,600,true],"woocommerce_gallery_thumbnail":["https:\/\/rmvapesale.com\/wp-content\/uploads\/2025\/01\/WASPE-40000-Puffs-Crystal-Disposable-Vape-Wholesale-100x100.webp",100,100,true],"wcpr-photo-reviews":["https:\/\/rmvapesale.com\/wp-content\/uploads\/2025\/01\/WASPE-40000-Puffs-Crystal-Disposable-Vape-Wholesale.webp",500,500,false]},"uagb_author_info":{"display_name":"AMY","author_link":"https:\/\/rmvapesale.com\/sk\/author\/"},"uagb_comment_info":0,"uagb_excerpt":"WASPE Crystal 40k Puff Twins Flavor Rechargeable Disposable Vape WASPE Crystal 40000 Puffs Dual Flavors Disposable Vape Bulk Buy WASPE Crystal 40000 Puffs 2 in 1 Flavor Smart Screen Wholesale Disposable Contact Amy to get right reply and vape coupon! WhatsApp: +86 17776015835 &nbsp;","_links":{"self":[{"href":"https:\/\/rmvapesale.com\/sk\/wp-json\/wp\/v2\/product\/2976","targetHints":{"allow":["GET"]}}],"collection":[{"href":"https:\/\/rmvapesale.com\/sk\/wp-json\/wp\/v2\/product"}],"about":[{"href":"https:\/\/rmvapesale.com\/sk\/wp-json\/wp\/v2\/types\/product"}],"replies":[{"embeddable":true,"href":"https:\/\/rmvapesale.com\/sk\/wp-json\/wp\/v2\/comments?post=2976"}],"wp:featuredmedia":[{"embeddable":true,"href":"https:\/\/rmvapesale.com\/sk\/wp-json\/wp\/v2\/media\/2975"}],"wp:attachment":[{"href":"https:\/\/rmvapesale.com\/sk\/wp-json\/wp\/v2\/media?parent=2976"}],"wp:term":[{"taxonomy":"product_brand","embeddable":true,"href":"https:\/\/rmvapesale.com\/sk\/wp-json\/wp\/v2\/product_brand?post=2976"},{"taxonomy":"product_cat","embeddable":true,"href":"https:\/\/rmvapesale.com\/sk\/wp-json\/wp\/v2\/product_cat?post=2976"},{"taxonomy":"product_tag","embeddable":true,"href":"https:\/\/rmvapesale.com\/sk\/wp-json\/wp\/v2\/product_tag?post=2976"}],"curies":[{"name":"wp","href":"https:\/\/api.w.org\/{rel}","templated":true}]}}