{"id":3013,"date":"2025-01-29T07:27:53","date_gmt":"2025-01-29T07:27:53","guid":{"rendered":"https:\/\/rmvapesale.com\/?post_type=product&#038;p=3013"},"modified":"2025-01-23T07:39:23","modified_gmt":"2025-01-23T07:39:23","slug":"bood-vape-30000-puff-bar-disposable-vape-wholesale-vape-pen-at-a-cheap-price","status":"publish","type":"product","link":"https:\/\/rmvapesale.com\/sk\/product\/bood-vape-30000-puff-bar-disposable-vape-wholesale-vape-pen-at-a-cheap-price\/","title":{"rendered":"Bood Vape 30000 \u0164ahov Bar Jednorazov\u00e1 Vape Ve\u013ekoobchod Vape Pen za n\u00edzku cenu"},"content":{"rendered":"<div class=\"B2VR9 CJHX3e\">\n<div class=\"wyccme\">\n<div class=\"flex-shrink-0 flex flex-col relative items-end\">\n<div class=\"pt-0\">\n<div class=\"gizmo-bot-avatar flex h-8 w-8 items-center justify-center overflow-hidden rounded-full\">\n<div class=\"relative p-1 rounded-sm flex items-center justify-center bg-token-main-surface-primary text-token-text-primary h-8 w-8\">\n<div class=\"flex-shrink-0 flex flex-col relative items-end\">\n<div class=\"pt-0\">\n<div class=\"gizmo-bot-avatar flex h-8 w-8 items-center justify-center overflow-hidden rounded-full\">\n<div class=\"flex-shrink-0 flex flex-col relative items-end\">\n<div class=\"pt-0\">\n<div class=\"gizmo-bot-avatar flex h-8 w-8 items-center justify-center overflow-hidden rounded-full\">\n<h1 class=\"relative p-1 rounded-sm flex items-center justify-center bg-token-main-surface-primary text-token-text-primary h-8 w-8\">Bood Vape 30000 \u0164ahov Bar Jednorazov\u00e1 Vape Ve\u013ekoobchod Vape Pen za n\u00edzku cenu<\/h1>\n<\/div>\n<\/div>\n<\/div>\n<\/div>\n<\/div>\n<\/div>\n<\/div>\n<\/div>\n<\/div>\n<\/div>\n<div class=\"group\/conversation-turn relative flex w-full min-w-0 flex-col agent-turn\">\n<div class=\"flex-col gap-1 md:gap-3\">\n<div class=\"flex max-w-full flex-col flex-grow\">\n<div class=\"min-h-8 text-message flex w-full flex-col items-end gap-2 whitespace-normal break-words text-start [.text-message+&amp;]:mt-5\" dir=\"auto\" data-message-author-role=\"assistant\" data-message-id=\"80ece0c4-ead1-4ed9-a9f0-ddc22582b4f4\" data-message-model-slug=\"gpt-4o\">\n<p>The <strong>Bood Vape 30000 jednorazov\u00e1 elektronick\u00e1 cigareta<\/strong> je ur\u010den\u00e1 pre vaperov, ktor\u00ed vy\u017eaduj\u00fa <strong>dlhotrvaj\u00faci v\u00fdkon, nastavite\u013en\u00fd prietok vzduchu a technol\u00f3giu inteligentn\u00e9ho displeja<\/strong>, a to v\u0161etko za <strong>dostupn\u00fa ve\u013ekoobchodn\u00fa cenu<\/strong>. S p\u00f4sobivou kapacitou <strong>30 000 \u0165ahov<\/strong>, je t\u00e1to nab\u00edjate\u013en\u00e1 vapovacia e-cigareta ide\u00e1lna pre t\u00fdch, ktor\u00ed h\u013eadaj\u00fa pohodlie bez obetovania kvality.<\/p>\n<p>Naplnen\u00fd s <strong>20 ml vopred naplnen\u00e9ho e-liquidu<\/strong>, Bood Vape zais\u0165uje dlh\u0161ie vapovacie sedenia bez potreby neust\u00e1leho dop\u013a\u0148ania. Jeho <strong>technol\u00f3giou du\u00e1lnej sie\u0165ovej cievky<\/strong> poskytuje hladk\u00fa a chutn\u00fa paru s ka\u017ed\u00fdm potiahnut\u00edm, zatia\u013e \u010do <strong>odpor cievky 1,0\u03a9<\/strong> optimalizuje produkciu pary aj chu\u0165.<\/p>\n<p>The <strong>nastavite\u013en\u00e1 kontrola prietoku vzduchu<\/strong> umo\u017e\u0148uje prisp\u00f4sobi\u0165 si z\u00e1\u017eitok \u2013 \u010di u\u017e preferujete tesn\u00e9, intenz\u00edvne potiahnutie alebo uvo\u013enenej\u0161ie, vzdu\u0161nej\u0161ie. Navy\u0161e, <strong>inteligentn\u00fd displej<\/strong> obrazovka poskytuje aktu\u00e1lne inform\u00e1cie o po\u010dte po\u0165ahov a v\u00fddr\u017ei bat\u00e9rie, tak\u017ee budete ma\u0165 preh\u013ead po\u010das cel\u00e9ho vapovania.<\/p>\n<p>Poh\u00e1\u0148an\u00fd a <strong>nab\u00edjate\u013en\u00e1 650mAh bat\u00e9ria<\/strong>, zariadenie je vybaven\u00e9 <strong>port pre r\u00fdchle nab\u00edjanie typu C<\/strong>, \u010do zaru\u010duje r\u00fdchle a efekt\u00edvne nabitie, ke\u010f je to potrebn\u00e9. S <strong>tromi mo\u017enos\u0165ami sily nikot\u00ednu (0%, 2% a 5%)<\/strong>, tento <strong>jednorazov\u00fd vape s n\u00edzkym obsahom nikot\u00ednu<\/strong> uspokoj\u00ed v\u0161etky preferencie, od beznikot\u00ednov\u00fdch a\u017e po siln\u00fd a uspokojiv\u00fd z\u00e1\u017eitok.<\/p>\n<p>Ide\u00e1lne pre maloobchodn\u00edkov a distrib\u00fatorov, <strong>Bood Vape 30000 Puff Bar<\/strong> je k dispoz\u00edcii za bezkonkuren\u010dn\u00fa <strong>ve\u013ekoobchodn\u00fa cenu jednorazov\u00fdch elektronick\u00fdch cigariet<\/strong>, \u010do z neho rob\u00ed vynikaj\u00facu mo\u017enos\u0165 hromadn\u00e9ho n\u00e1kupu. Vyberte si z <strong>10 vzru\u0161uj\u00facich pr\u00edchut\u00ed<\/strong>, ktor\u00e9 pon\u00fakaj\u00fa nie\u010do pre ka\u017ed\u00e9ho.<\/p>\n<\/div>\n<\/div>\n<\/div>\n<\/div>\n<div class=\"flex-shrink-0 flex flex-col relative items-end\">\n<div class=\"pt-0\">\n<div class=\"gizmo-bot-avatar flex h-8 w-8 items-center justify-center overflow-hidden rounded-full\">\n<p>&nbsp;<\/p>\n<\/div>\n<\/div>\n<\/div>\n<\/div>\n<\/div>\n<p><strong>Kontaktujte Amy pre spr\u00e1vnu odpove\u010f a vape kup\u00f3n!<\/strong><\/p>\n<p><img loading=\"lazy\" decoding=\"async\" class=\"size-full wp-image-1978\" src=\"https:\/\/rmvapesale.com\/wp-content\/uploads\/2024\/09\/Disposable-Vape-Wholesale.jpg\" alt=\"Jednorazov\u00fd vape ve\u013ekoobchod\" width=\"229\" height=\"300\" \/><\/p>\n<h3><a href=\"https:\/\/wa.me\/8617776015835\" target=\"_blank\" rel=\"noopener\"><span style=\"color: #ff0000\"><strong>WhatsApp: +86 17776015835<\/strong><\/span><\/a><\/h3>\n<h3><\/h3>\n<h3><strong style=\"font-size: 1.7em\">Bood Vape 30000 Puffs K\u013e\u00fa\u010dov\u00e9 vlastnosti produktu<\/strong><\/h3>\n<ul>\n<li><strong>Obrovsk\u00fd po\u010det po\u0165ahov:<\/strong> Vychutnajte si a\u017e 30 000 po\u0165ahov pre dlhotrvaj\u00face uspokojenie.<\/li>\n<li><strong>20 ml vopred naplnenej tekutiny:<\/strong> Zabezpe\u010duje dlh\u0161\u00ed z\u00e1\u017eitok z vapovania bez dop\u013a\u0148ania.<\/li>\n<li><strong>Nab\u00edjate\u013en\u00e1 650 mAh bat\u00e9ria:<\/strong> Konzistentn\u00fd v\u00fdkon s r\u00fdchlym nab\u00edjan\u00edm Type-C.<\/li>\n<li><strong>Nastavite\u013en\u00fd prietok vzduchu:<\/strong> Prisp\u00f4sobte si svoj \u0161t\u00fdl vapovania pomocou presn\u00e9ho ovl\u00e1dania prietoku vzduchu.<\/li>\n<li><strong>Inteligentn\u00e1 obrazovka:<\/strong> Sledujte po\u010det potiahnut\u00ed a \u017eivotnos\u0165 bat\u00e9rie v re\u00e1lnom \u010dase.<\/li>\n<\/ul>\n<figure id=\"attachment_2978\" aria-describedby=\"caption-attachment-2978\" style=\"width: 1000px\" class=\"wp-caption alignnone\"><img loading=\"lazy\" decoding=\"async\" class=\"wp-image-2978 size-full\" src=\"https:\/\/rmvapesale.com\/wp-content\/uploads\/2025\/01\/BOOD-Infinity-30k-Vape-Price.webp\" alt=\"Cena Vapky BOOD Infinity 30k\" width=\"1000\" height=\"1000\" srcset=\"https:\/\/rmvapesale.com\/wp-content\/uploads\/2025\/01\/BOOD-Infinity-30k-Vape-Price.webp 1000w, https:\/\/rmvapesale.com\/wp-content\/uploads\/2025\/01\/BOOD-Infinity-30k-Vape-Price-300x300.webp 300w, https:\/\/rmvapesale.com\/wp-content\/uploads\/2025\/01\/BOOD-Infinity-30k-Vape-Price-150x150.webp 150w, https:\/\/rmvapesale.com\/wp-content\/uploads\/2025\/01\/BOOD-Infinity-30k-Vape-Price-768x768.webp 768w, https:\/\/rmvapesale.com\/wp-content\/uploads\/2025\/01\/BOOD-Infinity-30k-Vape-Price-600x600.webp 600w, https:\/\/rmvapesale.com\/wp-content\/uploads\/2025\/01\/BOOD-Infinity-30k-Vape-Price-100x100.webp 100w\" sizes=\"auto, (max-width: 1000px) 100vw, 1000px\" \/><figcaption id=\"caption-attachment-2978\" class=\"wp-caption-text\">Cena Vapky BOOD Infinity 30k<\/figcaption><\/figure>\n<h3><strong style=\"font-size: 1.7em\">Najlep\u0161\u00ed predajn\u00fd ochuten\u00fd variant pre Bood Vape 30000 potiahnut\u00ed<\/strong><strong style=\"font-size: 1.7em\"> Vape<\/strong><\/h3>\n<p>The <strong>Bood Vape 30000 jednorazov\u00e1 elektronick\u00e1 cigareta<\/strong> sp\u00e1ja p\u00f4sobiv\u00fd v\u00fdkon, inteligentn\u00e9 funkcie a cenov\u00fa dostupnos\u0165, \u010do z neho rob\u00ed jeden z <strong>najob\u013e\u00fabenej\u0161\u00edch jednorazov\u00fdch vaporiz\u00e9rov<\/strong> na trhu. Objednajte si e\u0161te dnes a za\u017eite vapovanie v tej najlep\u0161ej kvalite!<\/p>\n<p>1 JAHODA A VODN\u00dd MEL\u00d3N <span style=\"color: #ff0000\"><strong>&gt;&gt;&gt;&gt; Hor\u00face !<\/strong><\/span><br \/>\n2 BROSKY\u0147A, MANGO A ANAN\u00c1S<br \/>\n3 \u013dADOV\u00c1 SVIE\u017dOS\u0164<br \/>\n4 BOBULOV\u00c9 EXPLOZIE <span style=\"color: #ff0000\"><strong>&gt;&gt;&gt;&gt; Hor\u00face !<\/strong><\/span><br \/>\n5 JAHODA KIWI<br \/>\n6 HAVAJ<br \/>\n7 MODR\u00c1 MALINA S \u013dADOM <span style=\"color: #ff0000\"><strong>&gt;&gt;&gt;&gt; Najlep\u0161ie !<\/strong><\/span><br \/>\n8 \u010cU\u010cORIEDKOV\u00c1 LIMON\u00c1DA<br \/>\n9 \u010cIERNY \u013dAD<br \/>\n10 TIFFANY<\/p>\n<h3><strong>Pre\u010do si vybra\u0165 Rmvapesale pre Bood Vape 30000 Puffs\u00a0 <\/strong><strong>V<\/strong><strong>Ve\u013ekoobchod s vape<\/strong><strong>?<\/strong><\/h3>\n<div class=\"flex-shrink-0 flex flex-col relative items-end\">\n<div class=\"pt-0\">\n<div class=\"gizmo-bot-avatar flex h-8 w-8 items-center justify-center overflow-hidden rounded-full\">\n<p>S narastaj\u00facou konkurenciou na trhu s jednorazov\u00fdmi e-cigaretami uviedol Rmvapesale, glob\u00e1lny l\u00edder vo ve\u013ekoobchodn\u00fdch rie\u0161eniach pre jednorazov\u00e9 vape, na trh Bood Vape 30000 Puffs. Tento priekopn\u00edcky produkt pri\u0165ahuje pozornos\u0165 svoj\u00edm jedine\u010dn\u00fdm estetick\u00fdm a m\u00f3dnym dizajnom. S rozsiahlou ponukou ovocn\u00fdch pr\u00edchut\u00ed uspokoj\u00ed \u0161irok\u00e9 spektrum spotrebite\u013esk\u00fdch chut\u00ed a z\u00e1rove\u0148 zd\u00f4raz\u0148uje inov\u00e1cie a v\u0161estrannos\u0165.<\/p>\n<p class=\"relative p-1 rounded-sm flex items-center justify-center bg-token-main-surface-primary text-token-text-primary h-8 w-8\">Rmvapesale je v\u00e1\u0161 spo\u013eahliv\u00fd vape shop pre pr\u00e9miov\u00e9 jednorazov\u00e9 vapy. S viac ako 5 rokmi sk\u00fasenost\u00ed v\u00e1m prin\u00e1\u0161ame popul\u00e1rne zna\u010dky jednorazov\u00fdch vapov ako Al Fakher, JNR Vape, Vapsolo Vape, Vapme Vape, <a href=\"https:\/\/rmvapesale.com\/sk\/product-category\/bang-vapes\/\">Bang Vape<\/a>, Waspe Vape, WGA Vape a<a href=\"https:\/\/rmvapesale.com\/sk\/product-category\/randm-fumot-vape\/\"> RandM Vape<\/a>.N\u00e1\u0161 sortiment zah\u0155\u0148a hor\u00face predajn\u00e9 jednorazov\u00e9 vape ako napr\u00edklad <a href=\"https:\/\/rmvapesale.com\/sk\/product\/waspe-crystal-40000-puffs-double-flavor-led-display-disposable-vape-bulk-buy\/\">WASPE Crystal 40000 Puffs<\/a> a vo\u013eby bohat\u00e9 na chu\u0165 ako napr\u00edklad<a href=\"https:\/\/rmvapesale.com\/sk\/product\/aivono-fatman-15000-puffs-vape-disposable-e-cigarettes-mtl\/\"> AIVONO Shisha Hoohak 15000<\/a>. Ka\u017ed\u00fd produkt je vybran\u00fd so zameran\u00edm na kvalitu, hodnotu a rozmanitos\u0165, \u010do zais\u0165uje, \u017ee n\u00e1jdete perfektn\u00fa vo\u013ebu pre va\u0161e potreby. Objavte v\u00fdnimo\u010dn\u00e9 slu\u017eby a \u0161irok\u00fa \u0161k\u00e1lu \u0161pi\u010dkov\u00fdch produktov v Rmvapesale.<\/p>\n<p class=\"relative p-1 rounded-sm flex items-center justify-center bg-token-main-surface-primary text-token-text-primary h-8 w-8\"><b style=\"font-size: 1.5em;font-style: inherit\">\u010cASTO KLADEN\u00c9 OT\u00c1ZKY pre Bood Vape 30000 <\/b><b style=\"font-size: 1.5em;font-style: inherit\">Nab\u00edjate\u013en\u00e1 jednorazov\u00e1 vapka<\/b><\/p>\n<ol>\n<li><strong>Kde si m\u00f4\u017eem k\u00fapi\u0165 Bood Vape 30000 Puffs za ve\u013ekoobchodn\u00e9 ceny?<\/strong>\n<ul>\n<li>M\u00f4\u017eete ho k\u00fapi\u0165 za najlep\u0161ie ve\u013ekoobchodn\u00e9 ceny od <a href=\"https:\/\/rmvapesale.com\/sk\/\" target=\"_new\" rel=\"noopener\">Rmvapesale<\/a>, s vynikaj\u00facimi mno\u017estevn\u00fdmi z\u013eavami.<\/li>\n<\/ul>\n<\/li>\n<li><strong>Ak\u00e9 s\u00fa dostupn\u00e9 \u00farovne nikot\u00ednu v Bood Vape 30000?<\/strong>\n<ul>\n<li>Dod\u00e1va sa v sil\u00e1ch nikot\u00ednu 0 %, 2 % a 5 %, \u010do uspokoj\u00ed r\u00f4zne potreby vapovania.<\/li>\n<\/ul>\n<\/li>\n<li><strong>Ako funguje nastavite\u013en\u00fd prietok vzduchu?<\/strong>\n<ul>\n<li>Ovl\u00e1danie prietoku vzduchu v\u00e1m umo\u017e\u0148uje prisp\u00f4sobi\u0165 si \u0165ah od tesn\u00e9ho po vzdu\u0161n\u00fd pre personalizovan\u00fd z\u00e1\u017eitok.<\/li>\n<\/ul>\n<\/li>\n<li><strong>Ako dlho vydr\u017e\u00ed nab\u00edjate\u013en\u00e1 bat\u00e9ria?<\/strong>\n<ul>\n<li>Bat\u00e9ria s kapacitou 650 mAh poskytuje dlhotrvaj\u00faci v\u00fdkon a d\u00e1 sa r\u00fdchlo nabi\u0165 pomocou portu Type-C.<\/li>\n<\/ul>\n<\/li>\n<li><strong>Ak\u00e9 pr\u00edchute s\u00fa dostupn\u00e9 vo Bood Vape 30000 Puff Bar?<\/strong>\n<ul>\n<li>Na v\u00fdber je 10 lahodn\u00fdch pr\u00edchut\u00ed, ktor\u00e9 pon\u00fakaj\u00fa r\u00f4zne mo\u017enosti na uspokojenie r\u00f4znych chu\u0165ov\u00fdch preferenci\u00ed.<\/li>\n<\/ul>\n<\/li>\n<\/ol>\n<\/div>\n<\/div>\n<\/div>\n<h2>Ako objedna\u0165?<\/h2>\n<div class=\"flex-shrink-0 flex flex-col relative items-end\">\n<div class=\"pt-0\">\n<div class=\"gizmo-bot-avatar flex h-8 w-8 items-center justify-center overflow-hidden rounded-full\">\n<div>\n<p><strong>1. Ak\u00e9 platobn\u00e9 met\u00f3dy akceptujete?<\/strong><br \/>\n<span class=\"selectable-text copyable-text false\">Na platbu pon\u00fakame bankov\u00fd prevod a Western Union. V\u00e4\u010d\u0161ina na\u0161ich z\u00e1kazn\u00edkov zo Slovenska si vyber\u00e1 bankov\u00fd prevod, m\u00e1me lok\u00e1lny bankov\u00fd \u00fa\u010det, na ktor\u00fd m\u00f4\u017eete plati\u0165 na n\u00e1\u0161 IBAN \u00fa\u010det bez poplatkov za spracovanie. <\/span>.<\/p>\n<p><strong>2. Ako m\u00f4\u017eem sledova\u0165 svoju objedn\u00e1vku?<\/strong><br \/>\nPo odoslan\u00ed bal\u00edka, <span class=\"selectable-text copyable-text false\">poskytneme sledovacie \u010d\u00edslo pre referenciu, budeme tie\u017e neust\u00e1le aktualizova\u0165 stav, k\u00fdm nedostanete tovar<\/span>.<\/p>\n<p><strong>3. Ako dlho trv\u00e1 doru\u010denie?<\/strong><\/p>\n<ul>\n<li>Doprava zo <strong>skladov v \u010c\u00edne<\/strong> trv\u00e1 pribli\u017ene <strong>7-14 pracovn\u00fdch dn\u00ed<\/strong>.<\/li>\n<li>Doprava zo <strong>Eur\u00f3pske sklady<\/strong> zvy\u010dajne trv\u00e1 <strong>3-6 pracovn\u00fdch dn\u00ed<\/strong>.<\/li>\n<\/ul>\n<p><strong>4. Ako m\u00f4\u017eem z\u00edska\u0165 r\u00fdchlej\u0161ie doru\u010denie?<\/strong><br \/>\nPre r\u00fdchlej\u0161ie doru\u010denie odpor\u00fa\u010dame objedna\u0165 z n\u00e1\u0161ho <strong>eur\u00f3pskeho skladu<\/strong>, ktor\u00fd pon\u00faka r\u00fdchlej\u0161ie dodacie lehoty.<\/p>\n<p><strong>5. \u010co ak dostanem po\u0161koden\u00fd alebo chybn\u00fd produkt?<\/strong><br \/>\nAk je va\u0161a polo\u017eka po\u0161koden\u00e1 alebo chybn\u00e1, kontaktujte z\u00e1kazn\u00edcky servis pre <strong>v\u00fdmenu alebo vr\u00e1tenie pe\u0148az\u00ed<\/strong>.<\/p>\n<p><strong>6. Ako m\u00f4\u017eem kontaktova\u0165 z\u00e1kazn\u00edcky servis?<\/strong><br \/>\nM\u00f4\u017eete n\u00e1s kontaktova\u0165 cez<strong>\u00a0WhatsApp, alebo live chat<\/strong> na na\u0161ej webovej str\u00e1nke, ak potrebujete ak\u00fako\u013evek pomoc.<\/p>\n<\/div>\n<div class=\"relative p-1 rounded-sm flex items-center justify-center bg-token-main-surface-primary text-token-text-primary h-8 w-8\"><strong>7. Ak\u00e9 sp\u00f4soby dopravy sa pou\u017e\u00edvaj\u00fa?<\/strong><\/div>\n<\/div>\n<\/div>\n<\/div>\n<div class=\"group\/conversation-turn relative flex w-full min-w-0 flex-col agent-turn\">\n<div class=\"flex-col gap-1 md:gap-3\">\n<div class=\"flex max-w-full flex-col flex-grow\">\n<div class=\"min-h-[20px] text-message flex w-full flex-col items-end gap-2 whitespace-normal break-words [.text-message+&amp;]:mt-5 overflow-x-auto\" dir=\"auto\" data-message-author-role=\"assistant\" data-message-id=\"22f8283b-3233-46ff-89a5-c7a41b33abda\">\n<div class=\"flex w-full flex-col gap-1 empty:hidden first:pt-[3px]\">\n<div class=\"markdown prose w-full break-words dark:prose-invert light\">\n<p>Spolupracujeme so spolo\u010dnos\u0165ami UPS, DHL, FedEx, DPD a \u010fal\u0161\u00edmi popredn\u00fdmi dopravcami. Vyberieme najlep\u0161\u00ed sp\u00f4sob doru\u010denia na z\u00e1klade va\u0161ej adresy, aby sme zaistili, \u017ee svoje produkty dostanete \u010do najr\u00fdchlej\u0161ie.<\/p>\n<\/div>\n<\/div>\n<\/div>\n<\/div>\n<\/div>\n<\/div>\n<p>N\u00e1jdite \u010fal\u0161ie vape produkty, ktor\u00e9 by sa v\u00e1m mohli p\u00e1\u010di\u0165:<strong><em><a href=\"https:\/\/rmvapesale.com\/sk\/shop-2\/\">nakupova\u0165 teraz &gt;&gt;&gt;<\/a><\/em><\/strong><\/p>","protected":false},"excerpt":{"rendered":"<p>Bood Vape 30000 30k \u0165ahov nab\u00edjate\u013en\u00e1 jednorazov\u00e1 elektronick\u00e1 cigareta za n\u00edzku cenu<br \/>\nBood Vape 30000 ob\u013e\u00faben\u00e1 jednorazov\u00e1 elektronick\u00e1 cigareta, n\u00e1kup vo ve\u013ekom<br \/>\nBood Vape 30000 LED displej inteligentn\u00e1 obrazovka jednorazov\u00e1 elektronick\u00e1 cigareta na ve\u013ekoobchod<\/p>\n<p><strong>Kontaktujte Amy pre spr\u00e1vnu odpove\u010f a vape kup\u00f3n!<\/strong><\/p>\n<p><img loading=\"lazy\" decoding=\"async\" class=\"size-full wp-image-2375\" src=\"https:\/\/rmvapesale.com\/wp-content\/uploads\/2024\/10\/image.png\" alt=\"Najlep\u0161\u00ed jednorazov\u00fd vape\" width=\"229\" height=\"300\" \/><\/p>\n<h3><a href=\"https:\/\/wa.me\/8617776015835\"><span style=\"color: #ff0000\"><strong>WhatsApp: +86 17776015835<\/strong><\/span><\/a><\/h3>\n<p>&nbsp;<\/p>","protected":false},"featured_media":2977,"comment_status":"open","ping_status":"closed","template":"","meta":{"_uag_custom_page_level_css":"","_lmt_disableupdate":"no","_lmt_disable":"","site-sidebar-layout":"default","site-content-layout":"content-boxed-container","ast-site-content-layout":"normal-width-container","site-content-style":"boxed","site-sidebar-style":"unboxed","ast-global-header-display":"","ast-banner-title-visibility":"","ast-main-header-display":"","ast-hfb-above-header-display":"","ast-hfb-below-header-display":"","ast-hfb-mobile-header-display":"","site-post-title":"","ast-breadcrumbs-content":"","ast-featured-img":"","footer-sml-layout":"","theme-transparent-header-meta":"default","adv-header-id-meta":"","stick-header-meta":"","header-above-stick-meta":"","header-main-stick-meta":"","header-below-stick-meta":"","astra-migrate-meta-layouts":"set","ast-page-background-enabled":"default","ast-page-background-meta":{"desktop":{"background-color":"var(--ast-global-color-4)","background-image":"","background-repeat":"repeat","background-position":"center center","background-size":"auto","background-attachment":"scroll","background-type":"","background-media":"","overlay-type":"","overlay-color":"","overlay-opacity":"","overlay-gradient":""},"tablet":{"background-color":"","background-image":"","background-repeat":"repeat","background-position":"center center","background-size":"auto","background-attachment":"scroll","background-type":"","background-media":"","overlay-type":"","overlay-color":"","overlay-opacity":"","overlay-gradient":""},"mobile":{"background-color":"","background-image":"","background-repeat":"repeat","background-position":"center center","background-size":"auto","background-attachment":"scroll","background-type":"","background-media":"","overlay-type":"","overlay-color":"","overlay-opacity":"","overlay-gradient":""}},"ast-content-background-meta":{"desktop":{"background-color":"var(--ast-global-color-5)","background-image":"","background-repeat":"repeat","background-position":"center center","background-size":"auto","background-attachment":"scroll","background-type":"","background-media":"","overlay-type":"","overlay-color":"","overlay-opacity":"","overlay-gradient":""},"tablet":{"background-color":"var(--ast-global-color-5)","background-image":"","background-repeat":"repeat","background-position":"center center","background-size":"auto","background-attachment":"scroll","background-type":"","background-media":"","overlay-type":"","overlay-color":"","overlay-opacity":"","overlay-gradient":""},"mobile":{"background-color":"var(--ast-global-color-5)","background-image":"","background-repeat":"repeat","background-position":"center center","background-size":"auto","background-attachment":"scroll","background-type":"","background-media":"","overlay-type":"","overlay-color":"","overlay-opacity":"","overlay-gradient":""}},"_joinchat":[]},"product_brand":[],"product_cat":[15,289,290,291,292,293,295,299,265,253,25,123,26,28,135,27,137,136,30],"product_tag":[146,305,222,64,40,111,306],"class_list":{"0":"post-3013","1":"product","2":"type-product","3":"status-publish","4":"has-post-thumbnail","6":"product_cat-new-vape-this-week","7":"product_cat-big-puffs-disposable-vapes","8":"product_cat-crystal-disposable-vapes","9":"product_cat-dual-mesh-disposable-vapes","10":"product_cat-digital-disposable-vapes","11":"product_cat-low-nicotine-disposable-vapes","12":"product_cat-rechargeable-disposable-vapes","13":"product_cat-smart-screen-disposable-vapes","14":"product_cat-bood-disposable-vape","15":"product_cat-15000-puff-disposable-vape","16":"product_cat-germany-best-selling-vape","17":"product_cat-italy-wholesale-vape","18":"product_cat-netherlands-hot-sale-vape","19":"product_cat-poland-hot-sale-vape","20":"product_cat-spain-best-hot-sale-vape","21":"product_cat-fance-hot-sale-vape","22":"product_cat-rechargeable-vapes","23":"product_cat-smart-screen-vapes","24":"product_cat-minimum-order-quantity-50pcs","25":"product_tag-best-hot-sale-vape","26":"product_tag-bood-vape-30000","27":"product_tag-double-flavor-vape","28":"product_tag-dual-flavour-vape","29":"product_tag-hot-sale-vape","30":"product_tag-low-nicotine-disposable-vape","31":"product_tag-puff-bar","32":"desktop-align-left","33":"tablet-align-left","34":"mobile-align-left","36":"first","37":"instock","38":"sale","39":"shipping-taxable","40":"purchasable","41":"product-type-simple"},"uagb_featured_image_src":{"full":["https:\/\/rmvapesale.com\/wp-content\/uploads\/2025\/01\/Best-Bood-Infinity-30000-Puff-Rechargeable-Disposable-Vape.webp",1000,1000,false],"thumbnail":["https:\/\/rmvapesale.com\/wp-content\/uploads\/2025\/01\/Best-Bood-Infinity-30000-Puff-Rechargeable-Disposable-Vape-150x150.webp",150,150,true],"medium":["https:\/\/rmvapesale.com\/wp-content\/uploads\/2025\/01\/Best-Bood-Infinity-30000-Puff-Rechargeable-Disposable-Vape-300x300.webp",300,300,true],"medium_large":["https:\/\/rmvapesale.com\/wp-content\/uploads\/2025\/01\/Best-Bood-Infinity-30000-Puff-Rechargeable-Disposable-Vape-768x768.webp",768,768,true],"large":["https:\/\/rmvapesale.com\/wp-content\/uploads\/2025\/01\/Best-Bood-Infinity-30000-Puff-Rechargeable-Disposable-Vape.webp",1000,1000,false],"1536x1536":["https:\/\/rmvapesale.com\/wp-content\/uploads\/2025\/01\/Best-Bood-Infinity-30000-Puff-Rechargeable-Disposable-Vape.webp",1000,1000,false],"2048x2048":["https:\/\/rmvapesale.com\/wp-content\/uploads\/2025\/01\/Best-Bood-Infinity-30000-Puff-Rechargeable-Disposable-Vape.webp",1000,1000,false],"trp-custom-language-flag":["https:\/\/rmvapesale.com\/wp-content\/uploads\/2025\/01\/Best-Bood-Infinity-30000-Puff-Rechargeable-Disposable-Vape.webp",12,12,false],"woocommerce_thumbnail":["https:\/\/rmvapesale.com\/wp-content\/uploads\/2025\/01\/Best-Bood-Infinity-30000-Puff-Rechargeable-Disposable-Vape-300x300.webp",300,300,true],"woocommerce_single":["https:\/\/rmvapesale.com\/wp-content\/uploads\/2025\/01\/Best-Bood-Infinity-30000-Puff-Rechargeable-Disposable-Vape-600x600.webp",600,600,true],"woocommerce_gallery_thumbnail":["https:\/\/rmvapesale.com\/wp-content\/uploads\/2025\/01\/Best-Bood-Infinity-30000-Puff-Rechargeable-Disposable-Vape-100x100.webp",100,100,true],"wcpr-photo-reviews":["https:\/\/rmvapesale.com\/wp-content\/uploads\/2025\/01\/Best-Bood-Infinity-30000-Puff-Rechargeable-Disposable-Vape.webp",500,500,false]},"uagb_author_info":{"display_name":"AMY","author_link":"https:\/\/rmvapesale.com\/sk\/author\/"},"uagb_comment_info":0,"uagb_excerpt":"Bood Vape 30000 30k Puff Bar Rechargeable Disposable Vape Cheap Price Bood Vape 30000 Hot Sale Disposable Vape Pen Bulk Buy Bood Vape 30000 LED Display Smart Screen Disposable Vape Wholesale Contact Amy to get right reply and vape coupon! WhatsApp: +86 17776015835 &nbsp;","_links":{"self":[{"href":"https:\/\/rmvapesale.com\/sk\/wp-json\/wp\/v2\/product\/3013","targetHints":{"allow":["GET"]}}],"collection":[{"href":"https:\/\/rmvapesale.com\/sk\/wp-json\/wp\/v2\/product"}],"about":[{"href":"https:\/\/rmvapesale.com\/sk\/wp-json\/wp\/v2\/types\/product"}],"replies":[{"embeddable":true,"href":"https:\/\/rmvapesale.com\/sk\/wp-json\/wp\/v2\/comments?post=3013"}],"wp:featuredmedia":[{"embeddable":true,"href":"https:\/\/rmvapesale.com\/sk\/wp-json\/wp\/v2\/media\/2977"}],"wp:attachment":[{"href":"https:\/\/rmvapesale.com\/sk\/wp-json\/wp\/v2\/media?parent=3013"}],"wp:term":[{"taxonomy":"product_brand","embeddable":true,"href":"https:\/\/rmvapesale.com\/sk\/wp-json\/wp\/v2\/product_brand?post=3013"},{"taxonomy":"product_cat","embeddable":true,"href":"https:\/\/rmvapesale.com\/sk\/wp-json\/wp\/v2\/product_cat?post=3013"},{"taxonomy":"product_tag","embeddable":true,"href":"https:\/\/rmvapesale.com\/sk\/wp-json\/wp\/v2\/product_tag?post=3013"}],"curies":[{"name":"wp","href":"https:\/\/api.w.org\/{rel}","templated":true}]}}