{"id":3014,"date":"2025-01-30T07:39:46","date_gmt":"2025-01-30T07:39:46","guid":{"rendered":"https:\/\/rmvapesale.com\/?post_type=product&#038;p=3014"},"modified":"2025-01-23T08:01:17","modified_gmt":"2025-01-23T08:01:17","slug":"bang-box-30000-30k-puffs-double-taste-rechargeable-disposable-vape-0-2-5-nicotine-led-display-factory-price","status":"publish","type":"product","link":"https:\/\/rmvapesale.com\/sk\/product\/bang-box-30000-30k-puffs-double-taste-rechargeable-disposable-vape-0-2-5-nicotine-led-display-factory-price\/","title":{"rendered":"Bang Box 30000 30k \u0164ahov Dvojit\u00e1 pr\u00edchu\u0165 Nab\u00edjate\u013en\u00e1 jednorazov\u00e1 Vape 0% 2% 5% Nikot\u00ednov\u00fd LED displej Tov\u00e1rensk\u00e1 cena"},"content":{"rendered":"<div class=\"B2VR9 CJHX3e\">\n<div class=\"wyccme\">\n<div class=\"flex-shrink-0 flex flex-col relative items-end\">\n<div class=\"pt-0\">\n<div class=\"gizmo-bot-avatar flex h-8 w-8 items-center justify-center overflow-hidden rounded-full\">\n<div class=\"relative p-1 rounded-sm flex items-center justify-center bg-token-main-surface-primary text-token-text-primary h-8 w-8\">\n<div class=\"flex-shrink-0 flex flex-col relative items-end\">\n<div class=\"pt-0\">\n<div class=\"gizmo-bot-avatar flex h-8 w-8 items-center justify-center overflow-hidden rounded-full\">\n<div class=\"flex-shrink-0 flex flex-col relative items-end\">\n<div class=\"pt-0\">\n<div class=\"gizmo-bot-avatar flex h-8 w-8 items-center justify-center overflow-hidden rounded-full\">\n<h1 class=\"relative p-1 rounded-sm flex items-center justify-center bg-token-main-surface-primary text-token-text-primary h-8 w-8\">Bang Box 30000 30k \u0164ahov Dvojit\u00e1 pr\u00edchu\u0165 Nab\u00edjate\u013en\u00e1 jednorazov\u00e1 Vape 0% 2% 5% Nikot\u00ednov\u00fd LED displej Tov\u00e1rensk\u00e1 cena<\/h1>\n<\/div>\n<\/div>\n<\/div>\n<\/div>\n<\/div>\n<\/div>\n<\/div>\n<\/div>\n<\/div>\n<\/div>\n<div class=\"group\/conversation-turn relative flex w-full min-w-0 flex-col agent-turn\">\n<div class=\"flex-col gap-1 md:gap-3\">\n<div class=\"flex max-w-full flex-col flex-grow\">\n<div class=\"min-h-8 text-message flex w-full flex-col items-end gap-2 whitespace-normal break-words text-start [.text-message+&amp;]:mt-5\" dir=\"auto\" data-message-author-role=\"assistant\" data-message-id=\"80ece0c4-ead1-4ed9-a9f0-ddc22582b4f4\" data-message-model-slug=\"gpt-4o\">\n<p>The <strong>Bang Box 30000 potiahnut\u00ed jednorazov\u00fd vape na dvojit\u00fa chu\u0165<\/strong> je najlep\u0161ou vo\u013ebou pre vaperov, ktor\u00ed h\u013eadaj\u00fa <strong>dlhotrvaj\u00faci v\u00fdkon, prisp\u00f4sobite\u013en\u00e9 funkcie a bezkonkuren\u010dn\u00fa ve\u013ekoobchodn\u00fa cenu<\/strong>. Navrhnut\u00e9 tak, aby poskytovali a\u017e <strong>30 000 potiahnut\u00ed<\/strong>, tento <strong>dob\u00edjac\u00ed vaporiz\u00e9r<\/strong> poskytuje dlhotrvaj\u00faci z\u00e1\u017eitok z vapovania s inovat\u00edvnou funkciou <strong>Dvojit\u00e1 chu\u0165<\/strong> , \u010do v\u00e1m umo\u017en\u00ed vychutna\u0165 si <strong>dvomi pr\u00edchu\u0165ami v jednom zariaden\u00ed<\/strong>.<\/p>\n<p>Predplnen\u00e9 obrovsk\u00fdm mno\u017estvom <strong>36 ml e-liquidu<\/strong>, Bang 30K zaru\u010duje nepretr\u017eit\u00fd p\u00f4\u017eitok bez probl\u00e9mov s \u010dast\u00fdm dop\u013a\u0148an\u00edm. \u010ci u\u017e ste fan\u00fa\u0161ikom <strong>vape s n\u00edzkym obsahom nikot\u00ednu<\/strong> alebo uprednost\u0148ujete silnej\u0161\u00ed hit, toto zariadenie pon\u00faka v\u0161estrann\u00e9 <strong>mo\u017enosti sily nikot\u00ednu<\/strong>, dostupn\u00e9 v <strong>0%, 2%, 3% a 5%<\/strong>, uspokoj\u00ed ka\u017ed\u00fa preferenciu.<\/p>\n<p>Vybaven\u00e9 s <strong>1.0\u03a9 sie\u0165ov\u00e1 cievka<\/strong>, poskytuje hladk\u00fa, chutn\u00fa paru pri ka\u017edom potiahnut\u00ed. Syst\u00e9m <strong>nastavite\u013en\u00fd prietok vzduchu<\/strong> v\u00e1m umo\u017en\u00ed prisp\u00f4sobi\u0165 si \u0165ah, pon\u00faka bu\u010f pevn\u00fd, intenz\u00edvny n\u00e1dych alebo vo\u013enej\u0161\u00ed z\u00e1\u017eitok pln\u00fd oblakov.<\/p>\n<p>Inteligentn\u00fd <strong>LED displej<\/strong> v\u00e1s informuje o stave bat\u00e9rie a e-liquidu, \u010d\u00edm zais\u0165uje, \u017ee m\u00e1te v\u017edy v\u0161etko pod kontrolou. V\u010faka <strong>550 mAh dob\u00edjate\u013enou bat\u00e9riou<\/strong> kapacitou 23 ml e-liquidu <strong>nab\u00edjac\u00edm portom typu C<\/strong>, si u\u017eijete r\u00fdchle a efekt\u00edvne nab\u00edjanie, aby bol v\u00e1\u0161 vape v\u017edy pripraven\u00fd, ke\u010f ho potrebujete.<\/p>\n<p>Perfektn\u00e9 pre <strong>ve\u013ekoobchodn\u00fdch n\u00e1kupcov jednorazov\u00fdch vape zariaden\u00ed<\/strong>, toto zariadenie je dostupn\u00e9 za <strong>v\u00fdrobn\u00fa cenu<\/strong>, \u010do z neho rob\u00ed vynikaj\u00facu vo\u013ebu pre maloobchodn\u00edkov aj jednotliv\u00fdch vaperov, ktor\u00ed chc\u00fa <strong>nakupova\u0165 vo ve\u013ekom<\/strong>.<\/p>\n<\/div>\n<\/div>\n<\/div>\n<\/div>\n<div class=\"flex-shrink-0 flex flex-col relative items-end\">\n<div class=\"pt-0\">\n<div class=\"gizmo-bot-avatar flex h-8 w-8 items-center justify-center overflow-hidden rounded-full\">\n<p>&nbsp;<\/p>\n<\/div>\n<\/div>\n<\/div>\n<\/div>\n<\/div>\n<p><strong>Kontaktujte Amy pre spr\u00e1vnu odpove\u010f a vape kup\u00f3n!<\/strong><\/p>\n<p><img loading=\"lazy\" decoding=\"async\" class=\"size-full wp-image-1978\" src=\"https:\/\/rmvapesale.com\/wp-content\/uploads\/2024\/09\/Disposable-Vape-Wholesale.jpg\" alt=\"Jednorazov\u00fd vape ve\u013ekoobchod\" width=\"229\" height=\"300\" \/><\/p>\n<h3><a href=\"https:\/\/wa.me\/8617776015835\" target=\"_blank\" rel=\"noopener\"><span style=\"color: #ff0000\"><strong>WhatsApp: +86 17776015835<\/strong><\/span><\/a><\/h3>\n<h3><\/h3>\n<h3><strong style=\"font-size: 1.7em\">Bang Box 30000 30k Puffs K\u013e\u00fa\u010dov\u00e9 vlastnosti produktu<\/strong><\/h3>\n<ul>\n<li><strong>Kapacita 30 000 potiahnut\u00ed:<\/strong> U\u017eite si dlhotrvaj\u00face vapovanie bez neust\u00e1lej v\u00fdmeny.<\/li>\n<li><strong>36ml Vopred naplnen\u00fd e-liquid:<\/strong> Ve\u013ekorys\u00e1 kapacita pre nepreru\u0161ovan\u00fd z\u00e1\u017eitok z vapovania.<\/li>\n<li><strong>Funkcia dvojitej chuti:<\/strong> Prep\u00ednajte medzi dvoma odli\u0161n\u00fdmi pr\u00edchu\u0165ami pre r\u00f4znorodos\u0165 pri ka\u017edom potiahnut\u00ed.<\/li>\n<li><strong>Mo\u017enosti nikot\u00ednu:<\/strong> Dostupn\u00e9 v sil\u00e1ch 0%, 2%, 3% a 5%, aby vyhovovali r\u00f4znym preferenci\u00e1m.<\/li>\n<li><strong>Nab\u00edjate\u013en\u00e1 bat\u00e9ria:<\/strong> 550mAh bat\u00e9ria s r\u00fdchlym nab\u00edjan\u00edm Type-C pre pohodlie.<\/li>\n<li><strong>Inteligentn\u00fd LED displej:<\/strong> Jednoducho sledujte stav bat\u00e9rie a hladiny e-liquidu.<\/li>\n<li><strong>Nastavite\u013en\u00fd prietok vzduchu:<\/strong> Prisp\u00f4sobte si \u0165ah r\u00f4znymi nastaveniami pr\u00fadenia vzduchu<\/li>\n<\/ul>\n<p><img loading=\"lazy\" decoding=\"async\" class=\"wp-image-2984 size-full\" src=\"https:\/\/rmvapesale.com\/wp-content\/uploads\/2025\/01\/Bang-Box-30000-Puffs-Disposable-Vape-Bulk-Buy.webp\" alt=\"Hromadn\u00fd n\u00e1kup jednorazovej vapy Bang Box 30000 \u0165ahov\" width=\"1000\" height=\"1000\" srcset=\"https:\/\/rmvapesale.com\/wp-content\/uploads\/2025\/01\/Bang-Box-30000-Puffs-Disposable-Vape-Bulk-Buy.webp 1000w, https:\/\/rmvapesale.com\/wp-content\/uploads\/2025\/01\/Bang-Box-30000-Puffs-Disposable-Vape-Bulk-Buy-300x300.webp 300w, https:\/\/rmvapesale.com\/wp-content\/uploads\/2025\/01\/Bang-Box-30000-Puffs-Disposable-Vape-Bulk-Buy-150x150.webp 150w, https:\/\/rmvapesale.com\/wp-content\/uploads\/2025\/01\/Bang-Box-30000-Puffs-Disposable-Vape-Bulk-Buy-768x768.webp 768w, https:\/\/rmvapesale.com\/wp-content\/uploads\/2025\/01\/Bang-Box-30000-Puffs-Disposable-Vape-Bulk-Buy-600x600.webp 600w, https:\/\/rmvapesale.com\/wp-content\/uploads\/2025\/01\/Bang-Box-30000-Puffs-Disposable-Vape-Bulk-Buy-100x100.webp 100w\" sizes=\"auto, (max-width: 1000px) 100vw, 1000px\" \/><\/p>\n<h3><strong style=\"font-size: 1.7em\">Najpred\u00e1vanej\u0161ie pr\u00edchute pre Bang Box 30000 30k Puff<\/strong><strong style=\"font-size: 1.7em\">\u00a0Vape<\/strong><\/h3>\n<p>1.Jahodov\u00e9 kiwi\/\u013dadov\u00fd mel\u00f3n<br \/>\n2.Jahodov\u00e9 kiwi\/Jahodov\u00fd mel\u00f3n <span style=\"color: #ff0000\"><strong>&gt;&gt;&gt;&gt; Hor\u00face !<\/strong><\/span><br \/>\n3.Brosky\u0148ov\u00e1 \u0161\u0165ava\/\u013dadov\u00e1 \u010du\u010doriedka<br \/>\n4.\u010du\u010doriedkov\u00fd \u013ead\/kiwi marakuja guava<br \/>\n5.\u010du\u010doriedka kysl\u00e1 malina \u013ead\/mie\u0161an\u00e9 ovocie <span style=\"color: #ff0000\"><strong>&gt;&gt;&gt;&gt; Hor\u00face !<\/strong><\/span><br \/>\n6.trojit\u00e9 bobu\u013eov\u00e9 \u013ead\/jahoda mango<br \/>\n7.vodn\u00fd mel\u00f3n \u017euva\u010dka\/jahoda vodn\u00fd mel\u00f3n<br \/>\n8.\u010du\u010doriedkov\u00fd \u013ead\/vodn\u00fd mel\u00f3n \u013ead<br \/>\n9.jahoda vodn\u00fd mel\u00f3n\/kiwi marakuja guava<br \/>\n10.\u010dierny drak \u013ead\/mango brosky\u0148a vodn\u00fd mel\u00f3n<br \/>\n11.modr\u00e1 malina \u013ead\/dvojit\u00e9 hrozno<br \/>\n12.modr\u00e1 malina \u013ead\/jahoda mango <span style=\"color: #ff0000\"><strong>&gt;&gt;&gt;&gt; Najlep\u0161ie !<\/strong><\/span><\/p>\n<h3><strong>Pre\u010do si vybra\u0165 Rmvapesale pre Bang Box 30k Puffs <\/strong><strong>V<\/strong><strong>Ve\u013ekoobchod s vape<\/strong><strong>?<\/strong><\/h3>\n<div class=\"flex-shrink-0 flex flex-col relative items-end\">\n<div class=\"pt-0\">\n<div class=\"gizmo-bot-avatar flex h-8 w-8 items-center justify-center overflow-hidden rounded-full\">\n<p>S narastaj\u00facou konkurenciou na trhu s jednorazov\u00fdmi e-cigaretami, Rmvapesale, popredn\u00fd svetov\u00fd ve\u013ekoobchodn\u00fd dod\u00e1vate\u013e jednorazov\u00fdch vape rie\u0161en\u00ed, uviedol na trh Bangking 35000 Puffs Double Flavour Disposable Vape. Tento priekopn\u00edcky produkt p\u00fata pozornos\u0165 svoj\u00edm jedine\u010dn\u00fdm a estetick\u00fdm dizajnom. Pon\u00faka \u0161irok\u00fa \u0161k\u00e1lu ovocn\u00fdch pr\u00edchut\u00ed, ktor\u00e9 uspokoja \u0161irok\u00e9 spektrum spotrebite\u013esk\u00fdch chut\u00ed, pri\u010dom kladie d\u00f4raz na inov\u00e1cie a v\u0161estrannos\u0165.<\/p>\n<p class=\"relative p-1 rounded-sm flex items-center justify-center bg-token-main-surface-primary text-token-text-primary h-8 w-8\">Rmvapesale je v\u00e1\u0161 spo\u013eahliv\u00fd vape shop pre pr\u00e9miov\u00e9 jednorazov\u00e9 vapy. S viac ako 5 rokmi sk\u00fasenost\u00ed v\u00e1m prin\u00e1\u0161ame popul\u00e1rne zna\u010dky jednorazov\u00fdch vapov ako Al Fakher, JNR Vape, Vapsolo Vape, Vapme Vape, <a href=\"https:\/\/rmvapesale.com\/sk\/product-category\/bang-vapes\/\">Bang Vape<\/a>, Waspe Vape, WGA Vape a<a href=\"https:\/\/rmvapesale.com\/sk\/product-category\/randm-fumot-vape\/\"> RandM Vape<\/a>.N\u00e1\u0161 sortiment zah\u0155\u0148a hor\u00face predajn\u00e9 jednorazov\u00e9 vape ako napr\u00edklad <a href=\"https:\/\/rmvapesale.com\/sk\/product\/vopk-tornado-15000-puffs-disposable-vape-led-display\/\">VOPK Tornado 15000 \u0165ahov<\/a> a vo\u013eby bohat\u00e9 na chu\u0165 ako napr\u00edklad<a href=\"https:\/\/rmvapesale.com\/sk\/product\/waspe-15000-puffs-digital-box-original-wholesale\/\"> WASPE 15000 PUFFS<\/a>. Ka\u017ed\u00fd produkt je vybran\u00fd so zameran\u00edm na kvalitu, hodnotu a rozmanitos\u0165, \u010do zais\u0165uje, \u017ee n\u00e1jdete perfektn\u00fa vo\u013ebu pre va\u0161e potreby. Objavte v\u00fdnimo\u010dn\u00e9 slu\u017eby a \u0161irok\u00fa \u0161k\u00e1lu \u0161pi\u010dkov\u00fdch produktov v Rmvapesale.<\/p>\n<p class=\"relative p-1 rounded-sm flex items-center justify-center bg-token-main-surface-primary text-token-text-primary h-8 w-8\"><b style=\"font-size: 1.5em;font-style: inherit\">\u010casto kladen\u00e9 ot\u00e1zky pre BangBox 30000 30k Puffs <\/b><b style=\"font-size: 1.5em;font-style: inherit\">Nab\u00edjate\u013en\u00e1 jednorazov\u00e1 vapka<\/b><\/p>\n<ol>\n<li><strong>Kde si m\u00f4\u017eem k\u00fapi\u0165 jednorazov\u00fd vape Bang 30000 Puffs za ve\u013ekoobchodn\u00e9 ceny?<\/strong>\n<ul>\n<li>M\u00f4\u017eete si ho zak\u00fapi\u0165 za v\u00fdrobn\u00e9 ceny od <a href=\"https:\/\/rmvapesale.com\/sk\/\" target=\"_new\" rel=\"noopener\">Rmvapesale<\/a>, ktor\u00fd pon\u00faka najlep\u0161ie hromadn\u00e9 ponuky pre maloobchodn\u00edkov a distrib\u00fatorov.<\/li>\n<\/ul>\n<\/li>\n<li><strong>Ako funguje funkcia Double Taste?<\/strong>\n<ul>\n<li>Zariadenie v\u00e1m umo\u017e\u0148uje prep\u00edna\u0165 medzi dvoma pr\u00edchu\u0165ami, \u010do poskytuje jedine\u010dn\u00fd a dynamick\u00fd z\u00e1\u017eitok z vapovania.<\/li>\n<\/ul>\n<\/li>\n<li><strong>Ak\u00e9 \u00farovne nikot\u00ednu s\u00fa k dispoz\u00edcii v tomto jednorazovom vape?<\/strong>\n<ul>\n<li>Bang 30K sa dod\u00e1va v sil\u00e1ch nikot\u00ednu 0%, 2%, 3% a 5%, \u010do uspokoj\u00ed r\u00f4zne preferencie vapovania.<\/li>\n<\/ul>\n<\/li>\n<li><strong>Je vape Bang 30000 Puffs nab\u00edjate\u013en\u00fd?<\/strong>\n<ul>\n<li>\u00c1no, m\u00e1 550mAh nab\u00edjate\u013en\u00fa bat\u00e9riu s nab\u00edjac\u00edm portom typu C pre r\u00fdchle a efekt\u00edvne nab\u00edjanie.<\/li>\n<\/ul>\n<\/li>\n<li><strong>M\u00e1 zariadenie funkciu nastavenia prietoku vzduchu?<\/strong>\n<ul>\n<li>\u00c1no, nastavite\u013en\u00e1 kontrola prietoku vzduchu v\u00e1m umo\u017en\u00ed prisp\u00f4sobi\u0165 si \u0161t\u00fdl vapovania od tesn\u00fdch \u0165ahov po vzdu\u0161n\u00e9 mraky.<\/li>\n<\/ul>\n<\/li>\n<\/ol>\n<\/div>\n<\/div>\n<\/div>\n<h2>Ako objedna\u0165?<\/h2>\n<div class=\"flex-shrink-0 flex flex-col relative items-end\">\n<div class=\"pt-0\">\n<div class=\"gizmo-bot-avatar flex h-8 w-8 items-center justify-center overflow-hidden rounded-full\">\n<div>\n<p><strong>1. Ak\u00e9 platobn\u00e9 met\u00f3dy akceptujete?<\/strong><br \/>\n<span class=\"selectable-text copyable-text false\">Na platbu pon\u00fakame bankov\u00fd prevod a Western Union. V\u00e4\u010d\u0161ina na\u0161ich z\u00e1kazn\u00edkov zo Slovenska si vyber\u00e1 bankov\u00fd prevod, m\u00e1me lok\u00e1lny bankov\u00fd \u00fa\u010det, na ktor\u00fd m\u00f4\u017eete plati\u0165 na n\u00e1\u0161 IBAN \u00fa\u010det bez poplatkov za spracovanie. <\/span>.<\/p>\n<p><strong>2. Ako m\u00f4\u017eem sledova\u0165 svoju objedn\u00e1vku?<\/strong><br \/>\nPo odoslan\u00ed bal\u00edka, <span class=\"selectable-text copyable-text false\">poskytneme sledovacie \u010d\u00edslo pre referenciu, budeme tie\u017e neust\u00e1le aktualizova\u0165 stav, k\u00fdm nedostanete tovar<\/span>.<\/p>\n<p><strong>3. Ako dlho trv\u00e1 doru\u010denie?<\/strong><\/p>\n<ul>\n<li>Doprava zo <strong>skladov v \u010c\u00edne<\/strong> trv\u00e1 pribli\u017ene <strong>7-14 pracovn\u00fdch dn\u00ed<\/strong>.<\/li>\n<li>Doprava zo <strong>Eur\u00f3pske sklady<\/strong> zvy\u010dajne trv\u00e1 <strong>3-6 pracovn\u00fdch dn\u00ed<\/strong>.<\/li>\n<\/ul>\n<p><strong>4. Ako m\u00f4\u017eem z\u00edska\u0165 r\u00fdchlej\u0161ie doru\u010denie?<\/strong><br \/>\nPre r\u00fdchlej\u0161ie doru\u010denie odpor\u00fa\u010dame objedna\u0165 z n\u00e1\u0161ho <strong>eur\u00f3pskeho skladu<\/strong>, ktor\u00fd pon\u00faka r\u00fdchlej\u0161ie dodacie lehoty.<\/p>\n<p><strong>5. \u010co ak dostanem po\u0161koden\u00fd alebo chybn\u00fd produkt?<\/strong><br \/>\nAk je va\u0161a polo\u017eka po\u0161koden\u00e1 alebo chybn\u00e1, kontaktujte z\u00e1kazn\u00edcky servis pre <strong>v\u00fdmenu alebo vr\u00e1tenie pe\u0148az\u00ed<\/strong>.<\/p>\n<p><strong>6. Ako m\u00f4\u017eem kontaktova\u0165 z\u00e1kazn\u00edcky servis?<\/strong><br \/>\nM\u00f4\u017eete n\u00e1s kontaktova\u0165 cez<strong>\u00a0WhatsApp, alebo live chat<\/strong> na na\u0161ej webovej str\u00e1nke, ak potrebujete ak\u00fako\u013evek pomoc.<\/p>\n<\/div>\n<div class=\"relative p-1 rounded-sm flex items-center justify-center bg-token-main-surface-primary text-token-text-primary h-8 w-8\"><strong>7. Ak\u00e9 sp\u00f4soby dopravy sa pou\u017e\u00edvaj\u00fa?<\/strong><\/div>\n<\/div>\n<\/div>\n<\/div>\n<div class=\"group\/conversation-turn relative flex w-full min-w-0 flex-col agent-turn\">\n<div class=\"flex-col gap-1 md:gap-3\">\n<div class=\"flex max-w-full flex-col flex-grow\">\n<div class=\"min-h-[20px] text-message flex w-full flex-col items-end gap-2 whitespace-normal break-words [.text-message+&amp;]:mt-5 overflow-x-auto\" dir=\"auto\" data-message-author-role=\"assistant\" data-message-id=\"22f8283b-3233-46ff-89a5-c7a41b33abda\">\n<div class=\"flex w-full flex-col gap-1 empty:hidden first:pt-[3px]\">\n<div class=\"markdown prose w-full break-words dark:prose-invert light\">\n<p>Spolupracujeme so spolo\u010dnos\u0165ami UPS, DHL, FedEx, DPD a \u010fal\u0161\u00edmi popredn\u00fdmi dopravcami. Vyberieme najlep\u0161\u00ed sp\u00f4sob doru\u010denia na z\u00e1klade va\u0161ej adresy, aby sme zaistili, \u017ee svoje produkty dostanete \u010do najr\u00fdchlej\u0161ie.<\/p>\n<\/div>\n<\/div>\n<\/div>\n<\/div>\n<\/div>\n<\/div>\n<p>N\u00e1jdite \u010fal\u0161ie vape produkty, ktor\u00e9 by sa v\u00e1m mohli p\u00e1\u010di\u0165:<strong><em><a href=\"https:\/\/rmvapesale.com\/sk\/shop-2\/\">nakupova\u0165 teraz &gt;&gt;&gt;<\/a><\/em><\/strong><\/p>","protected":false},"excerpt":{"rendered":"<p>Bang Box 30000 30k potiahnut\u00ed dob\u00edjac\u00ed jednorazov\u00fd vape za lacn\u00fa cenu<br \/>\nBang Box 30000 30k potiahnut\u00ed hor\u00faci predaj jednorazov\u00e9 vape pero hromadn\u00fd n\u00e1kup<br \/>\nBangBox 30000 potiahnut\u00ed LED displej inteligentn\u00e1 obrazovka jednorazov\u00fd vape ve\u013ekoobchod<\/p>\n<p><strong>Kontaktujte Amy pre spr\u00e1vnu odpove\u010f a vape kup\u00f3n!<\/strong><\/p>\n<p><img loading=\"lazy\" decoding=\"async\" class=\"size-full wp-image-2375\" src=\"https:\/\/rmvapesale.com\/wp-content\/uploads\/2024\/10\/image.png\" alt=\"Najlep\u0161\u00ed jednorazov\u00fd vape\" width=\"229\" height=\"300\" \/><\/p>\n<h3><a href=\"https:\/\/wa.me\/8617776015835\"><span style=\"color: #ff0000\"><strong>WhatsApp: +86 17776015835<\/strong><\/span><\/a><\/h3>\n<p>&nbsp;<\/p>","protected":false},"featured_media":2983,"comment_status":"open","ping_status":"closed","template":"","meta":{"_uag_custom_page_level_css":"","_lmt_disableupdate":"no","_lmt_disable":"","site-sidebar-layout":"default","site-content-layout":"content-boxed-container","ast-site-content-layout":"normal-width-container","site-content-style":"boxed","site-sidebar-style":"unboxed","ast-global-header-display":"","ast-banner-title-visibility":"","ast-main-header-display":"","ast-hfb-above-header-display":"","ast-hfb-below-header-display":"","ast-hfb-mobile-header-display":"","site-post-title":"","ast-breadcrumbs-content":"","ast-featured-img":"","footer-sml-layout":"","theme-transparent-header-meta":"default","adv-header-id-meta":"","stick-header-meta":"","header-above-stick-meta":"","header-main-stick-meta":"","header-below-stick-meta":"","astra-migrate-meta-layouts":"set","ast-page-background-enabled":"default","ast-page-background-meta":{"desktop":{"background-color":"var(--ast-global-color-4)","background-image":"","background-repeat":"repeat","background-position":"center center","background-size":"auto","background-attachment":"scroll","background-type":"","background-media":"","overlay-type":"","overlay-color":"","overlay-opacity":"","overlay-gradient":""},"tablet":{"background-color":"","background-image":"","background-repeat":"repeat","background-position":"center center","background-size":"auto","background-attachment":"scroll","background-type":"","background-media":"","overlay-type":"","overlay-color":"","overlay-opacity":"","overlay-gradient":""},"mobile":{"background-color":"","background-image":"","background-repeat":"repeat","background-position":"center center","background-size":"auto","background-attachment":"scroll","background-type":"","background-media":"","overlay-type":"","overlay-color":"","overlay-opacity":"","overlay-gradient":""}},"ast-content-background-meta":{"desktop":{"background-color":"var(--ast-global-color-5)","background-image":"","background-repeat":"repeat","background-position":"center center","background-size":"auto","background-attachment":"scroll","background-type":"","background-media":"","overlay-type":"","overlay-color":"","overlay-opacity":"","overlay-gradient":""},"tablet":{"background-color":"var(--ast-global-color-5)","background-image":"","background-repeat":"repeat","background-position":"center center","background-size":"auto","background-attachment":"scroll","background-type":"","background-media":"","overlay-type":"","overlay-color":"","overlay-opacity":"","overlay-gradient":""},"mobile":{"background-color":"var(--ast-global-color-5)","background-image":"","background-repeat":"repeat","background-position":"center center","background-size":"auto","background-attachment":"scroll","background-type":"","background-media":"","overlay-type":"","overlay-color":"","overlay-opacity":"","overlay-gradient":""}},"_joinchat":[]},"product_brand":[],"product_cat":[15,289,290,291,292,293,295,299,273,253,25,123,26,28,135,27,60,137,136,30],"product_tag":[307,146,222,64,40,111,306],"class_list":{"0":"post-3014","1":"product","2":"type-product","3":"status-publish","4":"has-post-thumbnail","6":"product_cat-new-vape-this-week","7":"product_cat-big-puffs-disposable-vapes","8":"product_cat-crystal-disposable-vapes","9":"product_cat-dual-mesh-disposable-vapes","10":"product_cat-digital-disposable-vapes","11":"product_cat-low-nicotine-disposable-vapes","12":"product_cat-rechargeable-disposable-vapes","13":"product_cat-smart-screen-disposable-vapes","14":"product_cat-bang-box-vape","15":"product_cat-15000-puff-disposable-vape","16":"product_cat-germany-best-selling-vape","17":"product_cat-italy-wholesale-vape","18":"product_cat-netherlands-hot-sale-vape","19":"product_cat-poland-hot-sale-vape","20":"product_cat-spain-best-hot-sale-vape","21":"product_cat-fance-hot-sale-vape","22":"product_cat-bang-vapes","23":"product_cat-rechargeable-vapes","24":"product_cat-smart-screen-vapes","25":"product_cat-minimum-order-quantity-50pcs","26":"product_tag-bang-box-30000","27":"product_tag-best-hot-sale-vape","28":"product_tag-double-flavor-vape","29":"product_tag-dual-flavour-vape","30":"product_tag-hot-sale-vape","31":"product_tag-low-nicotine-disposable-vape","32":"product_tag-puff-bar","33":"desktop-align-left","34":"tablet-align-left","35":"mobile-align-left","37":"first","38":"instock","39":"sale","40":"shipping-taxable","41":"purchasable","42":"product-type-simple"},"uagb_featured_image_src":{"full":["https:\/\/rmvapesale.com\/wp-content\/uploads\/2025\/01\/Bang-Box-30000-30k-Puffs-Double-Rechargeable-Disposable-Vape-Wholesale.webp",1000,1000,false],"thumbnail":["https:\/\/rmvapesale.com\/wp-content\/uploads\/2025\/01\/Bang-Box-30000-30k-Puffs-Double-Rechargeable-Disposable-Vape-Wholesale-150x150.webp",150,150,true],"medium":["https:\/\/rmvapesale.com\/wp-content\/uploads\/2025\/01\/Bang-Box-30000-30k-Puffs-Double-Rechargeable-Disposable-Vape-Wholesale-300x300.webp",300,300,true],"medium_large":["https:\/\/rmvapesale.com\/wp-content\/uploads\/2025\/01\/Bang-Box-30000-30k-Puffs-Double-Rechargeable-Disposable-Vape-Wholesale-768x768.webp",768,768,true],"large":["https:\/\/rmvapesale.com\/wp-content\/uploads\/2025\/01\/Bang-Box-30000-30k-Puffs-Double-Rechargeable-Disposable-Vape-Wholesale.webp",1000,1000,false],"1536x1536":["https:\/\/rmvapesale.com\/wp-content\/uploads\/2025\/01\/Bang-Box-30000-30k-Puffs-Double-Rechargeable-Disposable-Vape-Wholesale.webp",1000,1000,false],"2048x2048":["https:\/\/rmvapesale.com\/wp-content\/uploads\/2025\/01\/Bang-Box-30000-30k-Puffs-Double-Rechargeable-Disposable-Vape-Wholesale.webp",1000,1000,false],"trp-custom-language-flag":["https:\/\/rmvapesale.com\/wp-content\/uploads\/2025\/01\/Bang-Box-30000-30k-Puffs-Double-Rechargeable-Disposable-Vape-Wholesale.webp",12,12,false],"woocommerce_thumbnail":["https:\/\/rmvapesale.com\/wp-content\/uploads\/2025\/01\/Bang-Box-30000-30k-Puffs-Double-Rechargeable-Disposable-Vape-Wholesale-300x300.webp",300,300,true],"woocommerce_single":["https:\/\/rmvapesale.com\/wp-content\/uploads\/2025\/01\/Bang-Box-30000-30k-Puffs-Double-Rechargeable-Disposable-Vape-Wholesale-600x600.webp",600,600,true],"woocommerce_gallery_thumbnail":["https:\/\/rmvapesale.com\/wp-content\/uploads\/2025\/01\/Bang-Box-30000-30k-Puffs-Double-Rechargeable-Disposable-Vape-Wholesale-100x100.webp",100,100,true],"wcpr-photo-reviews":["https:\/\/rmvapesale.com\/wp-content\/uploads\/2025\/01\/Bang-Box-30000-30k-Puffs-Double-Rechargeable-Disposable-Vape-Wholesale.webp",500,500,false]},"uagb_author_info":{"display_name":"AMY","author_link":"https:\/\/rmvapesale.com\/sk\/author\/"},"uagb_comment_info":0,"uagb_excerpt":"Bang Box 30000 30k Puff\u00a0 Bar Rechargeable Disposable Vape Cheap Price Bang Box 30000 30k Puffs Hot Sale Disposable Vape Pen Bulk Buy BangBox 30000 Puffs\u00a0 LED Display Smart Screen Disposable Vape Wholesale Contact Amy to get right reply and vape coupon! WhatsApp: +86 17776015835 &nbsp;","_links":{"self":[{"href":"https:\/\/rmvapesale.com\/sk\/wp-json\/wp\/v2\/product\/3014","targetHints":{"allow":["GET"]}}],"collection":[{"href":"https:\/\/rmvapesale.com\/sk\/wp-json\/wp\/v2\/product"}],"about":[{"href":"https:\/\/rmvapesale.com\/sk\/wp-json\/wp\/v2\/types\/product"}],"replies":[{"embeddable":true,"href":"https:\/\/rmvapesale.com\/sk\/wp-json\/wp\/v2\/comments?post=3014"}],"wp:featuredmedia":[{"embeddable":true,"href":"https:\/\/rmvapesale.com\/sk\/wp-json\/wp\/v2\/media\/2983"}],"wp:attachment":[{"href":"https:\/\/rmvapesale.com\/sk\/wp-json\/wp\/v2\/media?parent=3014"}],"wp:term":[{"taxonomy":"product_brand","embeddable":true,"href":"https:\/\/rmvapesale.com\/sk\/wp-json\/wp\/v2\/product_brand?post=3014"},{"taxonomy":"product_cat","embeddable":true,"href":"https:\/\/rmvapesale.com\/sk\/wp-json\/wp\/v2\/product_cat?post=3014"},{"taxonomy":"product_tag","embeddable":true,"href":"https:\/\/rmvapesale.com\/sk\/wp-json\/wp\/v2\/product_tag?post=3014"}],"curies":[{"name":"wp","href":"https:\/\/api.w.org\/{rel}","templated":true}]}}