{"id":3015,"date":"2025-02-02T08:01:52","date_gmt":"2025-02-02T08:01:52","guid":{"rendered":"https:\/\/rmvapesale.com\/?post_type=product&#038;p=3015"},"modified":"2025-01-23T08:19:44","modified_gmt":"2025-01-23T08:19:44","slug":"smart-screen-disposable-vape-bang-king-35000-puff-35k-rechargeable-disposable-vape-0-2-5-nicotine-factory-price","status":"publish","type":"product","link":"https:\/\/rmvapesale.com\/sk\/product\/smart-screen-disposable-vape-bang-king-35000-puff-35k-rechargeable-disposable-vape-0-2-5-nicotine-factory-price\/","title":{"rendered":"Smart Screen Jednorazov\u00e1 Vape Bang King 35000 Puff 35k Nab\u00edjate\u013en\u00e1 jednorazov\u00e1 Vape 0% 2% 5% Nikot\u00ednov\u00e1 tov\u00e1rensk\u00e1 cena"},"content":{"rendered":"<div class=\"B2VR9 CJHX3e\">\n<div class=\"wyccme\">\n<div class=\"flex-shrink-0 flex flex-col relative items-end\">\n<div class=\"pt-0\">\n<div class=\"gizmo-bot-avatar flex h-8 w-8 items-center justify-center overflow-hidden rounded-full\">\n<div class=\"relative p-1 rounded-sm flex items-center justify-center bg-token-main-surface-primary text-token-text-primary h-8 w-8\">\n<div class=\"flex-shrink-0 flex flex-col relative items-end\">\n<div class=\"pt-0\">\n<div class=\"gizmo-bot-avatar flex h-8 w-8 items-center justify-center overflow-hidden rounded-full\">\n<div class=\"flex-shrink-0 flex flex-col relative items-end\">\n<div class=\"pt-0\">\n<div class=\"gizmo-bot-avatar flex h-8 w-8 items-center justify-center overflow-hidden rounded-full\">\n<h1 class=\"relative p-1 rounded-sm flex items-center justify-center bg-token-main-surface-primary text-token-text-primary h-8 w-8\">Smart Screen Jednorazov\u00e1 Vape Bang King 35000 Puff 35k Nab\u00edjate\u013en\u00e1 jednorazov\u00e1 Vape 0% 2% 5% Nikot\u00ednov\u00e1 tov\u00e1rensk\u00e1 cena<\/h1>\n<\/div>\n<\/div>\n<\/div>\n<\/div>\n<\/div>\n<\/div>\n<\/div>\n<\/div>\n<\/div>\n<\/div>\n<div class=\"group\/conversation-turn relative flex w-full min-w-0 flex-col agent-turn\">\n<div class=\"flex-col gap-1 md:gap-3\">\n<div class=\"flex max-w-full flex-col flex-grow\">\n<div class=\"min-h-8 text-message flex w-full flex-col items-end gap-2 whitespace-normal break-words text-start [.text-message+&amp;]:mt-5\" dir=\"auto\" data-message-author-role=\"assistant\" data-message-id=\"80ece0c4-ead1-4ed9-a9f0-ddc22582b4f4\" data-message-model-slug=\"gpt-4o\">\n<p>H\u013ead\u00e1te <strong>dob\u00edjac\u00ed jednorazov\u00fd vape s vysok\u00fdm po\u010dtom potiahnut\u00ed<\/strong> a inteligentn\u00fdmi funkciami? The <strong>Bang King 35000 Puffs Smart Screen Jednorazov\u00fd Vape<\/strong> je ide\u00e1lnou vo\u013ebou pre vaperov, ktor\u00ed po\u017eaduj\u00fa <strong>ve\u013ek\u00fa kapacitu potiahnut\u00ed, nastavite\u013en\u00fd prietok vzduchu a viacero \u00farovn\u00ed nikot\u00ednu<\/strong>, a to v\u0161etko za <strong>n\u00edzku ve\u013ekoobchodn\u00fa cenu<\/strong>. S neuverite\u013en\u00fdm <strong>35 000 potiahnut\u00ed<\/strong>, tento vape poskytuje dlhotrvaj\u00faci p\u00f4\u017eitok, \u010do z neho rob\u00ed jeden z <strong>najob\u013e\u00fabenej\u0161\u00edch jednorazov\u00fdch vaporiz\u00e9rov<\/strong> na trhu.<\/p>\n<p>Naplnen\u00fd s <strong>23 ml e-liquidu<\/strong>, Bang King zais\u0165uje chutn\u00fd a bezprobl\u00e9mov\u00fd z\u00e1\u017eitok z vapovania bez \u010dast\u00e9ho dop\u013a\u0148ania. Pokro\u010dil\u00e1 <strong>0,6\u03a9 odporov\u00e1 \u0161pir\u00e1la<\/strong> poskytuje hladk\u00fa a uspokojuj\u00facu produkciu pary, zatia\u013e \u010do inovat\u00edvny <strong>na inteligentnej obrazovke<\/strong> v\u00e1s informuje v re\u00e1lnom \u010dase o hladin\u00e1ch e-liquidu a bat\u00e9rie.<\/p>\n<p>Navrhnut\u00fd pre pohodlie, the <strong>850 mAh nab\u00edjate\u013en\u00e1 bat\u00e9ria<\/strong> podporuje <strong>Type-C<\/strong>, \u010do v\u00e1m umo\u017en\u00ed r\u00fdchlo sa vr\u00e1ti\u0165 k vapovaniu. \u010ci u\u017e preferujete <strong>n\u00edzkonicot\u00ednov\u00e1 elektronick\u00e1 cigareta<\/strong> alebo silnej\u0161\u00ed z\u00e1sah, Bang King pon\u00faka viacero silnost\u00ed nikot\u00ednu, vr\u00e1tane <strong>0%, 2%, 3% a 5%<\/strong>, vyhovuj\u00fac v\u0161etk\u00fdm preferenci\u00e1m.<\/p>\n<p>Vlastnosti <strong>nastavite\u013en\u00fd prietok vzduchu<\/strong>, m\u00f4\u017eete jemne upravi\u0165 svoj z\u00e1\u017eitok z vapovania bu\u010f tesnej\u0161\u00edm \u0165ahom alebo hlad\u0161\u00edm, vzdu\u0161nej\u0161\u00edm z\u00e1sahom. Plus, s <strong>12 lahodn\u00fdch pr\u00edchut\u00ed<\/strong> na v\u00fdber, je tu nie\u010do, \u010do uspokoj\u00ed ka\u017ed\u00fd vkus.<\/p>\n<p>Ide\u00e1lne pre <strong>ve\u013ekoobchodn\u00ed kupci a distrib\u00fatori vapov<\/strong>, toto zariadenie prich\u00e1dza za <strong>cenu priamo z v\u00fdrobnej linky<\/strong>, \u010do rob\u00ed z neho vynikaj\u00facu vo\u013ebu pre t\u00fdch, ktor\u00ed h\u013eadaj\u00fa <strong>k\u00fapi\u0165 jednorazov\u00e9 vaporiz\u00e9ry vo ve\u013ekom<\/strong>.<\/p>\n<\/div>\n<\/div>\n<\/div>\n<\/div>\n<div class=\"flex-shrink-0 flex flex-col relative items-end\">\n<div class=\"pt-0\">\n<div class=\"gizmo-bot-avatar flex h-8 w-8 items-center justify-center overflow-hidden rounded-full\">\n<p>&nbsp;<\/p>\n<\/div>\n<\/div>\n<\/div>\n<\/div>\n<\/div>\n<p><strong>Kontaktujte Amy pre spr\u00e1vnu odpove\u010f a vape kup\u00f3n!<\/strong><\/p>\n<p><img loading=\"lazy\" decoding=\"async\" class=\"size-full wp-image-1978\" src=\"https:\/\/rmvapesale.com\/wp-content\/uploads\/2024\/09\/Disposable-Vape-Wholesale.jpg\" alt=\"Jednorazov\u00fd vape ve\u013ekoobchod\" width=\"229\" height=\"300\" \/><\/p>\n<h3><a href=\"https:\/\/wa.me\/8617776015835\" target=\"_blank\" rel=\"noopener\"><span style=\"color: #ff0000\"><strong>WhatsApp: +86 17776015835<\/strong><\/span><\/a><\/h3>\n<h3><\/h3>\n<h3><strong style=\"font-size: 1.7em\">Hlavn\u00e9 vlastnosti produktu Bang King 35000 Pufov<\/strong><\/h3>\n<ul>\n<li><strong>Obrovsk\u00fdch 35 000 Pufov:<\/strong> U\u017eite si dlh\u00e9 vapovanie bez \u010dast\u00fdch v\u00fdmen.<\/li>\n<li><strong>Kapacita e-liquidu 23 ml:<\/strong> Poskytuje dlhodob\u00e9 pote\u0161enie bez potreby dop\u013a\u0148ania.<\/li>\n<li><strong>Inteligentn\u00fd displej:<\/strong> Sleduje po\u010det pufov a \u00farove\u0148 bat\u00e9rie v re\u00e1lnom \u010dase.<\/li>\n<li><strong>Mo\u017enosti nikot\u00ednu:<\/strong> Dostupn\u00e9 v modeloch 0%, 2%, 3% a 5%, aby vyhovovali v\u0161etk\u00fdm pou\u017e\u00edvate\u013eom.<\/li>\n<li><strong>Dob\u00edjate\u013en\u00e1 bat\u00e9ria 850mAh:<\/strong> Dlh\u00e1 v\u00fddr\u017e s r\u00fdchlym nab\u00edjan\u00edm cez Type-C.<\/li>\n<li><strong>Nastavite\u013en\u00e1 kontrola pr\u00fadenia vzduchu:<\/strong> Prisp\u00f4sobte si \u0165ah pre dokonal\u00fd z\u00e1sah.<\/li>\n<li><strong>Ochrana proti such\u00e9mu horeniu:<\/strong> Zabezpe\u010duje hladk\u00fd a konzistentn\u00fd z\u00e1\u017eitok z vapovania.<\/li>\n<li><strong>12 mo\u017enost\u00ed pr\u00edchut\u00ed:<\/strong> \u0160irok\u00e1 \u0161k\u00e1la pr\u00edchut\u00ed na uspokojenie ka\u017ed\u00e9ho chu\u0165ov\u00e9ho poh\u00e1rika.<\/li>\n<\/ul>\n<figure id=\"attachment_2996\" aria-describedby=\"caption-attachment-2996\" style=\"width: 800px\" class=\"wp-caption alignnone\"><img loading=\"lazy\" decoding=\"async\" class=\"wp-image-2996 size-full\" src=\"https:\/\/rmvapesale.com\/wp-content\/uploads\/2025\/01\/Bang-King-Vape-35000-Puffs-Disposable-Vapes-Bulk-Buy.webp\" alt=\"Bang King Vape 35000 Pufov Jednorazov\u00e9 Vaporiz\u00e9ry Hromadn\u00fd n\u00e1kup\" width=\"800\" height=\"800\" srcset=\"https:\/\/rmvapesale.com\/wp-content\/uploads\/2025\/01\/Bang-King-Vape-35000-Puffs-Disposable-Vapes-Bulk-Buy.webp 800w, https:\/\/rmvapesale.com\/wp-content\/uploads\/2025\/01\/Bang-King-Vape-35000-Puffs-Disposable-Vapes-Bulk-Buy-300x300.webp 300w, https:\/\/rmvapesale.com\/wp-content\/uploads\/2025\/01\/Bang-King-Vape-35000-Puffs-Disposable-Vapes-Bulk-Buy-150x150.webp 150w, https:\/\/rmvapesale.com\/wp-content\/uploads\/2025\/01\/Bang-King-Vape-35000-Puffs-Disposable-Vapes-Bulk-Buy-768x768.webp 768w, https:\/\/rmvapesale.com\/wp-content\/uploads\/2025\/01\/Bang-King-Vape-35000-Puffs-Disposable-Vapes-Bulk-Buy-600x600.webp 600w, https:\/\/rmvapesale.com\/wp-content\/uploads\/2025\/01\/Bang-King-Vape-35000-Puffs-Disposable-Vapes-Bulk-Buy-100x100.webp 100w\" sizes=\"auto, (max-width: 800px) 100vw, 800px\" \/><figcaption id=\"caption-attachment-2996\" class=\"wp-caption-text\">Bang King Vape 35000 Pufov Jednorazov\u00e9 Vaporiz\u00e9ry Hromadn\u00fd n\u00e1kup<\/figcaption><\/figure>\n<h3><strong style=\"font-size: 1.7em\">Najpred\u00e1vanej\u0161ia pr\u00edchu\u0165 pre Bang King 35000 Pufov<\/strong><strong style=\"font-size: 1.7em\">\u00a0Vape<\/strong><\/h3>\n<p>The <strong>Bang King 35000 Pufov Dob\u00edjate\u013en\u00fd Jednorazov\u00fd Vaporiz\u00e9r<\/strong> pon\u00faka <strong>pr\u00e9miov\u00fd z\u00e1\u017eitok z vapovania<\/strong> s <strong>inteligentn\u00e1 technol\u00f3gia<\/strong>, \u010d\u00edm sa st\u00e1va najob\u013e\u00fabenej\u0161ou vo\u013ebou pre osobn\u00e9 pou\u017eitie aj ve\u013ekoobchodn\u00fd predaj. Objednajte teraz a vychutnajte si to najlep\u0161ie v jednorazovom vapingu!<\/p>\n<ol>\n<li>Jahodovo-mangov\u00e9<\/li>\n<li>Love66<\/li>\n<li>Modr\u00e1 Malina \u013dad<\/li>\n<li>Jahoda Vodn\u00fd mel\u00f3n<\/li>\n<li>Citr\u00f3nov\u00e1 m\u00e4ta<\/li>\n<li>Dvojit\u00e9 Jablko<\/li>\n<li>Energetick\u00fd n\u00e1poj<\/li>\n<li>Brosky\u0148ov\u00fd \u013ead<\/li>\n<li>Jahoda Kiwi<\/li>\n<li>Hroznov\u00fd \u013ead<\/li>\n<li>\u010cu\u010doriedkov\u00e1 \u013eadov\u00e1<\/li>\n<li>Mel\u00f3n<\/li>\n<\/ol>\n<h3><strong>Pre\u010do si vybra\u0165 Rmvapesale pre Bang King 35000 Pufov\u00a0 <\/strong><strong>V<\/strong><strong>Ve\u013ekoobchod s vape<\/strong><strong>?<\/strong><\/h3>\n<div class=\"flex-shrink-0 flex flex-col relative items-end\">\n<div class=\"pt-0\">\n<div class=\"gizmo-bot-avatar flex h-8 w-8 items-center justify-center overflow-hidden rounded-full\">\n<p>S narastaj\u00facou konkurenciou na trhu s jednorazov\u00fdmi e-cigaretami, Rmvapesale, popredn\u00fd svetov\u00fd ve\u013ekoobchodn\u00fd dod\u00e1vate\u013e jednorazov\u00fdch vape rie\u0161en\u00ed, uviedol na trh Bangking 35000 Puffs Double Flavour Disposable Vape. Tento priekopn\u00edcky produkt p\u00fata pozornos\u0165 svoj\u00edm jedine\u010dn\u00fdm a estetick\u00fdm dizajnom. Pon\u00faka \u0161irok\u00fa \u0161k\u00e1lu ovocn\u00fdch pr\u00edchut\u00ed, ktor\u00e9 uspokoja \u0161irok\u00e9 spektrum spotrebite\u013esk\u00fdch chut\u00ed, pri\u010dom kladie d\u00f4raz na inov\u00e1cie a v\u0161estrannos\u0165.<\/p>\n<p class=\"relative p-1 rounded-sm flex items-center justify-center bg-token-main-surface-primary text-token-text-primary h-8 w-8\">Rmvapesale je v\u00e1\u0161 spo\u013eahliv\u00fd vape shop pre pr\u00e9miov\u00e9 jednorazov\u00e9 vapy. S viac ako 5 rokmi sk\u00fasenost\u00ed v\u00e1m prin\u00e1\u0161ame popul\u00e1rne zna\u010dky jednorazov\u00fdch vapov ako Al Fakher, JNR Vape, Vapsolo Vape, Vapme Vape, <a href=\"https:\/\/rmvapesale.com\/sk\/product-category\/bang-vapes\/\">Bang Vape<\/a>, Waspe Vape, WGA Vape a<a href=\"https:\/\/rmvapesale.com\/sk\/product-category\/randm-fumot-vape\/\"> RandM Vape<\/a>.N\u00e1\u0161 sortiment zah\u0155\u0148a hor\u00face predajn\u00e9 jednorazov\u00e9 vape ako napr\u00edklad <a href=\"https:\/\/rmvapesale.com\/sk\/product\/vopk-tornado-15000-puffs-disposable-vape-led-display\/\">VOPK Tornado 15000 \u0165ahov<\/a> a vo\u013eby bohat\u00e9 na chu\u0165 ako napr\u00edklad<a href=\"https:\/\/rmvapesale.com\/sk\/product\/elf-box-ls15000-puffs-shisha-hookah-disposable-vape\/\"> ELF BOX shisha Hooka 15000 PUFOV<\/a>. Ka\u017ed\u00fd produkt je vybran\u00fd so zameran\u00edm na kvalitu, hodnotu a rozmanitos\u0165, \u010do zais\u0165uje, \u017ee n\u00e1jdete perfektn\u00fa vo\u013ebu pre va\u0161e potreby. Objavte v\u00fdnimo\u010dn\u00e9 slu\u017eby a \u0161irok\u00fa \u0161k\u00e1lu \u0161pi\u010dkov\u00fdch produktov v Rmvapesale.<\/p>\n<p class=\"relative p-1 rounded-sm flex items-center justify-center bg-token-main-surface-primary text-token-text-primary h-8 w-8\"><b style=\"font-size: 1.5em;font-style: inherit\">\u010casto kladen\u00e9 ot\u00e1zky pre Bang King 35000 Pufov <\/b><b style=\"font-size: 1.5em;font-style: inherit\">Nab\u00edjate\u013en\u00e1 jednorazov\u00e1 vapka<\/b><\/p>\n<ol>\n<li><strong>Kde m\u00f4\u017eem k\u00fapi\u0165 jednorazov\u00fd vaporiz\u00e9r Bang King 35000 Pufov za ve\u013ekoobchodn\u00e9 ceny?<\/strong>\n<ul>\n<li>Najlep\u0161ie ceny priamo z v\u00fdrobn\u00e9ho z\u00e1vodu z\u00edskate na <a href=\"https:\/\/rmvapesale.com\/sk\/\" target=\"_new\" rel=\"noopener\">Rmvapesale<\/a>, v\u00e1\u0161 d\u00f4veryhodn\u00fd zdroj na ve\u013ekoobchodn\u00e9 jednorazov\u00e9 vaporiz\u00e9ry.<\/li>\n<\/ul>\n<\/li>\n<li><strong>Je vaporiz\u00e9r Bang King 35000 dob\u00edjate\u013en\u00fd?<\/strong>\n<ul>\n<li>\u00c1no, je vybaven\u00fd dob\u00edjate\u013enou bat\u00e9riou s kapacitou 850mAh a podporuje r\u00fdchle nab\u00edjanie cez Type-C.<\/li>\n<\/ul>\n<\/li>\n<li><strong>Ak\u00e9 \u00farovne nikot\u00ednu s\u00fa dostupn\u00e9?<\/strong>\n<ul>\n<li>Tento vaporiz\u00e9r je dostupn\u00fd s \u00farov\u0148ami nikot\u00ednu 0%, 2%, 3% a 5%, aby vyhovoval r\u00f4znym preferenci\u00e1m.<\/li>\n<\/ul>\n<\/li>\n<li><strong>Ako funguje displej na smart obrazovke?<\/strong>\n<ul>\n<li>Displej poskytuje inform\u00e1cie v re\u00e1lnom \u010dase o stave bat\u00e9rie a \u00farovni e-liquidu, \u010d\u00edm v\u00e1s v\u017edy informuje.<\/li>\n<\/ul>\n<\/li>\n<li><strong>Pon\u00faka Bang King 35K nastavite\u013en\u00fd prietok vzduchu?<\/strong>\n<ul>\n<li>\u00c1no, funkcia nastavite\u013en\u00e9ho prietoku vzduchu v\u00e1m umo\u017e\u0148uje prisp\u00f4sobi\u0165 si \u0161t\u00fdl vapingu pre tesnej\u0161\u00ed alebo vo\u013enej\u0161\u00ed \u0165ah.<\/li>\n<\/ul>\n<\/li>\n<\/ol>\n<\/div>\n<\/div>\n<\/div>\n<h2>Ako objedna\u0165?<\/h2>\n<div class=\"flex-shrink-0 flex flex-col relative items-end\">\n<div class=\"pt-0\">\n<div class=\"gizmo-bot-avatar flex h-8 w-8 items-center justify-center overflow-hidden rounded-full\">\n<div>\n<p><strong>1. Ak\u00e9 platobn\u00e9 met\u00f3dy akceptujete?<\/strong><br \/>\n<span class=\"selectable-text copyable-text false\">Na platbu pon\u00fakame bankov\u00fd prevod a Western Union. V\u00e4\u010d\u0161ina na\u0161ich z\u00e1kazn\u00edkov zo Slovenska si vyber\u00e1 bankov\u00fd prevod, m\u00e1me lok\u00e1lny bankov\u00fd \u00fa\u010det, na ktor\u00fd m\u00f4\u017eete plati\u0165 na n\u00e1\u0161 IBAN \u00fa\u010det bez poplatkov za spracovanie. <\/span>.<\/p>\n<p><strong>2. Ako m\u00f4\u017eem sledova\u0165 svoju objedn\u00e1vku?<\/strong><br \/>\nPo odoslan\u00ed bal\u00edka, <span class=\"selectable-text copyable-text false\">poskytneme sledovacie \u010d\u00edslo pre referenciu, budeme tie\u017e neust\u00e1le aktualizova\u0165 stav, k\u00fdm nedostanete tovar<\/span>.<\/p>\n<p><strong>3. Ako dlho trv\u00e1 doru\u010denie?<\/strong><\/p>\n<ul>\n<li>Doprava zo <strong>skladov v \u010c\u00edne<\/strong> trv\u00e1 pribli\u017ene <strong>7-14 pracovn\u00fdch dn\u00ed<\/strong>.<\/li>\n<li>Doprava zo <strong>Eur\u00f3pske sklady<\/strong> zvy\u010dajne trv\u00e1 <strong>3-6 pracovn\u00fdch dn\u00ed<\/strong>.<\/li>\n<\/ul>\n<p><strong>4. Ako m\u00f4\u017eem z\u00edska\u0165 r\u00fdchlej\u0161ie doru\u010denie?<\/strong><br \/>\nPre r\u00fdchlej\u0161ie doru\u010denie odpor\u00fa\u010dame objedna\u0165 z n\u00e1\u0161ho <strong>eur\u00f3pskeho skladu<\/strong>, ktor\u00fd pon\u00faka r\u00fdchlej\u0161ie dodacie lehoty.<\/p>\n<p><strong>5. \u010co ak dostanem po\u0161koden\u00fd alebo chybn\u00fd produkt?<\/strong><br \/>\nAk je va\u0161a polo\u017eka po\u0161koden\u00e1 alebo chybn\u00e1, kontaktujte z\u00e1kazn\u00edcky servis pre <strong>v\u00fdmenu alebo vr\u00e1tenie pe\u0148az\u00ed<\/strong>.<\/p>\n<p><strong>6. Ako m\u00f4\u017eem kontaktova\u0165 z\u00e1kazn\u00edcky servis?<\/strong><br \/>\nM\u00f4\u017eete n\u00e1s kontaktova\u0165 cez<strong>\u00a0WhatsApp, alebo live chat<\/strong> na na\u0161ej webovej str\u00e1nke, ak potrebujete ak\u00fako\u013evek pomoc.<\/p>\n<\/div>\n<div class=\"relative p-1 rounded-sm flex items-center justify-center bg-token-main-surface-primary text-token-text-primary h-8 w-8\"><strong>7. Ak\u00e9 sp\u00f4soby dopravy sa pou\u017e\u00edvaj\u00fa?<\/strong><\/div>\n<\/div>\n<\/div>\n<\/div>\n<div class=\"group\/conversation-turn relative flex w-full min-w-0 flex-col agent-turn\">\n<div class=\"flex-col gap-1 md:gap-3\">\n<div class=\"flex max-w-full flex-col flex-grow\">\n<div class=\"min-h-[20px] text-message flex w-full flex-col items-end gap-2 whitespace-normal break-words [.text-message+&amp;]:mt-5 overflow-x-auto\" dir=\"auto\" data-message-author-role=\"assistant\" data-message-id=\"22f8283b-3233-46ff-89a5-c7a41b33abda\">\n<div class=\"flex w-full flex-col gap-1 empty:hidden first:pt-[3px]\">\n<div class=\"markdown prose w-full break-words dark:prose-invert light\">\n<p>Spolupracujeme so spolo\u010dnos\u0165ami UPS, DHL, FedEx, DPD a \u010fal\u0161\u00edmi popredn\u00fdmi dopravcami. Vyberieme najlep\u0161\u00ed sp\u00f4sob doru\u010denia na z\u00e1klade va\u0161ej adresy, aby sme zaistili, \u017ee svoje produkty dostanete \u010do najr\u00fdchlej\u0161ie.<\/p>\n<\/div>\n<\/div>\n<\/div>\n<\/div>\n<\/div>\n<\/div>\n<p>N\u00e1jdite \u010fal\u0161ie vape produkty, ktor\u00e9 by sa v\u00e1m mohli p\u00e1\u010di\u0165:<strong><em><a href=\"https:\/\/rmvapesale.com\/sk\/shop-2\/\">nakupova\u0165 teraz &gt;&gt;&gt;<\/a><\/em><\/strong><\/p>","protected":false},"excerpt":{"rendered":"<p>Bang King 35000 Pufov Nab\u00edjate\u013en\u00fd Jednorazov\u00fd Vaporiz\u00e9r s N\u00edzkou Cenou<br \/>\nBang King 35k Pufov Ob\u013e\u00faben\u00fd Jednorazov\u00fd Vaporiz\u00e9r na Pero Hromadn\u00fd N\u00e1kup<br \/>\nBangKing 35000 Pufov LED Displej Inteligentn\u00e1 Obrazovka Jednorazov\u00fd Vaporiz\u00e9r Ve\u013ekoobchod<\/p>\n<p><strong>Kontaktujte Amy pre spr\u00e1vnu odpove\u010f a vape kup\u00f3n!<\/strong><\/p>\n<p><img loading=\"lazy\" decoding=\"async\" class=\"size-full wp-image-2375\" src=\"https:\/\/rmvapesale.com\/wp-content\/uploads\/2024\/10\/image.png\" alt=\"Najlep\u0161\u00ed jednorazov\u00fd vape\" width=\"229\" height=\"300\" \/><\/p>\n<h3><a href=\"https:\/\/wa.me\/8617776015835\"><span style=\"color: #ff0000\"><strong>WhatsApp: +86 17776015835<\/strong><\/span><\/a><\/h3>\n<p>&nbsp;<\/p>","protected":false},"featured_media":2995,"comment_status":"open","ping_status":"closed","template":"","meta":{"_uag_custom_page_level_css":"","_lmt_disableupdate":"no","_lmt_disable":"","site-sidebar-layout":"default","site-content-layout":"content-boxed-container","ast-site-content-layout":"normal-width-container","site-content-style":"boxed","site-sidebar-style":"unboxed","ast-global-header-display":"","ast-banner-title-visibility":"","ast-main-header-display":"","ast-hfb-above-header-display":"","ast-hfb-below-header-display":"","ast-hfb-mobile-header-display":"","site-post-title":"","ast-breadcrumbs-content":"","ast-featured-img":"","footer-sml-layout":"","theme-transparent-header-meta":"default","adv-header-id-meta":"","stick-header-meta":"","header-above-stick-meta":"","header-main-stick-meta":"","header-below-stick-meta":"","astra-migrate-meta-layouts":"set","ast-page-background-enabled":"default","ast-page-background-meta":{"desktop":{"background-color":"var(--ast-global-color-4)","background-image":"","background-repeat":"repeat","background-position":"center center","background-size":"auto","background-attachment":"scroll","background-type":"","background-media":"","overlay-type":"","overlay-color":"","overlay-opacity":"","overlay-gradient":""},"tablet":{"background-color":"","background-image":"","background-repeat":"repeat","background-position":"center center","background-size":"auto","background-attachment":"scroll","background-type":"","background-media":"","overlay-type":"","overlay-color":"","overlay-opacity":"","overlay-gradient":""},"mobile":{"background-color":"","background-image":"","background-repeat":"repeat","background-position":"center center","background-size":"auto","background-attachment":"scroll","background-type":"","background-media":"","overlay-type":"","overlay-color":"","overlay-opacity":"","overlay-gradient":""}},"ast-content-background-meta":{"desktop":{"background-color":"var(--ast-global-color-5)","background-image":"","background-repeat":"repeat","background-position":"center center","background-size":"auto","background-attachment":"scroll","background-type":"","background-media":"","overlay-type":"","overlay-color":"","overlay-opacity":"","overlay-gradient":""},"tablet":{"background-color":"var(--ast-global-color-5)","background-image":"","background-repeat":"repeat","background-position":"center center","background-size":"auto","background-attachment":"scroll","background-type":"","background-media":"","overlay-type":"","overlay-color":"","overlay-opacity":"","overlay-gradient":""},"mobile":{"background-color":"var(--ast-global-color-5)","background-image":"","background-repeat":"repeat","background-position":"center center","background-size":"auto","background-attachment":"scroll","background-type":"","background-media":"","overlay-type":"","overlay-color":"","overlay-opacity":"","overlay-gradient":""}},"_joinchat":[]},"product_brand":[],"product_cat":[15,289,291,292,293,295,299,279,246,25,123,26,28,135,27,60,137,136,30],"product_tag":[308,76,199,146,64,40,111,306],"class_list":{"0":"post-3015","1":"product","2":"type-product","3":"status-publish","4":"has-post-thumbnail","6":"product_cat-new-vape-this-week","7":"product_cat-big-puffs-disposable-vapes","8":"product_cat-dual-mesh-disposable-vapes","9":"product_cat-digital-disposable-vapes","10":"product_cat-low-nicotine-disposable-vapes","11":"product_cat-rechargeable-disposable-vapes","12":"product_cat-smart-screen-disposable-vapes","13":"product_cat-bang-king-vape","14":"product_cat-35000-puffs-disposable-vape","15":"product_cat-germany-best-selling-vape","16":"product_cat-italy-wholesale-vape","17":"product_cat-netherlands-hot-sale-vape","18":"product_cat-poland-hot-sale-vape","19":"product_cat-spain-best-hot-sale-vape","20":"product_cat-fance-hot-sale-vape","21":"product_cat-bang-vapes","22":"product_cat-rechargeable-vapes","23":"product_cat-smart-screen-vapes","24":"product_cat-minimum-order-quantity-50pcs","25":"product_tag-bang-king-35000","26":"product_tag-bang-king-vape","27":"product_tag-bang-vape","28":"product_tag-best-hot-sale-vape","29":"product_tag-dual-flavour-vape","30":"product_tag-hot-sale-vape","31":"product_tag-low-nicotine-disposable-vape","32":"product_tag-puff-bar","33":"desktop-align-left","34":"tablet-align-left","35":"mobile-align-left","37":"first","38":"instock","39":"sale","40":"shipping-taxable","41":"purchasable","42":"product-type-simple"},"uagb_featured_image_src":{"full":["https:\/\/rmvapesale.com\/wp-content\/uploads\/2025\/01\/Bang-King-35k-Puffs-Disposable-Vapes-Wholesale.webp",800,800,false],"thumbnail":["https:\/\/rmvapesale.com\/wp-content\/uploads\/2025\/01\/Bang-King-35k-Puffs-Disposable-Vapes-Wholesale-150x150.webp",150,150,true],"medium":["https:\/\/rmvapesale.com\/wp-content\/uploads\/2025\/01\/Bang-King-35k-Puffs-Disposable-Vapes-Wholesale-300x300.webp",300,300,true],"medium_large":["https:\/\/rmvapesale.com\/wp-content\/uploads\/2025\/01\/Bang-King-35k-Puffs-Disposable-Vapes-Wholesale-768x768.webp",768,768,true],"large":["https:\/\/rmvapesale.com\/wp-content\/uploads\/2025\/01\/Bang-King-35k-Puffs-Disposable-Vapes-Wholesale.webp",800,800,false],"1536x1536":["https:\/\/rmvapesale.com\/wp-content\/uploads\/2025\/01\/Bang-King-35k-Puffs-Disposable-Vapes-Wholesale.webp",800,800,false],"2048x2048":["https:\/\/rmvapesale.com\/wp-content\/uploads\/2025\/01\/Bang-King-35k-Puffs-Disposable-Vapes-Wholesale.webp",800,800,false],"trp-custom-language-flag":["https:\/\/rmvapesale.com\/wp-content\/uploads\/2025\/01\/Bang-King-35k-Puffs-Disposable-Vapes-Wholesale.webp",12,12,false],"woocommerce_thumbnail":["https:\/\/rmvapesale.com\/wp-content\/uploads\/2025\/01\/Bang-King-35k-Puffs-Disposable-Vapes-Wholesale-300x300.webp",300,300,true],"woocommerce_single":["https:\/\/rmvapesale.com\/wp-content\/uploads\/2025\/01\/Bang-King-35k-Puffs-Disposable-Vapes-Wholesale-600x600.webp",600,600,true],"woocommerce_gallery_thumbnail":["https:\/\/rmvapesale.com\/wp-content\/uploads\/2025\/01\/Bang-King-35k-Puffs-Disposable-Vapes-Wholesale-100x100.webp",100,100,true],"wcpr-photo-reviews":["https:\/\/rmvapesale.com\/wp-content\/uploads\/2025\/01\/Bang-King-35k-Puffs-Disposable-Vapes-Wholesale.webp",500,500,false]},"uagb_author_info":{"display_name":"AMY","author_link":"https:\/\/rmvapesale.com\/sk\/author\/"},"uagb_comment_info":0,"uagb_excerpt":"Bang King 35000 Puff\u00a0 Bar Rechargeable Disposable Vape Cheap Price Bang King 35k Puff Popular Disposable Vape Pen Bulk Buy BangKing 35000 Puff LED Display Smart Screen Disposable Vape Wholesale Contact Amy to get right reply and vape coupon! WhatsApp: +86 17776015835 &nbsp;","_links":{"self":[{"href":"https:\/\/rmvapesale.com\/sk\/wp-json\/wp\/v2\/product\/3015","targetHints":{"allow":["GET"]}}],"collection":[{"href":"https:\/\/rmvapesale.com\/sk\/wp-json\/wp\/v2\/product"}],"about":[{"href":"https:\/\/rmvapesale.com\/sk\/wp-json\/wp\/v2\/types\/product"}],"replies":[{"embeddable":true,"href":"https:\/\/rmvapesale.com\/sk\/wp-json\/wp\/v2\/comments?post=3015"}],"wp:featuredmedia":[{"embeddable":true,"href":"https:\/\/rmvapesale.com\/sk\/wp-json\/wp\/v2\/media\/2995"}],"wp:attachment":[{"href":"https:\/\/rmvapesale.com\/sk\/wp-json\/wp\/v2\/media?parent=3015"}],"wp:term":[{"taxonomy":"product_brand","embeddable":true,"href":"https:\/\/rmvapesale.com\/sk\/wp-json\/wp\/v2\/product_brand?post=3015"},{"taxonomy":"product_cat","embeddable":true,"href":"https:\/\/rmvapesale.com\/sk\/wp-json\/wp\/v2\/product_cat?post=3015"},{"taxonomy":"product_tag","embeddable":true,"href":"https:\/\/rmvapesale.com\/sk\/wp-json\/wp\/v2\/product_tag?post=3015"}],"curies":[{"name":"wp","href":"https:\/\/api.w.org\/{rel}","templated":true}]}}