{"id":370,"date":"2021-08-20T11:50:58","date_gmt":"2021-08-20T11:50:58","guid":{"rendered":"https:\/\/rmvapesale.com\/product\/hybrid-cleansing-balm\/"},"modified":"2025-01-20T03:10:16","modified_gmt":"2025-01-20T03:10:16","slug":"randm-vape-al-fakher-10000-puffs-vape-wholesale","status":"publish","type":"product","link":"https:\/\/rmvapesale.com\/sk\/product\/randm-vape-al-fakher-10000-puffs-vape-wholesale\/","title":{"rendered":"Randm Vape Al Fakher 10000 potiahnut\u00ed vape ve\u013ekoobchodn\u00e1 cena Fumot SHISHA 10K"},"content":{"rendered":"<h1><strong>Randm Vape Al Fakher 10000 potiahnut\u00ed vape ve\u013ekoobchodn\u00e1 cena Fumot SHISHA 10K<\/strong><\/h1>\n<p>Randm Vape Al Fakher 10000 je revolu\u010dn\u00e1 nab\u00edjate\u013en\u00e1 DTL (Direct To Lung) vapa, ktor\u00e1 predefinuje vynikaj\u00faci vaping. V\u010faka LED indik\u00e1toru poskytuje aktu\u00e1lne inform\u00e1cie o hladine e-liquidu a nap\u00e4t\u00ed, \u010do zais\u0165uje, \u017ee m\u00e1te v\u017edy v\u0161etko pod kontrolou. S praktick\u00fdm portom Type-C umiestnen\u00fdm na z\u00e1kladni je nab\u00edjanie tejto vapy jednoduch\u00e9 a r\u00fdchle.<\/p>\n<p>Predplnen\u00fd s 18 ml e-liquidu, Shisha bar 10000 dod\u00e1va silu nikot\u00ednu 0.5% a pon\u00faka a\u017e neuverite\u013en\u00fdch 10 000 po\u0165ahov v testovacom prostred\u00ed. Nie je to v\u0161ak len o kvantite \u2013 t\u00e1to vapa sa p\u00fd\u0161i technol\u00f3giou Mesh Coil, ktor\u00e1 integruje 0,6-ohm cievku s n\u00edzkym odporom pre maxim\u00e1lnu plochu vykurovania. Rozl\u00fa\u010dte sa so such\u00fdmi po\u0165ahmi a nerovnomernou distrib\u00faciou chuti; dizajn Mesh Coil zais\u0165uje konzistentn\u00e9 vykurovanie, \u010do m\u00e1 za n\u00e1sledok hlad\u0161ie \u0165ahy a bohat\u0161iu produkciu pary.<\/p>\n<p>Teraz je t\u00e1to vapa Randm Vape Al Fakher hor\u00facou predajnou novinkou vo v\u00e4\u010d\u0161ine kraj\u00edn v Eur\u00f3pe, ako je Nemecko, Holandsko, Franc\u00fazsko, Taliansko, \u0160vaj\u010diarsko, \u0160v\u00e9dsko, \u0160panielsko, Po\u013esko, Belgicko, Rak\u00fasko, N\u00f3rsko, D\u00e1nsko, at\u010f., \u017ee je to dobr\u00e1 vo\u013eba pre maloobchodn\u00edkov, ktor\u00ed h\u013eadaj\u00fa cenovo v\u00fdhodn\u00fa jednorazov\u00fa vapu s hromadnou ve\u013ekoobchodnou cenou.<\/p>\n<p><strong>Prida\u0165 mana\u017e\u00e9rku predaja AMY whatsapp <a href=\"https:\/\/wa.me\/8617776015835\" target=\"_blank\" rel=\"noopener\">+86-17776015835<\/a> z\u00edskajte v\u00e4\u010d\u0161iu z\u013eavu!<\/strong><\/p>\n<p><img loading=\"lazy\" decoding=\"async\" class=\"size-medium wp-image-1814\" src=\"https:\/\/rmvapesale.com\/wp-content\/uploads\/2024\/04\/whatsapp-amy-229x300.jpg\" alt=\"whatsapp amy\" width=\"229\" height=\"300\" srcset=\"https:\/\/rmvapesale.com\/wp-content\/uploads\/2024\/04\/whatsapp-amy-229x300.jpg 229w, https:\/\/rmvapesale.com\/wp-content\/uploads\/2024\/04\/whatsapp-amy-783x1024.jpg 783w, https:\/\/rmvapesale.com\/wp-content\/uploads\/2024\/04\/whatsapp-amy-768x1005.jpg 768w, https:\/\/rmvapesale.com\/wp-content\/uploads\/2024\/04\/whatsapp-amy-600x785.jpg 600w, https:\/\/rmvapesale.com\/wp-content\/uploads\/2024\/04\/whatsapp-amy.jpg 990w\" sizes=\"auto, (max-width: 229px) 100vw, 229px\" \/><\/p>\n<h2>Randm Vape Al Fakher 10000 po\u0165ahov FAQS<\/h2>\n<p><strong>1. \u010co je s\u00fa\u010das\u0165ou balenia Randm Vape Al Fakher 10000 PUFFS VAPE &amp; Fumot SHISHA 10K?<\/strong><\/p>\n<ul>\n<li>Ka\u017ed\u00e9 balenie obsahuje jedno nab\u00edjate\u013en\u00e9 zariadenie DTL (Direct To Lung) vapa, predplnen\u00e9 s 18 ml e-liquidu a s LED indik\u00e1torom. Okrem toho balenie obsahuje nab\u00edjac\u00ed k\u00e1bel Type-C pre pohodln\u00e9 nab\u00edjanie.<\/li>\n<\/ul>\n<p><strong>2. Ko\u013eko po\u0165ahov m\u00f4\u017eem o\u010dak\u00e1va\u0165 od Fumot Vape Shisha 10000 Puff?<\/strong><\/p>\n<ul>\n<li>Shisha 10000 sa p\u00fd\u0161i p\u00f4sobiv\u00fdmi 10 000 po\u0165ahmi (v testovacom prostred\u00ed), ktor\u00e9 poskytuj\u00fa pred\u013a\u017een\u00e9 pou\u017e\u00edvanie a trval\u00fa spokojnos\u0165.<\/li>\n<\/ul>\n<p><strong>3. Ak\u00fa silu nikot\u00ednu pon\u00faka Randm Shisha 10000 po\u0165ahov?<\/strong><\/p>\n<ul>\n<li>Shisha 10000 je predplnen\u00e1 e-liquidom s 0.5% silou nikot\u00ednu, \u010do pon\u00faka vyv\u00e1\u017een\u00fd z\u00e1\u017eitok z vapingu.<\/li>\n<\/ul>\n<p><strong>4. M\u00f4\u017eem si vybra\u0165 svoju ob\u013e\u00faben\u00fa pr\u00edchu\u0165 s vapou Shisha 10k Fumot?<\/strong><\/p>\n<ul>\n<li>\u00c1no, ur\u010dite! Shisha 10000 pon\u00faka v\u00fdber z 34 pr\u00edchut\u00ed, aby vyhovela r\u00f4znym preferenci\u00e1m, \u010do zais\u0165uje, \u017ee si ka\u017ed\u00fd n\u00e1jde nie\u010do pre seba.<\/li>\n<\/ul>\n<p><strong>3. Ako technol\u00f3gia Mesh Coil vylep\u0161uje z\u00e1\u017eitok z vapovania?<\/strong><\/p>\n<ul>\n<li>Technol\u00f3gia Mesh Coil integrovan\u00e1 do Randm Vape Fumot Shisha 10000 obsahuje 0,6-ohm cievku s n\u00edzkym odporom, \u010do maximalizuje plochu vykurovania pre hlad\u0161ie \u0165ahy a bohat\u0161iu produkciu pary. T\u00e1to technol\u00f3gia zais\u0165uje konzistentn\u00e9 a rovnomern\u00e9 vykurovanie e-liquidu, \u010do prin\u00e1\u0161a dokonal\u00fd chu\u0165ov\u00fd z\u00e1\u017eitok.<\/li>\n<\/ul>\n<p><strong>6. Je Fumot AI FAKHER <\/strong><strong>Shisha 10000 PUFFS \u013eahko nab\u00edjate\u013en\u00e1?<\/strong><\/p>\n<ul>\n<li>\u00c1no, RANDM Shisha 10000 PUFFS m\u00e1 port Type-C na z\u00e1kladni pre r\u00fdchle a pohodln\u00e9 nab\u00edjanie. Jednoducho pripojte dodan\u00fd nab\u00edjac\u00ed k\u00e1bel Type-C k zdroju nap\u00e1jania pre r\u00fdchle doplnenie energie bat\u00e9rie.<\/li>\n<\/ul>\n<p><strong>7. M\u00f4\u017eem ovl\u00e1da\u0165 pr\u00fadenie vzduchu s FUMOT VAPE Shisha 10K PUFFS VELOM?<\/strong><\/p>\n<ul>\n<li>\u00c1no, Shisha 10000 je vybaven\u00e1 ovl\u00e1dan\u00edm pr\u00fadenia vzduchu, \u010do umo\u017e\u0148uje pou\u017e\u00edvate\u013eom upravi\u0165 pr\u00fadenie vzduchu pod\u013ea ich preferenci\u00ed pre prisp\u00f4soben\u00fd z\u00e1\u017eitok z vapovania.<\/li>\n<\/ul>\n<p><strong>8. Je WHOLESALE FUMOT RANDM VAPE Shisha 10000 vhodn\u00e1 pre za\u010diato\u010dn\u00edkov aj sk\u00fasen\u00fdch vap\u00e9rov?<\/strong><\/p>\n<ul>\n<li>Ur\u010dite! Shisha 10000 je navrhnut\u00e1 tak, aby vyhovovala potreb\u00e1m za\u010diato\u010dn\u00edkov aj sk\u00fasen\u00fdch vap\u00e9rov, pon\u00faka jednoduch\u00e9 pou\u017eitie, pokro\u010dil\u00e9 funkcie a v\u00fdnimo\u010dn\u00fd v\u00fdkon pre v\u0161etk\u00fdch.<\/li>\n<\/ul>\n<p><strong>9. \u010co m\u00e1m robi\u0165, ak m\u00e1m \u010fal\u0161ie ot\u00e1zky alebo potrebujem pomoc?<\/strong><\/p>\n<ul>\n<li>Ak m\u00e1te ak\u00e9ko\u013evek \u010fal\u0161ie ot\u00e1zky alebo potrebujete pomoc s Randm Vape Al Fakher 10000 PUFFS VAPE &amp; Fumot SHISHA 10K, nev\u00e1hajte kontaktova\u0165 n\u00e1\u0161 t\u00edm z\u00e1kazn\u00edckej podpory. Sme tu, aby sme v\u00e1m pomohli a zabezpe\u010dili, \u017ee v\u00e1\u0161 z\u00e1\u017eitok z vapovania bude v\u00fdnimo\u010dn\u00fd.<\/li>\n<\/ul>\n<p>N\u00e1jdite \u010fal\u0161ie vape produkty, ktor\u00e9 by sa v\u00e1m mohli p\u00e1\u010di\u0165:<em><a href=\"https:\/\/rmvapesale.com\/sk\/shop-2\/\">nakupova\u0165 teraz\u00a0<\/a><\/em><\/p>\n<p>\u010eal\u0161ie hor\u00face predajn\u00e9 vape, ktor\u00e9 by sa v\u00e1m mohli p\u00e1\u010di\u0165:<\/p>","protected":false},"excerpt":{"rendered":"<p class=\"LC20lb MBeuO DKV0Md\">Jednorazov\u00e1 vapa Fumot Shisha 10000 DTL<br \/>\nRANDM SHISHA 10000 PUFF Vape AI FAKHER<br \/>\nFumot Crown Bar 10k ve\u013ekoobchodn\u00e1 nab\u00edjate\u013en\u00e1 vapa<br \/>\n<strong>Kontaktujte Amy pre viac zliav a ni\u017e\u0161iu MOQ Vape<\/strong><\/p>\n<p><img loading=\"lazy\" decoding=\"async\" class=\"size-medium wp-image-1814\" src=\"https:\/\/rmvapesale.com\/wp-content\/uploads\/2024\/04\/whatsapp-amy-229x300.jpg\" alt=\"whatsapp amy\" width=\"229\" height=\"300\" srcset=\"https:\/\/rmvapesale.com\/wp-content\/uploads\/2024\/04\/whatsapp-amy-229x300.jpg 229w, https:\/\/rmvapesale.com\/wp-content\/uploads\/2024\/04\/whatsapp-amy-783x1024.jpg 783w, https:\/\/rmvapesale.com\/wp-content\/uploads\/2024\/04\/whatsapp-amy-768x1005.jpg 768w, https:\/\/rmvapesale.com\/wp-content\/uploads\/2024\/04\/whatsapp-amy-600x785.jpg 600w, https:\/\/rmvapesale.com\/wp-content\/uploads\/2024\/04\/whatsapp-amy.jpg 990w\" sizes=\"auto, (max-width: 229px) 100vw, 229px\" \/><\/p>\n<h3><span style=\"color: #ff0000\"><strong>WhatsApp: +86 17776015835<\/strong><\/span><\/h3>","protected":false},"featured_media":1852,"comment_status":"open","ping_status":"closed","template":"","meta":{"_uag_custom_page_level_css":"","_lmt_disableupdate":"no","_lmt_disable":"","site-sidebar-layout":"default","site-content-layout":"content-boxed-container","ast-site-content-layout":"normal-width-container","site-content-style":"boxed","site-sidebar-style":"unboxed","ast-global-header-display":"","ast-banner-title-visibility":"","ast-main-header-display":"","ast-hfb-above-header-display":"","ast-hfb-below-header-display":"","ast-hfb-mobile-header-display":"","site-post-title":"","ast-breadcrumbs-content":"","ast-featured-img":"","footer-sml-layout":"","ast-disable-related-posts":"","theme-transparent-header-meta":"default","adv-header-id-meta":"","stick-header-meta":"","header-above-stick-meta":"","header-main-stick-meta":"","header-below-stick-meta":"","astra-migrate-meta-layouts":"set","ast-page-background-enabled":"default","ast-page-background-meta":{"desktop":{"background-color":"var(--ast-global-color-4)","background-image":"","background-repeat":"repeat","background-position":"center center","background-size":"auto","background-attachment":"scroll","background-type":"","background-media":"","overlay-type":"","overlay-color":"","overlay-opacity":"","overlay-gradient":""},"tablet":{"background-color":"","background-image":"","background-repeat":"repeat","background-position":"center center","background-size":"auto","background-attachment":"scroll","background-type":"","background-media":"","overlay-type":"","overlay-color":"","overlay-opacity":"","overlay-gradient":""},"mobile":{"background-color":"","background-image":"","background-repeat":"repeat","background-position":"center center","background-size":"auto","background-attachment":"scroll","background-type":"","background-media":"","overlay-type":"","overlay-color":"","overlay-opacity":"","overlay-gradient":""}},"ast-content-background-meta":{"desktop":{"background-color":"var(--ast-global-color-5)","background-image":"","background-repeat":"repeat","background-position":"center center","background-size":"auto","background-attachment":"scroll","background-type":"","background-media":"","overlay-type":"","overlay-color":"","overlay-opacity":"","overlay-gradient":""},"tablet":{"background-color":"var(--ast-global-color-5)","background-image":"","background-repeat":"repeat","background-position":"center center","background-size":"auto","background-attachment":"scroll","background-type":"","background-media":"","overlay-type":"","overlay-color":"","overlay-opacity":"","overlay-gradient":""},"mobile":{"background-color":"var(--ast-global-color-5)","background-image":"","background-repeat":"repeat","background-position":"center center","background-size":"auto","background-attachment":"scroll","background-type":"","background-media":"","overlay-type":"","overlay-color":"","overlay-opacity":"","overlay-gradient":""}},"_joinchat":[]},"product_brand":[],"product_cat":[25,271,289,27,51,123,293,30,26,15,28,31,295,137,299,136,135],"product_tag":[39,40,41,38,37],"class_list":{"0":"post-370","1":"product","2":"type-product","3":"status-publish","4":"has-post-thumbnail","6":"product_cat-germany-best-selling-vape","7":"product_cat-10000-puff-disposable-vape","8":"product_cat-big-puffs-disposable-vapes","9":"product_cat-fance-hot-sale-vape","10":"product_cat-fumot-vape","11":"product_cat-italy-wholesale-vape","12":"product_cat-low-nicotine-disposable-vapes","13":"product_cat-minimum-order-quantity-50pcs","14":"product_cat-netherlands-hot-sale-vape","15":"product_cat-new-vape-this-week","16":"product_cat-poland-hot-sale-vape","17":"product_cat-randm-fumot-vape","18":"product_cat-rechargeable-disposable-vapes","19":"product_cat-rechargeable-vapes","20":"product_cat-smart-screen-disposable-vapes","21":"product_cat-smart-screen-vapes","22":"product_cat-spain-best-hot-sale-vape","23":"product_tag-fumot-vape","24":"product_tag-hot-sale-vape","25":"product_tag-original-factory-vape","26":"product_tag-randm-vape","27":"product_tag-wholesale-vape-price","28":"desktop-align-left","29":"tablet-align-left","30":"mobile-align-left","32":"first","33":"instock","34":"sale","35":"shipping-taxable","36":"purchasable","37":"product-type-simple"},"uagb_featured_image_src":{"full":["https:\/\/rmvapesale.com\/wp-content\/uploads\/2024\/04\/FUMOT-VAPE-SHISHA-AL-FAKHER-10K-PUFFS-VAPE.jpg",375,666,false],"thumbnail":["https:\/\/rmvapesale.com\/wp-content\/uploads\/2024\/04\/FUMOT-VAPE-SHISHA-AL-FAKHER-10K-PUFFS-VAPE-150x150.jpg",150,150,true],"medium":["https:\/\/rmvapesale.com\/wp-content\/uploads\/2024\/04\/FUMOT-VAPE-SHISHA-AL-FAKHER-10K-PUFFS-VAPE-169x300.jpg",169,300,true],"medium_large":["https:\/\/rmvapesale.com\/wp-content\/uploads\/2024\/04\/FUMOT-VAPE-SHISHA-AL-FAKHER-10K-PUFFS-VAPE.jpg",375,666,false],"large":["https:\/\/rmvapesale.com\/wp-content\/uploads\/2024\/04\/FUMOT-VAPE-SHISHA-AL-FAKHER-10K-PUFFS-VAPE.jpg",375,666,false],"1536x1536":["https:\/\/rmvapesale.com\/wp-content\/uploads\/2024\/04\/FUMOT-VAPE-SHISHA-AL-FAKHER-10K-PUFFS-VAPE.jpg",375,666,false],"2048x2048":["https:\/\/rmvapesale.com\/wp-content\/uploads\/2024\/04\/FUMOT-VAPE-SHISHA-AL-FAKHER-10K-PUFFS-VAPE.jpg",375,666,false],"trp-custom-language-flag":["https:\/\/rmvapesale.com\/wp-content\/uploads\/2024\/04\/FUMOT-VAPE-SHISHA-AL-FAKHER-10K-PUFFS-VAPE.jpg",7,12,false],"woocommerce_thumbnail":["https:\/\/rmvapesale.com\/wp-content\/uploads\/2024\/04\/FUMOT-VAPE-SHISHA-AL-FAKHER-10K-PUFFS-VAPE-300x300.jpg",300,300,true],"woocommerce_single":["https:\/\/rmvapesale.com\/wp-content\/uploads\/2024\/04\/FUMOT-VAPE-SHISHA-AL-FAKHER-10K-PUFFS-VAPE.jpg",375,666,false],"woocommerce_gallery_thumbnail":["https:\/\/rmvapesale.com\/wp-content\/uploads\/2024\/04\/FUMOT-VAPE-SHISHA-AL-FAKHER-10K-PUFFS-VAPE-100x100.jpg",100,100,true],"wcpr-photo-reviews":["https:\/\/rmvapesale.com\/wp-content\/uploads\/2024\/04\/FUMOT-VAPE-SHISHA-AL-FAKHER-10K-PUFFS-VAPE.jpg",282,500,false]},"uagb_author_info":{"display_name":"yannazhan","author_link":"https:\/\/rmvapesale.com\/sk\/author\/"},"uagb_comment_info":0,"uagb_excerpt":"Fumot Shisha 10000 DTL Disposable Vape RANDM SHISHA 10000 PUFF Vape AI FAKHER Fumot Crown Bar 10k Wholesale Vape Rechargeable Contact Amy For More Discount And Lower MOQ Vape WhatsApp: +86 17776015835","_links":{"self":[{"href":"https:\/\/rmvapesale.com\/sk\/wp-json\/wp\/v2\/product\/370","targetHints":{"allow":["GET"]}}],"collection":[{"href":"https:\/\/rmvapesale.com\/sk\/wp-json\/wp\/v2\/product"}],"about":[{"href":"https:\/\/rmvapesale.com\/sk\/wp-json\/wp\/v2\/types\/product"}],"replies":[{"embeddable":true,"href":"https:\/\/rmvapesale.com\/sk\/wp-json\/wp\/v2\/comments?post=370"}],"wp:featuredmedia":[{"embeddable":true,"href":"https:\/\/rmvapesale.com\/sk\/wp-json\/wp\/v2\/media\/1852"}],"wp:attachment":[{"href":"https:\/\/rmvapesale.com\/sk\/wp-json\/wp\/v2\/media?parent=370"}],"wp:term":[{"taxonomy":"product_brand","embeddable":true,"href":"https:\/\/rmvapesale.com\/sk\/wp-json\/wp\/v2\/product_brand?post=370"},{"taxonomy":"product_cat","embeddable":true,"href":"https:\/\/rmvapesale.com\/sk\/wp-json\/wp\/v2\/product_cat?post=370"},{"taxonomy":"product_tag","embeddable":true,"href":"https:\/\/rmvapesale.com\/sk\/wp-json\/wp\/v2\/product_tag?post=370"}],"curies":[{"name":"wp","href":"https:\/\/api.w.org\/{rel}","templated":true}]}}