{"id":1869,"date":"2024-04-29T08:45:44","date_gmt":"2024-04-29T08:45:44","guid":{"rendered":"https:\/\/rmvapesale.com\/?post_type=product&#038;p=1869"},"modified":"2025-01-20T03:11:06","modified_gmt":"2025-01-20T03:11:06","slug":"jnr-shisha-vape-15000-puffs-wholesale-price-with-screen-vape","status":"publish","type":"product","link":"https:\/\/rmvapesale.com\/sl\/product\/jnr-shisha-vape-15000-puffs-wholesale-price-with-screen-vape\/","title":{"rendered":"VOPK SHISHA VAPE 15000 VPIHOV VELEPRODAJNA CENA JNR Z ZASLONOM VAPE"},"content":{"rendered":"<h1>VOPK SHISHA VAPE 15000 VPIHOV VELEPRODAJNA CENA JNR Z ZASLONOM VAPE<\/h1>\n<p>VOPK SHISHA VAPE 15000 PUFFS JNR je vrhunski vape za enkratno uporabo, zasnovan posebej za navdu\u0161ence nad neposrednim vdihavanjem v plju\u010da (DTL). Z impresivno kapaciteto 15.000 vpihov ta naprava zagotavlja dolgotrajno in zadovoljivo izku\u0161njo. Notranja struktura vklju\u010duje mre\u017easto tuljavo z uporom 0,6 ohma, ki zagotavlja vrhunsko proizvodnjo pare in bogate okuse, zaradi \u010desar je idealna za tiste, ki cenijo globoke vdihe. Naprava je opremljena z 20 ml e-teko\u010dine, kar omogo\u010da dalj\u0161e seje vejpanja.<\/p>\n<p>Uporabniki lahko izbirajo med razli\u010dnimi mo\u010dmi nikotina, vklju\u010dno z 0%, 2%, 3% ali 5%, kar ustreza razli\u010dnim \u017eeljam. VOPK Shisha Hookah vape za ponovno polnjenje poganja zanesljiva baterija s 600 mAh, ki zagotavlja dosledno delovanje skozi celotno \u017eivljenjsko dobo, in ima priklju\u010dek za polnjenje Type-C za hitro polnjenje.<\/p>\n<p>VOPK Shisha bar 15000, ki je na voljo v desetih slastnih okusih, kot sta Dvojno jabolko in Lubenica led, zdru\u017euje stil, funkcionalnost in vsestranskost, zaradi \u010desar je najbolj\u0161a izbira za vejpere, ki i\u0161\u010dejo visokokakovostno izku\u0161njo.<\/p>\n<p><strong>Dodajte vodjo prodaje AMY in si zagotovite kupon za vape!<\/strong><\/p>\n<p><img loading=\"lazy\" decoding=\"async\" class=\"size-medium wp-image-1814\" src=\"https:\/\/rmvapesale.com\/wp-content\/uploads\/2024\/04\/whatsapp-amy-229x300.jpg\" alt=\"whatsapp amy\" width=\"229\" height=\"300\" srcset=\"https:\/\/rmvapesale.com\/wp-content\/uploads\/2024\/04\/whatsapp-amy-229x300.jpg 229w, https:\/\/rmvapesale.com\/wp-content\/uploads\/2024\/04\/whatsapp-amy-783x1024.jpg 783w, https:\/\/rmvapesale.com\/wp-content\/uploads\/2024\/04\/whatsapp-amy-768x1005.jpg 768w, https:\/\/rmvapesale.com\/wp-content\/uploads\/2024\/04\/whatsapp-amy-600x785.jpg 600w, https:\/\/rmvapesale.com\/wp-content\/uploads\/2024\/04\/whatsapp-amy.jpg 990w\" sizes=\"auto, (max-width: 229px) 100vw, 229px\" \/><\/p>\n<p><span style=\"color: #ff0000\"><strong>whatsapp <a style=\"color: #ff0000\" href=\"https:\/\/wa.me\/8617776015835\" target=\"_blank\" rel=\"noopener\">+86-17776015835<\/a><\/strong><\/span><\/p>\n<h2>VOPK Shisha Hookah 15000 15K Puffs seznam okusov:<\/h2>\n<p>1. Dvojno jabolko<br \/>\n2. Dvojna melona meta<br \/>\n3. Grozdna meta<br \/>\n4. So\u010dna breskev<br \/>\n5. Lady Killa<br \/>\n6. Me\u0161ano jagodi\u010dje led<br \/>\n7. Ananas kokos<br \/>\n8. Rde\u010de jagodi\u010dje slush<br \/>\n9. Lubenica led<br \/>\n10. Bela mamba<\/p>\n<h2>VOPK JNR SHISHA VAPE 15000 PUFF: Veleprodajna cena z zaslonom Vape \u2013 pogosta vpra\u0161anja o izdelku<\/h2>\n<p>1. Kaj je posebnost VOPK JNR SHISHA VAPE 15000 Puffs?<\/p>\n<p>VOPK JNR SHISHA VAPE 15K PUFF<span style=\"font-size: 16px\">\u00a0izstopa po svoji visoki zmogljivosti, saj ponuja do 15000 vdihov na napravo, kar zagotavlja podalj\u0161ano u\u017eivanje.<\/span><\/p>\n<p>2. Kak\u0161na je izdelava naprave VOPK JNR SHISHA VAPE 15K PUFFS?<\/p>\n<p>Naprava VOPK VAPE SHISHA 15000 PUFF se pona\u0161a z dvobarvnim dizajnom, ki ga dopolnjuje UV-tisk, kar zagotavlja vizualno privla\u010den videz in natan\u010dno izdelavo.<br \/>\n3. Kak\u0161no vrsto tuljave uporablja VOPK VAPE SHISHA 15000 Puffs in kak\u0161na je upornost VOPK VAPE SHISHA 15K PUFF?<\/p>\n<p>VOPK VAPE SHISHA 15K PUFFS uporablja tehnologijo mre\u017easte tuljave z upornostjo 0,6ohm\/m, kar zagotavlja stabilno delovanje in gladko izku\u0161njo vapinga.<br \/>\n4. Koliko teko\u010dine VOPK JNR SHISHA 15000 PUFF lahko zadr\u017ei atomizer?<\/p>\n<p>Atomizer VOPK JNR SHISHA 15000 Puffs ima prostornino 20ML, kar omogo\u010da dolgotrajno sejo vapinga brez pogostih ponovnih polnjenj.<br \/>\n5. Iz kak\u0161nega materiala je izdelana tuljava VOPK JNR SHISHA 15K PUFF?<\/p>\n<p>Tuljava VOPK JNR SHISHA 15K PUFFS je izdelana iz visokokakovostnega materiala mre\u017easte tuljave, kar zagotavlja odli\u010dno uplinjanje in \u010disti okus.<br \/>\n6. Kak\u0161na je zmogljivost baterije naprave VOPK JNR VAPE 15000 PUFF?<\/p>\n<p>VOPK JNR VAPE 15000 Puffs ima zmogljivo 600mAh baterijo, ki zagotavlja dolgotrajno in zanesljivo napajanje za neprekinjeno sejo vapinga.<br \/>\n7. Kak\u0161no vrsto baterije uporablja VOPK JNR VAPE 15K PUFF?<\/p>\n<p>Naprava VOPK JNR VAPE 15K PUFFS uporablja model baterije 18250, znan po svoji vzdr\u017eljivosti in dolgi \u017eivljenjski dobi.<br \/>\n8. Kako dolgo naj polnim svoj 15000 PUFF JNR SHISHA VAPE VOPK?<\/p>\n<p>15000 PUFF VAPE SHISHA VOPK je opremljen s priro\u010dnim polnilnim priklju\u010dkom Type-C, ki omogo\u010da hitro in u\u010dinkovito polnjenje, kar zagotavlja minimalen \u010das izpada.<br \/>\n9. Kak\u0161en slog vapinga ustreza 15000 PUFF JNR SHISHA VOPK?<\/p>\n<p>VOPK SHISHA VAPE 15000 PUFFS je primeren za vaping od usta v plju\u010da (MTL), saj ponuja bogato in zadovoljivo izku\u0161njo vapinga.<br \/>\n10. Kako 15000 PUFF JNR VAPE VOPK zagotavlja udobje uporabnika?<\/p>\n<p>Z visoko zmogljivostjo vdihov, vizualno privla\u010dnim dizajnom in napredno tehnologijo tuljave VOPK SHISHA VAPE 15000 PUFFS daje prednost zadovoljstvu in udobju uporabnikov, zaradi \u010desar je idealna izbira tako za za\u010detnike kot za izku\u0161ene uporabnike vejpanja.<\/p>\n<p>&nbsp;<\/p>\n<p>Poi\u0161\u010di ve\u010d izdelkov Vape, ki so ti morda v\u0161e\u010d:<em><a href=\"https:\/\/rmvapesale.com\/sl\/shop-2\/\">nakupujte zdaj\u00a0<\/a><\/em><\/p>\n<p>drugi vro\u010de prodajani vape, ki bi vam morda bili v\u0161e\u010d:<\/p>","protected":false},"excerpt":{"rendered":"<p class=\"LC20lb MBeuO DKV0Md\">15K PUFFS JNR VAPE VOPK Veleprodajna cena<br \/>\n15K PUFFS JNR SHISHA VOPK Tovarni\u0161ka cena<br \/>\n15K PUFFS VAPE SHISHA VOPK Akcijska cena<br \/>\n<strong>Kontaktirajte Amy za ve\u010dji popust in ni\u017eji MOQ Vape<\/strong><\/p>\n<p><img loading=\"lazy\" decoding=\"async\" class=\"size-medium wp-image-1814\" src=\"https:\/\/rmvapesale.com\/wp-content\/uploads\/2024\/04\/whatsapp-amy-229x300.jpg\" alt=\"whatsapp amy\" width=\"229\" height=\"300\" srcset=\"https:\/\/rmvapesale.com\/wp-content\/uploads\/2024\/04\/whatsapp-amy-229x300.jpg 229w, https:\/\/rmvapesale.com\/wp-content\/uploads\/2024\/04\/whatsapp-amy-783x1024.jpg 783w, https:\/\/rmvapesale.com\/wp-content\/uploads\/2024\/04\/whatsapp-amy-768x1005.jpg 768w, https:\/\/rmvapesale.com\/wp-content\/uploads\/2024\/04\/whatsapp-amy-600x785.jpg 600w, https:\/\/rmvapesale.com\/wp-content\/uploads\/2024\/04\/whatsapp-amy.jpg 990w\" sizes=\"auto, (max-width: 229px) 100vw, 229px\" \/><\/p>\n<h3><span style=\"color: #ff0000\"><strong>WhatsApp: +86 17776015835<\/strong><\/span><\/h3>","protected":false},"featured_media":1864,"comment_status":"open","ping_status":"closed","template":"","meta":{"_uag_custom_page_level_css":"","_lmt_disableupdate":"no","_lmt_disable":"","site-sidebar-layout":"default","site-content-layout":"content-boxed-container","ast-site-content-layout":"normal-width-container","site-content-style":"boxed","site-sidebar-style":"unboxed","ast-global-header-display":"","ast-banner-title-visibility":"","ast-main-header-display":"","ast-hfb-above-header-display":"","ast-hfb-below-header-display":"","ast-hfb-mobile-header-display":"","site-post-title":"","ast-breadcrumbs-content":"","ast-featured-img":"","footer-sml-layout":"","theme-transparent-header-meta":"default","adv-header-id-meta":"","stick-header-meta":"","header-above-stick-meta":"","header-main-stick-meta":"","header-below-stick-meta":"","astra-migrate-meta-layouts":"set","ast-page-background-enabled":"default","ast-page-background-meta":{"desktop":{"background-color":"var(--ast-global-color-4)","background-image":"","background-repeat":"repeat","background-position":"center center","background-size":"auto","background-attachment":"scroll","background-type":"","background-media":"","overlay-type":"","overlay-color":"","overlay-opacity":"","overlay-gradient":""},"tablet":{"background-color":"","background-image":"","background-repeat":"repeat","background-position":"center center","background-size":"auto","background-attachment":"scroll","background-type":"","background-media":"","overlay-type":"","overlay-color":"","overlay-opacity":"","overlay-gradient":""},"mobile":{"background-color":"","background-image":"","background-repeat":"repeat","background-position":"center center","background-size":"auto","background-attachment":"scroll","background-type":"","background-media":"","overlay-type":"","overlay-color":"","overlay-opacity":"","overlay-gradient":""}},"ast-content-background-meta":{"desktop":{"background-color":"var(--ast-global-color-5)","background-image":"","background-repeat":"repeat","background-position":"center center","background-size":"auto","background-attachment":"scroll","background-type":"","background-media":"","overlay-type":"","overlay-color":"","overlay-opacity":"","overlay-gradient":""},"tablet":{"background-color":"var(--ast-global-color-5)","background-image":"","background-repeat":"repeat","background-position":"center center","background-size":"auto","background-attachment":"scroll","background-type":"","background-media":"","overlay-type":"","overlay-color":"","overlay-opacity":"","overlay-gradient":""},"mobile":{"background-color":"var(--ast-global-color-5)","background-image":"","background-repeat":"repeat","background-position":"center center","background-size":"auto","background-attachment":"scroll","background-type":"","background-media":"","overlay-type":"","overlay-color":"","overlay-opacity":"","overlay-gradient":""}},"_joinchat":[]},"product_brand":[],"product_cat":[25,289,293,295,296,280,26,28,27,31,61,137,136,15,30],"product_tag":[44,40,41,43,42,37],"class_list":{"0":"post-1869","1":"product","2":"type-product","3":"status-publish","4":"has-post-thumbnail","6":"product_cat-germany-best-selling-vape","7":"product_cat-big-puffs-disposable-vapes","8":"product_cat-low-nicotine-disposable-vapes","9":"product_cat-rechargeable-disposable-vapes","10":"product_cat-shisha-hookah-disposable-vapes","11":"product_cat-vopk-vape","12":"product_cat-netherlands-hot-sale-vape","13":"product_cat-poland-hot-sale-vape","14":"product_cat-fance-hot-sale-vape","15":"product_cat-randm-fumot-vape","16":"product_cat-15000-puffs-disposable-vapes","17":"product_cat-rechargeable-vapes","18":"product_cat-smart-screen-vapes","19":"product_cat-new-vape-this-week","20":"product_cat-minimum-order-quantity-50pcs","21":"product_tag-15k-puffs-15000-vape-wholesale","22":"product_tag-hot-sale-vape","23":"product_tag-original-factory-vape","24":"product_tag-shisha-vape","25":"product_tag-vopk-vape","26":"product_tag-wholesale-vape-price","27":"desktop-align-left","28":"tablet-align-left","29":"mobile-align-left","31":"first","32":"instock","33":"sale","34":"shipping-taxable","35":"purchasable","36":"product-type-simple"},"uagb_featured_image_src":{"full":["https:\/\/rmvapesale.com\/wp-content\/uploads\/2024\/04\/VOPK-SHISHA-VAPE-15K-PUFFS-PRICE.jpg",500,500,false],"thumbnail":["https:\/\/rmvapesale.com\/wp-content\/uploads\/2024\/04\/VOPK-SHISHA-VAPE-15K-PUFFS-PRICE-150x150.jpg",150,150,true],"medium":["https:\/\/rmvapesale.com\/wp-content\/uploads\/2024\/04\/VOPK-SHISHA-VAPE-15K-PUFFS-PRICE-300x300.jpg",300,300,true],"medium_large":["https:\/\/rmvapesale.com\/wp-content\/uploads\/2024\/04\/VOPK-SHISHA-VAPE-15K-PUFFS-PRICE.jpg",500,500,false],"large":["https:\/\/rmvapesale.com\/wp-content\/uploads\/2024\/04\/VOPK-SHISHA-VAPE-15K-PUFFS-PRICE.jpg",500,500,false],"1536x1536":["https:\/\/rmvapesale.com\/wp-content\/uploads\/2024\/04\/VOPK-SHISHA-VAPE-15K-PUFFS-PRICE.jpg",500,500,false],"2048x2048":["https:\/\/rmvapesale.com\/wp-content\/uploads\/2024\/04\/VOPK-SHISHA-VAPE-15K-PUFFS-PRICE.jpg",500,500,false],"trp-custom-language-flag":["https:\/\/rmvapesale.com\/wp-content\/uploads\/2024\/04\/VOPK-SHISHA-VAPE-15K-PUFFS-PRICE.jpg",12,12,false],"woocommerce_thumbnail":["https:\/\/rmvapesale.com\/wp-content\/uploads\/2024\/04\/VOPK-SHISHA-VAPE-15K-PUFFS-PRICE-300x300.jpg",300,300,true],"woocommerce_single":["https:\/\/rmvapesale.com\/wp-content\/uploads\/2024\/04\/VOPK-SHISHA-VAPE-15K-PUFFS-PRICE.jpg",500,500,false],"woocommerce_gallery_thumbnail":["https:\/\/rmvapesale.com\/wp-content\/uploads\/2024\/04\/VOPK-SHISHA-VAPE-15K-PUFFS-PRICE-100x100.jpg",100,100,true],"wcpr-photo-reviews":["https:\/\/rmvapesale.com\/wp-content\/uploads\/2024\/04\/VOPK-SHISHA-VAPE-15K-PUFFS-PRICE.jpg",500,500,false]},"uagb_author_info":{"display_name":"yannazhan","author_link":"https:\/\/rmvapesale.com\/sl\/author\/"},"uagb_comment_info":0,"uagb_excerpt":"15K PUFFS JNR VAPE VOPK Wholesale Price 15K PUFFS JNR SHISHA VOPK Factory Price 15K PUFFS VAPE SHISHA VOPK Discount Price Contact Amy For More Discount And Lower MOQ Vape WhatsApp: +86 17776015835","_links":{"self":[{"href":"https:\/\/rmvapesale.com\/sl\/wp-json\/wp\/v2\/product\/1869","targetHints":{"allow":["GET"]}}],"collection":[{"href":"https:\/\/rmvapesale.com\/sl\/wp-json\/wp\/v2\/product"}],"about":[{"href":"https:\/\/rmvapesale.com\/sl\/wp-json\/wp\/v2\/types\/product"}],"replies":[{"embeddable":true,"href":"https:\/\/rmvapesale.com\/sl\/wp-json\/wp\/v2\/comments?post=1869"}],"wp:featuredmedia":[{"embeddable":true,"href":"https:\/\/rmvapesale.com\/sl\/wp-json\/wp\/v2\/media\/1864"}],"wp:attachment":[{"href":"https:\/\/rmvapesale.com\/sl\/wp-json\/wp\/v2\/media?parent=1869"}],"wp:term":[{"taxonomy":"product_brand","embeddable":true,"href":"https:\/\/rmvapesale.com\/sl\/wp-json\/wp\/v2\/product_brand?post=1869"},{"taxonomy":"product_cat","embeddable":true,"href":"https:\/\/rmvapesale.com\/sl\/wp-json\/wp\/v2\/product_cat?post=1869"},{"taxonomy":"product_tag","embeddable":true,"href":"https:\/\/rmvapesale.com\/sl\/wp-json\/wp\/v2\/product_tag?post=1869"}],"curies":[{"name":"wp","href":"https:\/\/api.w.org\/{rel}","templated":true}]}}