{"id":1874,"date":"2024-05-09T07:00:52","date_gmt":"2024-05-09T07:00:52","guid":{"rendered":"https:\/\/rmvapesale.com\/?post_type=product&#038;p=1874"},"modified":"2024-10-21T08:04:35","modified_gmt":"2024-10-21T08:04:35","slug":"randm-tornado-15000-puffs-15k-vape-recharge-fumot-original-vape-factory-price","status":"publish","type":"product","link":"https:\/\/rmvapesale.com\/sl\/product\/randm-tornado-15000-puffs-15k-vape-recharge-fumot-original-vape-factory-price\/","title":{"rendered":"RANDM TORNADO 15000 PUFFS 15K VAPE POLNILNI FUMOT ORIGINAL VAPE TOVARNI\u0160KA CENA"},"content":{"rendered":"<h1>RANDM TORNADO 15000 PUFFS 15K VAPE POLNILNI FUMOT ORIGINAL VAPE TOVARNI\u0160KA CENA<\/h1>\n<p>RANDM TORNADO VAPE 15000 PUFFOV Napolnljiva vape je zdaj priljubljena v ve\u010dini evropskih dr\u017eav, kot so Nem\u010dija, Nizozemska, Francija, Italija, \u0160panija, \u0160vica, \u0160vedska, Poljska itd. Kako kupiti Randm Tornado 15k Vapes? Kaj je Fumot tornado 15k vape? Pozdravite RANDM Tornado 15K Vape \u2013 vrhunsko ustvarjanje podjetja Fumot. Ta model ponuja 15.000 vdihov, kar postavlja visoke standarde v svetu vape. Narejen s strani \u010darovnikov iz Shenzhen Fumot Technology, ta vape ne le izgleda kul, ampak tudi deluje odli\u010dno.<\/p>\n<p>Z mo\u017enostmi za vsebnost nikotina od 0% do 5% in prednalo\u017eenim 25 ml e-juice-a, ima okuse za vsak okus. Napaja ga 850mAh polnljiva baterija in ima 0,9\u03a9 mre\u017eno tuljavo, kar zagotavlja gladke vdihove vsakokrat. Spremljajte nivoje va\u0161ega soka in baterije z LED indikatorjem \u2013 tako enostavno je. Pripravite se na vrhunsko vape izku\u0161njo z RANDM Tornado 15K Vape<\/p>\n<p>&nbsp;<\/p>\n<p><strong>Dodaj prodajno vodjo AMY na whatsapp <a href=\"https:\/\/wa.me\/8617776015835\" target=\"_blank\" rel=\"noopener\">+86-17776015835<\/a> prejmite ve\u010dji popust!<\/strong><\/p>\n<p><img loading=\"lazy\" decoding=\"async\" class=\"size-medium wp-image-1814\" src=\"https:\/\/rmvapesale.com\/wp-content\/uploads\/2024\/04\/whatsapp-amy-229x300.jpg\" alt=\"whatsapp amy\" width=\"229\" height=\"300\" srcset=\"https:\/\/rmvapesale.com\/wp-content\/uploads\/2024\/04\/whatsapp-amy-229x300.jpg 229w, https:\/\/rmvapesale.com\/wp-content\/uploads\/2024\/04\/whatsapp-amy-783x1024.jpg 783w, https:\/\/rmvapesale.com\/wp-content\/uploads\/2024\/04\/whatsapp-amy-768x1005.jpg 768w, https:\/\/rmvapesale.com\/wp-content\/uploads\/2024\/04\/whatsapp-amy-600x785.jpg 600w, https:\/\/rmvapesale.com\/wp-content\/uploads\/2024\/04\/whatsapp-amy.jpg 990w\" sizes=\"auto, (max-width: 229px) 100vw, 229px\" \/><\/p>\n<h2>Tehni\u010dne specifikacije FUMOT TORNADO 15000 enkratne vape:<\/h2>\n<p>Mo\u017enosti vsebnosti nikotina: 0%, 2%, 3% in 5%<br \/>\nDo 15000 vdihov<br \/>\nPrednapolnjeno z 25 ml e-tekline<br \/>\n850mAh polnilna baterija<br \/>\n0.9\u03a9 Mre\u017easta tuljava<br \/>\n41 razpolo\u017eljivih okusov<\/p>\n<h2>Najbolj\u0161i Randm 15000 Puff okus<\/h2>\n<p>1 Modra Razz Lemonada<br \/>\n2 Breskev Led<br \/>\n3 Kisel Jabolko<br \/>\n4 Melonova Led<br \/>\n5 Borovni\u010dev Led<br \/>\n6 Borovnica Raspberries<br \/>\n7 Ananas Led<br \/>\n8 \u010ce\u0161nja<br \/>\n9 Jagoda led<br \/>\n10 Vimto\u00a0 <span style=\"color: #ff0000\"><strong>&gt;&gt;&gt;&gt; Vro\u010de!<\/strong><\/span><br \/>\n11 Grozd Led<br \/>\n12 Kola Led<br \/>\n13 Jagoda Melona<br \/>\n14 Roza Limonaada <span style=\"color: #ff0000\"><strong>&gt;&gt;&gt;&gt; Najbolj\u0161e!<\/strong><\/span><br \/>\n15 Me\u0161ano jagodi\u010devje <span style=\"color: #ff0000\"><strong>&gt;&gt;&gt;&gt; Vro\u010de!<\/strong><\/span><br \/>\n16 Breskev Mango<br \/>\n17 Zmajevo sadje<br \/>\n18 Jagoda grozd<br \/>\n19 Gospod modri <span style=\"color: #ff0000\"><strong>&gt;&gt;&gt;&gt; Vro\u010de!<\/strong><\/span><br \/>\n20 Razko\u0161na Led<br \/>\n21 ledeni pop<br \/>\n22 Jagoda kiviji<br \/>\n23 Kivi pasijonski sadje guava<br \/>\n24 Trojno jagodi\u010devje <span style=\"color: #ff0000\"><strong>&gt;&gt;&gt;&gt; Vro\u010de!<\/strong><\/span><br \/>\n25 Banana led<br \/>\n26 Breskev borovni\u010dna sladkarija<br \/>\n27 Jabolko breskev hru\u0161ka<br \/>\n28. Jagodni limonada<br \/>\n29. Modri Razz \u010de\u0161nja<br \/>\n30. Borovni\u010dev \u017eve\u010dilni gumi<br \/>\n31. Borovni\u010dev \u010de\u0161njev brusni\u010dni<br \/>\n32. Borovni\u010dev granatni jabolko<br \/>\n33. Modri sour malina<br \/>\n34. \u010ce\u0161njeva cola<br \/>\n35. \u017dve\u010dilna medvedka<br \/>\n36. Limona in limeta<br \/>\n37. Mango na ledu<br \/>\n38. Rde\u010da energijska ledena kocka<br \/>\n39. Jagoda Banana<br \/>\n40. Jagoda Red Bull<br \/>\n41. Jagoda Lubenica Limonaada<\/p>\n<p>&nbsp;<\/p>\n<h2>Pogosta vpra\u0161anja o Randm Tornado 15000<\/h2>\n<p>1. Kaj je RANDM VAPE 15K TORNADO Original?<br \/>\nRANDM VAPE 15K TORNADO Original je vro\u010de prodajni enkratni vape naprava, izdelana s strani Fumot Vape Tech. Poimenovana je po svoji impresivni kapaciteti 15.000 vdihov.<\/p>\n<p>2. Kdo izdeluje RANDM VAPE 15K TORNADO Pravi?<br \/>\nA: RANDM VAPE 15K TORNADO Original izdeluje Shenzhen Fumot Technology, vodilno podjetje v industriji vapinga, znano po svojih inovativnih izdelkih.<\/p>\n<p>3. Kaj naredi RANDM VAPE 15K TORNADO Avtenti\u010den edinstven?<\/p>\n<p>Z kapaciteto 15.000 vdihov izstopa RANDM VAPE 15K TORNADO Avtenti\u010den kot eden najvi\u0161jih kapacitet enkratnih vape-ov na trgu. Primeren je za tiste, ki \u017eelijo trajnej\u0161e naprave.<\/p>\n<p>4. Kak\u0161ni okusi so na voljo za RANDM VAPE 15K TORNADO Pravi?<br \/>\nRANDM VAPE 15K TORNADO Pravi je na voljo v razli\u010dnih okusih, vklju\u010dno z Jabolko Breskev Hru\u0161ka, Banana Led, Jagoda Limona, Modri Razz \u010crni ribez in mnogi drugi. S 41 okusi na izbiro je nekaj za vsak okus.<\/p>\n<p>5. Kako dolgo traja baterija na RANDM VAPE 15K TORNADO Pravi?<br \/>\nA: RANDM VAPE 15K TORNADO Original ima vgrajeno baterijo s kapaciteto 850mAh, ki omogo\u010da dalj\u0161o uporabo na eno polnjenje. Natan\u010dna \u017eivljenjska doba baterije pa je odvisna od posameznikovega vzorca uporabe.<\/p>\n<p>6. Je RANDM VAPE 15000 TORNADO Original polnljiva?<br \/>\nNe, RANDM VAPE 15000 TORNADO Original je enkratna vape naprava in ni polnljiva. Ko se baterija izprazni ali e-juice zmanjka, je treba napravo odgovorno odstraniti.<\/p>\n<p>7. Kako lahko kupim RANDM VAPE 15000 Pravi?<br \/>\nGenuine RANDM VAPE 15000 je na voljo za nakup prek poobla\u0161\u010denih distributerjev. Za veleprodajne povpra\u0161evanja lahko distributerji <a href=\"https:\/\/wa.me\/8617776015835\" target=\"_blank\" rel=\"noopener\">kontaktirajte nas<\/a> se neposredno obrnejo na nas. Maloprodajni kupci lahko izdelek najdejo pri izbranih prodajalcih ali spletnih trgovinah.<\/p>\n<p>&nbsp;<\/p>\n<p>Poi\u0161\u010di ve\u010d izdelkov Vape, ki so ti morda v\u0161e\u010d:<em><a href=\"https:\/\/rmvapesale.com\/sl\/shop-2\/\">nakupujte zdaj\u00a0<\/a><\/em><\/p>\n<p>drugi vro\u010de prodajani vape, ki bi vam morda bili v\u0161e\u010d:<\/p>\n<p><a href=\"https:\/\/rmvapesale.com\/sl\/product\/jnr-shisha-vape-15000-puffs-wholesale-price-with-screen-vape\/\">VOPK SHISHA 15K<\/a><\/p>\n<p><a href=\"https:\/\/rmvapesale.com\/sl\/product\/randm-vape-al-fakher-10000-puffs-vape-wholesale\/\">randm vape AI FAKHER 15k vape<\/a><\/p>","protected":false},"excerpt":{"rendered":"<p class=\"LC20lb MBeuO DKV0Md\">15K PUFFOV FUMOT VAPE RANDM Veliko prodajno ceno<br \/>\n15K PUFFOV FUMOT ORIGINALNA CENA RANDM FABRIKE<br \/>\n15K PUFFOV Pravi FUMOT VAPE TORNADO RANDM Zni\u017eana cena<br \/>\n<strong>Kontaktirajte Amy za ve\u010dji popust in ni\u017eji MOQ Vape<\/strong><\/p>\n<p><img loading=\"lazy\" decoding=\"async\" class=\"size-medium wp-image-1814\" src=\"https:\/\/rmvapesale.com\/wp-content\/uploads\/2024\/04\/whatsapp-amy-229x300.jpg\" alt=\"whatsapp amy\" width=\"229\" height=\"300\" srcset=\"https:\/\/rmvapesale.com\/wp-content\/uploads\/2024\/04\/whatsapp-amy-229x300.jpg 229w, https:\/\/rmvapesale.com\/wp-content\/uploads\/2024\/04\/whatsapp-amy-783x1024.jpg 783w, https:\/\/rmvapesale.com\/wp-content\/uploads\/2024\/04\/whatsapp-amy-768x1005.jpg 768w, https:\/\/rmvapesale.com\/wp-content\/uploads\/2024\/04\/whatsapp-amy-600x785.jpg 600w, https:\/\/rmvapesale.com\/wp-content\/uploads\/2024\/04\/whatsapp-amy.jpg 990w\" sizes=\"auto, (max-width: 229px) 100vw, 229px\" \/><\/p>\n<h3><span style=\"color: #ff0000\"><strong>WhatsApp: +86 17776015835<\/strong><\/span><\/h3>","protected":false},"featured_media":1877,"comment_status":"open","ping_status":"closed","template":"","meta":{"_uag_custom_page_level_css":"","_lmt_disableupdate":"no","_lmt_disable":"","site-sidebar-layout":"default","site-content-layout":"content-boxed-container","ast-site-content-layout":"normal-width-container","site-content-style":"boxed","site-sidebar-style":"unboxed","ast-global-header-display":"","ast-banner-title-visibility":"","ast-main-header-display":"","ast-hfb-above-header-display":"","ast-hfb-below-header-display":"","ast-hfb-mobile-header-display":"","site-post-title":"","ast-breadcrumbs-content":"","ast-featured-img":"","footer-sml-layout":"","theme-transparent-header-meta":"default","adv-header-id-meta":"","stick-header-meta":"","header-above-stick-meta":"","header-main-stick-meta":"","header-below-stick-meta":"","astra-migrate-meta-layouts":"set","ast-page-background-enabled":"default","ast-page-background-meta":{"desktop":{"background-color":"var(--ast-global-color-4)","background-image":"","background-repeat":"repeat","background-position":"center center","background-size":"auto","background-attachment":"scroll","background-type":"","background-media":"","overlay-type":"","overlay-color":"","overlay-opacity":"","overlay-gradient":""},"tablet":{"background-color":"","background-image":"","background-repeat":"repeat","background-position":"center center","background-size":"auto","background-attachment":"scroll","background-type":"","background-media":"","overlay-type":"","overlay-color":"","overlay-opacity":"","overlay-gradient":""},"mobile":{"background-color":"","background-image":"","background-repeat":"repeat","background-position":"center center","background-size":"auto","background-attachment":"scroll","background-type":"","background-media":"","overlay-type":"","overlay-color":"","overlay-opacity":"","overlay-gradient":""}},"ast-content-background-meta":{"desktop":{"background-color":"var(--ast-global-color-5)","background-image":"","background-repeat":"repeat","background-position":"center center","background-size":"auto","background-attachment":"scroll","background-type":"","background-media":"","overlay-type":"","overlay-color":"","overlay-opacity":"","overlay-gradient":""},"tablet":{"background-color":"var(--ast-global-color-5)","background-image":"","background-repeat":"repeat","background-position":"center center","background-size":"auto","background-attachment":"scroll","background-type":"","background-media":"","overlay-type":"","overlay-color":"","overlay-opacity":"","overlay-gradient":""},"mobile":{"background-color":"var(--ast-global-color-5)","background-image":"","background-repeat":"repeat","background-position":"center center","background-size":"auto","background-attachment":"scroll","background-type":"","background-media":"","overlay-type":"","overlay-color":"","overlay-opacity":"","overlay-gradient":""}},"_joinchat":[]},"product_brand":[],"product_cat":[25,51,123,26,28,135,27,31,61,137,15,30],"product_tag":[44,39,40,41,171,38,37],"class_list":{"0":"post-1874","1":"product","2":"type-product","3":"status-publish","4":"has-post-thumbnail","6":"product_cat-germany-best-selling-vape","7":"product_cat-fumot-vape","8":"product_cat-italy-wholesale-vape","9":"product_cat-netherlands-hot-sale-vape","10":"product_cat-poland-hot-sale-vape","11":"product_cat-spain-best-hot-sale-vape","12":"product_cat-fance-hot-sale-vape","13":"product_cat-randm-fumot-vape","14":"product_cat-15000-puffs-disposable-vapes","15":"product_cat-rechargeable-vapes","16":"product_cat-new-vape-this-week","17":"product_cat-minimum-order-quantity-50pcs","18":"product_tag-15k-puffs-15000-vape-wholesale","19":"product_tag-fumot-vape","20":"product_tag-hot-sale-vape","21":"product_tag-original-factory-vape","22":"product_tag-randm-15000","23":"product_tag-randm-vape","24":"product_tag-wholesale-vape-price","25":"desktop-align-left","26":"tablet-align-left","27":"mobile-align-left","29":"first","30":"instock","31":"sale","32":"shipping-taxable","33":"purchasable","34":"product-type-simple"},"uagb_featured_image_src":{"full":["https:\/\/rmvapesale.com\/wp-content\/uploads\/2024\/05\/randm-vape-tornado-15k-fumot.jpg",424,589,false],"thumbnail":["https:\/\/rmvapesale.com\/wp-content\/uploads\/2024\/05\/randm-vape-tornado-15k-fumot-150x150.jpg",150,150,true],"medium":["https:\/\/rmvapesale.com\/wp-content\/uploads\/2024\/05\/randm-vape-tornado-15k-fumot-216x300.jpg",216,300,true],"medium_large":["https:\/\/rmvapesale.com\/wp-content\/uploads\/2024\/05\/randm-vape-tornado-15k-fumot.jpg",424,589,false],"large":["https:\/\/rmvapesale.com\/wp-content\/uploads\/2024\/05\/randm-vape-tornado-15k-fumot.jpg",424,589,false],"1536x1536":["https:\/\/rmvapesale.com\/wp-content\/uploads\/2024\/05\/randm-vape-tornado-15k-fumot.jpg",424,589,false],"2048x2048":["https:\/\/rmvapesale.com\/wp-content\/uploads\/2024\/05\/randm-vape-tornado-15k-fumot.jpg",424,589,false],"trp-custom-language-flag":["https:\/\/rmvapesale.com\/wp-content\/uploads\/2024\/05\/randm-vape-tornado-15k-fumot.jpg",9,12,false],"woocommerce_thumbnail":["https:\/\/rmvapesale.com\/wp-content\/uploads\/2024\/05\/randm-vape-tornado-15k-fumot-300x300.jpg",300,300,true],"woocommerce_single":["https:\/\/rmvapesale.com\/wp-content\/uploads\/2024\/05\/randm-vape-tornado-15k-fumot.jpg",424,589,false],"woocommerce_gallery_thumbnail":["https:\/\/rmvapesale.com\/wp-content\/uploads\/2024\/05\/randm-vape-tornado-15k-fumot-100x100.jpg",100,100,true],"wcpr-photo-reviews":["https:\/\/rmvapesale.com\/wp-content\/uploads\/2024\/05\/randm-vape-tornado-15k-fumot.jpg",360,500,false]},"uagb_author_info":{"display_name":"yannazhan","author_link":"https:\/\/rmvapesale.com\/sl\/author\/"},"uagb_comment_info":0,"uagb_excerpt":"15K PUFFS FUMOT VAPE RANDM Wholesale Price 15K PUFFS FUMOT ORIGINAL RANDM\u00a0 Factory Price 15K PUFFS Genuine FUMOT VAPE TORNADO RANDM Discount Price Contact Amy For More Discount And Lower MOQ Vape WhatsApp: +86 17776015835","_links":{"self":[{"href":"https:\/\/rmvapesale.com\/sl\/wp-json\/wp\/v2\/product\/1874","targetHints":{"allow":["GET"]}}],"collection":[{"href":"https:\/\/rmvapesale.com\/sl\/wp-json\/wp\/v2\/product"}],"about":[{"href":"https:\/\/rmvapesale.com\/sl\/wp-json\/wp\/v2\/types\/product"}],"replies":[{"embeddable":true,"href":"https:\/\/rmvapesale.com\/sl\/wp-json\/wp\/v2\/comments?post=1874"}],"wp:featuredmedia":[{"embeddable":true,"href":"https:\/\/rmvapesale.com\/sl\/wp-json\/wp\/v2\/media\/1877"}],"wp:attachment":[{"href":"https:\/\/rmvapesale.com\/sl\/wp-json\/wp\/v2\/media?parent=1874"}],"wp:term":[{"taxonomy":"product_brand","embeddable":true,"href":"https:\/\/rmvapesale.com\/sl\/wp-json\/wp\/v2\/product_brand?post=1874"},{"taxonomy":"product_cat","embeddable":true,"href":"https:\/\/rmvapesale.com\/sl\/wp-json\/wp\/v2\/product_cat?post=1874"},{"taxonomy":"product_tag","embeddable":true,"href":"https:\/\/rmvapesale.com\/sl\/wp-json\/wp\/v2\/product_tag?post=1874"}],"curies":[{"name":"wp","href":"https:\/\/api.w.org\/{rel}","templated":true}]}}