{"id":1886,"date":"2024-05-15T08:46:17","date_gmt":"2024-05-15T08:46:17","guid":{"rendered":"https:\/\/rmvapesale.com\/?post_type=product&#038;p=1886"},"modified":"2024-10-21T08:52:11","modified_gmt":"2024-10-21T08:52:11","slug":"original-randm-vape-digital-puff-12000-fumot-factory-price","status":"publish","type":"product","link":"https:\/\/rmvapesale.com\/sl\/product\/original-randm-vape-digital-puff-12000-fumot-factory-price\/","title":{"rendered":"Originalna Randm Vape Digital Puff 12000 FUMOT, tovarni\u0161ka cena"},"content":{"rendered":"<h1>Originalna Randm Vape Digital Puff 12000 FUMOT, tovarni\u0161ka cena<\/h1>\n<p>Najnovej\u0161e <strong>Original Randm Vape Digital Puff 12000<\/strong>, popolna izbira za \u0161iritev va\u0161ega trga v Sloveniji, kot so Nem\u010dija, Nizozemska, Francija, Italija, \u0160panija, \u0160vica, \u0160vedska, Poljska itd. Ta napredna naprava za vaping ne le da ponuja odli\u010dno zmogljivost, temve\u010d tudi nudi razli\u010dne okuse, da zadovoljijo razli\u010dne \u017eelje potro\u0161nikov.<\/p>\n<p>The <strong>Fumot Digital Box 12000 Vape za enkratno uporabo<\/strong> je opremljena z zmogljivostjo 20 ml e-tekline, ki zagotavlja do 12.000 vdihov na napravo, kar zagotavlja dolgo trajajo\u010do zabavo za uporabnike. Ima integrirano 850mAh polnljivo baterijo z priro\u010dnim prikazom baterije in ravni e-tekline, kar uporabnikom omogo\u010da enostavno spremljanje preostale mo\u010di in ravni e-tekline za brezskrbno vaping izku\u0161njo.<\/p>\n<p>Ponujamo \u0161irok izbor okusov, vklju\u010dno s Cool Mint, Watermelon Ice, Grape Ice, Blueberry Raspberry, Strawberry Watermelon in \u0161e mnogimi drugimi, skupaj 24 edinstvenih mo\u017enosti. Na primer, Cool Mint nudi osve\u017eujo\u010d in hladen ob\u010dutek, medtem ko Watermelon Ice zdru\u017euje sladke in ledene note za prijetno izku\u0161njo, popolno za vro\u010de poletne dni.<\/p>\n<p>Poleg tega je <strong>Fumot Digital Randm 12000 Disposable Vape<\/strong> uporablja napredno tehnologijo nikotinskih soli, na voljo v koncentracijah 0%, 2%, 3% in 5% nikotina, kar uporabnikom omogo\u010da izbiro ravni, ki najbolj ustreza njihovim potrebam.<\/p>\n<p>Kot veletrgovec VAPE lahko izkoristite na\u0161e cene neposredno iz tovarne, kar zagotavlja najve\u010djo stro\u0161kovno u\u010dinkovitost. Na\u0161a minimalna koli\u010dina naro\u010dila je le 50 kosov, idealno za veletrgovce, ki prvi\u010d uva\u017eajo e-cigaret iz Kitajske. Prav tako nudimo 24-urno podporo strankam in obravnavamo vse zadeve carinskega postopka, kar va\u0161e nakupovanje naredi enostavno in brez skrbi.<\/p>\n<p><strong>Dodaj prodajno vodjo AMY na whatsapp <a href=\"https:\/\/wa.me\/8617776015835\" target=\"_blank\" rel=\"noopener\">+86-17776015835<\/a> prejmite ve\u010dji popust!<\/strong><\/p>\n<p><img loading=\"lazy\" decoding=\"async\" class=\"size-medium wp-image-1814\" src=\"https:\/\/rmvapesale.com\/wp-content\/uploads\/2024\/04\/whatsapp-amy-229x300.jpg\" alt=\"whatsapp amy\" width=\"229\" height=\"300\" srcset=\"https:\/\/rmvapesale.com\/wp-content\/uploads\/2024\/04\/whatsapp-amy-229x300.jpg 229w, https:\/\/rmvapesale.com\/wp-content\/uploads\/2024\/04\/whatsapp-amy-783x1024.jpg 783w, https:\/\/rmvapesale.com\/wp-content\/uploads\/2024\/04\/whatsapp-amy-768x1005.jpg 768w, https:\/\/rmvapesale.com\/wp-content\/uploads\/2024\/04\/whatsapp-amy-600x785.jpg 600w, https:\/\/rmvapesale.com\/wp-content\/uploads\/2024\/04\/whatsapp-amy.jpg 990w\" sizes=\"auto, (max-width: 229px) 100vw, 229px\" \/><\/p>\n<h2>Tehni\u010dne specifikacije FUMOT PUFF 12000 Disposable Vape:<\/h2>\n<p>Mo\u017enosti vsebnosti nikotina: 0%, 2%, 3% in 5%<br \/>\nDo 12000 vdihov<br \/>\nPrednalo\u017eeno z 20 ml e-tekline<br \/>\n850mAh polnilna baterija<br \/>\n0.9\u03a9 Mre\u017easta tuljava<br \/>\n40 razpolo\u017eljivih okusov<\/p>\n<h2>Priljubljen okus za randm vape Digital 12000 vdihov<\/h2>\n<p>1 Hladna meta<br \/>\n2 Lubenica z ledom<br \/>\n3 Grozdje led<br \/>\n4 Borovnica malina <strong><span style=\"color: #ff0000\">&gt;&gt;&gt;Top\uff01<\/span><\/strong><br \/>\n5 Jagoda lubenica<br \/>\n6 Jagoda banana<br \/>\n7 So\u010dno led<br \/>\n8 \u010ce\u0161nja<br \/>\n9 Jagoda led<br \/>\n10 Ledeni lizika<br \/>\n11 Ro\u017enata limonada <strong><span style=\"color: #ff0000\">&gt;&gt;&gt;Najbolj\uff01<\/span><\/strong><br \/>\n12 Mango na ledu<br \/>\n13 Me\u0161ano jagodi\u010devje<br \/>\n14 Jagodna krof<br \/>\n15 Jagoda grozdje<br \/>\n16 \u010ce\u0161nja kola<br \/>\n17 Dr. modri<br \/>\n18 Borovnica na ledu<br \/>\n19 Kivi pasijonka guava<br \/>\n20 Jagoda kivi<br \/>\n21 Breskev mango<br \/>\n22 Breskev led<br \/>\n23 Rde\u010de jabolko led<br \/>\n24 Borovni\u010deva \u017eve\u010dilna<br \/>\n25 Jagodna limonada<br \/>\n26 Limonada iz modrih malin<br \/>\n27 Kisla modra malina <strong><span style=\"color: #ff0000\">&gt;&gt;&gt;Top\uff01<\/span><\/strong><br \/>\n28 Jagodni Red bull<br \/>\n29 Jabol\u010dna jagodna eksplozija<br \/>\n30 Lubeni\u010din \u017eve\u010dilni gumi<br \/>\n31 Malina lubenica<br \/>\n32 \u010crni led<br \/>\n33 Borovnica, \u010de\u0161nja, brusnica <strong><span style=\"color: #ff0000\">&gt;&gt;&gt;Top\uff01<\/span><\/strong><br \/>\n34 Jagodni \u0161mink (granatno jabolko)<br \/>\n35 Vimto <strong><span style=\"color: #ff0000\">&gt;&gt;&gt;Top\uff01<\/span><\/strong><br \/>\n36 \u010ce\u0161nja, jagoda<br \/>\n37 Limona<br \/>\n38 Bingo Crush<br \/>\n39 Borovnica, kivi<br \/>\n40 Jabolko, cimet<\/p>\n<figure id=\"attachment_2480\" aria-describedby=\"caption-attachment-2480\" style=\"width: 600px\" class=\"wp-caption alignnone\"><img loading=\"lazy\" decoding=\"async\" class=\"wp-image-2480 size-full\" src=\"https:\/\/rmvapesale.com\/wp-content\/uploads\/2024\/10\/Fumot-Digital-Box-12000-Disposable-Vape.jpg\" alt=\"Fumot Digital Box 12000 Vape za enkratno uporabo\" width=\"600\" height=\"600\" srcset=\"https:\/\/rmvapesale.com\/wp-content\/uploads\/2024\/10\/Fumot-Digital-Box-12000-Disposable-Vape.jpg 600w, https:\/\/rmvapesale.com\/wp-content\/uploads\/2024\/10\/Fumot-Digital-Box-12000-Disposable-Vape-300x300.jpg 300w, https:\/\/rmvapesale.com\/wp-content\/uploads\/2024\/10\/Fumot-Digital-Box-12000-Disposable-Vape-150x150.jpg 150w, https:\/\/rmvapesale.com\/wp-content\/uploads\/2024\/10\/Fumot-Digital-Box-12000-Disposable-Vape-100x100.jpg 100w\" sizes=\"auto, (max-width: 600px) 100vw, 600px\" \/><figcaption id=\"caption-attachment-2480\" class=\"wp-caption-text\">Fumot Digital Box 12000 Vape za enkratno uporabo<\/figcaption><\/figure>\n<h2>Stvari, ki jih morda \u017eelite vedeti o Fumot Digital Puff 12000 Vape, preden ga kupite na debelo.<\/h2>\n<p><strong>Q1: Kak\u0161ne so mo\u017enosti nikotina na voljo za Fumot Randm Digital 12000 Puffs Vape?<\/strong><\/p>\n<ul>\n<li>The <strong>Original Fumot Vape Digital 12000 Puffs<\/strong> ponuja koncentracije nikotinskih soli 0%, 2%, 3% in 5%.<\/li>\n<\/ul>\n<p><strong>Q2: Koliko okusov je na voljo za ta izdelek?<\/strong><\/p>\n<ul>\n<li>The <strong>Original Randm Digital Vape 12k Puffs<\/strong> pridi v 24 razli\u010dnih okusih, vklju\u010dno s Cool Mint, Watermelon Ice, Grape Ice in drugimi.<\/li>\n<\/ul>\n<p><strong>Q3: Kak\u0161na je kapaciteta e-zalije in \u0161tevilo vdiha za ta izdelek?<\/strong><\/p>\n<ul>\n<li>The <strong>Original Randm Vape Digital Puffs 12000<\/strong> ima kapaciteto e-zalije 20 ml in zagotavlja do 12.000 vdihov na napravo.<\/li>\n<\/ul>\n<p><strong>Q4: Ali je baterija polnljiva in kako lahko spremljam njen status?<\/strong><\/p>\n<ul>\n<li>Da, <strong>Original Randm Digital Vape 12k Puffs<\/strong> ima integrirano 850mAh polnljivo baterijo z zaslonom za spremljanje ravni baterije in e-zalije.<\/li>\n<\/ul>\n<p><strong>Q5: Kak\u0161no je minimalno naro\u010dilo in kak\u0161no podporo nudite novim uvoznicam?<\/strong><\/p>\n<ul>\n<li>Na\u0161e minimalno naro\u010dilo je 50 kosov. Nudimo 24\/7 podporo strankam in obravnavamo vse carinske zadeve, kar je idealno za prve uvoznike iz Slovenije.<\/li>\n<\/ul>\n<p><strong>Q6: Kako je izdelek pakiran za veleprodajo?<\/strong><\/p>\n<ul>\n<li>The <strong>Original Fumot Digital Vape 12k Puffs<\/strong> je pakiran z 10 kosov v razstavni \u0161katli in 200 kosov v kartonu.<\/li>\n<\/ul>\n<p><strong>Q7: Ali so na voljo cene po tovarni\u0161ki ceni za nakup na debelo?<\/strong><\/p>\n<ul>\n<li>Da, nudimo <strong>Original Fumot Vape Digital 12k Puffs Tovarna cena<\/strong> mo\u017enosti za nakup na debelo, da zagotovite najbolj\u0161o vrednost.<\/li>\n<\/ul>\n<p><strong>Q8: Ali lahko dobim konkuren\u010dne cene za velike naro\u010dila?<\/strong><\/p>\n<ul>\n<li>Seveda, nudimo <strong>Original Randm Digital Vape 12k Pufov na debelo<\/strong> za pomo\u010d pri maksimiziranju dobi\u010dka va\u0161ega vape posla.<\/li>\n<\/ul>\n<p>Poi\u0161\u010di ve\u010d izdelkov Vape, ki so ti morda v\u0161e\u010d:<em><a href=\"https:\/\/rmvapesale.com\/sl\/shop-2\/\">nakupujte zdaj\u00a0<\/a><\/em><\/p>\n<p>drugi vro\u010de prodajani vape, ki bi vam morda bili v\u0161e\u010d:<\/p>\n<p><a href=\"https:\/\/rmvapesale.com\/sl\/product\/jnr-shisha-vape-15000-puffs-wholesale-price-with-screen-vape\/\">VOPK SHISHA 15K<\/a><\/p>\n<p><a href=\"https:\/\/rmvapesale.com\/sl\/product\/randm-vape-al-fakher-10000-puffs-vape-wholesale\/\">randm vape AI FAKHER 15k vape<\/a><\/p>\n<p><a href=\"https:\/\/rmvapesale.com\/sl\/product\/randm-tornado-15000-puffs-15k-vape-recharge-fumot-original-vape-factory-price\/\">Fumot digital box Puff 12000<\/a><\/p>","protected":false},"excerpt":{"rendered":"<p class=\"LC20lb MBeuO DKV0Md\">Original Fumot Vape Digital 12.000 vdihov tovarna cena<br \/>\nOriginal Fumot Vape Digital 12k vdihov cena na debelo<br \/>\nFumot Vape RandM Digital 12000 Cena poceni<br \/>\n<strong>Kontaktirajte Amy za ve\u010dji popust in ni\u017eji MOQ Vape<\/strong><\/p>\n<p><img loading=\"lazy\" decoding=\"async\" class=\"size-medium wp-image-1814\" src=\"https:\/\/rmvapesale.com\/wp-content\/uploads\/2024\/04\/whatsapp-amy-229x300.jpg\" alt=\"whatsapp amy\" width=\"229\" height=\"300\" srcset=\"https:\/\/rmvapesale.com\/wp-content\/uploads\/2024\/04\/whatsapp-amy-229x300.jpg 229w, https:\/\/rmvapesale.com\/wp-content\/uploads\/2024\/04\/whatsapp-amy-783x1024.jpg 783w, https:\/\/rmvapesale.com\/wp-content\/uploads\/2024\/04\/whatsapp-amy-768x1005.jpg 768w, https:\/\/rmvapesale.com\/wp-content\/uploads\/2024\/04\/whatsapp-amy-600x785.jpg 600w, https:\/\/rmvapesale.com\/wp-content\/uploads\/2024\/04\/whatsapp-amy.jpg 990w\" sizes=\"auto, (max-width: 229px) 100vw, 229px\" \/><\/p>\n<h3><span style=\"color: #ff0000\"><strong>WhatsApp: +86 17776015835<\/strong><\/span><\/h3>","protected":false},"featured_media":2485,"comment_status":"open","ping_status":"closed","template":"","meta":{"_uag_custom_page_level_css":"","_lmt_disableupdate":"no","_lmt_disable":"","site-sidebar-layout":"default","site-content-layout":"content-boxed-container","ast-site-content-layout":"normal-width-container","site-content-style":"boxed","site-sidebar-style":"unboxed","ast-global-header-display":"","ast-banner-title-visibility":"","ast-main-header-display":"","ast-hfb-above-header-display":"","ast-hfb-below-header-display":"","ast-hfb-mobile-header-display":"","site-post-title":"","ast-breadcrumbs-content":"","ast-featured-img":"","footer-sml-layout":"","theme-transparent-header-meta":"default","adv-header-id-meta":"","stick-header-meta":"","header-above-stick-meta":"","header-main-stick-meta":"","header-below-stick-meta":"","astra-migrate-meta-layouts":"set","ast-page-background-enabled":"default","ast-page-background-meta":{"desktop":{"background-color":"var(--ast-global-color-4)","background-image":"","background-repeat":"repeat","background-position":"center center","background-size":"auto","background-attachment":"scroll","background-type":"","background-media":"","overlay-type":"","overlay-color":"","overlay-opacity":"","overlay-gradient":""},"tablet":{"background-color":"","background-image":"","background-repeat":"repeat","background-position":"center center","background-size":"auto","background-attachment":"scroll","background-type":"","background-media":"","overlay-type":"","overlay-color":"","overlay-opacity":"","overlay-gradient":""},"mobile":{"background-color":"","background-image":"","background-repeat":"repeat","background-position":"center center","background-size":"auto","background-attachment":"scroll","background-type":"","background-media":"","overlay-type":"","overlay-color":"","overlay-opacity":"","overlay-gradient":""}},"ast-content-background-meta":{"desktop":{"background-color":"var(--ast-global-color-5)","background-image":"","background-repeat":"repeat","background-position":"center center","background-size":"auto","background-attachment":"scroll","background-type":"","background-media":"","overlay-type":"","overlay-color":"","overlay-opacity":"","overlay-gradient":""},"tablet":{"background-color":"var(--ast-global-color-5)","background-image":"","background-repeat":"repeat","background-position":"center center","background-size":"auto","background-attachment":"scroll","background-type":"","background-media":"","overlay-type":"","overlay-color":"","overlay-opacity":"","overlay-gradient":""},"mobile":{"background-color":"var(--ast-global-color-5)","background-image":"","background-repeat":"repeat","background-position":"center center","background-size":"auto","background-attachment":"scroll","background-type":"","background-media":"","overlay-type":"","overlay-color":"","overlay-opacity":"","overlay-gradient":""}},"_joinchat":[]},"product_brand":[],"product_cat":[25,26,28,27,31,15,30],"product_tag":[45,46,39,40,111,41,38,165,37],"class_list":{"0":"post-1886","1":"product","2":"type-product","3":"status-publish","4":"has-post-thumbnail","6":"product_cat-germany-best-selling-vape","7":"product_cat-netherlands-hot-sale-vape","8":"product_cat-poland-hot-sale-vape","9":"product_cat-fance-hot-sale-vape","10":"product_cat-randm-fumot-vape","11":"product_cat-new-vape-this-week","12":"product_cat-minimum-order-quantity-50pcs","13":"product_tag-12k-vape-puff-12000","14":"product_tag-digital-box-12000-puff-original","15":"product_tag-fumot-vape","16":"product_tag-hot-sale-vape","17":"product_tag-low-nicotine-disposable-vape","18":"product_tag-original-factory-vape","19":"product_tag-randm-vape","20":"product_tag-rechargeable-vapes","21":"product_tag-wholesale-vape-price","22":"desktop-align-left","23":"tablet-align-left","24":"mobile-align-left","26":"first","27":"instock","28":"sale","29":"shipping-taxable","30":"purchasable","31":"product-type-simple"},"uagb_featured_image_src":{"full":["https:\/\/rmvapesale.com\/wp-content\/uploads\/2024\/10\/Randm-Vape-12000-Puffs.jpg",600,600,false],"thumbnail":["https:\/\/rmvapesale.com\/wp-content\/uploads\/2024\/10\/Randm-Vape-12000-Puffs-150x150.jpg",150,150,true],"medium":["https:\/\/rmvapesale.com\/wp-content\/uploads\/2024\/10\/Randm-Vape-12000-Puffs-300x300.jpg",300,300,true],"medium_large":["https:\/\/rmvapesale.com\/wp-content\/uploads\/2024\/10\/Randm-Vape-12000-Puffs.jpg",600,600,false],"large":["https:\/\/rmvapesale.com\/wp-content\/uploads\/2024\/10\/Randm-Vape-12000-Puffs.jpg",600,600,false],"1536x1536":["https:\/\/rmvapesale.com\/wp-content\/uploads\/2024\/10\/Randm-Vape-12000-Puffs.jpg",600,600,false],"2048x2048":["https:\/\/rmvapesale.com\/wp-content\/uploads\/2024\/10\/Randm-Vape-12000-Puffs.jpg",600,600,false],"trp-custom-language-flag":["https:\/\/rmvapesale.com\/wp-content\/uploads\/2024\/10\/Randm-Vape-12000-Puffs.jpg",12,12,false],"woocommerce_thumbnail":["https:\/\/rmvapesale.com\/wp-content\/uploads\/2024\/10\/Randm-Vape-12000-Puffs-300x300.jpg",300,300,true],"woocommerce_single":["https:\/\/rmvapesale.com\/wp-content\/uploads\/2024\/10\/Randm-Vape-12000-Puffs.jpg",600,600,false],"woocommerce_gallery_thumbnail":["https:\/\/rmvapesale.com\/wp-content\/uploads\/2024\/10\/Randm-Vape-12000-Puffs-100x100.jpg",100,100,true],"wcpr-photo-reviews":["https:\/\/rmvapesale.com\/wp-content\/uploads\/2024\/10\/Randm-Vape-12000-Puffs.jpg",500,500,false]},"uagb_author_info":{"display_name":"yannazhan","author_link":"https:\/\/rmvapesale.com\/sl\/author\/"},"uagb_comment_info":0,"uagb_excerpt":"Original Fumot Vape Digital 12ooo Puffs Factory Price Original Fumot Vape Digital 12k Puffs Price Bulk Buy Fumot Vape RandM Digital 12000 Price Cheap Contact Amy For More Discount And Lower MOQ Vape WhatsApp: +86 17776015835","_links":{"self":[{"href":"https:\/\/rmvapesale.com\/sl\/wp-json\/wp\/v2\/product\/1886","targetHints":{"allow":["GET"]}}],"collection":[{"href":"https:\/\/rmvapesale.com\/sl\/wp-json\/wp\/v2\/product"}],"about":[{"href":"https:\/\/rmvapesale.com\/sl\/wp-json\/wp\/v2\/types\/product"}],"replies":[{"embeddable":true,"href":"https:\/\/rmvapesale.com\/sl\/wp-json\/wp\/v2\/comments?post=1886"}],"wp:featuredmedia":[{"embeddable":true,"href":"https:\/\/rmvapesale.com\/sl\/wp-json\/wp\/v2\/media\/2485"}],"wp:attachment":[{"href":"https:\/\/rmvapesale.com\/sl\/wp-json\/wp\/v2\/media?parent=1886"}],"wp:term":[{"taxonomy":"product_brand","embeddable":true,"href":"https:\/\/rmvapesale.com\/sl\/wp-json\/wp\/v2\/product_brand?post=1886"},{"taxonomy":"product_cat","embeddable":true,"href":"https:\/\/rmvapesale.com\/sl\/wp-json\/wp\/v2\/product_cat?post=1886"},{"taxonomy":"product_tag","embeddable":true,"href":"https:\/\/rmvapesale.com\/sl\/wp-json\/wp\/v2\/product_tag?post=1886"}],"curies":[{"name":"wp","href":"https:\/\/api.w.org\/{rel}","templated":true}]}}