{"id":1940,"date":"2024-08-27T07:55:11","date_gmt":"2024-08-27T07:55:11","guid":{"rendered":"https:\/\/rmvapesale.com\/?post_type=product&#038;p=1940"},"modified":"2024-11-04T09:58:31","modified_gmt":"2024-11-04T09:58:31","slug":"randm-tornado-15000-puffs-vape-wholesale","status":"publish","type":"product","link":"https:\/\/rmvapesale.com\/sl\/product\/randm-tornado-15000-puffs-vape-wholesale\/","title":{"rendered":"RandM Tornado 15000 Puffs Vape Veleprodaja"},"content":{"rendered":"<h1>RandM Tornado 15000 Puffs Vape Veleprodaja<\/h1>\n<p>Enkratne vape postajajo priljubljene zaradi \u0161irokega izbora okusov in enostavnosti uporabe. I\u0161\u010dete najbolj\u0161o ceno za enkratno vape? RandM Tornado 15000 vdihov je zelo priporo\u010dljiv zaradi svojih impresivnih funkcij. Zasnovan z 850mAh polnilno baterijo, ki zagotavlja do 15000 vdihov. Tukaj v na\u0161i trgovini lahko kupite RandM Tornado 15000 vdihov vape po veleprodajni ceni.<\/p>\n<p>Tornado 15000 ima novo zasnovo z 850mAh polnilno baterijo, ki se hitro polni prek USB-C priklju\u010dka, kar omogo\u010da u\u010dinkovito polnjenje. RandM Tornado 15000 enkratna vape ima tehnologijo mre\u017ene tuljave, zato zagotavlja bolj gladko in prijetno izku\u0161njo vapinga. skozi celoten nabor okusov.<\/p>\n<p>Predvsem pa je RM 15000 res stro\u0161kovno u\u010dinkovit vape, ki ga je vredno poskusiti!<\/p>\n<p><strong>Kontaktirajte Amy za pravilen odgovor in veleprodajno ceno!<\/strong><\/p>\n<p><img loading=\"lazy\" decoding=\"async\" class=\"size-medium wp-image-1814\" src=\"https:\/\/rmvapesale.com\/wp-content\/uploads\/2024\/04\/whatsapp-amy-229x300.jpg\" alt=\"whatsapp amy\" width=\"229\" height=\"300\" srcset=\"https:\/\/rmvapesale.com\/wp-content\/uploads\/2024\/04\/whatsapp-amy-229x300.jpg 229w, https:\/\/rmvapesale.com\/wp-content\/uploads\/2024\/04\/whatsapp-amy-783x1024.jpg 783w, https:\/\/rmvapesale.com\/wp-content\/uploads\/2024\/04\/whatsapp-amy-768x1005.jpg 768w, https:\/\/rmvapesale.com\/wp-content\/uploads\/2024\/04\/whatsapp-amy-600x785.jpg 600w, https:\/\/rmvapesale.com\/wp-content\/uploads\/2024\/04\/whatsapp-amy.jpg 990w\" sizes=\"auto, (max-width: 229px) 100vw, 229px\" \/><\/p>\n<h2><strong>Kaj naredi FUMOT RandM Tornado 15000 edinstveno enkratno vape?<\/strong><\/h2>\n<p>Z izjemnimi specifikacijami, pristna RANDM VAPE 15K TORNADO izstopa kot ena najvi\u0161jih zmogljivosti enkratnih vape na trgu.<\/p>\n<p>Mo\u017enosti vsebnosti nikotina: 0%, 2%, 3% in 5%<br \/>\nDo 15000 vdihov<br \/>\nPrednapolnjeno z 25 ml e-tekline<br \/>\n850mAh polnilna baterija<br \/>\n0.9\u03a9 Mre\u017easta tuljava<br \/>\n41 razpolo\u017eljivih okusov<\/p>\n<h2><strong>Kateri je najbolj\u0161i okus za RandM Tornado 15k vdihov vape?<\/strong><\/h2>\n<p>Mr blue je brez dvoma najbolj priljubljen okus za RandM Tornado 15000, morate ga poskusiti!<\/p>\n<p>RandM Tornado 15000 vdihov ponuja skupno 41 razpolo\u017eljivih okusov za va\u0161 izbor, nekaj za vsak okus.<\/p>\n<p>1 Modra Razz Lemonada<br \/>\n2 Breskev Led<br \/>\n3 Kisel Jabolko<br \/>\n4 Melonova Led<br \/>\n5 Borovni\u010dev Led<br \/>\n6 Borovnica Raspberries<br \/>\n7 Ananas Led<br \/>\n8 \u010ce\u0161nja<br \/>\n9 Jagoda led<br \/>\n10 Vimto<br \/>\n11 Grozd Led<br \/>\n12 Kola Led<br \/>\n13 Jagoda Melona<br \/>\n14 Roza Limonaada<br \/>\n15 Me\u0161ano jagodi\u010devje<br \/>\n16 Breskev Mango<br \/>\n17 Zmajevo sadje<br \/>\n18 Jagoda grozd<br \/>\n19 Gospod modri<br \/>\n20 Razko\u0161na Led<br \/>\n21 ledeni pop<br \/>\n22 Jagoda kiviji<br \/>\n23 Kivi pasijonski sadje guava<br \/>\n24 Trojno jagodi\u010devje<br \/>\n25 Banana led<br \/>\n26 Breskev borovni\u010dna sladkarija<br \/>\n27 Jabolko breskev hru\u0161ka<br \/>\n28. Jagodni limonada<br \/>\n29. Modri Razz \u010de\u0161nja<br \/>\n30. Borovni\u010dev \u017eve\u010dilni gumi<br \/>\n31. Borovni\u010dev \u010de\u0161njev brusni\u010dni<br \/>\n32. Borovni\u010dev granatni jabolko<br \/>\n33. Modri sour malina<br \/>\n34. \u010ce\u0161njeva cola<br \/>\n35. \u017dve\u010dilna medvedka<br \/>\n36. Limona in limeta<br \/>\n37. Mango na ledu<br \/>\n38. Rde\u010da energijska ledena kocka<br \/>\n39. Jagoda Banana<br \/>\n40. Jagoda Red Bull<br \/>\n41. Jagoda Lubenica Limonaada<\/p>\n<h2><strong>Vpra\u0161anja, ki jih morda \u017eelite vedeti o RandM Tornado 15000 potiskih vape<\/strong><\/h2>\n<p>&nbsp;<\/p>\n<h3>Q1. Kaj je RM Tornado 15000 potiskov Vape Original?<\/h3>\n<p>A: RANDM VAPE 15K TORNADO Original je enkratna naprava za vape, zasnovana za dalj\u0161e vape seje. Ime je dobila po svoji impresivni kapaciteti 15.000 potiskov.<\/p>\n<h3>Q2. Kdo izdeluje RandM Tornado 15k Puffs Vape Original?<\/h3>\n<p>A: RANDM VAPE 15K TORNADO Original izdeluje Shenzhen Fumot Technology, vodilno podjetje v industriji vapinga, znano po svojih inovativnih izdelkih.<\/p>\n<h3>Q3. Kako dolgo traja pristni RandM Tornado 15K Vape?<\/h3>\n<p>A: RANDM VAPE 15K TORNADO Original ima vgrajeno baterijo s kapaciteto 850mAh, ki omogo\u010da dalj\u0161o uporabo na eno polnjenje. Natan\u010dna \u017eivljenjska doba baterije pa je odvisna od posameznikovega vzorca uporabe.<\/p>\n<h3>Q4. Je Fumot RandM Tornado 15000 potiskov Vape Original ponovno polnljiv?<\/h3>\n<p><span style=\"font-size: 16px\">A: Ne, RANDM VAPE 15K TORNADO Original ima ponovno polnljivo baterijo, ki je polnljiva.<\/span><\/p>\n<h3>Q5. Kako lahko kupim Fumot RandM Tornado 15000 potiskov Vape Original?<\/h3>\n<p>A: RANDM VAPE 15K TORNADO Original je na voljo za nakup prek poobla\u0161\u010denih distributerjev. Za veleprodajne povpra\u0161evanja lahko distributerji <a href=\"https:\/\/wa.me\/8617776015835\" target=\"_blank\" rel=\"noopener\">kontaktirajte nas<\/a> se neposredno obrnejo na nas. Maloprodajni kupci lahko izdelek najdejo pri izbranih prodajalcih ali spletnih trgovinah.<\/p>\n<p><strong>Podrobnosti po\u0161iljanja:<\/strong><br \/>\n\u010cas izdelave: 5-10 delovnih dni<br \/>\n\u010cas dostave: 8-14 delovnih dni<\/p>\n<p>Vsi izdelki v na\u0161i trgovini so 100% originalni in avtenti\u010dni, zato je desetkratno nadomestilo za ponarejene izdelke na\u0161a politika trgovine. Uporabljamo logisti\u010dne kanale, kot so UPS\/DHL\/FEDEX\/DPD, za dostavo blaga do vas.<\/p>\n<p>Za pakete, poslane v Slovenijo, obi\u010dajno traja 10 delovnih dni, da prispejo. Dostava v evropske dr\u017eave obi\u010dajno traja pribli\u017eno 12-15 delovnih dni. Za vas bomo v realnem \u010dasu posodabljali logisti\u010dne informacije.<\/p>\n<p>Poi\u0161\u010di ve\u010d izdelkov Vape, ki so ti morda v\u0161e\u010d:<em><a href=\"https:\/\/rmvapesale.com\/sl\/shop-2\/\">nakupujte zdaj\u00a0<\/a><\/em><\/p>\n<p>drugi vro\u010de prodajani vape, ki bi vam morda bili v\u0161e\u010d:<\/p>\n<p><a href=\"https:\/\/rmvapesale.com\/sl\/product\/randm-vape-al-fakher-10000-puffs-vape-wholesale\/\">randm vape AI FAKHER 15k vape<\/a><\/p>\n<p><a href=\"https:\/\/rmvapesale.com\/sl\/product\/original-randm-tornado-9000-puffs-disposable-vape-factory-price\/\">RandM Tornado 9000<\/a><\/p>","protected":false},"excerpt":{"rendered":"<p>Fumot Tornado 15000 VELIKO CENA za VAPE<br \/>\nIZVIRNO RandM Tornado 15000 tovarna na zalogi na veliko<br \/>\nPravi RANDM Vape FUMOT TORNADO 15000 zni\u017eana cena<\/p>\n<p><strong>Kontaktirajte Amy za ve\u010dji popust in ni\u017eji MOQ Vape<\/strong><\/p>\n<p><img loading=\"lazy\" decoding=\"async\" class=\"size-medium wp-image-1814\" src=\"https:\/\/rmvapesale.com\/wp-content\/uploads\/2024\/04\/whatsapp-amy-229x300.jpg\" alt=\"whatsapp amy\" width=\"229\" height=\"300\" srcset=\"https:\/\/rmvapesale.com\/wp-content\/uploads\/2024\/04\/whatsapp-amy-229x300.jpg 229w, https:\/\/rmvapesale.com\/wp-content\/uploads\/2024\/04\/whatsapp-amy-783x1024.jpg 783w, https:\/\/rmvapesale.com\/wp-content\/uploads\/2024\/04\/whatsapp-amy-768x1005.jpg 768w, https:\/\/rmvapesale.com\/wp-content\/uploads\/2024\/04\/whatsapp-amy-600x785.jpg 600w, https:\/\/rmvapesale.com\/wp-content\/uploads\/2024\/04\/whatsapp-amy.jpg 990w\" sizes=\"auto, (max-width: 229px) 100vw, 229px\" \/><\/p>\n<h3><span style=\"color: #ff0000\"><strong>WhatsApp: +86 17776015835<\/strong><\/span><\/h3>","protected":false},"featured_media":1937,"comment_status":"open","ping_status":"closed","template":"","meta":{"_uag_custom_page_level_css":"","_lmt_disableupdate":"no","_lmt_disable":"","site-sidebar-layout":"default","site-content-layout":"content-boxed-container","ast-site-content-layout":"normal-width-container","site-content-style":"boxed","site-sidebar-style":"unboxed","ast-global-header-display":"","ast-banner-title-visibility":"","ast-main-header-display":"","ast-hfb-above-header-display":"","ast-hfb-below-header-display":"","ast-hfb-mobile-header-display":"","site-post-title":"","ast-breadcrumbs-content":"","ast-featured-img":"","footer-sml-layout":"","theme-transparent-header-meta":"default","adv-header-id-meta":"","stick-header-meta":"","header-above-stick-meta":"","header-main-stick-meta":"","header-below-stick-meta":"","astra-migrate-meta-layouts":"set","ast-page-background-enabled":"default","ast-page-background-meta":{"desktop":{"background-color":"var(--ast-global-color-4)","background-image":"","background-repeat":"repeat","background-position":"center center","background-size":"auto","background-attachment":"scroll","background-type":"","background-media":"","overlay-type":"","overlay-color":"","overlay-opacity":"","overlay-gradient":""},"tablet":{"background-color":"","background-image":"","background-repeat":"repeat","background-position":"center center","background-size":"auto","background-attachment":"scroll","background-type":"","background-media":"","overlay-type":"","overlay-color":"","overlay-opacity":"","overlay-gradient":""},"mobile":{"background-color":"","background-image":"","background-repeat":"repeat","background-position":"center center","background-size":"auto","background-attachment":"scroll","background-type":"","background-media":"","overlay-type":"","overlay-color":"","overlay-opacity":"","overlay-gradient":""}},"ast-content-background-meta":{"desktop":{"background-color":"var(--ast-global-color-5)","background-image":"","background-repeat":"repeat","background-position":"center center","background-size":"auto","background-attachment":"scroll","background-type":"","background-media":"","overlay-type":"","overlay-color":"","overlay-opacity":"","overlay-gradient":""},"tablet":{"background-color":"var(--ast-global-color-5)","background-image":"","background-repeat":"repeat","background-position":"center center","background-size":"auto","background-attachment":"scroll","background-type":"","background-media":"","overlay-type":"","overlay-color":"","overlay-opacity":"","overlay-gradient":""},"mobile":{"background-color":"var(--ast-global-color-5)","background-image":"","background-repeat":"repeat","background-position":"center center","background-size":"auto","background-attachment":"scroll","background-type":"","background-media":"","overlay-type":"","overlay-color":"","overlay-opacity":"","overlay-gradient":""}},"_joinchat":[]},"product_brand":[],"product_cat":[25,51,195,26,28,27,31,137,136,15,30],"product_tag":[44,39,40,41,38,37],"class_list":{"0":"post-1940","1":"product","2":"type-product","3":"status-publish","4":"has-post-thumbnail","6":"product_cat-germany-best-selling-vape","7":"product_cat-fumot-vape","8":"product_cat-germany-warehouse","9":"product_cat-netherlands-hot-sale-vape","10":"product_cat-poland-hot-sale-vape","11":"product_cat-fance-hot-sale-vape","12":"product_cat-randm-fumot-vape","13":"product_cat-rechargeable-vapes","14":"product_cat-smart-screen-vapes","15":"product_cat-new-vape-this-week","16":"product_cat-minimum-order-quantity-50pcs","17":"product_tag-15k-puffs-15000-vape-wholesale","18":"product_tag-fumot-vape","19":"product_tag-hot-sale-vape","20":"product_tag-original-factory-vape","21":"product_tag-randm-vape","22":"product_tag-wholesale-vape-price","23":"desktop-align-left","24":"tablet-align-left","25":"mobile-align-left","27":"first","28":"instock","29":"sale","30":"shipping-taxable","31":"purchasable","32":"product-type-simple"},"uagb_featured_image_src":{"full":["https:\/\/rmvapesale.com\/wp-content\/uploads\/2024\/08\/RandM-Tornado-15000-Wholesale-Blue-Razz-Lemonade.jpg",800,800,false],"thumbnail":["https:\/\/rmvapesale.com\/wp-content\/uploads\/2024\/08\/RandM-Tornado-15000-Wholesale-Blue-Razz-Lemonade-150x150.jpg",150,150,true],"medium":["https:\/\/rmvapesale.com\/wp-content\/uploads\/2024\/08\/RandM-Tornado-15000-Wholesale-Blue-Razz-Lemonade-300x300.jpg",300,300,true],"medium_large":["https:\/\/rmvapesale.com\/wp-content\/uploads\/2024\/08\/RandM-Tornado-15000-Wholesale-Blue-Razz-Lemonade-768x768.jpg",768,768,true],"large":["https:\/\/rmvapesale.com\/wp-content\/uploads\/2024\/08\/RandM-Tornado-15000-Wholesale-Blue-Razz-Lemonade.jpg",800,800,false],"1536x1536":["https:\/\/rmvapesale.com\/wp-content\/uploads\/2024\/08\/RandM-Tornado-15000-Wholesale-Blue-Razz-Lemonade.jpg",800,800,false],"2048x2048":["https:\/\/rmvapesale.com\/wp-content\/uploads\/2024\/08\/RandM-Tornado-15000-Wholesale-Blue-Razz-Lemonade.jpg",800,800,false],"trp-custom-language-flag":["https:\/\/rmvapesale.com\/wp-content\/uploads\/2024\/08\/RandM-Tornado-15000-Wholesale-Blue-Razz-Lemonade.jpg",12,12,false],"woocommerce_thumbnail":["https:\/\/rmvapesale.com\/wp-content\/uploads\/2024\/08\/RandM-Tornado-15000-Wholesale-Blue-Razz-Lemonade-300x300.jpg",300,300,true],"woocommerce_single":["https:\/\/rmvapesale.com\/wp-content\/uploads\/2024\/08\/RandM-Tornado-15000-Wholesale-Blue-Razz-Lemonade-600x600.jpg",600,600,true],"woocommerce_gallery_thumbnail":["https:\/\/rmvapesale.com\/wp-content\/uploads\/2024\/08\/RandM-Tornado-15000-Wholesale-Blue-Razz-Lemonade-100x100.jpg",100,100,true],"wcpr-photo-reviews":["https:\/\/rmvapesale.com\/wp-content\/uploads\/2024\/08\/RandM-Tornado-15000-Wholesale-Blue-Razz-Lemonade.jpg",500,500,false]},"uagb_author_info":{"display_name":"AMY","author_link":"https:\/\/rmvapesale.com\/sl\/author\/"},"uagb_comment_info":0,"uagb_excerpt":"Fumot Tornado 15000 VAPE Wholesale Price ORIGINAL RandM Tornado 15000 Factory Wholesale in Stock Genuine RANDM Vape FUMOT TORNADO 15000 Discount Price Contact Amy For More Discount And Lower MOQ Vape WhatsApp: +86 17776015835","_links":{"self":[{"href":"https:\/\/rmvapesale.com\/sl\/wp-json\/wp\/v2\/product\/1940","targetHints":{"allow":["GET"]}}],"collection":[{"href":"https:\/\/rmvapesale.com\/sl\/wp-json\/wp\/v2\/product"}],"about":[{"href":"https:\/\/rmvapesale.com\/sl\/wp-json\/wp\/v2\/types\/product"}],"replies":[{"embeddable":true,"href":"https:\/\/rmvapesale.com\/sl\/wp-json\/wp\/v2\/comments?post=1940"}],"wp:featuredmedia":[{"embeddable":true,"href":"https:\/\/rmvapesale.com\/sl\/wp-json\/wp\/v2\/media\/1937"}],"wp:attachment":[{"href":"https:\/\/rmvapesale.com\/sl\/wp-json\/wp\/v2\/media?parent=1940"}],"wp:term":[{"taxonomy":"product_brand","embeddable":true,"href":"https:\/\/rmvapesale.com\/sl\/wp-json\/wp\/v2\/product_brand?post=1940"},{"taxonomy":"product_cat","embeddable":true,"href":"https:\/\/rmvapesale.com\/sl\/wp-json\/wp\/v2\/product_cat?post=1940"},{"taxonomy":"product_tag","embeddable":true,"href":"https:\/\/rmvapesale.com\/sl\/wp-json\/wp\/v2\/product_tag?post=1940"}],"curies":[{"name":"wp","href":"https:\/\/api.w.org\/{rel}","templated":true}]}}