{"id":1942,"date":"2024-09-05T05:47:08","date_gmt":"2024-09-05T05:47:08","guid":{"rendered":"https:\/\/rmvapesale.com\/?post_type=product&#038;p=1942"},"modified":"2025-01-20T03:42:22","modified_gmt":"2025-01-20T03:42:22","slug":"vapme-crystal-7000-puffs-rechargeable-disposable-vape-price","status":"publish","type":"product","link":"https:\/\/rmvapesale.com\/sl\/product\/vapme-crystal-7000-puffs-rechargeable-disposable-vape-price\/","title":{"rendered":"Vapme Crystal 7000 Vpihov Polnilna Vape za enkratno uporabo Cena"},"content":{"rendered":"<h1>Vapme Crystal 7000 Vpihov Polnilna Vape za enkratno uporabo Cena<\/h1>\n<p>Predstavljamo Vapme Crystal 7000 pufov polnljivo osebno vape Originalna izdaja\u2014vrhunski pripomo\u010dek zasnovan za vrhunsko izku\u0161njo vapinga. Ta polnljiva osebna vape ponuja \u0161irok izbor okusov in prilagodljive ravni nikotina. Izberite med 30 privla\u010dnimi okusi, da prilagodite svojo vaping izku\u0161njo svojim \u017eeljam. V na\u0161i trgovini boste dobili veleprodajno ceno za Vapme Crystal 7000 pufov polnljivo osebno vape.<\/p>\n<p>Na voljo v nikotinskih mo\u010deh 0%, 2% in 5%, ta vape vam omogo\u010da, da prilagodite svojo izku\u0161njo glede na va\u0161e potrebe.<\/p>\n<p>Vapne Crystal vape palica je napajana z robustno 650mAh kobaltovo baterijo in ima priro\u010den Type-C priklju\u010dek za zanesljivo napajanje in enostavno polnjenje.<\/p>\n<p>Z obse\u017eno kapaciteto 14mL e-teko\u010dine in mre\u017eno tuljavo 1.0 ohma, ta vape zagotavlja gladek, okusen hlap z vsakim vdihom.<\/p>\n<p>U\u017eivajte do 7000 pufov zadovoljstva s to polnljivo osebno vape, popolno za tiste, ki cenijo tako udobje kot kakovost v svoji vaping izku\u0161nji.<\/p>\n<p>&nbsp;<\/p>\n<p><strong>Kontaktirajte Amy za pravilen odgovor in veleprodajno ceno!<\/strong><\/p>\n<p><img loading=\"lazy\" decoding=\"async\" class=\"size-medium wp-image-1814\" src=\"https:\/\/rmvapesale.com\/wp-content\/uploads\/2024\/04\/whatsapp-amy-229x300.jpg\" alt=\"whatsapp amy\" width=\"229\" height=\"300\" srcset=\"https:\/\/rmvapesale.com\/wp-content\/uploads\/2024\/04\/whatsapp-amy-229x300.jpg 229w, https:\/\/rmvapesale.com\/wp-content\/uploads\/2024\/04\/whatsapp-amy-783x1024.jpg 783w, https:\/\/rmvapesale.com\/wp-content\/uploads\/2024\/04\/whatsapp-amy-768x1005.jpg 768w, https:\/\/rmvapesale.com\/wp-content\/uploads\/2024\/04\/whatsapp-amy-600x785.jpg 600w, https:\/\/rmvapesale.com\/wp-content\/uploads\/2024\/04\/whatsapp-amy.jpg 990w\" sizes=\"auto, (max-width: 229px) 100vw, 229px\" \/><\/p>\n<h2><\/h2>\n<h2><strong>Kaj naredi <\/strong><strong>PUFF <\/strong><strong>7000 <\/strong><strong>VAPME Crystal <\/strong><strong>vro\u010d<\/strong>\u00a0<strong>osebna vape?<\/strong><\/h2>\n<p>Mo\u017enosti vsebnosti nikotina: 0%, 2%, 3% in 5%<br \/>\nDo 7000 vdihov<br \/>\nPrednapolnjeno z 14 ml e-tekline<br \/>\n650mAh polnilna baterija<br \/>\nMre\u017ena tuljava 1.0 \u03a9<br \/>\n30 razpolo\u017eljivih okusov<\/p>\n<h2><strong>Kateri je priljubljen okus za VAPME Crystal 7000 vape?<\/strong><\/h2>\n<p>VAPME Crystal 7000 Pufov ponuja skupno 30 razpolo\u017eljivih okusov za va\u0161 izbor, za vsak okus nekaj.<\/p>\n<p>1. Borovnica malina<br \/>\n2. Grozdje jagoda<br \/>\n3. Jagoda lubenica \u017eve\u010dilni gumi<br \/>\n4. Jagoda Rde\u010da malina sladkarije<br \/>\n5. Jagoda banana<br \/>\n6. Jagoda mango<br \/>\n7. Breskev mango ananas<br \/>\n8. Lubenica led<br \/>\n9. Trojni mango<br \/>\n10. Vi\u0161nja led<br \/>\n11. Marakuja melona led<br \/>\n12. Kivi marakuja guava<br \/>\n13. Jagoda led<br \/>\n14. Breskev led<br \/>\n15. Limona&amp;Limonada modra raz<br \/>\n16. Jagoda kivi<br \/>\n17. Energijska pija\u010da<br \/>\n18. Vi\u0161nja kola<br \/>\n19. Me\u0161ane jagode led<br \/>\n20. Limona&amp;Limon<br \/>\n21. Jagoda grozdje<br \/>\n22. \u010crni ribez led<br \/>\n23. Borovnica brusnica \u010de\u0161nja<br \/>\n24. Lubenica kivi led<br \/>\n25. \u010de\u0161nja jagoda<br \/>\n26. meta<br \/>\n27. tropski sadni napitek<br \/>\n28. Gospod modri<br \/>\n29. Dvojno jabolko<br \/>\n30. bananov led<\/p>\n<figure id=\"attachment_1945\" aria-describedby=\"caption-attachment-1945\" style=\"width: 500px\" class=\"wp-caption alignnone\"><img loading=\"lazy\" decoding=\"async\" class=\"wp-image-1945 size-full\" src=\"https:\/\/rmvapesale.com\/wp-content\/uploads\/2024\/09\/Vapme-Crystal-7000-Puffs-Disposable-Vape-Wholesale.jpg\" alt=\"Vapme Crystal 7000 Vdihov za enkratno uporabo na debelo\" width=\"500\" height=\"500\" srcset=\"https:\/\/rmvapesale.com\/wp-content\/uploads\/2024\/09\/Vapme-Crystal-7000-Puffs-Disposable-Vape-Wholesale.jpg 500w, https:\/\/rmvapesale.com\/wp-content\/uploads\/2024\/09\/Vapme-Crystal-7000-Puffs-Disposable-Vape-Wholesale-300x300.jpg 300w, https:\/\/rmvapesale.com\/wp-content\/uploads\/2024\/09\/Vapme-Crystal-7000-Puffs-Disposable-Vape-Wholesale-150x150.jpg 150w, https:\/\/rmvapesale.com\/wp-content\/uploads\/2024\/09\/Vapme-Crystal-7000-Puffs-Disposable-Vape-Wholesale-100x100.jpg 100w\" sizes=\"auto, (max-width: 500px) 100vw, 500px\" \/><figcaption id=\"caption-attachment-1945\" class=\"wp-caption-text\">Vapme Crystal 7000 Vdihov za enkratno uporabo na debelo<\/figcaption><\/figure>\n<h2><strong>Vpra\u0161anja, ki bi vas lahko zanimala o PUFF Vape VAPME Crystal 7000<\/strong><\/h2>\n<p>&nbsp;<\/p>\n<h3>Q 1. Kaj je VAPME Crystal 7000 Vdihov za enkratno uporabo?<\/h3>\n<p>O: The <span style=\"font-size: 16px\">VAPME Crystal 7000 Vdihov za enkratno uporabo<\/span> je polnilna naprava za enkratno uporabo, zasnovana za dalj\u0161e seanse vapinga. Ime je dobila po svoji impresivni kapaciteti 7000 vdihov in ve\u010dbarvnih lu\u010deh, ki spominjajo na osvetljen kristal.<\/p>\n<h3>V 2. Kako dolgo zdr\u017ei originalni VAPME Crystal 7000 Vape?<\/h3>\n<p>O: Originalni <span style=\"font-size: 16px\">VAPME Crystal 7000 Vdihov za enkratno uporabo <\/span>ima vgrajeno baterijo s kapaciteto 850 mAh, ki omogo\u010da dalj\u0161o uporabo z enim polnjenjem. Natan\u010dna \u017eivljenjska doba baterije pa je odvisna od posameznih vzorcev uporabe.<\/p>\n<h3>V 3. Ali je PUFF 7000 VAPME Crystal Original polnilen?<\/h3>\n<p><span style=\"font-size: 16px\">O: Da, VAPME Crystal 7000 Puffs Original ima polnilno baterijo. Z njim lahko u\u017eivate do zadnje kapljice.<\/span><\/p>\n<h3>V 4. Kje lahko dobim veleprodajno ceno za Vapme Crystal 7000 puffs polnilno napravo za enkratno uporabo?<\/h3>\n<p>O: The <span style=\"font-size: 16px\">VAPME Crystal 7000 Vdihov za enkratno uporabo <\/span>je na voljo za nakup pri poobla\u0161\u010denih distributerjih. Za veleprodajna povpra\u0161evanja se lahko distributerji <a href=\"https:\/\/wa.me\/8617776015835\" target=\"_blank\" rel=\"noopener\">kontaktirajte nas<\/a> se neposredno obrnejo na nas. Maloprodajni kupci lahko izdelek najdejo pri izbranih prodajalcih ali spletnih trgovinah.<\/p>\n<p>Poi\u0161\u010di ve\u010d izdelkov Vape, ki so ti morda v\u0161e\u010d:<em><a href=\"https:\/\/rmvapesale.com\/sl\/shop-2\/\">nakupujte zdaj\u00a0<\/a><\/em><\/p>\n<p>drugi vro\u010de prodajani vape, ki bi vam morda bili v\u0161e\u010d:<\/p>\n<p><a href=\"https:\/\/rmvapesale.com\/sl\/product\/randm-vape-al-fakher-10000-puffs-vape-wholesale\/\">randm vape AI FAKHER 15k vape<\/a><\/p>\n<p><a href=\"https:\/\/rmvapesale.com\/sl\/product\/original-randm-tornado-9000-puffs-disposable-vape-factory-price\/\">RandM Tornado 9000<\/a><\/p>","protected":false},"excerpt":{"rendered":"<p>Vapme Crystal 7000 Pufov Polnljive Osebne Vape Cena na Veliko<\/p>\n<p>Puff 7000 Vapme Crystal Originalna Osebna Vape Najbolj\u0161i Okus<\/p>\n<p>VAPME CRYSTAL 7000 Pufov 2% Nikotin<\/p>\n<p><strong>Kontaktirajte Amy za ve\u010dji popust in ni\u017eji MOQ Vape<\/strong><\/p>\n<p><img loading=\"lazy\" decoding=\"async\" class=\"size-medium wp-image-1814\" src=\"https:\/\/rmvapesale.com\/wp-content\/uploads\/2024\/04\/whatsapp-amy-229x300.jpg\" alt=\"whatsapp amy\" width=\"229\" height=\"300\" srcset=\"https:\/\/rmvapesale.com\/wp-content\/uploads\/2024\/04\/whatsapp-amy-229x300.jpg 229w, https:\/\/rmvapesale.com\/wp-content\/uploads\/2024\/04\/whatsapp-amy-783x1024.jpg 783w, https:\/\/rmvapesale.com\/wp-content\/uploads\/2024\/04\/whatsapp-amy-768x1005.jpg 768w, https:\/\/rmvapesale.com\/wp-content\/uploads\/2024\/04\/whatsapp-amy-600x785.jpg 600w, https:\/\/rmvapesale.com\/wp-content\/uploads\/2024\/04\/whatsapp-amy.jpg 990w\" sizes=\"auto, (max-width: 229px) 100vw, 229px\" \/><\/p>\n<h3><span style=\"color: #ff0000\"><strong>WhatsApp: +86 17776015835<\/strong><\/span><\/h3>","protected":false},"featured_media":2671,"comment_status":"open","ping_status":"closed","template":"","meta":{"_uag_custom_page_level_css":"","_lmt_disableupdate":"no","_lmt_disable":"","site-sidebar-layout":"default","site-content-layout":"content-boxed-container","ast-site-content-layout":"normal-width-container","site-content-style":"boxed","site-sidebar-style":"unboxed","ast-global-header-display":"","ast-banner-title-visibility":"","ast-main-header-display":"","ast-hfb-above-header-display":"","ast-hfb-below-header-display":"","ast-hfb-mobile-header-display":"","site-post-title":"","ast-breadcrumbs-content":"","ast-featured-img":"","footer-sml-layout":"","theme-transparent-header-meta":"default","adv-header-id-meta":"","stick-header-meta":"","header-above-stick-meta":"","header-main-stick-meta":"","header-below-stick-meta":"","astra-migrate-meta-layouts":"set","ast-page-background-enabled":"default","ast-page-background-meta":{"desktop":{"background-color":"var(--ast-global-color-4)","background-image":"","background-repeat":"repeat","background-position":"center center","background-size":"auto","background-attachment":"scroll","background-type":"","background-media":"","overlay-type":"","overlay-color":"","overlay-opacity":"","overlay-gradient":""},"tablet":{"background-color":"","background-image":"","background-repeat":"repeat","background-position":"center center","background-size":"auto","background-attachment":"scroll","background-type":"","background-media":"","overlay-type":"","overlay-color":"","overlay-opacity":"","overlay-gradient":""},"mobile":{"background-color":"","background-image":"","background-repeat":"repeat","background-position":"center center","background-size":"auto","background-attachment":"scroll","background-type":"","background-media":"","overlay-type":"","overlay-color":"","overlay-opacity":"","overlay-gradient":""}},"ast-content-background-meta":{"desktop":{"background-color":"var(--ast-global-color-5)","background-image":"","background-repeat":"repeat","background-position":"center center","background-size":"auto","background-attachment":"scroll","background-type":"","background-media":"","overlay-type":"","overlay-color":"","overlay-opacity":"","overlay-gradient":""},"tablet":{"background-color":"var(--ast-global-color-5)","background-image":"","background-repeat":"repeat","background-position":"center center","background-size":"auto","background-attachment":"scroll","background-type":"","background-media":"","overlay-type":"","overlay-color":"","overlay-opacity":"","overlay-gradient":""},"mobile":{"background-color":"var(--ast-global-color-5)","background-image":"","background-repeat":"repeat","background-position":"center center","background-size":"auto","background-attachment":"scroll","background-type":"","background-media":"","overlay-type":"","overlay-color":"","overlay-opacity":"","overlay-gradient":""}},"_joinchat":[]},"product_brand":[],"product_cat":[25,290,293,295,281,272,123,26,28,135,27,137,136,15,30],"product_tag":[48,40,41,54,53,37],"class_list":{"0":"post-1942","1":"product","2":"type-product","3":"status-publish","4":"has-post-thumbnail","6":"product_cat-germany-best-selling-vape","7":"product_cat-crystal-disposable-vapes","8":"product_cat-low-nicotine-disposable-vapes","9":"product_cat-rechargeable-disposable-vapes","10":"product_cat-vapme-vape","11":"product_cat-7000-puff-disposable-vape","12":"product_cat-italy-wholesale-vape","13":"product_cat-netherlands-hot-sale-vape","14":"product_cat-poland-hot-sale-vape","15":"product_cat-spain-best-hot-sale-vape","16":"product_cat-fance-hot-sale-vape","17":"product_cat-rechargeable-vapes","18":"product_cat-smart-screen-vapes","19":"product_cat-new-vape-this-week","20":"product_cat-minimum-order-quantity-50pcs","21":"product_tag-7000-puffs-vape","22":"product_tag-hot-sale-vape","23":"product_tag-original-factory-vape","24":"product_tag-rechargeable-disposable-vape","25":"product_tag-vapme-vape","26":"product_tag-wholesale-vape-price","27":"desktop-align-left","28":"tablet-align-left","29":"mobile-align-left","31":"first","32":"instock","33":"sale","34":"shipping-taxable","35":"purchasable","36":"product-type-simple"},"uagb_featured_image_src":{"full":["https:\/\/rmvapesale.com\/wp-content\/uploads\/2024\/11\/Vapme-Crystal-Rechareable-Vape-Wholesale.jpg",800,800,false],"thumbnail":["https:\/\/rmvapesale.com\/wp-content\/uploads\/2024\/11\/Vapme-Crystal-Rechareable-Vape-Wholesale-150x150.jpg",150,150,true],"medium":["https:\/\/rmvapesale.com\/wp-content\/uploads\/2024\/11\/Vapme-Crystal-Rechareable-Vape-Wholesale-300x300.jpg",300,300,true],"medium_large":["https:\/\/rmvapesale.com\/wp-content\/uploads\/2024\/11\/Vapme-Crystal-Rechareable-Vape-Wholesale-768x768.jpg",768,768,true],"large":["https:\/\/rmvapesale.com\/wp-content\/uploads\/2024\/11\/Vapme-Crystal-Rechareable-Vape-Wholesale.jpg",800,800,false],"1536x1536":["https:\/\/rmvapesale.com\/wp-content\/uploads\/2024\/11\/Vapme-Crystal-Rechareable-Vape-Wholesale.jpg",800,800,false],"2048x2048":["https:\/\/rmvapesale.com\/wp-content\/uploads\/2024\/11\/Vapme-Crystal-Rechareable-Vape-Wholesale.jpg",800,800,false],"trp-custom-language-flag":["https:\/\/rmvapesale.com\/wp-content\/uploads\/2024\/11\/Vapme-Crystal-Rechareable-Vape-Wholesale.jpg",12,12,false],"woocommerce_thumbnail":["https:\/\/rmvapesale.com\/wp-content\/uploads\/2024\/11\/Vapme-Crystal-Rechareable-Vape-Wholesale-300x300.jpg",300,300,true],"woocommerce_single":["https:\/\/rmvapesale.com\/wp-content\/uploads\/2024\/11\/Vapme-Crystal-Rechareable-Vape-Wholesale-600x600.jpg",600,600,true],"woocommerce_gallery_thumbnail":["https:\/\/rmvapesale.com\/wp-content\/uploads\/2024\/11\/Vapme-Crystal-Rechareable-Vape-Wholesale-100x100.jpg",100,100,true],"wcpr-photo-reviews":["https:\/\/rmvapesale.com\/wp-content\/uploads\/2024\/11\/Vapme-Crystal-Rechareable-Vape-Wholesale.jpg",500,500,false]},"uagb_author_info":{"display_name":"AMY","author_link":"https:\/\/rmvapesale.com\/sl\/author\/"},"uagb_comment_info":0,"uagb_excerpt":"Vapme Crystal 7000 Puffs Rechargeable Disposable Vape Bulk Buy Price Puff 7000 Vapme Crystal Original Disposable Vape Best Flavor VAPME CRYSTAL 7000 Puffs 2% Nicotine Contact Amy For More Discount And Lower MOQ Vape WhatsApp: +86 17776015835","_links":{"self":[{"href":"https:\/\/rmvapesale.com\/sl\/wp-json\/wp\/v2\/product\/1942","targetHints":{"allow":["GET"]}}],"collection":[{"href":"https:\/\/rmvapesale.com\/sl\/wp-json\/wp\/v2\/product"}],"about":[{"href":"https:\/\/rmvapesale.com\/sl\/wp-json\/wp\/v2\/types\/product"}],"replies":[{"embeddable":true,"href":"https:\/\/rmvapesale.com\/sl\/wp-json\/wp\/v2\/comments?post=1942"}],"wp:featuredmedia":[{"embeddable":true,"href":"https:\/\/rmvapesale.com\/sl\/wp-json\/wp\/v2\/media\/2671"}],"wp:attachment":[{"href":"https:\/\/rmvapesale.com\/sl\/wp-json\/wp\/v2\/media?parent=1942"}],"wp:term":[{"taxonomy":"product_brand","embeddable":true,"href":"https:\/\/rmvapesale.com\/sl\/wp-json\/wp\/v2\/product_brand?post=1942"},{"taxonomy":"product_cat","embeddable":true,"href":"https:\/\/rmvapesale.com\/sl\/wp-json\/wp\/v2\/product_cat?post=1942"},{"taxonomy":"product_tag","embeddable":true,"href":"https:\/\/rmvapesale.com\/sl\/wp-json\/wp\/v2\/product_tag?post=1942"}],"curies":[{"name":"wp","href":"https:\/\/api.w.org\/{rel}","templated":true}]}}