{"id":1994,"date":"2024-09-13T03:39:06","date_gmt":"2024-09-13T03:39:06","guid":{"rendered":"https:\/\/rmvapesale.com\/?post_type=product&#038;p=1994"},"modified":"2025-01-20T03:52:56","modified_gmt":"2025-01-20T03:52:56","slug":"bang-digital-box-15000-puffs-original-factory-wholesale","status":"publish","type":"product","link":"https:\/\/rmvapesale.com\/sl\/product\/bang-digital-box-15000-puffs-original-factory-wholesale\/","title":{"rendered":"Bang Digital Box 15000 Puffs Originalna Tovarni\u0161ka Debelo"},"content":{"rendered":"<h1>Bang Digital Box 15000 Puffs Originalna Tovarni\u0161ka Debelo<\/h1>\n<p>Predstavljamo Bang Digital Box 15000 Vpihov, vrhunsko vape za enkratno uporabo, ki brezhibno zdru\u017euje stil, funkcionalnost in izjemno dolgo \u017eivljenjsko dobo. Izdelana z elegantno aluminijevo zlitino in PETG ohi\u0161jem, ta naprava zagotavlja impresivno vzdr\u017eljivost in sodoben videz.<\/p>\n<p>S \u0161iroko paleto okusov in jakosti nikotina je Bang Digital 15000 Vpihov vsestranska izbira za odrasle uporabnike vape. Zasnovana za udobje, se brez te\u017eav prilega va\u0161emu \u017eivljenjskemu slogu in ponuja zanesljivo, okusno in uporabniku prijazno izku\u0161njo vapinga.<\/p>\n<p>Zakaj ne bi \u017ee zdaj odkrili vrhunca vapinga za enkratno uporabo z Bang Digital 15000 Vpihov?<\/p>\n<p><strong>Kontaktirajte Amy za pravi odgovor in ve\u010d videoposnetkov o izdelkih!<\/strong><\/p>\n<p><img loading=\"lazy\" decoding=\"async\" class=\"size-medium wp-image-1814\" src=\"https:\/\/rmvapesale.com\/wp-content\/uploads\/2024\/04\/whatsapp-amy-229x300.jpg\" alt=\"whatsapp amy\" width=\"229\" height=\"300\" srcset=\"https:\/\/rmvapesale.com\/wp-content\/uploads\/2024\/04\/whatsapp-amy-229x300.jpg 229w, https:\/\/rmvapesale.com\/wp-content\/uploads\/2024\/04\/whatsapp-amy-783x1024.jpg 783w, https:\/\/rmvapesale.com\/wp-content\/uploads\/2024\/04\/whatsapp-amy-768x1005.jpg 768w, https:\/\/rmvapesale.com\/wp-content\/uploads\/2024\/04\/whatsapp-amy-600x785.jpg 600w, https:\/\/rmvapesale.com\/wp-content\/uploads\/2024\/04\/whatsapp-amy.jpg 990w\" sizes=\"auto, (max-width: 229px) 100vw, 229px\" \/><\/p>\n<h3><span style=\"color: #ff0000\"><strong>WhatsApp: +86 17776015835<\/strong><\/span><\/h3>\n<p>&nbsp;<\/p>\n<h2><strong>Klju\u010dne lastnosti Bang Digital 15000 Vpihov<\/strong><\/h2>\n<p>Nikotin: 0% 2% 3% 5%<br \/>\nVpihi: 15000<br \/>\nKapaciteta: 23 ml<br \/>\nNa voljo 12 okusov<br \/>\n500mah Polnilna<br \/>\nMre\u017easta Tuljava<\/p>\n<h2><strong>Najbolj\u0161i okus za Bang Digital 15000<\/strong><\/h2>\n<p>Ta Bang Digital Box 15000 Vpihov Pod za Enkratno Uporabo se pona\u0161a z 12 strokovno izdelanimi okusi, od katerih je vsak zasnovan tako, da ponuja edinstveno in zadovoljivo izku\u0161njo okusa, nekaj najbolj\u0161ega se najde za vas.<\/p>\n<p>1. Modri Led<br \/>\n2. Eksplozija Jagodi\u010devja &gt;&gt;Vro\u010de!<br \/>\n3. Modra \u010ce\u0161nja Limona<br \/>\n4. Breskov Led<br \/>\n5. Grozdni Led<br \/>\n6. Breskova Jagoda<br \/>\n7. Kisla Jabol\u010dna Malina<br \/>\n8. Trojni sade\u017e<br \/>\n9. Led z lubenice &gt;&gt;Vro\u010de!<br \/>\n10. Jagoda z lubenico &gt;&gt;Najbolj\u0161e!<br \/>\n11. Hladna meta<br \/>\n12. Jagoda z li\u010dijem &gt;&gt;Vro\u010de!<\/p>\n<h2><strong>Vpra\u0161anja, ki bi vas morda zanimala o Bang Digital 15000 Vpihih<\/strong><\/h2>\n<p>&nbsp;<\/p>\n<p><strong>1. Kako uporabljam Bang Digital 15000 Vpihov, \u010de sem nov v svetu vapinga?<\/strong><br \/>\nBang Digital 15000 Vpihov je zasnovan za enostavno uporabo. Preprosto odvijte napravo in za\u010dnite vdihavati, da u\u017eivate v izbranem okusu. Zapletene nastavitve ali vzdr\u017eevanje niso potrebni, zato je odli\u010dna izbira za za\u010detnike.<\/p>\n<p><strong>2. Ali je Bang Digital 15000 Vpihov okolju prijazen?<\/strong><br \/>\nDa, Vapes Europe je zavezan trajnosti. \u010ceprav je Bang Digital 15000 Vpihov naprava za enkratno uporabo, spodbujamo odgovorno odstranjevanje. Uporabite za to dolo\u010dene obrate za recikliranje e-odpadkov, da zmanj\u0161ate vpliv na okolje in zagotovite pravilno ravnanje s komponentami naprave.<\/p>\n<p><strong>3. Kako naj varno odstranim Bang Digital 15000 Vpihov?<\/strong><br \/>\n\u010ce \u017eelite odstraniti Bang Digital 15000 Vpihov, najprej zagotovite, da je popolnoma izpraznjen. Nato upo\u0161tevajte lokalne predpise za odstranjevanje e-odpadkov ali centre za recikliranje. \u0160tevilne skupnosti ponujajo posebna zbirna mesta za elektronske naprave, da zagotovijo pravilno odstranjevanje in zmanj\u0161ajo vpliv na okolje.<\/p>\n<p><strong>4. Ali je Bang Digital Box 15000 varen za uporabo in odstranjevanje?<\/strong><br \/>\nSeveda. Bang Digital Box 15000 je zasnovan z varnostjo v mislih in ustreza industrijskim standardom. Njegova narava za enkratno uporabo odpravlja skrbi glede vzdr\u017eevanja, pri odgovornem odstranjevanju pa ima minimalen vpliv na okolje. Vedno upo\u0161tevajte varnostne smernice in se obrnite na na\u0161o slu\u017ebo za pomo\u010d uporabnikom za vsa posebna vpra\u0161anja.<\/p>\n<p>&nbsp;<\/p>\n<h3><b>Pogosta vpra\u0161anja<\/b><\/h3>\n<div class=\"flex-shrink-0 flex flex-col relative items-end\">\n<div>\n<div class=\"pt-0\">\n<div class=\"gizmo-bot-avatar flex h-8 w-8 items-center justify-center overflow-hidden rounded-full\">\n<div class=\"relative p-1 rounded-sm flex items-center justify-center bg-token-main-surface-primary text-token-text-primary h-8 w-8\"><strong>Kateri na\u010dini po\u0161iljanja so na voljo?<\/strong><\/div>\n<\/div>\n<\/div>\n<\/div>\n<\/div>\n<div class=\"group\/conversation-turn relative flex w-full min-w-0 flex-col agent-turn\">\n<div class=\"flex-col gap-1 md:gap-3\">\n<div class=\"flex max-w-full flex-col flex-grow\">\n<div class=\"min-h-[20px] text-message flex w-full flex-col items-end gap-2 whitespace-normal break-words [.text-message+&amp;]:mt-5 overflow-x-auto\" dir=\"auto\" data-message-author-role=\"assistant\" data-message-id=\"22f8283b-3233-46ff-89a5-c7a41b33abda\">\n<div class=\"flex w-full flex-col gap-1 empty:hidden first:pt-[3px]\">\n<div class=\"markdown prose w-full break-words dark:prose-invert light\">\n<p>Sodelujemo z UPS, DHL, FedEx, DPD in drugimi vodilnimi prevozniki. Izbrali bomo najbolj\u0161i na\u010din po\u0161iljanja glede na va\u0161o lokacijo dostave, da zagotovimo, da boste izdelke prejeli \u010dim hitreje.<\/p>\n<\/div>\n<p><strong>Kako dolgo traja dostava?<\/strong><\/p>\n<p>Paketi, poslani v Slovenijo, obi\u010dajno prispejo v 10 delovnih dneh. Po\u0161iljanje v evropske dr\u017eave obi\u010dajno traja pribli\u017eno 12-15 delovnih dni. Zagotovili vam bomo sprotne posodobitve o statusu va\u0161ega po\u0161iljanja.<\/p>\n<p>&nbsp;<\/p>\n<\/div>\n<\/div>\n<\/div>\n<\/div>\n<\/div>\n<p>Poi\u0161\u010di ve\u010d izdelkov Vape, ki so ti morda v\u0161e\u010d:<em><a href=\"https:\/\/rmvapesale.com\/sl\/shop-2\/\">nakupujte zdaj\u00a0<\/a><\/em><\/p>\n<p>drugi vro\u010de prodajani vape, ki bi vam morda bili v\u0161e\u010d:<\/p>\n<p><a href=\"https:\/\/rmvapesale.com\/sl\/product\/bang-30k-puffs-disposable-vape-double-taste-wholesale-italy\/\">Bang 30k Puffs<\/a><\/p>\n<p><a href=\"https:\/\/rmvapesale.com\/sl\/product\/bang-beach-22000-puffs-smart-screen-vapes-factory-price\/\">Bang Beach 22000 Puffs<\/a><\/p>\n<p><a href=\"https:\/\/rmvapesale.com\/sl\/product\/randm-tornado-15000-puffs-vape-wholesale\/\">RandM Tornado 15000 Vpihov<\/a><\/p>\n<p><a href=\"https:\/\/rmvapesale.com\/sl\/product\/bang-20000-puffs-disposable-vape-wholesale-supplier\/\">Bang 20000 Vpihov<\/a><\/p>","protected":false},"excerpt":{"rendered":"<p class=\"LC20lb MBeuO DKV0Md\">Bang Box Polnilna Vape za Enkratno Uporabo 15000 Vpihov<\/p>\n<p>Bang Digital Box 15000 Vpihov Originalna Vape Pod Veleprodajna Cena<\/p>\n<p>Bang Digital Puff 15k 15000 Vpihov E-cigarete za Enkratno Uporabo 0% 2% 3% 5% Nikotin<\/p>\n<p><strong>Kontaktirajte Amy za ve\u010dji popust in ni\u017eji MOQ Vape<\/strong><\/p>\n<p><img loading=\"lazy\" decoding=\"async\" class=\"size-medium wp-image-1814\" src=\"https:\/\/rmvapesale.com\/wp-content\/uploads\/2024\/04\/whatsapp-amy-229x300.jpg\" alt=\"whatsapp amy\" width=\"229\" height=\"300\" srcset=\"https:\/\/rmvapesale.com\/wp-content\/uploads\/2024\/04\/whatsapp-amy-229x300.jpg 229w, https:\/\/rmvapesale.com\/wp-content\/uploads\/2024\/04\/whatsapp-amy-783x1024.jpg 783w, https:\/\/rmvapesale.com\/wp-content\/uploads\/2024\/04\/whatsapp-amy-768x1005.jpg 768w, https:\/\/rmvapesale.com\/wp-content\/uploads\/2024\/04\/whatsapp-amy-600x785.jpg 600w, https:\/\/rmvapesale.com\/wp-content\/uploads\/2024\/04\/whatsapp-amy.jpg 990w\" sizes=\"auto, (max-width: 229px) 100vw, 229px\" \/><\/p>\n<h3><span style=\"color: #ff0000\"><strong>WhatsApp: +86 17776015835<\/strong><\/span><\/h3>","protected":false},"featured_media":1993,"comment_status":"open","ping_status":"closed","template":"","meta":{"_uag_custom_page_level_css":"","_lmt_disableupdate":"no","_lmt_disable":"","site-sidebar-layout":"default","site-content-layout":"content-boxed-container","ast-site-content-layout":"normal-width-container","site-content-style":"boxed","site-sidebar-style":"unboxed","ast-global-header-display":"","ast-banner-title-visibility":"","ast-main-header-display":"","ast-hfb-above-header-display":"","ast-hfb-below-header-display":"","ast-hfb-mobile-header-display":"","site-post-title":"","ast-breadcrumbs-content":"","ast-featured-img":"","footer-sml-layout":"","theme-transparent-header-meta":"default","adv-header-id-meta":"","stick-header-meta":"","header-above-stick-meta":"","header-main-stick-meta":"","header-below-stick-meta":"","astra-migrate-meta-layouts":"set","ast-page-background-enabled":"default","ast-page-background-meta":{"desktop":{"background-color":"var(--ast-global-color-4)","background-image":"","background-repeat":"repeat","background-position":"center center","background-size":"auto","background-attachment":"scroll","background-type":"","background-media":"","overlay-type":"","overlay-color":"","overlay-opacity":"","overlay-gradient":""},"tablet":{"background-color":"","background-image":"","background-repeat":"repeat","background-position":"center center","background-size":"auto","background-attachment":"scroll","background-type":"","background-media":"","overlay-type":"","overlay-color":"","overlay-opacity":"","overlay-gradient":""},"mobile":{"background-color":"","background-image":"","background-repeat":"repeat","background-position":"center center","background-size":"auto","background-attachment":"scroll","background-type":"","background-media":"","overlay-type":"","overlay-color":"","overlay-opacity":"","overlay-gradient":""}},"ast-content-background-meta":{"desktop":{"background-color":"var(--ast-global-color-5)","background-image":"","background-repeat":"repeat","background-position":"center center","background-size":"auto","background-attachment":"scroll","background-type":"","background-media":"","overlay-type":"","overlay-color":"","overlay-opacity":"","overlay-gradient":""},"tablet":{"background-color":"var(--ast-global-color-5)","background-image":"","background-repeat":"repeat","background-position":"center center","background-size":"auto","background-attachment":"scroll","background-type":"","background-media":"","overlay-type":"","overlay-color":"","overlay-opacity":"","overlay-gradient":""},"mobile":{"background-color":"var(--ast-global-color-5)","background-image":"","background-repeat":"repeat","background-position":"center center","background-size":"auto","background-attachment":"scroll","background-type":"","background-media":"","overlay-type":"","overlay-color":"","overlay-opacity":"","overlay-gradient":""}},"_joinchat":[]},"product_brand":[],"product_cat":[60,292,293,295,299,273,279,25,123,26,28,135,27,61,137,136,15,30],"product_tag":[63,56,57,58,40,41,37],"class_list":{"0":"post-1994","1":"product","2":"type-product","3":"status-publish","4":"has-post-thumbnail","6":"product_cat-bang-vapes","7":"product_cat-digital-disposable-vapes","8":"product_cat-low-nicotine-disposable-vapes","9":"product_cat-rechargeable-disposable-vapes","10":"product_cat-smart-screen-disposable-vapes","11":"product_cat-bang-box-vape","12":"product_cat-bang-king-vape","13":"product_cat-germany-best-selling-vape","14":"product_cat-italy-wholesale-vape","15":"product_cat-netherlands-hot-sale-vape","16":"product_cat-poland-hot-sale-vape","17":"product_cat-spain-best-hot-sale-vape","18":"product_cat-fance-hot-sale-vape","19":"product_cat-15000-puffs-disposable-vapes","20":"product_cat-rechargeable-vapes","21":"product_cat-smart-screen-vapes","22":"product_cat-new-vape-this-week","23":"product_cat-minimum-order-quantity-50pcs","24":"product_tag-bang-vapes","25":"product_tag-disposable-vape-wholesale-near-me","26":"product_tag-disposable-vape-wholesale-supplier","27":"product_tag-electric-cigarettes","28":"product_tag-hot-sale-vape","29":"product_tag-original-factory-vape","30":"product_tag-wholesale-vape-price","31":"desktop-align-left","32":"tablet-align-left","33":"mobile-align-left","35":"first","36":"instock","37":"sale","38":"shipping-taxable","39":"purchasable","40":"product-type-simple"},"uagb_featured_image_src":{"full":["https:\/\/rmvapesale.com\/wp-content\/uploads\/2024\/09\/Bang-Digital-Puff15000-Puffs-Disposable-E-Cigarettes.jpg",800,800,false],"thumbnail":["https:\/\/rmvapesale.com\/wp-content\/uploads\/2024\/09\/Bang-Digital-Puff15000-Puffs-Disposable-E-Cigarettes-150x150.jpg",150,150,true],"medium":["https:\/\/rmvapesale.com\/wp-content\/uploads\/2024\/09\/Bang-Digital-Puff15000-Puffs-Disposable-E-Cigarettes-300x300.jpg",300,300,true],"medium_large":["https:\/\/rmvapesale.com\/wp-content\/uploads\/2024\/09\/Bang-Digital-Puff15000-Puffs-Disposable-E-Cigarettes-768x768.jpg",768,768,true],"large":["https:\/\/rmvapesale.com\/wp-content\/uploads\/2024\/09\/Bang-Digital-Puff15000-Puffs-Disposable-E-Cigarettes.jpg",800,800,false],"1536x1536":["https:\/\/rmvapesale.com\/wp-content\/uploads\/2024\/09\/Bang-Digital-Puff15000-Puffs-Disposable-E-Cigarettes.jpg",800,800,false],"2048x2048":["https:\/\/rmvapesale.com\/wp-content\/uploads\/2024\/09\/Bang-Digital-Puff15000-Puffs-Disposable-E-Cigarettes.jpg",800,800,false],"trp-custom-language-flag":["https:\/\/rmvapesale.com\/wp-content\/uploads\/2024\/09\/Bang-Digital-Puff15000-Puffs-Disposable-E-Cigarettes.jpg",12,12,false],"woocommerce_thumbnail":["https:\/\/rmvapesale.com\/wp-content\/uploads\/2024\/09\/Bang-Digital-Puff15000-Puffs-Disposable-E-Cigarettes-300x300.jpg",300,300,true],"woocommerce_single":["https:\/\/rmvapesale.com\/wp-content\/uploads\/2024\/09\/Bang-Digital-Puff15000-Puffs-Disposable-E-Cigarettes-600x600.jpg",600,600,true],"woocommerce_gallery_thumbnail":["https:\/\/rmvapesale.com\/wp-content\/uploads\/2024\/09\/Bang-Digital-Puff15000-Puffs-Disposable-E-Cigarettes-100x100.jpg",100,100,true],"wcpr-photo-reviews":["https:\/\/rmvapesale.com\/wp-content\/uploads\/2024\/09\/Bang-Digital-Puff15000-Puffs-Disposable-E-Cigarettes.jpg",500,500,false]},"uagb_author_info":{"display_name":"AMY","author_link":"https:\/\/rmvapesale.com\/sl\/author\/"},"uagb_comment_info":0,"uagb_excerpt":"Bang Box\u00a0 Recharge Disposable Vape 15000 Puffs Bang Digital Box 15000 Puffs Original Vape Pod Wholesale Price Bang Digital Puff 15k 15000 Puffs Disposable E Cigarettes\u00a0 0% 2% 3% 5% Nicotine Contact Amy For More Discount And Lower MOQ Vape WhatsApp: +86 17776015835","_links":{"self":[{"href":"https:\/\/rmvapesale.com\/sl\/wp-json\/wp\/v2\/product\/1994","targetHints":{"allow":["GET"]}}],"collection":[{"href":"https:\/\/rmvapesale.com\/sl\/wp-json\/wp\/v2\/product"}],"about":[{"href":"https:\/\/rmvapesale.com\/sl\/wp-json\/wp\/v2\/types\/product"}],"replies":[{"embeddable":true,"href":"https:\/\/rmvapesale.com\/sl\/wp-json\/wp\/v2\/comments?post=1994"}],"wp:featuredmedia":[{"embeddable":true,"href":"https:\/\/rmvapesale.com\/sl\/wp-json\/wp\/v2\/media\/1993"}],"wp:attachment":[{"href":"https:\/\/rmvapesale.com\/sl\/wp-json\/wp\/v2\/media?parent=1994"}],"wp:term":[{"taxonomy":"product_brand","embeddable":true,"href":"https:\/\/rmvapesale.com\/sl\/wp-json\/wp\/v2\/product_brand?post=1994"},{"taxonomy":"product_cat","embeddable":true,"href":"https:\/\/rmvapesale.com\/sl\/wp-json\/wp\/v2\/product_cat?post=1994"},{"taxonomy":"product_tag","embeddable":true,"href":"https:\/\/rmvapesale.com\/sl\/wp-json\/wp\/v2\/product_tag?post=1994"}],"curies":[{"name":"wp","href":"https:\/\/api.w.org\/{rel}","templated":true}]}}