{"id":1995,"date":"2024-09-13T08:03:11","date_gmt":"2024-09-13T08:03:11","guid":{"rendered":"https:\/\/rmvapesale.com\/?post_type=product&#038;p=1995"},"modified":"2025-01-20T03:53:42","modified_gmt":"2025-01-20T03:53:42","slug":"vapme-shisha-hookah-15000-puffs-vape-0-2-nicotine","status":"publish","type":"product","link":"https:\/\/rmvapesale.com\/sl\/product\/vapme-shisha-hookah-15000-puffs-vape-0-2-nicotine\/","title":{"rendered":"Vapme Shisha Hookah 15000 Vpihov Vape 0% 2% Nikotin"},"content":{"rendered":"<h1>Vapme Shisha Hookah 15000 Vpihov Vape 0% 2% Nikotin<\/h1>\n<p>Predstavljamo Vapme Shisha Hookah 15000 Vdihov, polnilec za enkratno uporabo, zasnovan za izbolj\u0161anje va\u0161e izku\u0161nje z vapingom. Z impresivno kapaciteto 15000 vdihov ta naprava ponuja dalj\u0161o zabavo in prilagodljivost, na voljo v nivojih nikotina 0% ali 2%, da ustreza va\u0161im \u017eeljam.<\/p>\n<p>Z velikim kapacitetom 25 ml e-juica, Vapme Shisha Hookah zagotavlja dovolj zaloge za neprekinjene seje. Njegova 650mAh polnljiva baterija in Type-C priklju\u010dek za polnjenje omogo\u010data u\u010dinkovito in priro\u010dno polnjenje, da lahko u\u017eivate v vapingu brez prekinitve.<\/p>\n<p>S 24 okusi na voljo in uporom 0,6\u03a9 za gladek, okusen vapor, ta enkratni polnilec za vape zagotavlja dosledno zadovoljivo izku\u0161njo. Nadgradite svojo vaping potovanje z Vapme Shisha Hookah 15000.<\/p>\n<p>&nbsp;<\/p>\n<p><strong>Kontaktirajte Amy za pravilen odgovor in veleprodajno ceno!<\/strong><\/p>\n<p><img loading=\"lazy\" decoding=\"async\" class=\"size-medium wp-image-1814\" src=\"https:\/\/rmvapesale.com\/wp-content\/uploads\/2024\/04\/whatsapp-amy-229x300.jpg\" alt=\"whatsapp amy\" width=\"229\" height=\"300\" srcset=\"https:\/\/rmvapesale.com\/wp-content\/uploads\/2024\/04\/whatsapp-amy-229x300.jpg 229w, https:\/\/rmvapesale.com\/wp-content\/uploads\/2024\/04\/whatsapp-amy-783x1024.jpg 783w, https:\/\/rmvapesale.com\/wp-content\/uploads\/2024\/04\/whatsapp-amy-768x1005.jpg 768w, https:\/\/rmvapesale.com\/wp-content\/uploads\/2024\/04\/whatsapp-amy-600x785.jpg 600w, https:\/\/rmvapesale.com\/wp-content\/uploads\/2024\/04\/whatsapp-amy.jpg 990w\" sizes=\"auto, (max-width: 229px) 100vw, 229px\" \/><\/p>\n<h2><\/h2>\n<h2>Vapme Shisha Hookah 15000 Specifikacije<\/h2>\n<p>Vdihi: 15000 vdihov<br \/>\nNikotina: 0%, 2%<br \/>\nKapaciteta e-juica: 25 ML<br \/>\nBaterija: 650mAh (polnljiva)<br \/>\nPriklju\u010dek za polnjenje: Type C<br \/>\nUpor: 0,6\u03a9<br \/>\nOkusi: 24 okusov<\/p>\n<h2><strong>Kateri je najbolj priljubljen okus za Vapme Shisha 15000 vdihov?<\/strong><\/h2>\n<p>Vapme Shisha Hookah 15000 vdihov ponuja skupno 24 razpolo\u017eljivih okusov za va\u0161o izbiro, za vsak okus nekaj.<\/p>\n<p>1. Borovnica na ledu<br \/>\n2.Kivi pasijonka guava<br \/>\n3. Limona Blue Razz<br \/>\n4. Jagoda in kiviji<br \/>\n5. Me\u0161ano jagodi\u010devje<br \/>\n6. Jagoda in lubenica<br \/>\n7. Grozdni led<br \/>\n8. Lubenica led<br \/>\n9. Breskev, mango in ananas<br \/>\n10. Jagoda na ledu<br \/>\n11. Breskova ledena<br \/>\n12. Mango banane<br \/>\n13. Cherry Berry<br \/>\n14. Borovni\u010dev malinovec<br \/>\n15. Ljubezen 66<br \/>\n16. Lubenica bik<br \/>\n17. Jagoda grozd<br \/>\n18. Jagoda malinovec sladkarije<br \/>\n19. Mamba<br \/>\n20. Lubenica \u010de\u0161nja<br \/>\n21. Zamrznjeno jabolko<br \/>\n22. Limona Meta<br \/>\n23. \u010crni ribizl led<br \/>\n24. Ananas \u0161ejk<\/p>\n<h2><\/h2>\n<h2><strong>Vpra\u0161anja, ki bi jih morda \u017eeleli vedeti o Vapme Shisha Hookah 15000<\/strong><\/h2>\n<p>&nbsp;<\/p>\n<h3>Q 1. Koliko vdihov lahko pri\u010dakujem od Vapme Shisha Hookah 15000 Puff?<\/h3>\n<p>A. Vapme Shisha Hookah 15000 se pona\u0161a z impresivnih 15.000 vdihov (v testnem okolju), kar zagotavlja dalj\u0161o uporabo in trajno zadovoljstvo.<\/p>\n<h3>Q 2. Kako dolgo traja Vapme Shisha Hookah 15000 Vape?<\/h3>\n<p>A: Vapme Shisha Hookah 15000<span style=\"font-size: 16px\">\u00a0<\/span>ima vgrajeno baterijo s kapaciteto 850 mAh, ki omogo\u010da dalj\u0161o uporabo z enim polnjenjem. Natan\u010dna \u017eivljenjska doba baterije pa je odvisna od posameznih vzorcev uporabe.<\/p>\n<h3>Q 3. Je Vapme Shisha Hookah 15000 Original ponovno polnjen?<\/h3>\n<p><span style=\"font-size: 16px\">A: Da, Vapme Shisha Hookah 15000 Original je opremljen z 650 mAh baterijo, ki je ponovno polnljiva. U\u017eivajte v njem do zadnje kapljice.<\/span><\/p>\n<h3>Q 4. Kje lahko dobim veleprodajno ceno za Vapme Shisha Hookah 15000 ponovno polnljiv enkratni vape?<\/h3>\n<p>A: Vapme Shisha Hookah 15000<span style=\"font-size: 16px\">\u00a0<\/span>je na voljo za nakup pri poobla\u0161\u010denih distributerjih. Za veleprodajna povpra\u0161evanja se lahko distributerji <a href=\"https:\/\/wa.me\/8617776015835\" target=\"_blank\" rel=\"noopener\">kontaktirajte nas<\/a> se neposredno obrnejo na nas. Maloprodajni kupci lahko izdelek najdejo pri izbranih prodajalcih ali spletnih trgovinah.<\/p>\n<p>&nbsp;<\/p>\n<p>Poi\u0161\u010di ve\u010d izdelkov Vape, ki so ti morda v\u0161e\u010d:<em><a href=\"https:\/\/rmvapesale.com\/sl\/shop-2\/\">nakupujte zdaj\u00a0<\/a><\/em><\/p>\n<p>&nbsp;<\/p>\n<p>drugi vro\u010de prodajani vape, ki bi vam morda bili v\u0161e\u010d:<\/p>\n<p><a href=\"https:\/\/rmvapesale.com\/sl\/product\/randm-vape-al-fakher-10000-puffs-vape-wholesale\/\">randm vape AI FAKHER 15k vape<\/a><\/p>\n<p><a href=\"https:\/\/rmvapesale.com\/sl\/product\/original-randm-tornado-9000-puffs-disposable-vape-factory-price\/\">RandM Tornado 9000<\/a><\/p>\n<p><a href=\"https:\/\/rmvapesale.com\/sl\/product\/vapme-crystal-7000-puffs-rechargeable-disposable-vape-price\/\">Vapme Crystal 7000 Puffs<\/a><\/p>","protected":false},"excerpt":{"rendered":"<p>Vapme Shisha Hookah 15000 Vdihov Polnilec za enkratno uporabo Vape na debelo ceno<\/p>\n<p>PUFF 15000 VAPME SHISHA HOOKAH Najbolj\u0161i okus na zalogi<\/p>\n<p>Vapme Shisha Hookah 15k Vdihov 0% 2% Nikotin<\/p>\n<p><strong>Kontaktirajte Amy za ve\u010dji popust in ni\u017eji MOQ Vape<\/strong><\/p>\n<p><img loading=\"lazy\" decoding=\"async\" class=\"size-medium wp-image-1814\" src=\"https:\/\/rmvapesale.com\/wp-content\/uploads\/2024\/04\/whatsapp-amy-229x300.jpg\" alt=\"whatsapp amy\" width=\"229\" height=\"300\" srcset=\"https:\/\/rmvapesale.com\/wp-content\/uploads\/2024\/04\/whatsapp-amy-229x300.jpg 229w, https:\/\/rmvapesale.com\/wp-content\/uploads\/2024\/04\/whatsapp-amy-783x1024.jpg 783w, https:\/\/rmvapesale.com\/wp-content\/uploads\/2024\/04\/whatsapp-amy-768x1005.jpg 768w, https:\/\/rmvapesale.com\/wp-content\/uploads\/2024\/04\/whatsapp-amy-600x785.jpg 600w, https:\/\/rmvapesale.com\/wp-content\/uploads\/2024\/04\/whatsapp-amy.jpg 990w\" sizes=\"auto, (max-width: 229px) 100vw, 229px\" \/><\/p>\n<h3><span style=\"color: #ff0000\"><strong>WhatsApp: +86 17776015835<\/strong><\/span><\/h3>","protected":false},"featured_media":2000,"comment_status":"open","ping_status":"closed","template":"","meta":{"_uag_custom_page_level_css":"","_lmt_disableupdate":"no","_lmt_disable":"","site-sidebar-layout":"default","site-content-layout":"content-boxed-container","ast-site-content-layout":"normal-width-container","site-content-style":"boxed","site-sidebar-style":"unboxed","ast-global-header-display":"","ast-banner-title-visibility":"","ast-main-header-display":"","ast-hfb-above-header-display":"","ast-hfb-below-header-display":"","ast-hfb-mobile-header-display":"","site-post-title":"","ast-breadcrumbs-content":"","ast-featured-img":"","footer-sml-layout":"","theme-transparent-header-meta":"default","adv-header-id-meta":"","stick-header-meta":"","header-above-stick-meta":"","header-main-stick-meta":"","header-below-stick-meta":"","astra-migrate-meta-layouts":"set","ast-page-background-enabled":"default","ast-page-background-meta":{"desktop":{"background-color":"var(--ast-global-color-4)","background-image":"","background-repeat":"repeat","background-position":"center center","background-size":"auto","background-attachment":"scroll","background-type":"","background-media":"","overlay-type":"","overlay-color":"","overlay-opacity":"","overlay-gradient":""},"tablet":{"background-color":"","background-image":"","background-repeat":"repeat","background-position":"center center","background-size":"auto","background-attachment":"scroll","background-type":"","background-media":"","overlay-type":"","overlay-color":"","overlay-opacity":"","overlay-gradient":""},"mobile":{"background-color":"","background-image":"","background-repeat":"repeat","background-position":"center center","background-size":"auto","background-attachment":"scroll","background-type":"","background-media":"","overlay-type":"","overlay-color":"","overlay-opacity":"","overlay-gradient":""}},"ast-content-background-meta":{"desktop":{"background-color":"var(--ast-global-color-5)","background-image":"","background-repeat":"repeat","background-position":"center center","background-size":"auto","background-attachment":"scroll","background-type":"","background-media":"","overlay-type":"","overlay-color":"","overlay-opacity":"","overlay-gradient":""},"tablet":{"background-color":"var(--ast-global-color-5)","background-image":"","background-repeat":"repeat","background-position":"center center","background-size":"auto","background-attachment":"scroll","background-type":"","background-media":"","overlay-type":"","overlay-color":"","overlay-opacity":"","overlay-gradient":""},"mobile":{"background-color":"var(--ast-global-color-5)","background-image":"","background-repeat":"repeat","background-position":"center center","background-size":"auto","background-attachment":"scroll","background-type":"","background-media":"","overlay-type":"","overlay-color":"","overlay-opacity":"","overlay-gradient":""}},"_joinchat":[]},"product_brand":[],"product_cat":[25,292,293,296,299,281,123,26,28,135,27,61,137,136,15,30],"product_tag":[56,57,40,41,62,54,53,37],"class_list":{"0":"post-1995","1":"product","2":"type-product","3":"status-publish","4":"has-post-thumbnail","6":"product_cat-germany-best-selling-vape","7":"product_cat-digital-disposable-vapes","8":"product_cat-low-nicotine-disposable-vapes","9":"product_cat-shisha-hookah-disposable-vapes","10":"product_cat-smart-screen-disposable-vapes","11":"product_cat-vapme-vape","12":"product_cat-italy-wholesale-vape","13":"product_cat-netherlands-hot-sale-vape","14":"product_cat-poland-hot-sale-vape","15":"product_cat-spain-best-hot-sale-vape","16":"product_cat-fance-hot-sale-vape","17":"product_cat-15000-puffs-disposable-vapes","18":"product_cat-rechargeable-vapes","19":"product_cat-smart-screen-vapes","20":"product_cat-new-vape-this-week","21":"product_cat-minimum-order-quantity-50pcs","22":"product_tag-disposable-vape-wholesale-near-me","23":"product_tag-disposable-vape-wholesale-supplier","24":"product_tag-hot-sale-vape","25":"product_tag-original-factory-vape","26":"product_tag-puff-15000","27":"product_tag-rechargeable-disposable-vape","28":"product_tag-vapme-vape","29":"product_tag-wholesale-vape-price","30":"desktop-align-left","31":"tablet-align-left","32":"mobile-align-left","34":"first","35":"instock","36":"sale","37":"shipping-taxable","38":"purchasable","39":"product-type-simple"},"uagb_featured_image_src":{"full":["https:\/\/rmvapesale.com\/wp-content\/uploads\/2024\/09\/Vapme-Shisha-Hookah-15000.jpg",788,788,false],"thumbnail":["https:\/\/rmvapesale.com\/wp-content\/uploads\/2024\/09\/Vapme-Shisha-Hookah-15000-150x150.jpg",150,150,true],"medium":["https:\/\/rmvapesale.com\/wp-content\/uploads\/2024\/09\/Vapme-Shisha-Hookah-15000-300x300.jpg",300,300,true],"medium_large":["https:\/\/rmvapesale.com\/wp-content\/uploads\/2024\/09\/Vapme-Shisha-Hookah-15000-768x768.jpg",768,768,true],"large":["https:\/\/rmvapesale.com\/wp-content\/uploads\/2024\/09\/Vapme-Shisha-Hookah-15000.jpg",788,788,false],"1536x1536":["https:\/\/rmvapesale.com\/wp-content\/uploads\/2024\/09\/Vapme-Shisha-Hookah-15000.jpg",788,788,false],"2048x2048":["https:\/\/rmvapesale.com\/wp-content\/uploads\/2024\/09\/Vapme-Shisha-Hookah-15000.jpg",788,788,false],"trp-custom-language-flag":["https:\/\/rmvapesale.com\/wp-content\/uploads\/2024\/09\/Vapme-Shisha-Hookah-15000.jpg",12,12,false],"woocommerce_thumbnail":["https:\/\/rmvapesale.com\/wp-content\/uploads\/2024\/09\/Vapme-Shisha-Hookah-15000-300x300.jpg",300,300,true],"woocommerce_single":["https:\/\/rmvapesale.com\/wp-content\/uploads\/2024\/09\/Vapme-Shisha-Hookah-15000-600x600.jpg",600,600,true],"woocommerce_gallery_thumbnail":["https:\/\/rmvapesale.com\/wp-content\/uploads\/2024\/09\/Vapme-Shisha-Hookah-15000-100x100.jpg",100,100,true],"wcpr-photo-reviews":["https:\/\/rmvapesale.com\/wp-content\/uploads\/2024\/09\/Vapme-Shisha-Hookah-15000.jpg",500,500,false]},"uagb_author_info":{"display_name":"AMY","author_link":"https:\/\/rmvapesale.com\/sl\/author\/"},"uagb_comment_info":0,"uagb_excerpt":"Vapme Shisha Hookah 15000 Puffs Rechargeable Disposable Vape Bulk Buy Price PUFF 15000 VAPME SHISHA HOOKAH Best Flavor in Stock Vapme Shisha Hookah 15k Puffs 0% 2% Nicotine Contact Amy For More Discount And Lower MOQ Vape WhatsApp: +86 17776015835","_links":{"self":[{"href":"https:\/\/rmvapesale.com\/sl\/wp-json\/wp\/v2\/product\/1995","targetHints":{"allow":["GET"]}}],"collection":[{"href":"https:\/\/rmvapesale.com\/sl\/wp-json\/wp\/v2\/product"}],"about":[{"href":"https:\/\/rmvapesale.com\/sl\/wp-json\/wp\/v2\/types\/product"}],"replies":[{"embeddable":true,"href":"https:\/\/rmvapesale.com\/sl\/wp-json\/wp\/v2\/comments?post=1995"}],"wp:featuredmedia":[{"embeddable":true,"href":"https:\/\/rmvapesale.com\/sl\/wp-json\/wp\/v2\/media\/2000"}],"wp:attachment":[{"href":"https:\/\/rmvapesale.com\/sl\/wp-json\/wp\/v2\/media?parent=1995"}],"wp:term":[{"taxonomy":"product_brand","embeddable":true,"href":"https:\/\/rmvapesale.com\/sl\/wp-json\/wp\/v2\/product_brand?post=1995"},{"taxonomy":"product_cat","embeddable":true,"href":"https:\/\/rmvapesale.com\/sl\/wp-json\/wp\/v2\/product_cat?post=1995"},{"taxonomy":"product_tag","embeddable":true,"href":"https:\/\/rmvapesale.com\/sl\/wp-json\/wp\/v2\/product_tag?post=1995"}],"curies":[{"name":"wp","href":"https:\/\/api.w.org\/{rel}","templated":true}]}}