{"id":2027,"date":"2024-09-18T08:38:31","date_gmt":"2024-09-18T08:38:31","guid":{"rendered":"https:\/\/rmvapesale.com\/?post_type=product&#038;p=2027"},"modified":"2025-01-20T03:57:17","modified_gmt":"2025-01-20T03:57:17","slug":"waspe-12000-puffs-disposable-vape-pen","status":"publish","type":"product","link":"https:\/\/rmvapesale.com\/sl\/product\/waspe-12000-puffs-disposable-vape-pen\/","title":{"rendered":"Waspe 12000 Puffs Disposable Vape Pen"},"content":{"rendered":"<h1>Waspe 12000 Puffs Disposable Vape Pen<\/h1>\n<p>Predstavljamo WASPE 12000 Puffs Vape za enkratno uporabo \u2013 va\u0161 vrhunski spremljevalec za aromati\u010dno izku\u0161njo vapinga! Ta lahka, \u017eivahna e-cigareta zdru\u017euje varnost in zmogljivost, saj ima velikodu\u0161no 20 ml prostornino za do 12.000 vdihov. Zasnovana za za\u010detnike, njena funkcija samodejnega vle\u010denja zagotavlja enostavno uporabo, medtem ko mre\u017ene tuljave zagotavljajo izjemen MTL vlek. Poleg tega vas priro\u010den polnilni priklju\u010dek tipa C ohranja napolnjene. S svojim privla\u010dnim dizajnom RGB lu\u010di ta prenosni vape ni le naprava; je eleganten dodatek za vsako prilo\u017enost.<\/p>\n<p>Potopite se v svet vapinga z Waspe 12000 Puffs Vape za enkratno uporabo!<\/p>\n<p>&nbsp;<\/p>\n<p><strong>Kontaktirajte Amy za pravi odgovor in ve\u010d videoposnetkov o izdelkih!<\/strong><\/p>\n<p><img loading=\"lazy\" decoding=\"async\" class=\"size-full wp-image-1978\" src=\"https:\/\/rmvapesale.com\/wp-content\/uploads\/2024\/09\/Disposable-Vape-Wholesale.jpg\" alt=\"Vape za enkratno uporabo na debelo\" width=\"229\" height=\"300\" \/><\/p>\n<h3><span style=\"color: #ff0000\"><strong>WhatsApp: +86 17776015835<\/strong><\/span><\/h3>\n<p>&nbsp;<\/p>\n<h2><strong> Glavne zna\u010dilnosti Waspe 12000 Puffs<\/strong><\/h2>\n<p>&nbsp;<\/p>\n<p>Nikotin: 2% 5%<br \/>\nVpihi: 12000<br \/>\nKapaciteta: 20 ml<br \/>\n15 okusov na voljo<br \/>\nType-C priklju\u010dekHladne barvne lu\u010di na dnu<br \/>\n650 mAh, mo\u017enost ponovnega polnjenja<br \/>\nMre\u017ena tuljava 0.8\u03a9<\/p>\n<figure id=\"attachment_2021\" aria-describedby=\"caption-attachment-2021\" style=\"width: 800px\" class=\"wp-caption alignnone\"><img loading=\"lazy\" decoding=\"async\" class=\"wp-image-2021 size-full\" src=\"https:\/\/rmvapesale.com\/wp-content\/uploads\/2024\/09\/WASPE-12000-Disposable-Vape.png\" alt=\"WASPE 12000 Vape za enkratno uporabo\" width=\"800\" height=\"800\" srcset=\"https:\/\/rmvapesale.com\/wp-content\/uploads\/2024\/09\/WASPE-12000-Disposable-Vape.png 800w, https:\/\/rmvapesale.com\/wp-content\/uploads\/2024\/09\/WASPE-12000-Disposable-Vape-300x300.png 300w, https:\/\/rmvapesale.com\/wp-content\/uploads\/2024\/09\/WASPE-12000-Disposable-Vape-150x150.png 150w, https:\/\/rmvapesale.com\/wp-content\/uploads\/2024\/09\/WASPE-12000-Disposable-Vape-768x768.png 768w, https:\/\/rmvapesale.com\/wp-content\/uploads\/2024\/09\/WASPE-12000-Disposable-Vape-600x600.png 600w, https:\/\/rmvapesale.com\/wp-content\/uploads\/2024\/09\/WASPE-12000-Disposable-Vape-100x100.png 100w\" sizes=\"auto, (max-width: 800px) 100vw, 800px\" \/><figcaption id=\"caption-attachment-2021\" class=\"wp-caption-text\">WASPE 12000 Vape za enkratno uporabo<\/figcaption><\/figure>\n<h2><strong>Najbolj\u0161i okusi za Waspe 12000 Puffs Vape<\/strong><\/h2>\n<p>Vape pero Waspe 12000 Puffs za enkratno uporabo se pona\u0161a s 15 strokovno izdelanimi okusi, od katerih je vsak zasnovan tako, da ponudi zna\u010dilno in zadovoljivo izku\u0161njo vapinga, zanesljivo se najde nekaj za vas!<\/p>\n<p>1. ledna lubenica<span style=\"color: #ff0000\"><strong>&gt;&gt;&gt;&gt;Vro\u010de!<\/strong><\/span><br \/>\n2. borovnica na ledu<br \/>\n3. ledni mango<br \/>\n4. ledno grozdje<br \/>\n5. me\u0161ano jagodi\u010dje<span style=\"color: #ff0000\"><strong>&gt;&gt;&gt;&gt;Vro\u010de!<\/strong><\/span><br \/>\n6. jagodna lubenica<br \/>\n7. jagodni mango<br \/>\n8. jagoda kimi<br \/>\n9. sve\u017ea meta<span style=\"color: #ff0000\"><strong>&gt;&gt;&gt;&gt;Vro\u010de!<\/strong><\/span><br \/>\n10. borovnica malina<br \/>\n11. kivi pasijonka guava<br \/>\n12. kivi limeta<br \/>\n13. so\u010dna breskev ananas<br \/>\n14. jagoda malina \u010de\u0161nja <span style=\"color: #ff0000\"><strong>&gt;&gt;&gt;&gt;Najbolj\u0161e!<\/strong><\/span><br \/>\n15. jagoda pitaja limonada<\/p>\n<p>&nbsp;<\/p>\n<h2><strong>Vpra\u0161anja, ki jih morda \u017eelite vedeti o Waspe 12000 Puffs<\/strong><\/h2>\n<p>&nbsp;<\/p>\n<p><strong>1. Koliko vdihov lahko pri\u010dakujem od Waspe 12000 Puffs?<\/strong><\/p>\n<p>Ve\u010dja koli\u010dina vdihov WASPE 12000 Puffs Vaping ponuja do 12.000 vdihov, zaradi \u010desar je eden najdlje obstojnih vejpow za enkratno uporabo, ki so na voljo.<\/p>\n<p><strong>2. Ali lahko napolnim Waspe 12000 Puffs?<\/strong><\/p>\n<p>Da, Waspe 12000 Puffs za enkratno uporabo ima baterijo za polnjenje. Lahko ga polnite s kablom USB-C, da pove\u010date njegovo uporabo.<\/p>\n<p><strong>3. Kako napolniti Waspe 12000 Puffs?<\/strong><br \/>\n\u010ce \u017eelite napolniti svoj WASPE 12000 Puffs, preprosto priklju\u010dite polnilni kabel na napravo in ga priklju\u010dite na vir napajanja. Za optimalno delovanje se prepri\u010dajte, da je naprava pred uporabo popolnoma napolnjena.<\/p>\n<p>&nbsp;<\/p>\n<h3><b>Pogosta vpra\u0161anja<\/b><\/h3>\n<p>&nbsp;<\/p>\n<div class=\"flex-shrink-0 flex flex-col relative items-end\">\n<div>\n<div class=\"pt-0\">\n<div class=\"gizmo-bot-avatar flex h-8 w-8 items-center justify-center overflow-hidden rounded-full\">\n<div class=\"relative p-1 rounded-sm flex items-center justify-center bg-token-main-surface-primary text-token-text-primary h-8 w-8\"><strong>Kateri na\u010dini po\u0161iljanja so na voljo?<\/strong><\/div>\n<\/div>\n<\/div>\n<\/div>\n<\/div>\n<div class=\"group\/conversation-turn relative flex w-full min-w-0 flex-col agent-turn\">\n<div class=\"flex-col gap-1 md:gap-3\">\n<div class=\"flex max-w-full flex-col flex-grow\">\n<div class=\"min-h-[20px] text-message flex w-full flex-col items-end gap-2 whitespace-normal break-words [.text-message+&amp;]:mt-5 overflow-x-auto\" dir=\"auto\" data-message-author-role=\"assistant\" data-message-id=\"22f8283b-3233-46ff-89a5-c7a41b33abda\">\n<div class=\"flex w-full flex-col gap-1 empty:hidden first:pt-[3px]\">\n<div class=\"markdown prose w-full break-words dark:prose-invert light\">\n<p>Sodelujemo z UPS, DHL, FedEx, DPD in drugimi vodilnimi prevozniki. Izbrali bomo najbolj\u0161i na\u010din po\u0161iljanja glede na va\u0161o lokacijo dostave, da zagotovimo, da boste izdelke prejeli \u010dim hitreje.<\/p>\n<\/div>\n<p><strong>Kako dolgo traja dostava?<\/strong><\/p>\n<p>Paketi, poslani v Slovenijo, obi\u010dajno prispejo v 10 delovnih dneh. Po\u0161iljanje v evropske dr\u017eave obi\u010dajno traja pribli\u017eno 12-15 delovnih dni. Zagotovili vam bomo sprotne posodobitve o statusu va\u0161ega po\u0161iljanja.<\/p>\n<\/div>\n<p><strong>Garancija<\/strong><\/p>\n<p>Vsi izdelki v na\u0161i trgovini so zajam\u010deno 100% originalni in pristni. Za ponarejeno blago nudimo 10-kratno nadomestilo!<\/p>\n<div class=\"flex w-full flex-col gap-1 empty:hidden first:pt-[3px]\">\n<p>&nbsp;<\/p>\n<\/div>\n<\/div>\n<\/div>\n<\/div>\n<\/div>\n<p>Poi\u0161\u010di ve\u010d izdelkov Vape, ki so ti morda v\u0161e\u010d:<strong><em><a href=\"https:\/\/rmvapesale.com\/sl\/shop-2\/\">nakupuj zdaj &gt;&gt;&gt;<\/a><\/em><\/strong><\/p>\n<p>drugi vro\u010de prodajani vape, ki bi vam morda bili v\u0161e\u010d:<\/p>\n<p><strong><a href=\"https:\/\/rmvapesale.com\/sl\/product\/bang-digital-box-15000-puffs-original-factory-wholesale\/\">Bang Digital Box 15000 vdihov<\/a><\/strong><\/p>\n<p><a href=\"https:\/\/rmvapesale.com\/sl\/product\/waspe-tornado-15000-puffs-original-factory-price\/\"><strong>Waspe Tornado 15000 vdihov<\/strong><\/a><\/p>\n<p><a href=\"https:\/\/rmvapesale.com\/sl\/product\/randm-tornado-15000-puffs-vape-wholesale\/\"><strong>RandM Tornado 15000 Vpihov<\/strong><\/a><\/p>\n<p><a href=\"https:\/\/rmvapesale.com\/sl\/product\/waspe-digital-box-12000-puffs-wholesale-disposable-vape\/\"><strong>WASPE Digital Box 12000 vdihov<\/strong><\/a><\/p>\n<p>&nbsp;<\/p>","protected":false},"excerpt":{"rendered":"<p>WASPE 12000 Puffs Komplet elektronske cigarete za enkratno uporabo<br \/>\nWaspe 12000 12K Puffs Vape za enkratno uporabo MTL Vaping<br \/>\nWASPE 12000 Vape za enkratno uporabo Najcenej\u0161a cena<\/p>\n<p><strong>Kontaktirajte Amy za ve\u010dji popust in ni\u017eji MOQ Vape<\/strong><\/p>\n<p><img loading=\"lazy\" decoding=\"async\" class=\"size-full wp-image-1978\" src=\"https:\/\/rmvapesale.com\/wp-content\/uploads\/2024\/09\/Disposable-Vape-Wholesale.jpg\" alt=\"Vape za enkratno uporabo na debelo\" width=\"229\" height=\"300\" \/><\/p>\n<h3><span style=\"color: #ff0000\"><strong>WhatsApp: +86 17776015835<\/strong><\/span><\/h3>","protected":false},"featured_media":2028,"comment_status":"open","ping_status":"closed","template":"","meta":{"_uag_custom_page_level_css":"","_lmt_disableupdate":"no","_lmt_disable":"","site-sidebar-layout":"default","site-content-layout":"content-boxed-container","ast-site-content-layout":"normal-width-container","site-content-style":"boxed","site-sidebar-style":"unboxed","ast-global-header-display":"","ast-banner-title-visibility":"","ast-main-header-display":"","ast-hfb-above-header-display":"","ast-hfb-below-header-display":"","ast-hfb-mobile-header-display":"","site-post-title":"","ast-breadcrumbs-content":"","ast-featured-img":"","footer-sml-layout":"","theme-transparent-header-meta":"default","adv-header-id-meta":"","stick-header-meta":"","header-above-stick-meta":"","header-main-stick-meta":"","header-below-stick-meta":"","astra-migrate-meta-layouts":"set","ast-page-background-enabled":"default","ast-page-background-meta":{"desktop":{"background-color":"var(--ast-global-color-4)","background-image":"","background-repeat":"repeat","background-position":"center center","background-size":"auto","background-attachment":"scroll","background-type":"","background-media":"","overlay-type":"","overlay-color":"","overlay-opacity":"","overlay-gradient":""},"tablet":{"background-color":"","background-image":"","background-repeat":"repeat","background-position":"center center","background-size":"auto","background-attachment":"scroll","background-type":"","background-media":"","overlay-type":"","overlay-color":"","overlay-opacity":"","overlay-gradient":""},"mobile":{"background-color":"","background-image":"","background-repeat":"repeat","background-position":"center center","background-size":"auto","background-attachment":"scroll","background-type":"","background-media":"","overlay-type":"","overlay-color":"","overlay-opacity":"","overlay-gradient":""}},"ast-content-background-meta":{"desktop":{"background-color":"var(--ast-global-color-5)","background-image":"","background-repeat":"repeat","background-position":"center center","background-size":"auto","background-attachment":"scroll","background-type":"","background-media":"","overlay-type":"","overlay-color":"","overlay-opacity":"","overlay-gradient":""},"tablet":{"background-color":"var(--ast-global-color-5)","background-image":"","background-repeat":"repeat","background-position":"center center","background-size":"auto","background-attachment":"scroll","background-type":"","background-media":"","overlay-type":"","overlay-color":"","overlay-opacity":"","overlay-gradient":""},"mobile":{"background-color":"var(--ast-global-color-5)","background-image":"","background-repeat":"repeat","background-position":"center center","background-size":"auto","background-attachment":"scroll","background-type":"","background-media":"","overlay-type":"","overlay-color":"","overlay-opacity":"","overlay-gradient":""}},"_joinchat":[]},"product_brand":[],"product_cat":[15,291,293,295,274,254,25,123,26,28,135,27,137,136,30],"product_tag":[45,57,58,37],"class_list":{"0":"post-2027","1":"product","2":"type-product","3":"status-publish","4":"has-post-thumbnail","6":"product_cat-new-vape-this-week","7":"product_cat-dual-mesh-disposable-vapes","8":"product_cat-low-nicotine-disposable-vapes","9":"product_cat-rechargeable-disposable-vapes","10":"product_cat-waspe-fihp-vape","11":"product_cat-12000-puff-disposable-vape","12":"product_cat-germany-best-selling-vape","13":"product_cat-italy-wholesale-vape","14":"product_cat-netherlands-hot-sale-vape","15":"product_cat-poland-hot-sale-vape","16":"product_cat-spain-best-hot-sale-vape","17":"product_cat-fance-hot-sale-vape","18":"product_cat-rechargeable-vapes","19":"product_cat-smart-screen-vapes","20":"product_cat-minimum-order-quantity-50pcs","21":"product_tag-12k-vape-puff-12000","22":"product_tag-disposable-vape-wholesale-supplier","23":"product_tag-electric-cigarettes","24":"product_tag-wholesale-vape-price","25":"desktop-align-left","26":"tablet-align-left","27":"mobile-align-left","29":"first","30":"instock","31":"sale","32":"shipping-taxable","33":"purchasable","34":"product-type-simple"},"uagb_featured_image_src":{"full":["https:\/\/rmvapesale.com\/wp-content\/uploads\/2024\/09\/WASPE-12000-PUFFS.jpg",800,800,false],"thumbnail":["https:\/\/rmvapesale.com\/wp-content\/uploads\/2024\/09\/WASPE-12000-PUFFS-150x150.jpg",150,150,true],"medium":["https:\/\/rmvapesale.com\/wp-content\/uploads\/2024\/09\/WASPE-12000-PUFFS-300x300.jpg",300,300,true],"medium_large":["https:\/\/rmvapesale.com\/wp-content\/uploads\/2024\/09\/WASPE-12000-PUFFS-768x768.jpg",768,768,true],"large":["https:\/\/rmvapesale.com\/wp-content\/uploads\/2024\/09\/WASPE-12000-PUFFS.jpg",800,800,false],"1536x1536":["https:\/\/rmvapesale.com\/wp-content\/uploads\/2024\/09\/WASPE-12000-PUFFS.jpg",800,800,false],"2048x2048":["https:\/\/rmvapesale.com\/wp-content\/uploads\/2024\/09\/WASPE-12000-PUFFS.jpg",800,800,false],"trp-custom-language-flag":["https:\/\/rmvapesale.com\/wp-content\/uploads\/2024\/09\/WASPE-12000-PUFFS.jpg",12,12,false],"woocommerce_thumbnail":["https:\/\/rmvapesale.com\/wp-content\/uploads\/2024\/09\/WASPE-12000-PUFFS-300x300.jpg",300,300,true],"woocommerce_single":["https:\/\/rmvapesale.com\/wp-content\/uploads\/2024\/09\/WASPE-12000-PUFFS-600x600.jpg",600,600,true],"woocommerce_gallery_thumbnail":["https:\/\/rmvapesale.com\/wp-content\/uploads\/2024\/09\/WASPE-12000-PUFFS-100x100.jpg",100,100,true],"wcpr-photo-reviews":["https:\/\/rmvapesale.com\/wp-content\/uploads\/2024\/09\/WASPE-12000-PUFFS.jpg",500,500,false]},"uagb_author_info":{"display_name":"AMY","author_link":"https:\/\/rmvapesale.com\/sl\/author\/"},"uagb_comment_info":0,"uagb_excerpt":"WASPE 12000 Puffs Disposable Electronic Cigarette Kit Waspe 12000 12K Puffs Disposable Vape MTL Vaping WASPE 12000 Disposable Vape Cheapest Price Contact Amy For More Discount And Lower MOQ Vape WhatsApp: +86 17776015835","_links":{"self":[{"href":"https:\/\/rmvapesale.com\/sl\/wp-json\/wp\/v2\/product\/2027","targetHints":{"allow":["GET"]}}],"collection":[{"href":"https:\/\/rmvapesale.com\/sl\/wp-json\/wp\/v2\/product"}],"about":[{"href":"https:\/\/rmvapesale.com\/sl\/wp-json\/wp\/v2\/types\/product"}],"replies":[{"embeddable":true,"href":"https:\/\/rmvapesale.com\/sl\/wp-json\/wp\/v2\/comments?post=2027"}],"wp:featuredmedia":[{"embeddable":true,"href":"https:\/\/rmvapesale.com\/sl\/wp-json\/wp\/v2\/media\/2028"}],"wp:attachment":[{"href":"https:\/\/rmvapesale.com\/sl\/wp-json\/wp\/v2\/media?parent=2027"}],"wp:term":[{"taxonomy":"product_brand","embeddable":true,"href":"https:\/\/rmvapesale.com\/sl\/wp-json\/wp\/v2\/product_brand?post=2027"},{"taxonomy":"product_cat","embeddable":true,"href":"https:\/\/rmvapesale.com\/sl\/wp-json\/wp\/v2\/product_cat?post=2027"},{"taxonomy":"product_tag","embeddable":true,"href":"https:\/\/rmvapesale.com\/sl\/wp-json\/wp\/v2\/product_tag?post=2027"}],"curies":[{"name":"wp","href":"https:\/\/api.w.org\/{rel}","templated":true}]}}