{"id":2054,"date":"2024-09-20T02:34:42","date_gmt":"2024-09-20T02:34:42","guid":{"rendered":"https:\/\/rmvapesale.com\/?post_type=product&#038;p=2054"},"modified":"2025-01-21T09:14:46","modified_gmt":"2025-01-21T09:14:46","slug":"wga-crystal-plus-smart-16000-disposable-vape","status":"publish","type":"product","link":"https:\/\/rmvapesale.com\/sl\/product\/wga-crystal-plus-smart-16000-disposable-vape\/","title":{"rendered":"WGA Crystal Plus Smart 16000 E-cigareta za enkratno uporabo"},"content":{"rendered":"<h3 class=\"LC20lb MBeuO DKV0Md\">WGA Crystal Plus Smart 16000 E-cigareta za enkratno uporabo<\/h3>\n<p>Izbolj\u0161ajte svojo izku\u0161njo vapinga z WGA Crystal Plus Smart 16000 Ve\u010dkratna E-cigareta, zdaj na voljo. Ta inovativna naprava, zasnovana za zahtevne vaperje, ponuja impresivnih 16.000 vpihov neprekinjenega u\u017eitka.<\/p>\n<p>Kar lo\u010di Crystal Plus Smart na prenatrpanem trgu, je kombinacija napredne tehnologije in elegantnega dizajna. S svojim vrhunskim sistemom mre\u017eastih tuljav zagotavlja gladko in dosledno proizvodnjo pare z vsakim vpihom. U\u017eivajte v bogatih okusih in gostih oblakih, zahvaljujo\u010d optimiziranemu pretoku zraka in vrhunski tehnologiji tuljav.<\/p>\n<p>Prednapolnjen z vrhunsko e-teko\u010dino, Crystal Plus Smart ponuja \u0161iroko paleto slastnih okusov, ki bodo ugajali vsakemu okusu \u2013 ne glede na to, ali hrepenite po sadnih, mentolovih ali sladico-navdihnjenih mo\u017enostih, se za vsakogar najde nekaj.<\/p>\n<p>Sprejmite prihodnost vapinga z WGA Crystal Plus Smart Ve\u010dkratna E-cigareta, ki je zdaj na voljo, kjer se kakovost sre\u010da z udobjem.<\/p>\n<p><strong>Dodajte AMY na whatsapp za ve\u010d popustov!<\/strong><\/p>\n<p><img loading=\"lazy\" decoding=\"async\" class=\"size-full wp-image-1978\" src=\"https:\/\/rmvapesale.com\/wp-content\/uploads\/2024\/09\/Disposable-Vape-Wholesale.jpg\" alt=\"Vape za enkratno uporabo na debelo\" width=\"229\" height=\"300\" \/><\/p>\n<h3><span style=\"color: #ff0000\"><strong>WhatsApp: +86 17776015835<\/strong><\/span><\/h3>\n<p>&nbsp;<\/p>\n<h2>Specifikacije WGA Crystal Plus Smart 16000<\/h2>\n<p>Vdihljaji: 20000 vdihljajev<br \/>\nBaterija: 650 mAh<br \/>\nE-teko\u010dina: 15 ml*2<br \/>\nJakost nikotina: 2 % \/ 5 %<br \/>\nPolnjenje s kablom tipa C<\/p>\n<h2><\/h2>\n<p>&nbsp;<\/p>\n<h2>Seznam okusov WGA Crystal Smart 16000<\/h2>\n<p>&nbsp;<\/p>\n<p>1. Ledena banana<br \/>\n2. Modra malina \u010de\u0161nja<br \/>\n3. Modra malina led<br \/>\n4. Borovnica \u010de\u0161nja brusnica<br \/>\n5. Borovnica malina<br \/>\n6. Borovnica kisla malina<br \/>\n7. Ledena \u010de\u0161nja<br \/>\n8.Gazirana \u010de\u0161nja<br \/>\n9.Sve\u017ea meta<br \/>\n10.Gumijasti medvedek<br \/>\n11.Hubba Bubba<br \/>\n12.So\u010dna breskev<br \/>\n13.Limona<br \/>\n14.Gospod Modri<br \/>\n15.Ledeno rde\u010de jabolko<br \/>\n16.Skittles<br \/>\n17.Jagoda malina \u010de\u0161nja<br \/>\n18.Poletne sanje<br \/>\n19.Vimto bik<br \/>\n20.Ledena lubenica<\/p>\n<div class=\"mceTemp\"><\/div>\n<h4><\/h4>\n<h4>Pogosta vpra\u0161anja:<\/h4>\n<p>&nbsp;<\/p>\n<p><strong>1. Kako dolgo zdr\u017ei naprava WGA Crystal Plus Smart 16k?<\/strong><br \/>\nZ ustrezno uporabo lahko vsaka naprava zagotovi pribli\u017eno 20.000 vdihov, kar ve\u010dini uporabnikov zado\u0161\u010da za ve\u010d tednov.<\/p>\n<p><strong>2. Ali lahko ponovno napolnim WGA Crystal Smart 16000?<\/strong><br \/>\nDa, ta e-cigareta za enkratno uporabo ima baterijo za ponovno polnjenje, ki jo lahko napolnite, ko se izprazni.<\/p>\n<p><strong>3. Ali je WGA Crystal Smart 16000 primeren za za\u010detnike?<\/strong><br \/>\nVsekakor! Njegova uporabniku prijazna zasnova je popolna tako za nove kot za izku\u0161ene uporabnike.<\/p>\n<p>&nbsp;<\/p>\n<p>Drugi vro\u010d prodajni vape, ki vam bo morda v\u0161e\u010d:<\/p>\n<p><a href=\"https:\/\/rmvapesale.com\/sl\/product\/waspe-12000-puffs-disposable-vape-pen\/\"><strong>WGA Crystal Pro Max Extra 15000<\/strong><\/a><em><a href=\"https:\/\/rmvapesale.com\/sl\/product\/wga-crystal-pro-max-extra-15k-puffs-disposable-vape-wholesale\/\"><strong> &gt;&gt;&gt;Nakupujte<\/strong><\/a><\/em><\/p>\n<p><strong><a href=\"https:\/\/rmvapesale.com\/sl\/product\/wga-crystal-plus-20000-puff-dual-flavour-disposable-vape\/\">WGA Crystal Plus 20000<\/a><\/strong><em><strong><a href=\"https:\/\/rmvapesale.com\/sl\/product\/wga-crystal-plus-20000-puff-dual-flavour-disposable-vape\/\">\u00a0 &gt;&gt;&gt;Nakupujte<\/a><\/strong><\/em><\/p>\n<p><a href=\"https:\/\/rmvapesale.com\/sl\/product\/fihp-shisha-hookah-15000-pro-disposable-vape-wholesale\/\"><strong>FIHP 15000 Vdihov <\/strong><\/a><strong><em><a href=\"https:\/\/rmvapesale.com\/sl\/product\/waspe-12000-puffs-disposable-vape-pen\/\">&gt;&gt;&gt;Nakupujte<\/a><\/em><\/strong><\/p>\n<p>&nbsp;<\/p>\n<p>&nbsp;<\/p>\n<p>Poi\u0161\u010di ve\u010d izdelkov Vape, ki so ti morda v\u0161e\u010d:<em><a href=\"https:\/\/rmvapesale.com\/sl\/shop-2\/\">nakupujte zdaj\u00a0<\/a><\/em><\/p>\n<p>&nbsp;<\/p>","protected":false},"excerpt":{"rendered":"<p class=\"LC20lb MBeuO DKV0Md\">WGA Crystal Plus Smart 16000 Puffs Ve\u010dkratna E-cigareta<br \/>\nWGA Crystal Plus Smart 16000 Veleprodaja Ve\u010dkratna E-cigareta<br \/>\nWGA Crystal Plus Smart 16K Puffs Tovarni\u0161ka cena<\/p>\n<p class=\"LC20lb MBeuO DKV0Md\"><strong>Kontaktirajte Amy za ve\u010dji popust in ni\u017eji MOQ Vape<\/strong><\/p>\n<p><img loading=\"lazy\" decoding=\"async\" class=\"size-medium wp-image-1814\" src=\"https:\/\/rmvapesale.com\/wp-content\/uploads\/2024\/04\/whatsapp-amy-229x300.jpg\" alt=\"whatsapp amy\" width=\"229\" height=\"300\" srcset=\"https:\/\/rmvapesale.com\/wp-content\/uploads\/2024\/04\/whatsapp-amy-229x300.jpg 229w, https:\/\/rmvapesale.com\/wp-content\/uploads\/2024\/04\/whatsapp-amy-783x1024.jpg 783w, https:\/\/rmvapesale.com\/wp-content\/uploads\/2024\/04\/whatsapp-amy-768x1005.jpg 768w, https:\/\/rmvapesale.com\/wp-content\/uploads\/2024\/04\/whatsapp-amy-600x785.jpg 600w, https:\/\/rmvapesale.com\/wp-content\/uploads\/2024\/04\/whatsapp-amy.jpg 990w\" sizes=\"auto, (max-width: 229px) 100vw, 229px\" \/><\/p>\n<h3><span style=\"color: #ff0000\"><strong>WhatsApp: +86 17776015835<\/strong><\/span><\/h3>","protected":false},"featured_media":2062,"comment_status":"open","ping_status":"closed","template":"","meta":{"_uag_custom_page_level_css":"","_lmt_disableupdate":"no","_lmt_disable":"","site-sidebar-layout":"default","site-content-layout":"content-boxed-container","ast-site-content-layout":"normal-width-container","site-content-style":"boxed","site-sidebar-style":"unboxed","ast-global-header-display":"","ast-banner-title-visibility":"","ast-main-header-display":"","ast-hfb-above-header-display":"","ast-hfb-below-header-display":"","ast-hfb-mobile-header-display":"","site-post-title":"","ast-breadcrumbs-content":"","ast-featured-img":"","footer-sml-layout":"","theme-transparent-header-meta":"default","adv-header-id-meta":"","stick-header-meta":"","header-above-stick-meta":"","header-main-stick-meta":"","header-below-stick-meta":"","astra-migrate-meta-layouts":"set","ast-page-background-enabled":"default","ast-page-background-meta":{"desktop":{"background-color":"var(--ast-global-color-4)","background-image":"","background-repeat":"repeat","background-position":"center center","background-size":"auto","background-attachment":"scroll","background-type":"","background-media":"","overlay-type":"","overlay-color":"","overlay-opacity":"","overlay-gradient":""},"tablet":{"background-color":"","background-image":"","background-repeat":"repeat","background-position":"center center","background-size":"auto","background-attachment":"scroll","background-type":"","background-media":"","overlay-type":"","overlay-color":"","overlay-opacity":"","overlay-gradient":""},"mobile":{"background-color":"","background-image":"","background-repeat":"repeat","background-position":"center center","background-size":"auto","background-attachment":"scroll","background-type":"","background-media":"","overlay-type":"","overlay-color":"","overlay-opacity":"","overlay-gradient":""}},"ast-content-background-meta":{"desktop":{"background-color":"var(--ast-global-color-5)","background-image":"","background-repeat":"repeat","background-position":"center center","background-size":"auto","background-attachment":"scroll","background-type":"","background-media":"","overlay-type":"","overlay-color":"","overlay-opacity":"","overlay-gradient":""},"tablet":{"background-color":"var(--ast-global-color-5)","background-image":"","background-repeat":"repeat","background-position":"center center","background-size":"auto","background-attachment":"scroll","background-type":"","background-media":"","overlay-type":"","overlay-color":"","overlay-opacity":"","overlay-gradient":""},"mobile":{"background-color":"var(--ast-global-color-5)","background-image":"","background-repeat":"repeat","background-position":"center center","background-size":"auto","background-attachment":"scroll","background-type":"","background-media":"","overlay-type":"","overlay-color":"","overlay-opacity":"","overlay-gradient":""}},"_joinchat":[]},"product_brand":[],"product_cat":[25,289,290,291,292,293,295,296,299,283,123,26,28,135,27,137,136,15,30],"product_tag":[66,40,41,75,74,69,37],"class_list":{"0":"post-2054","1":"product","2":"type-product","3":"status-publish","4":"has-post-thumbnail","6":"product_cat-germany-best-selling-vape","7":"product_cat-big-puffs-disposable-vapes","8":"product_cat-crystal-disposable-vapes","9":"product_cat-dual-mesh-disposable-vapes","10":"product_cat-digital-disposable-vapes","11":"product_cat-low-nicotine-disposable-vapes","12":"product_cat-rechargeable-disposable-vapes","13":"product_cat-shisha-hookah-disposable-vapes","14":"product_cat-smart-screen-disposable-vapes","15":"product_cat-wga-vape","16":"product_cat-italy-wholesale-vape","17":"product_cat-netherlands-hot-sale-vape","18":"product_cat-poland-hot-sale-vape","19":"product_cat-spain-best-hot-sale-vape","20":"product_cat-fance-hot-sale-vape","21":"product_cat-rechargeable-vapes","22":"product_cat-smart-screen-vapes","23":"product_cat-new-vape-this-week","24":"product_cat-minimum-order-quantity-50pcs","25":"product_tag-disposable-vape","26":"product_tag-hot-sale-vape","27":"product_tag-original-factory-vape","28":"product_tag-wga-crystal-plus-smart-16000","29":"product_tag-wga-crystal-plus-smart-16k","30":"product_tag-wga-vape","31":"product_tag-wholesale-vape-price","32":"desktop-align-left","33":"tablet-align-left","34":"mobile-align-left","36":"first","37":"instock","38":"sale","39":"shipping-taxable","40":"purchasable","41":"product-type-simple"},"uagb_featured_image_src":{"full":["https:\/\/rmvapesale.com\/wp-content\/uploads\/2024\/09\/WGA-Crystal-Plus-Smart-16000-Watermelon-Ice.png",800,800,false],"thumbnail":["https:\/\/rmvapesale.com\/wp-content\/uploads\/2024\/09\/WGA-Crystal-Plus-Smart-16000-Watermelon-Ice-150x150.png",150,150,true],"medium":["https:\/\/rmvapesale.com\/wp-content\/uploads\/2024\/09\/WGA-Crystal-Plus-Smart-16000-Watermelon-Ice-300x300.png",300,300,true],"medium_large":["https:\/\/rmvapesale.com\/wp-content\/uploads\/2024\/09\/WGA-Crystal-Plus-Smart-16000-Watermelon-Ice-768x768.png",768,768,true],"large":["https:\/\/rmvapesale.com\/wp-content\/uploads\/2024\/09\/WGA-Crystal-Plus-Smart-16000-Watermelon-Ice.png",800,800,false],"1536x1536":["https:\/\/rmvapesale.com\/wp-content\/uploads\/2024\/09\/WGA-Crystal-Plus-Smart-16000-Watermelon-Ice.png",800,800,false],"2048x2048":["https:\/\/rmvapesale.com\/wp-content\/uploads\/2024\/09\/WGA-Crystal-Plus-Smart-16000-Watermelon-Ice.png",800,800,false],"trp-custom-language-flag":["https:\/\/rmvapesale.com\/wp-content\/uploads\/2024\/09\/WGA-Crystal-Plus-Smart-16000-Watermelon-Ice.png",12,12,false],"woocommerce_thumbnail":["https:\/\/rmvapesale.com\/wp-content\/uploads\/2024\/09\/WGA-Crystal-Plus-Smart-16000-Watermelon-Ice-300x300.png",300,300,true],"woocommerce_single":["https:\/\/rmvapesale.com\/wp-content\/uploads\/2024\/09\/WGA-Crystal-Plus-Smart-16000-Watermelon-Ice-600x600.png",600,600,true],"woocommerce_gallery_thumbnail":["https:\/\/rmvapesale.com\/wp-content\/uploads\/2024\/09\/WGA-Crystal-Plus-Smart-16000-Watermelon-Ice-100x100.png",100,100,true],"wcpr-photo-reviews":["https:\/\/rmvapesale.com\/wp-content\/uploads\/2024\/09\/WGA-Crystal-Plus-Smart-16000-Watermelon-Ice.png",500,500,false]},"uagb_author_info":{"display_name":"AMY","author_link":"https:\/\/rmvapesale.com\/sl\/author\/"},"uagb_comment_info":0,"uagb_excerpt":"WGA Crystal Plus Smart 16000 Puffs Disposable Vape Pod WGA Crystal Plus Smart 16000 Disposable Vape Wholesale WGA Crystal Plus Smart 16K Puffs Facotory Price Contact Amy For More Discount And Lower MOQ Vape WhatsApp: +86 17776015835","_links":{"self":[{"href":"https:\/\/rmvapesale.com\/sl\/wp-json\/wp\/v2\/product\/2054","targetHints":{"allow":["GET"]}}],"collection":[{"href":"https:\/\/rmvapesale.com\/sl\/wp-json\/wp\/v2\/product"}],"about":[{"href":"https:\/\/rmvapesale.com\/sl\/wp-json\/wp\/v2\/types\/product"}],"replies":[{"embeddable":true,"href":"https:\/\/rmvapesale.com\/sl\/wp-json\/wp\/v2\/comments?post=2054"}],"wp:featuredmedia":[{"embeddable":true,"href":"https:\/\/rmvapesale.com\/sl\/wp-json\/wp\/v2\/media\/2062"}],"wp:attachment":[{"href":"https:\/\/rmvapesale.com\/sl\/wp-json\/wp\/v2\/media?parent=2054"}],"wp:term":[{"taxonomy":"product_brand","embeddable":true,"href":"https:\/\/rmvapesale.com\/sl\/wp-json\/wp\/v2\/product_brand?post=2054"},{"taxonomy":"product_cat","embeddable":true,"href":"https:\/\/rmvapesale.com\/sl\/wp-json\/wp\/v2\/product_cat?post=2054"},{"taxonomy":"product_tag","embeddable":true,"href":"https:\/\/rmvapesale.com\/sl\/wp-json\/wp\/v2\/product_tag?post=2054"}],"curies":[{"name":"wp","href":"https:\/\/api.w.org\/{rel}","templated":true}]}}