{"id":2065,"date":"2024-09-20T06:15:37","date_gmt":"2024-09-20T06:15:37","guid":{"rendered":"https:\/\/rmvapesale.com\/?post_type=product&#038;p=2065"},"modified":"2025-01-21T09:15:27","modified_gmt":"2025-01-21T09:15:27","slug":"bang-box-12000-puffs-disposable-vape-best-price","status":"publish","type":"product","link":"https:\/\/rmvapesale.com\/sl\/product\/bang-box-12000-puffs-disposable-vape-best-price\/","title":{"rendered":"Bang Box 12000 Puffs Disposable Vape Najbolj\u0161a cena"},"content":{"rendered":"<h1>Bang Box 12000 Puffs Disposable Vape Najbolj\u0161a cena<\/h1>\n<p>Izbolj\u0161ajte svojo izku\u0161njo vapinga z Bang Box 12000 Puffs, Vapom za enkratno uporabo z mo\u017enostjo polnjenja. Ta sofisticirana naprava je zasnovana za vrhunsko zadovoljstvo. Ta inovativni vape pod ponuja impresivnih 12000 vdihov iz 15-mililitrskega vnaprej napolnjenega rezervoarja z e-sokom na bazi nikotinske soli, kar zagotavlja bogat, vrhunski okus z vsakim vdihom.<\/p>\n<p>Zasnovan za udobje in zmogljivost, Bang Box vklju\u010duje robustno 600 mAh baterijo z mo\u017enostjo ponovnega polnjenja in mre\u017easto tuljavo, ki zagotavlja gladko in dosledno proizvodnjo pare. Prilagodite svojo izku\u0161njo z nastavljivimi jakostmi nikotina, ki segajo od 0% do 5% in ustrezajo vsem \u017eeljam. Z veliko prostornino 20 ml e-teko\u010dine lahko u\u017eivate v dalj\u0161ih sejah vapinga, ne da bi se morali truditi s pogostim polnjenjem.<\/p>\n<p>Takoj pridobite kakovostno veleprodajno ceno za Bang Box 12000 Puffs, Vape za enkratno uporabo z mo\u017enostjo ponovnega polnjenja!<\/p>\n<p><strong>Kontaktirajte Amy, da dobite pravi odgovor in ve\u010d popusta!<\/strong><\/p>\n<p><img loading=\"lazy\" decoding=\"async\" class=\"size-medium wp-image-1814\" src=\"https:\/\/rmvapesale.com\/wp-content\/uploads\/2024\/04\/whatsapp-amy-229x300.jpg\" alt=\"whatsapp amy\" width=\"229\" height=\"300\" srcset=\"https:\/\/rmvapesale.com\/wp-content\/uploads\/2024\/04\/whatsapp-amy-229x300.jpg 229w, https:\/\/rmvapesale.com\/wp-content\/uploads\/2024\/04\/whatsapp-amy-783x1024.jpg 783w, https:\/\/rmvapesale.com\/wp-content\/uploads\/2024\/04\/whatsapp-amy-768x1005.jpg 768w, https:\/\/rmvapesale.com\/wp-content\/uploads\/2024\/04\/whatsapp-amy-600x785.jpg 600w, https:\/\/rmvapesale.com\/wp-content\/uploads\/2024\/04\/whatsapp-amy.jpg 990w\" sizes=\"auto, (max-width: 229px) 100vw, 229px\" \/><\/p>\n<h3><span style=\"color: #ff0000\"><strong>WhatsApp: +86 17776015835<\/strong><\/span><\/h3>\n<p>&nbsp;<\/p>\n<h2><strong>Glavne zna\u010dilnosti Bang Box 12000<\/strong><\/h2>\n<p>&nbsp;<\/p>\n<p>Znamka: Bang Vape<br \/>\nNikotin: 0% 2% 3% 5%<br \/>\nVpihi: 12000<br \/>\nKapaciteta: 20 ml<br \/>\nNa voljo 12 okusov<br \/>\n650 mAh, mo\u017enost ponovnega polnjenja<br \/>\nMre\u017easta Tuljava<br \/>\nUSB-C<\/p>\n<h2><strong>Kak\u0161en je najbolj\u0161i okus za Vape Bang Box 12000 Puffs<\/strong><strong>?<\/strong><\/h2>\n<p>Ta Vape Bang Vape 12000 ponuja skupno 12 razpolo\u017eljivih okusov. Izbirajte med \u010dudovito raznolikostjo okusov, vklju\u010dno z okusi Strawberry Banana (jagoda-banana), Blue Razz Ice (led modra malina) in Strawberry Juice (sok iz jagode) itd., in se potopite v svet okusov in zadovoljstva.<\/p>\n<p>1. Jagodna Banana<br \/>\n2. Kivi pasijonka guava<br \/>\n3. Jagodni Kivi<br \/>\n4. Led modra malina<br \/>\n5. Kisla jabol\u010dna malina<br \/>\n6. Lubenina \u017eve\u010dilni gumi<br \/>\n7. Jagodna Lubenica<br \/>\n8. Sok iz jagode<br \/>\n9. Led \u010drni zmaj<br \/>\n10. Lubenica z ledom<br \/>\n11. Breskev mango lubenica<br \/>\n12. Borovni\u010dev led<\/p>\n<p>&nbsp;<\/p>\n<p><img loading=\"lazy\" decoding=\"async\" class=\"size-medium wp-image-2070\" src=\"https:\/\/rmvapesale.com\/wp-content\/uploads\/2024\/09\/Bang-Vape-BOX-12000-300x300.png\" alt=\"Bang Vape BOX 12000\" width=\"300\" height=\"300\" srcset=\"https:\/\/rmvapesale.com\/wp-content\/uploads\/2024\/09\/Bang-Vape-BOX-12000-300x300.png 300w, https:\/\/rmvapesale.com\/wp-content\/uploads\/2024\/09\/Bang-Vape-BOX-12000-150x150.png 150w, https:\/\/rmvapesale.com\/wp-content\/uploads\/2024\/09\/Bang-Vape-BOX-12000-768x768.png 768w, https:\/\/rmvapesale.com\/wp-content\/uploads\/2024\/09\/Bang-Vape-BOX-12000-600x600.png 600w, https:\/\/rmvapesale.com\/wp-content\/uploads\/2024\/09\/Bang-Vape-BOX-12000-100x100.png 100w, https:\/\/rmvapesale.com\/wp-content\/uploads\/2024\/09\/Bang-Vape-BOX-12000.png 800w\" sizes=\"auto, (max-width: 300px) 100vw, 300px\" \/><\/p>\n<h2><strong>Vpra\u0161anja, ki bi vas morda zanimala o Vape Bang Vape 12000 Puffs<\/strong><\/h2>\n<p>&nbsp;<\/p>\n<p><strong>1. Koliko vdihov lahko pri\u010dakujem od Vape Bang Vape 12000 Puffs?<\/strong><\/p>\n<p>Vape Bang Vape 12000 Puffs se pona\u0161a z impresivnimi 12000 vdihi (v testnem okolju), kar zagotavlja podalj\u0161ano uporabo in trajno zadovoljstvo.<\/p>\n<p><strong>2. Kak\u0161no vsebnost nikotina ponuja Bang King Vape 20000 Puffs?<\/strong><\/p>\n<p>Vape Bang Vape 12000 je predhodno napolnjen z 20 ml e-teko\u010dine z vsebnostjo nikotina 0%, 2%, 3% ali 5%, kar ponuja uravnote\u017eeno izku\u0161njo vapinga.<\/p>\n<p><strong>3. Kako tehnologija mre\u017easte tuljave izbolj\u0161a izku\u0161njo vapinga?<\/strong><\/p>\n<p>Tehnologija mre\u017easte tuljave, integrirana v Bang Beach 22000 Puffs Smart Screen Vapes, ima nizko uporno tuljavo 0,8 ohma. Ta zasnova pove\u010da grelno povr\u0161ino, kar povzro\u010di bolj gladke vdihe in pove\u010dano proizvodnjo pare. Tehnologija zagotavlja enakomerno in dosledno segrevanje e-teko\u010dine, kar zagotavlja vrhunsko izku\u0161njo okusa.<\/p>\n<p><strong>4. Kje lahko kupim originalni Bang King Vape 20000 Vpihov?<\/strong><\/p>\n<p>Originalni Vape Bang Vape 12000 je na voljo za nakup pri poobla\u0161\u010denih distributerjih. Za veleprodajne poizvedbe lahko distributerji <a href=\"https:\/\/wa.me\/8617776015835\" target=\"_blank\" rel=\"noopener\">kontaktirajte nas<\/a> direktno. Maloprodajne stranke lahko izdelek najdejo pri izbranih trgovcih ali v spletnih trgovinah. Vsi izdelki v na\u0161i trgovini so 100% originalni in avtenti\u010dni, zato je desetkratno nadomestilo za ponarejeno blago na\u0161a politika trgovine.<\/p>\n<p>&nbsp;<\/p>\n<h2><b>Pogosta vpra\u0161anja<\/b><\/h2>\n<div class=\"flex-shrink-0 flex flex-col relative items-end\">\n<div>\n<div class=\"pt-0\">\n<div class=\"gizmo-bot-avatar flex h-8 w-8 items-center justify-center overflow-hidden rounded-full\">\n<div><\/div>\n<div class=\"relative p-1 rounded-sm flex items-center justify-center bg-token-main-surface-primary text-token-text-primary h-8 w-8\"><strong>Kateri na\u010dini po\u0161iljanja so na voljo?<\/strong><\/div>\n<\/div>\n<\/div>\n<\/div>\n<\/div>\n<div class=\"group\/conversation-turn relative flex w-full min-w-0 flex-col agent-turn\">\n<div class=\"flex-col gap-1 md:gap-3\">\n<div class=\"flex max-w-full flex-col flex-grow\">\n<div class=\"min-h-[20px] text-message flex w-full flex-col items-end gap-2 whitespace-normal break-words [.text-message+&amp;]:mt-5 overflow-x-auto\" dir=\"auto\" data-message-author-role=\"assistant\" data-message-id=\"22f8283b-3233-46ff-89a5-c7a41b33abda\">\n<div class=\"flex w-full flex-col gap-1 empty:hidden first:pt-[3px]\">\n<div class=\"markdown prose w-full break-words dark:prose-invert light\">\n<p>Sodelujemo z UPS, DHL, FedEx, DPD in drugimi vodilnimi prevozniki. Izbrali bomo najbolj\u0161i na\u010din po\u0161iljanja glede na va\u0161o lokacijo dostave, da zagotovimo, da boste izdelke prejeli \u010dim hitreje.<\/p>\n<\/div>\n<p><strong>Kako dolgo traja dostava?<\/strong><\/p>\n<p>V Slovenijo obi\u010dajno prispe v 10 delovnih dneh.<\/p>\n<p>V evropske dr\u017eave obi\u010dajno traja pribli\u017eno 12-15 delovnih dni.<\/p>\n<p>Zagotavljali bomo sprotne posodobitve o stanju va\u0161e po\u0161iljke.<\/p>\n<\/div>\n<\/div>\n<\/div>\n<\/div>\n<\/div>\n<p>&nbsp;<\/p>\n<p>drugi vro\u010de prodajani vape, ki bi vam morda bili v\u0161e\u010d:<\/p>\n<p><a href=\"https:\/\/rmvapesale.com\/sl\/product\/bang-20000-puffs-disposable-vape-wholesale-supplier\/\">Bang Vape 20000 Vpihov<\/a><\/p>\n<p><a href=\"https:\/\/rmvapesale.com\/sl\/product\/randm-tornado-7000-puffs-original-cheap-price-vapes-fumot-factory\/\">RandM Tornado 7ooo Vpihov<\/a><\/p>\n<p><a href=\"https:\/\/rmvapesale.com\/sl\/product\/bang-vape-tornado-12000-puffs-disposable-pod-factory-price\/\">BANG Tornado 12000 Vpihov<\/a><\/p>\n<p>&nbsp;<\/p>\n<p>&nbsp;<\/p>\n<p>Poi\u0161\u010di ve\u010d izdelkov Vape, ki so ti morda v\u0161e\u010d:<em><a href=\"https:\/\/rmvapesale.com\/sl\/shop-2\/\">nakupujte zdaj\u00a0<\/a><\/em><\/p>","protected":false},"excerpt":{"rendered":"<p>Vape Bang Box 12000 Puffs veleprodaja<br \/>\nBang Box 12000 Puffs E-cigarete Vape za enkratno uporabo<br \/>\nBang Box 12000 Puffs 0% 2% 3% 5% nikotina, mo\u017enost polnjenja<\/p>\n<p><strong>Kontaktirajte Amy za ve\u010dji popust in ni\u017eji MOQ Vape<\/strong><\/p>\n<p><img loading=\"lazy\" decoding=\"async\" class=\"size-medium wp-image-1814\" src=\"https:\/\/rmvapesale.com\/wp-content\/uploads\/2024\/04\/whatsapp-amy-229x300.jpg\" alt=\"whatsapp amy\" width=\"229\" height=\"300\" srcset=\"https:\/\/rmvapesale.com\/wp-content\/uploads\/2024\/04\/whatsapp-amy-229x300.jpg 229w, https:\/\/rmvapesale.com\/wp-content\/uploads\/2024\/04\/whatsapp-amy-783x1024.jpg 783w, https:\/\/rmvapesale.com\/wp-content\/uploads\/2024\/04\/whatsapp-amy-768x1005.jpg 768w, https:\/\/rmvapesale.com\/wp-content\/uploads\/2024\/04\/whatsapp-amy-600x785.jpg 600w, https:\/\/rmvapesale.com\/wp-content\/uploads\/2024\/04\/whatsapp-amy.jpg 990w\" sizes=\"auto, (max-width: 229px) 100vw, 229px\" \/><\/p>\n<h3><span style=\"color: #ff0000\"><strong>WhatsApp: +86 17776015835<\/strong><\/span><\/h3>","protected":false},"featured_media":2072,"comment_status":"open","ping_status":"closed","template":"","meta":{"_uag_custom_page_level_css":"","_lmt_disableupdate":"no","_lmt_disable":"","site-sidebar-layout":"default","site-content-layout":"content-boxed-container","ast-site-content-layout":"normal-width-container","site-content-style":"boxed","site-sidebar-style":"unboxed","ast-global-header-display":"","ast-banner-title-visibility":"","ast-main-header-display":"","ast-hfb-above-header-display":"","ast-hfb-below-header-display":"","ast-hfb-mobile-header-display":"","site-post-title":"","ast-breadcrumbs-content":"","ast-featured-img":"","footer-sml-layout":"","theme-transparent-header-meta":"default","adv-header-id-meta":"","stick-header-meta":"","header-above-stick-meta":"","header-main-stick-meta":"","header-below-stick-meta":"","astra-migrate-meta-layouts":"set","ast-page-background-enabled":"default","ast-page-background-meta":{"desktop":{"background-color":"var(--ast-global-color-4)","background-image":"","background-repeat":"repeat","background-position":"center center","background-size":"auto","background-attachment":"scroll","background-type":"","background-media":"","overlay-type":"","overlay-color":"","overlay-opacity":"","overlay-gradient":""},"tablet":{"background-color":"","background-image":"","background-repeat":"repeat","background-position":"center center","background-size":"auto","background-attachment":"scroll","background-type":"","background-media":"","overlay-type":"","overlay-color":"","overlay-opacity":"","overlay-gradient":""},"mobile":{"background-color":"","background-image":"","background-repeat":"repeat","background-position":"center center","background-size":"auto","background-attachment":"scroll","background-type":"","background-media":"","overlay-type":"","overlay-color":"","overlay-opacity":"","overlay-gradient":""}},"ast-content-background-meta":{"desktop":{"background-color":"var(--ast-global-color-5)","background-image":"","background-repeat":"repeat","background-position":"center center","background-size":"auto","background-attachment":"scroll","background-type":"","background-media":"","overlay-type":"","overlay-color":"","overlay-opacity":"","overlay-gradient":""},"tablet":{"background-color":"var(--ast-global-color-5)","background-image":"","background-repeat":"repeat","background-position":"center center","background-size":"auto","background-attachment":"scroll","background-type":"","background-media":"","overlay-type":"","overlay-color":"","overlay-opacity":"","overlay-gradient":""},"mobile":{"background-color":"var(--ast-global-color-5)","background-image":"","background-repeat":"repeat","background-position":"center center","background-size":"auto","background-attachment":"scroll","background-type":"","background-media":"","overlay-type":"","overlay-color":"","overlay-opacity":"","overlay-gradient":""}},"_joinchat":[]},"product_brand":[],"product_cat":[25,293,295,273,279,254,123,26,28,135,27,60,137,136,15,30],"product_tag":[77,76,63,57,58,59,37],"class_list":{"0":"post-2065","1":"product","2":"type-product","3":"status-publish","4":"has-post-thumbnail","6":"product_cat-germany-best-selling-vape","7":"product_cat-low-nicotine-disposable-vapes","8":"product_cat-rechargeable-disposable-vapes","9":"product_cat-bang-box-vape","10":"product_cat-bang-king-vape","11":"product_cat-12000-puff-disposable-vape","12":"product_cat-italy-wholesale-vape","13":"product_cat-netherlands-hot-sale-vape","14":"product_cat-poland-hot-sale-vape","15":"product_cat-spain-best-hot-sale-vape","16":"product_cat-fance-hot-sale-vape","17":"product_cat-bang-vapes","18":"product_cat-rechargeable-vapes","19":"product_cat-smart-screen-vapes","20":"product_cat-new-vape-this-week","21":"product_cat-minimum-order-quantity-50pcs","22":"product_tag-bang-box-12000","23":"product_tag-bang-king-vape","24":"product_tag-bang-vapes","25":"product_tag-disposable-vape-wholesale-supplier","26":"product_tag-electric-cigarettes","27":"product_tag-puffs-vape","28":"product_tag-wholesale-vape-price","29":"desktop-align-left","30":"tablet-align-left","31":"mobile-align-left","33":"first","34":"instock","35":"sale","36":"shipping-taxable","37":"purchasable","38":"product-type-simple"},"uagb_featured_image_src":{"full":["https:\/\/rmvapesale.com\/wp-content\/uploads\/2024\/09\/Bang-Box-12000-Puffs-Disposable-Vape.png",800,800,false],"thumbnail":["https:\/\/rmvapesale.com\/wp-content\/uploads\/2024\/09\/Bang-Box-12000-Puffs-Disposable-Vape-150x150.png",150,150,true],"medium":["https:\/\/rmvapesale.com\/wp-content\/uploads\/2024\/09\/Bang-Box-12000-Puffs-Disposable-Vape-300x300.png",300,300,true],"medium_large":["https:\/\/rmvapesale.com\/wp-content\/uploads\/2024\/09\/Bang-Box-12000-Puffs-Disposable-Vape-768x768.png",768,768,true],"large":["https:\/\/rmvapesale.com\/wp-content\/uploads\/2024\/09\/Bang-Box-12000-Puffs-Disposable-Vape.png",800,800,false],"1536x1536":["https:\/\/rmvapesale.com\/wp-content\/uploads\/2024\/09\/Bang-Box-12000-Puffs-Disposable-Vape.png",800,800,false],"2048x2048":["https:\/\/rmvapesale.com\/wp-content\/uploads\/2024\/09\/Bang-Box-12000-Puffs-Disposable-Vape.png",800,800,false],"trp-custom-language-flag":["https:\/\/rmvapesale.com\/wp-content\/uploads\/2024\/09\/Bang-Box-12000-Puffs-Disposable-Vape.png",12,12,false],"woocommerce_thumbnail":["https:\/\/rmvapesale.com\/wp-content\/uploads\/2024\/09\/Bang-Box-12000-Puffs-Disposable-Vape-300x300.png",300,300,true],"woocommerce_single":["https:\/\/rmvapesale.com\/wp-content\/uploads\/2024\/09\/Bang-Box-12000-Puffs-Disposable-Vape-600x600.png",600,600,true],"woocommerce_gallery_thumbnail":["https:\/\/rmvapesale.com\/wp-content\/uploads\/2024\/09\/Bang-Box-12000-Puffs-Disposable-Vape-100x100.png",100,100,true],"wcpr-photo-reviews":["https:\/\/rmvapesale.com\/wp-content\/uploads\/2024\/09\/Bang-Box-12000-Puffs-Disposable-Vape.png",500,500,false]},"uagb_author_info":{"display_name":"AMY","author_link":"https:\/\/rmvapesale.com\/sl\/author\/"},"uagb_comment_info":0,"uagb_excerpt":"Vape Bang Box 12000 Puffs Wholesale Bang Box 12000 Puffs Disposable E Cigarettes Vape Bang Box 12000 Puffs 0% 2% 3% 5% Nicotine Rechargeable Contact Amy For More Discount And Lower MOQ Vape WhatsApp: +86 17776015835","_links":{"self":[{"href":"https:\/\/rmvapesale.com\/sl\/wp-json\/wp\/v2\/product\/2065","targetHints":{"allow":["GET"]}}],"collection":[{"href":"https:\/\/rmvapesale.com\/sl\/wp-json\/wp\/v2\/product"}],"about":[{"href":"https:\/\/rmvapesale.com\/sl\/wp-json\/wp\/v2\/types\/product"}],"replies":[{"embeddable":true,"href":"https:\/\/rmvapesale.com\/sl\/wp-json\/wp\/v2\/comments?post=2065"}],"wp:featuredmedia":[{"embeddable":true,"href":"https:\/\/rmvapesale.com\/sl\/wp-json\/wp\/v2\/media\/2072"}],"wp:attachment":[{"href":"https:\/\/rmvapesale.com\/sl\/wp-json\/wp\/v2\/media?parent=2065"}],"wp:term":[{"taxonomy":"product_brand","embeddable":true,"href":"https:\/\/rmvapesale.com\/sl\/wp-json\/wp\/v2\/product_brand?post=2065"},{"taxonomy":"product_cat","embeddable":true,"href":"https:\/\/rmvapesale.com\/sl\/wp-json\/wp\/v2\/product_cat?post=2065"},{"taxonomy":"product_tag","embeddable":true,"href":"https:\/\/rmvapesale.com\/sl\/wp-json\/wp\/v2\/product_tag?post=2065"}],"curies":[{"name":"wp","href":"https:\/\/api.w.org\/{rel}","templated":true}]}}