{"id":2085,"date":"2024-09-20T07:41:27","date_gmt":"2024-09-20T07:41:27","guid":{"rendered":"https:\/\/rmvapesale.com\/?post_type=product&#038;p=2085"},"modified":"2025-01-21T09:16:41","modified_gmt":"2025-01-21T09:16:41","slug":"bang-box-vape-15000-puffs-0-2-3-5-nicotine","status":"publish","type":"product","link":"https:\/\/rmvapesale.com\/sl\/product\/bang-box-vape-15000-puffs-0-2-3-5-nicotine\/","title":{"rendered":"Bang Box Vape 15000 vdihov 0% 2% 3% 5% nikotina"},"content":{"rendered":"<h1 class=\"LC20lb MBeuO DKV0Md\">Bang Box Vape 15000 vdihov 0% 2% 3% 5% nikotina<\/h1>\n<p>&nbsp;<\/p>\n<p><span style=\"font-size: 16px\">Bang Box 15000 je nova razpolo\u017eljiva vape naprava, ki ima LED pametni zaslon za prikaz nivoja baterije. Z 12 mo\u017enostmi okusov lahko u\u017eivate v prilagojeni izku\u0161nji vapinga. Zaslon naprave vam omogo\u010da spremljanje nivoja baterije in teko\u010dine v realnem \u010dasu, medtem ko vam vrata za polnjenje Type-C na dnu zagotavljajo, da lahko enostavno napolnite rezervoar do zadnje kapljice.<\/span><\/p>\n<p>Kupite Bang Box 15000 Vpihov po veleprodajnih cenah zdaj!<\/p>\n<p><strong>Kontaktirajte Amy, da dobite pravi odgovor in ve\u010d popusta!<\/strong><\/p>\n<p><img loading=\"lazy\" decoding=\"async\" class=\"size-medium wp-image-1814\" src=\"https:\/\/rmvapesale.com\/wp-content\/uploads\/2024\/04\/whatsapp-amy-229x300.jpg\" alt=\"whatsapp amy\" width=\"229\" height=\"300\" srcset=\"https:\/\/rmvapesale.com\/wp-content\/uploads\/2024\/04\/whatsapp-amy-229x300.jpg 229w, https:\/\/rmvapesale.com\/wp-content\/uploads\/2024\/04\/whatsapp-amy-783x1024.jpg 783w, https:\/\/rmvapesale.com\/wp-content\/uploads\/2024\/04\/whatsapp-amy-768x1005.jpg 768w, https:\/\/rmvapesale.com\/wp-content\/uploads\/2024\/04\/whatsapp-amy-600x785.jpg 600w, https:\/\/rmvapesale.com\/wp-content\/uploads\/2024\/04\/whatsapp-amy.jpg 990w\" sizes=\"auto, (max-width: 229px) 100vw, 229px\" \/><\/p>\n<h3><span style=\"color: #ff0000\"><strong>WhatsApp: +86 17776015835<\/strong><\/span><\/h3>\n<p>&nbsp;<\/p>\n<h2><strong>Bang Box Vape 15000 Vpihov Klju\u010dne Funkcije<\/strong><\/h2>\n<p>&nbsp;<\/p>\n<p>Znamka: Bang Vape<br \/>\nNikotin: 0% 2% 3% 5%<br \/>\nVpihi: 12000<br \/>\nKapaciteta: 20 ml<br \/>\nNa voljo 12 okusov<br \/>\n650 mAh, mo\u017enost ponovnega polnjenja<br \/>\nMre\u017easta Tuljava<br \/>\nUSB-C<\/p>\n<p>&nbsp;<\/p>\n<h2><strong>Kateri je najbolj\u0161i okus za Vape Bang Box Vape 15k Vpihov<\/strong><strong>?<\/strong><\/h2>\n<p>Ta Vape Bang Box Vape 15000 ponuja skupno 12 razpolo\u017eljivih okusov, izbirajte med \u010dudovito paleto okusov, vklju\u010dno z jagodno banano, \u010de\u0161njevo kolo in borovni\u010devo malino, itd., in se potopite v svet okusa in zadovoljstva.<\/p>\n<p>1. Jagodna Banana<br \/>\n2. Borovni\u010deva Jagoda<span style=\"color: #ff0000\"><strong>&gt;&gt;&gt;&gt;Vro\u010de!<\/strong><\/span><br \/>\n3. Jagodni Kivi<br \/>\n4. Grozdni \u017dele<br \/>\n5. Kislo Jabolko z Malino<span style=\"color: #ff0000\"><strong>&gt;&gt;&gt;&gt;Vro\u010de!<\/strong><\/span><br \/>\n6. \u010ce\u0161njeva Kola<br \/>\n7. Jagodna Lubenica<br \/>\n8. Mango na ledu<br \/>\n9. Jagodno grozdje<br \/>\n10. Lubenica z ledom<br \/>\n11. Borovnica malina<span style=\"color: #ff0000\"><strong>&gt;&gt;&gt;&gt;Najbolj\u0161e!<\/strong><\/span><br \/>\n12. Me\u0161ano jagodi\u010devje<\/p>\n<p>&nbsp;<\/p>\n<p><img loading=\"lazy\" decoding=\"async\" class=\"size-medium wp-image-2080\" src=\"https:\/\/rmvapesale.com\/wp-content\/uploads\/2024\/09\/Bang-Box-Vape-15000-Puffs-300x300.png\" alt=\"Bang Box Vape 15000 Vpihov\" width=\"300\" height=\"300\" srcset=\"https:\/\/rmvapesale.com\/wp-content\/uploads\/2024\/09\/Bang-Box-Vape-15000-Puffs-300x300.png 300w, https:\/\/rmvapesale.com\/wp-content\/uploads\/2024\/09\/Bang-Box-Vape-15000-Puffs-150x150.png 150w, https:\/\/rmvapesale.com\/wp-content\/uploads\/2024\/09\/Bang-Box-Vape-15000-Puffs-768x768.png 768w, https:\/\/rmvapesale.com\/wp-content\/uploads\/2024\/09\/Bang-Box-Vape-15000-Puffs-600x600.png 600w, https:\/\/rmvapesale.com\/wp-content\/uploads\/2024\/09\/Bang-Box-Vape-15000-Puffs-100x100.png 100w, https:\/\/rmvapesale.com\/wp-content\/uploads\/2024\/09\/Bang-Box-Vape-15000-Puffs.png 788w\" sizes=\"auto, (max-width: 300px) 100vw, 300px\" \/><\/p>\n<p>&nbsp;<\/p>\n<h2><strong>Vpra\u0161anja, ki bi vas morda zanimala o Vape Bang Box Vape 15000 Vpihi<\/strong><\/h2>\n<p>&nbsp;<\/p>\n<p><strong>1. Koliko vpihov lahko pri\u010dakujem od Vape Bang Box Vape 15000 Vpihov?<\/strong><\/p>\n<p>Vape Bang Box Vape 15k Vpihov se pona\u0161a z impresivnimi 15000 vpihi (v testnem okolju), kar zagotavlja dalj\u0161o uporabo in trajno zadovoljstvo.<\/p>\n<p><strong>2. Kak\u0161no jakost nikotina ponuja Bang Box Vape 15k Vpihov?<\/strong><\/p>\n<p>Vape Bang Box Vape 15k je predhodno napolnjen s 25 ml e-teko\u010dine v jakosti nikotina 0% 2% 3% 5%, kar ponuja uravnote\u017eeno izku\u0161njo vapinga.<\/p>\n<p><strong>3. Kako tehnologija mre\u017easte tuljave izbolj\u0161a izku\u0161njo vapinga?<\/strong><\/p>\n<p>Tehnologija mre\u017easte tuljave, integrirana v Bang Beach 22000 Puffs Smart Screen Vapes, ima nizko uporno tuljavo 0,8 ohma. Ta zasnova pove\u010da grelno povr\u0161ino, kar povzro\u010di bolj gladke vdihe in pove\u010dano proizvodnjo pare. Tehnologija zagotavlja enakomerno in dosledno segrevanje e-teko\u010dine, kar zagotavlja vrhunsko izku\u0161njo okusa.<\/p>\n<p><strong>4. Kje lahko kupim originalni Bang King Vape 20000 Vpihov?<\/strong><\/p>\n<p>Originalni Bang Box Vape 15k je na voljo za nakup pri poobla\u0161\u010denih distributerjih. Za veleprodajne poizvedbe se lahko distributerji obrnejo na <a href=\"https:\/\/wa.me\/8617776015835\" target=\"_blank\" rel=\"noopener\">kontaktirajte nas<\/a> direktno. Maloprodajne stranke lahko izdelek najdejo pri izbranih trgovcih ali v spletnih trgovinah. Vsi izdelki v na\u0161i trgovini so 100% originalni in avtenti\u010dni, zato je desetkratno nadomestilo za ponarejeno blago na\u0161a politika trgovine.<\/p>\n<p>&nbsp;<\/p>\n<h2><b>Pogosta vpra\u0161anja<\/b><\/h2>\n<div class=\"flex-shrink-0 flex flex-col relative items-end\">\n<div>\n<div class=\"pt-0\">\n<div class=\"gizmo-bot-avatar flex h-8 w-8 items-center justify-center overflow-hidden rounded-full\">\n<div><\/div>\n<div class=\"relative p-1 rounded-sm flex items-center justify-center bg-token-main-surface-primary text-token-text-primary h-8 w-8\"><strong>Kateri na\u010dini po\u0161iljanja so na voljo?<\/strong><\/div>\n<\/div>\n<\/div>\n<\/div>\n<\/div>\n<div class=\"group\/conversation-turn relative flex w-full min-w-0 flex-col agent-turn\">\n<div class=\"flex-col gap-1 md:gap-3\">\n<div class=\"flex max-w-full flex-col flex-grow\">\n<div class=\"min-h-[20px] text-message flex w-full flex-col items-end gap-2 whitespace-normal break-words [.text-message+&amp;]:mt-5 overflow-x-auto\" dir=\"auto\" data-message-author-role=\"assistant\" data-message-id=\"22f8283b-3233-46ff-89a5-c7a41b33abda\">\n<div class=\"flex w-full flex-col gap-1 empty:hidden first:pt-[3px]\">\n<div class=\"markdown prose w-full break-words dark:prose-invert light\">\n<p>Sodelujemo z UPS, DHL, FedEx, DPD in drugimi vodilnimi prevozniki. Izbrali bomo najbolj\u0161i na\u010din po\u0161iljanja glede na va\u0161o lokacijo dostave, da zagotovimo, da boste izdelke prejeli \u010dim hitreje.<\/p>\n<\/div>\n<p><strong>Kako dolgo traja dostava?<\/strong><\/p>\n<p>V Slovenijo obi\u010dajno prispe v 10 delovnih dneh.<\/p>\n<p>V evropske dr\u017eave obi\u010dajno traja pribli\u017eno 12-15 delovnih dni.<\/p>\n<p>Zagotavljali bomo sprotne posodobitve o stanju va\u0161e po\u0161iljke.<\/p>\n<\/div>\n<\/div>\n<\/div>\n<\/div>\n<\/div>\n<p>&nbsp;<\/p>\n<p>drugi vro\u010de prodajani vape, ki bi vam morda bili v\u0161e\u010d:<\/p>\n<p><a href=\"https:\/\/rmvapesale.com\/sl\/product\/bang-20000-puffs-disposable-vape-wholesale-supplier\/\">Bang Vape 20000 Vpihov<\/a><\/p>\n<p><a href=\"https:\/\/rmvapesale.com\/sl\/product\/randm-tornado-7000-puffs-original-cheap-price-vapes-fumot-factory\/\">RandM Tornado 7ooo Vpihov<\/a><\/p>\n<p><a href=\"https:\/\/rmvapesale.com\/sl\/product\/bang-vape-tornado-12000-puffs-disposable-pod-factory-price\/\">BANG Tornado 12000 Vpihov<\/a><\/p>\n<p>&nbsp;<\/p>\n<p>&nbsp;<\/p>\n<p>Poi\u0161\u010di ve\u010d izdelkov Vape, ki so ti morda v\u0161e\u010d:<em><a href=\"https:\/\/rmvapesale.com\/sl\/shop-2\/\">nakupujte zdaj\u00a0<\/a><\/em><\/p>","protected":false},"excerpt":{"rendered":"<p>Vape Bang Box 15000 Vpihov Razpolo\u017eljiva Veleprodaja<br \/>\nBang Box 15000 Vpihov Razpolo\u017eljive E Cigarete Vape<br \/>\nBang Box 15000 Vpihov Pametni Zaslon Polnilni Vape Najbolj\u0161i Okus<\/p>\n<p><strong>Kontaktirajte Amy za ve\u010dji popust in ni\u017eji MOQ Vape<\/strong><\/p>\n<p><img loading=\"lazy\" decoding=\"async\" class=\"size-medium wp-image-1814\" src=\"https:\/\/rmvapesale.com\/wp-content\/uploads\/2024\/04\/whatsapp-amy-229x300.jpg\" alt=\"whatsapp amy\" width=\"229\" height=\"300\" srcset=\"https:\/\/rmvapesale.com\/wp-content\/uploads\/2024\/04\/whatsapp-amy-229x300.jpg 229w, https:\/\/rmvapesale.com\/wp-content\/uploads\/2024\/04\/whatsapp-amy-783x1024.jpg 783w, https:\/\/rmvapesale.com\/wp-content\/uploads\/2024\/04\/whatsapp-amy-768x1005.jpg 768w, https:\/\/rmvapesale.com\/wp-content\/uploads\/2024\/04\/whatsapp-amy-600x785.jpg 600w, https:\/\/rmvapesale.com\/wp-content\/uploads\/2024\/04\/whatsapp-amy.jpg 990w\" sizes=\"auto, (max-width: 229px) 100vw, 229px\" \/><\/p>\n<h3><span style=\"color: #ff0000\"><strong>WhatsApp: +86 17776015835<\/strong><\/span><\/h3>","protected":false},"featured_media":2084,"comment_status":"open","ping_status":"closed","template":"","meta":{"_uag_custom_page_level_css":"","_lmt_disableupdate":"no","_lmt_disable":"","site-sidebar-layout":"default","site-content-layout":"content-boxed-container","ast-site-content-layout":"normal-width-container","site-content-style":"boxed","site-sidebar-style":"unboxed","ast-global-header-display":"","ast-banner-title-visibility":"","ast-main-header-display":"","ast-hfb-above-header-display":"","ast-hfb-below-header-display":"","ast-hfb-mobile-header-display":"","site-post-title":"","ast-breadcrumbs-content":"","ast-featured-img":"","footer-sml-layout":"","theme-transparent-header-meta":"default","adv-header-id-meta":"","stick-header-meta":"","header-above-stick-meta":"","header-main-stick-meta":"","header-below-stick-meta":"","astra-migrate-meta-layouts":"set","ast-page-background-enabled":"default","ast-page-background-meta":{"desktop":{"background-color":"var(--ast-global-color-4)","background-image":"","background-repeat":"repeat","background-position":"center center","background-size":"auto","background-attachment":"scroll","background-type":"","background-media":"","overlay-type":"","overlay-color":"","overlay-opacity":"","overlay-gradient":""},"tablet":{"background-color":"","background-image":"","background-repeat":"repeat","background-position":"center center","background-size":"auto","background-attachment":"scroll","background-type":"","background-media":"","overlay-type":"","overlay-color":"","overlay-opacity":"","overlay-gradient":""},"mobile":{"background-color":"","background-image":"","background-repeat":"repeat","background-position":"center center","background-size":"auto","background-attachment":"scroll","background-type":"","background-media":"","overlay-type":"","overlay-color":"","overlay-opacity":"","overlay-gradient":""}},"ast-content-background-meta":{"desktop":{"background-color":"var(--ast-global-color-5)","background-image":"","background-repeat":"repeat","background-position":"center center","background-size":"auto","background-attachment":"scroll","background-type":"","background-media":"","overlay-type":"","overlay-color":"","overlay-opacity":"","overlay-gradient":""},"tablet":{"background-color":"var(--ast-global-color-5)","background-image":"","background-repeat":"repeat","background-position":"center center","background-size":"auto","background-attachment":"scroll","background-type":"","background-media":"","overlay-type":"","overlay-color":"","overlay-opacity":"","overlay-gradient":""},"mobile":{"background-color":"var(--ast-global-color-5)","background-image":"","background-repeat":"repeat","background-position":"center center","background-size":"auto","background-attachment":"scroll","background-type":"","background-media":"","overlay-type":"","overlay-color":"","overlay-opacity":"","overlay-gradient":""}},"_joinchat":[]},"product_brand":[],"product_cat":[25,289,291,292,293,295,299,273,279,123,26,28,135,27,61,60,137,136,15,30],"product_tag":[78,76,63,57,58,59,37],"class_list":{"0":"post-2085","1":"product","2":"type-product","3":"status-publish","4":"has-post-thumbnail","6":"product_cat-germany-best-selling-vape","7":"product_cat-big-puffs-disposable-vapes","8":"product_cat-dual-mesh-disposable-vapes","9":"product_cat-digital-disposable-vapes","10":"product_cat-low-nicotine-disposable-vapes","11":"product_cat-rechargeable-disposable-vapes","12":"product_cat-smart-screen-disposable-vapes","13":"product_cat-bang-box-vape","14":"product_cat-bang-king-vape","15":"product_cat-italy-wholesale-vape","16":"product_cat-netherlands-hot-sale-vape","17":"product_cat-poland-hot-sale-vape","18":"product_cat-spain-best-hot-sale-vape","19":"product_cat-fance-hot-sale-vape","20":"product_cat-15000-puffs-disposable-vapes","21":"product_cat-bang-vapes","22":"product_cat-rechargeable-vapes","23":"product_cat-smart-screen-vapes","24":"product_cat-new-vape-this-week","25":"product_cat-minimum-order-quantity-50pcs","26":"product_tag-bang-box-15000-puffs","27":"product_tag-bang-king-vape","28":"product_tag-bang-vapes","29":"product_tag-disposable-vape-wholesale-supplier","30":"product_tag-electric-cigarettes","31":"product_tag-puffs-vape","32":"product_tag-wholesale-vape-price","33":"desktop-align-left","34":"tablet-align-left","35":"mobile-align-left","37":"first","38":"instock","39":"sale","40":"shipping-taxable","41":"purchasable","42":"product-type-simple"},"uagb_featured_image_src":{"full":["https:\/\/rmvapesale.com\/wp-content\/uploads\/2024\/09\/Vape-Bang-Box-15000-Puffs.png",788,788,false],"thumbnail":["https:\/\/rmvapesale.com\/wp-content\/uploads\/2024\/09\/Vape-Bang-Box-15000-Puffs-150x150.png",150,150,true],"medium":["https:\/\/rmvapesale.com\/wp-content\/uploads\/2024\/09\/Vape-Bang-Box-15000-Puffs-300x300.png",300,300,true],"medium_large":["https:\/\/rmvapesale.com\/wp-content\/uploads\/2024\/09\/Vape-Bang-Box-15000-Puffs-768x768.png",768,768,true],"large":["https:\/\/rmvapesale.com\/wp-content\/uploads\/2024\/09\/Vape-Bang-Box-15000-Puffs.png",788,788,false],"1536x1536":["https:\/\/rmvapesale.com\/wp-content\/uploads\/2024\/09\/Vape-Bang-Box-15000-Puffs.png",788,788,false],"2048x2048":["https:\/\/rmvapesale.com\/wp-content\/uploads\/2024\/09\/Vape-Bang-Box-15000-Puffs.png",788,788,false],"trp-custom-language-flag":["https:\/\/rmvapesale.com\/wp-content\/uploads\/2024\/09\/Vape-Bang-Box-15000-Puffs.png",12,12,false],"woocommerce_thumbnail":["https:\/\/rmvapesale.com\/wp-content\/uploads\/2024\/09\/Vape-Bang-Box-15000-Puffs-300x300.png",300,300,true],"woocommerce_single":["https:\/\/rmvapesale.com\/wp-content\/uploads\/2024\/09\/Vape-Bang-Box-15000-Puffs-600x600.png",600,600,true],"woocommerce_gallery_thumbnail":["https:\/\/rmvapesale.com\/wp-content\/uploads\/2024\/09\/Vape-Bang-Box-15000-Puffs-100x100.png",100,100,true],"wcpr-photo-reviews":["https:\/\/rmvapesale.com\/wp-content\/uploads\/2024\/09\/Vape-Bang-Box-15000-Puffs.png",500,500,false]},"uagb_author_info":{"display_name":"AMY","author_link":"https:\/\/rmvapesale.com\/sl\/author\/"},"uagb_comment_info":0,"uagb_excerpt":"Vape Bang Box 15000 Puffs Disposable Wholesale Bang Box 15000 Puffs Disposable E Cigarettes Vape Bang Box 15000 Puffs Smart Screen Rechargeable Vape Best Flavour Contact Amy For More Discount And Lower MOQ Vape WhatsApp: +86 17776015835","_links":{"self":[{"href":"https:\/\/rmvapesale.com\/sl\/wp-json\/wp\/v2\/product\/2085","targetHints":{"allow":["GET"]}}],"collection":[{"href":"https:\/\/rmvapesale.com\/sl\/wp-json\/wp\/v2\/product"}],"about":[{"href":"https:\/\/rmvapesale.com\/sl\/wp-json\/wp\/v2\/types\/product"}],"replies":[{"embeddable":true,"href":"https:\/\/rmvapesale.com\/sl\/wp-json\/wp\/v2\/comments?post=2085"}],"wp:featuredmedia":[{"embeddable":true,"href":"https:\/\/rmvapesale.com\/sl\/wp-json\/wp\/v2\/media\/2084"}],"wp:attachment":[{"href":"https:\/\/rmvapesale.com\/sl\/wp-json\/wp\/v2\/media?parent=2085"}],"wp:term":[{"taxonomy":"product_brand","embeddable":true,"href":"https:\/\/rmvapesale.com\/sl\/wp-json\/wp\/v2\/product_brand?post=2085"},{"taxonomy":"product_cat","embeddable":true,"href":"https:\/\/rmvapesale.com\/sl\/wp-json\/wp\/v2\/product_cat?post=2085"},{"taxonomy":"product_tag","embeddable":true,"href":"https:\/\/rmvapesale.com\/sl\/wp-json\/wp\/v2\/product_tag?post=2085"}],"curies":[{"name":"wp","href":"https:\/\/api.w.org\/{rel}","templated":true}]}}