{"id":2107,"date":"2024-09-23T05:28:49","date_gmt":"2024-09-23T05:28:49","guid":{"rendered":"https:\/\/rmvapesale.com\/?post_type=product&#038;p=2107"},"modified":"2025-01-21T09:18:50","modified_gmt":"2025-01-21T09:18:50","slug":"bang-25000-puffs-0-2-3-5-nicotine-led-display-vape-pod","status":"publish","type":"product","link":"https:\/\/rmvapesale.com\/sl\/product\/bang-25000-puffs-0-2-3-5-nicotine-led-display-vape-pod\/","title":{"rendered":"Bang 25000 Vdihov 0% 2% 3% 5% Nikotin LED zaslon Vape Pod"},"content":{"rendered":"<h1><strong>Bang 25000 Vdihov 0% 2% 3% 5% Nikotin LED zaslon Vape Pod<\/strong><\/h1>\n<p>Vape Bang 25000 vdihov Original E-Cigareta ponuja impresivnih 25.000 vdihov na napravo, kar odpravlja potrebo po pogostem polnjenju ali zamenjavi\u2014idealno za redne vaperje. Z velikostjo 30 ml e-teko\u010dine zagotavlja dolgo trajajo\u010do in prijetno izku\u0161njo brez stalnega polnjenja. Ustreza va\u0161im \u017eeljam glede nikotina z mo\u017enostmi koncentracij 0%, 2%, 3% in 5%, kar vam omogo\u010da, da izberete raven, ki vam najbolj ustreza.<\/p>\n<p>Napajano z baterijo 650 mAh, Bang 25000 zagotavlja dolgo delovanje, funkcija polnjenja preko C-oblika omogo\u010da hitro polnjenje. Ostajte obve\u0161\u010deni z prikazom e-teko\u010dine in baterije, tako da vedno veste, kdaj je \u010das za polnjenje ali dopolnitev. Mesh tuljava 1.0\u03a9 izbolj\u0161uje okus in proizvodnjo pare, zagotavlja gladko in dosledno vaping izku\u0161njo.<\/p>\n<p><strong>Kontaktirajte Amy za pravi odgovor in ve\u010d videoposnetkov o izdelkih!<\/strong><\/p>\n<p><img loading=\"lazy\" decoding=\"async\" class=\"size-medium wp-image-1814\" src=\"https:\/\/rmvapesale.com\/wp-content\/uploads\/2024\/04\/whatsapp-amy-229x300.jpg\" alt=\"whatsapp amy\" width=\"229\" height=\"300\" srcset=\"https:\/\/rmvapesale.com\/wp-content\/uploads\/2024\/04\/whatsapp-amy-229x300.jpg 229w, https:\/\/rmvapesale.com\/wp-content\/uploads\/2024\/04\/whatsapp-amy-783x1024.jpg 783w, https:\/\/rmvapesale.com\/wp-content\/uploads\/2024\/04\/whatsapp-amy-768x1005.jpg 768w, https:\/\/rmvapesale.com\/wp-content\/uploads\/2024\/04\/whatsapp-amy-600x785.jpg 600w, https:\/\/rmvapesale.com\/wp-content\/uploads\/2024\/04\/whatsapp-amy.jpg 990w\" sizes=\"auto, (max-width: 229px) 100vw, 229px\" \/><\/p>\n<h3><span style=\"color: #ff0000\"><strong>WhatsApp: +86 17776015835<\/strong><\/span><\/h3>\n<p>&nbsp;<\/p>\n<h2><strong>Bang 25000 vdihov Vape vdihov Klju\u010dne zna\u010dilnosti<\/strong><\/h2>\n<p>Nikotin: 0% 2% 3% 5%<br \/>\nVpihi: 25000<br \/>\nKapaciteta: 30ml<br \/>\nNa voljo 12 okusov<br \/>\n650 mAh, mo\u017enost ponovnega polnjenja<br \/>\nMre\u017easta Tuljava<\/p>\n<figure id=\"attachment_2101\" aria-describedby=\"caption-attachment-2101\" style=\"width: 300px\" class=\"wp-caption alignnone\"><img loading=\"lazy\" decoding=\"async\" class=\"size-medium wp-image-2101\" src=\"https:\/\/rmvapesale.com\/wp-content\/uploads\/2024\/09\/Bang-25000-25k-Puffs-Vape-Original-300x300.png\" alt=\"Bang 25000 25k vdihov Vape Original\" width=\"300\" height=\"300\" srcset=\"https:\/\/rmvapesale.com\/wp-content\/uploads\/2024\/09\/Bang-25000-25k-Puffs-Vape-Original-300x300.png 300w, https:\/\/rmvapesale.com\/wp-content\/uploads\/2024\/09\/Bang-25000-25k-Puffs-Vape-Original-150x150.png 150w, https:\/\/rmvapesale.com\/wp-content\/uploads\/2024\/09\/Bang-25000-25k-Puffs-Vape-Original-768x768.png 768w, https:\/\/rmvapesale.com\/wp-content\/uploads\/2024\/09\/Bang-25000-25k-Puffs-Vape-Original-600x600.png 600w, https:\/\/rmvapesale.com\/wp-content\/uploads\/2024\/09\/Bang-25000-25k-Puffs-Vape-Original-100x100.png 100w, https:\/\/rmvapesale.com\/wp-content\/uploads\/2024\/09\/Bang-25000-25k-Puffs-Vape-Original.png 788w\" sizes=\"auto, (max-width: 300px) 100vw, 300px\" \/><figcaption id=\"caption-attachment-2101\" class=\"wp-caption-text\">Bang 25000 25k vdihov Vape Original<\/figcaption><\/figure>\n<h2><strong>Najbolj\u0161i okusi za Bang 25000 vdihov<\/strong><\/h2>\n<p>Ta Bang 25000 vdihov enkratni pod s bogatimi okusi, izberite med 12 \u010dudovitimi okusi, od sadnih do mentolnih in klasi\u010dnega tobaka, zagotavlja nekaj za vsakogar. Prilagam najbolj prodajane okuse iz na\u0161ih podatkov o prodaji.<\/p>\n<p>1. Melona led <span style=\"color: #ff0000\"><strong>&gt;&gt;&gt;&gt;Najbolj\u0161e!<\/strong><\/span><br \/>\n2. Jagoda kiwi<br \/>\n3. Jagoda led<br \/>\n4. Mango breskev<br \/>\n5. Borovnica malina<span style=\"color: #ff0000\"><strong>&gt;&gt;&gt;&gt;Vro\u010de!<\/strong><\/span><br \/>\n6. Borovnica meta<br \/>\n7. Me\u0161anica sadja<br \/>\n8. Jagoda lubenica<br \/>\n9. Grozdna Led<br \/>\n10. Lubenica \u017eve\u010dilni gumi<br \/>\n11. Borovnica Led<br \/>\n12. Tigrja kri<span style=\"color: #ff0000\"><strong>&gt;&gt;&gt;&gt;Vro\u010de!<\/strong><\/span><\/p>\n<p>&nbsp;<\/p>\n<h2><strong>Vpra\u0161anja, ki jih morda \u017eelite vedeti o Bang 25000 vdihov<\/strong><\/h2>\n<p>&nbsp;<\/p>\n<p><strong>1. Kako uporabljam Bang 25000 vdihov, \u010de sem nov v vapingu?<\/strong><br \/>\nBang Digital 15000 Vpihov je zasnovan za enostavno uporabo. Preprosto odvijte napravo in za\u010dnite vdihavati, da u\u017eivate v izbranem okusu. Zapletene nastavitve ali vzdr\u017eevanje niso potrebni, zato je odli\u010dna izbira za za\u010detnike.<\/p>\n<p><strong>2. Ali so Bang 25000<\/strong> <strong>Vpihi okolju prijazni?<\/strong><br \/>\nDa, Vapes Europe je zavezan trajnosti. \u010ceprav je Bang Digital 15000 Vpihov naprava za enkratno uporabo, spodbujamo odgovorno odstranjevanje. Uporabite za to dolo\u010dene obrate za recikliranje e-odpadkov, da zmanj\u0161ate vpliv na okolje in zagotovite pravilno ravnanje s komponentami naprave.<\/p>\n<p><strong>3. Kako naj varno odstranim Bang 25000 Vpihov?<\/strong><br \/>\n\u010ce \u017eelite odstraniti Bang Digital 15000 Vpihov, najprej zagotovite, da je popolnoma izpraznjen. Nato upo\u0161tevajte lokalne predpise za odstranjevanje e-odpadkov ali centre za recikliranje. \u0160tevilne skupnosti ponujajo posebna zbirna mesta za elektronske naprave, da zagotovijo pravilno odstranjevanje in zmanj\u0161ajo vpliv na okolje.<\/p>\n<p><strong>4. Ali je Bang 25000 Vpihov varen za uporabo in odstranjevanje?<\/strong><br \/>\nSeveda. Bang Digital Box 15000 je zasnovan z varnostjo v mislih in ustreza industrijskim standardom. Njegova narava za enkratno uporabo odpravlja skrbi glede vzdr\u017eevanja, pri odgovornem odstranjevanju pa ima minimalen vpliv na okolje. Vedno upo\u0161tevajte varnostne smernice in se obrnite na na\u0161o slu\u017ebo za pomo\u010d uporabnikom za vsa posebna vpra\u0161anja.<\/p>\n<p>&nbsp;<\/p>\n<h3><b>Pogosta vpra\u0161anja<\/b><\/h3>\n<div class=\"flex-shrink-0 flex flex-col relative items-end\">\n<div>\n<div class=\"pt-0\">\n<div class=\"gizmo-bot-avatar flex h-8 w-8 items-center justify-center overflow-hidden rounded-full\">\n<div class=\"relative p-1 rounded-sm flex items-center justify-center bg-token-main-surface-primary text-token-text-primary h-8 w-8\"><strong>Kateri na\u010dini po\u0161iljanja so na voljo?<\/strong><\/div>\n<\/div>\n<\/div>\n<\/div>\n<\/div>\n<div class=\"group\/conversation-turn relative flex w-full min-w-0 flex-col agent-turn\">\n<div class=\"flex-col gap-1 md:gap-3\">\n<div class=\"flex max-w-full flex-col flex-grow\">\n<div class=\"min-h-[20px] text-message flex w-full flex-col items-end gap-2 whitespace-normal break-words [.text-message+&amp;]:mt-5 overflow-x-auto\" dir=\"auto\" data-message-author-role=\"assistant\" data-message-id=\"22f8283b-3233-46ff-89a5-c7a41b33abda\">\n<div class=\"flex w-full flex-col gap-1 empty:hidden first:pt-[3px]\">\n<div class=\"markdown prose w-full break-words dark:prose-invert light\">\n<p>Sodelujemo z UPS, DHL, FedEx, DPD in drugimi vodilnimi prevozniki. Izbrali bomo najbolj\u0161i na\u010din po\u0161iljanja glede na va\u0161o lokacijo dostave, da zagotovimo, da boste izdelke prejeli \u010dim hitreje.<\/p>\n<\/div>\n<p><strong>Kako dolgo traja dostava?<\/strong><\/p>\n<p>Paketi, poslani v Slovenijo, obi\u010dajno prispejo v 10 delovnih dneh. Po\u0161iljanje v evropske dr\u017eave obi\u010dajno traja pribli\u017eno 12-15 delovnih dni. Zagotovili vam bomo sprotne posodobitve o statusu va\u0161ega po\u0161iljanja.<\/p>\n<\/div>\n<\/div>\n<\/div>\n<\/div>\n<\/div>\n<p>&nbsp;<\/p>\n<p>drugi vro\u010de prodajani vape, ki bi vam morda bili v\u0161e\u010d:<\/p>\n<p><a href=\"https:\/\/rmvapesale.com\/sl\/product\/bang-30k-puffs-disposable-vape-double-taste-wholesale-italy\/\">Bang 30k Puffs<\/a><\/p>\n<p><a href=\"https:\/\/rmvapesale.com\/sl\/product\/bang-beach-22000-puffs-smart-screen-vapes-factory-price\/\">Bang Beach 22000 Puffs<\/a><\/p>\n<p><a href=\"https:\/\/rmvapesale.com\/sl\/product\/randm-tornado-15000-puffs-vape-wholesale\/\">RandM Tornado 15000 Vpihov<\/a><\/p>\n<p><a href=\"https:\/\/rmvapesale.com\/sl\/product\/bang-20000-puffs-disposable-vape-wholesale-supplier\/\">Bang 20000 Vpihov<\/a><\/p>\n<p>&nbsp;<\/p>\n<p>Poi\u0161\u010di ve\u010d izdelkov Vape, ki so ti morda v\u0161e\u010d:<em><a href=\"https:\/\/rmvapesale.com\/sl\/shop-2\/\">nakupujte zdaj\u00a0<\/a><\/em><\/p>","protected":false},"excerpt":{"rendered":"<p class=\"LC20lb MBeuO DKV0Md\">Bang 25000 vdihov 0% 2% 3% 5% Nakup na debelo z nizko vsebnostjo nikotina<br \/>\nBang 25000 25k vdihov Vape Original E-Cigareta<br \/>\nBang 25000 Vdihov Dual Pods na debelo<\/p>\n<p><strong>Kontaktirajte Amy za ve\u010dji popust in ni\u017eji MOQ Vape<\/strong><\/p>\n<p><img loading=\"lazy\" decoding=\"async\" class=\"size-medium wp-image-1814\" src=\"https:\/\/rmvapesale.com\/wp-content\/uploads\/2024\/04\/whatsapp-amy-229x300.jpg\" alt=\"whatsapp amy\" width=\"229\" height=\"300\" srcset=\"https:\/\/rmvapesale.com\/wp-content\/uploads\/2024\/04\/whatsapp-amy-229x300.jpg 229w, https:\/\/rmvapesale.com\/wp-content\/uploads\/2024\/04\/whatsapp-amy-783x1024.jpg 783w, https:\/\/rmvapesale.com\/wp-content\/uploads\/2024\/04\/whatsapp-amy-768x1005.jpg 768w, https:\/\/rmvapesale.com\/wp-content\/uploads\/2024\/04\/whatsapp-amy-600x785.jpg 600w, https:\/\/rmvapesale.com\/wp-content\/uploads\/2024\/04\/whatsapp-amy.jpg 990w\" sizes=\"auto, (max-width: 229px) 100vw, 229px\" \/><\/p>\n<h3><span style=\"color: #ff0000\"><strong>WhatsApp: +86 17776015835<\/strong><\/span><\/h3>","protected":false},"featured_media":2105,"comment_status":"open","ping_status":"closed","template":"","meta":{"_uag_custom_page_level_css":"","_lmt_disableupdate":"no","_lmt_disable":"","site-sidebar-layout":"default","site-content-layout":"content-boxed-container","ast-site-content-layout":"normal-width-container","site-content-style":"boxed","site-sidebar-style":"unboxed","ast-global-header-display":"","ast-banner-title-visibility":"","ast-main-header-display":"","ast-hfb-above-header-display":"","ast-hfb-below-header-display":"","ast-hfb-mobile-header-display":"","site-post-title":"","ast-breadcrumbs-content":"","ast-featured-img":"","footer-sml-layout":"","theme-transparent-header-meta":"default","adv-header-id-meta":"","stick-header-meta":"","header-above-stick-meta":"","header-main-stick-meta":"","header-below-stick-meta":"","astra-migrate-meta-layouts":"set","ast-page-background-enabled":"default","ast-page-background-meta":{"desktop":{"background-color":"var(--ast-global-color-4)","background-image":"","background-repeat":"repeat","background-position":"center center","background-size":"auto","background-attachment":"scroll","background-type":"","background-media":"","overlay-type":"","overlay-color":"","overlay-opacity":"","overlay-gradient":""},"tablet":{"background-color":"","background-image":"","background-repeat":"repeat","background-position":"center center","background-size":"auto","background-attachment":"scroll","background-type":"","background-media":"","overlay-type":"","overlay-color":"","overlay-opacity":"","overlay-gradient":""},"mobile":{"background-color":"","background-image":"","background-repeat":"repeat","background-position":"center center","background-size":"auto","background-attachment":"scroll","background-type":"","background-media":"","overlay-type":"","overlay-color":"","overlay-opacity":"","overlay-gradient":""}},"ast-content-background-meta":{"desktop":{"background-color":"var(--ast-global-color-5)","background-image":"","background-repeat":"repeat","background-position":"center center","background-size":"auto","background-attachment":"scroll","background-type":"","background-media":"","overlay-type":"","overlay-color":"","overlay-opacity":"","overlay-gradient":""},"tablet":{"background-color":"var(--ast-global-color-5)","background-image":"","background-repeat":"repeat","background-position":"center center","background-size":"auto","background-attachment":"scroll","background-type":"","background-media":"","overlay-type":"","overlay-color":"","overlay-opacity":"","overlay-gradient":""},"mobile":{"background-color":"var(--ast-global-color-5)","background-image":"","background-repeat":"repeat","background-position":"center center","background-size":"auto","background-attachment":"scroll","background-type":"","background-media":"","overlay-type":"","overlay-color":"","overlay-opacity":"","overlay-gradient":""}},"_joinchat":[]},"product_brand":[],"product_cat":[60,289,291,292,293,295,299,273,279,256,25,123,26,28,135,27,137,136,15,30],"product_tag":[83,63,58,41,84,85,37],"class_list":{"0":"post-2107","1":"product","2":"type-product","3":"status-publish","4":"has-post-thumbnail","6":"product_cat-bang-vapes","7":"product_cat-big-puffs-disposable-vapes","8":"product_cat-dual-mesh-disposable-vapes","9":"product_cat-digital-disposable-vapes","10":"product_cat-low-nicotine-disposable-vapes","11":"product_cat-rechargeable-disposable-vapes","12":"product_cat-smart-screen-disposable-vapes","13":"product_cat-bang-box-vape","14":"product_cat-bang-king-vape","15":"product_cat-25000-puff-disposable-vape","16":"product_cat-germany-best-selling-vape","17":"product_cat-italy-wholesale-vape","18":"product_cat-netherlands-hot-sale-vape","19":"product_cat-poland-hot-sale-vape","20":"product_cat-spain-best-hot-sale-vape","21":"product_cat-fance-hot-sale-vape","22":"product_cat-rechargeable-vapes","23":"product_cat-smart-screen-vapes","24":"product_cat-new-vape-this-week","25":"product_cat-minimum-order-quantity-50pcs","26":"product_tag-bang-25000-puffs","27":"product_tag-bang-vapes","28":"product_tag-electric-cigarettes","29":"product_tag-original-factory-vape","30":"product_tag-rechargeable-disposable-vapes","31":"product_tag-smart-disposable-vape","32":"product_tag-wholesale-vape-price","33":"desktop-align-left","34":"tablet-align-left","35":"mobile-align-left","37":"first","38":"instock","39":"sale","40":"shipping-taxable","41":"purchasable","42":"product-type-simple"},"uagb_featured_image_src":{"full":["https:\/\/rmvapesale.com\/wp-content\/uploads\/2024\/09\/Bang-25000-Vape.png",788,788,false],"thumbnail":["https:\/\/rmvapesale.com\/wp-content\/uploads\/2024\/09\/Bang-25000-Vape-150x150.png",150,150,true],"medium":["https:\/\/rmvapesale.com\/wp-content\/uploads\/2024\/09\/Bang-25000-Vape-300x300.png",300,300,true],"medium_large":["https:\/\/rmvapesale.com\/wp-content\/uploads\/2024\/09\/Bang-25000-Vape-768x768.png",768,768,true],"large":["https:\/\/rmvapesale.com\/wp-content\/uploads\/2024\/09\/Bang-25000-Vape.png",788,788,false],"1536x1536":["https:\/\/rmvapesale.com\/wp-content\/uploads\/2024\/09\/Bang-25000-Vape.png",788,788,false],"2048x2048":["https:\/\/rmvapesale.com\/wp-content\/uploads\/2024\/09\/Bang-25000-Vape.png",788,788,false],"trp-custom-language-flag":["https:\/\/rmvapesale.com\/wp-content\/uploads\/2024\/09\/Bang-25000-Vape.png",12,12,false],"woocommerce_thumbnail":["https:\/\/rmvapesale.com\/wp-content\/uploads\/2024\/09\/Bang-25000-Vape-300x300.png",300,300,true],"woocommerce_single":["https:\/\/rmvapesale.com\/wp-content\/uploads\/2024\/09\/Bang-25000-Vape-600x600.png",600,600,true],"woocommerce_gallery_thumbnail":["https:\/\/rmvapesale.com\/wp-content\/uploads\/2024\/09\/Bang-25000-Vape-100x100.png",100,100,true],"wcpr-photo-reviews":["https:\/\/rmvapesale.com\/wp-content\/uploads\/2024\/09\/Bang-25000-Vape.png",500,500,false]},"uagb_author_info":{"display_name":"AMY","author_link":"https:\/\/rmvapesale.com\/sl\/author\/"},"uagb_comment_info":0,"uagb_excerpt":"Bang 25000 Puffs 0% 2% 3% 5% Low Nicotine Bulk Buy Bang 25000 25k Puffs Vape Original E-Cigarette Bang 25000 Hits Dual Pods Wholesale Contact Amy For More Discount And Lower MOQ Vape WhatsApp: +86 17776015835","_links":{"self":[{"href":"https:\/\/rmvapesale.com\/sl\/wp-json\/wp\/v2\/product\/2107","targetHints":{"allow":["GET"]}}],"collection":[{"href":"https:\/\/rmvapesale.com\/sl\/wp-json\/wp\/v2\/product"}],"about":[{"href":"https:\/\/rmvapesale.com\/sl\/wp-json\/wp\/v2\/types\/product"}],"replies":[{"embeddable":true,"href":"https:\/\/rmvapesale.com\/sl\/wp-json\/wp\/v2\/comments?post=2107"}],"wp:featuredmedia":[{"embeddable":true,"href":"https:\/\/rmvapesale.com\/sl\/wp-json\/wp\/v2\/media\/2105"}],"wp:attachment":[{"href":"https:\/\/rmvapesale.com\/sl\/wp-json\/wp\/v2\/media?parent=2107"}],"wp:term":[{"taxonomy":"product_brand","embeddable":true,"href":"https:\/\/rmvapesale.com\/sl\/wp-json\/wp\/v2\/product_brand?post=2107"},{"taxonomy":"product_cat","embeddable":true,"href":"https:\/\/rmvapesale.com\/sl\/wp-json\/wp\/v2\/product_cat?post=2107"},{"taxonomy":"product_tag","embeddable":true,"href":"https:\/\/rmvapesale.com\/sl\/wp-json\/wp\/v2\/product_tag?post=2107"}],"curies":[{"name":"wp","href":"https:\/\/api.w.org\/{rel}","templated":true}]}}