{"id":2108,"date":"2024-09-23T05:35:29","date_gmt":"2024-09-23T05:35:29","guid":{"rendered":"https:\/\/rmvapesale.com\/?post_type=product&#038;p=2108"},"modified":"2025-01-21T09:19:25","modified_gmt":"2025-01-21T09:19:25","slug":"bang-king-25000-puffs-vape-double-pods-12-flavors-wholesale","status":"publish","type":"product","link":"https:\/\/rmvapesale.com\/sl\/product\/bang-king-25000-puffs-vape-double-pods-12-flavors-wholesale\/","title":{"rendered":"Bang King 25000 Vpihov Vape Dvojni Podi 12 Okusov Veleprodaja"},"content":{"rendered":"<div class=\"B2VR9 CJHX3e\">\n<div class=\"wyccme\">\n<h1>Bang King 25000 Vpihov Vape Dvojni Podi 12 Okusov Veleprodaja<\/h1>\n<p>Do\u017eivite vrhunec vapinga z Bang King 25000, visokozmogljivim enkratnim vape-jem, zasnovanim za tiste, ki cenijo udobje, izjemen okus in neverjetnih 25.000 pufov na napravo. Njegov eleganten, sodoben dizajn ga naredi popolnega spremljevalca za vrhunsko vaping izku\u0161njo na poti.<\/p>\n<p>Ta Bang King 25000 prihaja z dvema podoma, vsak zagotavlja 12.500 pufov, kar vam omogo\u010da enostavno zamenjavo in nadaljevanje vapinga brez prekinitve. Poleg tega lahko izbirate med nikotinskimi mo\u010dmi 0%, 2%, 3% in 5%, da prilagodite svojo vaping izku\u0161njo svojim \u017eeljam.<\/p>\n<p>Izbolj\u0161ajte svojo vaping izku\u0161njo z Bang King 25000 Pufov, kjer inovacija sre\u010da zadovoljstvo. Popoln za vaperje, ki i\u0161\u010dejo tako zmogljivost kot okus, ta enkratni vape pod naprava je zasnovana za izbolj\u0161anje vsakega trenutka.<\/p>\n<\/div>\n<\/div>\n<p>&nbsp;<\/p>\n<p><strong>Kontaktirajte Amy za pravi odgovor in ve\u010d videoposnetkov o izdelkih!<\/strong><\/p>\n<p><img loading=\"lazy\" decoding=\"async\" class=\"size-full wp-image-1978\" src=\"https:\/\/rmvapesale.com\/wp-content\/uploads\/2024\/09\/Disposable-Vape-Wholesale.jpg\" alt=\"Vape za enkratno uporabo na debelo\" width=\"229\" height=\"300\" \/><\/p>\n<h3><span style=\"color: #ff0000\"><strong>WhatsApp: +86 17776015835<\/strong><\/span><\/h3>\n<p>&nbsp;<\/p>\n<h2><\/h2>\n<h2><strong>Klju\u010dne zna\u010dilnosti Bang King 25000<\/strong><\/h2>\n<p>&nbsp;<\/p>\n<p>Nikotin: 0% 2% 3% 5%<br \/>\nPufov: 25000<br \/>\nKapaciteta: 23 ml + 23 ml Dvojni Pod<br \/>\nNa voljo 12 okusov<br \/>\n1.0 ohm Dvojna mre\u017ea<br \/>\n650 mAh, mo\u017enost ponovnega polnjenja<\/p>\n<h2><\/h2>\n<h2><\/h2>\n<h2><strong>Najbolj\u0161i okus za Bang King 25000 Pufov<\/strong><\/h2>\n<p>Bang Pulse 18000 pod e-cigareta za enkratno uporabo, ki se pona\u0161a z 12 okusi, od katerih je vsak zasnovan tako, da ponudi edinstveno in zadovoljivo izku\u0161njo vapinga. Nekaj najbolj\u0161ega je za vas!<\/p>\n<p>1.Blue Razz Ice<span style=\"color: #ff0000\"><strong>&gt;&gt;&gt;&gt;Najbolj\u0161e!<\/strong><\/span><br \/>\n2. Juicy Peach Ice<br \/>\n3. Jagoda lubenica<br \/>\n4. Lubenica Led<br \/>\n5. Jagoda Banana<br \/>\n6. Kisel jabol\u010dni led<span style=\"color: #ff0000\"><strong>&gt;&gt;&gt;&gt;Vro\u010de!<\/strong><\/span><br \/>\n7. Trojni jagodni led<br \/>\n8. Tropsko sadje<br \/>\n9. \u010ce\u0161njeva bomba<br \/>\n10. Grozdni led<span style=\"color: #ff0000\"><strong>&gt;&gt;&gt;&gt;Vro\u010de!<\/strong><\/span><br \/>\n11. Breskva Mango<br \/>\n12. Jagoda Mango<\/p>\n<p>&nbsp;<\/p>\n<figure id=\"attachment_2112\" aria-describedby=\"caption-attachment-2112\" style=\"width: 300px\" class=\"wp-caption alignnone\"><img loading=\"lazy\" decoding=\"async\" class=\"size-medium wp-image-2112\" src=\"https:\/\/rmvapesale.com\/wp-content\/uploads\/2024\/09\/Bang-King-25000-Puffs-Double-Pod-300x291.jpg\" alt=\"Bang King 25000 Pufov Dvojni Pod\" width=\"300\" height=\"291\" srcset=\"https:\/\/rmvapesale.com\/wp-content\/uploads\/2024\/09\/Bang-King-25000-Puffs-Double-Pod-300x291.jpg 300w, https:\/\/rmvapesale.com\/wp-content\/uploads\/2024\/09\/Bang-King-25000-Puffs-Double-Pod-768x746.jpg 768w, https:\/\/rmvapesale.com\/wp-content\/uploads\/2024\/09\/Bang-King-25000-Puffs-Double-Pod-600x582.jpg 600w, https:\/\/rmvapesale.com\/wp-content\/uploads\/2024\/09\/Bang-King-25000-Puffs-Double-Pod.jpg 788w\" sizes=\"auto, (max-width: 300px) 100vw, 300px\" \/><figcaption id=\"caption-attachment-2112\" class=\"wp-caption-text\">Bang King 25000 Pufov Dvojni Pod<\/figcaption><\/figure>\n<h2><strong>Vpra\u0161anja, ki jih morda \u017eelite vedeti o Bang King 25k Pufih <\/strong><\/h2>\n<p>&nbsp;<\/p>\n<p><strong>1. Koliko nikotina je v Bang King 25000?<\/strong><br \/>\nBang King 25000 vsebuje nikotinske soli 0%, 2%, 3% in 5%. Z napredno tehnologijo mre\u017ene tuljave ponuja vrhunsko izku\u0161njo pare, polno bogatega okusa.<\/p>\n<p><strong>2. Ali je Bang King 25000 napajalnik za vape z mo\u017enostjo polnjenja?<\/strong><br \/>\nDa, Bang King 25000 vklju\u010duje 650 mAh baterijo, ki jo je mogo\u010de polniti, kar zagotavlja dolgo trajajo\u010do u\u017eivanje.<\/p>\n<p><strong>3. Koliko pufov lahko dobite iz Bang King 25000?<\/strong><br \/>\nBang King 25000 zagotavlja pribli\u017eno 25000 pufov, odvisno od uporabe, in je na voljo v 12 okusih.<\/p>\n<p><strong>4. Koliko \u010dasa traja polnjenje Bang King 25000?<\/strong><br \/>\nBang King 25000 se lahko popolnoma napolni v le 30 do 35 minutah, kar zagotavlja hitro pripravljenost za uporabo.<\/p>\n<p>&nbsp;<\/p>\n<h3><b>Pogosta vpra\u0161anja<\/b><\/h3>\n<p>&nbsp;<\/p>\n<div class=\"flex-shrink-0 flex flex-col relative items-end\">\n<div>\n<div class=\"pt-0\">\n<div class=\"gizmo-bot-avatar flex h-8 w-8 items-center justify-center overflow-hidden rounded-full\">\n<div class=\"relative p-1 rounded-sm flex items-center justify-center bg-token-main-surface-primary text-token-text-primary h-8 w-8\"><strong>Kateri na\u010dini po\u0161iljanja so na voljo?<\/strong><\/div>\n<\/div>\n<\/div>\n<\/div>\n<\/div>\n<div class=\"group\/conversation-turn relative flex w-full min-w-0 flex-col agent-turn\">\n<div class=\"flex-col gap-1 md:gap-3\">\n<div class=\"flex max-w-full flex-col flex-grow\">\n<div class=\"min-h-[20px] text-message flex w-full flex-col items-end gap-2 whitespace-normal break-words [.text-message+&amp;]:mt-5 overflow-x-auto\" dir=\"auto\" data-message-author-role=\"assistant\" data-message-id=\"22f8283b-3233-46ff-89a5-c7a41b33abda\">\n<div class=\"flex w-full flex-col gap-1 empty:hidden first:pt-[3px]\">\n<div class=\"markdown prose w-full break-words dark:prose-invert light\">\n<p>Sodelujemo z UPS, DHL, FedEx, DPD in drugimi vodilnimi prevozniki. Izbrali bomo najbolj\u0161i na\u010din po\u0161iljanja glede na va\u0161o lokacijo dostave, da zagotovimo, da boste izdelke prejeli \u010dim hitreje.<\/p>\n<\/div>\n<p><strong>Kako dolgo traja dostava?<\/strong><\/p>\n<p>Paketi, poslani v Slovenijo, obi\u010dajno prispejo v 10 delovnih dneh. Po\u0161iljanje v evropske dr\u017eave obi\u010dajno traja pribli\u017eno 12-15 delovnih dni. Zagotovili vam bomo sprotne posodobitve o statusu va\u0161ega po\u0161iljanja.<\/p>\n<\/div>\n<p><strong>Garancija<\/strong><\/p>\n<p><span style=\"color: #ff0000\"><strong>Vsi izdelki v na\u0161i trgovini so zajam\u010deno 100% originalni in pristni. Za ponarejeno blago nudimo 10-kratno nadomestilo!<\/strong><\/span><\/p>\n<div class=\"flex w-full flex-col gap-1 empty:hidden first:pt-[3px]\">\n<p>&nbsp;<\/p>\n<\/div>\n<\/div>\n<\/div>\n<\/div>\n<\/div>\n<p>&nbsp;<\/p>\n<p>Drugi vro\u010d prodajni vape, ki vam bo morda v\u0161e\u010d:<\/p>\n<p><strong><a href=\"https:\/\/rmvapesale.com\/sl\/product\/wga-crystal-plus-20000-puff-dual-flavour-disposable-vape\/\">Bang King 30000 Vdihov<\/a><\/strong><\/p>\n<p><a href=\"https:\/\/rmvapesale.com\/sl\/product\/bang-20000-puffs-disposable-vape-wholesale-supplier\/\"><strong>Bang Box Vape 20000 Puffs<\/strong><\/a><\/p>\n<p><a href=\"https:\/\/rmvapesale.com\/sl\/product\/wga-crystal-pro-max-extra-15k-puffs-disposable-vape-wholesale\/\"><strong>WGA Crystal Pro Max Extra 15000<\/strong><\/a><\/p>\n<p>&nbsp;<\/p>\n<p>&nbsp;<\/p>\n<p>Poi\u0161\u010di ve\u010d izdelkov Vape, ki so ti morda v\u0161e\u010d:<strong><em><a href=\"https:\/\/rmvapesale.com\/sl\/shop-2\/\">nakupuj zdaj &gt;&gt;&gt;<\/a><\/em><\/strong><\/p>","protected":false},"excerpt":{"rendered":"<p>Bang King 25000 Pufov 0% 2% 3% 5% Nikotin Veliko trgovino<br \/>\nPuf 25k Bang King 25000 Pufov Enkratna Vape<br \/>\nBang King 25000 Pufov Vape Enkratne E Cigarete Dvojni Pod<\/p>\n<p><strong>Kontaktirajte Amy za ve\u010dji popust in ni\u017eji MOQ Vape<\/strong><\/p>\n<p><img loading=\"lazy\" decoding=\"async\" class=\"size-full wp-image-1978\" src=\"https:\/\/rmvapesale.com\/wp-content\/uploads\/2024\/09\/Disposable-Vape-Wholesale.jpg\" alt=\"Vape za enkratno uporabo na debelo\" width=\"229\" height=\"300\" \/><\/p>\n<h3><span style=\"color: #ff0000\"><strong>WhatsApp: +86 17776015835<\/strong><\/span><\/h3>","protected":false},"featured_media":2114,"comment_status":"open","ping_status":"closed","template":"","meta":{"_uag_custom_page_level_css":"","_lmt_disableupdate":"no","_lmt_disable":"","site-sidebar-layout":"default","site-content-layout":"content-boxed-container","ast-site-content-layout":"normal-width-container","site-content-style":"boxed","site-sidebar-style":"unboxed","ast-global-header-display":"","ast-banner-title-visibility":"","ast-main-header-display":"","ast-hfb-above-header-display":"","ast-hfb-below-header-display":"","ast-hfb-mobile-header-display":"","site-post-title":"","ast-breadcrumbs-content":"","ast-featured-img":"","footer-sml-layout":"","theme-transparent-header-meta":"default","adv-header-id-meta":"","stick-header-meta":"","header-above-stick-meta":"","header-main-stick-meta":"","header-below-stick-meta":"","astra-migrate-meta-layouts":"set","ast-page-background-enabled":"default","ast-page-background-meta":{"desktop":{"background-color":"var(--ast-global-color-4)","background-image":"","background-repeat":"repeat","background-position":"center center","background-size":"auto","background-attachment":"scroll","background-type":"","background-media":"","overlay-type":"","overlay-color":"","overlay-opacity":"","overlay-gradient":""},"tablet":{"background-color":"","background-image":"","background-repeat":"repeat","background-position":"center center","background-size":"auto","background-attachment":"scroll","background-type":"","background-media":"","overlay-type":"","overlay-color":"","overlay-opacity":"","overlay-gradient":""},"mobile":{"background-color":"","background-image":"","background-repeat":"repeat","background-position":"center center","background-size":"auto","background-attachment":"scroll","background-type":"","background-media":"","overlay-type":"","overlay-color":"","overlay-opacity":"","overlay-gradient":""}},"ast-content-background-meta":{"desktop":{"background-color":"var(--ast-global-color-5)","background-image":"","background-repeat":"repeat","background-position":"center center","background-size":"auto","background-attachment":"scroll","background-type":"","background-media":"","overlay-type":"","overlay-color":"","overlay-opacity":"","overlay-gradient":""},"tablet":{"background-color":"var(--ast-global-color-5)","background-image":"","background-repeat":"repeat","background-position":"center center","background-size":"auto","background-attachment":"scroll","background-type":"","background-media":"","overlay-type":"","overlay-color":"","overlay-opacity":"","overlay-gradient":""},"mobile":{"background-color":"var(--ast-global-color-5)","background-image":"","background-repeat":"repeat","background-position":"center center","background-size":"auto","background-attachment":"scroll","background-type":"","background-media":"","overlay-type":"","overlay-color":"","overlay-opacity":"","overlay-gradient":""}},"_joinchat":[]},"product_brand":[],"product_cat":[15,289,291,293,295,299,273,279,256,25,123,26,28,135,27,60,137,136,30],"product_tag":[86,76,57,58,87],"class_list":{"0":"post-2108","1":"product","2":"type-product","3":"status-publish","4":"has-post-thumbnail","6":"product_cat-new-vape-this-week","7":"product_cat-big-puffs-disposable-vapes","8":"product_cat-dual-mesh-disposable-vapes","9":"product_cat-low-nicotine-disposable-vapes","10":"product_cat-rechargeable-disposable-vapes","11":"product_cat-smart-screen-disposable-vapes","12":"product_cat-bang-box-vape","13":"product_cat-bang-king-vape","14":"product_cat-25000-puff-disposable-vape","15":"product_cat-germany-best-selling-vape","16":"product_cat-italy-wholesale-vape","17":"product_cat-netherlands-hot-sale-vape","18":"product_cat-poland-hot-sale-vape","19":"product_cat-spain-best-hot-sale-vape","20":"product_cat-fance-hot-sale-vape","21":"product_cat-bang-vapes","22":"product_cat-rechargeable-vapes","23":"product_cat-smart-screen-vapes","24":"product_cat-minimum-order-quantity-50pcs","25":"product_tag-bang-king-25000","26":"product_tag-bang-king-vape","27":"product_tag-disposable-vape-wholesale-supplier","28":"product_tag-electric-cigarettes","29":"product_tag-puff-25k","30":"desktop-align-left","31":"tablet-align-left","32":"mobile-align-left","34":"first","35":"instock","36":"sale","37":"shipping-taxable","38":"purchasable","39":"product-type-simple"},"uagb_featured_image_src":{"full":["https:\/\/rmvapesale.com\/wp-content\/uploads\/2024\/09\/Bang-King-25000-Puffs-Wholesale.jpg",788,788,false],"thumbnail":["https:\/\/rmvapesale.com\/wp-content\/uploads\/2024\/09\/Bang-King-25000-Puffs-Wholesale-150x150.jpg",150,150,true],"medium":["https:\/\/rmvapesale.com\/wp-content\/uploads\/2024\/09\/Bang-King-25000-Puffs-Wholesale-300x300.jpg",300,300,true],"medium_large":["https:\/\/rmvapesale.com\/wp-content\/uploads\/2024\/09\/Bang-King-25000-Puffs-Wholesale-768x768.jpg",768,768,true],"large":["https:\/\/rmvapesale.com\/wp-content\/uploads\/2024\/09\/Bang-King-25000-Puffs-Wholesale.jpg",788,788,false],"1536x1536":["https:\/\/rmvapesale.com\/wp-content\/uploads\/2024\/09\/Bang-King-25000-Puffs-Wholesale.jpg",788,788,false],"2048x2048":["https:\/\/rmvapesale.com\/wp-content\/uploads\/2024\/09\/Bang-King-25000-Puffs-Wholesale.jpg",788,788,false],"trp-custom-language-flag":["https:\/\/rmvapesale.com\/wp-content\/uploads\/2024\/09\/Bang-King-25000-Puffs-Wholesale.jpg",12,12,false],"woocommerce_thumbnail":["https:\/\/rmvapesale.com\/wp-content\/uploads\/2024\/09\/Bang-King-25000-Puffs-Wholesale-300x300.jpg",300,300,true],"woocommerce_single":["https:\/\/rmvapesale.com\/wp-content\/uploads\/2024\/09\/Bang-King-25000-Puffs-Wholesale-600x600.jpg",600,600,true],"woocommerce_gallery_thumbnail":["https:\/\/rmvapesale.com\/wp-content\/uploads\/2024\/09\/Bang-King-25000-Puffs-Wholesale-100x100.jpg",100,100,true],"wcpr-photo-reviews":["https:\/\/rmvapesale.com\/wp-content\/uploads\/2024\/09\/Bang-King-25000-Puffs-Wholesale.jpg",500,500,false]},"uagb_author_info":{"display_name":"AMY","author_link":"https:\/\/rmvapesale.com\/sl\/author\/"},"uagb_comment_info":0,"uagb_excerpt":"Bang King 25000 Puffs 0% 2% 3% 5% Nicotine Wholesale Puff 25k Bang King 25000 Puffs Disposable Vape Bang King 25000 Puffs Vape Disposable E Cigarettes Dual Pod Contact Amy For More Discount And Lower MOQ Vape WhatsApp: +86 17776015835","_links":{"self":[{"href":"https:\/\/rmvapesale.com\/sl\/wp-json\/wp\/v2\/product\/2108","targetHints":{"allow":["GET"]}}],"collection":[{"href":"https:\/\/rmvapesale.com\/sl\/wp-json\/wp\/v2\/product"}],"about":[{"href":"https:\/\/rmvapesale.com\/sl\/wp-json\/wp\/v2\/types\/product"}],"replies":[{"embeddable":true,"href":"https:\/\/rmvapesale.com\/sl\/wp-json\/wp\/v2\/comments?post=2108"}],"wp:featuredmedia":[{"embeddable":true,"href":"https:\/\/rmvapesale.com\/sl\/wp-json\/wp\/v2\/media\/2114"}],"wp:attachment":[{"href":"https:\/\/rmvapesale.com\/sl\/wp-json\/wp\/v2\/media?parent=2108"}],"wp:term":[{"taxonomy":"product_brand","embeddable":true,"href":"https:\/\/rmvapesale.com\/sl\/wp-json\/wp\/v2\/product_brand?post=2108"},{"taxonomy":"product_cat","embeddable":true,"href":"https:\/\/rmvapesale.com\/sl\/wp-json\/wp\/v2\/product_cat?post=2108"},{"taxonomy":"product_tag","embeddable":true,"href":"https:\/\/rmvapesale.com\/sl\/wp-json\/wp\/v2\/product_tag?post=2108"}],"curies":[{"name":"wp","href":"https:\/\/api.w.org\/{rel}","templated":true}]}}