{"id":2138,"date":"2024-09-24T07:38:58","date_gmt":"2024-09-24T07:38:58","guid":{"rendered":"https:\/\/rmvapesale.com\/?post_type=product&#038;p=2138"},"modified":"2025-01-21T09:22:28","modified_gmt":"2025-01-21T09:22:28","slug":"bang-pulse-18000-puffs-18k-disposable-vape-factory-price","status":"publish","type":"product","link":"https:\/\/rmvapesale.com\/sl\/product\/bang-pulse-18000-puffs-18k-disposable-vape-factory-price\/","title":{"rendered":"Bang Pulse 18000 Vpihov 18k Vape za enkratno uporabo Tovarni\u0161ka cena"},"content":{"rendered":"<div class=\"B2VR9 CJHX3e\">\n<div class=\"wyccme\">\n<h1>Bang Pulse 18000 Vpihov 18k Vape za enkratno uporabo Tovarni\u0161ka cena<\/h1>\n<p>Bang Pulse 18000 Puffs je elegantna in zelo funkcionalna e-cigareta za enkratno uporabo, ki se pona\u0161a z impresivnimi 18.000 vdihi. Ta e-cigareta za enkratno uporabo je opremljena z velikodu\u0161no 26-mililitrsko prostornino za e-teko\u010dino in zmogljivo 650 mAh baterijo, kar uporabnikom zagotavlja zadovoljivo izku\u0161njo vapinga brez pogostega polnjenja. Poleg tega naprava uporabnikom omogo\u010da prilagajanje zra\u010dnega toka, da ustreza njihovemu razpolo\u017eenju, kar zagotavlja prilagojeno in vrhunsko izku\u0161njo vapinga.<\/p>\n<\/div>\n<div class=\"wyccme\">\n<p>Stopite v stik, da za\u010dnete s svojim Bang Pulse 18000 Puffs s tovarni\u0161ko ceno takoj zdaj!<\/p>\n<\/div>\n<\/div>\n<p><strong>Kontaktirajte Amy za pravi odgovor in ve\u010d videoposnetkov o izdelkih!<\/strong><\/p>\n<p><img loading=\"lazy\" decoding=\"async\" class=\"size-full wp-image-1978\" src=\"https:\/\/rmvapesale.com\/wp-content\/uploads\/2024\/09\/Disposable-Vape-Wholesale.jpg\" alt=\"Vape za enkratno uporabo na debelo\" width=\"229\" height=\"300\" \/><\/p>\n<h3><span style=\"color: #ff0000\"><strong>WhatsApp: +86 17776015835<\/strong><\/span><\/h3>\n<p>&nbsp;<\/p>\n<h2><\/h2>\n<h2><strong>Glavne zna\u010dilnosti Bang Pulse 18000<\/strong><\/h2>\n<p>do 18.000 vpihov<br \/>\nVgrajena baterija 650mAh<br \/>\n26 ml vnaprej napolnjene e-teko\u010dine<br \/>\n0% 2% 3% 5% vsebnosti nikotina<br \/>\nPolnjenje prek Type-c<br \/>\nLED prikazovalnik mo\u010di<\/p>\n<h2><\/h2>\n<h2><strong>Najbolj\u0161i okusi za Bang Pulse 18000 Vape<\/strong><\/h2>\n<p>Bang Pulse 18000 pod e-cigareta za enkratno uporabo, ki se pona\u0161a z 12 okusi, od katerih je vsak zasnovan tako, da ponudi edinstveno in zadovoljivo izku\u0161njo vapinga. Nekaj najbolj\u0161ega je za vas!<\/p>\n<p>1. Cheery Bomb<span style=\"color: #ff0000\"><strong>&gt;&gt;&gt;&gt;Vro\u010de!<\/strong><\/span><br \/>\n2. Juicy Peach Ice<br \/>\n3. Tropical Fruit<br \/>\n4. Grozdje z ledom<br \/>\n5. Peach Mango<br \/>\n6. Jagoda Banana<span style=\"color: #ff0000\"><strong>&gt;&gt;&gt;&gt;Vro\u010de!<\/strong><\/span><br \/>\n7. Jagoda Mango<br \/>\n8. Trojno Jagodi\u010devje Led<br \/>\n9. Jagoda Lubenica<br \/>\n10. Lubenica z ledom<br \/>\n11. Modra malina Led<span style=\"color: #ff0000\"><strong>&gt;&gt;&gt;&gt;Najbolj\u0161e!<\/strong><\/span><br \/>\n12. Kislo Jabolko Led<\/p>\n<p>&nbsp;<\/p>\n<h2><strong>Vpra\u0161anja, ki vas morda zanimajo o Bang Pulse 18000 Vpihih<\/strong><\/h2>\n<p>&nbsp;<\/p>\n<p><strong>1. Koliko nikotina je v Bang Pulse 18000?<\/strong><br \/>\nBang Pulse 18000 za enkratno uporabo ima 2%, 3% ali 5% nikotinske soli. Z napredno tehnologijo mre\u017eastih tuljav ponuja vrhunsko izku\u0161njo z bogatim okusom pare.<\/p>\n<p><strong>2. Ali je Bang Pulse 18000 za enkratno uporabo mogo\u010de ponovno napolniti?<\/strong><br \/>\nDa, Bang Pulse 18000 vklju\u010duje 650 mAh polnilno baterijo, ki zagotavlja dolgotrajno u\u017eivanje.<\/p>\n<p><strong>3. Koliko vpihov lahko dobite iz Bang Pulse 18000 Vpihov?<\/strong><br \/>\nBang Pulse 18000 Vpihi omogo\u010da pribli\u017eno 18000 vpihov, odvisno od uporabe, in je na voljo v 16 okusih.<\/p>\n<p><strong>4. Kako dolgo traja polnjenje Bang Pulse 18000?<\/strong><br \/>\n\u0160katla Bang Pulse 18000 za enkratno uporabo se lahko popolnoma napolni v samo 30 do 35 minutah, kar zagotavlja hitro pripravljenost za uporabo.<\/p>\n<p>&nbsp;<\/p>\n<h3><b>Pogosta vpra\u0161anja<\/b><\/h3>\n<p>&nbsp;<\/p>\n<div class=\"flex-shrink-0 flex flex-col relative items-end\">\n<div>\n<div class=\"pt-0\">\n<div class=\"gizmo-bot-avatar flex h-8 w-8 items-center justify-center overflow-hidden rounded-full\">\n<div class=\"relative p-1 rounded-sm flex items-center justify-center bg-token-main-surface-primary text-token-text-primary h-8 w-8\"><strong>Kateri na\u010dini po\u0161iljanja so na voljo?<\/strong><\/div>\n<\/div>\n<\/div>\n<\/div>\n<\/div>\n<div class=\"group\/conversation-turn relative flex w-full min-w-0 flex-col agent-turn\">\n<div class=\"flex-col gap-1 md:gap-3\">\n<div class=\"flex max-w-full flex-col flex-grow\">\n<div class=\"min-h-[20px] text-message flex w-full flex-col items-end gap-2 whitespace-normal break-words [.text-message+&amp;]:mt-5 overflow-x-auto\" dir=\"auto\" data-message-author-role=\"assistant\" data-message-id=\"22f8283b-3233-46ff-89a5-c7a41b33abda\">\n<div class=\"flex w-full flex-col gap-1 empty:hidden first:pt-[3px]\">\n<div class=\"markdown prose w-full break-words dark:prose-invert light\">\n<p>Sodelujemo z UPS, DHL, FedEx, DPD in drugimi vodilnimi prevozniki. Izbrali bomo najbolj\u0161i na\u010din po\u0161iljanja glede na va\u0161o lokacijo dostave, da zagotovimo, da boste izdelke prejeli \u010dim hitreje.<\/p>\n<\/div>\n<p><strong>Kako dolgo traja dostava?<\/strong><\/p>\n<p>Paketi, poslani v Slovenijo, obi\u010dajno prispejo v 10 delovnih dneh. Po\u0161iljanje v evropske dr\u017eave obi\u010dajno traja pribli\u017eno 12-15 delovnih dni. Zagotovili vam bomo sprotne posodobitve o statusu va\u0161ega po\u0161iljanja.<\/p>\n<\/div>\n<p><strong>Garancija<\/strong><\/p>\n<p><span style=\"color: #ff0000\"><strong>Vsi izdelki v na\u0161i trgovini so zajam\u010deno 100% originalni in pristni. Za ponarejeno blago nudimo 10-kratno nadomestilo!<\/strong><\/span><\/p>\n<div class=\"flex w-full flex-col gap-1 empty:hidden first:pt-[3px]\">\n<p>&nbsp;<\/p>\n<\/div>\n<\/div>\n<\/div>\n<\/div>\n<\/div>\n<p>&nbsp;<\/p>\n<p>Drugi vro\u010d prodajni vape, ki vam bo morda v\u0161e\u010d:<\/p>\n<p><strong><a href=\"https:\/\/rmvapesale.com\/sl\/product\/wga-crystal-plus-20000-puff-dual-flavour-disposable-vape\/\">Bang King 30000 Vdihov<\/a><\/strong><\/p>\n<p><a href=\"https:\/\/rmvapesale.com\/sl\/product\/bang-20000-puffs-disposable-vape-wholesale-supplier\/\"><strong>WGA Crystal Pro Max Extra 15000<\/strong><\/a><\/p>\n<p><a href=\"https:\/\/rmvapesale.com\/sl\/product\/wga-crystal-pro-max-extra-15k-puffs-disposable-vape-wholesale\/\"><strong>Bang 25000 Vdihov<\/strong><\/a><\/p>\n<p><a href=\"https:\/\/rmvapesale.com\/sl\/product\/bang-beach-20000-puffs-vape-smart-screen-disposable-e-cig\/\"><strong>Bang Vape Beach 20000 Vpihov\u00a0<\/strong><\/a><\/p>\n<p>&nbsp;<\/p>\n<p>&nbsp;<\/p>\n<p>Poi\u0161\u010di ve\u010d izdelkov Vape, ki so ti morda v\u0161e\u010d:<strong><em><a href=\"https:\/\/rmvapesale.com\/sl\/shop-2\/\">nakupuj zdaj &gt;&gt;&gt;<\/a><\/em><\/strong><\/p>","protected":false},"excerpt":{"rendered":"<p>Veleprodaja e-cigaret za enkratno uporabo Bang Pulse 18000 Puffs z LED zaslonom<br \/>\nBang Vape Pulse 18000 Puffs 0% 2% 3% 5% nikotina<br \/>\nBang Pulse 18000 e-cigareta za enkratno uporabo - cena za nakup na debelo<\/p>\n<p><strong>Kontaktirajte Amy za ve\u010dji popust in ni\u017eji MOQ Vape<\/strong><\/p>\n<p><img loading=\"lazy\" decoding=\"async\" class=\"size-full wp-image-1978\" src=\"https:\/\/rmvapesale.com\/wp-content\/uploads\/2024\/09\/Disposable-Vape-Wholesale.jpg\" alt=\"Vape za enkratno uporabo na debelo\" width=\"229\" height=\"300\" \/><\/p>\n<h3><span style=\"color: #ff0000\"><strong>WhatsApp: +86 17776015835<\/strong><\/span><\/h3>","protected":false},"featured_media":2135,"comment_status":"open","ping_status":"closed","template":"","meta":{"_uag_custom_page_level_css":"","_lmt_disableupdate":"no","_lmt_disable":"","site-sidebar-layout":"default","site-content-layout":"content-boxed-container","ast-site-content-layout":"normal-width-container","site-content-style":"boxed","site-sidebar-style":"unboxed","ast-global-header-display":"","ast-banner-title-visibility":"","ast-main-header-display":"","ast-hfb-above-header-display":"","ast-hfb-below-header-display":"","ast-hfb-mobile-header-display":"","site-post-title":"","ast-breadcrumbs-content":"","ast-featured-img":"","footer-sml-layout":"","theme-transparent-header-meta":"default","adv-header-id-meta":"","stick-header-meta":"","header-above-stick-meta":"","header-main-stick-meta":"","header-below-stick-meta":"","astra-migrate-meta-layouts":"set","ast-page-background-enabled":"default","ast-page-background-meta":{"desktop":{"background-color":"var(--ast-global-color-4)","background-image":"","background-repeat":"repeat","background-position":"center center","background-size":"auto","background-attachment":"scroll","background-type":"","background-media":"","overlay-type":"","overlay-color":"","overlay-opacity":"","overlay-gradient":""},"tablet":{"background-color":"","background-image":"","background-repeat":"repeat","background-position":"center center","background-size":"auto","background-attachment":"scroll","background-type":"","background-media":"","overlay-type":"","overlay-color":"","overlay-opacity":"","overlay-gradient":""},"mobile":{"background-color":"","background-image":"","background-repeat":"repeat","background-position":"center center","background-size":"auto","background-attachment":"scroll","background-type":"","background-media":"","overlay-type":"","overlay-color":"","overlay-opacity":"","overlay-gradient":""}},"ast-content-background-meta":{"desktop":{"background-color":"var(--ast-global-color-5)","background-image":"","background-repeat":"repeat","background-position":"center center","background-size":"auto","background-attachment":"scroll","background-type":"","background-media":"","overlay-type":"","overlay-color":"","overlay-opacity":"","overlay-gradient":""},"tablet":{"background-color":"var(--ast-global-color-5)","background-image":"","background-repeat":"repeat","background-position":"center center","background-size":"auto","background-attachment":"scroll","background-type":"","background-media":"","overlay-type":"","overlay-color":"","overlay-opacity":"","overlay-gradient":""},"mobile":{"background-color":"var(--ast-global-color-5)","background-image":"","background-repeat":"repeat","background-position":"center center","background-size":"auto","background-attachment":"scroll","background-type":"","background-media":"","overlay-type":"","overlay-color":"","overlay-opacity":"","overlay-gradient":""}},"_joinchat":[]},"product_brand":[],"product_cat":[15,289,291,292,293,295,299,273,279,25,123,26,28,135,27,60,137,136,30],"product_tag":[90,63,57,58,54,85],"class_list":{"0":"post-2138","1":"product","2":"type-product","3":"status-publish","4":"has-post-thumbnail","6":"product_cat-new-vape-this-week","7":"product_cat-big-puffs-disposable-vapes","8":"product_cat-dual-mesh-disposable-vapes","9":"product_cat-digital-disposable-vapes","10":"product_cat-low-nicotine-disposable-vapes","11":"product_cat-rechargeable-disposable-vapes","12":"product_cat-smart-screen-disposable-vapes","13":"product_cat-bang-box-vape","14":"product_cat-bang-king-vape","15":"product_cat-germany-best-selling-vape","16":"product_cat-italy-wholesale-vape","17":"product_cat-netherlands-hot-sale-vape","18":"product_cat-poland-hot-sale-vape","19":"product_cat-spain-best-hot-sale-vape","20":"product_cat-fance-hot-sale-vape","21":"product_cat-bang-vapes","22":"product_cat-rechargeable-vapes","23":"product_cat-smart-screen-vapes","24":"product_cat-minimum-order-quantity-50pcs","25":"product_tag-bang-pulse-18000","26":"product_tag-bang-vapes","27":"product_tag-disposable-vape-wholesale-supplier","28":"product_tag-electric-cigarettes","29":"product_tag-rechargeable-disposable-vape","30":"product_tag-smart-disposable-vape","31":"desktop-align-left","32":"tablet-align-left","33":"mobile-align-left","35":"first","36":"instock","37":"sale","38":"shipping-taxable","39":"purchasable","40":"product-type-simple"},"uagb_featured_image_src":{"full":["https:\/\/rmvapesale.com\/wp-content\/uploads\/2024\/09\/Bang-Pulse-18000-Puffs-Disposable-Vape.png",788,788,false],"thumbnail":["https:\/\/rmvapesale.com\/wp-content\/uploads\/2024\/09\/Bang-Pulse-18000-Puffs-Disposable-Vape-150x150.png",150,150,true],"medium":["https:\/\/rmvapesale.com\/wp-content\/uploads\/2024\/09\/Bang-Pulse-18000-Puffs-Disposable-Vape-300x300.png",300,300,true],"medium_large":["https:\/\/rmvapesale.com\/wp-content\/uploads\/2024\/09\/Bang-Pulse-18000-Puffs-Disposable-Vape-768x768.png",768,768,true],"large":["https:\/\/rmvapesale.com\/wp-content\/uploads\/2024\/09\/Bang-Pulse-18000-Puffs-Disposable-Vape.png",788,788,false],"1536x1536":["https:\/\/rmvapesale.com\/wp-content\/uploads\/2024\/09\/Bang-Pulse-18000-Puffs-Disposable-Vape.png",788,788,false],"2048x2048":["https:\/\/rmvapesale.com\/wp-content\/uploads\/2024\/09\/Bang-Pulse-18000-Puffs-Disposable-Vape.png",788,788,false],"trp-custom-language-flag":["https:\/\/rmvapesale.com\/wp-content\/uploads\/2024\/09\/Bang-Pulse-18000-Puffs-Disposable-Vape.png",12,12,false],"woocommerce_thumbnail":["https:\/\/rmvapesale.com\/wp-content\/uploads\/2024\/09\/Bang-Pulse-18000-Puffs-Disposable-Vape-300x300.png",300,300,true],"woocommerce_single":["https:\/\/rmvapesale.com\/wp-content\/uploads\/2024\/09\/Bang-Pulse-18000-Puffs-Disposable-Vape-600x600.png",600,600,true],"woocommerce_gallery_thumbnail":["https:\/\/rmvapesale.com\/wp-content\/uploads\/2024\/09\/Bang-Pulse-18000-Puffs-Disposable-Vape-100x100.png",100,100,true],"wcpr-photo-reviews":["https:\/\/rmvapesale.com\/wp-content\/uploads\/2024\/09\/Bang-Pulse-18000-Puffs-Disposable-Vape.png",500,500,false]},"uagb_author_info":{"display_name":"AMY","author_link":"https:\/\/rmvapesale.com\/sl\/author\/"},"uagb_comment_info":0,"uagb_excerpt":"Bang Pulse 18000 Puffs LED Display Dispsable Vape Wholesale Bang\u00a0 Vape Pulse 18000 Puffs 0% 2% 3% 5% Nicotine Bang Pulse 18000 Disposable Vape Bulk Buy Price Contact Amy For More Discount And Lower MOQ Vape WhatsApp: +86 17776015835","_links":{"self":[{"href":"https:\/\/rmvapesale.com\/sl\/wp-json\/wp\/v2\/product\/2138","targetHints":{"allow":["GET"]}}],"collection":[{"href":"https:\/\/rmvapesale.com\/sl\/wp-json\/wp\/v2\/product"}],"about":[{"href":"https:\/\/rmvapesale.com\/sl\/wp-json\/wp\/v2\/types\/product"}],"replies":[{"embeddable":true,"href":"https:\/\/rmvapesale.com\/sl\/wp-json\/wp\/v2\/comments?post=2138"}],"wp:featuredmedia":[{"embeddable":true,"href":"https:\/\/rmvapesale.com\/sl\/wp-json\/wp\/v2\/media\/2135"}],"wp:attachment":[{"href":"https:\/\/rmvapesale.com\/sl\/wp-json\/wp\/v2\/media?parent=2138"}],"wp:term":[{"taxonomy":"product_brand","embeddable":true,"href":"https:\/\/rmvapesale.com\/sl\/wp-json\/wp\/v2\/product_brand?post=2138"},{"taxonomy":"product_cat","embeddable":true,"href":"https:\/\/rmvapesale.com\/sl\/wp-json\/wp\/v2\/product_cat?post=2138"},{"taxonomy":"product_tag","embeddable":true,"href":"https:\/\/rmvapesale.com\/sl\/wp-json\/wp\/v2\/product_tag?post=2138"}],"curies":[{"name":"wp","href":"https:\/\/api.w.org\/{rel}","templated":true}]}}