{"id":2154,"date":"2024-09-25T03:43:51","date_gmt":"2024-09-25T03:43:51","guid":{"rendered":"https:\/\/rmvapesale.com\/?post_type=product&#038;p=2154"},"modified":"2025-01-21T09:29:14","modified_gmt":"2025-01-21T09:29:14","slug":"vozol-vista-20000-puffs-smart-disposable-vape","status":"publish","type":"product","link":"https:\/\/rmvapesale.com\/sl\/product\/vozol-vista-20000-puffs-smart-disposable-vape\/","title":{"rendered":"Vozol Vista 20000 vpihov Pametni Vape za enkratno uporabo"},"content":{"rendered":"<div class=\"B2VR9 CJHX3e\">\n<div class=\"wyccme\">\n<h1>Vozol Vista 20000 vpihov Pametni Vape za enkratno uporabo<\/h1>\n<p>VOZOL VISTA 20000 vdihov je vro\u010d pametni enkratni vape z \u017eivahnim barvnim zaslonom za enostavno spremljanje mo\u010di, ravni nikotina in \u017eivljenjske dobe baterije. Prozoren dizajn vam omogo\u010da, da vidite tehnologijo v akciji z vsakim vdihom, kar vaping naredi vizualni u\u017eitek. Z vrhunskim 6-stopenjskim nadzorom mo\u010di lahko zavrtite napravo, da najdete idealno intenzivnost. Ta funkcija VOZOL VISTA 20000 z 20 ml olja in 650 mAh polnilno baterijo vam bo zagotovila 20000 vdihov vape!<\/p>\n<\/div>\n<div class=\"wyccme\">\n<p>&nbsp;<\/p>\n<\/div>\n<\/div>\n<p><strong>Kontaktirajte Amy za pravi odgovor in ve\u010d videoposnetkov o izdelkih!<\/strong><\/p>\n<p><img loading=\"lazy\" decoding=\"async\" class=\"size-full wp-image-1978\" src=\"https:\/\/rmvapesale.com\/wp-content\/uploads\/2024\/09\/Disposable-Vape-Wholesale.jpg\" alt=\"Vape za enkratno uporabo na debelo\" width=\"229\" height=\"300\" \/><\/p>\n<h3><span style=\"color: #ff0000\"><strong>WhatsApp: +86 17776015835<\/strong><\/span><\/h3>\n<p>&nbsp;<\/p>\n<h2><\/h2>\n<h2><strong>Klju\u010dne zna\u010dilnosti VOZOL Vista 20000 vdihov<\/strong><\/h2>\n<p>Do 20000 vdihov Vape<br \/>\nKapaciteta e-tekline: 20 ml<br \/>\nKapaciteta baterije: 650 mAh<br \/>\nDvojna mre\u017easta tuljava<br \/>\n6-stopenjski nadzor mo\u010di<br \/>\nBarvni zaslon<br \/>\nVrvica za nosilec<br \/>\n360\u00b0 nastavitev menjalnika<\/p>\n<figure id=\"attachment_2148\" aria-describedby=\"caption-attachment-2148\" style=\"width: 300px\" class=\"wp-caption alignnone\"><img loading=\"lazy\" decoding=\"async\" class=\"size-medium wp-image-2148\" src=\"https:\/\/rmvapesale.com\/wp-content\/uploads\/2024\/09\/Vozol-Vista-20000-Disposable-Vape-300x300.png\" alt=\"Vozol Vista 20000 Enkratni Vape\" width=\"300\" height=\"300\" srcset=\"https:\/\/rmvapesale.com\/wp-content\/uploads\/2024\/09\/Vozol-Vista-20000-Disposable-Vape-300x300.png 300w, https:\/\/rmvapesale.com\/wp-content\/uploads\/2024\/09\/Vozol-Vista-20000-Disposable-Vape-150x150.png 150w, https:\/\/rmvapesale.com\/wp-content\/uploads\/2024\/09\/Vozol-Vista-20000-Disposable-Vape-768x768.png 768w, https:\/\/rmvapesale.com\/wp-content\/uploads\/2024\/09\/Vozol-Vista-20000-Disposable-Vape-600x600.png 600w, https:\/\/rmvapesale.com\/wp-content\/uploads\/2024\/09\/Vozol-Vista-20000-Disposable-Vape-100x100.png 100w, https:\/\/rmvapesale.com\/wp-content\/uploads\/2024\/09\/Vozol-Vista-20000-Disposable-Vape.png 788w\" sizes=\"auto, (max-width: 300px) 100vw, 300px\" \/><figcaption id=\"caption-attachment-2148\" class=\"wp-caption-text\">Vozol Vista 20000 Enkratni Vape<\/figcaption><\/figure>\n<h2><strong>Najbolj\u0161i okus za VOZOL VISTA 20000 Vape<\/strong><\/h2>\n<p>VOZOL VISTA 20000 vape podo s 20 okusi, vsak zasnovan za edinstveno in zadovoljivo vaping izku\u0161njo, nekaj najbolj\u0161ega za vas!<\/p>\n<p>&nbsp;<\/p>\n<p>1. \u010ce\u0161nja Cola<br \/>\n2. Breskova ledena<br \/>\n3. Kislina jabol\u010dna ledena<br \/>\n4.Miami Mint<br \/>\n5. Grozdni led<br \/>\n6. Melonov led<br \/>\n7. Modri Razz led<span style=\"color: #ff0000\"><strong>&gt;&gt;&gt;&gt;Najbolj\u0161e!<\/strong><\/span><br \/>\n8. Breskev Mango Melona<br \/>\n9.Jagoda Mango<br \/>\n10. Malina Melona<br \/>\n11. VZBul<br \/>\n12. Melonov \u017eve\u010dilni gumi z melono<br \/>\n13. Vanicreme Tobak<br \/>\n14. Me\u0161ano jagodi\u010devje<span style=\"color: #ff0000\"><strong>&gt;&gt;&gt;&gt;Vro\u010de!<\/strong><\/span><br \/>\n15. Limona Lime<br \/>\n16. Jagoda Malina \u010ce\u0161nja<span style=\"color: #ff0000\"><strong>&gt;&gt;&gt;&gt;Vro\u010de!<\/strong><\/span><br \/>\n17. Mango led<br \/>\n18. Zmajevo sadje Banana \u010ce\u0161nja<br \/>\n19. Bezgov cvet Grenivka<br \/>\n20. LavaFire<\/p>\n<p>&nbsp;<\/p>\n<h2><strong>Vpra\u0161anja, ki bi vas lahko zanimala o VOZOL VISTA 20000 potov<\/strong><\/h2>\n<p>&nbsp;<\/p>\n<p><strong>1. Je VOZOL VISTA 20000 enkratna elektronska cigareta z mo\u017enostjo polnjenja?<\/strong><br \/>\nDa, VOZOL VISTA 20000 vklju\u010duje 650 mAh baterijo, ki jo je mogo\u010de polniti, in zagotavlja dolgo trajajo\u010do u\u017eivanje.<\/p>\n<p><strong>2. Koliko potov lahko dobite iz VOZOL VISTA 20000?<\/strong><br \/>\nVOZOL VISTA 20000 zagotavlja pribli\u017eno 20000 potov, odvisno od uporabe, in je na voljo v 20 okusih.<\/p>\n<p><strong>3. Koliko \u010dasa traja polnjenje VOZOL VISTA 20000?<\/strong><br \/>\nVre\u010dka za enkratno uporabo Vozol VISTA 20000 se lahko popolnoma napolni v samo 30 do 35 minutah, kar zagotavlja hitro pripravljenost za uporabo.<\/p>\n<p>&nbsp;<\/p>\n<h3><b>Pogosta vpra\u0161anja<\/b><\/h3>\n<p>&nbsp;<\/p>\n<div class=\"flex-shrink-0 flex flex-col relative items-end\">\n<div>\n<div class=\"pt-0\">\n<div class=\"gizmo-bot-avatar flex h-8 w-8 items-center justify-center overflow-hidden rounded-full\">\n<div class=\"relative p-1 rounded-sm flex items-center justify-center bg-token-main-surface-primary text-token-text-primary h-8 w-8\"><strong>Kateri na\u010dini po\u0161iljanja so na voljo?<\/strong><\/div>\n<\/div>\n<\/div>\n<\/div>\n<\/div>\n<div class=\"group\/conversation-turn relative flex w-full min-w-0 flex-col agent-turn\">\n<div class=\"flex-col gap-1 md:gap-3\">\n<div class=\"flex max-w-full flex-col flex-grow\">\n<div class=\"min-h-[20px] text-message flex w-full flex-col items-end gap-2 whitespace-normal break-words [.text-message+&amp;]:mt-5 overflow-x-auto\" dir=\"auto\" data-message-author-role=\"assistant\" data-message-id=\"22f8283b-3233-46ff-89a5-c7a41b33abda\">\n<div class=\"flex w-full flex-col gap-1 empty:hidden first:pt-[3px]\">\n<div class=\"markdown prose w-full break-words dark:prose-invert light\">\n<p>Sodelujemo z UPS, DHL, FedEx, DPD in drugimi vodilnimi prevozniki. Izbrali bomo najbolj\u0161i na\u010din po\u0161iljanja glede na va\u0161o lokacijo dostave, da zagotovimo, da boste izdelke prejeli \u010dim hitreje.<\/p>\n<\/div>\n<p><strong>Kako dolgo traja dostava?<\/strong><\/p>\n<p>Paketi, poslani v Slovenijo, obi\u010dajno prispejo v 10 delovnih dneh. Po\u0161iljanje v evropske dr\u017eave obi\u010dajno traja pribli\u017eno 12-15 delovnih dni. Zagotovili vam bomo sprotne posodobitve o statusu va\u0161ega po\u0161iljanja.<\/p>\n<\/div>\n<p><strong>Garancija<\/strong><\/p>\n<p><span style=\"color: #ff0000\"><strong>Vsi izdelki v na\u0161i trgovini so zajam\u010deno 100% originalni in pristni. Za ponarejeno blago nudimo 10-kratno nadomestilo!<\/strong><\/span><\/p>\n<div class=\"flex w-full flex-col gap-1 empty:hidden first:pt-[3px]\">\n<p>&nbsp;<\/p>\n<\/div>\n<\/div>\n<\/div>\n<\/div>\n<\/div>\n<p>&nbsp;<\/p>\n<p>Drugi vro\u010d prodajni vape, ki vam bo morda v\u0161e\u010d:<\/p>\n<p><strong><a href=\"https:\/\/rmvapesale.com\/sl\/product\/bang-pulse-18000-puffs-18k-disposable-vape-factory-price\/\">Bang Pulse 18000 vdihov\u00a0<\/a><\/strong><\/p>\n<p><a href=\"https:\/\/rmvapesale.com\/sl\/product\/bang-20000-puffs-disposable-vape-wholesale-supplier\/\"><strong>WGA Crystal Pro Max Extra 15000<\/strong><\/a><\/p>\n<p><a href=\"https:\/\/rmvapesale.com\/sl\/product\/wga-crystal-pro-max-extra-15k-puffs-disposable-vape-wholesale\/\"><strong>Bang 25000 Vdihov<\/strong><\/a><\/p>\n<p><a href=\"https:\/\/rmvapesale.com\/sl\/product\/wga-crystal-plus-smart-16000-disposable-vape\/\"><strong>WGA Crystal Plus Smart 16000 Vdihov\u00a0<\/strong><\/a><\/p>\n<p>&nbsp;<\/p>\n<p>&nbsp;<\/p>\n<p>Poi\u0161\u010di ve\u010d izdelkov Vape, ki so ti morda v\u0161e\u010d:<strong><em><a href=\"https:\/\/rmvapesale.com\/sl\/shop-2\/\">nakupuj zdaj &gt;&gt;&gt;<\/a><\/em><\/strong><\/p>","protected":false},"excerpt":{"rendered":"<p>Vozol Vista 20000 vdihov 50mg Enkratni vape<br \/>\nVozol Vista 20000 Enkratni Vape na debelo<br \/>\nVozol Vista 20000 Polnilni Vape za enkratno uporabo<\/p>\n<p><strong>Kontaktirajte Amy za ve\u010dji popust in ni\u017eji MOQ Vape<\/strong><\/p>\n<p><img loading=\"lazy\" decoding=\"async\" class=\"size-full wp-image-1978\" src=\"https:\/\/rmvapesale.com\/wp-content\/uploads\/2024\/09\/Disposable-Vape-Wholesale.jpg\" alt=\"Vape za enkratno uporabo na debelo\" width=\"229\" height=\"300\" \/><\/p>\n<h3><span style=\"color: #ff0000\"><strong>WhatsApp: +86 17776015835<\/strong><\/span><\/h3>","protected":false},"featured_media":2152,"comment_status":"open","ping_status":"closed","template":"","meta":{"_uag_custom_page_level_css":"","_lmt_disableupdate":"no","_lmt_disable":"","site-sidebar-layout":"default","site-content-layout":"content-boxed-container","ast-site-content-layout":"normal-width-container","site-content-style":"boxed","site-sidebar-style":"unboxed","ast-global-header-display":"","ast-banner-title-visibility":"","ast-main-header-display":"","ast-hfb-above-header-display":"","ast-hfb-below-header-display":"","ast-hfb-mobile-header-display":"","site-post-title":"","ast-breadcrumbs-content":"","ast-featured-img":"","footer-sml-layout":"","theme-transparent-header-meta":"default","adv-header-id-meta":"","stick-header-meta":"","header-above-stick-meta":"","header-main-stick-meta":"","header-below-stick-meta":"","astra-migrate-meta-layouts":"set","ast-page-background-enabled":"default","ast-page-background-meta":{"desktop":{"background-color":"var(--ast-global-color-4)","background-image":"","background-repeat":"repeat","background-position":"center center","background-size":"auto","background-attachment":"scroll","background-type":"","background-media":"","overlay-type":"","overlay-color":"","overlay-opacity":"","overlay-gradient":""},"tablet":{"background-color":"","background-image":"","background-repeat":"repeat","background-position":"center center","background-size":"auto","background-attachment":"scroll","background-type":"","background-media":"","overlay-type":"","overlay-color":"","overlay-opacity":"","overlay-gradient":""},"mobile":{"background-color":"","background-image":"","background-repeat":"repeat","background-position":"center center","background-size":"auto","background-attachment":"scroll","background-type":"","background-media":"","overlay-type":"","overlay-color":"","overlay-opacity":"","overlay-gradient":""}},"ast-content-background-meta":{"desktop":{"background-color":"var(--ast-global-color-5)","background-image":"","background-repeat":"repeat","background-position":"center center","background-size":"auto","background-attachment":"scroll","background-type":"","background-media":"","overlay-type":"","overlay-color":"","overlay-opacity":"","overlay-gradient":""},"tablet":{"background-color":"var(--ast-global-color-5)","background-image":"","background-repeat":"repeat","background-position":"center center","background-size":"auto","background-attachment":"scroll","background-type":"","background-media":"","overlay-type":"","overlay-color":"","overlay-opacity":"","overlay-gradient":""},"mobile":{"background-color":"var(--ast-global-color-5)","background-image":"","background-repeat":"repeat","background-position":"center center","background-size":"auto","background-attachment":"scroll","background-type":"","background-media":"","overlay-type":"","overlay-color":"","overlay-opacity":"","overlay-gradient":""}},"_joinchat":[]},"product_brand":[],"product_cat":[15,289,291,293,295,299,284,255,25,123,28,135,27,137,136,30],"product_tag":[94,63,54,93],"class_list":{"0":"post-2154","1":"product","2":"type-product","3":"status-publish","4":"has-post-thumbnail","6":"product_cat-new-vape-this-week","7":"product_cat-big-puffs-disposable-vapes","8":"product_cat-dual-mesh-disposable-vapes","9":"product_cat-low-nicotine-disposable-vapes","10":"product_cat-rechargeable-disposable-vapes","11":"product_cat-smart-screen-disposable-vapes","12":"product_cat-vozol-vape","13":"product_cat-20000-puff-disposable-vape","14":"product_cat-germany-best-selling-vape","15":"product_cat-italy-wholesale-vape","16":"product_cat-poland-hot-sale-vape","17":"product_cat-spain-best-hot-sale-vape","18":"product_cat-fance-hot-sale-vape","19":"product_cat-rechargeable-vapes","20":"product_cat-smart-screen-vapes","21":"product_cat-minimum-order-quantity-50pcs","22":"product_tag-20000-puffs-disposable-vape","23":"product_tag-bang-vapes","24":"product_tag-rechargeable-disposable-vape","25":"product_tag-vozol-vista-20000-vape","26":"desktop-align-left","27":"tablet-align-left","28":"mobile-align-left","30":"first","31":"instock","32":"sale","33":"shipping-taxable","34":"purchasable","35":"product-type-simple"},"uagb_featured_image_src":{"full":["https:\/\/rmvapesale.com\/wp-content\/uploads\/2024\/09\/Vozol-Vista-20000-Rechargeable-Disposable-Vape.png",788,788,false],"thumbnail":["https:\/\/rmvapesale.com\/wp-content\/uploads\/2024\/09\/Vozol-Vista-20000-Rechargeable-Disposable-Vape-150x150.png",150,150,true],"medium":["https:\/\/rmvapesale.com\/wp-content\/uploads\/2024\/09\/Vozol-Vista-20000-Rechargeable-Disposable-Vape-300x300.png",300,300,true],"medium_large":["https:\/\/rmvapesale.com\/wp-content\/uploads\/2024\/09\/Vozol-Vista-20000-Rechargeable-Disposable-Vape-768x768.png",768,768,true],"large":["https:\/\/rmvapesale.com\/wp-content\/uploads\/2024\/09\/Vozol-Vista-20000-Rechargeable-Disposable-Vape.png",788,788,false],"1536x1536":["https:\/\/rmvapesale.com\/wp-content\/uploads\/2024\/09\/Vozol-Vista-20000-Rechargeable-Disposable-Vape.png",788,788,false],"2048x2048":["https:\/\/rmvapesale.com\/wp-content\/uploads\/2024\/09\/Vozol-Vista-20000-Rechargeable-Disposable-Vape.png",788,788,false],"trp-custom-language-flag":["https:\/\/rmvapesale.com\/wp-content\/uploads\/2024\/09\/Vozol-Vista-20000-Rechargeable-Disposable-Vape.png",12,12,false],"woocommerce_thumbnail":["https:\/\/rmvapesale.com\/wp-content\/uploads\/2024\/09\/Vozol-Vista-20000-Rechargeable-Disposable-Vape-300x300.png",300,300,true],"woocommerce_single":["https:\/\/rmvapesale.com\/wp-content\/uploads\/2024\/09\/Vozol-Vista-20000-Rechargeable-Disposable-Vape-600x600.png",600,600,true],"woocommerce_gallery_thumbnail":["https:\/\/rmvapesale.com\/wp-content\/uploads\/2024\/09\/Vozol-Vista-20000-Rechargeable-Disposable-Vape-100x100.png",100,100,true],"wcpr-photo-reviews":["https:\/\/rmvapesale.com\/wp-content\/uploads\/2024\/09\/Vozol-Vista-20000-Rechargeable-Disposable-Vape.png",500,500,false]},"uagb_author_info":{"display_name":"AMY","author_link":"https:\/\/rmvapesale.com\/sl\/author\/"},"uagb_comment_info":0,"uagb_excerpt":"Vozol Vista 20000 puffs 50mg Disposable vape Vozol Vista 20000 Disposable Vape Wholesale Vozol Vista 20000 Rechargeable Disposable Vape Contact Amy For More Discount And Lower MOQ Vape WhatsApp: +86 17776015835","_links":{"self":[{"href":"https:\/\/rmvapesale.com\/sl\/wp-json\/wp\/v2\/product\/2154","targetHints":{"allow":["GET"]}}],"collection":[{"href":"https:\/\/rmvapesale.com\/sl\/wp-json\/wp\/v2\/product"}],"about":[{"href":"https:\/\/rmvapesale.com\/sl\/wp-json\/wp\/v2\/types\/product"}],"replies":[{"embeddable":true,"href":"https:\/\/rmvapesale.com\/sl\/wp-json\/wp\/v2\/comments?post=2154"}],"wp:featuredmedia":[{"embeddable":true,"href":"https:\/\/rmvapesale.com\/sl\/wp-json\/wp\/v2\/media\/2152"}],"wp:attachment":[{"href":"https:\/\/rmvapesale.com\/sl\/wp-json\/wp\/v2\/media?parent=2154"}],"wp:term":[{"taxonomy":"product_brand","embeddable":true,"href":"https:\/\/rmvapesale.com\/sl\/wp-json\/wp\/v2\/product_brand?post=2154"},{"taxonomy":"product_cat","embeddable":true,"href":"https:\/\/rmvapesale.com\/sl\/wp-json\/wp\/v2\/product_cat?post=2154"},{"taxonomy":"product_tag","embeddable":true,"href":"https:\/\/rmvapesale.com\/sl\/wp-json\/wp\/v2\/product_tag?post=2154"}],"curies":[{"name":"wp","href":"https:\/\/api.w.org\/{rel}","templated":true}]}}