{"id":2290,"date":"2024-10-07T08:22:06","date_gmt":"2024-10-07T08:22:06","guid":{"rendered":"https:\/\/rmvapesale.com\/?post_type=product&#038;p=2290"},"modified":"2025-01-21T10:00:27","modified_gmt":"2025-01-21T10:00:27","slug":"aivono-aim-magic-20000-20k-puffs-disposable-vape-pod","status":"publish","type":"product","link":"https:\/\/rmvapesale.com\/sl\/product\/aivono-aim-magic-20000-20k-puffs-disposable-vape-pod\/","title":{"rendered":"Aivono Aim Magic 20000 20K Vdihov, strok za enkratno uporabo Vape"},"content":{"rendered":"<div class=\"B2VR9 CJHX3e\">\n<div class=\"wyccme\">\n<h1 class=\"LC20lb MBeuO DKV0Md\">Aivono Aim Magic 20000 20K Vdihov, strok za enkratno uporabo Vape<\/h1>\n<div class=\"flex-shrink-0 flex flex-col relative items-end\">\n<div>\n<div class=\"pt-0\">\n<div class=\"gizmo-bot-avatar flex h-8 w-8 items-center justify-center overflow-hidden rounded-full\">\n<div class=\"relative p-1 rounded-sm flex items-center justify-center bg-token-main-surface-primary text-token-text-primary h-8 w-8\"><\/div>\n<\/div>\n<\/div>\n<\/div>\n<\/div>\n<div class=\"group\/conversation-turn relative flex w-full min-w-0 flex-col agent-turn\">\n<div class=\"flex-col gap-1 md:gap-3\">\n<div class=\"flex max-w-full flex-col flex-grow\">\n<div class=\"min-h-8 text-message flex w-full flex-col items-end gap-2 whitespace-normal break-words [.text-message+&amp;]:mt-5\" dir=\"auto\" data-message-author-role=\"assistant\" data-message-id=\"871c1362-82be-4876-894c-d28f37ffd3d3\">\n<div class=\"flex w-full flex-col gap-1 empty:hidden first:pt-[3px]\">\n<div class=\"markdown prose w-full break-words dark:prose-invert light\">\n<p>Predstavljamo <strong>Aivono Aim Magic 20000 20K Vdihov, strok za enkratno uporabo Vape<\/strong>, vrhunska izbira za dolgotrajno zadovoljstvo pri vejpanju. Z impresivno <strong>20.000 vpihi<\/strong> in 24 ml predhodno napolnjene e-teko\u010dine, ta naprava zagotavlja dolgotrajno in prijetno izku\u0161njo.<\/p>\n<p>Z mre\u017easto tuljavo 1,0 ohm in nastavljivim pretokom zraka, <strong>AIVINO AIM MAGIC 20000<\/strong> zagotavlja gladko proizvodnjo pare in prilagodljive vdihe. Kljub izjemni zmogljivosti je na voljo po <strong>konkuren\u010dni ceni<\/strong>, ki ponuja neprekosljivo vrednost brez kompromisov pri kakovosti.<\/p>\n<p>Popoln za trgovce na drobno in debelo, na\u0161e <strong>mo\u017enosti veleprodaje<\/strong> podjetjem omogo\u010dajo, da se zalo\u017eijo s to priljubljeno napravo za e-vodno pipo in u\u010dinkovito zadovoljijo povpra\u0161evanje strank. Poleg tega u\u017eivajte v udobju <strong>hitre dostave<\/strong>, ki zagotavlja takoj\u0161njo dostavo va\u0161e AIVINO AIM MAGIC 20000 Puffs Disposable Vape. Ne glede na to, ali ste navdu\u0161enec nad vejpanjem, trgovec na drobno ali trgovec na debelo, je to va\u0161a idealna izbira.<\/p>\n<p>&nbsp;<\/p>\n<\/div>\n<\/div>\n<\/div>\n<\/div>\n<\/div>\n<\/div>\n<\/div>\n<\/div>\n<p><strong>Kontaktirajte Amy za pravi odgovor in ve\u010d videoposnetkov o izdelkih!<\/strong><\/p>\n<p><img loading=\"lazy\" decoding=\"async\" class=\"size-full wp-image-1978\" src=\"https:\/\/rmvapesale.com\/wp-content\/uploads\/2024\/09\/Disposable-Vape-Wholesale.jpg\" alt=\"Vape za enkratno uporabo na debelo\" width=\"229\" height=\"300\" \/><\/p>\n<h3><span style=\"color: #ff0000\"><strong>WhatsApp: +86 17776015835<\/strong><\/span><\/h3>\n<p>&nbsp;<\/p>\n<h2><\/h2>\n<h2><strong>Klju\u010dne lastnosti Aivono Aim Magic 20000 Puffs Vape<\/strong><\/h2>\n<p>Vpihov: 20000 Vpihov<br \/>\nKapaciteta e-teko\u010dine: 24 ml<br \/>\nKapaciteta: 600mA (polnilna)<br \/>\nUpornost \u017eice tuljave: 1,0 \u03a9 dvojedrno mre\u017easto jedro<br \/>\n30 minut polnega polnjenja<br \/>\nNastavljiva nizka-Norm visoka-boost<br \/>\nBaterija<br \/>\nIzbira LED lu\u010di<br \/>\nDvojne mre\u017easte tuljave<br \/>\nVelikost izdelka: 43*102 mm<br \/>\nVsebnost nikotinske soli: 5%\/3%\/2%\/0%<br \/>\nMo\u017enost polnjenja: Type-C<\/p>\n<h2><\/h2>\n<h2><strong>Vrhunski okus za Aivono Aim Magic 20000 Vpihov<\/strong><\/h2>\n<p>Aivono Aim Magic 20000 20K Vpihov Vape Pod za enkratno uporabo ponuja 15 slastnih okusov, izbirajte med razli\u010dnimi okusi, vklju\u010dno s klasi\u010dnim tobakom, osve\u017eujo\u010do hladno meto in eksoti\u010dno sladkobo grozdja, pri \u010demer vsak obljublja bogato in zadovoljivo potovanje z vsakim vdihom.<\/p>\n<p>1. Blue Razz Ice (Modra malina led)<span style=\"color: #ff0000\"><strong>&gt;&gt;&gt;&gt; Vro\u010de!<\/strong><\/span><br \/>\n2. Blueberry Ice (Borovnica led)<br \/>\n3. Cool Mint (Hladna meta)<span style=\"color: #ff0000\"><strong>&gt;&gt;&gt;&gt; Vro\u010de!<\/strong><\/span><br \/>\n4. Grape Ice (Grozdje led)<br \/>\n5. Mango Pineapple (Mango ananas)<br \/>\n6. Mixed Berry (Me\u0161ano jagodi\u010devje)<br \/>\n7. Peach Ice (Breskev led)<br \/>\n8. Pineapple Coconut (Ananas kokos)<br \/>\n9. Pink Lemon Ice (Roza limona led)<br \/>\n10. Strawberry Ice Cream (Jagodni sladoled)<span style=\"color: #ff0000\"><strong>&gt;&gt;&gt;&gt; Vro\u010de!<\/strong><\/span><br \/>\n11. Strawberry Ice (Jagoda led)<br \/>\n12. Strawberry Kiwi (Jagoda kivi)<br \/>\n13. Strawberry Watermelon (Jagoda lubenica)<br \/>\n14. Watermelon Bubble Gum (Lubenica \u017eve\u010dilni gumi)<span style=\"color: #ff0000\"><strong>&gt;&gt;&gt;&gt; Najbolj\u0161e!<\/strong><\/span><br \/>\n15. Ledena lubenica<\/p>\n<figure id=\"attachment_2288\" aria-describedby=\"caption-attachment-2288\" style=\"width: 808px\" class=\"wp-caption alignnone\"><img loading=\"lazy\" decoding=\"async\" class=\"wp-image-2288 size-full\" src=\"https:\/\/rmvapesale.com\/wp-content\/uploads\/2024\/09\/Aivono-Magic-20000-Puffs-Vape.jpg\" alt=\"Aivono Magic 20000 Vpihov Vape\" width=\"808\" height=\"977\" srcset=\"https:\/\/rmvapesale.com\/wp-content\/uploads\/2024\/09\/Aivono-Magic-20000-Puffs-Vape.jpg 808w, https:\/\/rmvapesale.com\/wp-content\/uploads\/2024\/09\/Aivono-Magic-20000-Puffs-Vape-248x300.jpg 248w, https:\/\/rmvapesale.com\/wp-content\/uploads\/2024\/09\/Aivono-Magic-20000-Puffs-Vape-768x929.jpg 768w, https:\/\/rmvapesale.com\/wp-content\/uploads\/2024\/09\/Aivono-Magic-20000-Puffs-Vape-600x725.jpg 600w\" sizes=\"auto, (max-width: 808px) 100vw, 808px\" \/><figcaption id=\"caption-attachment-2288\" class=\"wp-caption-text\">Aivono Magic 20000 Vpihov Vape<\/figcaption><\/figure>\n<h2><strong>Vpra\u0161anja, ki bi vas morda zanimala o Aivono Aim Magic 20k Vape Pod<\/strong><\/h2>\n<p>&nbsp;<\/p>\n<div class=\"flex-shrink-0 flex flex-col relative items-end\">\n<div>\n<div class=\"pt-0\">\n<div class=\"gizmo-bot-avatar flex h-8 w-8 items-center justify-center overflow-hidden rounded-full\">\n<div class=\"relative p-1 rounded-sm flex items-center justify-center bg-token-main-surface-primary text-token-text-primary h-8 w-8\"><\/div>\n<\/div>\n<\/div>\n<\/div>\n<\/div>\n<div class=\"group\/conversation-turn relative flex w-full min-w-0 flex-col agent-turn\">\n<div class=\"flex-col gap-1 md:gap-3\">\n<div class=\"flex max-w-full flex-col flex-grow\">\n<div class=\"min-h-8 text-message flex w-full flex-col items-end gap-2 whitespace-normal break-words [.text-message+&amp;]:mt-5\" dir=\"auto\" data-message-author-role=\"assistant\" data-message-id=\"f226d3fc-81f3-46d5-8c46-31787fff0357\">\n<div class=\"flex w-full flex-col gap-1 empty:hidden first:pt-[3px]\">\n<div class=\"markdown prose w-full break-words dark:prose-invert light\">\n<p><strong>1. Koliko vpihov ponuja Aivono Aim Magic 20k Puffs Vape?<\/strong><strong>\u00a0ponuja?<\/strong><br \/>\nAivono Aim Magic 20k Puffs Vape zagotavlja do 2500 vpihov, kar mo\u010dno presega zmogljivost obi\u010dajnih vape za enkratno uporabo.<\/p>\n<p><strong>2. Katere okuse ponuja vape pisalo Aivono Aim Magic 20k Puffs Vape?<\/strong><br \/>\nPriljubljeni okusi vklju\u010dujejo Blue Razz Ice, Blueberry Ice, Cool Mint, Strawberry Ice Cream, Watermelon Bubble Gum itd.<\/p>\n<p><strong>3. Ali je Aivono Aim Magic 20k Puffs Vape primeren za za\u010detnike?<\/strong><br \/>\nDa, je popoln za za\u010detnike zaradi svoje preproste zasnove brez gumbov \u2013 za za\u010detek vapinga preprosto vdihnite.<\/p>\n<p><strong>4. Kako naj shranim svoj vape za enkratno uporabo?<\/strong><br \/>\nNapravo shranjujte v hladnem in suhem prostoru, stran od neposredne son\u010dne svetlobe ter izven dosega otrok in hi\u0161nih ljubljen\u010dkov.<\/p>\n<p><strong>5. Kako dolgo zdr\u017ei Aivono Aim Magic 20k Puffs Vape?<\/strong><br \/>\nZ zmogljivostjo 20000 vdihov lahko Aivono Aim Magic 20k Vdihov Vape zdr\u017ei ve\u010d dni, odvisno od uporabe.<\/p>\n<\/div>\n<\/div>\n<\/div>\n<\/div>\n<\/div>\n<\/div>\n<p>&nbsp;<\/p>\n<h3><b>Pogosta vpra\u0161anja<\/b><\/h3>\n<p>&nbsp;<\/p>\n<div class=\"flex-shrink-0 flex flex-col relative items-end\">\n<div>\n<div class=\"pt-0\">\n<div class=\"gizmo-bot-avatar flex h-8 w-8 items-center justify-center overflow-hidden rounded-full\">\n<div class=\"relative p-1 rounded-sm flex items-center justify-center bg-token-main-surface-primary text-token-text-primary h-8 w-8\"><strong>Kateri na\u010dini po\u0161iljanja so na voljo?<\/strong><\/div>\n<\/div>\n<\/div>\n<\/div>\n<\/div>\n<div class=\"group\/conversation-turn relative flex w-full min-w-0 flex-col agent-turn\">\n<div class=\"flex-col gap-1 md:gap-3\">\n<div class=\"flex max-w-full flex-col flex-grow\">\n<div class=\"min-h-[20px] text-message flex w-full flex-col items-end gap-2 whitespace-normal break-words [.text-message+&amp;]:mt-5 overflow-x-auto\" dir=\"auto\" data-message-author-role=\"assistant\" data-message-id=\"22f8283b-3233-46ff-89a5-c7a41b33abda\">\n<div class=\"flex w-full flex-col gap-1 empty:hidden first:pt-[3px]\">\n<div class=\"markdown prose w-full break-words dark:prose-invert light\">\n<p>Sodelujemo z UPS, DHL, FedEx, DPD in drugimi vodilnimi prevozniki. Izbrali bomo najbolj\u0161i na\u010din po\u0161iljanja glede na va\u0161o lokacijo dostave, da zagotovimo, da boste izdelke prejeli \u010dim hitreje.<\/p>\n<\/div>\n<p><strong>Kako dolgo traja dostava?<\/strong><\/p>\n<p>Paketi, poslani v Slovenijo, obi\u010dajno prispejo v 10 delovnih dneh. Po\u0161iljanje v evropske dr\u017eave obi\u010dajno traja pribli\u017eno 12-15 delovnih dni. Zagotovili vam bomo sprotne posodobitve o statusu va\u0161ega po\u0161iljanja.<\/p>\n<\/div>\n<p><strong>Garancija<\/strong><\/p>\n<p><span style=\"color: #ff0000\"><strong>Vsi izdelki v na\u0161i trgovini so zajam\u010deno 100% originalni in pristni. Za ponarejeno blago nudimo 10-kratno nadomestilo!<\/strong><\/span><\/p>\n<div class=\"flex w-full flex-col gap-1 empty:hidden first:pt-[3px]\">\n<p>&nbsp;<\/p>\n<\/div>\n<\/div>\n<\/div>\n<\/div>\n<\/div>\n<p>&nbsp;<\/p>\n<p>Drugi vro\u010d prodajni vape, ki vam bo morda v\u0161e\u010d:<\/p>\n<p>&nbsp;<\/p>\n<p><a href=\"https:\/\/rmvapesale.com\/sl\/product\/mesii-visual-box-16000-puffs-disposable-vape-full-screen\/\"><strong>MESii Visual Box 16000 Vdihov\u00a0 <span style=\"color: #ff0000\">&gt;&gt;&gt;&gt; pojdi!<\/span><\/strong><\/a><\/p>\n<p><strong><a href=\"https:\/\/rmvapesale.com\/sl\/product\/uzy-qute-800-puffs-disposable-vape-original-wholesale\/\">UZY QUTE 800 Puffs <span style=\"color: #ff0000\">&gt;&gt;&gt;&gt; pojdi!<\/span><\/a>\u00a0<\/strong><\/p>\n<p><a href=\"https:\/\/rmvapesale.com\/sl\/product\/waspe-20000-puffs-dual-mesh-box-disposable-vape\/\"><strong>WASPE 20000 Puffs <span style=\"color: #ff0000\">&gt;&gt;&gt;&gt; pojdi!<\/span><\/strong><\/a><\/p>\n<p>&nbsp;<\/p>\n<p>&nbsp;<\/p>\n<p>Poi\u0161\u010di ve\u010d izdelkov Vape, ki so ti morda v\u0161e\u010d:<strong><em><a href=\"https:\/\/rmvapesale.com\/sl\/shop-2\/\">nakupuj zdaj &gt;&gt;&gt;<\/a><\/em><\/strong><\/p>","protected":false},"excerpt":{"rendered":"<p>Veleprodaja Aivono Vapes Aim Magic 20000 vdihov<br \/>\nVeleprodaja Aivono Aim Magic 20000 20K Puffs Bar<br \/>\nAIVONO AIM MAGIC 20000 vdihov 0% 2% 3% 5% nikotina<\/p>\n<p><img loading=\"lazy\" decoding=\"async\" class=\"size-full wp-image-1978\" src=\"https:\/\/rmvapesale.com\/wp-content\/uploads\/2024\/09\/Disposable-Vape-Wholesale.jpg\" alt=\"Vape za enkratno uporabo na debelo\" width=\"229\" height=\"300\" \/><\/p>\n<h3><span style=\"color: #ff0000\"><strong>WhatsApp: +86 17776015835<\/strong><\/span><\/h3>\n<p>&nbsp;<\/p>","protected":false},"featured_media":2286,"comment_status":"open","ping_status":"closed","template":"","meta":{"_uag_custom_page_level_css":"","_lmt_disableupdate":"no","_lmt_disable":"","site-sidebar-layout":"default","site-content-layout":"content-boxed-container","ast-site-content-layout":"normal-width-container","site-content-style":"boxed","site-sidebar-style":"unboxed","ast-global-header-display":"","ast-banner-title-visibility":"","ast-main-header-display":"","ast-hfb-above-header-display":"","ast-hfb-below-header-display":"","ast-hfb-mobile-header-display":"","site-post-title":"","ast-breadcrumbs-content":"","ast-featured-img":"","footer-sml-layout":"","theme-transparent-header-meta":"default","adv-header-id-meta":"","stick-header-meta":"","header-above-stick-meta":"","header-main-stick-meta":"","header-below-stick-meta":"","astra-migrate-meta-layouts":"set","ast-page-background-enabled":"default","ast-page-background-meta":{"desktop":{"background-color":"var(--ast-global-color-4)","background-image":"","background-repeat":"repeat","background-position":"center center","background-size":"auto","background-attachment":"scroll","background-type":"","background-media":"","overlay-type":"","overlay-color":"","overlay-opacity":"","overlay-gradient":""},"tablet":{"background-color":"","background-image":"","background-repeat":"repeat","background-position":"center center","background-size":"auto","background-attachment":"scroll","background-type":"","background-media":"","overlay-type":"","overlay-color":"","overlay-opacity":"","overlay-gradient":""},"mobile":{"background-color":"","background-image":"","background-repeat":"repeat","background-position":"center center","background-size":"auto","background-attachment":"scroll","background-type":"","background-media":"","overlay-type":"","overlay-color":"","overlay-opacity":"","overlay-gradient":""}},"ast-content-background-meta":{"desktop":{"background-color":"var(--ast-global-color-5)","background-image":"","background-repeat":"repeat","background-position":"center center","background-size":"auto","background-attachment":"scroll","background-type":"","background-media":"","overlay-type":"","overlay-color":"","overlay-opacity":"","overlay-gradient":""},"tablet":{"background-color":"var(--ast-global-color-5)","background-image":"","background-repeat":"repeat","background-position":"center center","background-size":"auto","background-attachment":"scroll","background-type":"","background-media":"","overlay-type":"","overlay-color":"","overlay-opacity":"","overlay-gradient":""},"mobile":{"background-color":"var(--ast-global-color-5)","background-image":"","background-repeat":"repeat","background-position":"center center","background-size":"auto","background-attachment":"scroll","background-type":"","background-media":"","overlay-type":"","overlay-color":"","overlay-opacity":"","overlay-gradient":""}},"_joinchat":[]},"product_brand":[],"product_cat":[15,289,291,292,293,299,276,255,25,26,28,27,137,136,30],"product_tag":[122,66,101,121,115,120,116],"class_list":{"0":"post-2290","1":"product","2":"type-product","3":"status-publish","4":"has-post-thumbnail","6":"product_cat-new-vape-this-week","7":"product_cat-big-puffs-disposable-vapes","8":"product_cat-dual-mesh-disposable-vapes","9":"product_cat-digital-disposable-vapes","10":"product_cat-low-nicotine-disposable-vapes","11":"product_cat-smart-screen-disposable-vapes","12":"product_cat-aivono-vape","13":"product_cat-20000-puff-disposable-vape","14":"product_cat-germany-best-selling-vape","15":"product_cat-netherlands-hot-sale-vape","16":"product_cat-poland-hot-sale-vape","17":"product_cat-fance-hot-sale-vape","18":"product_cat-rechargeable-vapes","19":"product_cat-smart-screen-vapes","20":"product_cat-minimum-order-quantity-50pcs","21":"product_tag-aim-vapes","22":"product_tag-disposable-vape","23":"product_tag-led-display-vape","24":"product_tag-puff-20k","25":"product_tag-smart-screen-disposable-vape","26":"product_tag-vape-wholesale","27":"product_tag-vapes","28":"desktop-align-left","29":"tablet-align-left","30":"mobile-align-left","32":"first","33":"instock","34":"sale","35":"shipping-taxable","36":"purchasable","37":"product-type-simple"},"uagb_featured_image_src":{"full":["https:\/\/rmvapesale.com\/wp-content\/uploads\/2024\/09\/AIVONO-AIM-MAGIC20000-Puffs.jpg",808,808,false],"thumbnail":["https:\/\/rmvapesale.com\/wp-content\/uploads\/2024\/09\/AIVONO-AIM-MAGIC20000-Puffs-150x150.jpg",150,150,true],"medium":["https:\/\/rmvapesale.com\/wp-content\/uploads\/2024\/09\/AIVONO-AIM-MAGIC20000-Puffs-300x300.jpg",300,300,true],"medium_large":["https:\/\/rmvapesale.com\/wp-content\/uploads\/2024\/09\/AIVONO-AIM-MAGIC20000-Puffs-768x768.jpg",768,768,true],"large":["https:\/\/rmvapesale.com\/wp-content\/uploads\/2024\/09\/AIVONO-AIM-MAGIC20000-Puffs.jpg",808,808,false],"1536x1536":["https:\/\/rmvapesale.com\/wp-content\/uploads\/2024\/09\/AIVONO-AIM-MAGIC20000-Puffs.jpg",808,808,false],"2048x2048":["https:\/\/rmvapesale.com\/wp-content\/uploads\/2024\/09\/AIVONO-AIM-MAGIC20000-Puffs.jpg",808,808,false],"trp-custom-language-flag":["https:\/\/rmvapesale.com\/wp-content\/uploads\/2024\/09\/AIVONO-AIM-MAGIC20000-Puffs.jpg",12,12,false],"woocommerce_thumbnail":["https:\/\/rmvapesale.com\/wp-content\/uploads\/2024\/09\/AIVONO-AIM-MAGIC20000-Puffs-300x300.jpg",300,300,true],"woocommerce_single":["https:\/\/rmvapesale.com\/wp-content\/uploads\/2024\/09\/AIVONO-AIM-MAGIC20000-Puffs-600x600.jpg",600,600,true],"woocommerce_gallery_thumbnail":["https:\/\/rmvapesale.com\/wp-content\/uploads\/2024\/09\/AIVONO-AIM-MAGIC20000-Puffs-100x100.jpg",100,100,true],"wcpr-photo-reviews":["https:\/\/rmvapesale.com\/wp-content\/uploads\/2024\/09\/AIVONO-AIM-MAGIC20000-Puffs.jpg",500,500,false]},"uagb_author_info":{"display_name":"AMY","author_link":"https:\/\/rmvapesale.com\/sl\/author\/"},"uagb_comment_info":0,"uagb_excerpt":"Wholesale Aivono Vapes Aim Magic 20000 Puffs Wholesale Aivono Aim Magic 20000 20K Puffs Bar AIVONO AIM MAGIC 20000 Puffs 0% 2% 3% 5% Nicotine WhatsApp: +86 17776015835 &nbsp;","_links":{"self":[{"href":"https:\/\/rmvapesale.com\/sl\/wp-json\/wp\/v2\/product\/2290","targetHints":{"allow":["GET"]}}],"collection":[{"href":"https:\/\/rmvapesale.com\/sl\/wp-json\/wp\/v2\/product"}],"about":[{"href":"https:\/\/rmvapesale.com\/sl\/wp-json\/wp\/v2\/types\/product"}],"replies":[{"embeddable":true,"href":"https:\/\/rmvapesale.com\/sl\/wp-json\/wp\/v2\/comments?post=2290"}],"wp:featuredmedia":[{"embeddable":true,"href":"https:\/\/rmvapesale.com\/sl\/wp-json\/wp\/v2\/media\/2286"}],"wp:attachment":[{"href":"https:\/\/rmvapesale.com\/sl\/wp-json\/wp\/v2\/media?parent=2290"}],"wp:term":[{"taxonomy":"product_brand","embeddable":true,"href":"https:\/\/rmvapesale.com\/sl\/wp-json\/wp\/v2\/product_brand?post=2290"},{"taxonomy":"product_cat","embeddable":true,"href":"https:\/\/rmvapesale.com\/sl\/wp-json\/wp\/v2\/product_cat?post=2290"},{"taxonomy":"product_tag","embeddable":true,"href":"https:\/\/rmvapesale.com\/sl\/wp-json\/wp\/v2\/product_tag?post=2290"}],"curies":[{"name":"wp","href":"https:\/\/api.w.org\/{rel}","templated":true}]}}