{"id":2313,"date":"2024-10-09T09:34:18","date_gmt":"2024-10-09T09:34:18","guid":{"rendered":"https:\/\/rmvapesale.com\/?post_type=product&#038;p=2313"},"modified":"2024-10-09T09:51:33","modified_gmt":"2024-10-09T09:51:33","slug":"bang-box-30000-puff-smart-screen-disposable-vape-wholesale","status":"publish","type":"product","link":"https:\/\/rmvapesale.com\/sl\/product\/bang-box-30000-puff-smart-screen-disposable-vape-wholesale\/","title":{"rendered":"Bang Box 30000 Vpihov Pametni Zaslon Vape za Enkratno Uporabo Veleprodaja"},"content":{"rendered":"<div class=\"B2VR9 CJHX3e\">\n<div class=\"wyccme\">\n<h1 class=\"LC20lb MBeuO DKV0Md\">Bang Box 30000 Vpihov Pametni Zaslon Vape za Enkratno Uporabo Veleprodaja<\/h1>\n<div class=\"flex-shrink-0 flex flex-col relative items-end\">\n<div>\n<div class=\"pt-0\">\n<div class=\"gizmo-bot-avatar flex h-8 w-8 items-center justify-center overflow-hidden rounded-full\">\n<div class=\"relative p-1 rounded-sm flex items-center justify-center bg-token-main-surface-primary text-token-text-primary h-8 w-8\">\n<p>Bang Box 30000 Puff Smart Screen Vape za enkratno uporabo je zasnovan za zagotavljanje izjemne izku\u0161nje vapinga, zdaj je veleprodajna cena na voljo na rmvapesale. Z impresivnimi 30.000 vpihi in veliko zmogljivostjo 35 ml e-teko\u010dine je zasnovan za dolgotrajno uporabo.<\/p>\n<p>Ta naprava za enkratno uporabo vape box ponuja mo\u017enosti nikotina 0%, 2%, 3% ali 5%, zaradi \u010desar je primerna tako za nove kot za izku\u0161ene uporabnike. Pona\u0161a se z 850 mAh polnilno baterijo in dvojno mre\u017easto tuljavo, kar zagotavlja bogat okus in dosledno proizvodnjo pare pri vsakem vdihu.<\/p>\n<p>Bang Box 30k odlikuje pametni zaslon, ki prikazuje ravni olja in mo\u010di, kar uporabnikom omogo\u010da enostavno spremljanje stanja svojega vapea. Na voljo je v 12 edinstvenih okusih, zato se najde nekaj za vsak okus.<\/p>\n<p>Idealen za veleprodajne kupce, Bang Box 30000 Puff Smart Screen Vape za enkratno uporabo zdru\u017euje udobje, zmogljivost in raznolikost, zaradi \u010desar je najbolj\u0161a izbira za trgovce na drobno.<\/p>\n<\/div>\n<\/div>\n<\/div>\n<\/div>\n<\/div>\n<div class=\"group\/conversation-turn relative flex w-full min-w-0 flex-col agent-turn\">\n<div class=\"flex-col gap-1 md:gap-3\">\n<div class=\"flex max-w-full flex-col flex-grow\">\n<div class=\"min-h-8 text-message flex w-full flex-col items-end gap-2 whitespace-normal break-words [.text-message+&amp;]:mt-5\" dir=\"auto\" data-message-author-role=\"assistant\" data-message-id=\"871c1362-82be-4876-894c-d28f37ffd3d3\">\n<div class=\"flex w-full flex-col gap-1 empty:hidden first:pt-[3px]\">\n<div class=\"markdown prose w-full break-words dark:prose-invert light\">\n<p>&nbsp;<\/p>\n<\/div>\n<\/div>\n<\/div>\n<\/div>\n<\/div>\n<\/div>\n<\/div>\n<\/div>\n<p><strong>Kontaktirajte Amy za pravi odgovor in ve\u010d videoposnetkov o izdelkih!<\/strong><\/p>\n<p><img loading=\"lazy\" decoding=\"async\" class=\"size-full wp-image-1978\" src=\"https:\/\/rmvapesale.com\/wp-content\/uploads\/2024\/09\/Disposable-Vape-Wholesale.jpg\" alt=\"Vape za enkratno uporabo na debelo\" width=\"229\" height=\"300\" \/><\/p>\n<h3><a href=\"https:\/\/wa.me\/8617776015835\" target=\"_blank\" rel=\"noopener\"><span style=\"color: #ff0000\"><strong>WhatsApp: +86 17776015835<\/strong><\/span><\/a><\/h3>\n<p>&nbsp;<\/p>\n<h2><\/h2>\n<h2><strong>Klju\u010dne zna\u010dilnosti Bang Box 30000 Puff Smart Screen Vape<\/strong><\/h2>\n<p>Nikotin: 0% 2% 3% 5%<br \/>\nVpihi: 30000 vpihov<br \/>\nKapaciteta: 35 ml<br \/>\nNa voljo 12 okusov<br \/>\n850mah Polnilna<br \/>\nDvojna mre\u017easta tuljava<br \/>\nPametni zaslon: Indikator olja\/mo\u010di<\/p>\n<figure id=\"attachment_2311\" aria-describedby=\"caption-attachment-2311\" style=\"width: 300px\" class=\"wp-caption alignnone\"><img loading=\"lazy\" decoding=\"async\" class=\"size-medium wp-image-2311\" src=\"https:\/\/rmvapesale.com\/wp-content\/uploads\/2024\/10\/Bang-Box-30000-Puff-Smart-Screen-E-Cigarettes-300x300.jpg\" alt=\"Bang Box 30000 Puff Smart Screen E-cigarete\" width=\"300\" height=\"300\" srcset=\"https:\/\/rmvapesale.com\/wp-content\/uploads\/2024\/10\/Bang-Box-30000-Puff-Smart-Screen-E-Cigarettes-300x300.jpg 300w, https:\/\/rmvapesale.com\/wp-content\/uploads\/2024\/10\/Bang-Box-30000-Puff-Smart-Screen-E-Cigarettes-150x150.jpg 150w, https:\/\/rmvapesale.com\/wp-content\/uploads\/2024\/10\/Bang-Box-30000-Puff-Smart-Screen-E-Cigarettes-768x768.jpg 768w, https:\/\/rmvapesale.com\/wp-content\/uploads\/2024\/10\/Bang-Box-30000-Puff-Smart-Screen-E-Cigarettes-600x600.jpg 600w, https:\/\/rmvapesale.com\/wp-content\/uploads\/2024\/10\/Bang-Box-30000-Puff-Smart-Screen-E-Cigarettes-100x100.jpg 100w, https:\/\/rmvapesale.com\/wp-content\/uploads\/2024\/10\/Bang-Box-30000-Puff-Smart-Screen-E-Cigarettes.jpg 800w\" sizes=\"auto, (max-width: 300px) 100vw, 300px\" \/><figcaption id=\"caption-attachment-2311\" class=\"wp-caption-text\">Bang Box 30000 Puff Smart Screen E-cigarete<\/figcaption><\/figure>\n<h2><strong>Najbolj\u0161i okus za Bang Box 30000 Puff Smart Screen E-cigarete\u00a0<\/strong><\/h2>\n<p>Bang Box 30000 Puff Double Taste Smart Screen Disposable Vape ponuja 12 slastnih okusov. Izbirate lahko med razli\u010dnimi okusi, vklju\u010dno s klasi\u010dno osve\u017eilno hladno meto in eksoti\u010dno sladkostjo grozdja, pri \u010demer vsak obljublja bogato in zadovoljivo potovanje z vsakim vdihom.<\/p>\n<p>1.Jagoda Kivi<br \/>\n2.\u010crni izbruh<span style=\"color: #ff0000\"><strong>&gt;&gt;&gt;&gt; Vro\u010de!<\/strong><\/span><br \/>\n3. Jagoda lubenica<br \/>\n4.Sok iz d\u017eungle<br \/>\n5.Borovnica Kisla Malina Led<span style=\"color: #ff0000\"><strong>&gt;&gt;&gt;&gt; Vro\u010de!<\/strong><\/span><br \/>\n6.Lubeni\u010dni led<br \/>\n7.Borovni\u010dev led<br \/>\n8.Borovnica \u0160ipek<br \/>\n9.Borovni\u010dev Izbruh<span style=\"color: #ff0000\"><strong>&gt;&gt;&gt;&gt; Najbolj\u0161e!<\/strong><\/span><br \/>\n10.Jabolko Breskev<br \/>\n11.Pasijonka<br \/>\n12.Dvojno Grozdje<\/p>\n<p>&nbsp;<\/p>\n<div class=\"flex-shrink-0 flex flex-col relative items-end\">\n<div>\n<div class=\"pt-0\">\n<div class=\"gizmo-bot-avatar flex h-8 w-8 items-center justify-center overflow-hidden rounded-full\">\n<div class=\"relative p-1 rounded-sm flex items-center justify-center bg-token-main-surface-primary text-token-text-primary h-8 w-8\">\n<h3><b>Pogosta vpra\u0161anja<\/b><\/h3>\n<p>&nbsp;<\/p>\n<\/div>\n<\/div>\n<\/div>\n<\/div>\n<\/div>\n<div class=\"group\/conversation-turn relative flex w-full min-w-0 flex-col agent-turn\">\n<div class=\"flex-col gap-1 md:gap-3\">\n<div class=\"flex max-w-full flex-col flex-grow\">\n<div class=\"min-h-8 text-message flex w-full flex-col items-end gap-2 whitespace-normal break-words [.text-message+&amp;]:mt-5\" dir=\"auto\" data-message-author-role=\"assistant\" data-message-id=\"f226d3fc-81f3-46d5-8c46-31787fff0357\">\n<div class=\"flex w-full flex-col gap-1 empty:hidden first:pt-[3px]\">\n<div class=\"markdown prose w-full break-words dark:prose-invert light\">\n<p><strong>V1: Kak\u0161ne so jakosti nikotina na voljo za Bang Box 30000 Puff Smart Screen Vape za enkratno uporabo?<\/strong><br \/>\nO1: Bang Box ponuja mo\u017enosti nikotina 0%, 2%, 3% in 5%, kar uporabnikom omogo\u010da izbiro glede na njihove preference.<\/p>\n<p><strong>V2: Koliko vpihov ponuja Bang Box 30000 Puff Vape za enkratno uporabo?<\/strong><br \/>\nO2: Ta naprava zagotavlja do 30.000 vpihov, kar omogo\u010da podalj\u0161ano izku\u0161njo vapinga.<\/p>\n<p><strong>V3: Kateri okusi so na voljo za Bang Box 30000 Puff LED Display E-cigarete?<\/strong><br \/>\nA3: Izbirajte med 12 razburljivimi okusi, vklju\u010dno z jagodo kivijem, \u010drnim izbruhom, ledom iz lubenice, ledom iz borovnice in kisle maline ter \u0161e ve\u010d!<\/p>\n<p><strong>Q4: Kolik\u0161na je kapaciteta Bang Box 30000 Puff LED Display Disposable Vape?<\/strong><br \/>\nA4: Vejp vsebuje 35 ml e-teko\u010dine, kar zagotavlja dolgotrajno uporabo brez pogostega polnjenja.<\/p>\n<p><strong>Q5: Kako deluje funkcija pametnega zaslona na Bang Box 30000 Puff Disposable Vape?<\/strong><br \/>\nA5: Pametni zaslon prikazuje nivoje olja in baterije, kar uporabnikom pomaga enostavno spremljati stanje svoje naprave.<\/p>\n<p><strong>Q6: Ali je Bang Box 30k Puff Smart Screen E Cigarette mogo\u010de ponovno polniti?<\/strong><br \/>\nA6: Da, opremljen je z 850mAh baterijo za ponovno polnjenje, kar zagotavlja neprekinjeno uporabo, ko je to potrebno.<\/p>\n<p><strong>Q7: Kaj naredi dvojno mre\u017easto tuljavo posebno pri Bang Box 30000 Puff LED Display E Cigarettes?<\/strong><br \/>\nA7: Dvojna mre\u017easta tuljava izbolj\u0161a proizvodnjo pare in zagotavlja bogatej\u0161i, bolj dosleden okus.<\/p>\n<p><strong>Q8: Ali lahko kupim Bang Box 30000 Puff Disposable Vape v ve\u010dji koli\u010dini?<\/strong><br \/>\nA8: Da, nudimo <strong>Bang Box 30000 Puff Smart Screen Disposable Vape Ve\u010dji nakup<\/strong> in veleprodajne mo\u017enosti za trgovce na drobno.<\/p>\n<p><strong>Q9: Katera je najbolj\u0161a mo\u017enost za nakup Bang Box 30000 Puff LED Display Disposable Vejps na debelo?<\/strong><br \/>\nA9: Za najbolj konkuren\u010dne cene in mo\u017enosti nakupa v ve\u010djih koli\u010dinah, lahko razi\u0161\u010dete <strong>Bang Box 30000 Puff LED Display E Cigarettes Veleprodaja<\/strong> ponudbe.<\/p>\n<\/div>\n<\/div>\n<\/div>\n<\/div>\n<\/div>\n<\/div>\n<p>&nbsp;<\/p>\n<h3><\/h3>\n<h3>O po\u0161iljanju<\/h3>\n<div class=\"flex-shrink-0 flex flex-col relative items-end\">\n<div>\n<div class=\"pt-0\">\n<div class=\"gizmo-bot-avatar flex h-8 w-8 items-center justify-center overflow-hidden rounded-full\">\n<div><\/div>\n<div class=\"relative p-1 rounded-sm flex items-center justify-center bg-token-main-surface-primary text-token-text-primary h-8 w-8\"><strong>1. Katere metode po\u0161iljanja se uporabljajo?<\/strong><\/div>\n<\/div>\n<\/div>\n<\/div>\n<\/div>\n<div class=\"group\/conversation-turn relative flex w-full min-w-0 flex-col agent-turn\">\n<div class=\"flex-col gap-1 md:gap-3\">\n<div class=\"flex max-w-full flex-col flex-grow\">\n<div class=\"min-h-[20px] text-message flex w-full flex-col items-end gap-2 whitespace-normal break-words [.text-message+&amp;]:mt-5 overflow-x-auto\" dir=\"auto\" data-message-author-role=\"assistant\" data-message-id=\"22f8283b-3233-46ff-89a5-c7a41b33abda\">\n<div class=\"flex w-full flex-col gap-1 empty:hidden first:pt-[3px]\">\n<div class=\"markdown prose w-full break-words dark:prose-invert light\">\n<p>Sodelujemo z UPS, DHL, FedEx, DPD in drugimi vodilnimi prevozniki. Izbrali bomo najbolj\u0161i na\u010din po\u0161iljanja glede na va\u0161o lokacijo dostave, da zagotovimo, da boste izdelke prejeli \u010dim hitreje.<\/p>\n<\/div>\n<p><strong>2. Kako dolgo traja, da prispe?<\/strong><\/p>\n<p>Paketi, poslani v Slovenijo, obi\u010dajno prispejo v 10 delovnih dneh. Po\u0161iljanje v evropske dr\u017eave obi\u010dajno traja pribli\u017eno 12-15 delovnih dni. Zagotovili vam bomo sprotne posodobitve o statusu va\u0161ega po\u0161iljanja.<\/p>\n<\/div>\n<p><strong>3. Garancija<\/strong><\/p>\n<p><span style=\"color: #ff0000\"><strong>Vsi izdelki v na\u0161i trgovini so zajam\u010deno 100% originalni in pristni. Za ponarejeno blago nudimo 10-kratno nadomestilo!<\/strong><\/span><\/p>\n<div class=\"flex w-full flex-col gap-1 empty:hidden first:pt-[3px]\">\n<p>&nbsp;<\/p>\n<\/div>\n<\/div>\n<\/div>\n<\/div>\n<\/div>\n<p>&nbsp;<\/p>\n<p>Drugi vro\u010d prodajni vape, ki vam bo morda v\u0161e\u010d:<\/p>\n<p><a href=\"https:\/\/rmvapesale.com\/sl\/product\/aivono-aim-magic-20000-20k-puffs-disposable-vape-pod\/\"><strong>Aivono Aim Magic 20000 Puff\u00a0 \u00a0<span style=\"color: #ff0000\">&gt;&gt;&gt;&gt; pojdi!<\/span><\/strong><\/a><\/p>\n<p><strong><a href=\"https:\/\/rmvapesale.com\/sl\/product\/waspe-fihp-30000-puffs-led-display-disposable-vape-box\/\">WASPE FIHP 30000 Puffs <span style=\"color: #ff0000\">&gt;&gt;&gt;&gt; pojdi!<\/span><\/a>\u00a0<\/strong><\/p>\n<p><a href=\"https:\/\/rmvapesale.com\/sl\/product\/uzy-crystal-pro-max-10k-puffs-disposable-vape-pen-wholesale\/\"><strong>UZY Crystal Pro Max 10k Puffs <span style=\"color: #ff0000\">&gt;&gt;&gt;&gt; pojdi!<\/span><\/strong><\/a><\/p>\n<p>&nbsp;<\/p>\n<p>&nbsp;<\/p>\n<p>Poi\u0161\u010di ve\u010d izdelkov Vape, ki so ti morda v\u0161e\u010d:<strong><em><a href=\"https:\/\/rmvapesale.com\/sl\/shop-2\/\">nakupuj zdaj &gt;&gt;&gt;<\/a><\/em><\/strong><\/p>","protected":false},"excerpt":{"rendered":"<p>Bang Box 30000 vdihov Pametni zaslon Elektronska cigareta za enkratno uporabo<br \/>\nBang Vape Box 30000 Vpihov za enkratno uporabo Vape Veleprodaja<br \/>\nBang Box 30000 Vpihov 0% 2% 3% 5% Nikotin Brezpla\u010dni nakup na veliko<\/p>\n<p><img loading=\"lazy\" decoding=\"async\" class=\"size-full wp-image-1978\" src=\"https:\/\/rmvapesale.com\/wp-content\/uploads\/2024\/09\/Disposable-Vape-Wholesale.jpg\" alt=\"Vape za enkratno uporabo na debelo\" width=\"229\" height=\"300\" \/><\/p>\n<h3><a href=\"https:\/\/wa.me\/8617776015835\"><span style=\"color: #ff0000\"><strong>WhatsApp: +86 17776015835<\/strong><\/span><\/a><\/h3>\n<p>&nbsp;<\/p>","protected":false},"featured_media":2310,"comment_status":"open","ping_status":"closed","template":"","meta":{"_uag_custom_page_level_css":"","_lmt_disableupdate":"","_lmt_disable":"","site-sidebar-layout":"default","site-content-layout":"content-boxed-container","ast-site-content-layout":"normal-width-container","site-content-style":"boxed","site-sidebar-style":"unboxed","ast-global-header-display":"","ast-banner-title-visibility":"","ast-main-header-display":"","ast-hfb-above-header-display":"","ast-hfb-below-header-display":"","ast-hfb-mobile-header-display":"","site-post-title":"","ast-breadcrumbs-content":"","ast-featured-img":"","footer-sml-layout":"","ast-disable-related-posts":"","theme-transparent-header-meta":"default","adv-header-id-meta":"","stick-header-meta":"","header-above-stick-meta":"","header-main-stick-meta":"","header-below-stick-meta":"","astra-migrate-meta-layouts":"set","ast-page-background-enabled":"default","ast-page-background-meta":{"desktop":{"background-color":"var(--ast-global-color-4)","background-image":"","background-repeat":"repeat","background-position":"center center","background-size":"auto","background-attachment":"scroll","background-type":"","background-media":"","overlay-type":"","overlay-color":"","overlay-opacity":"","overlay-gradient":""},"tablet":{"background-color":"","background-image":"","background-repeat":"repeat","background-position":"center center","background-size":"auto","background-attachment":"scroll","background-type":"","background-media":"","overlay-type":"","overlay-color":"","overlay-opacity":"","overlay-gradient":""},"mobile":{"background-color":"","background-image":"","background-repeat":"repeat","background-position":"center center","background-size":"auto","background-attachment":"scroll","background-type":"","background-media":"","overlay-type":"","overlay-color":"","overlay-opacity":"","overlay-gradient":""}},"ast-content-background-meta":{"desktop":{"background-color":"var(--ast-global-color-5)","background-image":"","background-repeat":"repeat","background-position":"center center","background-size":"auto","background-attachment":"scroll","background-type":"","background-media":"","overlay-type":"","overlay-color":"","overlay-opacity":"","overlay-gradient":""},"tablet":{"background-color":"var(--ast-global-color-5)","background-image":"","background-repeat":"repeat","background-position":"center center","background-size":"auto","background-attachment":"scroll","background-type":"","background-media":"","overlay-type":"","overlay-color":"","overlay-opacity":"","overlay-gradient":""},"mobile":{"background-color":"var(--ast-global-color-5)","background-image":"","background-repeat":"repeat","background-position":"center center","background-size":"auto","background-attachment":"scroll","background-type":"","background-media":"","overlay-type":"","overlay-color":"","overlay-opacity":"","overlay-gradient":""}},"_joinchat":[]},"product_brand":[],"product_cat":[15,60,27,25,123,30,26,28],"product_tag":[63,66,125,96,101,105,120],"class_list":{"0":"post-2313","1":"product","2":"type-product","3":"status-publish","4":"has-post-thumbnail","6":"product_cat-new-vape-this-week","7":"product_cat-bang-vapes","8":"product_cat-fance-hot-sale-vape","9":"product_cat-germany-best-selling-vape","10":"product_cat-italy-wholesale-vape","11":"product_cat-minimum-order-quantity-50pcs","12":"product_cat-netherlands-hot-sale-vape","13":"product_cat-poland-hot-sale-vape","14":"product_tag-bang-vapes","15":"product_tag-disposable-vape","16":"product_tag-disposable-vape-italy","17":"product_tag-disposable-vape-wholesale-uk","18":"product_tag-led-display-vape","19":"product_tag-nicotine-free-disposable-vape","20":"product_tag-vape-wholesale","21":"desktop-align-left","22":"tablet-align-left","23":"mobile-align-left","25":"first","26":"instock","27":"sale","28":"shipping-taxable","29":"purchasable","30":"product-type-simple"},"uagb_featured_image_src":{"full":["https:\/\/rmvapesale.com\/wp-content\/uploads\/2024\/10\/Bang-Box-30000-Puff-Smart-Screen-Disposable-Vape.jpg",800,801,false],"thumbnail":["https:\/\/rmvapesale.com\/wp-content\/uploads\/2024\/10\/Bang-Box-30000-Puff-Smart-Screen-Disposable-Vape-150x150.jpg",150,150,true],"medium":["https:\/\/rmvapesale.com\/wp-content\/uploads\/2024\/10\/Bang-Box-30000-Puff-Smart-Screen-Disposable-Vape-300x300.jpg",300,300,true],"medium_large":["https:\/\/rmvapesale.com\/wp-content\/uploads\/2024\/10\/Bang-Box-30000-Puff-Smart-Screen-Disposable-Vape-768x769.jpg",768,769,true],"large":["https:\/\/rmvapesale.com\/wp-content\/uploads\/2024\/10\/Bang-Box-30000-Puff-Smart-Screen-Disposable-Vape.jpg",800,801,false],"1536x1536":["https:\/\/rmvapesale.com\/wp-content\/uploads\/2024\/10\/Bang-Box-30000-Puff-Smart-Screen-Disposable-Vape.jpg",800,801,false],"2048x2048":["https:\/\/rmvapesale.com\/wp-content\/uploads\/2024\/10\/Bang-Box-30000-Puff-Smart-Screen-Disposable-Vape.jpg",800,801,false],"trp-custom-language-flag":["https:\/\/rmvapesale.com\/wp-content\/uploads\/2024\/10\/Bang-Box-30000-Puff-Smart-Screen-Disposable-Vape.jpg",12,12,false],"woocommerce_thumbnail":["https:\/\/rmvapesale.com\/wp-content\/uploads\/2024\/10\/Bang-Box-30000-Puff-Smart-Screen-Disposable-Vape-300x300.jpg",300,300,true],"woocommerce_single":["https:\/\/rmvapesale.com\/wp-content\/uploads\/2024\/10\/Bang-Box-30000-Puff-Smart-Screen-Disposable-Vape-600x601.jpg",600,601,true],"woocommerce_gallery_thumbnail":["https:\/\/rmvapesale.com\/wp-content\/uploads\/2024\/10\/Bang-Box-30000-Puff-Smart-Screen-Disposable-Vape-100x100.jpg",100,100,true],"wcpr-photo-reviews":["https:\/\/rmvapesale.com\/wp-content\/uploads\/2024\/10\/Bang-Box-30000-Puff-Smart-Screen-Disposable-Vape.jpg",500,500,false]},"uagb_author_info":{"display_name":"AMY","author_link":"https:\/\/rmvapesale.com\/sl\/author\/"},"uagb_comment_info":0,"uagb_excerpt":"Bang Box 30000 Puffs Smart Screen Disposable E Cigarettes Bang Vape Box 30000 Puffs Disposable Vape Wholesale Bang Box 30000 Puffs 0% 2% 3% 5% Free Nicotine Bulk Buy WhatsApp: +86 17776015835 &nbsp;","_links":{"self":[{"href":"https:\/\/rmvapesale.com\/sl\/wp-json\/wp\/v2\/product\/2313","targetHints":{"allow":["GET"]}}],"collection":[{"href":"https:\/\/rmvapesale.com\/sl\/wp-json\/wp\/v2\/product"}],"about":[{"href":"https:\/\/rmvapesale.com\/sl\/wp-json\/wp\/v2\/types\/product"}],"replies":[{"embeddable":true,"href":"https:\/\/rmvapesale.com\/sl\/wp-json\/wp\/v2\/comments?post=2313"}],"wp:featuredmedia":[{"embeddable":true,"href":"https:\/\/rmvapesale.com\/sl\/wp-json\/wp\/v2\/media\/2310"}],"wp:attachment":[{"href":"https:\/\/rmvapesale.com\/sl\/wp-json\/wp\/v2\/media?parent=2313"}],"wp:term":[{"taxonomy":"product_brand","embeddable":true,"href":"https:\/\/rmvapesale.com\/sl\/wp-json\/wp\/v2\/product_brand?post=2313"},{"taxonomy":"product_cat","embeddable":true,"href":"https:\/\/rmvapesale.com\/sl\/wp-json\/wp\/v2\/product_cat?post=2313"},{"taxonomy":"product_tag","embeddable":true,"href":"https:\/\/rmvapesale.com\/sl\/wp-json\/wp\/v2\/product_tag?post=2313"}],"curies":[{"name":"wp","href":"https:\/\/api.w.org\/{rel}","templated":true}]}}