{"id":2329,"date":"2024-10-10T09:22:12","date_gmt":"2024-10-10T09:22:12","guid":{"rendered":"https:\/\/rmvapesale.com\/?post_type=product&#038;p=2329"},"modified":"2024-10-22T07:41:39","modified_gmt":"2024-10-22T07:41:39","slug":"bang-box-30000-puff-double-taste-smart-screen-disposable-vape","status":"publish","type":"product","link":"https:\/\/rmvapesale.com\/sl\/product\/bang-box-30000-puff-double-taste-smart-screen-disposable-vape\/","title":{"rendered":"Bang Box 30000 vdihov, dvojni okus, pametni zaslon, elektronska cigareta za enkratno uporabo."},"content":{"rendered":"<div class=\"B2VR9 CJHX3e\">\n<div class=\"wyccme\">\n<h1 class=\"LC20lb MBeuO DKV0Md\">Bang Box 30000 vdihov Dvojni okus Pametni zaslon Elektronska cigareta za enkratno uporabo Veleprodaja<\/h1>\n<div class=\"flex-shrink-0 flex flex-col relative items-end\">\n<div>\n<div class=\"pt-0\">\n<div class=\"gizmo-bot-avatar flex h-8 w-8 items-center justify-center overflow-hidden rounded-full\">\n<div class=\"relative p-1 rounded-sm flex items-center justify-center bg-token-main-surface-primary text-token-text-primary h-8 w-8\">\n<p>I\u0161\u010dete vrhunsko e-cigareto z ogromno zmogljivostjo? Potem je <strong>Bang Box 30000 vdihov, dvojni okus, pametni zaslon, elektronska cigareta za enkratno uporabo.<\/strong> naprava za vas! Z neverjetnimi 30.000 vdihi ta naprava zagotavlja, da boste vapali dneve \u2013 dobesedno.<\/p>\n<p>Napolnjena s <strong>36 ml e-teko\u010dine<\/strong> in napajana z <strong>550 mAh baterijo za ponovno polnjenje<\/strong>, je Bang Box zasnovana za dolgotrajno delovanje. Ima <strong>mre\u017easto tuljavo<\/strong>, ki zagotavlja gladek in bogat okus z vsakim vdihom. <strong>LCD digitalni zaslon<\/strong> vas obve\u0161\u010da o stanju baterije in ravni e-teko\u010dine, tako da ni presene\u010denj!<\/p>\n<p>Z <strong>brez nikotina<\/strong> mo\u017enostmi, kot je 0%, <strong>Nizka vsebnost nikotina <\/strong>Mo\u017enosti, kot so 2 %, 3 % in 5 % nikotina, vam omogo\u010dajo, da izberete mo\u010d, ki ustreza va\u0161emu slogu. In ne pozabimo na vznemirljivo <strong>funkcijo Dvojnega Okusa<\/strong>\u2014ki ponuja dvakrat ve\u010d okusa v eni napravi za neprekosljivo izku\u0161njo!<\/p>\n<p>Enostavno jo napolnite prek vhoda <strong>USB-C<\/strong> in \u017ee ste pripravljeni na ponovno uporabo. Model <strong>Bang Box 30000 Puffs<\/strong> je kot nala\u0161\u010d za veleprodajne kupce, ki \u017eelijo svojim strankam ponuditi nekaj, kar je hkrati mo\u010dno in polno okusa.<\/p>\n<p>Zaloga zdaj in u\u017eivajte v prednostih <strong>Bang Box 30000 vdihov Dvojni okus Pametni zaslon Elektronska cigareta za enkratno uporabo Veleprodaja<\/strong>!<\/p>\n<p>&nbsp;<\/p>\n<\/div>\n<\/div>\n<\/div>\n<\/div>\n<\/div>\n<\/div>\n<\/div>\n<p><strong>Kontaktirajte Amy za pravi odgovor in ve\u010d videoposnetkov o izdelkih!<\/strong><\/p>\n<p><img loading=\"lazy\" decoding=\"async\" class=\"size-full wp-image-1978\" src=\"https:\/\/rmvapesale.com\/wp-content\/uploads\/2024\/09\/Disposable-Vape-Wholesale.jpg\" alt=\"Vape za enkratno uporabo na debelo\" width=\"229\" height=\"300\" \/><\/p>\n<h3><a href=\"https:\/\/wa.me\/8617776015835\" target=\"_blank\" rel=\"noopener\"><span style=\"color: #ff0000\"><strong>WhatsApp: +86 17776015835<\/strong><\/span><\/a><\/h3>\n<p>&nbsp;<\/p>\n<h2><\/h2>\n<h2><strong>klju\u010dnih zna\u010dilnosti vape-a Bang Box 30000 Puffs Dvojnega Okusa<\/strong><\/h2>\n<p>&nbsp;<\/p>\n<ul>\n<li><strong>Visoko \u0161tevilo vpihov<\/strong>: U\u017eivajte v do 30.000 vdihih, zaradi \u010desar je idealen za vsakodnevno vapiranje brez stalnega menjavanja.<\/li>\n<li><strong>Velika prostornina E-teko\u010dine<\/strong>: S 35-mililitrskim rezervoarjem ta vape zmanj\u0161a potrebo po pogostem polnjenju in omogo\u010da dalj\u0161o uporabo.<\/li>\n<li><strong>Polnilna baterija<\/strong>: Opremljen je z 850 mAh baterijo, ki zagotavlja dolgotrajno delovanje in enostavno polnjenje.<\/li>\n<li><strong>Polnjenje prek USB-C<\/strong>: Hitro in priro\u010dno se napolni z uporabo sodobnega priklju\u010dka USB-C.<\/li>\n<li><strong>Tehnologija dvojne mre\u017ene tuljave<\/strong>: Izkusite izbolj\u0161an okus in bogato proizvodnjo pare za bolj zadovoljivo vapiranje.<\/li>\n<li><strong>Pametni zaslon<\/strong>: Bodite obve\u0161\u010deni z digitalnim pametnim zaslonom, ki prikazuje stanje baterije in nivoje e-teko\u010dine.<\/li>\n<li><strong>Nastavljiv pretok zraka<\/strong>: Natan\u010dno prilagodite svoj vlek z dvojnim nadzorom pretoka zraka v obliki satovja za prilagojeno izku\u0161njo vapinga.<\/li>\n<li><strong>Mo\u017enosti nikotina<\/strong>: Na voljo z 0 %, 2 %, 3 % in 5 % nikotina, kar ustreza razli\u010dnim \u017eeljam.<\/li>\n<\/ul>\n<h2><\/h2>\n<h2><strong>Najbolj\u0161i okusi za Bang Box 30000 Puff E-cigarete\u00a0<\/strong><\/h2>\n<p>Bang Box 30000 Puff Double Taste Smart Screen Disposable Vape ponuja 12 slastnih okusov. Izbirate lahko med razli\u010dnimi okusi, vklju\u010dno s klasi\u010dno osve\u017eilno hladno meto in eksoti\u010dno sladkostjo grozdja, pri \u010demer vsak obljublja bogato in zadovoljivo potovanje z vsakim vdihom.<\/p>\n<p>1.Jagoda Kivi<br \/>\n2.\u010crni izbruh <span style=\"color: #ff0000\"><strong>&gt;&gt;&gt;&gt; Vro\u010de!<\/strong><\/span><br \/>\n3. Jagoda lubenica<br \/>\n4.Sok iz d\u017eungle<br \/>\n5.Borovnica Kisla Malina Led <span style=\"color: #ff0000\"><strong>&gt;&gt;&gt;&gt; Vro\u010de!<\/strong><\/span><br \/>\n6.Lubeni\u010dni led<br \/>\n7.Borovni\u010dev led<br \/>\n8.Borovnica \u0160ipek<br \/>\n9.Borovni\u010dev Izbruh <span style=\"color: #ff0000\"><strong>&gt;&gt;&gt;&gt; Najbolj\u0161e!<\/strong><\/span><br \/>\n10.Jabolko Breskev<br \/>\n11.Pasijonka<br \/>\n12.Dvojno Grozdje<\/p>\n<figure id=\"attachment_2316\" aria-describedby=\"caption-attachment-2316\" style=\"width: 487px\" class=\"wp-caption alignnone\"><img loading=\"lazy\" decoding=\"async\" class=\"wp-image-2316 size-full\" src=\"https:\/\/rmvapesale.com\/wp-content\/uploads\/2024\/10\/Bang-Box-30k-Puffs-Factory-Price-New-Vape-This-Week.jpg\" alt=\"Bang Box 30k Puffs Tovarni\u0161ka Cena Nov Vap Ta Teden\" width=\"487\" height=\"800\" srcset=\"https:\/\/rmvapesale.com\/wp-content\/uploads\/2024\/10\/Bang-Box-30k-Puffs-Factory-Price-New-Vape-This-Week.jpg 487w, https:\/\/rmvapesale.com\/wp-content\/uploads\/2024\/10\/Bang-Box-30k-Puffs-Factory-Price-New-Vape-This-Week-183x300.jpg 183w\" sizes=\"auto, (max-width: 487px) 100vw, 487px\" \/><figcaption id=\"caption-attachment-2316\" class=\"wp-caption-text\">Bang Box 30k Puffs Tovarni\u0161ka Cena Nov Vap Ta Teden<\/figcaption><\/figure>\n<h3>Zakaj izbrati Rmvapesale za nakup na veliko Bang Box 30000 Puffs?<\/h3>\n<div class=\"flex-shrink-0 flex flex-col relative items-end\">\n<div>\n<div class=\"pt-0\">\n<div class=\"gizmo-bot-avatar flex h-8 w-8 items-center justify-center overflow-hidden rounded-full\">\n<div class=\"relative p-1 rounded-sm flex items-center justify-center bg-token-main-surface-primary text-token-text-primary h-8 w-8\">\n<p>&nbsp;<\/p>\n<p>Ko izberete Rmvapesale za svoje potrebe po veleprodaji vapov za enkratno uporabo, boste imeli koristi od:<\/p>\n<ul>\n<li><strong>Konkuren\u010dna cena<\/strong>: Pridobite dostop do privla\u010dnih veleprodajnih cen, ki pove\u010dajo va\u0161e poslovne mar\u017ee.<\/li>\n<li><strong>Visoka kvaliteta<\/strong>: Na\u0161i vapi so izdelani po najvi\u0161jih standardih in <span style=\"color: #ff0000\"><strong>zagotovljeno 100% originalno in pristno, sicer bo za ponarejeno blago zagotovljeno 10-kratno nadomestilo!<\/strong><\/span><\/li>\n<li><strong>Odli\u010dna storitev za stranke<\/strong>: Na\u0161a predana ekipa vam je vedno pripravljena pomagati, kar naredi va\u0161 postopek nakupa gladek in brez te\u017eav.<\/li>\n<li><strong>Hitro<\/strong>: Pri\u010dakujte hitro in zanesljivo po\u0161iljanje, ki zagotavlja, da va\u0161a naro\u010dila prispejo pravo\u010dasno, vsaki\u010d.<\/li>\n<\/ul>\n<h3><\/h3>\n<h3><b>Pogosta vpra\u0161anja<\/b><\/h3>\n<p>&nbsp;<\/p>\n<\/div>\n<\/div>\n<\/div>\n<\/div>\n<\/div>\n<div class=\"group\/conversation-turn relative flex w-full min-w-0 flex-col agent-turn\">\n<div class=\"flex-col gap-1 md:gap-3\">\n<div class=\"flex max-w-full flex-col flex-grow\">\n<div class=\"min-h-8 text-message flex w-full flex-col items-end gap-2 whitespace-normal break-words [.text-message+&amp;]:mt-5\" dir=\"auto\" data-message-author-role=\"assistant\" data-message-id=\"f226d3fc-81f3-46d5-8c46-31787fff0357\">\n<div class=\"flex w-full flex-col gap-1 empty:hidden first:pt-[3px]\">\n<div class=\"markdown prose w-full break-words dark:prose-invert light\">\n<p><strong>V1: Zakaj je Bang Box 30000 Puff Dvojni Okus za Enkratno Uporabo Vap poseben?<\/strong><br \/>\nA1: The <strong>Bang Box 30000 Puff Dvojni Okus za Enkratno Uporabo Vap<\/strong> ponuja do 30.000 vdihov in ima <strong>tehnologijo dvojnega okusa<\/strong>, kar vam omogo\u010da preklapljanje med dvema okusoma v eni napravi. Poleg tega ima pameten LED zaslon, ki prikazuje nivoje baterije in e-teko\u010dine, kar zagotavlja priro\u010dno in izbolj\u0161ano izku\u0161njo vapinga.<\/p>\n<p><strong>V2: Kateri okusi so na voljo za Bang Box 30000 Puff Dvojni Okus za Enkratno Uporabo Vap?<\/strong><br \/>\nA2: Izbirate lahko med 12 slastnimi okusi, vklju\u010dno z <strong>Jagoda Kivi<\/strong>, <strong>\u010crni Izbruh<\/strong>, <strong>Ledena lubenica<\/strong>, <strong>Borovnica Granatno jabolko<\/strong>, in <strong>Dvojno grozdje<\/strong>. Ne glede na to, ali imate raje sadne ali ledene okuse, se bo za vsakogar na\u0161lo nekaj!<\/p>\n<p><strong>V3: Kako deluje pametni zaslon na pametnem vejp vejp vejp vejp bang Box 30000 Puffs z dvojnim okusom?<\/strong><br \/>\nO3: <strong>LED zaslonom<\/strong> prikazuje pomembne podrobnosti, kot sta \u017eivljenjska doba baterije in raven e-teko\u010dine, kar olaj\u0161a spremljanje stanja va\u0161e naprave.<\/p>\n<p><strong>V4: Kako velika je prostornina e-teko\u010dine za vape za enkratno uporabo Bang 30000 Puffs z dvojnim okusom?<\/strong><br \/>\nO4: Ta vape ima izdatno <strong>prostornino e-teko\u010dine 35 ml<\/strong>, kar zagotavlja dolgotrajno uporabo brez pogostega ponovnega polnjenja.<\/p>\n<p><strong>V5: Kak\u0161ne so mo\u017enosti nikotina za pametni vape Bang Box 30000 Puffs z dvojnim okusom?<\/strong><br \/>\nO5: Izbirate lahko med <strong>0 %, 2 %, 3 % in 5 % vsebnostjo nikotina<\/strong>, kar vam daje prilagodljivost glede na va\u0161e \u017eelje.<\/p>\n<p><strong>V6: Ali je pametni vape Bang Box 30000 Puffs z dvojnim okusom mogo\u010de ponovno polniti?<\/strong><br \/>\nO6: Da, naprava je opremljena z <strong>Type-C<\/strong> in <strong>850 mAh baterijo<\/strong>, zaradi \u010desar je hitro in enostavno polnjenje.<\/p>\n<p><strong>Q7: Ali lahko kupim Bang 30000 Puff Double Taste Smart Vape na debelo?<\/strong><br \/>\nA7: Da, <strong>Vape na debelo Bang 30000 Puff Double Taste Smart Vape<\/strong> mo\u017enosti so na voljo za prodajalce, ki \u017eelijo zalo\u017eiti to priljubljeno napravo.<\/p>\n<\/div>\n<\/div>\n<\/div>\n<\/div>\n<\/div>\n<\/div>\n<p>&nbsp;<\/p>\n<h3><\/h3>\n<h3>O po\u0161iljanju<\/h3>\n<div class=\"flex-shrink-0 flex flex-col relative items-end\">\n<div>\n<div class=\"pt-0\">\n<div class=\"gizmo-bot-avatar flex h-8 w-8 items-center justify-center overflow-hidden rounded-full\">\n<div><\/div>\n<div class=\"relative p-1 rounded-sm flex items-center justify-center bg-token-main-surface-primary text-token-text-primary h-8 w-8\"><strong>1. Katere metode po\u0161iljanja se uporabljajo?<\/strong><\/div>\n<\/div>\n<\/div>\n<\/div>\n<\/div>\n<div class=\"group\/conversation-turn relative flex w-full min-w-0 flex-col agent-turn\">\n<div class=\"flex-col gap-1 md:gap-3\">\n<div class=\"flex max-w-full flex-col flex-grow\">\n<div class=\"min-h-[20px] text-message flex w-full flex-col items-end gap-2 whitespace-normal break-words [.text-message+&amp;]:mt-5 overflow-x-auto\" dir=\"auto\" data-message-author-role=\"assistant\" data-message-id=\"22f8283b-3233-46ff-89a5-c7a41b33abda\">\n<div class=\"flex w-full flex-col gap-1 empty:hidden first:pt-[3px]\">\n<div class=\"markdown prose w-full break-words dark:prose-invert light\">\n<p>Sodelujemo z UPS, DHL, FedEx, DPD in drugimi vodilnimi prevozniki. Izbrali bomo najbolj\u0161i na\u010din po\u0161iljanja glede na va\u0161o lokacijo dostave, da zagotovimo, da boste izdelke prejeli \u010dim hitreje.<\/p>\n<\/div>\n<p><strong>2. Kako dolgo traja, da prispe?<\/strong><\/p>\n<p>Paketi, poslani v Slovenijo, obi\u010dajno prispejo v 10 delovnih dneh. Po\u0161iljanje v evropske dr\u017eave obi\u010dajno traja pribli\u017eno 12-15 delovnih dni. Zagotovili vam bomo sprotne posodobitve o statusu va\u0161ega po\u0161iljanja.<\/p>\n<\/div>\n<\/div>\n<\/div>\n<\/div>\n<\/div>\n<p>&nbsp;<\/p>\n<p>Drugi vro\u010d prodajni vape, ki vam bo morda v\u0161e\u010d:<\/p>\n<p><a href=\"https:\/\/rmvapesale.com\/sl\/product\/aivono-aim-magic-20000-20k-puffs-disposable-vape-pod\/\"><strong>Aivono Aim Magic 20000 Puff\u00a0 \u00a0<span style=\"color: #ff0000\">&gt;&gt;&gt;&gt; pojdi!<\/span><\/strong><\/a><\/p>\n<p><strong><a href=\"https:\/\/rmvapesale.com\/sl\/product\/waspe-fihp-30000-puffs-led-display-disposable-vape-box\/\">WASPE FIHP 30000 Puffs <span style=\"color: #ff0000\">&gt;&gt;&gt;&gt; pojdi!<\/span><\/a>\u00a0<\/strong><\/p>\n<p><a href=\"https:\/\/rmvapesale.com\/sl\/product\/bang-box-30000-puff-smart-screen-disposable-vape-wholesale\/\"><strong>Bang Box 30000 vdihov Smart Screen Puffs <span style=\"color: #ff0000\">&gt;&gt;&gt;&gt; pojdi!<\/span><\/strong><\/a><\/p>\n<p>&nbsp;<\/p>\n<p>&nbsp;<\/p>\n<p>Poi\u0161\u010di ve\u010d izdelkov Vape, ki so ti morda v\u0161e\u010d:<strong><em><a href=\"https:\/\/rmvapesale.com\/sl\/shop-2\/\">nakupuj zdaj &gt;&gt;&gt;<\/a><\/em><\/strong><\/p>","protected":false},"excerpt":{"rendered":"<p>Bang Box 30000 vdihov Pametni zaslon Elektronska cigareta za enkratno uporabo<br \/>\nBang Vape Box 30000 vdihov Dvojni okus Elektronska cigareta za enkratno uporabo Veleprodaja<br \/>\nBang Box 30000 vdihov 0% 2% 3% 5% Nikotin brez nikotina Elektronska cigareta za enkratno uporabo<\/p>\n<p><img loading=\"lazy\" decoding=\"async\" class=\"size-full wp-image-1978\" src=\"https:\/\/rmvapesale.com\/wp-content\/uploads\/2024\/09\/Disposable-Vape-Wholesale.jpg\" alt=\"Vape za enkratno uporabo na debelo\" width=\"229\" height=\"300\" \/><\/p>\n<h3><a href=\"https:\/\/wa.me\/8617776015835\"><span style=\"color: #ff0000\"><strong>WhatsApp: +86 17776015835<\/strong><\/span><\/a><\/h3>\n<p>&nbsp;<\/p>","protected":false},"featured_media":2315,"comment_status":"open","ping_status":"closed","template":"","meta":{"_uag_custom_page_level_css":"","_lmt_disableupdate":"no","_lmt_disable":"","site-sidebar-layout":"default","site-content-layout":"content-boxed-container","ast-site-content-layout":"normal-width-container","site-content-style":"boxed","site-sidebar-style":"unboxed","ast-global-header-display":"","ast-banner-title-visibility":"","ast-main-header-display":"","ast-hfb-above-header-display":"","ast-hfb-below-header-display":"","ast-hfb-mobile-header-display":"","site-post-title":"","ast-breadcrumbs-content":"","ast-featured-img":"","footer-sml-layout":"","ast-disable-related-posts":"","theme-transparent-header-meta":"default","adv-header-id-meta":"","stick-header-meta":"","header-above-stick-meta":"","header-main-stick-meta":"","header-below-stick-meta":"","astra-migrate-meta-layouts":"set","ast-page-background-enabled":"default","ast-page-background-meta":{"desktop":{"background-color":"var(--ast-global-color-4)","background-image":"","background-repeat":"repeat","background-position":"center center","background-size":"auto","background-attachment":"scroll","background-type":"","background-media":"","overlay-type":"","overlay-color":"","overlay-opacity":"","overlay-gradient":""},"tablet":{"background-color":"","background-image":"","background-repeat":"repeat","background-position":"center center","background-size":"auto","background-attachment":"scroll","background-type":"","background-media":"","overlay-type":"","overlay-color":"","overlay-opacity":"","overlay-gradient":""},"mobile":{"background-color":"","background-image":"","background-repeat":"repeat","background-position":"center center","background-size":"auto","background-attachment":"scroll","background-type":"","background-media":"","overlay-type":"","overlay-color":"","overlay-opacity":"","overlay-gradient":""}},"ast-content-background-meta":{"desktop":{"background-color":"var(--ast-global-color-5)","background-image":"","background-repeat":"repeat","background-position":"center center","background-size":"auto","background-attachment":"scroll","background-type":"","background-media":"","overlay-type":"","overlay-color":"","overlay-opacity":"","overlay-gradient":""},"tablet":{"background-color":"var(--ast-global-color-5)","background-image":"","background-repeat":"repeat","background-position":"center center","background-size":"auto","background-attachment":"scroll","background-type":"","background-media":"","overlay-type":"","overlay-color":"","overlay-opacity":"","overlay-gradient":""},"mobile":{"background-color":"var(--ast-global-color-5)","background-image":"","background-repeat":"repeat","background-position":"center center","background-size":"auto","background-attachment":"scroll","background-type":"","background-media":"","overlay-type":"","overlay-color":"","overlay-opacity":"","overlay-gradient":""}},"_joinchat":[]},"product_brand":[],"product_cat":[15,60,27,25,123,30,26,28,137,136,135],"product_tag":[63,66,125,126,101,105,127,120],"class_list":{"0":"post-2329","1":"product","2":"type-product","3":"status-publish","4":"has-post-thumbnail","6":"product_cat-new-vape-this-week","7":"product_cat-bang-vapes","8":"product_cat-fance-hot-sale-vape","9":"product_cat-germany-best-selling-vape","10":"product_cat-italy-wholesale-vape","11":"product_cat-minimum-order-quantity-50pcs","12":"product_cat-netherlands-hot-sale-vape","13":"product_cat-poland-hot-sale-vape","14":"product_cat-rechargeable-vapes","15":"product_cat-smart-screen-vapes","16":"product_cat-spain-best-hot-sale-vape","17":"product_tag-bang-vapes","18":"product_tag-disposable-vape","19":"product_tag-disposable-vape-italy","20":"product_tag-e-cigarettes","21":"product_tag-led-display-vape","22":"product_tag-nicotine-free-disposable-vape","23":"product_tag-puff-30k","24":"product_tag-vape-wholesale","25":"desktop-align-left","26":"tablet-align-left","27":"mobile-align-left","29":"first","30":"instock","31":"sale","32":"shipping-taxable","33":"purchasable","34":"product-type-simple"},"uagb_featured_image_src":{"full":["https:\/\/rmvapesale.com\/wp-content\/uploads\/2024\/10\/Bang-Box-30k-Puffs-Discount-Price-Fashion-Vape.jpg",800,800,false],"thumbnail":["https:\/\/rmvapesale.com\/wp-content\/uploads\/2024\/10\/Bang-Box-30k-Puffs-Discount-Price-Fashion-Vape-150x150.jpg",150,150,true],"medium":["https:\/\/rmvapesale.com\/wp-content\/uploads\/2024\/10\/Bang-Box-30k-Puffs-Discount-Price-Fashion-Vape-300x300.jpg",300,300,true],"medium_large":["https:\/\/rmvapesale.com\/wp-content\/uploads\/2024\/10\/Bang-Box-30k-Puffs-Discount-Price-Fashion-Vape-768x768.jpg",768,768,true],"large":["https:\/\/rmvapesale.com\/wp-content\/uploads\/2024\/10\/Bang-Box-30k-Puffs-Discount-Price-Fashion-Vape.jpg",800,800,false],"1536x1536":["https:\/\/rmvapesale.com\/wp-content\/uploads\/2024\/10\/Bang-Box-30k-Puffs-Discount-Price-Fashion-Vape.jpg",800,800,false],"2048x2048":["https:\/\/rmvapesale.com\/wp-content\/uploads\/2024\/10\/Bang-Box-30k-Puffs-Discount-Price-Fashion-Vape.jpg",800,800,false],"trp-custom-language-flag":["https:\/\/rmvapesale.com\/wp-content\/uploads\/2024\/10\/Bang-Box-30k-Puffs-Discount-Price-Fashion-Vape.jpg",12,12,false],"woocommerce_thumbnail":["https:\/\/rmvapesale.com\/wp-content\/uploads\/2024\/10\/Bang-Box-30k-Puffs-Discount-Price-Fashion-Vape-300x300.jpg",300,300,true],"woocommerce_single":["https:\/\/rmvapesale.com\/wp-content\/uploads\/2024\/10\/Bang-Box-30k-Puffs-Discount-Price-Fashion-Vape-600x600.jpg",600,600,true],"woocommerce_gallery_thumbnail":["https:\/\/rmvapesale.com\/wp-content\/uploads\/2024\/10\/Bang-Box-30k-Puffs-Discount-Price-Fashion-Vape-100x100.jpg",100,100,true],"wcpr-photo-reviews":["https:\/\/rmvapesale.com\/wp-content\/uploads\/2024\/10\/Bang-Box-30k-Puffs-Discount-Price-Fashion-Vape.jpg",500,500,false]},"uagb_author_info":{"display_name":"AMY","author_link":"https:\/\/rmvapesale.com\/sl\/author\/"},"uagb_comment_info":0,"uagb_excerpt":"Bang Box 30000 Puffs Smart Screen Disposable E Cigarettes Bang Vape Box 30000 Puffs Duble Taste Disposable Vape Wholesale Bang Box 30000 Puffs 0% 2% 3% 5% Free Nicotine Disposable Vape WhatsApp: +86 17776015835 &nbsp;","_links":{"self":[{"href":"https:\/\/rmvapesale.com\/sl\/wp-json\/wp\/v2\/product\/2329","targetHints":{"allow":["GET"]}}],"collection":[{"href":"https:\/\/rmvapesale.com\/sl\/wp-json\/wp\/v2\/product"}],"about":[{"href":"https:\/\/rmvapesale.com\/sl\/wp-json\/wp\/v2\/types\/product"}],"replies":[{"embeddable":true,"href":"https:\/\/rmvapesale.com\/sl\/wp-json\/wp\/v2\/comments?post=2329"}],"wp:featuredmedia":[{"embeddable":true,"href":"https:\/\/rmvapesale.com\/sl\/wp-json\/wp\/v2\/media\/2315"}],"wp:attachment":[{"href":"https:\/\/rmvapesale.com\/sl\/wp-json\/wp\/v2\/media?parent=2329"}],"wp:term":[{"taxonomy":"product_brand","embeddable":true,"href":"https:\/\/rmvapesale.com\/sl\/wp-json\/wp\/v2\/product_brand?post=2329"},{"taxonomy":"product_cat","embeddable":true,"href":"https:\/\/rmvapesale.com\/sl\/wp-json\/wp\/v2\/product_cat?post=2329"},{"taxonomy":"product_tag","embeddable":true,"href":"https:\/\/rmvapesale.com\/sl\/wp-json\/wp\/v2\/product_tag?post=2329"}],"curies":[{"name":"wp","href":"https:\/\/api.w.org\/{rel}","templated":true}]}}