{"id":2336,"date":"2024-10-11T01:37:04","date_gmt":"2024-10-11T01:37:04","guid":{"rendered":"https:\/\/rmvapesale.com\/?post_type=product&#038;p=2336"},"modified":"2024-10-11T02:17:52","modified_gmt":"2024-10-11T02:17:52","slug":"elf-box-rgb-14000-puffs-low-nicotine-disposable-vape","status":"publish","type":"product","link":"https:\/\/rmvapesale.com\/sl\/product\/elf-box-rgb-14000-puffs-low-nicotine-disposable-vape\/","title":{"rendered":"ELF BOX RGB 14000 Puffs nizko-nikotinski vape za enkratno uporabo"},"content":{"rendered":"<div class=\"B2VR9 CJHX3e\">\n<div class=\"wyccme\">\n<h1 class=\"LC20lb MBeuO DKV0Md\">ELF BOX RGB 14000 Pro Pufov Enkratna Vapa z Nizko Nikotinom<\/h1>\n<div class=\"flex-shrink-0 flex flex-col relative items-end\">\n<div class=\"pt-0\">\n<div class=\"gizmo-bot-avatar flex h-8 w-8 items-center justify-center overflow-hidden rounded-full\">\n<div class=\"relative p-1 rounded-sm flex items-center justify-center bg-token-main-surface-primary text-token-text-primary h-8 w-8\">\n<p>I\u0161\u010dete vapo, ki zdru\u017euje slog, mo\u010d in okus? ELF BOX RGB 14000 pro Pufov Enkratna Vapa z Nizko Nikotinom ima vse! Z impresivnimi 14.000 pufi je ta naprava popolna za vaperje, ki \u017eelijo dolgo trajno zadovoljstvo brez stalnih zamenjav.<\/p>\n<p>Opremljena z mre\u017eno tuljavo 1.0ohm in prostornino e-soka 25 ml, ELF BOX zagotavlja gladke, okusne udare vsakokrat. Izbirajte med brez nikotina 0%, nizko nikotinsko 2%, 3% ali 5% mo\u017enostmi, kar jo naredi idealno za tiste, ki \u017eelijo zmanj\u0161ati vnos nikotina ali u\u017eivati mo\u010dnej\u0161i udarec.<\/p>\n<p>Baterija s 600mAh in polnjenje s Type-C poskrbita, da je va\u0161a vapa vedno pripravljena, ta vapa z LED zaslonom pa vam omogo\u010da nadzor nad ravnijo baterije in e-soka. Poleg tega pa s kul RGB osvetlitvijo in priro\u010dno lanyardom ELF BOX RGB14000 ni le vapa\u2014je tudi modni dodatek!<\/p>\n<p>Pripravite se na osvetlitev va\u0161e vape izku\u0161nje z ELF BOX RGB 14000 Pufov Enkratna Vapa z Nizko Nikotinom\u2014najbolj\u0161a kombinacija zmogljivosti in sloga! Popolna za tiste, ki \u017eelijo kupiti na veliko in shraniti najbolj vro\u010do napravo za vaping.<\/p>\n<p>&nbsp;<\/p>\n<\/div>\n<\/div>\n<\/div>\n<\/div>\n<\/div>\n<\/div>\n<p><strong>Kontaktirajte Amy za pravi odgovor in ve\u010d videoposnetkov o izdelkih!<\/strong><\/p>\n<p><img loading=\"lazy\" decoding=\"async\" class=\"size-full wp-image-1978\" src=\"https:\/\/rmvapesale.com\/wp-content\/uploads\/2024\/09\/Disposable-Vape-Wholesale.jpg\" alt=\"Vape za enkratno uporabo na debelo\" width=\"229\" height=\"300\" \/><\/p>\n<h3><a href=\"https:\/\/wa.me\/8617776015835\" target=\"_blank\" rel=\"noopener\"><span style=\"color: #ff0000\"><strong>WhatsApp: +86 17776015835<\/strong><\/span><\/a><\/h3>\n<p>&nbsp;<\/p>\n<h2><\/h2>\n<h2><strong>ELF BOX RGB 14000 Pufov Vapa Klju\u010dne Zna\u010dilnosti<\/strong><\/h2>\n<ul>\n<li><strong>Visoko \u0161tevilo vpihov<\/strong>: Dobite do <strong>14.000 pufov<\/strong>, ki zagotavljajo dolgo trajno, neprekinjeno vaping izku\u0161njo.<\/li>\n<li><strong>Velika prostornina E-teko\u010dine<\/strong>: Posoda za <strong>25 ml rezervoar<\/strong> zmanj\u0161uje potrebo po pogostih dopolnitvah, omogo\u010da dalj\u0161o uporabo.<\/li>\n<li><strong>Tehnologija Mre\u017ene Tuljave<\/strong>: U\u017eivajte v izbolj\u0161anem okusu in gladki proizvodnji pare z <strong>mre\u017eno tuljavo 1.0ohm<\/strong>.<\/li>\n<li><strong>Polnilna baterija<\/strong>: Opremljen z <strong>baterijo 600mAh<\/strong>, ki zagotavlja dolgo trajno mo\u010d in enostavno polnjenje.<\/li>\n<li><strong>Polnjenje prek USB-C<\/strong>: Hitro in priro\u010dno polnjenje z modernim <strong>Type-C priklju\u010dkom<\/strong>.<\/li>\n<li><strong>LED Zaslon<\/strong>: Bodite obve\u0161\u010deni z <strong>LED zaslonom<\/strong> ki prikazuje va\u0161e ravni baterije in e-teko\u010dine.<\/li>\n<li><strong>RGB svetloba in ovratnica<\/strong>: Dodajte nekaj stila svojemu vapingu z \u017eivahnimi <strong>RGB osvetlitvijo<\/strong> in <strong>vrvica za nosenje<\/strong> za enostavno prena\u0161anje.<\/li>\n<li><strong>Mo\u017enosti nikotina<\/strong>: Na voljo v <strong>0%, 2%, 3% in 5%<\/strong> nivoji nikotina, ki ustrezajo va\u0161im \u017eeljam.<\/li>\n<\/ul>\n<figure id=\"attachment_2332\" aria-describedby=\"caption-attachment-2332\" style=\"width: 800px\" class=\"wp-caption alignnone\"><img loading=\"lazy\" decoding=\"async\" class=\"wp-image-2332 size-full\" src=\"https:\/\/rmvapesale.com\/wp-content\/uploads\/2024\/10\/ELF-BOX-RGB14000-pro-Disposable-Vape-Cheape-Price.png\" alt=\"ELF BOX RGB 14000 pro enkratna vape po ugodni ceni\" width=\"800\" height=\"800\" srcset=\"https:\/\/rmvapesale.com\/wp-content\/uploads\/2024\/10\/ELF-BOX-RGB14000-pro-Disposable-Vape-Cheape-Price.png 800w, https:\/\/rmvapesale.com\/wp-content\/uploads\/2024\/10\/ELF-BOX-RGB14000-pro-Disposable-Vape-Cheape-Price-300x300.png 300w, https:\/\/rmvapesale.com\/wp-content\/uploads\/2024\/10\/ELF-BOX-RGB14000-pro-Disposable-Vape-Cheape-Price-150x150.png 150w, https:\/\/rmvapesale.com\/wp-content\/uploads\/2024\/10\/ELF-BOX-RGB14000-pro-Disposable-Vape-Cheape-Price-768x768.png 768w, https:\/\/rmvapesale.com\/wp-content\/uploads\/2024\/10\/ELF-BOX-RGB14000-pro-Disposable-Vape-Cheape-Price-600x600.png 600w, https:\/\/rmvapesale.com\/wp-content\/uploads\/2024\/10\/ELF-BOX-RGB14000-pro-Disposable-Vape-Cheape-Price-100x100.png 100w\" sizes=\"auto, (max-width: 800px) 100vw, 800px\" \/><figcaption id=\"caption-attachment-2332\" class=\"wp-caption-text\">ELF BOX RGB 14000 pro enkratna vape po ugodni ceni<\/figcaption><\/figure>\n<h2><strong>Najbolj\u0161i okus za ELF BOX RGB 14000 Puffs e-cigaret\u00a0<\/strong><\/h2>\n<p>S 10 osupljivimi okusi, vklju\u010dno s sadnimi in ledenimi mo\u017enostmi, ELF BOX RGB 14000 Puffs ponuja nekaj za vsak okus.<\/p>\n<p>1. Jagoda lubenica <span style=\"color: #ff0000\"><strong>&gt;&gt;&gt;&gt; Vro\u010de!<\/strong><\/span><br \/>\n2. Blue Razz Ice<span style=\"color: #ff0000\"><strong>&gt;&gt;&gt;&gt; Najbolj\u0161e!<\/strong><\/span><br \/>\n3. Jagoda led<br \/>\n4. Grape Ice (Grozdje led)<br \/>\n5. Meta led<br \/>\n6. Red Bull <span style=\"color: #ff0000\"><strong>&gt;&gt;&gt;&gt; Vro\u010de!<\/strong><\/span><br \/>\n7. Dvojno jabolko<br \/>\n8. Lush Ice<br \/>\n9. Breskev mango<br \/>\n10. Vi\u0161nja soda<\/p>\n<p>&nbsp;<\/p>\n<h3><strong>Zakaj izbrati Rmvapesale za va\u0161 ELF BOX Vape RGB 14000 pro Puffs?<\/strong><\/h3>\n<div class=\"flex-shrink-0 flex flex-col relative items-end\">\n<div class=\"pt-0\">\n<div class=\"gizmo-bot-avatar flex h-8 w-8 items-center justify-center overflow-hidden rounded-full\">\n<div class=\"relative p-1 rounded-sm flex items-center justify-center bg-token-main-surface-primary text-token-text-primary h-8 w-8\">\n<p>&nbsp;<\/p>\n<p>Ko izberete Rmvapesale za svoje potrebe po veleprodaji vapov za enkratno uporabo, boste imeli koristi od:<\/p>\n<ul>\n<li><strong>Konkuren\u010dna cena<\/strong>: Pridobite dostop do privla\u010dnih veleprodajnih cen, ki pove\u010dajo va\u0161e poslovne mar\u017ee.<\/li>\n<li><strong>Visoka kvaliteta<\/strong>: Na\u0161i vapi so izdelani po najvi\u0161jih standardih in <span style=\"color: #ff0000\"><strong>zagotovljeno 100% originalno in pristno, sicer bo za ponarejeno blago zagotovljeno 10-kratno nadomestilo!<\/strong><\/span><\/li>\n<li><strong>Odli\u010dna storitev za stranke<\/strong>: Na\u0161a predana ekipa vam je vedno pripravljena pomagati, kar naredi va\u0161 postopek nakupa gladek in brez te\u017eav.<\/li>\n<li><strong>Hitro<\/strong>: Pri\u010dakujte hitro in zanesljivo po\u0161iljanje, ki zagotavlja, da va\u0161a naro\u010dila prispejo pravo\u010dasno, vsaki\u010d.<\/li>\n<\/ul>\n<h3><\/h3>\n<h3><b>Pogosta vpra\u0161anja<\/b><\/h3>\n<p><strong>Q1: Koliko potegov zagotavlja e-cigaretka Elf Box RGB 14000 Puffs?<\/strong><br \/>\nA1: The <strong>Elf Box RGB 14000 Puffs enkratna vape<\/strong> nudi impresivno <strong>14.000 pufov<\/strong>, popolno za dolgotrajno u\u017eivanje brez pogostih zamenjav.<\/p>\n<p><strong>Q2: Katere okuse je na voljo za Elf Box RGB 14000 Pro Disposable Vape?<\/strong><br \/>\nA2: U\u017eivajte v razli\u010dnih okusih, vklju\u010dno z <strong>Jagoda Lubenica<\/strong>, <strong>Blue Razz Ice<\/strong>, <strong>Grape Ice<\/strong>, <strong>Breskev Mango<\/strong>, in <strong>Meta Led<\/strong>\u2014za vsakogar nekaj!<\/p>\n<p><strong>Q3: Kak\u0161na je kapaciteta e teko\u010dine za Elf Box RGB 14000 Pro Vape Pod?<\/strong><br \/>\nA3: Naprava ima <strong>25 ml kapacitete e teko\u010dine<\/strong>, kar zmanj\u0161uje potrebo po stalnih polnjenjih in pove\u010duje va\u0161e izku\u0161nje z vapingom.<\/p>\n<p><strong>Q4: Kak\u0161ne jakosti nikotina so na voljo v Elf Box VAPE RGB 14000 Puff Disposable Vape?<\/strong><br \/>\nLahko izberete med <strong>0%, 2%, 3% in 5% ravneh nikotina<\/strong>, ki vam omogo\u010da, da najdete popolno mo\u010d za va\u0161e potrebe vapinga.<\/p>\n<p><strong>Q5: Kako funkcija RGB svetlobe izbolj\u0161a Elf Box RGB 14000 Puffs Vape Pod?<\/strong><br \/>\nA5: \u017divahna <strong>RGB osvetlitvijo<\/strong> doda zabaven in stiliran pridih va\u0161emu vapingu, zaradi \u010desar je viden kjerkoli \u017ee ste!<\/p>\n<p><strong>Q6: Je Elf Box RGB 14000 Pro Disposable Vape polnjen?<\/strong><br \/>\nO6: Da, naprava je opremljena z <strong>600mAh polnljiva baterija<\/strong> in funkcije <strong>polnjenja Type-C<\/strong> za hitro in enostavno polnjenje.<\/p>\n<p><strong>Q7: Ali lahko kupim Elf Box RGB 14000 Puffs E cigarete na debelo?<\/strong><br \/>\nA7: Seveda! Ponujamo veleprodajne mo\u017enosti za <strong>Elf Box RGB 14000 Puffs E cigarete<\/strong>, popolno za prodajalce, ki \u017eelijo zalogo te priljubljene vape naprave.<\/p>\n<\/div>\n<\/div>\n<\/div>\n<\/div>\n<div class=\"group\/conversation-turn relative flex w-full min-w-0 flex-col agent-turn\">\n<div class=\"flex-col gap-1 md:gap-3\">\n<div class=\"flex max-w-full flex-col flex-grow\">\n<div class=\"min-h-8 text-message flex w-full flex-col items-end gap-2 whitespace-normal break-words [.text-message+&amp;]:mt-5\" dir=\"auto\" data-message-author-role=\"assistant\" data-message-id=\"f226d3fc-81f3-46d5-8c46-31787fff0357\">\n<div class=\"flex w-full flex-col gap-1 empty:hidden first:pt-[3px]\">\n<div class=\"markdown prose w-full break-words dark:prose-invert light\">\n<p>&nbsp;<\/p>\n<\/div>\n<\/div>\n<\/div>\n<\/div>\n<\/div>\n<\/div>\n<h3>O po\u0161iljanju<\/h3>\n<div class=\"flex-shrink-0 flex flex-col relative items-end\">\n<div>\n<div class=\"pt-0\">\n<div class=\"gizmo-bot-avatar flex h-8 w-8 items-center justify-center overflow-hidden rounded-full\">\n<div><\/div>\n<div class=\"relative p-1 rounded-sm flex items-center justify-center bg-token-main-surface-primary text-token-text-primary h-8 w-8\"><strong>1. Katere metode po\u0161iljanja se uporabljajo?<\/strong><\/div>\n<\/div>\n<\/div>\n<\/div>\n<\/div>\n<div class=\"group\/conversation-turn relative flex w-full min-w-0 flex-col agent-turn\">\n<div class=\"flex-col gap-1 md:gap-3\">\n<div class=\"flex max-w-full flex-col flex-grow\">\n<div class=\"min-h-[20px] text-message flex w-full flex-col items-end gap-2 whitespace-normal break-words [.text-message+&amp;]:mt-5 overflow-x-auto\" dir=\"auto\" data-message-author-role=\"assistant\" data-message-id=\"22f8283b-3233-46ff-89a5-c7a41b33abda\">\n<div class=\"flex w-full flex-col gap-1 empty:hidden first:pt-[3px]\">\n<div class=\"markdown prose w-full break-words dark:prose-invert light\">\n<p>Sodelujemo z UPS, DHL, FedEx, DPD in drugimi vodilnimi prevozniki. Izbrali bomo najbolj\u0161i na\u010din po\u0161iljanja glede na va\u0161o lokacijo dostave, da zagotovimo, da boste izdelke prejeli \u010dim hitreje.<\/p>\n<\/div>\n<p><strong>2. Kako dolgo traja, da prispe?<\/strong><\/p>\n<p>Paketi, poslani v Slovenijo, obi\u010dajno prispejo v 10 delovnih dneh. Po\u0161iljanje v evropske dr\u017eave obi\u010dajno traja pribli\u017eno 12-15 delovnih dni. Zagotovili vam bomo sprotne posodobitve o statusu va\u0161ega po\u0161iljanja.<\/p>\n<\/div>\n<\/div>\n<\/div>\n<\/div>\n<\/div>\n<p>&nbsp;<\/p>\n<p>Drugi vro\u010d prodajni vape, ki vam bo morda v\u0161e\u010d:<\/p>\n<p><a href=\"https:\/\/rmvapesale.com\/sl\/product\/waspe-12000-puffs-disposable-vape-pen\/\"><strong>WASPE 12000 Puffs\u00a0 \u00a0<span style=\"color: #ff0000\">&gt;&gt;&gt;&gt; pojdi!<\/span><\/strong><\/a><\/p>\n<p><strong><a href=\"https:\/\/rmvapesale.com\/sl\/product\/waspe-fihp-30000-puffs-led-display-disposable-vape-box\/\">WASPE FIHP 30000 Puffs <span style=\"color: #ff0000\">&gt;&gt;&gt;&gt; pojdi!<\/span><\/a>\u00a0<\/strong><\/p>\n<h2 class=\"woocommerce-loop-product__title\"><a style=\"font-size: 16px\" href=\"https:\/\/rmvapesale.com\/sl\/product\/bang-box-30000-puff-double-taste-smart-screen-disposable-vape-wholesale\/\"><strong>Bang Box 30000 Vdihov Dvojni Okus <span style=\"color: #ff0000\">&gt;&gt;&gt;&gt; pojdi!<\/span><\/strong><\/a><\/h2>\n<p>&nbsp;<\/p>\n<p>&nbsp;<\/p>\n<p>Poi\u0161\u010di ve\u010d izdelkov Vape, ki so ti morda v\u0161e\u010d:<strong><em><a href=\"https:\/\/rmvapesale.com\/sl\/shop-2\/\">nakupuj zdaj &gt;&gt;&gt;<\/a><\/em><\/strong><\/p>","protected":false},"excerpt":{"rendered":"<p>Elf Box RGB14000 Pufov Enkratna Vapa z Nizko Nikotinom na Veliko<br \/>\nElf Box Vape RGB 14000 Pro Pufov Enkratne E-Cigarete Okusi<br \/>\nELF Box RGB 14000 Pufov Enkratna Vapa na Veliko<\/p>\n<p><img loading=\"lazy\" decoding=\"async\" class=\"size-full wp-image-1978\" src=\"https:\/\/rmvapesale.com\/wp-content\/uploads\/2024\/09\/Disposable-Vape-Wholesale.jpg\" alt=\"Vape za enkratno uporabo na debelo\" width=\"229\" height=\"300\" \/><\/p>\n<h3><a href=\"https:\/\/wa.me\/8617776015835\"><span style=\"color: #ff0000\"><strong>WhatsApp: +86 17776015835<\/strong><\/span><\/a><\/h3>\n<p>&nbsp;<\/p>","protected":false},"featured_media":2335,"comment_status":"open","ping_status":"closed","template":"","meta":{"_uag_custom_page_level_css":"","_lmt_disableupdate":"","_lmt_disable":"","site-sidebar-layout":"default","site-content-layout":"content-boxed-container","ast-site-content-layout":"normal-width-container","site-content-style":"boxed","site-sidebar-style":"unboxed","ast-global-header-display":"","ast-banner-title-visibility":"","ast-main-header-display":"","ast-hfb-above-header-display":"","ast-hfb-below-header-display":"","ast-hfb-mobile-header-display":"","site-post-title":"","ast-breadcrumbs-content":"","ast-featured-img":"","footer-sml-layout":"","ast-disable-related-posts":"","theme-transparent-header-meta":"default","adv-header-id-meta":"","stick-header-meta":"","header-above-stick-meta":"","header-main-stick-meta":"","header-below-stick-meta":"","astra-migrate-meta-layouts":"set","ast-page-background-enabled":"default","ast-page-background-meta":{"desktop":{"background-color":"var(--ast-global-color-4)","background-image":"","background-repeat":"repeat","background-position":"center center","background-size":"auto","background-attachment":"scroll","background-type":"","background-media":"","overlay-type":"","overlay-color":"","overlay-opacity":"","overlay-gradient":""},"tablet":{"background-color":"","background-image":"","background-repeat":"repeat","background-position":"center center","background-size":"auto","background-attachment":"scroll","background-type":"","background-media":"","overlay-type":"","overlay-color":"","overlay-opacity":"","overlay-gradient":""},"mobile":{"background-color":"","background-image":"","background-repeat":"repeat","background-position":"center center","background-size":"auto","background-attachment":"scroll","background-type":"","background-media":"","overlay-type":"","overlay-color":"","overlay-opacity":"","overlay-gradient":""}},"ast-content-background-meta":{"desktop":{"background-color":"var(--ast-global-color-5)","background-image":"","background-repeat":"repeat","background-position":"center center","background-size":"auto","background-attachment":"scroll","background-type":"","background-media":"","overlay-type":"","overlay-color":"","overlay-opacity":"","overlay-gradient":""},"tablet":{"background-color":"var(--ast-global-color-5)","background-image":"","background-repeat":"repeat","background-position":"center center","background-size":"auto","background-attachment":"scroll","background-type":"","background-media":"","overlay-type":"","overlay-color":"","overlay-opacity":"","overlay-gradient":""},"mobile":{"background-color":"var(--ast-global-color-5)","background-image":"","background-repeat":"repeat","background-position":"center center","background-size":"auto","background-attachment":"scroll","background-type":"","background-media":"","overlay-type":"","overlay-color":"","overlay-opacity":"","overlay-gradient":""}},"_joinchat":[]},"product_brand":[],"product_cat":[15,60,128,27,25,123,30,26,28],"product_tag":[131,66,125,126,130,129,101,105,120],"class_list":{"0":"post-2336","1":"product","2":"type-product","3":"status-publish","4":"has-post-thumbnail","6":"product_cat-new-vape-this-week","7":"product_cat-bang-vapes","8":"product_cat-elf-box-disposable-vapes","9":"product_cat-fance-hot-sale-vape","10":"product_cat-germany-best-selling-vape","11":"product_cat-italy-wholesale-vape","12":"product_cat-minimum-order-quantity-50pcs","13":"product_cat-netherlands-hot-sale-vape","14":"product_cat-poland-hot-sale-vape","15":"product_tag-big-puff-vape","16":"product_tag-disposable-vape","17":"product_tag-disposable-vape-italy","18":"product_tag-e-cigarettes","19":"product_tag-elf-box","20":"product_tag-elf-box-vape","21":"product_tag-led-display-vape","22":"product_tag-nicotine-free-disposable-vape","23":"product_tag-vape-wholesale","24":"desktop-align-left","25":"tablet-align-left","26":"mobile-align-left","28":"first","29":"instock","30":"sale","31":"shipping-taxable","32":"purchasable","33":"product-type-simple"},"uagb_featured_image_src":{"full":["https:\/\/rmvapesale.com\/wp-content\/uploads\/2024\/10\/ELF-BOX-Vape-RGB14000-pro.png",800,800,false],"thumbnail":["https:\/\/rmvapesale.com\/wp-content\/uploads\/2024\/10\/ELF-BOX-Vape-RGB14000-pro-150x150.png",150,150,true],"medium":["https:\/\/rmvapesale.com\/wp-content\/uploads\/2024\/10\/ELF-BOX-Vape-RGB14000-pro-300x300.png",300,300,true],"medium_large":["https:\/\/rmvapesale.com\/wp-content\/uploads\/2024\/10\/ELF-BOX-Vape-RGB14000-pro-768x768.png",768,768,true],"large":["https:\/\/rmvapesale.com\/wp-content\/uploads\/2024\/10\/ELF-BOX-Vape-RGB14000-pro.png",800,800,false],"1536x1536":["https:\/\/rmvapesale.com\/wp-content\/uploads\/2024\/10\/ELF-BOX-Vape-RGB14000-pro.png",800,800,false],"2048x2048":["https:\/\/rmvapesale.com\/wp-content\/uploads\/2024\/10\/ELF-BOX-Vape-RGB14000-pro.png",800,800,false],"trp-custom-language-flag":["https:\/\/rmvapesale.com\/wp-content\/uploads\/2024\/10\/ELF-BOX-Vape-RGB14000-pro.png",12,12,false],"woocommerce_thumbnail":["https:\/\/rmvapesale.com\/wp-content\/uploads\/2024\/10\/ELF-BOX-Vape-RGB14000-pro-300x300.png",300,300,true],"woocommerce_single":["https:\/\/rmvapesale.com\/wp-content\/uploads\/2024\/10\/ELF-BOX-Vape-RGB14000-pro-600x600.png",600,600,true],"woocommerce_gallery_thumbnail":["https:\/\/rmvapesale.com\/wp-content\/uploads\/2024\/10\/ELF-BOX-Vape-RGB14000-pro-100x100.png",100,100,true],"wcpr-photo-reviews":["https:\/\/rmvapesale.com\/wp-content\/uploads\/2024\/10\/ELF-BOX-Vape-RGB14000-pro.png",500,500,false]},"uagb_author_info":{"display_name":"AMY","author_link":"https:\/\/rmvapesale.com\/sl\/author\/"},"uagb_comment_info":0,"uagb_excerpt":"Elf Box RGB14000 Puff Low Nicotine Disposable Vape Bulk Buy Elf Box Vape RGB 14000 Pro Puffs Disposable E Cigarettes Flavor ELF Box RGB 14000 Puffs Disposable Vape Wholesale WhatsApp: +86 17776015835 &nbsp;","_links":{"self":[{"href":"https:\/\/rmvapesale.com\/sl\/wp-json\/wp\/v2\/product\/2336","targetHints":{"allow":["GET"]}}],"collection":[{"href":"https:\/\/rmvapesale.com\/sl\/wp-json\/wp\/v2\/product"}],"about":[{"href":"https:\/\/rmvapesale.com\/sl\/wp-json\/wp\/v2\/types\/product"}],"replies":[{"embeddable":true,"href":"https:\/\/rmvapesale.com\/sl\/wp-json\/wp\/v2\/comments?post=2336"}],"wp:featuredmedia":[{"embeddable":true,"href":"https:\/\/rmvapesale.com\/sl\/wp-json\/wp\/v2\/media\/2335"}],"wp:attachment":[{"href":"https:\/\/rmvapesale.com\/sl\/wp-json\/wp\/v2\/media?parent=2336"}],"wp:term":[{"taxonomy":"product_brand","embeddable":true,"href":"https:\/\/rmvapesale.com\/sl\/wp-json\/wp\/v2\/product_brand?post=2336"},{"taxonomy":"product_cat","embeddable":true,"href":"https:\/\/rmvapesale.com\/sl\/wp-json\/wp\/v2\/product_cat?post=2336"},{"taxonomy":"product_tag","embeddable":true,"href":"https:\/\/rmvapesale.com\/sl\/wp-json\/wp\/v2\/product_tag?post=2336"}],"curies":[{"name":"wp","href":"https:\/\/api.w.org\/{rel}","templated":true}]}}